{"id":18277,"date":"2024-05-23T15:23:20","date_gmt":"2024-05-23T13:23:20","guid":{"rendered":"https:\/\/vondetech.com\/duomenu-tvarkymo-sutartis-dpa\/"},"modified":"2025-03-20T10:12:12","modified_gmt":"2025-03-20T09:12:12","slug":"duomenu-tvarkymo-sutartis-dpa","status":"publish","type":"page","link":"https:\/\/vondetech.com\/lt\/duomenu-tvarkymo-sutartis-dpa\/","title":{"rendered":"Duomen\u0173 tvarkymo sutartis (DPA) d\u0117l &#8220;Vonde Pro&#8221; program\u0117l\u0117s"},"content":{"rendered":"<div class=\"wpb-content-wrapper\"><p>[vc_row][vc_column][vc_empty_space][vc_column_text el_class=&#8221;legal-text&#8221;]<strong>\u012esigaliojimo data:<\/strong> 2025 m. kovo 17 d.<\/p>\n<p>\u0160i\u0105 duomen\u0173 tvarkymo sutart\u012f (toliau &#8211; Sutartis) sudaro:<\/p>\n<p><strong>Duomen\u0173 valdytojas:<\/strong> &#8220;Vonde Technology&#8221; paslaug\u0173 naudotojas arba klientas (&#8220;Duomen\u0173 valdytojas&#8221;)<\/p>\n<p>ir<\/p>\n<p><strong>Duomen\u0173 tvarkytojas:<\/strong> Kelet-Magyarorsz\u00e1gi Adatk\u00f6zpont Kft. (&#8220;Duomen\u0173 tvarkytojas&#8221;) <\/p>\n<ol>\n<li><strong>  Apibr\u0117\u017etys<\/strong><\/li>\n<\/ol>\n<p>\u0160iai Sutar\u010diai taikomos BDAR (Reglamentas ES 2016\/679) apibr\u0117\u017etos s\u0105vokos:<\/p>\n<ul>\n<li>&#8220;Asmens duomenys&#8221; &#8211; bet kokia informacija, susijusi su identifikuotu ar identifikuojamu fiziniu asmeniu.<\/li>\n<li>&#8220;Tvarkymas&#8221; &#8211; bet kokia su Asmens duomenimis atliekama operacija, pavyzd\u017eiui, duomen\u0173 rinkimas, saugojimas, keitimas, perdavimas ar i\u0161trynimas.<\/li>\n<li>&#8220;Duomen\u0173 saugumo pa\u017eeidimas&#8221;: Neteis\u0117ta prieiga prie asmens duomen\u0173, j\u0173 keitimas, atskleidimas ar praradimas.<\/li>\n<\/ul>\n<ol start=\"2\">\n<li><strong>  Apdorojimo objektas ir trukm\u0117<\/strong><\/li>\n<\/ol>\n<p>Duomen\u0173 tvarkytojas tvarko asmens duomenis tik \u0161ioms paslaugoms teikti:<\/p>\n<ul>\n<li>Skaitmenini\u0173 vizitini\u0173 korteli\u0173 (Biopage) k\u016brimas ir valdymas<\/li>\n<li>URL trumpinimas<\/li>\n<li>NFC ir QR kod\u0173 valdymas<\/li>\n<li>&#8220;Apple&#8221; \/ &#8220;Google&#8221; pinigin\u0117s integracija<\/li>\n<\/ul>\n<p>Duomenys tvarkomi tol, kol teikiamos paslaugos arba kol Duomen\u0173 valdytojas nutraukia paslaug\u0173 teikim\u0105.<\/p>\n<ol start=\"3\">\n<li><strong>  Tvarkom\u0173 asmens duomen\u0173 kategorijos<\/strong><\/li>\n<\/ol>\n<ul>\n<li>Kontaktin\u0117 informacija: Vardas ir pavard\u0117, el. pa\u0161to adresas, telefono numeris<\/li>\n<li>Sandorio ir prenumeratos duomenys (jei taikoma)<\/li>\n<li>Techniniai duomenys: IP adresai, \u012frenginio identifikatoriai, operacin\u0117s sistemos informacija<\/li>\n<li>Naudojimo duomenys ir analiz\u0117<\/li>\n<\/ul>\n<ol start=\"4\">\n<li><strong>  Duomen\u0173 tvarkytojo prievol\u0117s<\/strong><\/li>\n<\/ol>\n<p>Duomen\u0173 tvarkytojas sutinka:<\/p>\n<ul>\n<li>tvarkyti asmens duomenis tik pagal dokumentais patvirtintus duomen\u0173 valdytojo nurodymus.<\/li>\n<li>u\u017etikrinti grie\u017et\u0105 asmens duomen\u0173 konfidencialum\u0105.<\/li>\n<li>U\u017etikrinti, kad visi asmens duomenis tvarkantys darbuotojai laikyt\u0173si konfidencialumo \u012fsipareigojim\u0173.<\/li>\n<li>\u012egyvendinti tinkamas technines ir organizacines asmens duomen\u0173 apsaugos priemones, \u012fskaitant, bet neapsiribojant, \u0161ifravim\u0105, saug\u0173 saugojim\u0105, prieigos kontrol\u0119 ir reguliar\u0173 saugumo audit\u0105.<\/li>\n<li>nedelsiant ir nepagr\u012fstai nedelsdami prane\u0161ti duomen\u0173 valdytojui apie duomen\u0173 saugumo pa\u017eeidimus ir pateikti vis\u0105 reikaling\u0105 informacij\u0105, kad pad\u0117t\u0173 duomen\u0173 valdytojui \u012fvykdyti savo pareigas pagal BDAR.<\/li>\n<li>leisti Duomen\u0173 valdytojui atlikti audit\u0105 ar patikrinimus, i\u0161 anksto apie tai prane\u0161us, kad b\u016bt\u0173 patikrinta, kaip laikomasi \u0161ios Sutarties.<\/li>\n<li>Nedelsiant informuoti duomen\u0173 valdytoj\u0105 apie bet kokius duomen\u0173 subjekt\u0173 ar institucij\u0173 pra\u0161ymus, susijusius su tvarkomais asmens duomenimis.<\/li>\n<li>laikytis BDAR ir vis\u0173 kit\u0173 taikom\u0173 duomen\u0173 apsaugos \u012fstatym\u0173 ir reglament\u0173.<\/li>\n<\/ul>\n<ol start=\"5\">\n<li><strong>  Subprocesoriai<\/strong><\/li>\n<\/ol>\n<p>Duomen\u0173 tvarkytojas gali pasitelkti \u0161iuos pagalbinius duomen\u0173 tvarkytojus:<\/p>\n<ul>\n<li>&#8220;Amazon Web Services&#8221; (AWS): debesijos infrastrukt\u016bros teik\u0117jas<\/li>\n<li>&#8220;Google&#8221; (&#8220;Firebase&#8221;, &#8220;AdMob&#8221;, &#8220;Analytics&#8221;): analiz\u0117s ir reklamos paslaugos.<\/li>\n<\/ul>\n<p>Duomen\u0173 tvarkytojas u\u017etikrina, kad antriniai duomen\u0173 tvarkytojai laikyt\u0173si t\u0173 pa\u010di\u0173 \u0161ioje sutartyje nurodyt\u0173 duomen\u0173 apsaugos \u012fsipareigojim\u0173, ir lieka atsakingas u\u017e j\u0173 veiksmus ir neveikim\u0105. Duomen\u0173 tvarkytojas pateikia Duomen\u0173 valdytojui subtiek\u0117j\u0173 s\u0105ra\u0161\u0105 ir informuoja Duomen\u0173 valdytoj\u0105 apie bet kokius numatomus pakeitimus, susijusius su kit\u0173 subtiek\u0117j\u0173 \u012ftraukimu ar pakeitimu, taip suteikdamas Duomen\u0173 valdytojui galimyb\u0119 prie\u0161tarauti tokiems pakeitimams. <\/p>\n<ol start=\"6\">\n<li><strong>  Duomen\u0173 perdavimas<\/strong><\/li>\n<\/ol>\n<p>Tarptautiniai duomen\u0173 perdavimai atitiks BDAR standartus ir apims apsaugos priemones, pavyzd\u017eiui, ES standartines sutar\u010di\u0173 s\u0105lygas arba kitus tinkamus perdavimo mechanizmus, kad b\u016bt\u0173 u\u017etikrintas tinkamas apsaugos lygis.<\/p>\n<ol start=\"6\">\n<li><strong>  Duomen\u0173 valdytojo pareigos<\/strong><\/li>\n<\/ol>\n<p>Duomen\u0173 valdytojas yra atsakingas u\u017e:<\/p>\n<ul>\n<li>U\u017etikrinti galiojant\u012f teisin\u012f pagrind\u0105 asmens duomenims tvarkyti.<\/li>\n<li>skaidrus duomen\u0173 subjekt\u0173 informavimas apie duomen\u0173 tvarkymo veikl\u0105.<\/li>\n<li>reagavimas \u012f duomen\u0173 subjekt\u0173 pra\u0161ymus ir \u012fsipareigojim\u0173 pagal BDAR arba atitinkamus duomen\u0173 apsaugos reglamentus vykdymas, \u012fskaitant, bet neapsiribojant prieigos suteikimu, i\u0161taisymu, i\u0161trynimu, apribojimu, perkeliamumu ir teise nesutikti su duomen\u0173 tvarkymu.<\/li>\n<\/ul>\n<ol start=\"7\">\n<li><strong>  Saugumo priemon\u0117s<\/strong><\/li>\n<\/ol>\n<p>Duomen\u0173 tvarkytojas \u012fgyvendina technines ir organizacines priemones asmens duomen\u0173 saugumui u\u017etikrinti, \u012fskaitant:<\/p>\n<ul>\n<li>Asmens duomen\u0173 \u0161ifravimas tiek perduodant, tiek ramyb\u0117s b\u016bsenoje.<\/li>\n<li>Saugus asmens duomen\u0173 saugojimas.<\/li>\n<li>Prieigos prie asmens duomen\u0173 kontrol\u0117, apribojant prieig\u0105 tik \u012fgaliotiems darbuotojams.<\/li>\n<li>Reguliariai atliekami saugumo auditai ir pa\u017eeid\u017eiamumo vertinimai.<\/li>\n<li>tinkam\u0173 autentifikavimo ir autorizavimo mechanizm\u0173 \u012fdiegimas.<\/li>\n<li>Reguliarios duomen\u0173 atsargin\u0117s kopijos ir atk\u016brimo po nelaim\u0117s proced\u016bros.<\/li>\n<\/ul>\n<ol start=\"8\">\n<li><strong>  Prane\u0161imas apie duomen\u0173 saugumo pa\u017eeidim\u0105<\/strong><\/li>\n<\/ol>\n<p>Duomen\u0173 saugumo pa\u017eeidimo atveju duomen\u0173 tvarkytojas nepagr\u012fstai nedelsdamas ir bet kuriuo atveju per 72 valandas nuo tada, kai su\u017einojo apie pa\u017eeidim\u0105, apie tai prane\u0161a duomen\u0173 valdytojui. Prane\u0161ime bus pateikta visa atitinkama informacija, kurios reikalaujama pagal BDAR, pavyzd\u017eiui, pa\u017eeidimo pob\u016bdis, susijusi\u0173 duomen\u0173 subjekt\u0173 kategorijos ir skai\u010dius, tik\u0117tinos pasekm\u0117s ir priemon\u0117s, kuri\u0173 imtasi arba si\u016bloma imtis pa\u017eeidimui pa\u0161alinti. Duomen\u0173 tvarkytojas visapusi\u0161kai bendradarbiaus su duomen\u0173 valdytoju, kad b\u016bt\u0173 pa\u0161alintas ir su\u0161velnintas pa\u017eeidimas.  <\/p>\n<ol start=\"8\">\n<li><strong>  Duomen\u0173 subjekto teis\u0117s<\/strong><\/li>\n<\/ol>\n<p>Duomen\u0173 tvarkytojas padeda duomen\u0173 valdytojui vykdyti \u012fsipareigojimus, susijusius su duomen\u0173 subjekt\u0173 teis\u0117mis, \u012fskaitant prieig\u0105, i\u0161taisym\u0105, i\u0161trynim\u0105, apribojim\u0105, perkeliamum\u0105 ir prie\u0161taravim\u0105 duomen\u0173 tvarkymui, suteikdamas duomen\u0173 valdytojui reikiam\u0105 informacij\u0105 ir priemones, kad jis gal\u0117t\u0173 atsakyti \u012f duomen\u0173 subjekt\u0173 pra\u0161ymus.<\/p>\n<ol start=\"9\">\n<li><strong>  Nutraukimas ir duomen\u0173 i\u0161trynimas<\/strong><\/li>\n<\/ol>\n<p>Nutraukus paslaugos teikim\u0105, duomen\u0173 tvarkytojas, remdamasis dokumentais pagr\u012fstais duomen\u0173 valdytojo nurodymais, i\u0161trina arba gr\u0105\u017eina visus asmens duomenis, i\u0161skyrus atvejus, kai saugoti duomenis reikalaujama pagal S\u0105jungos arba valstyb\u0117s nar\u0117s teis\u0119, kuri taikoma duomen\u0173 tvarkytojui.<\/p>\n<ol start=\"10\">\n<li><strong>  Auditai ir patikrinimai<\/strong><\/li>\n<\/ol>\n<p>Duomen\u0173 valdytojas, i\u0161 anksto ra\u0161tu prane\u0161\u0119s, gali atlikti audit\u0105, kad patikrint\u0173, ar laikomasi \u0161io Susitarimo. Duomen\u0173 tvarkytojas teikia pagr\u012fst\u0105 pagalb\u0105 ir prieig\u0105 prie informacijos, reikalingos Duomen\u0173 valdytojui tokiems auditams atlikti. <\/p>\n<ol start=\"10\">\n<li><strong>  Tarptautiniai pervedimai<\/strong><\/li>\n<\/ol>\n<p>Duomen\u0173 tvarkytojas u\u017etikrina atitikt\u012f tarptautiniams duomen\u0173 perdavimo standartams, \u012fskaitant standartini\u0173 sutar\u010di\u0173 s\u0105lyg\u0173 ar kit\u0173 tinkam\u0173 mechanizm\u0173 naudojim\u0105, ir prireikus \u012fgyvendins papildomas apsaugos priemones, kad u\u017etikrint\u0173 tinkam\u0105 asmens duomen\u0173, perduodam\u0173 u\u017e Europos ekonomin\u0117s erdv\u0117s (EEE) rib\u0173, apsaugos lyg\u012f.<\/p>\n<ol start=\"10\">\n<li><strong>  Prane\u0161imas apie duomen\u0173 saugumo pa\u017eeidim\u0105<\/strong><\/li>\n<\/ol>\n<p>Duomen\u0173 tvarkytojas nepagr\u012fstai nedelsdamas ir bet kuriuo atveju per 72 valandas nuo su\u017einojimo apie pa\u017eeidim\u0105 prane\u0161a duomen\u0173 valdytojui apie bet kok\u012f duomen\u0173 saugumo pa\u017eeidim\u0105 ir visapusi\u0161kai bendradarbiauja \u0161alinant ir ma\u017einant pa\u017eeidimo padarinius.<\/p>\n<ol start=\"11\">\n<li><strong>  Taikytina teis\u0117<\/strong><\/li>\n<\/ol>\n<p>\u0160i\u0105 Sutart\u012f reglamentuoja galiojantys ES duomen\u0173 apsaugos \u012fstatymai, \u012fskaitant BDAR, ir bet kokie kiti atitinkami jurisdikcijos teis\u0117s aktai.<\/p>\n<ol start=\"12\">\n<li><strong>  \u0160ios Sutarties atnaujinimai<\/strong><\/li>\n<\/ol>\n<p>Pasiliekame teis\u0119 periodi\u0161kai atnaujinti \u0161i\u0105 Sutart\u012f. Apie atnaujinimus bus ai\u0161kiai prane\u0161ta Duomen\u0173 valdytojui, o Duomen\u0173 valdytojas turi teis\u0119 prie\u0161tarauti tokiems pakeitimams. <\/p>\n<ol start=\"12\">\n<li><strong>  Kontaktin\u0117 informacija<\/strong><\/li>\n<\/ol>\n<p>D\u0117l bet koki\u0173 klausim\u0173, susijusi\u0173 su \u0161ia Duomen\u0173 tvarkymo sutartimi, kreipkit\u0117s \u012f:<\/p>\n<p>KMAK Kelet-Magyarorsz\u00e1gi Adatk\u00f6zpont Kft.<\/p>\n<p>H-5000 Szolnok, Szap\u00e1ry utca 20.<\/p>\n<p>El. pa\u0161tas: info@vondetechnology.com<\/p>\n<p>Naudodamosi &#8220;Vonde Technology&#8221; paslaugomis, abi \u0161alys sutinka laikytis \u0161ioje duomen\u0173 tvarkymo sutartyje nurodyt\u0173 s\u0105lyg\u0173.[\/vc_column_text][\/vc_column][\/vc_row]<\/p>\n<\/div>","protected":false},"excerpt":{"rendered":"<p>[vc_row][vc_column][vc_empty_space][vc_column_text el_class=&#8221;legal-text&#8221;]\u012esigaliojimo data: 2025 m. kovo 17 d. \u0160i\u0105 duomen\u0173 tvarkymo sutart\u012f (toliau &#8211; Sutartis) sudaro: Duomen\u0173 valdytojas: &#8220;Vonde Technology&#8221; paslaug\u0173 naudotojas arba klientas (&#8220;Duomen\u0173 valdytojas&#8221;) ir Duomen\u0173 tvarkytojas: Kelet-Magyarorsz\u00e1gi Adatk\u00f6zpont Kft. (&#8220;Duomen\u0173 tvarkytojas&#8221;) Apibr\u0117\u017etys \u0160iai Sutar\u010diai taikomos BDAR (Reglamentas ES 2016\/679) apibr\u0117\u017etos s\u0105vokos: &#8220;Asmens duomenys&#8221; &#8211; bet kokia informacija, susijusi su identifikuotu ar identifikuojamu [&hellip;]<\/p>\n","protected":false},"author":1,"featured_media":0,"parent":0,"menu_order":0,"comment_status":"closed","ping_status":"closed","template":"","meta":{"footnotes":""},"class_list":["post-18277","page","type-page","status-publish","hentry"],"yoast_head":"<!-- This site is optimized with the Yoast SEO plugin v24.7 - https:\/\/yoast.com\/wordpress\/plugins\/seo\/ -->\n<title>Duomen\u0173 tvarkymo sutartis (DPA) d\u0117l &quot;Vonde Pro&quot; program\u0117l\u0117s - Vondetech<\/title>\n<meta name=\"robots\" content=\"index, follow, max-snippet:-1, max-image-preview:large, max-video-preview:-1\" \/>\n<link rel=\"canonical\" href=\"https:\/\/vondetech.com\/lt\/duomenu-tvarkymo-sutartis-dpa\/\" \/>\n<meta property=\"og:locale\" content=\"lt_LT\" \/>\n<meta property=\"og:type\" content=\"article\" \/>\n<meta property=\"og:title\" content=\"Duomen\u0173 tvarkymo sutartis (DPA) d\u0117l &quot;Vonde Pro&quot; program\u0117l\u0117s - Vondetech\" \/>\n<meta property=\"og:description\" content=\"[vc_row][vc_column][vc_empty_space][vc_column_text el_class=&#8221;legal-text&#8221;]\u012esigaliojimo data: 2025 m. kovo 17 d. \u0160i\u0105 duomen\u0173 tvarkymo sutart\u012f (toliau &#8211; Sutartis) sudaro: Duomen\u0173 valdytojas: &#8220;Vonde Technology&#8221; paslaug\u0173 naudotojas arba klientas (&#8220;Duomen\u0173 valdytojas&#8221;) ir Duomen\u0173 tvarkytojas: Kelet-Magyarorsz\u00e1gi Adatk\u00f6zpont Kft. (&#8220;Duomen\u0173 tvarkytojas&#8221;) Apibr\u0117\u017etys \u0160iai Sutar\u010diai taikomos BDAR (Reglamentas ES 2016\/679) apibr\u0117\u017etos s\u0105vokos: &#8220;Asmens duomenys&#8221; &#8211; bet kokia informacija, susijusi su identifikuotu ar identifikuojamu [&hellip;]\" \/>\n<meta property=\"og:url\" content=\"https:\/\/vondetech.com\/lt\/duomenu-tvarkymo-sutartis-dpa\/\" \/>\n<meta property=\"og:site_name\" content=\"Vondetech\" \/>\n<meta property=\"article:modified_time\" content=\"2025-03-20T09:12:12+00:00\" \/>\n<meta name=\"twitter:card\" content=\"summary_large_image\" \/>\n<meta name=\"twitter:label1\" content=\"Est. reading time\" \/>\n\t<meta name=\"twitter:data1\" content=\"5 minut\u0117s\" \/>\n<script type=\"application\/ld+json\" class=\"yoast-schema-graph\">{\"@context\":\"https:\/\/schema.org\",\"@graph\":[{\"@type\":\"WebPage\",\"@id\":\"https:\/\/vondetech.com\/lt\/duomenu-tvarkymo-sutartis-dpa\/\",\"url\":\"https:\/\/vondetech.com\/lt\/duomenu-tvarkymo-sutartis-dpa\/\",\"name\":\"Duomen\u0173 tvarkymo sutartis (DPA) d\u0117l \\\"Vonde Pro\\\" program\u0117l\u0117s - Vondetech\",\"isPartOf\":{\"@id\":\"https:\/\/vondetech.com\/lt\/#website\"},\"datePublished\":\"2024-05-23T13:23:20+00:00\",\"dateModified\":\"2025-03-20T09:12:12+00:00\",\"breadcrumb\":{\"@id\":\"https:\/\/vondetech.com\/lt\/duomenu-tvarkymo-sutartis-dpa\/#breadcrumb\"},\"inLanguage\":\"lt-LT\",\"potentialAction\":[{\"@type\":\"ReadAction\",\"target\":[\"https:\/\/vondetech.com\/lt\/duomenu-tvarkymo-sutartis-dpa\/\"]}]},{\"@type\":\"BreadcrumbList\",\"@id\":\"https:\/\/vondetech.com\/lt\/duomenu-tvarkymo-sutartis-dpa\/#breadcrumb\",\"itemListElement\":[{\"@type\":\"ListItem\",\"position\":1,\"name\":\"Pagrindinis\",\"item\":\"https:\/\/vondetech.com\/lt\/pagrindinis\/\"},{\"@type\":\"ListItem\",\"position\":2,\"name\":\"Duomen\u0173 tvarkymo sutartis (DPA) d\u0117l &#8220;Vonde Pro&#8221; program\u0117l\u0117s\"}]},{\"@type\":\"WebSite\",\"@id\":\"https:\/\/vondetech.com\/lt\/#website\",\"url\":\"https:\/\/vondetech.com\/lt\/\",\"name\":\"Vondetech\",\"description\":\"\",\"potentialAction\":[{\"@type\":\"SearchAction\",\"target\":{\"@type\":\"EntryPoint\",\"urlTemplate\":\"https:\/\/vondetech.com\/lt\/?s={search_term_string}\"},\"query-input\":{\"@type\":\"PropertyValueSpecification\",\"valueRequired\":true,\"valueName\":\"search_term_string\"}}],\"inLanguage\":\"lt-LT\"}]}<\/script>\n<!-- \/ Yoast SEO plugin. -->","yoast_head_json":{"title":"Duomen\u0173 tvarkymo sutartis (DPA) d\u0117l \"Vonde Pro\" program\u0117l\u0117s - Vondetech","robots":{"index":"index","follow":"follow","max-snippet":"max-snippet:-1","max-image-preview":"max-image-preview:large","max-video-preview":"max-video-preview:-1"},"canonical":"https:\/\/vondetech.com\/lt\/duomenu-tvarkymo-sutartis-dpa\/","og_locale":"lt_LT","og_type":"article","og_title":"Duomen\u0173 tvarkymo sutartis (DPA) d\u0117l \"Vonde Pro\" program\u0117l\u0117s - Vondetech","og_description":"[vc_row][vc_column][vc_empty_space][vc_column_text el_class=&#8221;legal-text&#8221;]\u012esigaliojimo data: 2025 m. kovo 17 d. \u0160i\u0105 duomen\u0173 tvarkymo sutart\u012f (toliau &#8211; Sutartis) sudaro: Duomen\u0173 valdytojas: &#8220;Vonde Technology&#8221; paslaug\u0173 naudotojas arba klientas (&#8220;Duomen\u0173 valdytojas&#8221;) ir Duomen\u0173 tvarkytojas: Kelet-Magyarorsz\u00e1gi Adatk\u00f6zpont Kft. (&#8220;Duomen\u0173 tvarkytojas&#8221;) Apibr\u0117\u017etys \u0160iai Sutar\u010diai taikomos BDAR (Reglamentas ES 2016\/679) apibr\u0117\u017etos s\u0105vokos: &#8220;Asmens duomenys&#8221; &#8211; bet kokia informacija, susijusi su identifikuotu ar identifikuojamu [&hellip;]","og_url":"https:\/\/vondetech.com\/lt\/duomenu-tvarkymo-sutartis-dpa\/","og_site_name":"Vondetech","article_modified_time":"2025-03-20T09:12:12+00:00","twitter_card":"summary_large_image","twitter_misc":{"Est. reading time":"5 minut\u0117s"},"schema":{"@context":"https:\/\/schema.org","@graph":[{"@type":"WebPage","@id":"https:\/\/vondetech.com\/lt\/duomenu-tvarkymo-sutartis-dpa\/","url":"https:\/\/vondetech.com\/lt\/duomenu-tvarkymo-sutartis-dpa\/","name":"Duomen\u0173 tvarkymo sutartis (DPA) d\u0117l \"Vonde Pro\" program\u0117l\u0117s - Vondetech","isPartOf":{"@id":"https:\/\/vondetech.com\/lt\/#website"},"datePublished":"2024-05-23T13:23:20+00:00","dateModified":"2025-03-20T09:12:12+00:00","breadcrumb":{"@id":"https:\/\/vondetech.com\/lt\/duomenu-tvarkymo-sutartis-dpa\/#breadcrumb"},"inLanguage":"lt-LT","potentialAction":[{"@type":"ReadAction","target":["https:\/\/vondetech.com\/lt\/duomenu-tvarkymo-sutartis-dpa\/"]}]},{"@type":"BreadcrumbList","@id":"https:\/\/vondetech.com\/lt\/duomenu-tvarkymo-sutartis-dpa\/#breadcrumb","itemListElement":[{"@type":"ListItem","position":1,"name":"Pagrindinis","item":"https:\/\/vondetech.com\/lt\/pagrindinis\/"},{"@type":"ListItem","position":2,"name":"Duomen\u0173 tvarkymo sutartis (DPA) d\u0117l &#8220;Vonde Pro&#8221; program\u0117l\u0117s"}]},{"@type":"WebSite","@id":"https:\/\/vondetech.com\/lt\/#website","url":"https:\/\/vondetech.com\/lt\/","name":"Vondetech","description":"","potentialAction":[{"@type":"SearchAction","target":{"@type":"EntryPoint","urlTemplate":"https:\/\/vondetech.com\/lt\/?s={search_term_string}"},"query-input":{"@type":"PropertyValueSpecification","valueRequired":true,"valueName":"search_term_string"}}],"inLanguage":"lt-LT"}]}},"_links":{"self":[{"href":"https:\/\/vondetech.com\/lt\/wp-json\/wp\/v2\/pages\/18277","targetHints":{"allow":["GET"]}}],"collection":[{"href":"https:\/\/vondetech.com\/lt\/wp-json\/wp\/v2\/pages"}],"about":[{"href":"https:\/\/vondetech.com\/lt\/wp-json\/wp\/v2\/types\/page"}],"author":[{"embeddable":true,"href":"https:\/\/vondetech.com\/lt\/wp-json\/wp\/v2\/users\/1"}],"replies":[{"embeddable":true,"href":"https:\/\/vondetech.com\/lt\/wp-json\/wp\/v2\/comments?post=18277"}],"version-history":[{"count":6,"href":"https:\/\/vondetech.com\/lt\/wp-json\/wp\/v2\/pages\/18277\/revisions"}],"predecessor-version":[{"id":20045,"href":"https:\/\/vondetech.com\/lt\/wp-json\/wp\/v2\/pages\/18277\/revisions\/20045"}],"wp:attachment":[{"href":"https:\/\/vondetech.com\/lt\/wp-json\/wp\/v2\/media?parent=18277"}],"curies":[{"name":"wp","href":"https:\/\/api.w.org\/{rel}","templated":true}]}}