{"id":18274,"date":"2024-05-23T15:08:00","date_gmt":"2024-05-23T13:08:00","guid":{"rendered":"https:\/\/vondetech.com\/grazinimo-ir-pinigu-grazinimo-politika\/"},"modified":"2025-03-21T07:57:49","modified_gmt":"2025-03-21T06:57:49","slug":"grazinimo-ir-pinigu-grazinimo-politika","status":"publish","type":"page","link":"https:\/\/vondetech.com\/lt\/grazinimo-ir-pinigu-grazinimo-politika\/","title":{"rendered":"Gr\u0105\u017einimo ir at\u0161aukimo taisykl\u0117s Vonde Pro App"},"content":{"rendered":"<div class=\"wpb-content-wrapper\"><p>[vc_row][vc_column][vc_empty_space][vc_column_text el_class=&#8221;legal-text&#8221;]<strong>\u012esigaliojimo data:<\/strong> 2025 m. kovo 17 d.<\/p>\n<ol>\n<li><strong>  \u012evadas<\/strong><\/li>\n<\/ol>\n<p>\u0160ioje Gr\u0105\u017einimo ir at\u0161aukimo politikoje apra\u0161oma tvarka ir s\u0105lygos, susijusios su gr\u0105\u017einimu ir at\u0161aukimu u\u017e &#8220;Vonde Pro&#8221; program\u0117l\u0117je (&#8220;Program\u0117l\u0117&#8221;), kuri\u0105 teikia &#8220;Vonde Technology&#8221; (&#8220;mes&#8221;, &#8220;mus&#8221;, &#8220;m\u016bs\u0173&#8221;), atliktus pirkimus ir prenumeratas. Kadangi &#8220;Vonde Pro&#8221; program\u0117l\u0119 galima \u012fsigyti tik per &#8220;Apple App Store&#8221; ir &#8220;Google Play Store&#8221; parduotuves, visoms operacijoms, at\u0161aukimams ir gr\u0105\u017einimams taikomos atitinkamos parduotuv\u0117s taisykl\u0117s. <\/p>\n<ol start=\"2\">\n<li><strong>  Prenumeratos at\u0161aukimas<\/strong><\/li>\n<\/ol>\n<p>Vartotojai gali bet kuriuo metu at\u0161aukti prenumerat\u0105 naudodamiesi savo &#8220;Apple App Store&#8221; arba &#8220;Google Play Store&#8221; paskyros nustatymais. I\u0161samias instrukcijas rasite \u0161iuose \u0161altiniuose: <\/p>\n<ul>\n<li><strong>&#8220;Apple App Store&#8221;:<\/strong> [https:\/\/support .apple.com\/en-us\/118428]<\/li>\n<li><strong>&#8220;Google Play&#8221; parduotuv\u0117:<\/strong> [https:\/\/support .google.com=&#8221;&#8221;]<\/li>\n<\/ul>\n<p>At\u0161aukimo pra\u0161ymai \u012fsigalioja einamojo atsiskaitymo ciklo pabaigoje. U\u017e nepanaudotus prenumeratos laikotarpius pinigai negr\u0105\u017einami arba gr\u0105\u017einama tik dalis pinig\u0173, nebent to reikalauja teis\u0117s aktai arba &#8220;Apple&#8221; ar &#8220;Google&#8221; pardavimo vietoje ai\u0161kiai nurodo kitaip. <\/p>\n<ol start=\"3\">\n<li><strong>  Gr\u0105\u017einimo teis\u0117<\/strong><\/li>\n<\/ol>\n<p>Gr\u0105\u017einant pinigus u\u017e pirkinius ar prenumeratas, \u012fsigytus per &#8220;Vonde Pro&#8221; program\u0117l\u0119, taikomos &#8220;Apple App Store&#8221; arba &#8220;Google Play&#8221; parduotuv\u0117s, priklausomai nuo to, kur buvo atliktas sandoris, gr\u0105\u017einimo taisykl\u0117s. Apskritai, pinigai gali b\u016bti gr\u0105\u017einami toliau i\u0161vardytomis aplinkyb\u0117mis, kurias nustato &#8220;Apple&#8221; arba &#8220;Google&#8221;: <\/p>\n<ul>\n<li>Technin\u0117s problemos ar Program\u0117l\u0117s veikimo sutrikimai, trukdantys naudotis mokamomis paslaugomis, kuri\u0173 negalime i\u0161spr\u0119sti per pagr\u012fst\u0105 laikotarp\u012f.<\/li>\n<li>Neautorizuotos operacijos, kurios, kaip \u012frodyta, \u012fvyko d\u0117l saugumo pa\u017eeidim\u0173, atsiradusi\u0173 ne d\u0117l naudotojo aplaidumo.<\/li>\n<\/ul>\n<p>Gr\u0105\u017einimo pra\u0161ymai, pagr\u012fsti tik nepasitenkinimu paslauga arba pasikeitusiomis asmenin\u0117mis aplinkyb\u0117mis, paprastai netenkinami, nes juos &#8220;Apple&#8221; arba &#8220;Google&#8221; sprend\u017eia savo nuo\u017ei\u016bra.<\/p>\n<ol start=\"4\">\n<li><strong>  Gr\u0105\u017einimo pra\u0161ymo proced\u016bra<\/strong><\/li>\n<\/ol>\n<p>Visi pra\u0161ymai gr\u0105\u017einti pinigus turi b\u016bti pateikiami laikantis &#8220;Apple App Store&#8221; arba &#8220;Google Play Store&#8221; taisykli\u0173 ir proced\u016br\u0173. Nor\u0117dami pra\u0161yti gr\u0105\u017einti pinigus, vadovaukit\u0117s atitinkamos parduotuv\u0117s pateiktomis instrukcijomis: <\/p>\n<ul>\n<li><strong>&#8220;Apple App Store&#8221;:<\/strong> [https:\/\/support .apple.com\/en-gb\/118223]<\/li>\n<li><strong>&#8220;Google Play&#8221; parduotuv\u0117:<\/strong> [https:\/\/support .google.com=&#8221;&#8221;]<\/li>\n<\/ul>\n<p>Visus prane\u0161imus, susijusius su pra\u0161ymais gr\u0105\u017einti pinigus, reikia si\u0173sti \u012f atitinkam\u0105 program\u0117li\u0173 parduotuv\u0119.<\/p>\n<ol start=\"5\">\n<li><strong>  Gr\u0105\u017einimo apdorojimas<\/strong><\/li>\n<\/ol>\n<p>Patvirtintus gr\u0105\u017einimus &#8220;Apple&#8221; arba &#8220;Google&#8221; apdoros originaliu mok\u0117jimo b\u016bdu. Apdorojimo laikas gali skirtis priklausomai nuo mok\u0117jimo paslaug\u0173 teik\u0117j\u0173 ir program\u0117li\u0173 parduotuv\u0117s taisykli\u0173. <\/p>\n<ol start=\"6\">\n<li><strong>  Apribojimai<\/strong><\/li>\n<\/ol>\n<p>M\u016bs\u0173 bendrov\u0117 pasilieka teis\u0119 atsisakyti pad\u0117ti vykdyti gr\u0105\u017einimo pra\u0161ymus, kurie neatitinka &#8220;Apple App Store&#8221; arba &#8220;Google Play Store&#8221; taisykli\u0173.<\/p>\n<ol start=\"7\">\n<li><strong>  \u0160ios politikos pakeitimai<\/strong><\/li>\n<\/ol>\n<p>\u0160i Gr\u0105\u017einimo ir at\u0161aukimo politika gali b\u016bti periodi\u0161kai atnaujinama. Apie svarbius pakeitimus bus prane\u0161ta program\u0117l\u0117s prane\u0161imais arba registruotu el. pa\u0161tu. <\/p>\n<ol start=\"8\">\n<li><strong>  Kontaktin\u0117 informacija<\/strong><\/li>\n<\/ol>\n<p>Jei turite klausim\u0173 ar pagalbos d\u0117l \u0161ios politikos, kreipkit\u0117s \u012f:<\/p>\n<p>KMAK Kelet-Magyarorsz\u00e1gi Adatk\u00f6zpont Kft.<\/p>\n<p>H-5000 Szolnok, Szap\u00e1ry utca 20.<\/p>\n<p>El. pa\u0161tas: info@vondetechnology.com<\/p>\n<p>\u012esigydami ar u\u017esisakydami &#8220;Vonde Pro&#8221; program\u0117l\u0119, j\u016bs pripa\u017e\u012fstate ir sutinkate su \u0161ios Gr\u0105\u017einimo ir at\u0161aukimo politikos s\u0105lygomis ir suprantate, kad gr\u0105\u017einimo ir at\u0161aukimo procesus reglamentuoja &#8220;Apple App Store&#8221; arba &#8220;Google Play Store&#8221; politika.[\/vc_column_text][\/vc_column][\/vc_row]<\/p>\n<\/div>","protected":false},"excerpt":{"rendered":"<p>[vc_row][vc_column][vc_empty_space][vc_column_text el_class=&#8221;legal-text&#8221;]\u012esigaliojimo data: 2025 m. kovo 17 d. \u012evadas \u0160ioje Gr\u0105\u017einimo ir at\u0161aukimo politikoje apra\u0161oma tvarka ir s\u0105lygos, susijusios su gr\u0105\u017einimu ir at\u0161aukimu u\u017e &#8220;Vonde Pro&#8221; program\u0117l\u0117je (&#8220;Program\u0117l\u0117&#8221;), kuri\u0105 teikia &#8220;Vonde Technology&#8221; (&#8220;mes&#8221;, &#8220;mus&#8221;, &#8220;m\u016bs\u0173&#8221;), atliktus pirkimus ir prenumeratas. Kadangi &#8220;Vonde Pro&#8221; program\u0117l\u0119 galima \u012fsigyti tik per &#8220;Apple App Store&#8221; ir &#8220;Google Play Store&#8221; parduotuves, [&hellip;]<\/p>\n","protected":false},"author":1,"featured_media":0,"parent":0,"menu_order":0,"comment_status":"closed","ping_status":"closed","template":"","meta":{"footnotes":""},"class_list":["post-18274","page","type-page","status-publish","hentry"],"yoast_head":"<!-- This site is optimized with the Yoast SEO plugin v24.7 - https:\/\/yoast.com\/wordpress\/plugins\/seo\/ -->\n<title>Gr\u0105\u017einimo ir at\u0161aukimo taisykl\u0117s Vonde Pro App - Vondetech<\/title>\n<meta name=\"robots\" content=\"index, follow, max-snippet:-1, max-image-preview:large, max-video-preview:-1\" \/>\n<link rel=\"canonical\" href=\"https:\/\/vondetech.com\/lt\/grazinimo-ir-pinigu-grazinimo-politika\/\" \/>\n<meta property=\"og:locale\" content=\"lt_LT\" \/>\n<meta property=\"og:type\" content=\"article\" \/>\n<meta property=\"og:title\" content=\"Gr\u0105\u017einimo ir at\u0161aukimo taisykl\u0117s Vonde Pro App - Vondetech\" \/>\n<meta property=\"og:description\" content=\"[vc_row][vc_column][vc_empty_space][vc_column_text el_class=&#8221;legal-text&#8221;]\u012esigaliojimo data: 2025 m. kovo 17 d. \u012evadas \u0160ioje Gr\u0105\u017einimo ir at\u0161aukimo politikoje apra\u0161oma tvarka ir s\u0105lygos, susijusios su gr\u0105\u017einimu ir at\u0161aukimu u\u017e &#8220;Vonde Pro&#8221; program\u0117l\u0117je (&#8220;Program\u0117l\u0117&#8221;), kuri\u0105 teikia &#8220;Vonde Technology&#8221; (&#8220;mes&#8221;, &#8220;mus&#8221;, &#8220;m\u016bs\u0173&#8221;), atliktus pirkimus ir prenumeratas. Kadangi &#8220;Vonde Pro&#8221; program\u0117l\u0119 galima \u012fsigyti tik per &#8220;Apple App Store&#8221; ir &#8220;Google Play Store&#8221; parduotuves, [&hellip;]\" \/>\n<meta property=\"og:url\" content=\"https:\/\/vondetech.com\/lt\/grazinimo-ir-pinigu-grazinimo-politika\/\" \/>\n<meta property=\"og:site_name\" content=\"Vondetech\" \/>\n<meta property=\"article:modified_time\" content=\"2025-03-21T06:57:49+00:00\" \/>\n<meta name=\"twitter:card\" content=\"summary_large_image\" \/>\n<meta name=\"twitter:label1\" content=\"Est. reading time\" \/>\n\t<meta name=\"twitter:data1\" content=\"2 minut\u0117s\" \/>\n<script type=\"application\/ld+json\" class=\"yoast-schema-graph\">{\"@context\":\"https:\/\/schema.org\",\"@graph\":[{\"@type\":\"WebPage\",\"@id\":\"https:\/\/vondetech.com\/lt\/grazinimo-ir-pinigu-grazinimo-politika\/\",\"url\":\"https:\/\/vondetech.com\/lt\/grazinimo-ir-pinigu-grazinimo-politika\/\",\"name\":\"Gr\u0105\u017einimo ir at\u0161aukimo taisykl\u0117s Vonde Pro App - Vondetech\",\"isPartOf\":{\"@id\":\"https:\/\/vondetech.com\/lt\/#website\"},\"datePublished\":\"2024-05-23T13:08:00+00:00\",\"dateModified\":\"2025-03-21T06:57:49+00:00\",\"breadcrumb\":{\"@id\":\"https:\/\/vondetech.com\/lt\/grazinimo-ir-pinigu-grazinimo-politika\/#breadcrumb\"},\"inLanguage\":\"lt-LT\",\"potentialAction\":[{\"@type\":\"ReadAction\",\"target\":[\"https:\/\/vondetech.com\/lt\/grazinimo-ir-pinigu-grazinimo-politika\/\"]}]},{\"@type\":\"BreadcrumbList\",\"@id\":\"https:\/\/vondetech.com\/lt\/grazinimo-ir-pinigu-grazinimo-politika\/#breadcrumb\",\"itemListElement\":[{\"@type\":\"ListItem\",\"position\":1,\"name\":\"Pagrindinis\",\"item\":\"https:\/\/vondetech.com\/lt\/pagrindinis\/\"},{\"@type\":\"ListItem\",\"position\":2,\"name\":\"Gr\u0105\u017einimo ir at\u0161aukimo taisykl\u0117s Vonde Pro App\"}]},{\"@type\":\"WebSite\",\"@id\":\"https:\/\/vondetech.com\/lt\/#website\",\"url\":\"https:\/\/vondetech.com\/lt\/\",\"name\":\"Vondetech\",\"description\":\"\",\"potentialAction\":[{\"@type\":\"SearchAction\",\"target\":{\"@type\":\"EntryPoint\",\"urlTemplate\":\"https:\/\/vondetech.com\/lt\/?s={search_term_string}\"},\"query-input\":{\"@type\":\"PropertyValueSpecification\",\"valueRequired\":true,\"valueName\":\"search_term_string\"}}],\"inLanguage\":\"lt-LT\"}]}<\/script>\n<!-- \/ Yoast SEO plugin. -->","yoast_head_json":{"title":"Gr\u0105\u017einimo ir at\u0161aukimo taisykl\u0117s Vonde Pro App - Vondetech","robots":{"index":"index","follow":"follow","max-snippet":"max-snippet:-1","max-image-preview":"max-image-preview:large","max-video-preview":"max-video-preview:-1"},"canonical":"https:\/\/vondetech.com\/lt\/grazinimo-ir-pinigu-grazinimo-politika\/","og_locale":"lt_LT","og_type":"article","og_title":"Gr\u0105\u017einimo ir at\u0161aukimo taisykl\u0117s Vonde Pro App - Vondetech","og_description":"[vc_row][vc_column][vc_empty_space][vc_column_text el_class=&#8221;legal-text&#8221;]\u012esigaliojimo data: 2025 m. kovo 17 d. \u012evadas \u0160ioje Gr\u0105\u017einimo ir at\u0161aukimo politikoje apra\u0161oma tvarka ir s\u0105lygos, susijusios su gr\u0105\u017einimu ir at\u0161aukimu u\u017e &#8220;Vonde Pro&#8221; program\u0117l\u0117je (&#8220;Program\u0117l\u0117&#8221;), kuri\u0105 teikia &#8220;Vonde Technology&#8221; (&#8220;mes&#8221;, &#8220;mus&#8221;, &#8220;m\u016bs\u0173&#8221;), atliktus pirkimus ir prenumeratas. Kadangi &#8220;Vonde Pro&#8221; program\u0117l\u0119 galima \u012fsigyti tik per &#8220;Apple App Store&#8221; ir &#8220;Google Play Store&#8221; parduotuves, [&hellip;]","og_url":"https:\/\/vondetech.com\/lt\/grazinimo-ir-pinigu-grazinimo-politika\/","og_site_name":"Vondetech","article_modified_time":"2025-03-21T06:57:49+00:00","twitter_card":"summary_large_image","twitter_misc":{"Est. reading time":"2 minut\u0117s"},"schema":{"@context":"https:\/\/schema.org","@graph":[{"@type":"WebPage","@id":"https:\/\/vondetech.com\/lt\/grazinimo-ir-pinigu-grazinimo-politika\/","url":"https:\/\/vondetech.com\/lt\/grazinimo-ir-pinigu-grazinimo-politika\/","name":"Gr\u0105\u017einimo ir at\u0161aukimo taisykl\u0117s Vonde Pro App - Vondetech","isPartOf":{"@id":"https:\/\/vondetech.com\/lt\/#website"},"datePublished":"2024-05-23T13:08:00+00:00","dateModified":"2025-03-21T06:57:49+00:00","breadcrumb":{"@id":"https:\/\/vondetech.com\/lt\/grazinimo-ir-pinigu-grazinimo-politika\/#breadcrumb"},"inLanguage":"lt-LT","potentialAction":[{"@type":"ReadAction","target":["https:\/\/vondetech.com\/lt\/grazinimo-ir-pinigu-grazinimo-politika\/"]}]},{"@type":"BreadcrumbList","@id":"https:\/\/vondetech.com\/lt\/grazinimo-ir-pinigu-grazinimo-politika\/#breadcrumb","itemListElement":[{"@type":"ListItem","position":1,"name":"Pagrindinis","item":"https:\/\/vondetech.com\/lt\/pagrindinis\/"},{"@type":"ListItem","position":2,"name":"Gr\u0105\u017einimo ir at\u0161aukimo taisykl\u0117s Vonde Pro App"}]},{"@type":"WebSite","@id":"https:\/\/vondetech.com\/lt\/#website","url":"https:\/\/vondetech.com\/lt\/","name":"Vondetech","description":"","potentialAction":[{"@type":"SearchAction","target":{"@type":"EntryPoint","urlTemplate":"https:\/\/vondetech.com\/lt\/?s={search_term_string}"},"query-input":{"@type":"PropertyValueSpecification","valueRequired":true,"valueName":"search_term_string"}}],"inLanguage":"lt-LT"}]}},"_links":{"self":[{"href":"https:\/\/vondetech.com\/lt\/wp-json\/wp\/v2\/pages\/18274","targetHints":{"allow":["GET"]}}],"collection":[{"href":"https:\/\/vondetech.com\/lt\/wp-json\/wp\/v2\/pages"}],"about":[{"href":"https:\/\/vondetech.com\/lt\/wp-json\/wp\/v2\/types\/page"}],"author":[{"embeddable":true,"href":"https:\/\/vondetech.com\/lt\/wp-json\/wp\/v2\/users\/1"}],"replies":[{"embeddable":true,"href":"https:\/\/vondetech.com\/lt\/wp-json\/wp\/v2\/comments?post=18274"}],"version-history":[{"count":12,"href":"https:\/\/vondetech.com\/lt\/wp-json\/wp\/v2\/pages\/18274\/revisions"}],"predecessor-version":[{"id":21262,"href":"https:\/\/vondetech.com\/lt\/wp-json\/wp\/v2\/pages\/18274\/revisions\/21262"}],"wp:attachment":[{"href":"https:\/\/vondetech.com\/lt\/wp-json\/wp\/v2\/media?parent=18274"}],"curies":[{"name":"wp","href":"https:\/\/api.w.org\/{rel}","templated":true}]}}