{"id":18271,"date":"2024-05-23T15:02:08","date_gmt":"2024-05-23T13:02:08","guid":{"rendered":"https:\/\/vondetech.com\/teise-atsaukti\/"},"modified":"2025-03-21T07:55:35","modified_gmt":"2025-03-21T06:55:35","slug":"teise-atsaukti","status":"publish","type":"page","link":"https:\/\/vondetech.com\/lt\/teise-atsaukti\/","title":{"rendered":"&#8220;Vonde Pro&#8221; program\u0117l\u0117s privatumo politika"},"content":{"rendered":"<div class=\"wpb-content-wrapper\"><p>[vc_row][vc_column][vc_empty_space][vc_column_text el_class=&#8221;legal-text&#8221;]<strong>\u012esigaliojimo data:<\/strong> 2025 m. kovo 17 d.<\/p>\n<ol>\n<li><strong>  \u012evadas<\/strong><\/li>\n<\/ol>\n<p>KMAK Kelet-Magyarorsz\u00e1gi Adatk\u00f6zpont Kft. 5000 Szolnok, Szap\u00e1ry utca 20. El. pa\u0161tas: info@vondetechnology.com. (&#8220;mes&#8221;, &#8220;m\u016bs\u0173&#8221; arba &#8220;mums&#8221;) teikia i\u0161samius skaitmenini\u0173 tinkl\u0173 sprendimus per &#8220;Vonde Pro&#8221; program\u0117l\u0119 (&#8220;program\u0117l\u0117&#8221;), palengvinan\u010di\u0105 skaitmenini\u0173 vizitini\u0173 korteli\u0173, URL trumpinimo, NFC ir QR kod\u0173 valdymo ir &#8220;Apple&#8221; \/ &#8220;Google Wallet&#8221; integracij\u0105. \u0160ioje privatumo politikoje apra\u0161omi m\u016bs\u0173 asmens duomen\u0173 rinkimo, tvarkymo, valdymo ir apsaugos metodai.   <\/p>\n<p>&#8220;Vonde Technology LLC&#8221; (JAV) valdo pasaulines rinkas ir tarptautin\u0119 pl\u0117tr\u0105. KMAK Kelet-Magyarorsz\u00e1gi Adatk\u00f6zpont Kft. (Europa, Vengrija) vykdo pl\u0117tros ir susijusias veiklos u\u017eduotis.<\/p>\n<p>&#8220;Vonde Pro&#8221; program\u0117l\u0117 &#8211; tai universalus skaitmeninio tinklo sprendimas, si\u016blantis tokias funkcijas kaip skaitmenini\u0173 vizitini\u0173 korteli\u0173 k\u016brimas ir dalijimasis jomis, URL trumpinimas, NFC ir QR kod\u0173 valdymas bei sklandi integracija su &#8220;Apple&#8221; ir &#8220;Google&#8221; pinigin\u0117mis.<\/p>\n<p>Politikos santrauka \u0160iame dokumente pateikiama informacija apie:<\/p>\n<ul>\n<li>Renkam\u0173 asmens duomen\u0173 tipai<\/li>\n<li>Duomen\u0173 tvarkymo tikslai<\/li>\n<li>Perdirbimo b\u016bdai ir vietos<\/li>\n<li>Dalijimasis asmens duomenimis su tre\u010diosiomis \u0161alimis<\/li>\n<li>konkre\u010diam regionui b\u016bdingos privatumo teis\u0117s (ES, JAV, Brazilija)<\/li>\n<li>Duomen\u0173 saugojimo politika<\/li>\n<li>Reklamos ir analiz\u0117s praktika (&#8220;Google AdMob&#8221;, &#8220;Google Analytics&#8221;, &#8220;Firebase&#8221;)<\/li>\n<li>Atsisakymo parinktys<\/li>\n<li>Prane\u0161imo apie duomen\u0173 saugumo pa\u017eeidim\u0105 proced\u016bros<\/li>\n<li>Kontaktin\u0117 informacija privatumo u\u017eklausoms<\/li>\n<\/ul>\n<ol start=\"2\">\n<li><strong>  Renkam\u0173 asmens duomen\u0173 kategorijos<\/strong><\/li>\n<\/ol>\n<p>Mes renkame:<\/p>\n<ul>\n<li><strong>Kontaktin\u0117 informacija:<\/strong> Vardas (vardas, pavard\u0117), el. pa\u0161to adresas, telefono numeris<\/li>\n<li><strong>Sandorio duomenys:<\/strong> Pirkimo duomenys, prenumeratos \u012fra\u0161ai<\/li>\n<li><strong>Techniniai duomenys:<\/strong> IP adresas, \u012frenginio identifikatoriai (pvz., &#8220;Google&#8221; reklamuotojo ID, IDFA), nar\u0161ykl\u0117s tipas, operacin\u0117s sistemos duomenys<\/li>\n<li><strong>Naudojimo duomenys:<\/strong> S\u0105veikos su program\u0117le, naudotos funkcijos<\/li>\n<li><strong>Analiz\u0117s duomenys:<\/strong> Per &#8220;Google Analytics&#8221; ir &#8220;Firebase<\/li>\n<li><strong>Naudotojo duomenys:<\/strong> Naudotojo profilio duomenys (pvz., vartotojo vardas, slapta\u017eodis), nustatymai, parinktys<\/li>\n<li><strong>Slapukai ir pana\u0161ios technologijos:<\/strong> Svetain\u0117 ir programa naudoja slapukus, \u017einiatinklio \u0161vytur\u0117lius ir pana\u0161ias technologijas, kad pagerint\u0173 naudotojo patirt\u012f, analizuot\u0173 sraut\u0105 ir pritaikyt\u0173 reklamas.<\/li>\n<\/ul>\n<ol start=\"3\">\n<li><strong>  Duomen\u0173 tvarkymo teisinis pagrindas<\/strong><\/li>\n<\/ol>\n<p>Duomenis tvarkome remdamiesi \u0161iais teisiniais pagrindais:<\/p>\n<ul>\n<li><strong>Naudotojo sutikimas:<\/strong> D\u0117l personalizuotos reklamos, tiesiogin\u0117s rinkodaros ir tam tikr\u0173 analitini\u0173 tiksl\u0173 pra\u0161ome i\u0161ankstinio naudotojo sutikimo.<\/li>\n<li><strong>Sutartinis b\u016btinumas:<\/strong> Paskyros suk\u016brimas, skaitmenin\u0117s vizitin\u0117s kortel\u0117s ir paslaug\u0173 teikimas yra b\u016btini m\u016bs\u0173 sutartiniams \u012fsipareigojimams vykdyti.<\/li>\n<li><strong>Teisini\u0173 \u012fsipareigojim\u0173 laikymasis<\/strong><\/li>\n<li><strong>Teis\u0117ti interesai:<\/strong> Duomenis tvarkome remdamiesi savo teis\u0117tais interesais, siekdami u\u017ekirsti keli\u0105 suk\u010diavimui, gerinti paslaug\u0173 kokyb\u0119, palaikyti saugum\u0105 ir optimizuoti savo verslo operacijas.<\/li>\n<\/ul>\n<ol start=\"4\">\n<li><strong>  Reklama ir analiz\u0117<\/strong><\/li>\n<\/ol>\n<p>Naudojame &#8220;Google AdMob&#8221; tikslinei reklamai pagal naudotojo elgsen\u0105 ir \u012frenginio identifikatorius. &#8220;Google AdMob&#8221; rodo personalizuot\u0105 reklam\u0105, pagr\u012fst\u0105 naudotojo elgsena ir \u012frenginio identifikatoriais. <\/p>\n<p>Analiz\u0117s paslaugos (&#8220;Google Analytics for Firebase&#8221;, &#8220;Firebase Performance Monitoring&#8221;, &#8220;Firebase Crashlytics&#8221;) analizuoja naudotoj\u0173 s\u0105veik\u0105, kad pagerint\u0173 program\u0117l\u0117s funkcionalum\u0105 ir na\u0161um\u0105. &#8220;Google Analytics&#8221; renka anoniminius duomenis apie naudotoj\u0173 elgsen\u0105, sraut\u0105 ir demografin\u0119 informacij\u0105. Firebase Performance Monitoring ir Firebase Crashlytics analizuoja naudotoj\u0173 s\u0105veikas, taikomosios programos veikim\u0105 ir gedimus, kad pagerint\u0173 funkcionalum\u0105 ir taikomosios programos veikim\u0105.  <\/p>\n<p>Vartotojai gali tvarkyti skelbim\u0173 personalizavimo nustatymus &#8220;Google&#8221; skelbim\u0173 nustatymuose arba kitose interneto reklamos platformose.<\/p>\n<ol start=\"5\">\n<li><strong>  Duomen\u0173 tvarkymas ir dalijimasis su tre\u010diosiomis \u0161alimis<\/strong><\/li>\n<\/ol>\n<p>Duomenys tvarkomi elektroniniu b\u016bdu:<\/p>\n<ul>\n<li>KMAK Kelet-Magyarorsz\u00e1gi Adatk\u00f6zpont Kft., 5000 Szolnok, Szap\u00e1ry utca 20., info@vondetechnology.com<\/li>\n<li>&#8220;Amazon Web Services&#8221; (AWS) &#8220;Amazon Web Services&#8221; (AWS) mums teikia debes\u0173 saugyklos ir duomen\u0173 apdorojimo paslaugas.<\/li>\n<\/ul>\n<p>Asmens duomenimis galime dalytis su:<\/p>\n<ul>\n<li>Paslaug\u0173 teik\u0117jai: AWS, &#8220;Google AdMob&#8221;, &#8220;Firebase&#8221;. Galime dalytis asmens duomenimis su kitais paslaug\u0173 teik\u0117jais, kurie padeda mums teikti paslaugas, tvarkyti mok\u0117jimus, teikti klient\u0173 aptarnavimo paslaugas ir vykdyti rinkodaros veikl\u0105. <\/li>\n<li>Analiz\u0117s paslaug\u0173 teik\u0117jai: &#8220;Google Analytics<\/li>\n<li>Visos tre\u010diosios \u0161alys privalo saugoti asmens duomenis pagal galiojan\u010dius \u012fstatymus.<\/li>\n<\/ul>\n<ol start=\"6\">\n<li><strong>  Konkre\u010diam regionui b\u016bdingos privatumo teis\u0117s<\/strong><\/li>\n<\/ol>\n<ul>\n<li><strong>6.1 Europos S\u0105junga (BDAR)<\/strong><\/li>\n<\/ul>\n<p>ES naudotojai turi teis\u0119:<\/p>\n<ul>\n<li style=\"list-style-type: none;\">\n<ul>\n<li>Prieiga prie asmens duomen\u0173, j\u0173 taisymas arba i\u0161trynimas<\/li>\n<li>Prie\u0161tarauti ir apriboti duomen\u0173 tvarkym\u0105<\/li>\n<li>Duomen\u0173 perkeliamumas<\/li>\n<li>At\u0161aukti sutikim\u0105<\/li>\n<li>Pateikite skundus vietos duomen\u0173 apsaugos institucijoms. ES naudotojai turi teis\u0119 susipa\u017einti su duomenimis, juos i\u0161taisyti, i\u0161trinti, apriboti j\u0173 tvarkym\u0105, nesutikti su j\u0173 tvarkymu, pra\u0161yti duomen\u0173 perkeliamumo ir at\u0161aukti savo sutikim\u0105. Vartotojai turi teis\u0119 pateikti skund\u0105 vietos duomen\u0173 apsaugos institucijai.  <\/li>\n<\/ul>\n<\/li>\n<li><strong>6.2 Jungtin\u0117s Amerikos Valstijos (CCPA ir kit\u0173 valstij\u0173 \u012fstatymai)<\/strong><\/li>\n<\/ul>\n<p>JAV naudotojai turi teis\u0119:<\/p>\n<ul>\n<li style=\"list-style-type: none;\">\n<ul>\n<li>Prieiga prie asmens duomen\u0173 ir j\u0173 taisymas<\/li>\n<li>Pra\u0161ymas i\u0161trinti duomenis<\/li>\n<li>Atsisakyti tikslin\u0117s reklamos. JAV naudotojai turi teis\u0119 susipa\u017einti su savo asmens duomenimis, juos i\u0161taisyti, i\u0161trinti ir atsisakyti tikslin\u0117s reklamos. <\/li>\n<li>Nediskriminavimas d\u0117l naudojimosi privatumo teis\u0117mis<\/li>\n<li>Kalifornijai b\u016bdinga: Mes neparduodame ir nerenkame jaunesni\u0173 nei 16 met\u0173 am\u017eiaus naudotoj\u0173 asmens duomen\u0173. Kalifornijos gyventojai turi teis\u0119 neb\u016bti diskriminuojami u\u017e naudojim\u0105si savo privatumo teis\u0117mis. Mes neparduodame ir nerenkame jaunesni\u0173 nei 16 met\u0173 am\u017eiaus naudotoj\u0173 asmens duomen\u0173.  <\/li>\n<\/ul>\n<\/li>\n<li><strong>6.3 Brazilija (LGPD)<\/strong><\/li>\n<\/ul>\n<p>Brazilijos naudotojai turi teis\u0119:<\/p>\n<ul>\n<li style=\"list-style-type: none;\">\n<ul>\n<li>Patvirtinti duomen\u0173 tvarkym\u0105<\/li>\n<li>Prieiga prie asmens duomen\u0173 ir j\u0173 taisymas<\/li>\n<li>Pra\u0161yti anonimizuoti, blokuoti arba i\u0161trinti duomenis.<\/li>\n<li>Pra\u0161ymas d\u0117l duomen\u0173 perkeliamumo<\/li>\n<li>At\u0161aukti sutikim\u0105<\/li>\n<li>Pateikite skundus ANPD. Brazilijos vartotojai turi teis\u0119 patvirtinti, kad j\u0173 duomenys tvarkomi, susipa\u017einti su duomenimis, juos i\u0161taisyti, pra\u0161yti juos anonimizuoti, blokuoti ar i\u0161trinti, pra\u0161yti duomen\u0173 perkeliamumo, at\u0161aukti savo sutikim\u0105 ir pateikti skund\u0105 ANPD. <\/li>\n<\/ul>\n<\/li>\n<\/ul>\n<ol start=\"7\">\n<li><strong>  Duomen\u0173 saugojimas<\/strong><\/li>\n<\/ol>\n<p>Asmens duomenys saugomi tik tiek laiko, kiek reikia nurodytiems tikslams \u012fgyvendinti, arba iki sutikimo at\u0161aukimo, po kurio duomenys saugiai i\u0161trinami. Asmens duomenys saugomi tik tiek, kiek reikia nurodytiems tikslams \u012fgyvendinti arba kol naudotojas at\u0161aukia savo sutikim\u0105. Po to duomenys saugiai i\u0161trinami.  <\/p>\n<p>Duomen\u0173 saugojimo laikotarpius nustatome remdamiesi \u0161iais kriterijais: duomen\u0173 rinkimo tikslu, teisiniais \u012fsipareigojimais ir m\u016bs\u0173 teis\u0117tais verslo interesais.<\/p>\n<p>\u012egyvendinome tinkamas duomen\u0173 saugumo priemones, kad apsaugotume asmens duomenis nuo neteis\u0117tos prieigos, naudojimo, keitimo ar i\u0161trynimo. \u0160ios priemon\u0117s apima \u0161ifravim\u0105, saug\u0173 saugojim\u0105, prieigos kontrol\u0119 ir reguliar\u0173 audit\u0105. <\/p>\n<ol start=\"8\">\n<li><strong>  Slapukai, analiz\u0117 ir atsisakymas<\/strong><\/li>\n<\/ol>\n<p>Naudotojai gali tvarkyti nuostatas naudodami \u012frenginio nustatymus arba atsisakymo paslaugas: Vartotojai gali tvarkyti slapuk\u0173 nustatymus savo \u012frenginio arba nar\u0161ykl\u0117s nustatymuose.<\/p>\n<ul>\n<li>&#8220;YourOnlineChoices&#8221; (ES)<\/li>\n<li>Tinklo reklamos iniciatyva (JAV)<\/li>\n<li>Skaitmenin\u0117s reklamos aljansas (JAV)<\/li>\n<li>Vartotojai taip pat gali atsisakyti skelbim\u0173 personalizavimo &#8220;Google&#8221; skelbim\u0173 nustatymuose arba kitose interneto reklamos platformose.<\/li>\n<\/ul>\n<p>Naudojame sesijos slapukus, nuolatinius slapukus, analitinius slapukus ir reklaminius slapukus.<\/p>\n<ol start=\"9\">\n<li><strong>  Tarptautinis duomen\u0173 perdavimas<\/strong><\/li>\n<\/ol>\n<p>Asmens duomenys gali b\u016bti tvarkomi u\u017e naudotojo \u0161alies rib\u0173, vis\u0173 pirma naudojant AWS infrastrukt\u016br\u0105, u\u017etikrinant atitikt\u012f tarptautiniams duomen\u0173 apsaugos standartams (pvz., standartin\u0117ms sutar\u010di\u0173 s\u0105lygoms). Asmens duomenis galime perduoti \u012f ne Europos S\u0105jungos \u0161alis, pavyzd\u017eiui, Jungtines Amerikos Valstijas, kuriose duomen\u0173 apsaugos taisykl\u0117s gali skirtis nuo ES taisykli\u0173. Tarptautinis duomen\u0173 perdavimas grind\u017eiamas Standartin\u0117mis sutar\u010di\u0173 s\u0105lygomis (SCC) arba kitais atitinkamais teisiniais pagrindais. Siekdami apsaugoti asmens duomenis tarptautinio duomen\u0173 perdavimo metu, \u012fgyvendinome tinkamas duomen\u0173 apsaugos priemones, \u012fskaitant standartini\u0173 sutar\u010di\u0173 s\u0105lyg\u0173 naudojim\u0105 ir atitinkam\u0173 saugumo priemoni\u0173 \u012fgyvendinim\u0105.   <\/p>\n<ol start=\"10\">\n<li><strong>  Automatinis sprendim\u0173 pri\u0117mimas ir profiliavimas<\/strong><\/li>\n<\/ol>\n<p>Automatin\u012f sprendim\u0173 pri\u0117mim\u0105 naudojame:<\/p>\n<ul>\n<li>Tikslin\u0117 reklama<\/li>\n<li>Vartotojo elgsenos analiz\u0117<\/li>\n<li>Personalizuotas turinys<\/li>\n<li>Automatin\u012f sprendim\u0173 pri\u0117mim\u0105 ir profiliavim\u0105 naudojame rodydami tikslines reklamas, analizuodami naudotoj\u0173 elgsen\u0105 ir rekomenduodami personalizuot\u0105 turin\u012f.<\/li>\n<\/ul>\n<p>Vartotojai gali bet kuriuo metu prie\u0161tarauti tokiam duomen\u0173 tvarkymui adresu info@vondetech.com. Vartotojai turi teis\u0119 nesutikti su automatizuotu sprendim\u0173 pri\u0117mimu ir profiliavimu susisiek\u0119 su mumis adresu info@vondetech.com. <\/p>\n<ol start=\"11\">\n<li><strong>  Naudotojo teisi\u0173 \u012fgyvendinimas<\/strong><\/li>\n<\/ol>\n<p>Nor\u0117dami pasinaudoti savo privatumo teis\u0117mis, pateikite ra\u0161ti\u0161k\u0105 pra\u0161ym\u0105 adresu: KMAK Kelet-Magyarorsz\u00e1gi Adatk\u00f6zpont Kft. H-5000 Szolnok, Szap\u00e1ry utca 20. El. pa\u0161tas: info@vondetechnology.com. Vartotojai gali pasinaudoti savo teis\u0117mis pateikdami ra\u0161ti\u0161k\u0105 pra\u0161ym\u0105 adresu: KMAK Kelet-Magyarorsz\u00e1gi Adatk\u00f6zpont Kft.  H-5000 Szolnok, Szap\u00e1ry utca 20. El. pa\u0161tas: info@vondetechnology.com.<\/p>\n<p>Tapatyb\u0117s patikrinimas: Pra\u0161ymai turi b\u016bti siun\u010diami i\u0161 j\u016bs\u0173 registruoto el. pa\u0161to adreso. Gali b\u016bti papra\u0161yta papildomo patikrinimo, o po patikrinimo naudojami dokumentai bus i\u0161trinti. Pra\u0161ymai turi b\u016bti siun\u010diami i\u0161 j\u016bs\u0173 registruoto el. pa\u0161to adreso. Naudotojai, teikdami u\u017eklaus\u0105, privalo patvirtinti savo tapatyb\u0119. Tapatybei patvirtinti galime papra\u0161yti papildomos informacijos, o patikrinimui naudojami dokumentai bus i\u0161trinti po patikrinimo.    <\/p>\n<p>Reagavimo laikas:<\/p>\n<ul>\n<li>BDAR (ES): per 30 dien\u0173<\/li>\n<li>LGPD (Brazilija): per 15 dien\u0173<\/li>\n<li>CCPA ir JAV valstij\u0173 \u012fstatymai: per 45 dienas<\/li>\n<\/ul>\n<ol start=\"12\">\n<li><strong>  Prane\u0161imas apie duomen\u0173 saugumo pa\u017eeidim\u0105<\/strong><\/li>\n<\/ol>\n<p>Asmens duomen\u0173 saugumo pa\u017eeidimo atveju naudotojams ir atitinkamoms institucijoms prane\u0161ama nedelsiant, laikantis galiojan\u010di\u0173 teis\u0117s akt\u0173. Asmens duomen\u0173 saugumo pa\u017eeidimo atveju naudotojams ir atitinkamoms institucijoms prane\u0161ama nedelsiant, laikantis galiojan\u010di\u0173 reglament\u0173. <\/p>\n<ol start=\"13\">\n<li><strong>  Duomen\u0173 saugumo priemon\u0117s<\/strong><\/li>\n<\/ol>\n<p>Siekdami apsaugoti duomen\u0173 vientisum\u0105, \u012fgyvendiname saugumo priemones, \u012fskaitant \u0161ifravim\u0105, saugi\u0105 saugykl\u0105, prieigos kontrol\u0119 ir reguliar\u0173 audit\u0105. M\u016bs\u0173 taikomos duomen\u0173 saugumo priemon\u0117s apima \u0161ifravim\u0105 (tiek perduodant duomenis, tiek juos saugant), saugi\u0105 saugykl\u0105, prieigos kontrol\u0119, reguliarius saugumo auditus ir darbuotoj\u0173 mokymus apie duomen\u0173 apsaug\u0105. <\/p>\n<ol start=\"14\">\n<li><strong>  Vaik\u0173 privatumas<\/strong><\/li>\n<\/ol>\n<p>Mes s\u0105moningai nerenkame duomen\u0173 i\u0161 jaunesni\u0173 nei 16 met\u0173 nepilname\u010di\u0173. Visi nustatyti tokie duomenys bus nedelsiant i\u0161trinti. Mes s\u0105moningai nerenkame duomen\u0173 i\u0161 jaunesni\u0173 nei 16 met\u0173 nepilname\u010di\u0173. Jei tokius duomenis nustatysime, jie bus nedelsiant i\u0161trinti.   <\/p>\n<ol start=\"15\">\n<li><strong>  Politikos atnaujinimai<\/strong><\/li>\n<\/ol>\n<p>\u0160i privatumo politika gali b\u016bti periodi\u0161kai atnaujinama, o apie svarbius pakeitimus prane\u0161ama program\u0117l\u0117s prane\u0161imais arba el. pa\u0161tu. \u0160i privatumo politika gali b\u016bti periodi\u0161kai atnaujinama. Apie svarbius pakeitimus bus prane\u0161ta program\u0117l\u0117s prane\u0161imais arba el. pa\u0161tu. Atnaujinta privatumo politika bus paskelbta m\u016bs\u0173 svetain\u0117je ir m\u016bs\u0173 program\u0117l\u0117je.   <\/p>\n<p><strong>Duomen\u0173 apsaugos kontaktinis asmuo<\/strong><\/p>\n<p>Jei turite klausim\u0173 ar r\u016bpes\u010di\u0173: Kelet-Magyarorsz\u00e1gi Adatk\u00f6zpont Kft. H-5000 Szolnok, Szap\u00e1ry utca 20. El. pa\u0161tas: info@vondetechnology.com<\/p>\n<p>Naudodamiesi &#8220;Vonde Pro&#8221; program\u0117le pripa\u017e\u012fstate ir sutinkate su \u0161ia privatumo politika.[\/vc_column_text][\/vc_column][\/vc_row]<\/p>\n<\/div>","protected":false},"excerpt":{"rendered":"<p>[vc_row][vc_column][vc_empty_space][vc_column_text el_class=&#8221;legal-text&#8221;]\u012esigaliojimo data: 2025 m. kovo 17 d. \u012evadas KMAK Kelet-Magyarorsz\u00e1gi Adatk\u00f6zpont Kft. 5000 Szolnok, Szap\u00e1ry utca 20. El. pa\u0161tas: info@vondetechnology.com. (&#8220;mes&#8221;, &#8220;m\u016bs\u0173&#8221; arba &#8220;mums&#8221;) teikia i\u0161samius skaitmenini\u0173 tinkl\u0173 sprendimus per &#8220;Vonde Pro&#8221; program\u0117l\u0119 (&#8220;program\u0117l\u0117&#8221;), palengvinan\u010di\u0105 skaitmenini\u0173 vizitini\u0173 korteli\u0173, URL trumpinimo, NFC ir QR kod\u0173 valdymo ir &#8220;Apple&#8221; \/ &#8220;Google Wallet&#8221; integracij\u0105. \u0160ioje privatumo politikoje [&hellip;]<\/p>\n","protected":false},"author":1,"featured_media":0,"parent":0,"menu_order":0,"comment_status":"closed","ping_status":"closed","template":"","meta":{"footnotes":""},"class_list":["post-18271","page","type-page","status-publish","hentry"],"yoast_head":"<!-- This site is optimized with the Yoast SEO plugin v24.7 - https:\/\/yoast.com\/wordpress\/plugins\/seo\/ -->\n<title>&quot;Vonde Pro&quot; program\u0117l\u0117s privatumo politika - Vondetech<\/title>\n<meta name=\"robots\" content=\"index, follow, max-snippet:-1, max-image-preview:large, max-video-preview:-1\" \/>\n<link rel=\"canonical\" href=\"https:\/\/vondetech.com\/lt\/teise-atsaukti\/\" \/>\n<meta property=\"og:locale\" content=\"lt_LT\" \/>\n<meta property=\"og:type\" content=\"article\" \/>\n<meta property=\"og:title\" content=\"&quot;Vonde Pro&quot; program\u0117l\u0117s privatumo politika - Vondetech\" \/>\n<meta property=\"og:description\" content=\"[vc_row][vc_column][vc_empty_space][vc_column_text el_class=&#8221;legal-text&#8221;]\u012esigaliojimo data: 2025 m. kovo 17 d. \u012evadas KMAK Kelet-Magyarorsz\u00e1gi Adatk\u00f6zpont Kft. 5000 Szolnok, Szap\u00e1ry utca 20. El. pa\u0161tas: info@vondetechnology.com. (&#8220;mes&#8221;, &#8220;m\u016bs\u0173&#8221; arba &#8220;mums&#8221;) teikia i\u0161samius skaitmenini\u0173 tinkl\u0173 sprendimus per &#8220;Vonde Pro&#8221; program\u0117l\u0119 (&#8220;program\u0117l\u0117&#8221;), palengvinan\u010di\u0105 skaitmenini\u0173 vizitini\u0173 korteli\u0173, URL trumpinimo, NFC ir QR kod\u0173 valdymo ir &#8220;Apple&#8221; \/ &#8220;Google Wallet&#8221; integracij\u0105. \u0160ioje privatumo politikoje [&hellip;]\" \/>\n<meta property=\"og:url\" content=\"https:\/\/vondetech.com\/lt\/teise-atsaukti\/\" \/>\n<meta property=\"og:site_name\" content=\"Vondetech\" \/>\n<meta property=\"article:modified_time\" content=\"2025-03-21T06:55:35+00:00\" \/>\n<meta name=\"twitter:card\" content=\"summary_large_image\" \/>\n<meta name=\"twitter:label1\" content=\"Est. reading time\" \/>\n\t<meta name=\"twitter:data1\" content=\"2 minut\u0117s\" \/>\n<script type=\"application\/ld+json\" class=\"yoast-schema-graph\">{\"@context\":\"https:\/\/schema.org\",\"@graph\":[{\"@type\":\"WebPage\",\"@id\":\"https:\/\/vondetech.com\/lt\/teise-atsaukti\/\",\"url\":\"https:\/\/vondetech.com\/lt\/teise-atsaukti\/\",\"name\":\"\\\"Vonde Pro\\\" program\u0117l\u0117s privatumo politika - Vondetech\",\"isPartOf\":{\"@id\":\"https:\/\/vondetech.com\/lt\/#website\"},\"datePublished\":\"2024-05-23T13:02:08+00:00\",\"dateModified\":\"2025-03-21T06:55:35+00:00\",\"breadcrumb\":{\"@id\":\"https:\/\/vondetech.com\/lt\/teise-atsaukti\/#breadcrumb\"},\"inLanguage\":\"lt-LT\",\"potentialAction\":[{\"@type\":\"ReadAction\",\"target\":[\"https:\/\/vondetech.com\/lt\/teise-atsaukti\/\"]}]},{\"@type\":\"BreadcrumbList\",\"@id\":\"https:\/\/vondetech.com\/lt\/teise-atsaukti\/#breadcrumb\",\"itemListElement\":[{\"@type\":\"ListItem\",\"position\":1,\"name\":\"Pagrindinis\",\"item\":\"https:\/\/vondetech.com\/lt\/pagrindinis\/\"},{\"@type\":\"ListItem\",\"position\":2,\"name\":\"&#8220;Vonde Pro&#8221; program\u0117l\u0117s privatumo politika\"}]},{\"@type\":\"WebSite\",\"@id\":\"https:\/\/vondetech.com\/lt\/#website\",\"url\":\"https:\/\/vondetech.com\/lt\/\",\"name\":\"Vondetech\",\"description\":\"\",\"potentialAction\":[{\"@type\":\"SearchAction\",\"target\":{\"@type\":\"EntryPoint\",\"urlTemplate\":\"https:\/\/vondetech.com\/lt\/?s={search_term_string}\"},\"query-input\":{\"@type\":\"PropertyValueSpecification\",\"valueRequired\":true,\"valueName\":\"search_term_string\"}}],\"inLanguage\":\"lt-LT\"}]}<\/script>\n<!-- \/ Yoast SEO plugin. -->","yoast_head_json":{"title":"\"Vonde Pro\" program\u0117l\u0117s privatumo politika - Vondetech","robots":{"index":"index","follow":"follow","max-snippet":"max-snippet:-1","max-image-preview":"max-image-preview:large","max-video-preview":"max-video-preview:-1"},"canonical":"https:\/\/vondetech.com\/lt\/teise-atsaukti\/","og_locale":"lt_LT","og_type":"article","og_title":"\"Vonde Pro\" program\u0117l\u0117s privatumo politika - Vondetech","og_description":"[vc_row][vc_column][vc_empty_space][vc_column_text el_class=&#8221;legal-text&#8221;]\u012esigaliojimo data: 2025 m. kovo 17 d. \u012evadas KMAK Kelet-Magyarorsz\u00e1gi Adatk\u00f6zpont Kft. 5000 Szolnok, Szap\u00e1ry utca 20. El. pa\u0161tas: info@vondetechnology.com. (&#8220;mes&#8221;, &#8220;m\u016bs\u0173&#8221; arba &#8220;mums&#8221;) teikia i\u0161samius skaitmenini\u0173 tinkl\u0173 sprendimus per &#8220;Vonde Pro&#8221; program\u0117l\u0119 (&#8220;program\u0117l\u0117&#8221;), palengvinan\u010di\u0105 skaitmenini\u0173 vizitini\u0173 korteli\u0173, URL trumpinimo, NFC ir QR kod\u0173 valdymo ir &#8220;Apple&#8221; \/ &#8220;Google Wallet&#8221; integracij\u0105. \u0160ioje privatumo politikoje [&hellip;]","og_url":"https:\/\/vondetech.com\/lt\/teise-atsaukti\/","og_site_name":"Vondetech","article_modified_time":"2025-03-21T06:55:35+00:00","twitter_card":"summary_large_image","twitter_misc":{"Est. reading time":"2 minut\u0117s"},"schema":{"@context":"https:\/\/schema.org","@graph":[{"@type":"WebPage","@id":"https:\/\/vondetech.com\/lt\/teise-atsaukti\/","url":"https:\/\/vondetech.com\/lt\/teise-atsaukti\/","name":"\"Vonde Pro\" program\u0117l\u0117s privatumo politika - Vondetech","isPartOf":{"@id":"https:\/\/vondetech.com\/lt\/#website"},"datePublished":"2024-05-23T13:02:08+00:00","dateModified":"2025-03-21T06:55:35+00:00","breadcrumb":{"@id":"https:\/\/vondetech.com\/lt\/teise-atsaukti\/#breadcrumb"},"inLanguage":"lt-LT","potentialAction":[{"@type":"ReadAction","target":["https:\/\/vondetech.com\/lt\/teise-atsaukti\/"]}]},{"@type":"BreadcrumbList","@id":"https:\/\/vondetech.com\/lt\/teise-atsaukti\/#breadcrumb","itemListElement":[{"@type":"ListItem","position":1,"name":"Pagrindinis","item":"https:\/\/vondetech.com\/lt\/pagrindinis\/"},{"@type":"ListItem","position":2,"name":"&#8220;Vonde Pro&#8221; program\u0117l\u0117s privatumo politika"}]},{"@type":"WebSite","@id":"https:\/\/vondetech.com\/lt\/#website","url":"https:\/\/vondetech.com\/lt\/","name":"Vondetech","description":"","potentialAction":[{"@type":"SearchAction","target":{"@type":"EntryPoint","urlTemplate":"https:\/\/vondetech.com\/lt\/?s={search_term_string}"},"query-input":{"@type":"PropertyValueSpecification","valueRequired":true,"valueName":"search_term_string"}}],"inLanguage":"lt-LT"}]}},"_links":{"self":[{"href":"https:\/\/vondetech.com\/lt\/wp-json\/wp\/v2\/pages\/18271","targetHints":{"allow":["GET"]}}],"collection":[{"href":"https:\/\/vondetech.com\/lt\/wp-json\/wp\/v2\/pages"}],"about":[{"href":"https:\/\/vondetech.com\/lt\/wp-json\/wp\/v2\/types\/page"}],"author":[{"embeddable":true,"href":"https:\/\/vondetech.com\/lt\/wp-json\/wp\/v2\/users\/1"}],"replies":[{"embeddable":true,"href":"https:\/\/vondetech.com\/lt\/wp-json\/wp\/v2\/comments?post=18271"}],"version-history":[{"count":12,"href":"https:\/\/vondetech.com\/lt\/wp-json\/wp\/v2\/pages\/18271\/revisions"}],"predecessor-version":[{"id":21046,"href":"https:\/\/vondetech.com\/lt\/wp-json\/wp\/v2\/pages\/18271\/revisions\/21046"}],"wp:attachment":[{"href":"https:\/\/vondetech.com\/lt\/wp-json\/wp\/v2\/media?parent=18271"}],"curies":[{"name":"wp","href":"https:\/\/api.w.org\/{rel}","templated":true}]}}