{"id":18231,"date":"2024-05-23T15:17:28","date_gmt":"2024-05-23T13:17:28","guid":{"rendered":"https:\/\/vondetech.com\/privatumo-politika\/"},"modified":"2025-03-19T11:31:42","modified_gmt":"2025-03-19T10:31:42","slug":"privatumo-politika","status":"publish","type":"page","link":"https:\/\/vondetech.com\/lt\/privatumo-politika\/","title":{"rendered":"&#8220;Vonde Pro&#8221; svetain\u0117s slapuk\u0173 politika"},"content":{"rendered":"<div class=\"wpb-content-wrapper\"><p>[vc_row][vc_column][vc_empty_space][vc_column_text el_class=&#8221;legal-text&#8221;]<strong>&#8220;Vonde Pro&#8221; svetain\u0117s slapuk\u0173 politika<\/strong><\/p>\n<p><strong>\u012esigaliojimo data:<\/strong> 2025 m. kovo 17 d.<\/p>\n<ol>\n<li><strong>  \u012evadas<\/strong><\/li>\n<\/ol>\n<p>\u0160ioje slapuk\u0173 politikoje paai\u0161kinama, kaip &#8220;Vonde Technology&#8221; (&#8220;mes&#8221;, &#8220;mus&#8221; arba &#8220;m\u016bs\u0173&#8221;) naudoja slapukus ir pana\u0161ias technologijas &#8220;Vonde Pro&#8221; svetain\u0117je (toliau &#8211; Svetain\u0117). \u0160i politika netaikoma &#8220;Vonde Pro&#8221; mobiliajai program\u0117lei, kuriai taikoma atskira slapuk\u0173 politika. <\/p>\n<ol start=\"2\">\n<li><strong>  Kas yra slapukai?<\/strong><\/li>\n<\/ol>\n<p>Slapukai &#8211; tai nedideli tekstiniai failai, \u012fra\u0161omi \u012f j\u016bs\u0173 \u012frengin\u012f, kai lankot\u0117s m\u016bs\u0173 svetain\u0117je. Slapukai padeda mums analizuoti svetain\u0117s lankomum\u0105 ir gerinti naudotoj\u0173 patirt\u012f. <\/p>\n<ol start=\"3\">\n<li><strong>  M\u016bs\u0173 naudojam\u0173 slapuk\u0173 tipai<\/strong><\/li>\n<\/ol>\n<ul>\n<li><strong>Esminiai slapukai:<\/strong> \u0160ie slapukai reikalingi pagrindiniam svetain\u0117s veikimui. Jie leid\u017eia jums nar\u0161yti svetain\u0117je, naudotis pagrindin\u0117mis funkcijomis, pvz., prisijungti prie savo paskyros, \u012ftraukti prekes \u012f pirkini\u0173 krep\u0161el\u012f ir naudotis saugiomis svetain\u0117s sritimis. <\/li>\n<li><strong>Analitiniai slapukai:<\/strong> Leid\u017eia mums atpa\u017einti ir suskai\u010diuoti lankytojus bei su\u017einoti, kaip lankytojai juda svetain\u0117je. Tai padeda mums pagerinti svetain\u0117s patogum\u0105 ir na\u0161um\u0105. Naudojame &#8220;Google Analytics&#8221;, kad surinktume informacij\u0105 apie tai, kaip lankytojai naudojasi m\u016bs\u0173 svetaine. \u0160ie slapukai renka tokius duomenis, kaip lankytoj\u0173 skai\u010dius, j\u0173 aplankyti puslapiai ir laikas, kur\u012f jie praleid\u017eia kiekviename puslapyje.   <\/li>\n<\/ul>\n<ol start=\"4\">\n<li><strong>  Slapuk\u0173 naudojimo tikslas<\/strong><\/li>\n<\/ol>\n<p>Slapukus naudojame tik:<\/p>\n<ul>\n<li>Pagrindini\u0173 lankytoj\u0173 statistini\u0173 duomen\u0173 ir svetain\u0117s naudojimo steb\u0117jimas ir analiz\u0117.<\/li>\n<li>gerinti bendr\u0105 m\u016bs\u0173 Svetain\u0117s veikim\u0105 ir naudotoj\u0173 patirt\u012f.<\/li>\n<\/ul>\n<ol start=\"5\">\n<li><strong>  Tre\u010di\u0173j\u0173 \u0161ali\u0173 slapukai<\/strong><\/li>\n<\/ol>\n<ul>\n<li><strong>&#8220;Google Analytics&#8221;:<\/strong> Naudojame &#8220;Google Analytics&#8221;, &#8220;Google LLC&#8221; teikiam\u0105 \u017einiatinklio analiz\u0117s paslaug\u0105. &#8220;Google Analytics&#8221; naudoja slapukus, kad surinkt\u0173 informacij\u0105 apie j\u016bs\u0173 naudojim\u0105si m\u016bs\u0173 svetaine, \u012fskaitant j\u016bs\u0173 IP adres\u0105. \u0160i\u0105 informacij\u0105 &#8220;Google&#8221; perduoda ir saugo Jungtin\u0117se Amerikos Valstijose esan\u010diuose serveriuose. &#8220;Google&#8221; naudoja \u0161i\u0105 informacij\u0105, kad \u012fvertint\u0173, kaip naudojat\u0117s m\u016bs\u0173 svetaine, sudaryt\u0173 svetain\u0117s veiklos ataskaitas ir teikt\u0173 kitas su svetain\u0117s veikla ir interneto naudojimu susijusias paslaugas. &#8220;Google&#8221; taip pat gali perduoti \u0161i\u0105 informacij\u0105 tre\u010diosioms \u0161alims, jei to reikalauja \u012fstatymai arba jei tokios tre\u010diosios \u0161alys tvarko informacij\u0105 &#8220;Google&#8221; vardu. Daugiau informacijos apie &#8220;Google&#8221; privatumo praktik\u0105 ir tai, kaip &#8220;Google&#8221; naudoja slapukus, rasite &#8220;Google&#8221; privatumo politikoje:       [Link to Google&#8217;s Privacy Policy]<\/li>\n<\/ul>\n<ol start=\"6\">\n<li><strong>  Slapuk\u0173 valdymas<\/strong><\/li>\n<\/ol>\n<p>Slapukus galite valdyti, blokuoti arba i\u0161trinti naudodami nar\u0161ykl\u0117s nustatymus. Dauguma interneto nar\u0161ykli\u0173 automati\u0161kai priima slapukus, ta\u010diau paprastai galite pakeisti nar\u0161ykl\u0117s nustatymus ir atsisakyti slapuk\u0173, jei to pageidaujate. Instrukcij\u0173, kaip valdyti slapukus, rasite nar\u0161ykl\u0117s pagalbos dokumentuose. \u010cia pateikiamos nuorodos \u012f kai kuri\u0173 populiari\u0173 nar\u0161ykli\u0173 pagalbos puslapius:   <\/p>\n<ul>\n<li>&#8220;Google Chrome&#8221;:  [Link to Chrome&#8217;s cookie settings help page]<\/li>\n<li>&#8220;Mozilla Firefox&#8221;:  [Link to Firefox&#8217;s cookie settings help page]<\/li>\n<li>&#8220;Microsoft Edge&#8221;:  [Link to Edge&#8217;s cookie settings help page]<\/li>\n<li>&#8220;Apple Safari&#8221;:  [Link to Safari&#8217;s cookie settings help page]<\/li>\n<\/ul>\n<p>Slapukai gali b\u016bti sesijos slapukai arba nuolatiniai slapukai. Sesijos slapukai yra laikini slapukai, kurie saugomi j\u016bs\u0173 \u012frenginyje, kol u\u017edarote nar\u0161ykl\u0119. Nuolatiniai slapukai i\u0161lieka j\u016bs\u0173 \u012frenginyje ilgesn\u012f laik\u0105 arba tol, kol juos i\u0161trinate.  <\/p>\n<ol start=\"7\">\n<li><strong>  Politikos atnaujinimai<\/strong><\/li>\n<\/ol>\n<p>\u0160i\u0105 slapuk\u0173 politik\u0105 galime periodi\u0161kai atnaujinti. Pakeitimai bus skelbiami \u0161iame puslapyje su atnaujinta \u012fsigaliojimo data. <\/p>\n<ol start=\"8\">\n<li><strong>  Susisiekite su mumis<\/strong><\/li>\n<\/ol>\n<p>Jei turite klausim\u0173 d\u0117l \u0161ios slapuk\u0173 politikos, susisiekite su mumis \u0161iuo adresu:<\/p>\n<p>KMAK Kelet-Magyarorsz\u00e1gi Adatk\u00f6zpont Kft.<\/p>\n<p>H-5000 Szolnok, Szap\u00e1ry utca 20.<\/p>\n<p>El. pa\u0161tas: info@vondetechnology.com<\/p>\n<p>Naudodamiesi m\u016bs\u0173 Svetaine sutinkate, kad slapukai b\u016bt\u0173 naudojami taip, kaip apra\u0161yta \u0161ioje Slapuk\u0173 politikoje.[\/vc_column_text][\/vc_column][\/vc_row]<\/p>\n<\/div>","protected":false},"excerpt":{"rendered":"<p>[vc_row][vc_column][vc_empty_space][vc_column_text el_class=&#8221;legal-text&#8221;]&#8220;Vonde Pro&#8221; svetain\u0117s slapuk\u0173 politika \u012esigaliojimo data: 2025 m. kovo 17 d. \u012evadas \u0160ioje slapuk\u0173 politikoje paai\u0161kinama, kaip &#8220;Vonde Technology&#8221; (&#8220;mes&#8221;, &#8220;mus&#8221; arba &#8220;m\u016bs\u0173&#8221;) naudoja slapukus ir pana\u0161ias technologijas &#8220;Vonde Pro&#8221; svetain\u0117je (toliau &#8211; Svetain\u0117). \u0160i politika netaikoma &#8220;Vonde Pro&#8221; mobiliajai program\u0117lei, kuriai taikoma atskira slapuk\u0173 politika. Kas yra slapukai? Slapukai &#8211; tai nedideli [&hellip;]<\/p>\n","protected":false},"author":1,"featured_media":0,"parent":0,"menu_order":0,"comment_status":"closed","ping_status":"closed","template":"","meta":{"footnotes":""},"class_list":["post-18231","page","type-page","status-publish","hentry"],"yoast_head":"<!-- This site is optimized with the Yoast SEO plugin v24.7 - https:\/\/yoast.com\/wordpress\/plugins\/seo\/ -->\n<title>&quot;Vonde Pro&quot; svetain\u0117s slapuk\u0173 politika - Vondetech<\/title>\n<meta name=\"robots\" content=\"index, follow, max-snippet:-1, max-image-preview:large, max-video-preview:-1\" \/>\n<link rel=\"canonical\" href=\"https:\/\/vondetech.com\/lt\/privatumo-politika\/\" \/>\n<meta property=\"og:locale\" content=\"lt_LT\" \/>\n<meta property=\"og:type\" content=\"article\" \/>\n<meta property=\"og:title\" content=\"&quot;Vonde Pro&quot; svetain\u0117s slapuk\u0173 politika - Vondetech\" \/>\n<meta property=\"og:description\" content=\"[vc_row][vc_column][vc_empty_space][vc_column_text el_class=&#8221;legal-text&#8221;]&#8220;Vonde Pro&#8221; svetain\u0117s slapuk\u0173 politika \u012esigaliojimo data: 2025 m. kovo 17 d. \u012evadas \u0160ioje slapuk\u0173 politikoje paai\u0161kinama, kaip &#8220;Vonde Technology&#8221; (&#8220;mes&#8221;, &#8220;mus&#8221; arba &#8220;m\u016bs\u0173&#8221;) naudoja slapukus ir pana\u0161ias technologijas &#8220;Vonde Pro&#8221; svetain\u0117je (toliau &#8211; Svetain\u0117). \u0160i politika netaikoma &#8220;Vonde Pro&#8221; mobiliajai program\u0117lei, kuriai taikoma atskira slapuk\u0173 politika. Kas yra slapukai? Slapukai &#8211; tai nedideli [&hellip;]\" \/>\n<meta property=\"og:url\" content=\"https:\/\/vondetech.com\/lt\/privatumo-politika\/\" \/>\n<meta property=\"og:site_name\" content=\"Vondetech\" \/>\n<meta property=\"article:modified_time\" content=\"2025-03-19T10:31:42+00:00\" \/>\n<meta name=\"twitter:card\" content=\"summary_large_image\" \/>\n<meta name=\"twitter:label1\" content=\"Est. reading time\" \/>\n\t<meta name=\"twitter:data1\" content=\"2 minut\u0117s\" \/>\n<script type=\"application\/ld+json\" class=\"yoast-schema-graph\">{\"@context\":\"https:\/\/schema.org\",\"@graph\":[{\"@type\":\"WebPage\",\"@id\":\"https:\/\/vondetech.com\/lt\/privatumo-politika\/\",\"url\":\"https:\/\/vondetech.com\/lt\/privatumo-politika\/\",\"name\":\"\\\"Vonde Pro\\\" svetain\u0117s slapuk\u0173 politika - Vondetech\",\"isPartOf\":{\"@id\":\"https:\/\/vondetech.com\/lt\/#website\"},\"datePublished\":\"2024-05-23T13:17:28+00:00\",\"dateModified\":\"2025-03-19T10:31:42+00:00\",\"breadcrumb\":{\"@id\":\"https:\/\/vondetech.com\/lt\/privatumo-politika\/#breadcrumb\"},\"inLanguage\":\"lt-LT\",\"potentialAction\":[{\"@type\":\"ReadAction\",\"target\":[\"https:\/\/vondetech.com\/lt\/privatumo-politika\/\"]}]},{\"@type\":\"BreadcrumbList\",\"@id\":\"https:\/\/vondetech.com\/lt\/privatumo-politika\/#breadcrumb\",\"itemListElement\":[{\"@type\":\"ListItem\",\"position\":1,\"name\":\"Pagrindinis\",\"item\":\"https:\/\/vondetech.com\/lt\/pagrindinis\/\"},{\"@type\":\"ListItem\",\"position\":2,\"name\":\"&#8222;Vonde Pro&#8221; svetain\u0117s slapuk\u0173 politika\"}]},{\"@type\":\"WebSite\",\"@id\":\"https:\/\/vondetech.com\/lt\/#website\",\"url\":\"https:\/\/vondetech.com\/lt\/\",\"name\":\"Vondetech\",\"description\":\"\",\"potentialAction\":[{\"@type\":\"SearchAction\",\"target\":{\"@type\":\"EntryPoint\",\"urlTemplate\":\"https:\/\/vondetech.com\/lt\/?s={search_term_string}\"},\"query-input\":{\"@type\":\"PropertyValueSpecification\",\"valueRequired\":true,\"valueName\":\"search_term_string\"}}],\"inLanguage\":\"lt-LT\"}]}<\/script>\n<!-- \/ Yoast SEO plugin. -->","yoast_head_json":{"title":"\"Vonde Pro\" svetain\u0117s slapuk\u0173 politika - Vondetech","robots":{"index":"index","follow":"follow","max-snippet":"max-snippet:-1","max-image-preview":"max-image-preview:large","max-video-preview":"max-video-preview:-1"},"canonical":"https:\/\/vondetech.com\/lt\/privatumo-politika\/","og_locale":"lt_LT","og_type":"article","og_title":"\"Vonde Pro\" svetain\u0117s slapuk\u0173 politika - Vondetech","og_description":"[vc_row][vc_column][vc_empty_space][vc_column_text el_class=&#8221;legal-text&#8221;]&#8220;Vonde Pro&#8221; svetain\u0117s slapuk\u0173 politika \u012esigaliojimo data: 2025 m. kovo 17 d. \u012evadas \u0160ioje slapuk\u0173 politikoje paai\u0161kinama, kaip &#8220;Vonde Technology&#8221; (&#8220;mes&#8221;, &#8220;mus&#8221; arba &#8220;m\u016bs\u0173&#8221;) naudoja slapukus ir pana\u0161ias technologijas &#8220;Vonde Pro&#8221; svetain\u0117je (toliau &#8211; Svetain\u0117). \u0160i politika netaikoma &#8220;Vonde Pro&#8221; mobiliajai program\u0117lei, kuriai taikoma atskira slapuk\u0173 politika. Kas yra slapukai? Slapukai &#8211; tai nedideli [&hellip;]","og_url":"https:\/\/vondetech.com\/lt\/privatumo-politika\/","og_site_name":"Vondetech","article_modified_time":"2025-03-19T10:31:42+00:00","twitter_card":"summary_large_image","twitter_misc":{"Est. reading time":"2 minut\u0117s"},"schema":{"@context":"https:\/\/schema.org","@graph":[{"@type":"WebPage","@id":"https:\/\/vondetech.com\/lt\/privatumo-politika\/","url":"https:\/\/vondetech.com\/lt\/privatumo-politika\/","name":"\"Vonde Pro\" svetain\u0117s slapuk\u0173 politika - Vondetech","isPartOf":{"@id":"https:\/\/vondetech.com\/lt\/#website"},"datePublished":"2024-05-23T13:17:28+00:00","dateModified":"2025-03-19T10:31:42+00:00","breadcrumb":{"@id":"https:\/\/vondetech.com\/lt\/privatumo-politika\/#breadcrumb"},"inLanguage":"lt-LT","potentialAction":[{"@type":"ReadAction","target":["https:\/\/vondetech.com\/lt\/privatumo-politika\/"]}]},{"@type":"BreadcrumbList","@id":"https:\/\/vondetech.com\/lt\/privatumo-politika\/#breadcrumb","itemListElement":[{"@type":"ListItem","position":1,"name":"Pagrindinis","item":"https:\/\/vondetech.com\/lt\/pagrindinis\/"},{"@type":"ListItem","position":2,"name":"&#8222;Vonde Pro&#8221; svetain\u0117s slapuk\u0173 politika"}]},{"@type":"WebSite","@id":"https:\/\/vondetech.com\/lt\/#website","url":"https:\/\/vondetech.com\/lt\/","name":"Vondetech","description":"","potentialAction":[{"@type":"SearchAction","target":{"@type":"EntryPoint","urlTemplate":"https:\/\/vondetech.com\/lt\/?s={search_term_string}"},"query-input":{"@type":"PropertyValueSpecification","valueRequired":true,"valueName":"search_term_string"}}],"inLanguage":"lt-LT"}]}},"_links":{"self":[{"href":"https:\/\/vondetech.com\/lt\/wp-json\/wp\/v2\/pages\/18231","targetHints":{"allow":["GET"]}}],"collection":[{"href":"https:\/\/vondetech.com\/lt\/wp-json\/wp\/v2\/pages"}],"about":[{"href":"https:\/\/vondetech.com\/lt\/wp-json\/wp\/v2\/types\/page"}],"author":[{"embeddable":true,"href":"https:\/\/vondetech.com\/lt\/wp-json\/wp\/v2\/users\/1"}],"replies":[{"embeddable":true,"href":"https:\/\/vondetech.com\/lt\/wp-json\/wp\/v2\/comments?post=18231"}],"version-history":[{"count":6,"href":"https:\/\/vondetech.com\/lt\/wp-json\/wp\/v2\/pages\/18231\/revisions"}],"predecessor-version":[{"id":19976,"href":"https:\/\/vondetech.com\/lt\/wp-json\/wp\/v2\/pages\/18231\/revisions\/19976"}],"wp:attachment":[{"href":"https:\/\/vondetech.com\/lt\/wp-json\/wp\/v2\/media?parent=18231"}],"curies":[{"name":"wp","href":"https:\/\/api.w.org\/{rel}","templated":true}]}}