{"id":8560,"date":"2024-05-23T15:17:28","date_gmt":"2024-05-23T13:17:28","guid":{"rendered":"https:\/\/vondetech.com\/informativa-sulla-privacy\/"},"modified":"2025-03-19T11:31:28","modified_gmt":"2025-03-19T10:31:28","slug":"informativa-sulla-privacy","status":"publish","type":"page","link":"https:\/\/vondetech.com\/it\/informativa-sulla-privacy\/","title":{"rendered":"Informativa sui cookie per il sito web di Vonde Pro"},"content":{"rendered":"<div class=\"wpb-content-wrapper\"><p>[vc_row][vc_column][vc_empty_space][vc_column_text el_class=&#8221;legal-text&#8221;]<strong>Informativa sui cookie per il sito web di Vonde Pro<\/strong><\/p>\n<p><strong>Data di entrata in vigore:<\/strong> 17 marzo 2025<\/p>\n<ol>\n<li><strong>  Introduzione<\/strong><\/li>\n<\/ol>\n<p>La presente Informativa sui Cookie spiega come Vonde Technology (&#8220;noi&#8221;, &#8220;ci&#8221; o &#8220;nostro&#8221;) utilizza i cookie e tecnologie simili sul sito web di Vonde Pro (&#8220;Sito&#8221;). Questa politica non si applica all&#8217;applicazione mobile Vonde Pro, che ha una propria Politica sui Cookie separata. <\/p>\n<ol start=\"2\">\n<li><strong>  Cosa sono i cookie?<\/strong><\/li>\n<\/ol>\n<p>I cookie sono piccoli file di testo memorizzati sul tuo dispositivo quando visiti il nostro sito web. I cookie ci aiutano ad analizzare il traffico del sito web e a migliorare l&#8217;esperienza degli utenti. <\/p>\n<ol start=\"3\">\n<li><strong>  Tipi di cookie che utilizziamo<\/strong><\/li>\n<\/ol>\n<ul>\n<li><strong>Cookie essenziali:<\/strong> Questi cookie sono necessari per il funzionamento di base del sito web. Ti permettono di navigare nel sito, di utilizzare funzioni essenziali come l&#8217;accesso al tuo account, l&#8217;aggiunta di articoli al carrello e l&#8217;accesso ad aree sicure del sito. <\/li>\n<li><strong>Cookie analitici:<\/strong> Ci permettono di riconoscere e contare i visitatori e di vedere come questi si muovono all&#8217;interno del sito web. Questo ci aiuta a migliorare l&#8217;usabilit\u00e0 e le prestazioni del sito web. Utilizziamo Google Analytics per raccogliere informazioni su come i visitatori utilizzano il nostro sito web. Questi cookie raccolgono dati quali il numero di visitatori, le pagine visitate e il tempo trascorso su ciascuna pagina.   <\/li>\n<\/ul>\n<ol start=\"4\">\n<li><strong>  Scopo dell&#8217;utilizzo dei cookie<\/strong><\/li>\n<\/ol>\n<p>Utilizziamo i cookie esclusivamente per:<\/p>\n<ul>\n<li>Monitoraggio e analisi delle statistiche di base dei visitatori e dell&#8217;utilizzo del sito web.<\/li>\n<li>Migliorare le prestazioni generali e l&#8217;esperienza dell&#8217;utente sul nostro sito web.<\/li>\n<\/ul>\n<ol start=\"5\">\n<li><strong>  Cookie di terze parti<\/strong><\/li>\n<\/ol>\n<ul>\n<li><strong>Google Analytics:<\/strong> Utilizziamo Google Analytics, un servizio di analisi web fornito da Google LLC. Google Analytics utilizza dei cookie per raccogliere informazioni sull&#8217;utilizzo del nostro sito web da parte degli utenti, compreso il loro indirizzo IP. Queste informazioni vengono trasmesse e memorizzate da Google su server situati negli Stati Uniti. Google utilizza queste informazioni per valutare l&#8217;utilizzo del nostro sito web, compilare report sulle attivit\u00e0 del sito web e fornire altri servizi relativi alle attivit\u00e0 del sito web e all&#8217;utilizzo di internet. Google pu\u00f2 anche trasferire queste informazioni a terzi ove ci\u00f2 sia richiesto dalla legge o laddove tali terzi trattino le informazioni per conto di Google. Per ulteriori informazioni sulle pratiche di Google in materia di privacy e sull&#8217;utilizzo dei cookie da parte di Google, consultare l&#8217;Informativa sulla privacy di Google:       [Link to Google&#8217;s Privacy Policy]<\/li>\n<\/ul>\n<ol start=\"6\">\n<li><strong>  Gestione dei cookie<\/strong><\/li>\n<\/ol>\n<p>Puoi controllare, bloccare o eliminare i cookie attraverso le impostazioni del tuo browser. La maggior parte dei browser accetta automaticamente i cookie, ma di solito \u00e8 possibile modificare le impostazioni del browser per rifiutarli. Per istruzioni su come gestire i cookie, consulta la documentazione d&#8217;aiuto del tuo browser. Ecco i link alle pagine di aiuto di alcuni browser popolari:   <\/p>\n<ul>\n<li>Google Chrome:  [Link to Chrome&#8217;s cookie settings help page]<\/li>\n<li>Mozilla Firefox:  [Link to Firefox&#8217;s cookie settings help page]<\/li>\n<li>Microsoft Edge:  [Link to Edge&#8217;s cookie settings help page]<\/li>\n<li>Apple Safari:  [Link to Safari&#8217;s cookie settings help page]<\/li>\n<\/ul>\n<p>I cookie possono essere di sessione o persistenti. I cookie di sessione sono cookie temporanei che vengono memorizzati sul tuo dispositivo fino alla chiusura del browser. I cookie persistenti rimangono sul tuo dispositivo per un periodo pi\u00f9 lungo o finch\u00e9 non li cancelli.  <\/p>\n<ol start=\"7\">\n<li><strong>  Aggiornamenti politici<\/strong><\/li>\n<\/ol>\n<p>Potremmo aggiornare periodicamente la presente Informativa sui cookie. Le modifiche saranno pubblicate su questa pagina con una data di entrata in vigore aggiornata. <\/p>\n<ol start=\"8\">\n<li><strong>  Contattaci<\/strong><\/li>\n<\/ol>\n<p>Per domande relative alla presente Politica sui cookie, contattaci all&#8217;indirizzo:<\/p>\n<p>KMAK Kelet-Magyarorsz\u00e1gi Adatk\u00f6zpont Kft.<\/p>\n<p>H-5000 Szolnok, Szap\u00e1ry utca 20.<\/p>\n<p>Email: info@vondetechnology.com<\/p>\n<p>Utilizzando il nostro sito web, acconsenti all&#8217;uso dei cookie come descritto nella presente Politica sui cookie.[\/vc_column_text][\/vc_column][\/vc_row]<\/p>\n<\/div>","protected":false},"excerpt":{"rendered":"<p>[vc_row][vc_column][vc_empty_space][vc_column_text el_class=&#8221;legal-text&#8221;]Informativa sui cookie per il sito web di Vonde Pro Data di entrata in vigore: 17 marzo 2025 Introduzione La presente Informativa sui Cookie spiega come Vonde Technology (&#8220;noi&#8221;, &#8220;ci&#8221; o &#8220;nostro&#8221;) utilizza i cookie e tecnologie simili sul sito web di Vonde Pro (&#8220;Sito&#8221;). Questa politica non si applica all&#8217;applicazione mobile Vonde Pro, [&hellip;]<\/p>\n","protected":false},"author":1,"featured_media":0,"parent":0,"menu_order":0,"comment_status":"closed","ping_status":"closed","template":"","meta":{"footnotes":""},"class_list":["post-8560","page","type-page","status-publish","hentry"],"yoast_head":"<!-- This site is optimized with the Yoast SEO plugin v24.7 - https:\/\/yoast.com\/wordpress\/plugins\/seo\/ -->\n<title>Informativa sui cookie per il sito web di Vonde Pro - Vondetech<\/title>\n<meta name=\"robots\" content=\"index, follow, max-snippet:-1, max-image-preview:large, max-video-preview:-1\" \/>\n<link rel=\"canonical\" href=\"https:\/\/vondetech.com\/it\/informativa-sulla-privacy\/\" \/>\n<meta property=\"og:locale\" content=\"it_IT\" \/>\n<meta property=\"og:type\" content=\"article\" \/>\n<meta property=\"og:title\" content=\"Informativa sui cookie per il sito web di Vonde Pro - Vondetech\" \/>\n<meta property=\"og:description\" content=\"[vc_row][vc_column][vc_empty_space][vc_column_text el_class=&#8221;legal-text&#8221;]Informativa sui cookie per il sito web di Vonde Pro Data di entrata in vigore: 17 marzo 2025 Introduzione La presente Informativa sui Cookie spiega come Vonde Technology (&#8220;noi&#8221;, &#8220;ci&#8221; o &#8220;nostro&#8221;) utilizza i cookie e tecnologie simili sul sito web di Vonde Pro (&#8220;Sito&#8221;). Questa politica non si applica all&#8217;applicazione mobile Vonde Pro, [&hellip;]\" \/>\n<meta property=\"og:url\" content=\"https:\/\/vondetech.com\/it\/informativa-sulla-privacy\/\" \/>\n<meta property=\"og:site_name\" content=\"Vondetech\" \/>\n<meta property=\"article:modified_time\" content=\"2025-03-19T10:31:28+00:00\" \/>\n<meta name=\"twitter:card\" content=\"summary_large_image\" \/>\n<meta name=\"twitter:label1\" content=\"Tempo di lettura stimato\" \/>\n\t<meta name=\"twitter:data1\" content=\"3 minuti\" \/>\n<script type=\"application\/ld+json\" class=\"yoast-schema-graph\">{\"@context\":\"https:\/\/schema.org\",\"@graph\":[{\"@type\":\"WebPage\",\"@id\":\"https:\/\/vondetech.com\/it\/informativa-sulla-privacy\/\",\"url\":\"https:\/\/vondetech.com\/it\/informativa-sulla-privacy\/\",\"name\":\"Informativa sui cookie per il sito web di Vonde Pro - Vondetech\",\"isPartOf\":{\"@id\":\"https:\/\/vondetech.com\/it\/#website\"},\"datePublished\":\"2024-05-23T13:17:28+00:00\",\"dateModified\":\"2025-03-19T10:31:28+00:00\",\"breadcrumb\":{\"@id\":\"https:\/\/vondetech.com\/it\/informativa-sulla-privacy\/#breadcrumb\"},\"inLanguage\":\"it-IT\",\"potentialAction\":[{\"@type\":\"ReadAction\",\"target\":[\"https:\/\/vondetech.com\/it\/informativa-sulla-privacy\/\"]}]},{\"@type\":\"BreadcrumbList\",\"@id\":\"https:\/\/vondetech.com\/it\/informativa-sulla-privacy\/#breadcrumb\",\"itemListElement\":[{\"@type\":\"ListItem\",\"position\":1,\"name\":\"Casa\",\"item\":\"https:\/\/vondetech.com\/it\/casa\/\"},{\"@type\":\"ListItem\",\"position\":2,\"name\":\"Informativa sui cookie per il sito web di Vonde Pro\"}]},{\"@type\":\"WebSite\",\"@id\":\"https:\/\/vondetech.com\/it\/#website\",\"url\":\"https:\/\/vondetech.com\/it\/\",\"name\":\"Vondetech\",\"description\":\"\",\"potentialAction\":[{\"@type\":\"SearchAction\",\"target\":{\"@type\":\"EntryPoint\",\"urlTemplate\":\"https:\/\/vondetech.com\/it\/?s={search_term_string}\"},\"query-input\":{\"@type\":\"PropertyValueSpecification\",\"valueRequired\":true,\"valueName\":\"search_term_string\"}}],\"inLanguage\":\"it-IT\"}]}<\/script>\n<!-- \/ Yoast SEO plugin. -->","yoast_head_json":{"title":"Informativa sui cookie per il sito web di Vonde Pro - Vondetech","robots":{"index":"index","follow":"follow","max-snippet":"max-snippet:-1","max-image-preview":"max-image-preview:large","max-video-preview":"max-video-preview:-1"},"canonical":"https:\/\/vondetech.com\/it\/informativa-sulla-privacy\/","og_locale":"it_IT","og_type":"article","og_title":"Informativa sui cookie per il sito web di Vonde Pro - Vondetech","og_description":"[vc_row][vc_column][vc_empty_space][vc_column_text el_class=&#8221;legal-text&#8221;]Informativa sui cookie per il sito web di Vonde Pro Data di entrata in vigore: 17 marzo 2025 Introduzione La presente Informativa sui Cookie spiega come Vonde Technology (&#8220;noi&#8221;, &#8220;ci&#8221; o &#8220;nostro&#8221;) utilizza i cookie e tecnologie simili sul sito web di Vonde Pro (&#8220;Sito&#8221;). Questa politica non si applica all&#8217;applicazione mobile Vonde Pro, [&hellip;]","og_url":"https:\/\/vondetech.com\/it\/informativa-sulla-privacy\/","og_site_name":"Vondetech","article_modified_time":"2025-03-19T10:31:28+00:00","twitter_card":"summary_large_image","twitter_misc":{"Tempo di lettura stimato":"3 minuti"},"schema":{"@context":"https:\/\/schema.org","@graph":[{"@type":"WebPage","@id":"https:\/\/vondetech.com\/it\/informativa-sulla-privacy\/","url":"https:\/\/vondetech.com\/it\/informativa-sulla-privacy\/","name":"Informativa sui cookie per il sito web di Vonde Pro - Vondetech","isPartOf":{"@id":"https:\/\/vondetech.com\/it\/#website"},"datePublished":"2024-05-23T13:17:28+00:00","dateModified":"2025-03-19T10:31:28+00:00","breadcrumb":{"@id":"https:\/\/vondetech.com\/it\/informativa-sulla-privacy\/#breadcrumb"},"inLanguage":"it-IT","potentialAction":[{"@type":"ReadAction","target":["https:\/\/vondetech.com\/it\/informativa-sulla-privacy\/"]}]},{"@type":"BreadcrumbList","@id":"https:\/\/vondetech.com\/it\/informativa-sulla-privacy\/#breadcrumb","itemListElement":[{"@type":"ListItem","position":1,"name":"Casa","item":"https:\/\/vondetech.com\/it\/casa\/"},{"@type":"ListItem","position":2,"name":"Informativa sui cookie per il sito web di Vonde Pro"}]},{"@type":"WebSite","@id":"https:\/\/vondetech.com\/it\/#website","url":"https:\/\/vondetech.com\/it\/","name":"Vondetech","description":"","potentialAction":[{"@type":"SearchAction","target":{"@type":"EntryPoint","urlTemplate":"https:\/\/vondetech.com\/it\/?s={search_term_string}"},"query-input":{"@type":"PropertyValueSpecification","valueRequired":true,"valueName":"search_term_string"}}],"inLanguage":"it-IT"}]}},"_links":{"self":[{"href":"https:\/\/vondetech.com\/it\/wp-json\/wp\/v2\/pages\/8560","targetHints":{"allow":["GET"]}}],"collection":[{"href":"https:\/\/vondetech.com\/it\/wp-json\/wp\/v2\/pages"}],"about":[{"href":"https:\/\/vondetech.com\/it\/wp-json\/wp\/v2\/types\/page"}],"author":[{"embeddable":true,"href":"https:\/\/vondetech.com\/it\/wp-json\/wp\/v2\/users\/1"}],"replies":[{"embeddable":true,"href":"https:\/\/vondetech.com\/it\/wp-json\/wp\/v2\/comments?post=8560"}],"version-history":[{"count":6,"href":"https:\/\/vondetech.com\/it\/wp-json\/wp\/v2\/pages\/8560\/revisions"}],"predecessor-version":[{"id":19973,"href":"https:\/\/vondetech.com\/it\/wp-json\/wp\/v2\/pages\/8560\/revisions\/19973"}],"wp:attachment":[{"href":"https:\/\/vondetech.com\/it\/wp-json\/wp\/v2\/media?parent=8560"}],"curies":[{"name":"wp","href":"https:\/\/api.w.org\/{rel}","templated":true}]}}