{"id":20857,"date":"2025-03-19T09:20:16","date_gmt":"2025-03-19T08:20:16","guid":{"rendered":"https:\/\/vondetech.com\/impronta-per-lapplicazione-vonde-pro\/"},"modified":"2025-03-20T15:58:28","modified_gmt":"2025-03-20T14:58:28","slug":"impronta-per-lapplicazione-vonde-pro","status":"publish","type":"page","link":"https:\/\/vondetech.com\/it\/impronta-per-lapplicazione-vonde-pro\/","title":{"rendered":"Impronta per l&#8217;applicazione Vonde Pro"},"content":{"rendered":"<div class=\"wpb-content-wrapper\"><p>[vc_row][vc_column][vc_empty_space][vc_column_text el_class=&#8221;legal-text&#8221;]<strong>Informazioni sull&#8217;azienda:<\/strong><\/p>\n<p>Tecnologia Vonde<\/p>\n<p><strong>Informazioni su Vonde Technology LLC:<\/strong><\/p>\n<p>Vonde Pro App \u00e8 un&#8217;applicazione mobile innovativa sviluppata e gestita grazie alla collaborazione di due entit\u00e0:<\/p>\n<ul>\n<li>Vonde Technology LLC (USA) gestisce i mercati globali e l&#8217;espansione internazionale.<\/li>\n<li>KMAK Kelet-Magyarorsz\u00e1gi Adatk\u00f6zpont Kft. (Europa, Ungheria) si occupa dello sviluppo e delle relative attivit\u00e0 operative.<\/li>\n<\/ul>\n<p><strong>Operato da:<\/strong><\/p>\n<p>KMAK Kelet-Magyarorsz\u00e1gi Adatk\u00f6zpont Kft.<\/p>\n<p><strong>Indirizzo registrato:<\/strong><\/p>\n<p>H-5000 Szolnok, Szap\u00e1ry utca 20. Ungheria<\/p>\n<p><strong>Informazioni di contatto:<\/strong><\/p>\n<p>Email: info@vondetechnology.com<\/p>\n<p><strong>Amministratore delegato:<\/strong><\/p>\n<p>Laszlo Berta<\/p>\n<p><strong>Registrazione dell&#8217;azienda:<\/strong><\/p>\n<p>D-U-N-S: 401605625<\/p>\n<p>Tribunale di registrazione: [indicare il tribunale di registrazione, ad esempio il tribunale regionale di Szolnok].<\/p>\n<p><strong>Numero di identificazione IVA:<\/strong><\/p>\n<p>HU24373427<\/p>\n<p><strong>Responsabile della protezione dei dati:<\/strong><\/p>\n<p>Per richieste di informazioni sulla protezione dei dati, si prega di contattare il nostro responsabile della protezione dei dati all&#8217;indirizzo:<\/p>\n<p>Email: info@vondetechnology.com<\/p>\n<p><strong>Esonero di responsabilit\u00e0:<\/strong><\/p>\n<p>Nonostante l&#8217;attento monitoraggio dei contenuti, non ci assumiamo alcuna responsabilit\u00e0 per i contenuti dei link esterni. I gestori delle pagine collegate sono gli unici responsabili del loro contenuto. <\/p>\n<p><strong>Risoluzione delle controversie:<\/strong><\/p>\n<p>In conformit\u00e0 con i regolamenti dell&#8217;Unione Europea, le controversie possono essere risolte tramite la piattaforma di risoluzione delle controversie online della Commissione Europea: http:\/\/ec.europa.eu\/consumers\/odr.<\/p>\n<p><strong>Informazioni di contatto:<\/strong><\/p>\n<p>Per informazioni generali:<\/p>\n<p>Email: info@vondetechnology.com<\/p>\n<p>Questo Impresszum \u00e8 conforme alle normative e agli standard dell&#8217;Unione Europea applicabili alle entit\u00e0 commerciali che operano nei mercati dell&#8217;Unione Europea.[\/vc_column_text][\/vc_column][\/vc_row]<\/p>\n<\/div>","protected":false},"excerpt":{"rendered":"<p>[vc_row][vc_column][vc_empty_space][vc_column_text el_class=&#8221;legal-text&#8221;]Informazioni sull&#8217;azienda: Tecnologia Vonde Informazioni su Vonde Technology LLC: Vonde Pro App \u00e8 un&#8217;applicazione mobile innovativa sviluppata e gestita grazie alla collaborazione di due entit\u00e0: Vonde Technology LLC (USA) gestisce i mercati globali e l&#8217;espansione internazionale. KMAK Kelet-Magyarorsz\u00e1gi Adatk\u00f6zpont Kft. (Europa, Ungheria) si occupa dello sviluppo e delle relative attivit\u00e0 operative. Operato da: KMAK [&hellip;]<\/p>\n","protected":false},"author":1,"featured_media":0,"parent":0,"menu_order":0,"comment_status":"closed","ping_status":"closed","template":"","meta":{"footnotes":""},"class_list":["post-20857","page","type-page","status-publish","hentry"],"yoast_head":"<!-- This site is optimized with the Yoast SEO plugin v24.7 - https:\/\/yoast.com\/wordpress\/plugins\/seo\/ -->\n<title>Impronta per l&#039;applicazione Vonde Pro - Vondetech<\/title>\n<meta name=\"robots\" content=\"index, follow, max-snippet:-1, max-image-preview:large, max-video-preview:-1\" \/>\n<link rel=\"canonical\" href=\"https:\/\/vondetech.com\/it\/impronta-per-lapplicazione-vonde-pro\/\" \/>\n<meta property=\"og:locale\" content=\"it_IT\" \/>\n<meta property=\"og:type\" content=\"article\" \/>\n<meta property=\"og:title\" content=\"Impronta per l&#039;applicazione Vonde Pro - Vondetech\" \/>\n<meta property=\"og:description\" content=\"[vc_row][vc_column][vc_empty_space][vc_column_text el_class=&#8221;legal-text&#8221;]Informazioni sull&#8217;azienda: Tecnologia Vonde Informazioni su Vonde Technology LLC: Vonde Pro App \u00e8 un&#8217;applicazione mobile innovativa sviluppata e gestita grazie alla collaborazione di due entit\u00e0: Vonde Technology LLC (USA) gestisce i mercati globali e l&#8217;espansione internazionale. KMAK Kelet-Magyarorsz\u00e1gi Adatk\u00f6zpont Kft. (Europa, Ungheria) si occupa dello sviluppo e delle relative attivit\u00e0 operative. Operato da: KMAK [&hellip;]\" \/>\n<meta property=\"og:url\" content=\"https:\/\/vondetech.com\/it\/impronta-per-lapplicazione-vonde-pro\/\" \/>\n<meta property=\"og:site_name\" content=\"Vondetech\" \/>\n<meta property=\"article:modified_time\" content=\"2025-03-20T14:58:28+00:00\" \/>\n<meta name=\"twitter:card\" content=\"summary_large_image\" \/>\n<meta name=\"twitter:label1\" content=\"Tempo di lettura stimato\" \/>\n\t<meta name=\"twitter:data1\" content=\"1 minuto\" \/>\n<script type=\"application\/ld+json\" class=\"yoast-schema-graph\">{\"@context\":\"https:\/\/schema.org\",\"@graph\":[{\"@type\":\"WebPage\",\"@id\":\"https:\/\/vondetech.com\/it\/impronta-per-lapplicazione-vonde-pro\/\",\"url\":\"https:\/\/vondetech.com\/it\/impronta-per-lapplicazione-vonde-pro\/\",\"name\":\"Impronta per l'applicazione Vonde Pro - Vondetech\",\"isPartOf\":{\"@id\":\"https:\/\/vondetech.com\/it\/#website\"},\"datePublished\":\"2025-03-19T08:20:16+00:00\",\"dateModified\":\"2025-03-20T14:58:28+00:00\",\"breadcrumb\":{\"@id\":\"https:\/\/vondetech.com\/it\/impronta-per-lapplicazione-vonde-pro\/#breadcrumb\"},\"inLanguage\":\"it-IT\",\"potentialAction\":[{\"@type\":\"ReadAction\",\"target\":[\"https:\/\/vondetech.com\/it\/impronta-per-lapplicazione-vonde-pro\/\"]}]},{\"@type\":\"BreadcrumbList\",\"@id\":\"https:\/\/vondetech.com\/it\/impronta-per-lapplicazione-vonde-pro\/#breadcrumb\",\"itemListElement\":[{\"@type\":\"ListItem\",\"position\":1,\"name\":\"Casa\",\"item\":\"https:\/\/vondetech.com\/it\/casa\/\"},{\"@type\":\"ListItem\",\"position\":2,\"name\":\"Impronta per l&#8217;applicazione Vonde Pro\"}]},{\"@type\":\"WebSite\",\"@id\":\"https:\/\/vondetech.com\/it\/#website\",\"url\":\"https:\/\/vondetech.com\/it\/\",\"name\":\"Vondetech\",\"description\":\"\",\"potentialAction\":[{\"@type\":\"SearchAction\",\"target\":{\"@type\":\"EntryPoint\",\"urlTemplate\":\"https:\/\/vondetech.com\/it\/?s={search_term_string}\"},\"query-input\":{\"@type\":\"PropertyValueSpecification\",\"valueRequired\":true,\"valueName\":\"search_term_string\"}}],\"inLanguage\":\"it-IT\"}]}<\/script>\n<!-- \/ Yoast SEO plugin. -->","yoast_head_json":{"title":"Impronta per l'applicazione Vonde Pro - Vondetech","robots":{"index":"index","follow":"follow","max-snippet":"max-snippet:-1","max-image-preview":"max-image-preview:large","max-video-preview":"max-video-preview:-1"},"canonical":"https:\/\/vondetech.com\/it\/impronta-per-lapplicazione-vonde-pro\/","og_locale":"it_IT","og_type":"article","og_title":"Impronta per l'applicazione Vonde Pro - Vondetech","og_description":"[vc_row][vc_column][vc_empty_space][vc_column_text el_class=&#8221;legal-text&#8221;]Informazioni sull&#8217;azienda: Tecnologia Vonde Informazioni su Vonde Technology LLC: Vonde Pro App \u00e8 un&#8217;applicazione mobile innovativa sviluppata e gestita grazie alla collaborazione di due entit\u00e0: Vonde Technology LLC (USA) gestisce i mercati globali e l&#8217;espansione internazionale. KMAK Kelet-Magyarorsz\u00e1gi Adatk\u00f6zpont Kft. (Europa, Ungheria) si occupa dello sviluppo e delle relative attivit\u00e0 operative. Operato da: KMAK [&hellip;]","og_url":"https:\/\/vondetech.com\/it\/impronta-per-lapplicazione-vonde-pro\/","og_site_name":"Vondetech","article_modified_time":"2025-03-20T14:58:28+00:00","twitter_card":"summary_large_image","twitter_misc":{"Tempo di lettura stimato":"1 minuto"},"schema":{"@context":"https:\/\/schema.org","@graph":[{"@type":"WebPage","@id":"https:\/\/vondetech.com\/it\/impronta-per-lapplicazione-vonde-pro\/","url":"https:\/\/vondetech.com\/it\/impronta-per-lapplicazione-vonde-pro\/","name":"Impronta per l'applicazione Vonde Pro - Vondetech","isPartOf":{"@id":"https:\/\/vondetech.com\/it\/#website"},"datePublished":"2025-03-19T08:20:16+00:00","dateModified":"2025-03-20T14:58:28+00:00","breadcrumb":{"@id":"https:\/\/vondetech.com\/it\/impronta-per-lapplicazione-vonde-pro\/#breadcrumb"},"inLanguage":"it-IT","potentialAction":[{"@type":"ReadAction","target":["https:\/\/vondetech.com\/it\/impronta-per-lapplicazione-vonde-pro\/"]}]},{"@type":"BreadcrumbList","@id":"https:\/\/vondetech.com\/it\/impronta-per-lapplicazione-vonde-pro\/#breadcrumb","itemListElement":[{"@type":"ListItem","position":1,"name":"Casa","item":"https:\/\/vondetech.com\/it\/casa\/"},{"@type":"ListItem","position":2,"name":"Impronta per l&#8217;applicazione Vonde Pro"}]},{"@type":"WebSite","@id":"https:\/\/vondetech.com\/it\/#website","url":"https:\/\/vondetech.com\/it\/","name":"Vondetech","description":"","potentialAction":[{"@type":"SearchAction","target":{"@type":"EntryPoint","urlTemplate":"https:\/\/vondetech.com\/it\/?s={search_term_string}"},"query-input":{"@type":"PropertyValueSpecification","valueRequired":true,"valueName":"search_term_string"}}],"inLanguage":"it-IT"}]}},"_links":{"self":[{"href":"https:\/\/vondetech.com\/it\/wp-json\/wp\/v2\/pages\/20857","targetHints":{"allow":["GET"]}}],"collection":[{"href":"https:\/\/vondetech.com\/it\/wp-json\/wp\/v2\/pages"}],"about":[{"href":"https:\/\/vondetech.com\/it\/wp-json\/wp\/v2\/types\/page"}],"author":[{"embeddable":true,"href":"https:\/\/vondetech.com\/it\/wp-json\/wp\/v2\/users\/1"}],"replies":[{"embeddable":true,"href":"https:\/\/vondetech.com\/it\/wp-json\/wp\/v2\/comments?post=20857"}],"version-history":[{"count":10,"href":"https:\/\/vondetech.com\/it\/wp-json\/wp\/v2\/pages\/20857\/revisions"}],"predecessor-version":[{"id":20911,"href":"https:\/\/vondetech.com\/it\/wp-json\/wp\/v2\/pages\/20857\/revisions\/20911"}],"wp:attachment":[{"href":"https:\/\/vondetech.com\/it\/wp-json\/wp\/v2\/media?parent=20857"}],"curies":[{"name":"wp","href":"https:\/\/api.w.org\/{rel}","templated":true}]}}