{"id":20823,"date":"2025-03-19T09:19:24","date_gmt":"2025-03-19T08:19:24","guid":{"rendered":"https:\/\/vondetech.com\/eula\/"},"modified":"2025-03-20T15:50:22","modified_gmt":"2025-03-20T14:50:22","slug":"eula","status":"publish","type":"page","link":"https:\/\/vondetech.com\/it\/eula\/","title":{"rendered":"EULA"},"content":{"rendered":"<div class=\"wpb-content-wrapper\"><p>[vc_row][vc_column][vc_empty_space][vc_column_text el_class=&#8221;legal-text&#8221;]<strong>IMPORTANTE &#8211; LEGGERE ATTENTAMENTE:<\/strong> Il presente Contratto di Licenza con l&#8217;Utente Finale (&#8220;EULA&#8221;) \u00e8 un accordo legale tra te (&#8220;Licenziatario&#8221; o &#8220;tu&#8221;) e KMAK Kelet-Magyarorsz\u00e1gi Adatk\u00f6zpont Kft. (&#8220;Licenziante&#8221; o &#8220;noi&#8221;) per l&#8217;applicazione software Vonde Pro App (&#8220;App&#8221;). Installando, copiando o utilizzando in altro modo l&#8217;App, accetti di essere vincolato dai termini del presente EULA. Se non accetti i termini del presente EULA, non installare o utilizzare l&#8217;App.   <\/p>\n<ol>\n<li><strong>  Concessione di licenza:<\/strong><\/li>\n<\/ol>\n<p>Il Licenziante ti concede una licenza limitata, non esclusiva, non trasferibile e revocabile per l&#8217;utilizzo dell&#8217;App su un singolo dispositivo mobile per uso personale e non commerciale.<\/p>\n<ol start=\"2\">\n<li><strong>  Restrizioni:<\/strong><\/li>\n<\/ol>\n<p>Non dovrai:<\/p>\n<ul>\n<li>Modificare, adattare o decodificare l&#8217;App o tentare di ricavarne il codice sorgente.<\/li>\n<li>Utilizzare l&#8217;App a fini commerciali o vendere, distribuire, affittare, sublicenziare, noleggiare, prestare o trasferire in altro modo l&#8217;App a terzi.<\/li>\n<li>Rimuovere, alterare o oscurare qualsiasi avviso relativo a copyright, marchi o altri diritti di propriet\u00e0.<\/li>\n<li>Utilizzare l&#8217;App in qualsiasi modo che violi le leggi o i regolamenti applicabili, infranga i diritti di propriet\u00e0 intellettuale di altri o tenti di aggirare le misure di sicurezza dell&#8217;App.<\/li>\n<li>Utilizzare l&#8217;App per qualsiasi attivit\u00e0 illegale, tra cui, a titolo esemplificativo e non esaustivo, la trasmissione o l&#8217;archiviazione di materiale illegale, o intraprendere qualsiasi attivit\u00e0 che possa danneggiare, disabilitare, sovraccaricare o compromettere l&#8217;App o i suoi servizi.<\/li>\n<\/ul>\n<ol start=\"3\">\n<li><strong>  Propriet\u00e0:<\/strong><\/li>\n<\/ol>\n<p>L&#8217;App \u00e8 di propriet\u00e0 del Licenziante ed \u00e8 protetta da copyright e da altre leggi sulla propriet\u00e0 intellettuale. La tua licenza non conferisce alcun titolo o propriet\u00e0 sull&#8217;App. <\/p>\n<ol start=\"4\">\n<li><strong>  Privacy:<\/strong><\/li>\n<\/ol>\n<p>L&#8217;utilizzo dell&#8217;App \u00e8 soggetto alla nostra Informativa sulla Privacy, che descrive in dettaglio le nostre pratiche di raccolta, elaborazione e protezione dei dati. Utilizzando l&#8217;App, l&#8217;utente acconsente ai termini indicati nell&#8217;Informativa sulla privacy. Puoi trovare la nostra Informativa sulla privacy all&#8217;indirizzo:    [Link to Privacy Policy]<\/p>\n<ol start=\"5\">\n<li><strong>  Esclusione di garanzie:<\/strong><\/li>\n<\/ol>\n<p>L&#8217;App \u00e8 fornita &#8220;COS\u00cc COM&#8217;\u00c8&#8221; e &#8220;COME DISPONIBILE&#8221; senza garanzie di alcun tipo. Vonde Technology non riconosce alcuna garanzia, sia essa espressa, implicita, legale o di altro tipo, incluse, a titolo esemplificativo, le garanzie implicite di commerciabilit\u00e0, idoneit\u00e0 per uno scopo particolare, non violazione, e qualsiasi garanzia derivante da un comportamento commerciale o dall&#8217;uso del commercio. <\/p>\n<ol start=\"6\">\n<li><strong>  Limitazione di responsabilit\u00e0:<\/strong><\/li>\n<\/ol>\n<p>Nella misura massima consentita dalla legge applicabile, in nessun caso Vonde Technology sar\u00e0 responsabile per qualsiasi danno indiretto, incidentale, speciale, consequenziale o punitivo (inclusi, senza limitazioni, i danni per perdita di profitti, dati o utilizzo) derivanti da o relativi all&#8217;utilizzo o all&#8217;impossibilit\u00e0 di utilizzare l&#8217;App da parte dell&#8217;utente, anche se Vonde Technology \u00e8 stata avvisata della possibilit\u00e0 di tali danni. La responsabilit\u00e0 totale di Vonde Technology nei tuoi confronti per qualsiasi reclamo derivante da o relativo al presente EULA o all&#8217;App sar\u00e0 limitata all&#8217;importo pagato da te, se del caso, per l&#8217;accesso all&#8217;App. <\/p>\n<ol start=\"7\">\n<li><strong>  Indennizzo:<\/strong><\/li>\n<\/ol>\n<p>Accetti di indennizzare e tenere indenne Vonde Technology, le sue affiliate, i suoi dipendenti, direttori e agenti da qualsiasi reclamo, danno, responsabilit\u00e0, perdita o spesa (incluse le ragionevoli spese legali) derivanti da o relativi all&#8217;uso improprio dell&#8217;App da parte tua, alla violazione del presente EULA o alla violazione di qualsiasi propriet\u00e0 intellettuale o altro diritto di qualsiasi persona o entit\u00e0.<\/p>\n<ol start=\"8\">\n<li><strong>  Terminazione:<\/strong><\/li>\n<\/ol>\n<p>Il presente EULA \u00e8 efficace fino alla sua risoluzione da parte tua o del Licenziante. Il Licenziante pu\u00f2 risolvere il presente EULA in qualsiasi momento se non rispetti uno o pi\u00f9 termini del presente EULA. In caso di risoluzione, dovrai cessare ogni utilizzo dell&#8217;App e distruggere tutte le copie, complete o parziali, dell&#8217;App.  <\/p>\n<ol start=\"9\">\n<li><strong>  Legge applicabile:<\/strong><\/li>\n<\/ol>\n<p>Il presente EULA \u00e8 disciplinato e interpretato in conformit\u00e0 alle leggi dell&#8217;Ungheria. Qualsiasi controversia derivante da o relativa al presente EULA sar\u00e0 soggetta alla giurisdizione esclusiva dei tribunali di Budapest, Ungheria. <\/p>\n<ol start=\"10\">\n<li><strong>  Modifiche al presente EULA:<\/strong><\/li>\n<\/ol>\n<p>Ci riserviamo il diritto di aggiornare o modificare periodicamente il presente EULA. Le modifiche sostanziali saranno comunicate all&#8217;utente tramite notifiche dell&#8217;applicazione, e-mail registrate o pubblicando un avviso all&#8217;interno dell&#8217;App o sul nostro sito web. L&#8217;uso continuato dell&#8217;App dopo tali modifiche costituisce l&#8217;accettazione dell&#8217;EULA modificato.  <\/p>\n<ol start=\"11\">\n<li><strong>  Informazioni di contatto:<\/strong><\/li>\n<\/ol>\n<p>Per domande relative al presente EULA o a qualsiasi altra questione correlata, contattaci all&#8217;indirizzo:<\/p>\n<p>KMAK Kelet-Magyarorsz\u00e1gi Adatk\u00f6zpont Kft.<\/p>\n<p>H-5000 Szolnok, Szap\u00e1ry utca 20.<\/p>\n<p>Email: info@vondetechnology.com<\/p>\n<p>Sito web: https:\/\/www.vondetech.com<\/p>\n<ol start=\"12\">\n<li><strong>  Intero Accordo:<\/strong><\/li>\n<\/ol>\n<p>Il presente EULA costituisce l&#8217;intero accordo tra l&#8217;utente e il Licenziante in merito all&#8217;App e sostituisce tutte le comunicazioni e le proposte precedenti o contemporanee, sia orali che scritte.[\/vc_column_text][\/vc_column][\/vc_row]<\/p>\n<\/div>","protected":false},"excerpt":{"rendered":"<p>[vc_row][vc_column][vc_empty_space][vc_column_text el_class=&#8221;legal-text&#8221;]IMPORTANTE &#8211; LEGGERE ATTENTAMENTE: Il presente Contratto di Licenza con l&#8217;Utente Finale (&#8220;EULA&#8221;) \u00e8 un accordo legale tra te (&#8220;Licenziatario&#8221; o &#8220;tu&#8221;) e KMAK Kelet-Magyarorsz\u00e1gi Adatk\u00f6zpont Kft. (&#8220;Licenziante&#8221; o &#8220;noi&#8221;) per l&#8217;applicazione software Vonde Pro App (&#8220;App&#8221;). Installando, copiando o utilizzando in altro modo l&#8217;App, accetti di essere vincolato dai termini del presente EULA. [&hellip;]<\/p>\n","protected":false},"author":1,"featured_media":0,"parent":0,"menu_order":0,"comment_status":"closed","ping_status":"closed","template":"","meta":{"footnotes":""},"class_list":["post-20823","page","type-page","status-publish","hentry"],"yoast_head":"<!-- This site is optimized with the Yoast SEO plugin v24.7 - https:\/\/yoast.com\/wordpress\/plugins\/seo\/ -->\n<title>EULA - Vondetech<\/title>\n<meta name=\"robots\" content=\"index, follow, max-snippet:-1, max-image-preview:large, max-video-preview:-1\" \/>\n<link rel=\"canonical\" href=\"https:\/\/vondetech.com\/it\/eula\/\" \/>\n<meta property=\"og:locale\" content=\"it_IT\" \/>\n<meta property=\"og:type\" content=\"article\" \/>\n<meta property=\"og:title\" content=\"EULA - Vondetech\" \/>\n<meta property=\"og:description\" content=\"[vc_row][vc_column][vc_empty_space][vc_column_text el_class=&#8221;legal-text&#8221;]IMPORTANTE &#8211; LEGGERE ATTENTAMENTE: Il presente Contratto di Licenza con l&#8217;Utente Finale (&#8220;EULA&#8221;) \u00e8 un accordo legale tra te (&#8220;Licenziatario&#8221; o &#8220;tu&#8221;) e KMAK Kelet-Magyarorsz\u00e1gi Adatk\u00f6zpont Kft. (&#8220;Licenziante&#8221; o &#8220;noi&#8221;) per l&#8217;applicazione software Vonde Pro App (&#8220;App&#8221;). Installando, copiando o utilizzando in altro modo l&#8217;App, accetti di essere vincolato dai termini del presente EULA. [&hellip;]\" \/>\n<meta property=\"og:url\" content=\"https:\/\/vondetech.com\/it\/eula\/\" \/>\n<meta property=\"og:site_name\" content=\"Vondetech\" \/>\n<meta property=\"article:modified_time\" content=\"2025-03-20T14:50:22+00:00\" \/>\n<meta name=\"twitter:card\" content=\"summary_large_image\" \/>\n<meta name=\"twitter:label1\" content=\"Tempo di lettura stimato\" \/>\n\t<meta name=\"twitter:data1\" content=\"4 minuti\" \/>\n<script type=\"application\/ld+json\" class=\"yoast-schema-graph\">{\"@context\":\"https:\/\/schema.org\",\"@graph\":[{\"@type\":\"WebPage\",\"@id\":\"https:\/\/vondetech.com\/it\/eula\/\",\"url\":\"https:\/\/vondetech.com\/it\/eula\/\",\"name\":\"EULA - Vondetech\",\"isPartOf\":{\"@id\":\"https:\/\/vondetech.com\/it\/#website\"},\"datePublished\":\"2025-03-19T08:19:24+00:00\",\"dateModified\":\"2025-03-20T14:50:22+00:00\",\"breadcrumb\":{\"@id\":\"https:\/\/vondetech.com\/it\/eula\/#breadcrumb\"},\"inLanguage\":\"it-IT\",\"potentialAction\":[{\"@type\":\"ReadAction\",\"target\":[\"https:\/\/vondetech.com\/it\/eula\/\"]}]},{\"@type\":\"BreadcrumbList\",\"@id\":\"https:\/\/vondetech.com\/it\/eula\/#breadcrumb\",\"itemListElement\":[{\"@type\":\"ListItem\",\"position\":1,\"name\":\"Casa\",\"item\":\"https:\/\/vondetech.com\/it\/casa\/\"},{\"@type\":\"ListItem\",\"position\":2,\"name\":\"EULA\"}]},{\"@type\":\"WebSite\",\"@id\":\"https:\/\/vondetech.com\/it\/#website\",\"url\":\"https:\/\/vondetech.com\/it\/\",\"name\":\"Vondetech\",\"description\":\"\",\"potentialAction\":[{\"@type\":\"SearchAction\",\"target\":{\"@type\":\"EntryPoint\",\"urlTemplate\":\"https:\/\/vondetech.com\/it\/?s={search_term_string}\"},\"query-input\":{\"@type\":\"PropertyValueSpecification\",\"valueRequired\":true,\"valueName\":\"search_term_string\"}}],\"inLanguage\":\"it-IT\"}]}<\/script>\n<!-- \/ Yoast SEO plugin. -->","yoast_head_json":{"title":"EULA - Vondetech","robots":{"index":"index","follow":"follow","max-snippet":"max-snippet:-1","max-image-preview":"max-image-preview:large","max-video-preview":"max-video-preview:-1"},"canonical":"https:\/\/vondetech.com\/it\/eula\/","og_locale":"it_IT","og_type":"article","og_title":"EULA - Vondetech","og_description":"[vc_row][vc_column][vc_empty_space][vc_column_text el_class=&#8221;legal-text&#8221;]IMPORTANTE &#8211; LEGGERE ATTENTAMENTE: Il presente Contratto di Licenza con l&#8217;Utente Finale (&#8220;EULA&#8221;) \u00e8 un accordo legale tra te (&#8220;Licenziatario&#8221; o &#8220;tu&#8221;) e KMAK Kelet-Magyarorsz\u00e1gi Adatk\u00f6zpont Kft. (&#8220;Licenziante&#8221; o &#8220;noi&#8221;) per l&#8217;applicazione software Vonde Pro App (&#8220;App&#8221;). Installando, copiando o utilizzando in altro modo l&#8217;App, accetti di essere vincolato dai termini del presente EULA. [&hellip;]","og_url":"https:\/\/vondetech.com\/it\/eula\/","og_site_name":"Vondetech","article_modified_time":"2025-03-20T14:50:22+00:00","twitter_card":"summary_large_image","twitter_misc":{"Tempo di lettura stimato":"4 minuti"},"schema":{"@context":"https:\/\/schema.org","@graph":[{"@type":"WebPage","@id":"https:\/\/vondetech.com\/it\/eula\/","url":"https:\/\/vondetech.com\/it\/eula\/","name":"EULA - Vondetech","isPartOf":{"@id":"https:\/\/vondetech.com\/it\/#website"},"datePublished":"2025-03-19T08:19:24+00:00","dateModified":"2025-03-20T14:50:22+00:00","breadcrumb":{"@id":"https:\/\/vondetech.com\/it\/eula\/#breadcrumb"},"inLanguage":"it-IT","potentialAction":[{"@type":"ReadAction","target":["https:\/\/vondetech.com\/it\/eula\/"]}]},{"@type":"BreadcrumbList","@id":"https:\/\/vondetech.com\/it\/eula\/#breadcrumb","itemListElement":[{"@type":"ListItem","position":1,"name":"Casa","item":"https:\/\/vondetech.com\/it\/casa\/"},{"@type":"ListItem","position":2,"name":"EULA"}]},{"@type":"WebSite","@id":"https:\/\/vondetech.com\/it\/#website","url":"https:\/\/vondetech.com\/it\/","name":"Vondetech","description":"","potentialAction":[{"@type":"SearchAction","target":{"@type":"EntryPoint","urlTemplate":"https:\/\/vondetech.com\/it\/?s={search_term_string}"},"query-input":{"@type":"PropertyValueSpecification","valueRequired":true,"valueName":"search_term_string"}}],"inLanguage":"it-IT"}]}},"_links":{"self":[{"href":"https:\/\/vondetech.com\/it\/wp-json\/wp\/v2\/pages\/20823","targetHints":{"allow":["GET"]}}],"collection":[{"href":"https:\/\/vondetech.com\/it\/wp-json\/wp\/v2\/pages"}],"about":[{"href":"https:\/\/vondetech.com\/it\/wp-json\/wp\/v2\/types\/page"}],"author":[{"embeddable":true,"href":"https:\/\/vondetech.com\/it\/wp-json\/wp\/v2\/users\/1"}],"replies":[{"embeddable":true,"href":"https:\/\/vondetech.com\/it\/wp-json\/wp\/v2\/comments?post=20823"}],"version-history":[{"count":6,"href":"https:\/\/vondetech.com\/it\/wp-json\/wp\/v2\/pages\/20823\/revisions"}],"predecessor-version":[{"id":20854,"href":"https:\/\/vondetech.com\/it\/wp-json\/wp\/v2\/pages\/20823\/revisions\/20854"}],"wp:attachment":[{"href":"https:\/\/vondetech.com\/it\/wp-json\/wp\/v2\/media?parent=20823"}],"curies":[{"name":"wp","href":"https:\/\/api.w.org\/{rel}","templated":true}]}}