{"id":6846,"date":"2024-05-23T15:08:00","date_gmt":"2024-05-23T13:08:00","guid":{"rendered":"https:\/\/vondetech.com\/visszateritesi-es-visszateritesi-politika\/"},"modified":"2025-03-21T07:57:49","modified_gmt":"2025-03-21T06:57:49","slug":"visszakuldesi-es-visszateritesi-szabalyzat","status":"publish","type":"page","link":"https:\/\/vondetech.com\/hu\/visszakuldesi-es-visszateritesi-szabalyzat\/","title":{"rendered":"A Vonde Pro App visszat\u00e9r\u00edt\u00e9si \u00e9s lemond\u00e1si szab\u00e1lyzata"},"content":{"rendered":"<div class=\"wpb-content-wrapper\"><p>[vc_row][vc_column][vc_empty_space][vc_column_text el_class=&#8221;legal-text&#8221;]<strong>Hat\u00e1lyos d\u00e1tum:<\/strong> m\u00e1rcius 17, 2025<\/p>\n<ol>\n<li><strong>  Bevezet\u00e9s<\/strong><\/li>\n<\/ol>\n<p>Ez a visszat\u00e9r\u00edt\u00e9si \u00e9s lemond\u00e1si szab\u00e1lyzat a Vonde Technology (&#8220;mi&#8221;, &#8220;minket&#8221;, &#8220;mi\u00e9nk&#8221;) \u00e1ltal a Vonde Pro alkalmaz\u00e1sban (&#8220;alkalmaz\u00e1s&#8221;) v\u00e9grehajtott v\u00e1s\u00e1rl\u00e1sok \u00e9s el\u0151fizet\u00e9sek visszat\u00e9r\u00edt\u00e9s\u00e9re \u00e9s lemond\u00e1s\u00e1ra vonatkoz\u00f3 elj\u00e1r\u00e1sokat \u00e9s felt\u00e9teleket \u00edrja le. Mivel a Vonde Pro App kiz\u00e1r\u00f3lag az Apple App Store \u00e9s a Google Play Store \u00e1ruh\u00e1zon kereszt\u00fcl \u00e9rhet\u0151 el, minden tranzakci\u00f3ra, lemond\u00e1sra \u00e9s visszat\u00e9r\u00edt\u00e9sre az adott \u00e1ruh\u00e1zak ir\u00e1nyelvei vonatkoznak. <\/p>\n<ol start=\"2\">\n<li><strong>  El\u0151fizet\u00e9sek t\u00f6rl\u00e9se<\/strong><\/li>\n<\/ol>\n<p>A felhaszn\u00e1l\u00f3k b\u00e1rmikor lemondhatj\u00e1k az el\u0151fizet\u00e9seket az Apple App Store vagy a Google Play Store fi\u00f3kjuk be\u00e1ll\u00edt\u00e1sain kereszt\u00fcl. R\u00e9szletes utas\u00edt\u00e1sokat a k\u00f6vetkez\u0151 forr\u00e1sokban tal\u00e1l: <\/p>\n<ul>\n<li><strong>Apple App Store:<\/strong> [https:\/\/support .apple.com\/en-us\/118428]<\/li>\n<li><strong>Google Play \u00c1ruh\u00e1z:<\/strong> [https:\/\/support .google.com=&#8221;&#8221;]<\/li>\n<\/ul>\n<p>A t\u00f6rl\u00e9si k\u00e9relmek az aktu\u00e1lis sz\u00e1ml\u00e1z\u00e1si ciklus v\u00e9g\u00e9n l\u00e9pnek hat\u00e1lyba. A fel nem haszn\u00e1lt el\u0151fizet\u00e9si id\u0151szakokra nem j\u00e1r visszat\u00e9r\u00edt\u00e9s vagy r\u00e9szleges visszat\u00e9r\u00edt\u00e9s, kiv\u00e9ve, ha ezt t\u00f6rv\u00e9ny \u00edrja el\u0151, vagy az Apple vagy a Google az \u00e9rt\u00e9kes\u00edt\u00e9s hely\u00e9n kifejezetten m\u00e1sk\u00e9nt rendelkezik. <\/p>\n<ol start=\"3\">\n<li><strong>  Visszat\u00e9r\u00edt\u00e9si jogosults\u00e1g<\/strong><\/li>\n<\/ol>\n<p>A Vonde Pro alkalmaz\u00e1son kereszt\u00fcl t\u00f6rt\u00e9nt v\u00e1s\u00e1rl\u00e1sokra vagy el\u0151fizet\u00e9sekre vonatkoz\u00f3 visszat\u00e9r\u00edt\u00e9sekre az Apple App Store vagy a Google Play Store visszat\u00e9r\u00edt\u00e9si szab\u00e1lyzata vonatkozik, att\u00f3l f\u00fcgg\u0151en, hogy hol t\u00f6rt\u00e9nt a tranzakci\u00f3. \u00c1ltal\u00e1ban a visszat\u00e9r\u00edt\u00e9s az Apple vagy a Google \u00e1ltal meghat\u00e1rozott al\u00e1bbi k\u00f6r\u00fclm\u00e9nyek k\u00f6z\u00f6tt ny\u00fajthat\u00f3: <\/p>\n<ul>\n<li>Az Alkalmaz\u00e1s technikai probl\u00e9m\u00e1i vagy meghib\u00e1sod\u00e1sai, amelyek megakad\u00e1lyozz\u00e1k a fizet\u0151s szolg\u00e1ltat\u00e1sok haszn\u00e1lat\u00e1t, \u00e9s amelyeket nem tudunk \u00e9sszer\u0171 id\u0151n bel\u00fcl megoldani.<\/li>\n<li>Bizony\u00edtottan jogosulatlan tranzakci\u00f3k, amelyek nem a felhaszn\u00e1l\u00f3k gondatlans\u00e1ga miatt bek\u00f6vetkezett biztons\u00e1gi r\u00e9sek miatt t\u00f6rt\u00e9ntek.<\/li>\n<\/ul>\n<p>A kiz\u00e1r\u00f3lag a szolg\u00e1ltat\u00e1ssal val\u00f3 el\u00e9gedetlens\u00e9gen vagy megv\u00e1ltozott szem\u00e9lyes k\u00f6r\u00fclm\u00e9nyeken alapul\u00f3 visszat\u00e9r\u00edt\u00e9si k\u00e9relmek \u00e1ltal\u00e1ban nem t\u00e1mogathat\u00f3k, mivel ezeket az Apple vagy a Google m\u00e9rlegel\u00e9si jogk\u00f6r\u00e9ben kezelik.<\/p>\n<ol start=\"4\">\n<li><strong>  Visszat\u00e9r\u00edt\u00e9si k\u00e9relem elj\u00e1r\u00e1s<\/strong><\/li>\n<\/ol>\n<p>Minden visszat\u00e9r\u00edt\u00e9si k\u00e9relmet az Apple App Store vagy a Google Play Store ir\u00e1nyelveinek \u00e9s elj\u00e1r\u00e1sainak megfelel\u0151en kell beny\u00fajtani. A visszat\u00e9r\u00edt\u00e9s ig\u00e9nyl\u00e9s\u00e9hez k\u00e9rj\u00fck, k\u00f6vesse az adott \u00e1ruh\u00e1z \u00e1ltal megadott utas\u00edt\u00e1sokat: <\/p>\n<ul>\n<li><strong>Apple App Store:<\/strong> [https:\/\/support .apple.com\/en-gb\/118223]<\/li>\n<li><strong>Google Play \u00c1ruh\u00e1z:<\/strong> [https:\/\/support .google.com=&#8221;&#8221;]<\/li>\n<\/ul>\n<p>A visszat\u00e9r\u00edt\u00e9si k\u00e9relmekkel kapcsolatos b\u00e1rmilyen kommunik\u00e1ci\u00f3t a megfelel\u0151 alkalmaz\u00e1sboltba kell ir\u00e1ny\u00edtani.<\/p>\n<ol start=\"5\">\n<li><strong>  Visszat\u00e9r\u00edt\u00e9s feldolgoz\u00e1sa<\/strong><\/li>\n<\/ol>\n<p>A j\u00f3v\u00e1hagyott visszat\u00e9r\u00edt\u00e9seket az Apple vagy a Google az eredeti fizet\u00e9si m\u00f3dszeren kereszt\u00fcl dolgozza fel. A feldolgoz\u00e1si id\u0151 a fizet\u00e9si szolg\u00e1ltat\u00f3kt\u00f3l \u00e9s az alkalmaz\u00e1sboltok szab\u00e1lyait\u00f3l f\u00fcgg\u0151en v\u00e1ltozhat. <\/p>\n<ol start=\"6\">\n<li><strong>  Korl\u00e1toz\u00e1sok<\/strong><\/li>\n<\/ol>\n<p>V\u00e1llalatunk fenntartja a jogot, hogy megtagadja az Apple App Store vagy a Google Play Store ir\u00e1nyelveinek nem megfelel\u0151 visszat\u00e9r\u00edt\u00e9si k\u00e9relmekkel kapcsolatos seg\u00edts\u00e9gny\u00fajt\u00e1st.<\/p>\n<ol start=\"7\">\n<li><strong>  A jelen szab\u00e1lyzat m\u00f3dos\u00edt\u00e1sai<\/strong><\/li>\n<\/ol>\n<p>Ez a visszat\u00e9r\u00edt\u00e9si \u00e9s lemond\u00e1si szab\u00e1lyzat id\u0151szakosan friss\u00fclhet. A jelent\u0151s v\u00e1ltoz\u00e1sokr\u00f3l az alkalmaz\u00e1s \u00e9rtes\u00edt\u00e9sein vagy regisztr\u00e1lt e-mailben \u00e9rtes\u00edtj\u00fck. <\/p>\n<ol start=\"8\">\n<li><strong>  Kapcsolattart\u00e1si inform\u00e1ci\u00f3k<\/strong><\/li>\n<\/ol>\n<p>A jelen ir\u00e1nyelvvel kapcsolatos k\u00e9rd\u00e9sekkel vagy seg\u00edts\u00e9ggel kapcsolatban forduljon a k\u00f6vetkez\u0151 c\u00edmre:<\/p>\n<p>KMAK Kelet-Magyarorsz\u00e1gi Adatk\u00f6zpont Kft.<\/p>\n<p>H-5000 Szolnok, Szap\u00e1ry utca 20.<\/p>\n<p>E-mail: info@vondetechnology.com<\/p>\n<p>A Vonde Pro alkalmaz\u00e1son bel\u00fcli v\u00e1s\u00e1rl\u00e1ssal vagy el\u0151fizet\u00e9ssel \u00d6n tudom\u00e1sul veszi \u00e9s elfogadja a jelen visszat\u00e9r\u00edt\u00e9si \u00e9s lemond\u00e1si szab\u00e1lyzat felt\u00e9teleit, \u00e9s meg\u00e9rti, hogy a visszat\u00e9r\u00edt\u00e9si \u00e9s lemond\u00e1si folyamatokra az Apple App Store vagy a Google Play Store szab\u00e1lyzatai vonatkoznak.[\/vc_column_text][\/vc_column][\/vc_row]<\/p>\n<\/div>","protected":false},"excerpt":{"rendered":"<p>[vc_row][vc_column][vc_empty_space][vc_column_text el_class=&#8221;legal-text&#8221;]Hat\u00e1lyos d\u00e1tum: m\u00e1rcius 17, 2025 Bevezet\u00e9s Ez a visszat\u00e9r\u00edt\u00e9si \u00e9s lemond\u00e1si szab\u00e1lyzat a Vonde Technology (&#8220;mi&#8221;, &#8220;minket&#8221;, &#8220;mi\u00e9nk&#8221;) \u00e1ltal a Vonde Pro alkalmaz\u00e1sban (&#8220;alkalmaz\u00e1s&#8221;) v\u00e9grehajtott v\u00e1s\u00e1rl\u00e1sok \u00e9s el\u0151fizet\u00e9sek visszat\u00e9r\u00edt\u00e9s\u00e9re \u00e9s lemond\u00e1s\u00e1ra vonatkoz\u00f3 elj\u00e1r\u00e1sokat \u00e9s felt\u00e9teleket \u00edrja le. Mivel a Vonde Pro App kiz\u00e1r\u00f3lag az Apple App Store \u00e9s a Google Play Store \u00e1ruh\u00e1zon kereszt\u00fcl [&hellip;]<\/p>\n","protected":false},"author":1,"featured_media":0,"parent":0,"menu_order":0,"comment_status":"closed","ping_status":"closed","template":"","meta":{"footnotes":""},"class_list":["post-6846","page","type-page","status-publish","hentry"],"yoast_head":"<!-- This site is optimized with the Yoast SEO plugin v24.7 - https:\/\/yoast.com\/wordpress\/plugins\/seo\/ -->\n<title>A Vonde Pro App visszat\u00e9r\u00edt\u00e9si \u00e9s lemond\u00e1si szab\u00e1lyzata - Vondetech<\/title>\n<meta name=\"robots\" content=\"index, follow, max-snippet:-1, max-image-preview:large, max-video-preview:-1\" \/>\n<link rel=\"canonical\" href=\"https:\/\/vondetech.com\/hu\/visszakuldesi-es-visszateritesi-szabalyzat\/\" \/>\n<meta property=\"og:locale\" content=\"hu_HU\" \/>\n<meta property=\"og:type\" content=\"article\" \/>\n<meta property=\"og:title\" content=\"A Vonde Pro App visszat\u00e9r\u00edt\u00e9si \u00e9s lemond\u00e1si szab\u00e1lyzata - Vondetech\" \/>\n<meta property=\"og:description\" content=\"[vc_row][vc_column][vc_empty_space][vc_column_text el_class=&#8221;legal-text&#8221;]Hat\u00e1lyos d\u00e1tum: m\u00e1rcius 17, 2025 Bevezet\u00e9s Ez a visszat\u00e9r\u00edt\u00e9si \u00e9s lemond\u00e1si szab\u00e1lyzat a Vonde Technology (&#8220;mi&#8221;, &#8220;minket&#8221;, &#8220;mi\u00e9nk&#8221;) \u00e1ltal a Vonde Pro alkalmaz\u00e1sban (&#8220;alkalmaz\u00e1s&#8221;) v\u00e9grehajtott v\u00e1s\u00e1rl\u00e1sok \u00e9s el\u0151fizet\u00e9sek visszat\u00e9r\u00edt\u00e9s\u00e9re \u00e9s lemond\u00e1s\u00e1ra vonatkoz\u00f3 elj\u00e1r\u00e1sokat \u00e9s felt\u00e9teleket \u00edrja le. Mivel a Vonde Pro App kiz\u00e1r\u00f3lag az Apple App Store \u00e9s a Google Play Store \u00e1ruh\u00e1zon kereszt\u00fcl [&hellip;]\" \/>\n<meta property=\"og:url\" content=\"https:\/\/vondetech.com\/hu\/visszakuldesi-es-visszateritesi-szabalyzat\/\" \/>\n<meta property=\"og:site_name\" content=\"Vondetech\" \/>\n<meta property=\"article:modified_time\" content=\"2025-03-21T06:57:49+00:00\" \/>\n<meta name=\"twitter:card\" content=\"summary_large_image\" \/>\n<meta name=\"twitter:label1\" content=\"Becs\u00fclt olvas\u00e1si id\u0151\" \/>\n\t<meta name=\"twitter:data1\" content=\"4 perc\" \/>\n<script type=\"application\/ld+json\" class=\"yoast-schema-graph\">{\"@context\":\"https:\/\/schema.org\",\"@graph\":[{\"@type\":\"WebPage\",\"@id\":\"https:\/\/vondetech.com\/hu\/visszakuldesi-es-visszateritesi-szabalyzat\/\",\"url\":\"https:\/\/vondetech.com\/hu\/visszakuldesi-es-visszateritesi-szabalyzat\/\",\"name\":\"A Vonde Pro App visszat\u00e9r\u00edt\u00e9si \u00e9s lemond\u00e1si szab\u00e1lyzata - Vondetech\",\"isPartOf\":{\"@id\":\"https:\/\/vondetech.com\/hu\/#website\"},\"datePublished\":\"2024-05-23T13:08:00+00:00\",\"dateModified\":\"2025-03-21T06:57:49+00:00\",\"breadcrumb\":{\"@id\":\"https:\/\/vondetech.com\/hu\/visszakuldesi-es-visszateritesi-szabalyzat\/#breadcrumb\"},\"inLanguage\":\"hu\",\"potentialAction\":[{\"@type\":\"ReadAction\",\"target\":[\"https:\/\/vondetech.com\/hu\/visszakuldesi-es-visszateritesi-szabalyzat\/\"]}]},{\"@type\":\"BreadcrumbList\",\"@id\":\"https:\/\/vondetech.com\/hu\/visszakuldesi-es-visszateritesi-szabalyzat\/#breadcrumb\",\"itemListElement\":[{\"@type\":\"ListItem\",\"position\":1,\"name\":\"Home\",\"item\":\"https:\/\/vondetech.com\/hu\/\"},{\"@type\":\"ListItem\",\"position\":2,\"name\":\"A Vonde Pro App visszat\u00e9r\u00edt\u00e9si \u00e9s lemond\u00e1si szab\u00e1lyzata\"}]},{\"@type\":\"WebSite\",\"@id\":\"https:\/\/vondetech.com\/hu\/#website\",\"url\":\"https:\/\/vondetech.com\/hu\/\",\"name\":\"Vondetech\",\"description\":\"\",\"potentialAction\":[{\"@type\":\"SearchAction\",\"target\":{\"@type\":\"EntryPoint\",\"urlTemplate\":\"https:\/\/vondetech.com\/hu\/?s={search_term_string}\"},\"query-input\":{\"@type\":\"PropertyValueSpecification\",\"valueRequired\":true,\"valueName\":\"search_term_string\"}}],\"inLanguage\":\"hu\"}]}<\/script>\n<!-- \/ Yoast SEO plugin. -->","yoast_head_json":{"title":"A Vonde Pro App visszat\u00e9r\u00edt\u00e9si \u00e9s lemond\u00e1si szab\u00e1lyzata - Vondetech","robots":{"index":"index","follow":"follow","max-snippet":"max-snippet:-1","max-image-preview":"max-image-preview:large","max-video-preview":"max-video-preview:-1"},"canonical":"https:\/\/vondetech.com\/hu\/visszakuldesi-es-visszateritesi-szabalyzat\/","og_locale":"hu_HU","og_type":"article","og_title":"A Vonde Pro App visszat\u00e9r\u00edt\u00e9si \u00e9s lemond\u00e1si szab\u00e1lyzata - Vondetech","og_description":"[vc_row][vc_column][vc_empty_space][vc_column_text el_class=&#8221;legal-text&#8221;]Hat\u00e1lyos d\u00e1tum: m\u00e1rcius 17, 2025 Bevezet\u00e9s Ez a visszat\u00e9r\u00edt\u00e9si \u00e9s lemond\u00e1si szab\u00e1lyzat a Vonde Technology (&#8220;mi&#8221;, &#8220;minket&#8221;, &#8220;mi\u00e9nk&#8221;) \u00e1ltal a Vonde Pro alkalmaz\u00e1sban (&#8220;alkalmaz\u00e1s&#8221;) v\u00e9grehajtott v\u00e1s\u00e1rl\u00e1sok \u00e9s el\u0151fizet\u00e9sek visszat\u00e9r\u00edt\u00e9s\u00e9re \u00e9s lemond\u00e1s\u00e1ra vonatkoz\u00f3 elj\u00e1r\u00e1sokat \u00e9s felt\u00e9teleket \u00edrja le. Mivel a Vonde Pro App kiz\u00e1r\u00f3lag az Apple App Store \u00e9s a Google Play Store \u00e1ruh\u00e1zon kereszt\u00fcl [&hellip;]","og_url":"https:\/\/vondetech.com\/hu\/visszakuldesi-es-visszateritesi-szabalyzat\/","og_site_name":"Vondetech","article_modified_time":"2025-03-21T06:57:49+00:00","twitter_card":"summary_large_image","twitter_misc":{"Becs\u00fclt olvas\u00e1si id\u0151":"4 perc"},"schema":{"@context":"https:\/\/schema.org","@graph":[{"@type":"WebPage","@id":"https:\/\/vondetech.com\/hu\/visszakuldesi-es-visszateritesi-szabalyzat\/","url":"https:\/\/vondetech.com\/hu\/visszakuldesi-es-visszateritesi-szabalyzat\/","name":"A Vonde Pro App visszat\u00e9r\u00edt\u00e9si \u00e9s lemond\u00e1si szab\u00e1lyzata - Vondetech","isPartOf":{"@id":"https:\/\/vondetech.com\/hu\/#website"},"datePublished":"2024-05-23T13:08:00+00:00","dateModified":"2025-03-21T06:57:49+00:00","breadcrumb":{"@id":"https:\/\/vondetech.com\/hu\/visszakuldesi-es-visszateritesi-szabalyzat\/#breadcrumb"},"inLanguage":"hu","potentialAction":[{"@type":"ReadAction","target":["https:\/\/vondetech.com\/hu\/visszakuldesi-es-visszateritesi-szabalyzat\/"]}]},{"@type":"BreadcrumbList","@id":"https:\/\/vondetech.com\/hu\/visszakuldesi-es-visszateritesi-szabalyzat\/#breadcrumb","itemListElement":[{"@type":"ListItem","position":1,"name":"Home","item":"https:\/\/vondetech.com\/hu\/"},{"@type":"ListItem","position":2,"name":"A Vonde Pro App visszat\u00e9r\u00edt\u00e9si \u00e9s lemond\u00e1si szab\u00e1lyzata"}]},{"@type":"WebSite","@id":"https:\/\/vondetech.com\/hu\/#website","url":"https:\/\/vondetech.com\/hu\/","name":"Vondetech","description":"","potentialAction":[{"@type":"SearchAction","target":{"@type":"EntryPoint","urlTemplate":"https:\/\/vondetech.com\/hu\/?s={search_term_string}"},"query-input":{"@type":"PropertyValueSpecification","valueRequired":true,"valueName":"search_term_string"}}],"inLanguage":"hu"}]}},"_links":{"self":[{"href":"https:\/\/vondetech.com\/hu\/wp-json\/wp\/v2\/pages\/6846","targetHints":{"allow":["GET"]}}],"collection":[{"href":"https:\/\/vondetech.com\/hu\/wp-json\/wp\/v2\/pages"}],"about":[{"href":"https:\/\/vondetech.com\/hu\/wp-json\/wp\/v2\/types\/page"}],"author":[{"embeddable":true,"href":"https:\/\/vondetech.com\/hu\/wp-json\/wp\/v2\/users\/1"}],"replies":[{"embeddable":true,"href":"https:\/\/vondetech.com\/hu\/wp-json\/wp\/v2\/comments?post=6846"}],"version-history":[{"count":12,"href":"https:\/\/vondetech.com\/hu\/wp-json\/wp\/v2\/pages\/6846\/revisions"}],"predecessor-version":[{"id":21265,"href":"https:\/\/vondetech.com\/hu\/wp-json\/wp\/v2\/pages\/6846\/revisions\/21265"}],"wp:attachment":[{"href":"https:\/\/vondetech.com\/hu\/wp-json\/wp\/v2\/media?parent=6846"}],"curies":[{"name":"wp","href":"https:\/\/api.w.org\/{rel}","templated":true}]}}