{"id":6831,"date":"2024-05-23T15:17:28","date_gmt":"2024-05-23T13:17:28","guid":{"rendered":"https:\/\/vondetech.com\/adatvedelmi-iranyelvek-2\/"},"modified":"2025-03-19T11:29:54","modified_gmt":"2025-03-19T10:29:54","slug":"adatvedelmi-iranyelvek","status":"publish","type":"page","link":"https:\/\/vondetech.com\/hu\/adatvedelmi-iranyelvek\/","title":{"rendered":"Cookie szab\u00e1lyzat a Vonde Pro weboldal\u00e1hoz"},"content":{"rendered":"<div class=\"wpb-content-wrapper\"><p>[vc_row][vc_column][vc_empty_space][vc_column_text el_class=&#8221;legal-text&#8221;]<strong>Cookie szab\u00e1lyzat a Vonde Pro weboldal\u00e1hoz<\/strong><\/p>\n<p><strong>Hat\u00e1lyos d\u00e1tum:<\/strong> m\u00e1rcius 17, 2025<\/p>\n<ol>\n<li><strong>  Bevezet\u00e9s<\/strong><\/li>\n<\/ol>\n<p>Ez a Cookie-szab\u00e1lyzat elmagyar\u00e1zza, hogy a Vonde Technology (&#8220;mi&#8221;, &#8220;minket&#8221; vagy &#8220;mi\u00e9nk&#8221;) hogyan haszn\u00e1lja a cookie-kat \u00e9s hasonl\u00f3 technol\u00f3gi\u00e1kat a Vonde Pro weboldal\u00e1n (&#8220;Weboldal&#8221;). Ez a szab\u00e1lyzat nem vonatkozik a Vonde Pro mobilalkalmaz\u00e1sra, amelynek k\u00fcl\u00f6n Cookie-szab\u00e1lyzata van. <\/p>\n<ol start=\"2\">\n<li><strong>  Mik azok a s\u00fctik?<\/strong><\/li>\n<\/ol>\n<p>A s\u00fctik olyan kis sz\u00f6veges f\u00e1jlok, amelyeket az \u00d6n eszk\u00f6z\u00e9n t\u00e1rolnak, amikor megl\u00e1togatja a weboldalunkat. A s\u00fctik seg\u00edtenek a weboldal forgalm\u00e1nak elemz\u00e9s\u00e9ben \u00e9s a felhaszn\u00e1l\u00f3i \u00e9lm\u00e9ny jav\u00edt\u00e1s\u00e1ban. <\/p>\n<ol start=\"3\">\n<li><strong>  Az \u00e1ltalunk haszn\u00e1lt s\u00fctik t\u00edpusai<\/strong><\/li>\n<\/ol>\n<ul>\n<li><strong>L\u00e9nyeges s\u00fctik:<\/strong> Ezek a s\u00fctik a weboldal alapvet\u0151 m\u0171k\u00f6d\u00e9s\u00e9hez sz\u00fcks\u00e9gesek. Lehet\u0151v\u00e9 teszik a webhelyen val\u00f3 navig\u00e1l\u00e1st, az olyan alapvet\u0151 funkci\u00f3k haszn\u00e1lat\u00e1t, mint p\u00e9ld\u00e1ul a fi\u00f3kj\u00e1ba val\u00f3 bejelentkez\u00e9s, a term\u00e9kek kos\u00e1rba helyez\u00e9se \u00e9s a webhely biztons\u00e1gos ter\u00fcleteinek el\u00e9r\u00e9se. <\/li>\n<li><strong>Analitikai s\u00fctik:<\/strong> Lehet\u0151v\u00e9 teszik sz\u00e1munkra, hogy felismerj\u00fck \u00e9s megsz\u00e1moljuk a l\u00e1togat\u00f3kat, \u00e9s l\u00e1ssuk, hogyan mozognak a l\u00e1togat\u00f3k a weboldalon. Ez seg\u00edt nek\u00fcnk a weboldal haszn\u00e1lhat\u00f3s\u00e1g\u00e1nak \u00e9s teljes\u00edtm\u00e9ny\u00e9nek jav\u00edt\u00e1s\u00e1ban. A Google Analytics seg\u00edts\u00e9g\u00e9vel gy\u0171jt\u00fcnk inform\u00e1ci\u00f3kat arr\u00f3l, hogy a l\u00e1togat\u00f3k hogyan haszn\u00e1lj\u00e1k a weboldalunkat. Ezek a cookie-k olyan adatokat gy\u0171jtenek, mint a l\u00e1togat\u00f3k sz\u00e1ma, a megl\u00e1togatott oldalak \u00e9s az egyes oldalakon elt\u00f6lt\u00f6tt id\u0151.   <\/li>\n<\/ul>\n<ol start=\"4\">\n<li><strong>  A s\u00fctik haszn\u00e1lat\u00e1nak c\u00e9lja<\/strong><\/li>\n<\/ol>\n<p>Kiz\u00e1r\u00f3lag a k\u00f6vetkez\u0151 c\u00e9lokra haszn\u00e1lunk s\u00fctiket:<\/p>\n<ul>\n<li>Az alapvet\u0151 l\u00e1togat\u00f3i statisztik\u00e1k \u00e9s a weboldal haszn\u00e1lat\u00e1nak nyomon k\u00f6vet\u00e9se \u00e9s elemz\u00e9se.<\/li>\n<li>Weboldalunk \u00e1ltal\u00e1nos teljes\u00edtm\u00e9ny\u00e9nek \u00e9s felhaszn\u00e1l\u00f3i \u00e9lm\u00e9ny\u00e9nek jav\u00edt\u00e1sa.<\/li>\n<\/ul>\n<ol start=\"5\">\n<li><strong>  Harmadik f\u00e9lt\u0151l sz\u00e1rmaz\u00f3 s\u00fctik<\/strong><\/li>\n<\/ol>\n<ul>\n<li><strong>Google Analytics:<\/strong> LLC \u00e1ltal ny\u00fajtott webanalitikai szolg\u00e1ltat\u00e1st, a Google Analyticset haszn\u00e1ljuk. A Google Analytics cookie-kat haszn\u00e1l, hogy inform\u00e1ci\u00f3kat gy\u0171jts\u00f6n a weboldalunk haszn\u00e1lat\u00e1r\u00f3l, bele\u00e9rtve az \u00d6n IP-c\u00edm\u00e9t is. Ezeket az inform\u00e1ci\u00f3kat a Google az Egyes\u00fclt \u00c1llamokban tal\u00e1lhat\u00f3 szervereken tov\u00e1bb\u00edtja \u00e9s t\u00e1rolja. A Google ezeket az inform\u00e1ci\u00f3kat arra haszn\u00e1lja, hogy \u00e9rt\u00e9kelje weboldalunk \u00d6n \u00e1ltal t\u00f6rt\u00e9n\u0151 haszn\u00e1lat\u00e1t, jelent\u00e9seket \u00e1ll\u00edtson \u00f6ssze a weboldal tev\u00e9kenys\u00e9g\u00e9r\u0151l, \u00e9s egy\u00e9b, a weboldal tev\u00e9kenys\u00e9g\u00e9vel \u00e9s az internethaszn\u00e1lattal kapcsolatos szolg\u00e1ltat\u00e1sokat ny\u00fajtson. A Google ezeket az inform\u00e1ci\u00f3kat harmadik f\u00e9lnek is tov\u00e1bb\u00edthatja, ha erre t\u00f6rv\u00e9ny k\u00f6telezi, vagy ha az ilyen harmadik felek a Google nev\u00e9ben dolgozz\u00e1k fel az inform\u00e1ci\u00f3kat. A Google adatv\u00e9delmi gyakorlat\u00e1r\u00f3l \u00e9s arr\u00f3l, hogy a Google hogyan haszn\u00e1lja a cookie-kat, a Google Adatv\u00e9delmi szab\u00e1lyzat\u00e1ban tal\u00e1l tov\u00e1bbi inform\u00e1ci\u00f3kat:       [Link to Google&#8217;s Privacy Policy]<\/li>\n<\/ul>\n<ol start=\"6\">\n<li><strong>  S\u00fctik kezel\u00e9se<\/strong><\/li>\n<\/ol>\n<p>A cookie-kat a b\u00f6ng\u00e9sz\u0151 be\u00e1ll\u00edt\u00e1sain kereszt\u00fcl szab\u00e1lyozhatja, letilthatja vagy t\u00f6r\u00f6lheti. A legt\u00f6bb webb\u00f6ng\u00e9sz\u0151 automatikusan elfogadja a s\u00fctiket, de \u00e1ltal\u00e1ban m\u00f3dos\u00edthatja a b\u00f6ng\u00e9sz\u0151 be\u00e1ll\u00edt\u00e1sait, hogy elutas\u00edtsa a s\u00fctiket, ha szeretn\u00e9. A s\u00fctik kezel\u00e9s\u00e9vel kapcsolatos utas\u00edt\u00e1sokat a b\u00f6ng\u00e9sz\u0151 s\u00fag\u00f3j\u00e1ban tal\u00e1l. Az al\u00e1bbiakban n\u00e9h\u00e1ny n\u00e9pszer\u0171 b\u00f6ng\u00e9sz\u0151 s\u00fag\u00f3oldal\u00e1nak linkjei tal\u00e1lhat\u00f3k:   <\/p>\n<ul>\n<li>Google Chrome:  [Link to Chrome&#8217;s cookie settings help page]<\/li>\n<li>Mozilla Firefox:  [Link to Firefox&#8217;s cookie settings help page]<\/li>\n<li>Microsoft Edge:  [Link to Edge&#8217;s cookie settings help page]<\/li>\n<li>Apple Safari:  [Link to Safari&#8217;s cookie settings help page]<\/li>\n<\/ul>\n<p>A s\u00fctik lehetnek munkamenet-s\u00fctik vagy \u00e1lland\u00f3 s\u00fctik. A munkamenet-s\u00fctik olyan ideiglenes s\u00fctik, amelyek a b\u00f6ng\u00e9sz\u0151 bez\u00e1r\u00e1s\u00e1ig t\u00e1rol\u00f3dnak az \u00d6n eszk\u00f6z\u00e9n. A tart\u00f3s s\u00fctik hosszabb ideig vagy a t\u00f6rl\u00e9s\u00fckig maradnak az eszk\u00f6z\u00e9n.  <\/p>\n<ol start=\"7\">\n<li><strong>  Politikai friss\u00edt\u00e9sek<\/strong><\/li>\n<\/ol>\n<p>A jelen Cookie-szab\u00e1lyzatot id\u0151szakonk\u00e9nt friss\u00edthetj\u00fck. A v\u00e1ltoz\u00e1sokat ezen az oldalon tessz\u00fck k\u00f6zz\u00e9 a friss\u00edtett hat\u00e1lybal\u00e9p\u00e9si d\u00e1tummal egy\u00fctt. <\/p>\n<ol start=\"8\">\n<li><strong>  Kapcsolatfelv\u00e9tel<\/strong><\/li>\n<\/ol>\n<p>A Cookie-szab\u00e1lyzattal kapcsolatos k\u00e9rd\u00e9sekkel kapcsolatban k\u00e9rj\u00fck, forduljon hozz\u00e1nk a k\u00f6vetkez\u0151 c\u00edmen:<\/p>\n<p>KMAK Kelet-Magyarorsz\u00e1gi Adatk\u00f6zpont Kft.<\/p>\n<p>H-5000 Szolnok, Szap\u00e1ry utca 20.<\/p>\n<p>E-mail: info@vondetechnology.com<\/p>\n<p>Weboldalunk haszn\u00e1lat\u00e1val \u00d6n hozz\u00e1j\u00e1rul a cookie-k jelen Cookie szab\u00e1lyzatban le\u00edrtak szerinti haszn\u00e1lat\u00e1hoz.[\/vc_column_text][\/vc_column][\/vc_row]<\/p>\n<\/div>","protected":false},"excerpt":{"rendered":"<p>[vc_row][vc_column][vc_empty_space][vc_column_text el_class=&#8221;legal-text&#8221;]Cookie szab\u00e1lyzat a Vonde Pro weboldal\u00e1hoz Hat\u00e1lyos d\u00e1tum: m\u00e1rcius 17, 2025 Bevezet\u00e9s Ez a Cookie-szab\u00e1lyzat elmagyar\u00e1zza, hogy a Vonde Technology (&#8220;mi&#8221;, &#8220;minket&#8221; vagy &#8220;mi\u00e9nk&#8221;) hogyan haszn\u00e1lja a cookie-kat \u00e9s hasonl\u00f3 technol\u00f3gi\u00e1kat a Vonde Pro weboldal\u00e1n (&#8220;Weboldal&#8221;). Ez a szab\u00e1lyzat nem vonatkozik a Vonde Pro mobilalkalmaz\u00e1sra, amelynek k\u00fcl\u00f6n Cookie-szab\u00e1lyzata van. Mik azok a s\u00fctik? A [&hellip;]<\/p>\n","protected":false},"author":1,"featured_media":0,"parent":0,"menu_order":0,"comment_status":"closed","ping_status":"closed","template":"","meta":{"footnotes":""},"class_list":["post-6831","page","type-page","status-publish","hentry"],"yoast_head":"<!-- This site is optimized with the Yoast SEO plugin v24.7 - https:\/\/yoast.com\/wordpress\/plugins\/seo\/ -->\n<title>Cookie szab\u00e1lyzat a Vonde Pro weboldal\u00e1hoz - Vondetech<\/title>\n<meta name=\"robots\" content=\"index, follow, max-snippet:-1, max-image-preview:large, max-video-preview:-1\" \/>\n<link rel=\"canonical\" href=\"https:\/\/vondetech.com\/hu\/adatvedelmi-iranyelvek\/\" \/>\n<meta property=\"og:locale\" content=\"hu_HU\" \/>\n<meta property=\"og:type\" content=\"article\" \/>\n<meta property=\"og:title\" content=\"Cookie szab\u00e1lyzat a Vonde Pro weboldal\u00e1hoz - Vondetech\" \/>\n<meta property=\"og:description\" content=\"[vc_row][vc_column][vc_empty_space][vc_column_text el_class=&#8221;legal-text&#8221;]Cookie szab\u00e1lyzat a Vonde Pro weboldal\u00e1hoz Hat\u00e1lyos d\u00e1tum: m\u00e1rcius 17, 2025 Bevezet\u00e9s Ez a Cookie-szab\u00e1lyzat elmagyar\u00e1zza, hogy a Vonde Technology (&#8220;mi&#8221;, &#8220;minket&#8221; vagy &#8220;mi\u00e9nk&#8221;) hogyan haszn\u00e1lja a cookie-kat \u00e9s hasonl\u00f3 technol\u00f3gi\u00e1kat a Vonde Pro weboldal\u00e1n (&#8220;Weboldal&#8221;). Ez a szab\u00e1lyzat nem vonatkozik a Vonde Pro mobilalkalmaz\u00e1sra, amelynek k\u00fcl\u00f6n Cookie-szab\u00e1lyzata van. Mik azok a s\u00fctik? A [&hellip;]\" \/>\n<meta property=\"og:url\" content=\"https:\/\/vondetech.com\/hu\/adatvedelmi-iranyelvek\/\" \/>\n<meta property=\"og:site_name\" content=\"Vondetech\" \/>\n<meta property=\"article:modified_time\" content=\"2025-03-19T10:29:54+00:00\" \/>\n<meta name=\"twitter:card\" content=\"summary_large_image\" \/>\n<meta name=\"twitter:label1\" content=\"Becs\u00fclt olvas\u00e1si id\u0151\" \/>\n\t<meta name=\"twitter:data1\" content=\"2 perc\" \/>\n<script type=\"application\/ld+json\" class=\"yoast-schema-graph\">{\"@context\":\"https:\/\/schema.org\",\"@graph\":[{\"@type\":\"WebPage\",\"@id\":\"https:\/\/vondetech.com\/hu\/adatvedelmi-iranyelvek\/\",\"url\":\"https:\/\/vondetech.com\/hu\/adatvedelmi-iranyelvek\/\",\"name\":\"Cookie szab\u00e1lyzat a Vonde Pro weboldal\u00e1hoz - Vondetech\",\"isPartOf\":{\"@id\":\"https:\/\/vondetech.com\/hu\/#website\"},\"datePublished\":\"2024-05-23T13:17:28+00:00\",\"dateModified\":\"2025-03-19T10:29:54+00:00\",\"breadcrumb\":{\"@id\":\"https:\/\/vondetech.com\/hu\/adatvedelmi-iranyelvek\/#breadcrumb\"},\"inLanguage\":\"hu\",\"potentialAction\":[{\"@type\":\"ReadAction\",\"target\":[\"https:\/\/vondetech.com\/hu\/adatvedelmi-iranyelvek\/\"]}]},{\"@type\":\"BreadcrumbList\",\"@id\":\"https:\/\/vondetech.com\/hu\/adatvedelmi-iranyelvek\/#breadcrumb\",\"itemListElement\":[{\"@type\":\"ListItem\",\"position\":1,\"name\":\"Home\",\"item\":\"https:\/\/vondetech.com\/hu\/\"},{\"@type\":\"ListItem\",\"position\":2,\"name\":\"Cookie szab\u00e1lyzat a Vonde Pro weboldal\u00e1hoz\"}]},{\"@type\":\"WebSite\",\"@id\":\"https:\/\/vondetech.com\/hu\/#website\",\"url\":\"https:\/\/vondetech.com\/hu\/\",\"name\":\"Vondetech\",\"description\":\"\",\"potentialAction\":[{\"@type\":\"SearchAction\",\"target\":{\"@type\":\"EntryPoint\",\"urlTemplate\":\"https:\/\/vondetech.com\/hu\/?s={search_term_string}\"},\"query-input\":{\"@type\":\"PropertyValueSpecification\",\"valueRequired\":true,\"valueName\":\"search_term_string\"}}],\"inLanguage\":\"hu\"}]}<\/script>\n<!-- \/ Yoast SEO plugin. -->","yoast_head_json":{"title":"Cookie szab\u00e1lyzat a Vonde Pro weboldal\u00e1hoz - Vondetech","robots":{"index":"index","follow":"follow","max-snippet":"max-snippet:-1","max-image-preview":"max-image-preview:large","max-video-preview":"max-video-preview:-1"},"canonical":"https:\/\/vondetech.com\/hu\/adatvedelmi-iranyelvek\/","og_locale":"hu_HU","og_type":"article","og_title":"Cookie szab\u00e1lyzat a Vonde Pro weboldal\u00e1hoz - Vondetech","og_description":"[vc_row][vc_column][vc_empty_space][vc_column_text el_class=&#8221;legal-text&#8221;]Cookie szab\u00e1lyzat a Vonde Pro weboldal\u00e1hoz Hat\u00e1lyos d\u00e1tum: m\u00e1rcius 17, 2025 Bevezet\u00e9s Ez a Cookie-szab\u00e1lyzat elmagyar\u00e1zza, hogy a Vonde Technology (&#8220;mi&#8221;, &#8220;minket&#8221; vagy &#8220;mi\u00e9nk&#8221;) hogyan haszn\u00e1lja a cookie-kat \u00e9s hasonl\u00f3 technol\u00f3gi\u00e1kat a Vonde Pro weboldal\u00e1n (&#8220;Weboldal&#8221;). Ez a szab\u00e1lyzat nem vonatkozik a Vonde Pro mobilalkalmaz\u00e1sra, amelynek k\u00fcl\u00f6n Cookie-szab\u00e1lyzata van. Mik azok a s\u00fctik? A [&hellip;]","og_url":"https:\/\/vondetech.com\/hu\/adatvedelmi-iranyelvek\/","og_site_name":"Vondetech","article_modified_time":"2025-03-19T10:29:54+00:00","twitter_card":"summary_large_image","twitter_misc":{"Becs\u00fclt olvas\u00e1si id\u0151":"2 perc"},"schema":{"@context":"https:\/\/schema.org","@graph":[{"@type":"WebPage","@id":"https:\/\/vondetech.com\/hu\/adatvedelmi-iranyelvek\/","url":"https:\/\/vondetech.com\/hu\/adatvedelmi-iranyelvek\/","name":"Cookie szab\u00e1lyzat a Vonde Pro weboldal\u00e1hoz - Vondetech","isPartOf":{"@id":"https:\/\/vondetech.com\/hu\/#website"},"datePublished":"2024-05-23T13:17:28+00:00","dateModified":"2025-03-19T10:29:54+00:00","breadcrumb":{"@id":"https:\/\/vondetech.com\/hu\/adatvedelmi-iranyelvek\/#breadcrumb"},"inLanguage":"hu","potentialAction":[{"@type":"ReadAction","target":["https:\/\/vondetech.com\/hu\/adatvedelmi-iranyelvek\/"]}]},{"@type":"BreadcrumbList","@id":"https:\/\/vondetech.com\/hu\/adatvedelmi-iranyelvek\/#breadcrumb","itemListElement":[{"@type":"ListItem","position":1,"name":"Home","item":"https:\/\/vondetech.com\/hu\/"},{"@type":"ListItem","position":2,"name":"Cookie szab\u00e1lyzat a Vonde Pro weboldal\u00e1hoz"}]},{"@type":"WebSite","@id":"https:\/\/vondetech.com\/hu\/#website","url":"https:\/\/vondetech.com\/hu\/","name":"Vondetech","description":"","potentialAction":[{"@type":"SearchAction","target":{"@type":"EntryPoint","urlTemplate":"https:\/\/vondetech.com\/hu\/?s={search_term_string}"},"query-input":{"@type":"PropertyValueSpecification","valueRequired":true,"valueName":"search_term_string"}}],"inLanguage":"hu"}]}},"_links":{"self":[{"href":"https:\/\/vondetech.com\/hu\/wp-json\/wp\/v2\/pages\/6831","targetHints":{"allow":["GET"]}}],"collection":[{"href":"https:\/\/vondetech.com\/hu\/wp-json\/wp\/v2\/pages"}],"about":[{"href":"https:\/\/vondetech.com\/hu\/wp-json\/wp\/v2\/types\/page"}],"author":[{"embeddable":true,"href":"https:\/\/vondetech.com\/hu\/wp-json\/wp\/v2\/users\/1"}],"replies":[{"embeddable":true,"href":"https:\/\/vondetech.com\/hu\/wp-json\/wp\/v2\/comments?post=6831"}],"version-history":[{"count":13,"href":"https:\/\/vondetech.com\/hu\/wp-json\/wp\/v2\/pages\/6831\/revisions"}],"predecessor-version":[{"id":19967,"href":"https:\/\/vondetech.com\/hu\/wp-json\/wp\/v2\/pages\/6831\/revisions\/19967"}],"wp:attachment":[{"href":"https:\/\/vondetech.com\/hu\/wp-json\/wp\/v2\/media?parent=6831"}],"curies":[{"name":"wp","href":"https:\/\/api.w.org\/{rel}","templated":true}]}}