{"id":6826,"date":"2024-05-23T15:23:20","date_gmt":"2024-05-23T13:23:20","guid":{"rendered":"https:\/\/vondetech.com\/dpa-2\/"},"modified":"2025-03-20T10:11:05","modified_gmt":"2025-03-20T09:11:05","slug":"dpa","status":"publish","type":"page","link":"https:\/\/vondetech.com\/hu\/dpa\/","title":{"rendered":"Adatfeldolgoz\u00e1si meg\u00e1llapod\u00e1s (DPA) a Vonde Pro App sz\u00e1m\u00e1ra"},"content":{"rendered":"<div class=\"wpb-content-wrapper\"><p>[vc_row][vc_column][vc_empty_space][vc_column_text el_class=&#8221;legal-text&#8221;]<strong>Hat\u00e1lyos d\u00e1tum:<\/strong> m\u00e1rcius 17, 2025<\/p>\n<p>Ez az adatfeldolgoz\u00e1si meg\u00e1llapod\u00e1s (&#8220;Meg\u00e1llapod\u00e1s&#8221;) a k\u00f6vetkez\u0151k k\u00f6z\u00f6tt j\u00f6n l\u00e9tre:<\/p>\n<p><strong>Adatkezel\u0151:<\/strong> A Vonde Technology szolg\u00e1ltat\u00e1sainak felhaszn\u00e1l\u00f3ja vagy \u00fcgyfele (&#8220;Adatkezel\u0151&#8221;).<\/p>\n<p>\u00e9s<\/p>\n<p><strong>Adatfeldolgoz\u00f3:<\/strong> Vonde Technology, \u00fczemeltet\u0151je: KMAK Kelet-Magyarorsz\u00e1gi Adatk\u00f6zpont Kft. (&#8220;Adatfeldolgoz\u00f3&#8221;) <\/p>\n<ol>\n<li><strong>  Fogalommeghat\u00e1roz\u00e1sok<\/strong><\/li>\n<\/ol>\n<p>A GDPR (EU 2016\/679 rendelet) \u00e1ltal meghat\u00e1rozott kifejez\u00e9sek vonatkoznak erre a meg\u00e1llapod\u00e1sra:<\/p>\n<ul>\n<li>&#8220;Szem\u00e9lyes adat&#8221;: b\u00e1rmely azonos\u00edtott vagy azonos\u00edthat\u00f3 term\u00e9szetes szem\u00e9lyre vonatkoz\u00f3 inform\u00e1ci\u00f3.<\/li>\n<li>&#8220;Feldolgoz\u00e1s&#8221;: a Szem\u00e9lyes adatokon v\u00e9gzett b\u00e1rmely m\u0171velet, p\u00e9ld\u00e1ul az adatok gy\u0171jt\u00e9se, t\u00e1rol\u00e1sa, m\u00f3dos\u00edt\u00e1sa, tov\u00e1bb\u00edt\u00e1sa vagy t\u00f6rl\u00e9se.<\/li>\n<li>&#8220;Adatv\u00e9delmi incidens&#8221;: Szem\u00e9lyes adatok jogosulatlan hozz\u00e1f\u00e9r\u00e9se, megv\u00e1ltoztat\u00e1sa, k\u00f6zz\u00e9t\u00e9tele vagy elveszt\u00e9se.<\/li>\n<\/ul>\n<ol start=\"2\">\n<li><strong>  A feldolgoz\u00e1s t\u00e1rgya \u00e9s id\u0151tartama<\/strong><\/li>\n<\/ol>\n<p>Az Adatfeldolgoz\u00f3 a szem\u00e9lyes adatokat kiz\u00e1r\u00f3lag a k\u00f6vetkez\u0151 szolg\u00e1ltat\u00e1sok ny\u00fajt\u00e1sa \u00e9rdek\u00e9ben kezeli:<\/p>\n<ul>\n<li>Digit\u00e1lis n\u00e9vjegyk\u00e1rtya (Biopage) l\u00e9trehoz\u00e1sa \u00e9s kezel\u00e9se<\/li>\n<li>URL r\u00f6vid\u00edt\u00e9s<\/li>\n<li>NFC \u00e9s QR-k\u00f3dok kezel\u00e9se<\/li>\n<li>Apple\/Google Wallet integr\u00e1ci\u00f3<\/li>\n<\/ul>\n<p>Az adatfeldolgoz\u00e1s a szolg\u00e1ltat\u00e1s ny\u00fajt\u00e1s\u00e1ig vagy a szolg\u00e1ltat\u00e1s Adatkezel\u0151 \u00e1ltali megsz\u00fcntet\u00e9s\u00e9ig tart.<\/p>\n<ol start=\"3\">\n<li><strong>  A feldolgozott szem\u00e9lyes adatok kateg\u00f3ri\u00e1i<\/strong><\/li>\n<\/ol>\n<ul>\n<li>El\u00e9rhet\u0151s\u00e9gek: N\u00e9v, e-mail c\u00edm, telefonsz\u00e1m<\/li>\n<li>Tranzakci\u00f3 \u00e9s el\u0151fizet\u00e9s adatai (ha van ilyen)<\/li>\n<li>M\u0171szaki adatok: IP-c\u00edmek, eszk\u00f6zazonos\u00edt\u00f3k, oper\u00e1ci\u00f3s rendszerre vonatkoz\u00f3 inform\u00e1ci\u00f3k.<\/li>\n<li>Felhaszn\u00e1l\u00e1si adatok \u00e9s analitika<\/li>\n<\/ul>\n<ol start=\"4\">\n<li><strong>  Adatfeldolgoz\u00f3i k\u00f6telezetts\u00e9gek<\/strong><\/li>\n<\/ol>\n<p>Az adatfeldolgoz\u00f3 v\u00e1llalja, hogy:<\/p>\n<ul>\n<li>Kiz\u00e1r\u00f3lag az Adatkezel\u0151 dokument\u00e1lt utas\u00edt\u00e1sai alapj\u00e1n dolgozza fel a szem\u00e9lyes adatokat.<\/li>\n<li>A szem\u00e9lyes adatok szigor\u00faan bizalmas kezel\u00e9se.<\/li>\n<li>Biztos\u00edtani kell, hogy a szem\u00e9lyes adatokat feldolgoz\u00f3 valamennyi alkalmazottat titoktart\u00e1si k\u00f6telezetts\u00e9g k\u00f6sse.<\/li>\n<li>Megfelel\u0151 technikai \u00e9s szervezeti int\u00e9zked\u00e9sek v\u00e9grehajt\u00e1sa a szem\u00e9lyes adatok v\u00e9delme \u00e9rdek\u00e9ben, bele\u00e9rtve t\u00f6bbek k\u00f6z\u00f6tt a titkos\u00edt\u00e1st, a biztons\u00e1gos t\u00e1rol\u00e1st, a hozz\u00e1f\u00e9r\u00e9s ellen\u0151rz\u00e9s\u00e9t \u00e9s a rendszeres biztons\u00e1gi ellen\u0151rz\u00e9seket.<\/li>\n<li>Adats\u00e9rt\u00e9sek eset\u00e9n halad\u00e9ktalanul \u00e9s indokolatlan k\u00e9sedelem n\u00e9lk\u00fcl \u00e9rtes\u00edti az Adatkezel\u0151t, \u00e9s minden sz\u00fcks\u00e9ges inform\u00e1ci\u00f3t megad ahhoz, hogy seg\u00edtse az Adatkezel\u0151t a GDPR szerinti k\u00f6telezetts\u00e9geinek teljes\u00edt\u00e9s\u00e9ben.<\/li>\n<li>Lehet\u0151v\u00e9 teszi az Adatkezel\u0151 sz\u00e1m\u00e1ra, hogy \u00e9sszer\u0171 el\u0151zetes \u00e9rtes\u00edt\u00e9ssel auditokat vagy ellen\u0151rz\u00e9seket v\u00e9gezzen a jelen Meg\u00e1llapod\u00e1s betart\u00e1s\u00e1nak ellen\u0151rz\u00e9se \u00e9rdek\u00e9ben.<\/li>\n<li>halad\u00e9ktalanul t\u00e1j\u00e9koztatja az Adatkezel\u0151t az \u00e9rintettek vagy hat\u00f3s\u00e1gok \u00e1ltal a kezelt szem\u00e9lyes adatokkal kapcsolatban beny\u00fajtott b\u00e1rmely megkeres\u00e9sr\u0151l.<\/li>\n<li>Betartja a GDPR-t \u00e9s minden m\u00e1s alkalmazand\u00f3 adatv\u00e9delmi t\u00f6rv\u00e9nyt \u00e9s rendeletet.<\/li>\n<\/ul>\n<ol start=\"5\">\n<li><strong>  Alprocesszorok<\/strong><\/li>\n<\/ol>\n<p>Az Adatfeldolgoz\u00f3 a k\u00f6vetkez\u0151 alfeldolgoz\u00f3kat veheti ig\u00e9nybe:<\/p>\n<ul>\n<li>Amazon Web Services (AWS): felh\u0151infrastrukt\u00fara-szolg\u00e1ltat\u00f3<\/li>\n<li>Google (Firebase, AdMob, Analytics): analitikai \u00e9s hirdet\u00e9si szolg\u00e1ltat\u00e1sok<\/li>\n<\/ul>\n<p>Az Adatfeldolgoz\u00f3 biztos\u00edtja, hogy az alfeldolgoz\u00f3k betartj\u00e1k a jelen meg\u00e1llapod\u00e1sban foglalt adatv\u00e9delmi k\u00f6telezetts\u00e9geket, \u00e9s felel\u0151ss\u00e9ggel tartozik a tev\u00e9kenys\u00e9g\u00fck\u00e9rt \u00e9s mulaszt\u00e1saik\u00e9rt. Az Adatfeldolgoz\u00f3 az Adatkezel\u0151 rendelkez\u00e9s\u00e9re bocs\u00e1tja az alfeldolgoz\u00f3k list\u00e1j\u00e1t, \u00e9s t\u00e1j\u00e9koztatja az Adatkezel\u0151t minden olyan tervezett v\u00e1ltoz\u00e1sr\u00f3l, amely m\u00e1s alfeldolgoz\u00f3k felv\u00e9tel\u00e9re vagy cser\u00e9j\u00e9re vonatkozik, lehet\u0151s\u00e9get adva ezzel az Adatkezel\u0151nek arra, hogy kifog\u00e1st emeljen az ilyen v\u00e1ltoz\u00e1sok ellen. <\/p>\n<ol start=\"6\">\n<li><strong>  Adattov\u00e1bb\u00edt\u00e1sok<\/strong><\/li>\n<\/ol>\n<p>A nemzetk\u00f6zi adattov\u00e1bb\u00edt\u00e1sok megfelelnek a GDPR-el\u0151\u00edr\u00e1soknak, \u00e9s a megfelel\u0151 szint\u0171 v\u00e9delem biztos\u00edt\u00e1sa \u00e9rdek\u00e9ben olyan biztos\u00edt\u00e9kokat tartalmaznak, mint az EU szabv\u00e1nyos szerz\u0151d\u00e9si z\u00e1rad\u00e9kai vagy m\u00e1s megfelel\u0151 adattov\u00e1bb\u00edt\u00e1si mechanizmusok.<\/p>\n<ol start=\"6\">\n<li><strong>  Adatkezel\u0151i k\u00f6telezetts\u00e9gek<\/strong><\/li>\n<\/ol>\n<p>Az Adatkezel\u0151 felel\u0151s a k\u00f6vetkez\u0151k\u00e9rt:<\/p>\n<ul>\n<li>A szem\u00e9lyes adatok feldolgoz\u00e1s\u00e1nak \u00e9rv\u00e9nyes jogalapj\u00e1nak biztos\u00edt\u00e1sa.<\/li>\n<li>Az \u00e9rintettek \u00e1tl\u00e1that\u00f3 m\u00f3don t\u00f6rt\u00e9n\u0151 t\u00e1j\u00e9koztat\u00e1sa az adatkezel\u00e9si tev\u00e9kenys\u00e9gekr\u0151l.<\/li>\n<li>Az \u00e9rintettek k\u00e9r\u00e9seire val\u00f3 v\u00e1laszad\u00e1s \u00e9s a GDPR vagy a vonatkoz\u00f3 adatv\u00e9delmi rendeletek szerinti k\u00f6telezetts\u00e9gek teljes\u00edt\u00e9se, ide\u00e9rtve t\u00f6bbek k\u00f6z\u00f6tt a hozz\u00e1f\u00e9r\u00e9s, a helyesb\u00edt\u00e9s, a t\u00f6rl\u00e9s, a korl\u00e1toz\u00e1s, a hordozhat\u00f3s\u00e1g \u00e9s a feldolgoz\u00e1s elleni tiltakoz\u00e1s jog\u00e1t.<\/li>\n<\/ul>\n<ol start=\"7\">\n<li><strong>  Biztons\u00e1gi int\u00e9zked\u00e9sek<\/strong><\/li>\n<\/ol>\n<p>Az Adatfeldolgoz\u00f3 technikai \u00e9s szervez\u00e9si int\u00e9zked\u00e9seket hajt v\u00e9gre a szem\u00e9lyes adatok biztons\u00e1g\u00e1nak garant\u00e1l\u00e1sa \u00e9rdek\u00e9ben, ide\u00e9rtve a k\u00f6vetkez\u0151ket:<\/p>\n<ul>\n<li>A szem\u00e9lyes adatok titkos\u00edt\u00e1sa mind az adat\u00e1tvitel sor\u00e1n, mind a nyugalmi \u00e1llapotban.<\/li>\n<li>A szem\u00e9lyes adatok biztons\u00e1gos t\u00e1rol\u00e1sa.<\/li>\n<li>A szem\u00e9lyes adatokhoz val\u00f3 hozz\u00e1f\u00e9r\u00e9s ellen\u0151rz\u00e9se, a hozz\u00e1f\u00e9r\u00e9s korl\u00e1toz\u00e1sa kiz\u00e1r\u00f3lag az arra jogosultakra.<\/li>\n<li>Rendszeres biztons\u00e1gi ellen\u0151rz\u00e9sek \u00e9s sebezhet\u0151s\u00e9gi \u00e9rt\u00e9kel\u00e9sek.<\/li>\n<li>Megfelel\u0151 hiteles\u00edt\u00e9si \u00e9s enged\u00e9lyez\u00e9si mechanizmusok bevezet\u00e9se.<\/li>\n<li>Rendszeres adatment\u00e9s \u00e9s katasztr\u00f3fa ut\u00e1ni helyre\u00e1ll\u00edt\u00e1si elj\u00e1r\u00e1sok.<\/li>\n<\/ul>\n<ol start=\"8\">\n<li><strong>  Adatv\u00e9delmi incidens bejelent\u00e9se<\/strong><\/li>\n<\/ol>\n<p>Adatv\u00e9delmi incidens eset\u00e9n az Adatfeldolgoz\u00f3 indokolatlan k\u00e9sedelem n\u00e9lk\u00fcl, de legk\u00e9s\u0151bb 72 \u00f3r\u00e1val azut\u00e1n, hogy az adatv\u00e9delmi incidensr\u0151l tudom\u00e1st szerzett, \u00e9rtes\u00edti az Adatkezel\u0151t. Az \u00e9rtes\u00edt\u00e9s tartalmazza a GDPR \u00e1ltal el\u0151\u00edrt \u00f6sszes relev\u00e1ns inform\u00e1ci\u00f3t, p\u00e9ld\u00e1ul a jogs\u00e9rt\u00e9s jelleg\u00e9t, az \u00e9rintett adatalanyok kateg\u00f3ri\u00e1it \u00e9s sz\u00e1m\u00e1t, a v\u00e1rhat\u00f3 k\u00f6vetkezm\u00e9nyeket, valamint a jogs\u00e9rt\u00e9s kezel\u00e9se \u00e9rdek\u00e9ben hozott vagy tervezett int\u00e9zked\u00e9seket. Az Adatfeldolgoz\u00f3 teljes m\u00e9rt\u00e9kben egy\u00fcttm\u0171k\u00f6dik az Adatkezel\u0151vel a jogs\u00e9rt\u00e9s kezel\u00e9se \u00e9s enyh\u00edt\u00e9se \u00e9rdek\u00e9ben.  <\/p>\n<ol start=\"8\">\n<li><strong>  Az \u00e9rintettek jogai<\/strong><\/li>\n<\/ol>\n<p>Az Adatfeldolgoz\u00f3 seg\u00edti az Adatkezel\u0151t az \u00e9rintettek jogaira vonatkoz\u00f3 k\u00f6telezetts\u00e9gek teljes\u00edt\u00e9s\u00e9ben, ide\u00e9rtve a hozz\u00e1f\u00e9r\u00e9st, a helyesb\u00edt\u00e9st, a t\u00f6rl\u00e9st, a korl\u00e1toz\u00e1st, a hordozhat\u00f3s\u00e1got \u00e9s az adatkezel\u00e9ssel szembeni tiltakoz\u00e1st, az\u00e1ltal, hogy az Adatkezel\u0151 rendelkez\u00e9s\u00e9re bocs\u00e1tja az \u00e9rintettek k\u00e9relmeinek megv\u00e1laszol\u00e1s\u00e1hoz sz\u00fcks\u00e9ges inform\u00e1ci\u00f3kat \u00e9s eszk\u00f6z\u00f6ket.<\/p>\n<ol start=\"9\">\n<li><strong>  Megsz\u0171n\u00e9s \u00e9s adatt\u00f6rl\u00e9s<\/strong><\/li>\n<\/ol>\n<p>A szolg\u00e1ltat\u00e1s megsz\u0171n\u00e9sekor az Adatfeldolgoz\u00f3 az Adatkezel\u0151 dokument\u00e1lt utas\u00edt\u00e1sai alapj\u00e1n t\u00f6rli vagy visszaadja az \u00f6sszes szem\u00e9lyes adatot, kiv\u00e9ve, ha az uni\u00f3s vagy tag\u00e1llami jog, amelynek az Adatfeldolgoz\u00f3ra vonatkozik, el\u0151\u00edrja a meg\u0151rz\u00e9st.<\/p>\n<ol start=\"10\">\n<li><strong>  Auditok \u00e9s ellen\u0151rz\u00e9sek<\/strong><\/li>\n<\/ol>\n<p>Az Adatkezel\u0151 \u00e9sszer\u0171 el\u0151zetes \u00edr\u00e1sbeli \u00e9rtes\u00edt\u00e9s alapj\u00e1n ellen\u0151rz\u00e9seket v\u00e9gezhet a jelen Meg\u00e1llapod\u00e1s betart\u00e1s\u00e1nak ellen\u0151rz\u00e9se c\u00e9lj\u00e1b\u00f3l. Az Adatfeldolgoz\u00f3 k\u00f6teles \u00e9sszer\u0171 seg\u00edts\u00e9get ny\u00fajtani \u00e9s hozz\u00e1f\u00e9r\u00e9st biztos\u00edtani az Adatkezel\u0151 sz\u00e1m\u00e1ra az ilyen ellen\u0151rz\u00e9sek elv\u00e9gz\u00e9s\u00e9hez sz\u00fcks\u00e9ges inform\u00e1ci\u00f3khoz. <\/p>\n<ol start=\"10\">\n<li><strong>  Nemzetk\u00f6zi \u00e1tutal\u00e1sok<\/strong><\/li>\n<\/ol>\n<p>Az Adatfeldolgoz\u00f3 biztos\u00edtja a nemzetk\u00f6zi adattov\u00e1bb\u00edt\u00e1si szabv\u00e1nyoknak val\u00f3 megfelel\u00e9st, bele\u00e9rtve a szabv\u00e1nyos szerz\u0151d\u00e9si felt\u00e9telek vagy m\u00e1s megfelel\u0151 mechanizmusok alkalmaz\u00e1s\u00e1t, \u00e9s sz\u00fcks\u00e9g szerint tov\u00e1bbi biztos\u00edt\u00e9kokat hajt v\u00e9gre az Eur\u00f3pai Gazdas\u00e1gi T\u00e9rs\u00e9gen (EGT) k\u00edv\u00fclre tov\u00e1bb\u00edtott szem\u00e9lyes adatok megfelel\u0151 szint\u0171 v\u00e9delm\u00e9nek biztos\u00edt\u00e1sa \u00e9rdek\u00e9ben.<\/p>\n<ol start=\"10\">\n<li><strong>  Adatv\u00e9delmi incidens bejelent\u00e9se<\/strong><\/li>\n<\/ol>\n<p>Az Adatfeldolgoz\u00f3 indokolatlan k\u00e9sedelem n\u00e9lk\u00fcl, de mindenk\u00e9ppen a tudom\u00e1s\u00e1ra jut\u00e1st\u00f3l sz\u00e1m\u00edtott 72 \u00f3r\u00e1n bel\u00fcl \u00e9rtes\u00edti az Adatkezel\u0151t az adatv\u00e9delmi incidensr\u0151l, \u00e9s teljes m\u00e9rt\u00e9kben egy\u00fcttm\u0171k\u00f6dik az adatv\u00e9delmi incidens kezel\u00e9s\u00e9ben \u00e9s enyh\u00edt\u00e9s\u00e9ben.<\/p>\n<ol start=\"11\">\n<li><strong>  Ir\u00e1nyad\u00f3 jog<\/strong><\/li>\n<\/ol>\n<p>E meg\u00e1llapod\u00e1sra az alkalmazand\u00f3 uni\u00f3s adatv\u00e9delmi jogszab\u00e1lyok, bele\u00e9rtve a GDPR-t, valamint b\u00e1rmely m\u00e1s vonatkoz\u00f3 joghat\u00f3s\u00e1gi szab\u00e1lyoz\u00e1s vonatkozik.<\/p>\n<ol start=\"12\">\n<li><strong>  A meg\u00e1llapod\u00e1s friss\u00edt\u00e9sei<\/strong><\/li>\n<\/ol>\n<p>Fenntartjuk a jogot a jelen Meg\u00e1llapod\u00e1s rendszeres friss\u00edt\u00e9s\u00e9re. A friss\u00edt\u00e9sekr\u0151l egy\u00e9rtelm\u0171en t\u00e1j\u00e9koztatjuk az Adatkezel\u0151t, \u00e9s az Adatkezel\u0151nek joga van kifog\u00e1st emelni az ilyen m\u00f3dos\u00edt\u00e1sok ellen. <\/p>\n<ol start=\"12\">\n<li><strong>  Kapcsolattart\u00e1si inform\u00e1ci\u00f3k<\/strong><\/li>\n<\/ol>\n<p>A jelen Adatfeldolgoz\u00e1si meg\u00e1llapod\u00e1ssal kapcsolatos b\u00e1rmilyen k\u00e9rd\u00e9ssel forduljon a k\u00f6vetkez\u0151 c\u00edmre:<\/p>\n<p>KMAK Kelet-Magyarorsz\u00e1gi Adatk\u00f6zpont Kft.<\/p>\n<p>H-5000 Szolnok, Szap\u00e1ry utca 20.<\/p>\n<p>E-mail: info@vondetechnology.com<\/p>\n<p>A Vonde Technology szolg\u00e1ltat\u00e1sainak ig\u00e9nybev\u00e9tel\u00e9vel mindk\u00e9t f\u00e9l v\u00e1llalja, hogy betartja a jelen Adatfeldolgoz\u00e1si meg\u00e1llapod\u00e1sban meghat\u00e1rozott felt\u00e9teleket.[\/vc_column_text][\/vc_column][\/vc_row]<\/p>\n<\/div>","protected":false},"excerpt":{"rendered":"<p>[vc_row][vc_column][vc_empty_space][vc_column_text el_class=&#8221;legal-text&#8221;]Hat\u00e1lyos d\u00e1tum: m\u00e1rcius 17, 2025 Ez az adatfeldolgoz\u00e1si meg\u00e1llapod\u00e1s (&#8220;Meg\u00e1llapod\u00e1s&#8221;) a k\u00f6vetkez\u0151k k\u00f6z\u00f6tt j\u00f6n l\u00e9tre: Adatkezel\u0151: A Vonde Technology szolg\u00e1ltat\u00e1sainak felhaszn\u00e1l\u00f3ja vagy \u00fcgyfele (&#8220;Adatkezel\u0151&#8221;). \u00e9s Adatfeldolgoz\u00f3: Vonde Technology, \u00fczemeltet\u0151je: KMAK Kelet-Magyarorsz\u00e1gi Adatk\u00f6zpont Kft. (&#8220;Adatfeldolgoz\u00f3&#8221;) Fogalommeghat\u00e1roz\u00e1sok A GDPR (EU 2016\/679 rendelet) \u00e1ltal meghat\u00e1rozott kifejez\u00e9sek vonatkoznak erre a meg\u00e1llapod\u00e1sra: &#8220;Szem\u00e9lyes adat&#8221;: b\u00e1rmely azonos\u00edtott vagy azonos\u00edthat\u00f3 term\u00e9szetes [&hellip;]<\/p>\n","protected":false},"author":1,"featured_media":0,"parent":0,"menu_order":0,"comment_status":"closed","ping_status":"closed","template":"","meta":{"footnotes":""},"class_list":["post-6826","page","type-page","status-publish","hentry"],"yoast_head":"<!-- This site is optimized with the Yoast SEO plugin v24.7 - https:\/\/yoast.com\/wordpress\/plugins\/seo\/ -->\n<title>Adatfeldolgoz\u00e1si meg\u00e1llapod\u00e1s (DPA) a Vonde Pro App sz\u00e1m\u00e1ra - Vondetech<\/title>\n<meta name=\"robots\" content=\"index, follow, max-snippet:-1, max-image-preview:large, max-video-preview:-1\" \/>\n<link rel=\"canonical\" href=\"https:\/\/vondetech.com\/hu\/dpa\/\" \/>\n<meta property=\"og:locale\" content=\"hu_HU\" \/>\n<meta property=\"og:type\" content=\"article\" \/>\n<meta property=\"og:title\" content=\"Adatfeldolgoz\u00e1si meg\u00e1llapod\u00e1s (DPA) a Vonde Pro App sz\u00e1m\u00e1ra - Vondetech\" \/>\n<meta property=\"og:description\" content=\"[vc_row][vc_column][vc_empty_space][vc_column_text el_class=&#8221;legal-text&#8221;]Hat\u00e1lyos d\u00e1tum: m\u00e1rcius 17, 2025 Ez az adatfeldolgoz\u00e1si meg\u00e1llapod\u00e1s (&#8220;Meg\u00e1llapod\u00e1s&#8221;) a k\u00f6vetkez\u0151k k\u00f6z\u00f6tt j\u00f6n l\u00e9tre: Adatkezel\u0151: A Vonde Technology szolg\u00e1ltat\u00e1sainak felhaszn\u00e1l\u00f3ja vagy \u00fcgyfele (&#8220;Adatkezel\u0151&#8221;). \u00e9s Adatfeldolgoz\u00f3: Vonde Technology, \u00fczemeltet\u0151je: KMAK Kelet-Magyarorsz\u00e1gi Adatk\u00f6zpont Kft. (&#8220;Adatfeldolgoz\u00f3&#8221;) Fogalommeghat\u00e1roz\u00e1sok A GDPR (EU 2016\/679 rendelet) \u00e1ltal meghat\u00e1rozott kifejez\u00e9sek vonatkoznak erre a meg\u00e1llapod\u00e1sra: &#8220;Szem\u00e9lyes adat&#8221;: b\u00e1rmely azonos\u00edtott vagy azonos\u00edthat\u00f3 term\u00e9szetes [&hellip;]\" \/>\n<meta property=\"og:url\" content=\"https:\/\/vondetech.com\/hu\/dpa\/\" \/>\n<meta property=\"og:site_name\" content=\"Vondetech\" \/>\n<meta property=\"article:modified_time\" content=\"2025-03-20T09:11:05+00:00\" \/>\n<meta name=\"twitter:card\" content=\"summary_large_image\" \/>\n<meta name=\"twitter:label1\" content=\"Becs\u00fclt olvas\u00e1si id\u0151\" \/>\n\t<meta name=\"twitter:data1\" content=\"8 perc\" \/>\n<script type=\"application\/ld+json\" class=\"yoast-schema-graph\">{\"@context\":\"https:\/\/schema.org\",\"@graph\":[{\"@type\":\"WebPage\",\"@id\":\"https:\/\/vondetech.com\/hu\/dpa\/\",\"url\":\"https:\/\/vondetech.com\/hu\/dpa\/\",\"name\":\"Adatfeldolgoz\u00e1si meg\u00e1llapod\u00e1s (DPA) a Vonde Pro App sz\u00e1m\u00e1ra - Vondetech\",\"isPartOf\":{\"@id\":\"https:\/\/vondetech.com\/hu\/#website\"},\"datePublished\":\"2024-05-23T13:23:20+00:00\",\"dateModified\":\"2025-03-20T09:11:05+00:00\",\"breadcrumb\":{\"@id\":\"https:\/\/vondetech.com\/hu\/dpa\/#breadcrumb\"},\"inLanguage\":\"hu\",\"potentialAction\":[{\"@type\":\"ReadAction\",\"target\":[\"https:\/\/vondetech.com\/hu\/dpa\/\"]}]},{\"@type\":\"BreadcrumbList\",\"@id\":\"https:\/\/vondetech.com\/hu\/dpa\/#breadcrumb\",\"itemListElement\":[{\"@type\":\"ListItem\",\"position\":1,\"name\":\"Home\",\"item\":\"https:\/\/vondetech.com\/hu\/\"},{\"@type\":\"ListItem\",\"position\":2,\"name\":\"Adatfeldolgoz\u00e1si meg\u00e1llapod\u00e1s (DPA) a Vonde Pro App sz\u00e1m\u00e1ra\"}]},{\"@type\":\"WebSite\",\"@id\":\"https:\/\/vondetech.com\/hu\/#website\",\"url\":\"https:\/\/vondetech.com\/hu\/\",\"name\":\"Vondetech\",\"description\":\"\",\"potentialAction\":[{\"@type\":\"SearchAction\",\"target\":{\"@type\":\"EntryPoint\",\"urlTemplate\":\"https:\/\/vondetech.com\/hu\/?s={search_term_string}\"},\"query-input\":{\"@type\":\"PropertyValueSpecification\",\"valueRequired\":true,\"valueName\":\"search_term_string\"}}],\"inLanguage\":\"hu\"}]}<\/script>\n<!-- \/ Yoast SEO plugin. -->","yoast_head_json":{"title":"Adatfeldolgoz\u00e1si meg\u00e1llapod\u00e1s (DPA) a Vonde Pro App sz\u00e1m\u00e1ra - Vondetech","robots":{"index":"index","follow":"follow","max-snippet":"max-snippet:-1","max-image-preview":"max-image-preview:large","max-video-preview":"max-video-preview:-1"},"canonical":"https:\/\/vondetech.com\/hu\/dpa\/","og_locale":"hu_HU","og_type":"article","og_title":"Adatfeldolgoz\u00e1si meg\u00e1llapod\u00e1s (DPA) a Vonde Pro App sz\u00e1m\u00e1ra - Vondetech","og_description":"[vc_row][vc_column][vc_empty_space][vc_column_text el_class=&#8221;legal-text&#8221;]Hat\u00e1lyos d\u00e1tum: m\u00e1rcius 17, 2025 Ez az adatfeldolgoz\u00e1si meg\u00e1llapod\u00e1s (&#8220;Meg\u00e1llapod\u00e1s&#8221;) a k\u00f6vetkez\u0151k k\u00f6z\u00f6tt j\u00f6n l\u00e9tre: Adatkezel\u0151: A Vonde Technology szolg\u00e1ltat\u00e1sainak felhaszn\u00e1l\u00f3ja vagy \u00fcgyfele (&#8220;Adatkezel\u0151&#8221;). \u00e9s Adatfeldolgoz\u00f3: Vonde Technology, \u00fczemeltet\u0151je: KMAK Kelet-Magyarorsz\u00e1gi Adatk\u00f6zpont Kft. (&#8220;Adatfeldolgoz\u00f3&#8221;) Fogalommeghat\u00e1roz\u00e1sok A GDPR (EU 2016\/679 rendelet) \u00e1ltal meghat\u00e1rozott kifejez\u00e9sek vonatkoznak erre a meg\u00e1llapod\u00e1sra: &#8220;Szem\u00e9lyes adat&#8221;: b\u00e1rmely azonos\u00edtott vagy azonos\u00edthat\u00f3 term\u00e9szetes [&hellip;]","og_url":"https:\/\/vondetech.com\/hu\/dpa\/","og_site_name":"Vondetech","article_modified_time":"2025-03-20T09:11:05+00:00","twitter_card":"summary_large_image","twitter_misc":{"Becs\u00fclt olvas\u00e1si id\u0151":"8 perc"},"schema":{"@context":"https:\/\/schema.org","@graph":[{"@type":"WebPage","@id":"https:\/\/vondetech.com\/hu\/dpa\/","url":"https:\/\/vondetech.com\/hu\/dpa\/","name":"Adatfeldolgoz\u00e1si meg\u00e1llapod\u00e1s (DPA) a Vonde Pro App sz\u00e1m\u00e1ra - Vondetech","isPartOf":{"@id":"https:\/\/vondetech.com\/hu\/#website"},"datePublished":"2024-05-23T13:23:20+00:00","dateModified":"2025-03-20T09:11:05+00:00","breadcrumb":{"@id":"https:\/\/vondetech.com\/hu\/dpa\/#breadcrumb"},"inLanguage":"hu","potentialAction":[{"@type":"ReadAction","target":["https:\/\/vondetech.com\/hu\/dpa\/"]}]},{"@type":"BreadcrumbList","@id":"https:\/\/vondetech.com\/hu\/dpa\/#breadcrumb","itemListElement":[{"@type":"ListItem","position":1,"name":"Home","item":"https:\/\/vondetech.com\/hu\/"},{"@type":"ListItem","position":2,"name":"Adatfeldolgoz\u00e1si meg\u00e1llapod\u00e1s (DPA) a Vonde Pro App sz\u00e1m\u00e1ra"}]},{"@type":"WebSite","@id":"https:\/\/vondetech.com\/hu\/#website","url":"https:\/\/vondetech.com\/hu\/","name":"Vondetech","description":"","potentialAction":[{"@type":"SearchAction","target":{"@type":"EntryPoint","urlTemplate":"https:\/\/vondetech.com\/hu\/?s={search_term_string}"},"query-input":{"@type":"PropertyValueSpecification","valueRequired":true,"valueName":"search_term_string"}}],"inLanguage":"hu"}]}},"_links":{"self":[{"href":"https:\/\/vondetech.com\/hu\/wp-json\/wp\/v2\/pages\/6826","targetHints":{"allow":["GET"]}}],"collection":[{"href":"https:\/\/vondetech.com\/hu\/wp-json\/wp\/v2\/pages"}],"about":[{"href":"https:\/\/vondetech.com\/hu\/wp-json\/wp\/v2\/types\/page"}],"author":[{"embeddable":true,"href":"https:\/\/vondetech.com\/hu\/wp-json\/wp\/v2\/users\/1"}],"replies":[{"embeddable":true,"href":"https:\/\/vondetech.com\/hu\/wp-json\/wp\/v2\/comments?post=6826"}],"version-history":[{"count":5,"href":"https:\/\/vondetech.com\/hu\/wp-json\/wp\/v2\/pages\/6826\/revisions"}],"predecessor-version":[{"id":20036,"href":"https:\/\/vondetech.com\/hu\/wp-json\/wp\/v2\/pages\/6826\/revisions\/20036"}],"wp:attachment":[{"href":"https:\/\/vondetech.com\/hu\/wp-json\/wp\/v2\/media?parent=6826"}],"curies":[{"name":"wp","href":"https:\/\/api.w.org\/{rel}","templated":true}]}}