{"id":20873,"date":"2025-03-19T09:20:16","date_gmt":"2025-03-19T08:20:16","guid":{"rendered":"https:\/\/vondetech.com\/impresszum-a-vonde-pro-alkalmazashoz\/"},"modified":"2025-03-20T15:58:29","modified_gmt":"2025-03-20T14:58:29","slug":"impresszum-a-vonde-pro-alkalmazashoz","status":"publish","type":"page","link":"https:\/\/vondetech.com\/hu\/impresszum-a-vonde-pro-alkalmazashoz\/","title":{"rendered":"Impresszum a Vonde Pro alkalmaz\u00e1shoz"},"content":{"rendered":"<div class=\"wpb-content-wrapper\"><p>[vc_row][vc_column][vc_empty_space][vc_column_text el_class=&#8221;legal-text&#8221;]<strong>C\u00e9ginform\u00e1ci\u00f3:<\/strong><\/p>\n<p>Vonde technol\u00f3gia<\/p>\n<p><strong>A Vonde Technology LLC:<\/strong><\/p>\n<p>A Vonde Pro App egy innovat\u00edv mobilalkalmaz\u00e1s, amelyet k\u00e9t szervezet egy\u00fcttm\u0171k\u00f6d\u00e9s\u00e9vel fejlesztettek ki \u00e9s m\u0171k\u00f6dtetnek:<\/p>\n<ul>\n<li>A Vonde Technology LLC (USA) a glob\u00e1lis piacokat \u00e9s a nemzetk\u00f6zi terjeszked\u00e9st ir\u00e1ny\u00edtja.<\/li>\n<li>KMAK Kelet-Magyarorsz\u00e1gi Adatk\u00f6zpont Kft. (Eur\u00f3pa, Magyarorsz\u00e1g) foglalkozik a fejleszt\u00e9ssel \u00e9s a kapcsol\u00f3d\u00f3 operat\u00edv feladatokkal.<\/li>\n<\/ul>\n<p><strong>M\u0171k\u00f6dtet\u0151::<\/strong><\/p>\n<p>KMAK Kelet-Magyarorsz\u00e1gi Adatk\u00f6zpont Kft.<\/p>\n<p><strong>Bejegyzett c\u00edm:<\/strong><\/p>\n<p>H-5000 Szolnok, Szap\u00e1ry utca 20. Magyarorsz\u00e1g<\/p>\n<p><strong>El\u00e9rhet\u0151s\u00e9gek:<\/strong><\/p>\n<p>E-mail: info@vondetechnology.com<\/p>\n<p><strong>\u00dcgyvezet\u0151 igazgat\u00f3:<\/strong><\/p>\n<p>Berta L\u00e1szl\u00f3<\/p>\n<p><strong>C\u00e9gbejegyz\u00e9s:<\/strong><\/p>\n<p>D-U-N-S: 401605625<\/p>\n<p>B\u00edr\u00f3s\u00e1g: [Adja meg a nyilv\u00e1ntart\u00f3 b\u00edr\u00f3s\u00e1got, pl. Szolnoki J\u00e1r\u00e1sb\u00edr\u00f3s\u00e1g].<\/p>\n<p><strong>H\u00c9A-azonos\u00edt\u00f3sz\u00e1m:<\/strong><\/p>\n<p>HU24373427<\/p>\n<p><strong>Adatv\u00e9delmi tisztvisel\u0151:<\/strong><\/p>\n<p>Adatv\u00e9delmi k\u00e9rd\u00e9sekkel forduljon adatv\u00e9delmi tisztvisel\u0151nkh\u00f6z a k\u00f6vetkez\u0151 c\u00edmen:<\/p>\n<p>E-mail: info@vondetechnology.com<\/p>\n<p><strong>Felel\u0151ss\u00e9gi nyilatkozat:<\/strong><\/p>\n<p>A tartalom gondos ellen\u0151rz\u00e9se ellen\u00e9re nem v\u00e1llalunk felel\u0151ss\u00e9get a k\u00fcls\u0151 linkek tartalm\u00e1\u00e9rt. A hivatkozott oldalak tartalm\u00e1\u00e9rt kiz\u00e1r\u00f3lag a hivatkozott oldalak \u00fczemeltet\u0151i felel\u0151sek. <\/p>\n<p><strong>Vitarendez\u00e9s:<\/strong><\/p>\n<p>Az uni\u00f3s rendeleteknek megfelel\u0151en a vit\u00e1kat az EU Bizotts\u00e1g online vitarendez\u00e9si platformj\u00e1n kereszt\u00fcl lehet rendezni: http:\/\/ec.europa.eu\/consumers\/odr.<\/p>\n<p><strong>El\u00e9rhet\u0151s\u00e9gek:<\/strong><\/p>\n<p>\u00c1ltal\u00e1nos \u00e9rdekl\u0151d\u00e9s eset\u00e9n:<\/p>\n<p>E-mail: info@vondetechnology.com<\/p>\n<p>Ez az Impresszum megfelel az Eur\u00f3pai Uni\u00f3 piacain m\u0171k\u00f6d\u0151 kereskedelmi egys\u00e9gekre vonatkoz\u00f3 uni\u00f3s rendeleteknek \u00e9s szabv\u00e1nyoknak.[\/vc_column_text][\/vc_column][\/vc_row]<\/p>\n<\/div>","protected":false},"excerpt":{"rendered":"<p>[vc_row][vc_column][vc_empty_space][vc_column_text el_class=&#8221;legal-text&#8221;]C\u00e9ginform\u00e1ci\u00f3: Vonde technol\u00f3gia A Vonde Technology LLC: A Vonde Pro App egy innovat\u00edv mobilalkalmaz\u00e1s, amelyet k\u00e9t szervezet egy\u00fcttm\u0171k\u00f6d\u00e9s\u00e9vel fejlesztettek ki \u00e9s m\u0171k\u00f6dtetnek: A Vonde Technology LLC (USA) a glob\u00e1lis piacokat \u00e9s a nemzetk\u00f6zi terjeszked\u00e9st ir\u00e1ny\u00edtja. KMAK Kelet-Magyarorsz\u00e1gi Adatk\u00f6zpont Kft. (Eur\u00f3pa, Magyarorsz\u00e1g) foglalkozik a fejleszt\u00e9ssel \u00e9s a kapcsol\u00f3d\u00f3 operat\u00edv feladatokkal. M\u0171k\u00f6dtet\u0151:: KMAK Kelet-Magyarorsz\u00e1gi Adatk\u00f6zpont Kft. [&hellip;]<\/p>\n","protected":false},"author":1,"featured_media":0,"parent":0,"menu_order":0,"comment_status":"closed","ping_status":"closed","template":"","meta":{"footnotes":""},"class_list":["post-20873","page","type-page","status-publish","hentry"],"yoast_head":"<!-- This site is optimized with the Yoast SEO plugin v24.7 - https:\/\/yoast.com\/wordpress\/plugins\/seo\/ -->\n<title>Impresszum a Vonde Pro alkalmaz\u00e1shoz - Vondetech<\/title>\n<meta name=\"robots\" content=\"index, follow, max-snippet:-1, max-image-preview:large, max-video-preview:-1\" \/>\n<link rel=\"canonical\" href=\"https:\/\/vondetech.com\/hu\/impresszum-a-vonde-pro-alkalmazashoz\/\" \/>\n<meta property=\"og:locale\" content=\"hu_HU\" \/>\n<meta property=\"og:type\" content=\"article\" \/>\n<meta property=\"og:title\" content=\"Impresszum a Vonde Pro alkalmaz\u00e1shoz - Vondetech\" \/>\n<meta property=\"og:description\" content=\"[vc_row][vc_column][vc_empty_space][vc_column_text el_class=&#8221;legal-text&#8221;]C\u00e9ginform\u00e1ci\u00f3: Vonde technol\u00f3gia A Vonde Technology LLC: A Vonde Pro App egy innovat\u00edv mobilalkalmaz\u00e1s, amelyet k\u00e9t szervezet egy\u00fcttm\u0171k\u00f6d\u00e9s\u00e9vel fejlesztettek ki \u00e9s m\u0171k\u00f6dtetnek: A Vonde Technology LLC (USA) a glob\u00e1lis piacokat \u00e9s a nemzetk\u00f6zi terjeszked\u00e9st ir\u00e1ny\u00edtja. KMAK Kelet-Magyarorsz\u00e1gi Adatk\u00f6zpont Kft. (Eur\u00f3pa, Magyarorsz\u00e1g) foglalkozik a fejleszt\u00e9ssel \u00e9s a kapcsol\u00f3d\u00f3 operat\u00edv feladatokkal. M\u0171k\u00f6dtet\u0151:: KMAK Kelet-Magyarorsz\u00e1gi Adatk\u00f6zpont Kft. [&hellip;]\" \/>\n<meta property=\"og:url\" content=\"https:\/\/vondetech.com\/hu\/impresszum-a-vonde-pro-alkalmazashoz\/\" \/>\n<meta property=\"og:site_name\" content=\"Vondetech\" \/>\n<meta property=\"article:modified_time\" content=\"2025-03-20T14:58:29+00:00\" \/>\n<meta name=\"twitter:card\" content=\"summary_large_image\" \/>\n<meta name=\"twitter:label1\" content=\"Becs\u00fclt olvas\u00e1si id\u0151\" \/>\n\t<meta name=\"twitter:data1\" content=\"1 perc\" \/>\n<script type=\"application\/ld+json\" class=\"yoast-schema-graph\">{\"@context\":\"https:\/\/schema.org\",\"@graph\":[{\"@type\":\"WebPage\",\"@id\":\"https:\/\/vondetech.com\/hu\/impresszum-a-vonde-pro-alkalmazashoz\/\",\"url\":\"https:\/\/vondetech.com\/hu\/impresszum-a-vonde-pro-alkalmazashoz\/\",\"name\":\"Impresszum a Vonde Pro alkalmaz\u00e1shoz - Vondetech\",\"isPartOf\":{\"@id\":\"https:\/\/vondetech.com\/hu\/#website\"},\"datePublished\":\"2025-03-19T08:20:16+00:00\",\"dateModified\":\"2025-03-20T14:58:29+00:00\",\"breadcrumb\":{\"@id\":\"https:\/\/vondetech.com\/hu\/impresszum-a-vonde-pro-alkalmazashoz\/#breadcrumb\"},\"inLanguage\":\"hu\",\"potentialAction\":[{\"@type\":\"ReadAction\",\"target\":[\"https:\/\/vondetech.com\/hu\/impresszum-a-vonde-pro-alkalmazashoz\/\"]}]},{\"@type\":\"BreadcrumbList\",\"@id\":\"https:\/\/vondetech.com\/hu\/impresszum-a-vonde-pro-alkalmazashoz\/#breadcrumb\",\"itemListElement\":[{\"@type\":\"ListItem\",\"position\":1,\"name\":\"Home\",\"item\":\"https:\/\/vondetech.com\/hu\/\"},{\"@type\":\"ListItem\",\"position\":2,\"name\":\"Impresszum a Vonde Pro alkalmaz\u00e1shoz\"}]},{\"@type\":\"WebSite\",\"@id\":\"https:\/\/vondetech.com\/hu\/#website\",\"url\":\"https:\/\/vondetech.com\/hu\/\",\"name\":\"Vondetech\",\"description\":\"\",\"potentialAction\":[{\"@type\":\"SearchAction\",\"target\":{\"@type\":\"EntryPoint\",\"urlTemplate\":\"https:\/\/vondetech.com\/hu\/?s={search_term_string}\"},\"query-input\":{\"@type\":\"PropertyValueSpecification\",\"valueRequired\":true,\"valueName\":\"search_term_string\"}}],\"inLanguage\":\"hu\"}]}<\/script>\n<!-- \/ Yoast SEO plugin. -->","yoast_head_json":{"title":"Impresszum a Vonde Pro alkalmaz\u00e1shoz - Vondetech","robots":{"index":"index","follow":"follow","max-snippet":"max-snippet:-1","max-image-preview":"max-image-preview:large","max-video-preview":"max-video-preview:-1"},"canonical":"https:\/\/vondetech.com\/hu\/impresszum-a-vonde-pro-alkalmazashoz\/","og_locale":"hu_HU","og_type":"article","og_title":"Impresszum a Vonde Pro alkalmaz\u00e1shoz - Vondetech","og_description":"[vc_row][vc_column][vc_empty_space][vc_column_text el_class=&#8221;legal-text&#8221;]C\u00e9ginform\u00e1ci\u00f3: Vonde technol\u00f3gia A Vonde Technology LLC: A Vonde Pro App egy innovat\u00edv mobilalkalmaz\u00e1s, amelyet k\u00e9t szervezet egy\u00fcttm\u0171k\u00f6d\u00e9s\u00e9vel fejlesztettek ki \u00e9s m\u0171k\u00f6dtetnek: A Vonde Technology LLC (USA) a glob\u00e1lis piacokat \u00e9s a nemzetk\u00f6zi terjeszked\u00e9st ir\u00e1ny\u00edtja. KMAK Kelet-Magyarorsz\u00e1gi Adatk\u00f6zpont Kft. (Eur\u00f3pa, Magyarorsz\u00e1g) foglalkozik a fejleszt\u00e9ssel \u00e9s a kapcsol\u00f3d\u00f3 operat\u00edv feladatokkal. M\u0171k\u00f6dtet\u0151:: KMAK Kelet-Magyarorsz\u00e1gi Adatk\u00f6zpont Kft. [&hellip;]","og_url":"https:\/\/vondetech.com\/hu\/impresszum-a-vonde-pro-alkalmazashoz\/","og_site_name":"Vondetech","article_modified_time":"2025-03-20T14:58:29+00:00","twitter_card":"summary_large_image","twitter_misc":{"Becs\u00fclt olvas\u00e1si id\u0151":"1 perc"},"schema":{"@context":"https:\/\/schema.org","@graph":[{"@type":"WebPage","@id":"https:\/\/vondetech.com\/hu\/impresszum-a-vonde-pro-alkalmazashoz\/","url":"https:\/\/vondetech.com\/hu\/impresszum-a-vonde-pro-alkalmazashoz\/","name":"Impresszum a Vonde Pro alkalmaz\u00e1shoz - Vondetech","isPartOf":{"@id":"https:\/\/vondetech.com\/hu\/#website"},"datePublished":"2025-03-19T08:20:16+00:00","dateModified":"2025-03-20T14:58:29+00:00","breadcrumb":{"@id":"https:\/\/vondetech.com\/hu\/impresszum-a-vonde-pro-alkalmazashoz\/#breadcrumb"},"inLanguage":"hu","potentialAction":[{"@type":"ReadAction","target":["https:\/\/vondetech.com\/hu\/impresszum-a-vonde-pro-alkalmazashoz\/"]}]},{"@type":"BreadcrumbList","@id":"https:\/\/vondetech.com\/hu\/impresszum-a-vonde-pro-alkalmazashoz\/#breadcrumb","itemListElement":[{"@type":"ListItem","position":1,"name":"Home","item":"https:\/\/vondetech.com\/hu\/"},{"@type":"ListItem","position":2,"name":"Impresszum a Vonde Pro alkalmaz\u00e1shoz"}]},{"@type":"WebSite","@id":"https:\/\/vondetech.com\/hu\/#website","url":"https:\/\/vondetech.com\/hu\/","name":"Vondetech","description":"","potentialAction":[{"@type":"SearchAction","target":{"@type":"EntryPoint","urlTemplate":"https:\/\/vondetech.com\/hu\/?s={search_term_string}"},"query-input":{"@type":"PropertyValueSpecification","valueRequired":true,"valueName":"search_term_string"}}],"inLanguage":"hu"}]}},"_links":{"self":[{"href":"https:\/\/vondetech.com\/hu\/wp-json\/wp\/v2\/pages\/20873","targetHints":{"allow":["GET"]}}],"collection":[{"href":"https:\/\/vondetech.com\/hu\/wp-json\/wp\/v2\/pages"}],"about":[{"href":"https:\/\/vondetech.com\/hu\/wp-json\/wp\/v2\/types\/page"}],"author":[{"embeddable":true,"href":"https:\/\/vondetech.com\/hu\/wp-json\/wp\/v2\/users\/1"}],"replies":[{"embeddable":true,"href":"https:\/\/vondetech.com\/hu\/wp-json\/wp\/v2\/comments?post=20873"}],"version-history":[{"count":6,"href":"https:\/\/vondetech.com\/hu\/wp-json\/wp\/v2\/pages\/20873\/revisions"}],"predecessor-version":[{"id":20913,"href":"https:\/\/vondetech.com\/hu\/wp-json\/wp\/v2\/pages\/20873\/revisions\/20913"}],"wp:attachment":[{"href":"https:\/\/vondetech.com\/hu\/wp-json\/wp\/v2\/media?parent=20873"}],"curies":[{"name":"wp","href":"https:\/\/api.w.org\/{rel}","templated":true}]}}