{"id":20846,"date":"2025-03-19T09:19:24","date_gmt":"2025-03-19T08:19:24","guid":{"rendered":"https:\/\/vondetech.com\/eula\/"},"modified":"2025-03-20T15:50:22","modified_gmt":"2025-03-20T14:50:22","slug":"eula","status":"publish","type":"page","link":"https:\/\/vondetech.com\/hu\/eula\/","title":{"rendered":"EULA"},"content":{"rendered":"<div class=\"wpb-content-wrapper\"><p>[vc_row][vc_column][vc_empty_space][vc_column_text el_class=&#8221;legal-text&#8221;]<strong>FONTOS &#8211; OLVASSA EL GONDOSAN:<\/strong> Ez a V\u00e9gfelhaszn\u00e1l\u00f3i Licencszerz\u0151d\u00e9s (&#8220;EULA&#8221;) egy jogi meg\u00e1llapod\u00e1s \u00d6n (&#8220;Licenciavev\u0151&#8221; vagy &#8220;\u00d6n&#8221;) \u00e9s a KMAK Kelet-Magyarorsz\u00e1gi Adatk\u00f6zpont Kft. k\u00f6z\u00f6tt. (&#8220;Licenciaad\u00f3&#8221; vagy &#8220;mi&#8221;) k\u00f6z\u00f6tt a Vonde Pro App szoftveralkalmaz\u00e1sra (&#8220;Alkalmaz\u00e1s&#8221;) vonatkoz\u00f3an. Az Alkalmaz\u00e1s telep\u00edt\u00e9s\u00e9vel, m\u00e1sol\u00e1s\u00e1val vagy egy\u00e9b m\u00f3don t\u00f6rt\u00e9n\u0151 haszn\u00e1lat\u00e1val \u00d6n elfogadja, hogy a jelen EULA felt\u00e9telei k\u00f6telez\u0151 \u00e9rv\u00e9ny\u0171ek. Ha nem \u00e9rt egyet a jelen EULA felt\u00e9teleivel, ne telep\u00edtse vagy haszn\u00e1lja az Alkalmaz\u00e1st.   <\/p>\n<ol>\n<li><strong>  Az enged\u00e9ly megad\u00e1sa:<\/strong><\/li>\n<\/ol>\n<p>Az enged\u00e9lyez\u0151 korl\u00e1tozott, nem kiz\u00e1r\u00f3lagos, nem \u00e1truh\u00e1zhat\u00f3, visszavonhat\u00f3 enged\u00e9lyt ad \u00d6nnek az Alkalmaz\u00e1s egyetlen mobileszk\u00f6z\u00f6n t\u00f6rt\u00e9n\u0151 haszn\u00e1lat\u00e1ra, szem\u00e9lyes, nem kereskedelmi c\u00e9l\u00fa felhaszn\u00e1l\u00e1sra.<\/p>\n<ol start=\"2\">\n<li><strong>  Korl\u00e1toz\u00e1sok:<\/strong><\/li>\n<\/ol>\n<p>Nem szabad:<\/p>\n<ul>\n<li>M\u00f3dos\u00edtani, adapt\u00e1lni vagy visszafejteni az Alkalmaz\u00e1st, vagy megk\u00eds\u00e9relni annak forr\u00e1sk\u00f3dj\u00e1t.<\/li>\n<li>Az Alkalmaz\u00e1s kereskedelmi c\u00e9l\u00fa haszn\u00e1lata, illetve az Alkalmaz\u00e1s elad\u00e1sa, terjeszt\u00e9se, b\u00e9rbead\u00e1sa, allicencbe ad\u00e1sa, b\u00e9rbead\u00e1sa, k\u00f6lcs\u00f6nad\u00e1sa vagy m\u00e1s m\u00f3don t\u00f6rt\u00e9n\u0151 \u00e1tad\u00e1sa harmadik f\u00e9lnek.<\/li>\n<li>elt\u00e1vol\u00edtani, megv\u00e1ltoztatni vagy eltakarni b\u00e1rmilyen szerz\u0151i jogi, v\u00e9djegy vagy egy\u00e9b tulajdonosi bejelent\u00e9st.<\/li>\n<li>Az Alkalmaz\u00e1s b\u00e1rmilyen m\u00f3don t\u00f6rt\u00e9n\u0151 haszn\u00e1lata, amely s\u00e9rti az alkalmazand\u00f3 t\u00f6rv\u00e9nyeket vagy rendeleteket, s\u00e9rti m\u00e1sok szellemi tulajdonjogait, vagy megpr\u00f3b\u00e1lja megker\u00fclni az Alkalmaz\u00e1s biztons\u00e1gi int\u00e9zked\u00e9seit.<\/li>\n<li>Az Alkalmaz\u00e1s haszn\u00e1lata b\u00e1rmilyen illeg\u00e1lis tev\u00e9kenys\u00e9gre, bele\u00e9rtve, de nem kiz\u00e1r\u00f3lagosan, a jogellenes anyagok tov\u00e1bb\u00edt\u00e1s\u00e1t vagy t\u00e1rol\u00e1s\u00e1t, vagy b\u00e1rmilyen olyan tev\u00e9kenys\u00e9get, amely k\u00e1ros\u00edthatja, letilthatja, t\u00falterhelheti vagy k\u00e1ros\u00edthatja az Alkalmaz\u00e1st vagy annak szolg\u00e1ltat\u00e1sait.<\/li>\n<\/ul>\n<ol start=\"3\">\n<li><strong>  Tulajdonjog:<\/strong><\/li>\n<\/ol>\n<p>Az alkalmaz\u00e1s az enged\u00e9lyez\u0151 tulajdon\u00e1t k\u00e9pezi, \u00e9s szerz\u0151i jog \u00e9s egy\u00e9b szellemi tulajdonjogok v\u00e9dik. Az \u00d6n enged\u00e9lye nem ad tulajdonjogot vagy tulajdonjogot az Alkalmaz\u00e1sra. <\/p>\n<ol start=\"4\">\n<li><strong>  Adatv\u00e9delem:<\/strong><\/li>\n<\/ol>\n<p>Az alkalmaz\u00e1s haszn\u00e1lat\u00e1ra az Adatv\u00e9delmi szab\u00e1lyzatunk vonatkozik, amely r\u00e9szletesen ismerteti adatgy\u0171jt\u00e9si, -feldolgoz\u00e1si \u00e9s -v\u00e9delmi gyakorlatunkat. Az Alkalmaz\u00e1s haszn\u00e1lat\u00e1val \u00d6n hozz\u00e1j\u00e1rul az Adatv\u00e9delmi szab\u00e1lyzatban r\u00e9szletezett felt\u00e9telekhez. Adatv\u00e9delmi szab\u00e1lyzatunkat a k\u00f6vetkez\u0151 c\u00edmen tal\u00e1lja:    [Link to Privacy Policy]<\/p>\n<ol start=\"5\">\n<li><strong>  Garanci\u00e1k kiz\u00e1r\u00e1sa:<\/strong><\/li>\n<\/ol>\n<p>Az Alkalmaz\u00e1st &#8220;AZONOSAN&#8221; \u00e9s &#8220;K\u00c9SZENL\u00c9TESEN&#8221; ny\u00fajtjuk, mindenf\u00e9le garanci\u00e1k n\u00e9lk\u00fcl. A Vonde Technology kiz\u00e1r minden kifejezett, hallgat\u00f3lagos, t\u00f6rv\u00e9nyes vagy egy\u00e9b szavatoss\u00e1got, bele\u00e9rtve, de nem kiz\u00e1r\u00f3lagosan, az eladhat\u00f3s\u00e1gra, a meghat\u00e1rozott c\u00e9lra val\u00f3 alkalmass\u00e1gra, a jogs\u00e9rt\u00e9smentess\u00e9gre \u00e9s a kereskedelmi szok\u00e1sokb\u00f3l ered\u0151 szavatoss\u00e1gokat. <\/p>\n<ol start=\"6\">\n<li><strong>  A felel\u0151ss\u00e9g korl\u00e1toz\u00e1sa:<\/strong><\/li>\n<\/ol>\n<p>Az alkalmazand\u00f3 jogszab\u00e1lyok \u00e1ltal megengedett legnagyobb m\u00e9rt\u00e9kben a Vonde Technology semmilyen k\u00f6r\u00fclm\u00e9nyek k\u00f6z\u00f6tt nem v\u00e1llal felel\u0151ss\u00e9get semmilyen k\u00f6zvetett, v\u00e9letlen, k\u00fcl\u00f6nleges, k\u00f6vetkezm\u00e9nyes vagy b\u00fcntet\u0151 jelleg\u0171 k\u00e1r\u00e9rt (bele\u00e9rtve, korl\u00e1toz\u00e1s n\u00e9lk\u00fcl, a nyeres\u00e9g, az adatok vagy a haszn\u00e1lat elveszt\u00e9s\u00e9b\u0151l ered\u0151 k\u00e1rokat), amely az Alkalmaz\u00e1s haszn\u00e1lat\u00e1b\u00f3l vagy haszn\u00e1lat\u00e1nak lehetetlens\u00e9g\u00e9b\u0151l ered, m\u00e9g akkor sem, ha a Vonde Technology-t t\u00e1j\u00e9koztatt\u00e1k az ilyen k\u00e1rok lehet\u0151s\u00e9g\u00e9r\u0151l. A Vonde Technology teljes felel\u0151ss\u00e9ge \u00d6nnel szemben a jelen EULA-b\u00f3l vagy az Alkalmaz\u00e1sb\u00f3l ered\u0151 vagy azzal kapcsolatos b\u00e1rmely k\u00f6vetel\u00e9s\u00e9rt az \u00d6n \u00e1ltal az Alkalmaz\u00e1shoz val\u00f3 hozz\u00e1f\u00e9r\u00e9s\u00e9rt fizetett \u00f6sszegre korl\u00e1toz\u00f3dik, ha van ilyen. <\/p>\n<ol start=\"7\">\n<li><strong>  K\u00e1rtalan\u00edt\u00e1s:<\/strong><\/li>\n<\/ol>\n<p>\u00d6n v\u00e1llalja, hogy k\u00e1rtalan\u00edtja \u00e9s mentes\u00edti a Vonde Technology-t, annak kapcsolt v\u00e1llalkoz\u00e1sait, alkalmazottait, igazgat\u00f3it \u00e9s \u00fcgyn\u00f6keit minden olyan k\u00f6vetel\u00e9s, k\u00e1r, felel\u0151ss\u00e9g, vesztes\u00e9g vagy kiad\u00e1s (bele\u00e9rtve az \u00e9sszer\u0171 \u00fcgyv\u00e9di k\u00f6lts\u00e9geket) al\u00f3l, amely az Alkalmaz\u00e1s helytelen haszn\u00e1lat\u00e1b\u00f3l, a jelen EULA megs\u00e9rt\u00e9s\u00e9b\u0151l, vagy b\u00e1rmely szem\u00e9ly vagy szervezet szellemi tulajdonjog\u00e1nak vagy egy\u00e9b jog\u00e1nak megs\u00e9rt\u00e9s\u00e9b\u0151l ered vagy azzal \u00f6sszef\u00fcgg\u00e9sben \u00e1ll.<\/p>\n<ol start=\"8\">\n<li><strong>  Megsz\u0171n\u00e9s:<\/strong><\/li>\n<\/ol>\n<p>Ez az EULA az \u00d6n vagy az enged\u00e9lyez\u0151 \u00e1ltali felmond\u00e1sig \u00e9rv\u00e9nyes. Az enged\u00e9lyez\u0151 b\u00e1rmikor felmondhatja a jelen EULA-t, ha \u00d6n nem tartja be a jelen EULA b\u00e1rmelyik felt\u00e9tel\u00e9t. A felmond\u00e1s ut\u00e1n \u00d6n k\u00f6teles az Alkalmaz\u00e1s minden haszn\u00e1lat\u00e1t besz\u00fcntetni, \u00e9s az Alkalmaz\u00e1s minden teljes vagy r\u00e9szleges m\u00e1solat\u00e1t megsemmis\u00edteni.  <\/p>\n<ol start=\"9\">\n<li><strong>  Ir\u00e1nyad\u00f3 jog:<\/strong><\/li>\n<\/ol>\n<p>A jelen EULA-t Magyarorsz\u00e1g t\u00f6rv\u00e9nyei szab\u00e1lyozz\u00e1k, \u00e9s Magyarorsz\u00e1g t\u00f6rv\u00e9nyei szerint kell \u00e9rtelmezni. A jelen EULA-b\u00f3l ered\u0151 vagy azzal kapcsolatos b\u00e1rmely jogvita a budapesti b\u00edr\u00f3s\u00e1gok kiz\u00e1r\u00f3lagos joghat\u00f3s\u00e1ga al\u00e1 tartozik. <\/p>\n<ol start=\"10\">\n<li><strong>  A jelen EULA m\u00f3dos\u00edt\u00e1sai:<\/strong><\/li>\n<\/ol>\n<p>Fenntartjuk a jogot a jelen EULA id\u0151szakos friss\u00edt\u00e9s\u00e9re vagy m\u00f3dos\u00edt\u00e1s\u00e1ra. A l\u00e9nyeges v\u00e1ltoz\u00e1sokr\u00f3l az alkalmaz\u00e1s \u00e9rtes\u00edt\u00e9sei, regisztr\u00e1lt e-mailben, vagy az alkalmaz\u00e1son bel\u00fcl, illetve a weboldalunkon k\u00f6zz\u00e9tett \u00e9rtes\u00edt\u00e9ssel t\u00e1j\u00e9koztatjuk \u00d6nt. Az Alkalmaz\u00e1snak az ilyen m\u00f3dos\u00edt\u00e1sokat k\u00f6vet\u0151 tov\u00e1bbi haszn\u00e1lata a m\u00f3dos\u00edtott EULA elfogad\u00e1s\u00e1nak min\u0151s\u00fcl.  <\/p>\n<ol start=\"11\">\n<li><strong>  El\u00e9rhet\u0151s\u00e9gek:<\/strong><\/li>\n<\/ol>\n<p>A jelen EULA-val vagy b\u00e1rmely kapcsol\u00f3d\u00f3 k\u00e9rd\u00e9ssel kapcsolatban forduljon hozz\u00e1nk a k\u00f6vetkez\u0151 c\u00edmen:<\/p>\n<p>KMAK Kelet-Magyarorsz\u00e1gi Adatk\u00f6zpont Kft.<\/p>\n<p>H-5000 Szolnok, Szap\u00e1ry utca 20.<\/p>\n<p>E-mail: info@vondetechnology.com<\/p>\n<p>Honlap: https:\/\/www.vondetech.com<\/p>\n<ol start=\"12\">\n<li><strong>  Teljes meg\u00e1llapod\u00e1s:<\/strong><\/li>\n<\/ol>\n<p>A jelen EULA k\u00e9pezi az \u00d6n \u00e9s az enged\u00e9lyez\u0151 k\u00f6z\u00f6tti teljes meg\u00e1llapod\u00e1st az Alkalmaz\u00e1sra vonatkoz\u00f3an, \u00e9s hat\u00e1lyon k\u00edv\u00fcl helyez minden kor\u00e1bbi vagy egyidej\u0171, ak\u00e1r sz\u00f3beli, ak\u00e1r \u00edr\u00e1sbeli kommunik\u00e1ci\u00f3t \u00e9s javaslatot.[\/vc_column_text][\/vc_column][\/vc_row]<\/p>\n<\/div>","protected":false},"excerpt":{"rendered":"<p>[vc_row][vc_column][vc_empty_space][vc_column_text el_class=&#8221;legal-text&#8221;]FONTOS &#8211; OLVASSA EL GONDOSAN: Ez a V\u00e9gfelhaszn\u00e1l\u00f3i Licencszerz\u0151d\u00e9s (&#8220;EULA&#8221;) egy jogi meg\u00e1llapod\u00e1s \u00d6n (&#8220;Licenciavev\u0151&#8221; vagy &#8220;\u00d6n&#8221;) \u00e9s a KMAK Kelet-Magyarorsz\u00e1gi Adatk\u00f6zpont Kft. k\u00f6z\u00f6tt. (&#8220;Licenciaad\u00f3&#8221; vagy &#8220;mi&#8221;) k\u00f6z\u00f6tt a Vonde Pro App szoftveralkalmaz\u00e1sra (&#8220;Alkalmaz\u00e1s&#8221;) vonatkoz\u00f3an. Az Alkalmaz\u00e1s telep\u00edt\u00e9s\u00e9vel, m\u00e1sol\u00e1s\u00e1val vagy egy\u00e9b m\u00f3don t\u00f6rt\u00e9n\u0151 haszn\u00e1lat\u00e1val \u00d6n elfogadja, hogy a jelen EULA felt\u00e9telei k\u00f6telez\u0151 \u00e9rv\u00e9ny\u0171ek. Ha [&hellip;]<\/p>\n","protected":false},"author":1,"featured_media":0,"parent":0,"menu_order":0,"comment_status":"closed","ping_status":"closed","template":"","meta":{"footnotes":""},"class_list":["post-20846","page","type-page","status-publish","hentry"],"yoast_head":"<!-- This site is optimized with the Yoast SEO plugin v24.7 - https:\/\/yoast.com\/wordpress\/plugins\/seo\/ -->\n<title>EULA - Vondetech<\/title>\n<meta name=\"robots\" content=\"index, follow, max-snippet:-1, max-image-preview:large, max-video-preview:-1\" \/>\n<link rel=\"canonical\" href=\"https:\/\/vondetech.com\/hu\/eula\/\" \/>\n<meta property=\"og:locale\" content=\"hu_HU\" \/>\n<meta property=\"og:type\" content=\"article\" \/>\n<meta property=\"og:title\" content=\"EULA - Vondetech\" \/>\n<meta property=\"og:description\" content=\"[vc_row][vc_column][vc_empty_space][vc_column_text el_class=&#8221;legal-text&#8221;]FONTOS &#8211; OLVASSA EL GONDOSAN: Ez a V\u00e9gfelhaszn\u00e1l\u00f3i Licencszerz\u0151d\u00e9s (&#8220;EULA&#8221;) egy jogi meg\u00e1llapod\u00e1s \u00d6n (&#8220;Licenciavev\u0151&#8221; vagy &#8220;\u00d6n&#8221;) \u00e9s a KMAK Kelet-Magyarorsz\u00e1gi Adatk\u00f6zpont Kft. k\u00f6z\u00f6tt. (&#8220;Licenciaad\u00f3&#8221; vagy &#8220;mi&#8221;) k\u00f6z\u00f6tt a Vonde Pro App szoftveralkalmaz\u00e1sra (&#8220;Alkalmaz\u00e1s&#8221;) vonatkoz\u00f3an. Az Alkalmaz\u00e1s telep\u00edt\u00e9s\u00e9vel, m\u00e1sol\u00e1s\u00e1val vagy egy\u00e9b m\u00f3don t\u00f6rt\u00e9n\u0151 haszn\u00e1lat\u00e1val \u00d6n elfogadja, hogy a jelen EULA felt\u00e9telei k\u00f6telez\u0151 \u00e9rv\u00e9ny\u0171ek. Ha [&hellip;]\" \/>\n<meta property=\"og:url\" content=\"https:\/\/vondetech.com\/hu\/eula\/\" \/>\n<meta property=\"og:site_name\" content=\"Vondetech\" \/>\n<meta property=\"article:modified_time\" content=\"2025-03-20T14:50:22+00:00\" \/>\n<meta name=\"twitter:card\" content=\"summary_large_image\" \/>\n<meta name=\"twitter:label1\" content=\"Becs\u00fclt olvas\u00e1si id\u0151\" \/>\n\t<meta name=\"twitter:data1\" content=\"5 perc\" \/>\n<script type=\"application\/ld+json\" class=\"yoast-schema-graph\">{\"@context\":\"https:\/\/schema.org\",\"@graph\":[{\"@type\":\"WebPage\",\"@id\":\"https:\/\/vondetech.com\/hu\/eula\/\",\"url\":\"https:\/\/vondetech.com\/hu\/eula\/\",\"name\":\"EULA - Vondetech\",\"isPartOf\":{\"@id\":\"https:\/\/vondetech.com\/hu\/#website\"},\"datePublished\":\"2025-03-19T08:19:24+00:00\",\"dateModified\":\"2025-03-20T14:50:22+00:00\",\"breadcrumb\":{\"@id\":\"https:\/\/vondetech.com\/hu\/eula\/#breadcrumb\"},\"inLanguage\":\"hu\",\"potentialAction\":[{\"@type\":\"ReadAction\",\"target\":[\"https:\/\/vondetech.com\/hu\/eula\/\"]}]},{\"@type\":\"BreadcrumbList\",\"@id\":\"https:\/\/vondetech.com\/hu\/eula\/#breadcrumb\",\"itemListElement\":[{\"@type\":\"ListItem\",\"position\":1,\"name\":\"Home\",\"item\":\"https:\/\/vondetech.com\/hu\/\"},{\"@type\":\"ListItem\",\"position\":2,\"name\":\"EULA\"}]},{\"@type\":\"WebSite\",\"@id\":\"https:\/\/vondetech.com\/hu\/#website\",\"url\":\"https:\/\/vondetech.com\/hu\/\",\"name\":\"Vondetech\",\"description\":\"\",\"potentialAction\":[{\"@type\":\"SearchAction\",\"target\":{\"@type\":\"EntryPoint\",\"urlTemplate\":\"https:\/\/vondetech.com\/hu\/?s={search_term_string}\"},\"query-input\":{\"@type\":\"PropertyValueSpecification\",\"valueRequired\":true,\"valueName\":\"search_term_string\"}}],\"inLanguage\":\"hu\"}]}<\/script>\n<!-- \/ Yoast SEO plugin. -->","yoast_head_json":{"title":"EULA - Vondetech","robots":{"index":"index","follow":"follow","max-snippet":"max-snippet:-1","max-image-preview":"max-image-preview:large","max-video-preview":"max-video-preview:-1"},"canonical":"https:\/\/vondetech.com\/hu\/eula\/","og_locale":"hu_HU","og_type":"article","og_title":"EULA - Vondetech","og_description":"[vc_row][vc_column][vc_empty_space][vc_column_text el_class=&#8221;legal-text&#8221;]FONTOS &#8211; OLVASSA EL GONDOSAN: Ez a V\u00e9gfelhaszn\u00e1l\u00f3i Licencszerz\u0151d\u00e9s (&#8220;EULA&#8221;) egy jogi meg\u00e1llapod\u00e1s \u00d6n (&#8220;Licenciavev\u0151&#8221; vagy &#8220;\u00d6n&#8221;) \u00e9s a KMAK Kelet-Magyarorsz\u00e1gi Adatk\u00f6zpont Kft. k\u00f6z\u00f6tt. (&#8220;Licenciaad\u00f3&#8221; vagy &#8220;mi&#8221;) k\u00f6z\u00f6tt a Vonde Pro App szoftveralkalmaz\u00e1sra (&#8220;Alkalmaz\u00e1s&#8221;) vonatkoz\u00f3an. Az Alkalmaz\u00e1s telep\u00edt\u00e9s\u00e9vel, m\u00e1sol\u00e1s\u00e1val vagy egy\u00e9b m\u00f3don t\u00f6rt\u00e9n\u0151 haszn\u00e1lat\u00e1val \u00d6n elfogadja, hogy a jelen EULA felt\u00e9telei k\u00f6telez\u0151 \u00e9rv\u00e9ny\u0171ek. Ha [&hellip;]","og_url":"https:\/\/vondetech.com\/hu\/eula\/","og_site_name":"Vondetech","article_modified_time":"2025-03-20T14:50:22+00:00","twitter_card":"summary_large_image","twitter_misc":{"Becs\u00fclt olvas\u00e1si id\u0151":"5 perc"},"schema":{"@context":"https:\/\/schema.org","@graph":[{"@type":"WebPage","@id":"https:\/\/vondetech.com\/hu\/eula\/","url":"https:\/\/vondetech.com\/hu\/eula\/","name":"EULA - Vondetech","isPartOf":{"@id":"https:\/\/vondetech.com\/hu\/#website"},"datePublished":"2025-03-19T08:19:24+00:00","dateModified":"2025-03-20T14:50:22+00:00","breadcrumb":{"@id":"https:\/\/vondetech.com\/hu\/eula\/#breadcrumb"},"inLanguage":"hu","potentialAction":[{"@type":"ReadAction","target":["https:\/\/vondetech.com\/hu\/eula\/"]}]},{"@type":"BreadcrumbList","@id":"https:\/\/vondetech.com\/hu\/eula\/#breadcrumb","itemListElement":[{"@type":"ListItem","position":1,"name":"Home","item":"https:\/\/vondetech.com\/hu\/"},{"@type":"ListItem","position":2,"name":"EULA"}]},{"@type":"WebSite","@id":"https:\/\/vondetech.com\/hu\/#website","url":"https:\/\/vondetech.com\/hu\/","name":"Vondetech","description":"","potentialAction":[{"@type":"SearchAction","target":{"@type":"EntryPoint","urlTemplate":"https:\/\/vondetech.com\/hu\/?s={search_term_string}"},"query-input":{"@type":"PropertyValueSpecification","valueRequired":true,"valueName":"search_term_string"}}],"inLanguage":"hu"}]}},"_links":{"self":[{"href":"https:\/\/vondetech.com\/hu\/wp-json\/wp\/v2\/pages\/20846","targetHints":{"allow":["GET"]}}],"collection":[{"href":"https:\/\/vondetech.com\/hu\/wp-json\/wp\/v2\/pages"}],"about":[{"href":"https:\/\/vondetech.com\/hu\/wp-json\/wp\/v2\/types\/page"}],"author":[{"embeddable":true,"href":"https:\/\/vondetech.com\/hu\/wp-json\/wp\/v2\/users\/1"}],"replies":[{"embeddable":true,"href":"https:\/\/vondetech.com\/hu\/wp-json\/wp\/v2\/comments?post=20846"}],"version-history":[{"count":2,"href":"https:\/\/vondetech.com\/hu\/wp-json\/wp\/v2\/pages\/20846\/revisions"}],"predecessor-version":[{"id":20856,"href":"https:\/\/vondetech.com\/hu\/wp-json\/wp\/v2\/pages\/20846\/revisions\/20856"}],"wp:attachment":[{"href":"https:\/\/vondetech.com\/hu\/wp-json\/wp\/v2\/media?parent=20846"}],"curies":[{"name":"wp","href":"https:\/\/api.w.org\/{rel}","templated":true}]}}