{"id":20617,"date":"2025-03-19T09:18:12","date_gmt":"2025-03-19T08:18:12","guid":{"rendered":"https:\/\/vondetech.com\/a-vonde-pro-mobilalkalmazas-sutikre-vonatkozo-iranyelvei\/"},"modified":"2025-07-02T13:01:43","modified_gmt":"2025-07-02T11:01:43","slug":"a-vonde-pro-mobilalkalmazas-sutikre-vonatkozo-iranyelvei","status":"publish","type":"page","link":"https:\/\/vondetech.com\/hu\/a-vonde-pro-mobilalkalmazas-sutikre-vonatkozo-iranyelvei\/","title":{"rendered":"A Vonde Pro mobilalkalmaz\u00e1s s\u00fctikre vonatkoz\u00f3 ir\u00e1nyelvei"},"content":{"rendered":"<div class=\"wpb-content-wrapper\"><p>[vc_row][vc_column][vc_empty_space][vc_column_text el_class=&#8221;legal-text&#8221;]<strong>Hat\u00e1lyos d\u00e1tum:<\/strong> m\u00e1rcius 17, 2025<\/p>\n<ol>\n<li><strong>  Bevezet\u00e9s<\/strong><\/li>\n<\/ol>\n<p>Ez a Cookie-szab\u00e1lyzat elmagyar\u00e1zza, hogy a Vonde Technology (&#8220;mi&#8221;, &#8220;minket&#8221; vagy &#8220;mi\u00e9nk&#8221;) hogyan haszn\u00e1lja a cookie-kat \u00e9s hasonl\u00f3 technol\u00f3gi\u00e1kat a Vonde Pro mobilalkalmaz\u00e1son (&#8220;Alkalmaz\u00e1s&#8221;) bel\u00fcl. Ez a szab\u00e1lyzat kifejezetten az Alkalmaz\u00e1sra vonatkozik, \u00e9s elt\u00e9r a weboldalunkra vonatkoz\u00f3 Cookie szab\u00e1lyzatunkt\u00f3l. <\/p>\n<ol start=\"2\">\n<li><strong>  Mik azok a s\u00fctik \u00e9s nyomk\u00f6vet\u0151 technol\u00f3gi\u00e1k?<\/strong><\/li>\n<\/ol>\n<p>A mobilalkalmaz\u00e1sokban tal\u00e1lhat\u00f3 s\u00fctik \u00e9s nyomk\u00f6vet\u0151 technol\u00f3gi\u00e1k k\u00f6z\u00e9 tartoznak az eszk\u00f6zazonos\u00edt\u00f3k, a pixelek \u00e9s a helyi t\u00e1rol\u00f3k, amelyek adatokat gy\u0171jtenek \u00e9s t\u00e1rolnak az \u00d6n eszk\u00f6z\u00e9r\u0151l \u00e9s az alkalmaz\u00e1s haszn\u00e1lat\u00e1r\u00f3l.<\/p>\n<ol start=\"3\">\n<li><strong>  Az \u00e1ltalunk haszn\u00e1lt s\u00fctik \u00e9s nyomk\u00f6vet\u0151 technol\u00f3gi\u00e1k t\u00edpusai<\/strong><\/li>\n<\/ol>\n<ul>\n<li><strong>Alapvet\u0151 technol\u00f3gi\u00e1k:<\/strong> Ezek a technol\u00f3gi\u00e1k sz\u00fcks\u00e9gesek az alkalmaz\u00e1s alapvet\u0151 funkci\u00f3inak, p\u00e9ld\u00e1ul a felhaszn\u00e1l\u00f3i hiteles\u00edt\u00e9snek, a biztons\u00e1gi funkci\u00f3knak \u00e9s az alkalmaz\u00e1s teljes\u00edtm\u00e9ny\u00e9nek lehet\u0151v\u00e9 t\u00e9tel\u00e9hez. Ezek a technol\u00f3gi\u00e1k nem gy\u0171jtenek szem\u00e9lyes adatokat. <\/li>\n<li><strong>Analitikai technol\u00f3gi\u00e1k:<\/strong> Firebase Analytics, Firebase Performance Monitoring \u00e9s Firebase Crashlytics technol\u00f3gi\u00e1kat haszn\u00e1lunk a felhaszn\u00e1l\u00f3i interakci\u00f3k elemz\u00e9s\u00e9re, az \u00f6sszeoml\u00e1sok diagnosztiz\u00e1l\u00e1s\u00e1ra \u00e9s a teljes\u00edtm\u00e9ny nyomon k\u00f6vet\u00e9s\u00e9re az alkalmaz\u00e1s min\u0151s\u00e9g\u00e9nek jav\u00edt\u00e1sa \u00e9rdek\u00e9ben. Ezek a technol\u00f3gi\u00e1k anonimiz\u00e1lt adatokat gy\u0171jtenek a felhaszn\u00e1l\u00f3i interakci\u00f3kr\u00f3l, az alkalmaz\u00e1s haszn\u00e1lat\u00e1r\u00f3l \u00e9s az eszk\u00f6zinform\u00e1ci\u00f3kr\u00f3l, hogy seg\u00edtsenek meg\u00e9rteni, hogyan l\u00e9pnek kapcsolatba a felhaszn\u00e1l\u00f3k az alkalmaz\u00e1ssal, \u00e9s azonos\u00edtani a fejlesztend\u0151 ter\u00fcleteket. <\/li>\n<li><strong>Rekl\u00e1mtechnol\u00f3gi\u00e1k:<\/strong> A Google AdMob eszk\u00f6zazonos\u00edt\u00f3kat \u00e9s alkalmaz\u00e1shaszn\u00e1lati adatokat gy\u0171jt, hogy a felhaszn\u00e1l\u00f3 \u00e9rdekl\u0151d\u00e9si k\u00f6r\u00e9hez igaz\u00edtott, szem\u00e9lyre szabott hirdet\u00e9seket jelen\u00edtsen meg. A Google AdMob a hirdet\u00e9sek szem\u00e9lyre szab\u00e1s\u00e1hoz olyan technol\u00f3gi\u00e1kat haszn\u00e1l, mint p\u00e9ld\u00e1ul az eszk\u00f6z hirdet\u00e9si azonos\u00edt\u00f3ja. \u00d6n az eszk\u00f6z be\u00e1ll\u00edt\u00e1saiban szab\u00e1lyozhatja ennek az azonos\u00edt\u00f3nak a haszn\u00e1lat\u00e1t.  <\/li>\n<\/ul>\n<ol start=\"4\">\n<li><strong>  A nyomk\u00f6vet\u0151 technol\u00f3gi\u00e1k haszn\u00e1lat\u00e1nak c\u00e9ljai<\/strong><\/li>\n<\/ol>\n<p>Ezeket a technol\u00f3gi\u00e1kat a k\u00f6vetkez\u0151kre haszn\u00e1ljuk:<\/p>\n<ul>\n<li>Alapvet\u0151 alkalmaz\u00e1sfunkci\u00f3k biztos\u00edt\u00e1sa.<\/li>\n<li>Az alkalmaz\u00e1s teljes\u00edtm\u00e9ny\u00e9nek \u00e9s stabilit\u00e1s\u00e1nak fel\u00fcgyelete \u00e9s jav\u00edt\u00e1sa.<\/li>\n<li>Szem\u00e9lyre szabott hirdet\u00e9sek megjelen\u00edt\u00e9se a Google AdMobon kereszt\u00fcl.<\/li>\n<li>A felhaszn\u00e1l\u00f3i interakci\u00f3k elemz\u00e9se a felhaszn\u00e1l\u00f3i \u00e9lm\u00e9ny jav\u00edt\u00e1sa \u00e9s az alkalmaz\u00e1s funkcionalit\u00e1s\u00e1nak optimaliz\u00e1l\u00e1sa \u00e9rdek\u00e9ben.<\/li>\n<\/ul>\n<ol start=\"5\">\n<li><strong>  S\u00fctik \u00e9s be\u00e1ll\u00edt\u00e1sok kezel\u00e9se<\/strong><\/li>\n<\/ol>\n<p>A cookie-k \u00e9s a nyomon k\u00f6vet\u00e9si technol\u00f3gi\u00e1k haszn\u00e1lat\u00e1t az eszk\u00f6z be\u00e1ll\u00edt\u00e1sain kereszt\u00fcl szab\u00e1lyozhatja.<\/p>\n<ul>\n<li><strong>Android k\u00e9sz\u00fcl\u00e9kekhez:<\/strong> A szem\u00e9lyre szabott hirdet\u00e9sek letilt\u00e1s\u00e1t a k\u00e9sz\u00fcl\u00e9k be\u00e1ll\u00edt\u00e1saiban a &#8220;Hirdet\u00e9sek szem\u00e9lyre szab\u00e1s\u00e1nak letilt\u00e1sa&#8221; opci\u00f3 enged\u00e9lyez\u00e9s\u00e9vel teheti meg. Az analitikai adatok gy\u0171jt\u00e9s\u00e9t az eszk\u00f6z adatv\u00e9delmi be\u00e1ll\u00edt\u00e1saiban is szab\u00e1lyozhatja. <\/li>\n<li><strong>iOS-eszk\u00f6z\u00f6kh\u00f6z:<\/strong> Az eszk\u00f6z be\u00e1ll\u00edt\u00e1saiban a &#8220;Hirdet\u00e9sek nyomon k\u00f6vet\u00e9s\u00e9nek korl\u00e1toz\u00e1sa&#8221; opci\u00f3 enged\u00e9lyez\u00e9s\u00e9vel korl\u00e1tozhatja a hirdet\u00e9sek nyomon k\u00f6vet\u00e9s\u00e9t. Az analitikai adatok gy\u0171jt\u00e9s\u00e9t az eszk\u00f6z adatv\u00e9delmi be\u00e1ll\u00edt\u00e1saiban is szab\u00e1lyozhatja. <\/li>\n<li>Az adatv\u00e9delmi be\u00e1ll\u00edt\u00e1sok kezel\u00e9s\u00e9vel kapcsolatos tov\u00e1bbi inform\u00e1ci\u00f3k\u00e9rt olvassa el a k\u00e9sz\u00fcl\u00e9k s\u00fag\u00f3j\u00e1t.<\/li>\n<\/ul>\n<p>E technol\u00f3gi\u00e1k n\u00e9melyike munkamenet-alap\u00fa, ami azt jelenti, hogy az alkalmaz\u00e1s bez\u00e1r\u00e1sakor t\u00f6rl\u0151dik. M\u00e1sok \u00e1lland\u00f3ak, azaz hosszabb ideig maradnak az eszk\u00f6z\u00e9n. <\/p>\n<ol start=\"6\">\n<li><strong>  Harmadik f\u00e9l szolg\u00e1ltat\u00f3k<\/strong><\/li>\n<\/ol>\n<p>A k\u00f6vetkez\u0151 harmadik f\u00e9l szolg\u00e1ltat\u00f3kat haszn\u00e1ljuk, amelyek s\u00fctiket vagy nyomk\u00f6vet\u0151 technol\u00f3gi\u00e1kat alkalmaznak:<\/p>\n<ul>\n<li><strong>Google Firebase:<\/strong> A Google Firebase szolg\u00e1ltat\u00e1sait haszn\u00e1ljuk, bele\u00e9rtve a Firebase Analytics, Firebase Crashlytics \u00e9s Firebase Performance Monitoring szolg\u00e1ltat\u00e1sokat. Ezek a szolg\u00e1ltat\u00e1sok technol\u00f3gi\u00e1kat haszn\u00e1lnak az Alkalmaz\u00e1s \u00d6n \u00e1ltali haszn\u00e1lat\u00e1ra vonatkoz\u00f3 adatok gy\u0171jt\u00e9s\u00e9re \u00e9s feldolgoz\u00e1s\u00e1ra. A Google adatv\u00e9delmi gyakorlat\u00e1r\u00f3l \u00e9s arr\u00f3l, hogy a Google hogyan haszn\u00e1lja fel az adatokat, a Google adatv\u00e9delmi szab\u00e1lyzat\u00e1ban tal\u00e1lhat tov\u00e1bbi inform\u00e1ci\u00f3kat:    [Link to Google&#8217;s Privacy Policy]<\/li>\n<li><strong>Google AdMob:<\/strong> Google AdMobot haszn\u00e1lunk szem\u00e9lyre szabott hirdet\u00e9sek megjelen\u00edt\u00e9s\u00e9re az Alkalmaz\u00e1sban. A Google AdMob technol\u00f3gi\u00e1kat haszn\u00e1l az Alkalmaz\u00e1s \u00e9s az \u00d6n eszk\u00f6z\u00e9nek haszn\u00e1lat\u00e1ra vonatkoz\u00f3 adatok gy\u0171jt\u00e9s\u00e9re \u00e9s feldolgoz\u00e1s\u00e1ra. A Google adatv\u00e9delmi gyakorlat\u00e1r\u00f3l \u00e9s arr\u00f3l, hogy a Google hogyan haszn\u00e1lja fel az adatokat, a Google adatv\u00e9delmi szab\u00e1lyzat\u00e1ban tal\u00e1l tov\u00e1bbi inform\u00e1ci\u00f3kat:    [Link to Google&#8217;s Privacy Policy]<\/li>\n<\/ul>\n<p>Minden harmadik f\u00e9l szigor\u00faan betartja az adatv\u00e9delmi el\u0151\u00edr\u00e1sokat, \u00e9s az adatokat kiz\u00e1r\u00f3lag a v\u00e1zolt c\u00e9lokb\u00f3l dolgozza fel.<\/p>\n<ol start=\"7\">\n<li><strong>  Politikai friss\u00edt\u00e9sek<\/strong><\/li>\n<\/ol>\n<p>Ez a Cookie-szab\u00e1lyzat id\u0151szakosan friss\u00fclhet. A jelent\u0151s v\u00e1ltoz\u00e1sokr\u00f3l az alkalmaz\u00e1s \u00e9rtes\u00edt\u00e9sei vagy e-mailben fogunk t\u00e1j\u00e9koztatni. <\/p>\n<ol start=\"8\">\n<li><strong>  Kapcsolattart\u00e1si inform\u00e1ci\u00f3k<\/strong><\/li>\n<\/ol>\n<p>Ha k\u00e9rd\u00e9sei vagy agg\u00e1lyai vannak a jelen Cookie-szab\u00e1lyzattal kapcsolatban, k\u00e9rj\u00fck, vegye fel vel\u00fcnk a kapcsolatot:<\/p>\n<p>KMAK Kelet-Magyarorsz\u00e1gi Adatk\u00f6zpont Kft.<\/p>\n<p>H-5000 Szolnok, Szap\u00e1ry utca 20.<\/p>\n<p>E-mail: info@vondetechnology.com<\/p>\n<p>A Vonde Pro App haszn\u00e1lat\u00e1val \u00d6n hozz\u00e1j\u00e1rul a s\u00fctik \u00e9s a nyomon k\u00f6vet\u00e9si technol\u00f3gi\u00e1k haszn\u00e1lat\u00e1hoz a jelen Cookie szab\u00e1lyzatban le\u00edrtak szerint.[\/vc_column_text][\/vc_column][\/vc_row]<\/p>\n<\/div>","protected":false},"excerpt":{"rendered":"<p>[vc_row][vc_column][vc_empty_space][vc_column_text el_class=&#8221;legal-text&#8221;]Hat\u00e1lyos d\u00e1tum: m\u00e1rcius 17, 2025 Bevezet\u00e9s Ez a Cookie-szab\u00e1lyzat elmagyar\u00e1zza, hogy a Vonde Technology (&#8220;mi&#8221;, &#8220;minket&#8221; vagy &#8220;mi\u00e9nk&#8221;) hogyan haszn\u00e1lja a cookie-kat \u00e9s hasonl\u00f3 technol\u00f3gi\u00e1kat a Vonde Pro mobilalkalmaz\u00e1son (&#8220;Alkalmaz\u00e1s&#8221;) bel\u00fcl. Ez a szab\u00e1lyzat kifejezetten az Alkalmaz\u00e1sra vonatkozik, \u00e9s elt\u00e9r a weboldalunkra vonatkoz\u00f3 Cookie szab\u00e1lyzatunkt\u00f3l. Mik azok a s\u00fctik \u00e9s nyomk\u00f6vet\u0151 technol\u00f3gi\u00e1k? A mobilalkalmaz\u00e1sokban [&hellip;]<\/p>\n","protected":false},"author":1,"featured_media":0,"parent":0,"menu_order":0,"comment_status":"closed","ping_status":"closed","template":"","meta":{"footnotes":""},"class_list":["post-20617","page","type-page","status-publish","hentry"],"yoast_head":"<!-- This site is optimized with the Yoast SEO plugin v24.7 - https:\/\/yoast.com\/wordpress\/plugins\/seo\/ -->\n<title>A Vonde Pro mobilalkalmaz\u00e1s s\u00fctikre vonatkoz\u00f3 ir\u00e1nyelvei - Vondetech<\/title>\n<meta name=\"robots\" content=\"index, follow, max-snippet:-1, max-image-preview:large, max-video-preview:-1\" \/>\n<link rel=\"canonical\" href=\"https:\/\/vondetech.com\/hu\/a-vonde-pro-mobilalkalmazas-sutikre-vonatkozo-iranyelvei\/\" \/>\n<meta property=\"og:locale\" content=\"hu_HU\" \/>\n<meta property=\"og:type\" content=\"article\" \/>\n<meta property=\"og:title\" content=\"A Vonde Pro mobilalkalmaz\u00e1s s\u00fctikre vonatkoz\u00f3 ir\u00e1nyelvei - Vondetech\" \/>\n<meta property=\"og:description\" content=\"[vc_row][vc_column][vc_empty_space][vc_column_text el_class=&#8221;legal-text&#8221;]Hat\u00e1lyos d\u00e1tum: m\u00e1rcius 17, 2025 Bevezet\u00e9s Ez a Cookie-szab\u00e1lyzat elmagyar\u00e1zza, hogy a Vonde Technology (&#8220;mi&#8221;, &#8220;minket&#8221; vagy &#8220;mi\u00e9nk&#8221;) hogyan haszn\u00e1lja a cookie-kat \u00e9s hasonl\u00f3 technol\u00f3gi\u00e1kat a Vonde Pro mobilalkalmaz\u00e1son (&#8220;Alkalmaz\u00e1s&#8221;) bel\u00fcl. Ez a szab\u00e1lyzat kifejezetten az Alkalmaz\u00e1sra vonatkozik, \u00e9s elt\u00e9r a weboldalunkra vonatkoz\u00f3 Cookie szab\u00e1lyzatunkt\u00f3l. Mik azok a s\u00fctik \u00e9s nyomk\u00f6vet\u0151 technol\u00f3gi\u00e1k? A mobilalkalmaz\u00e1sokban [&hellip;]\" \/>\n<meta property=\"og:url\" content=\"https:\/\/vondetech.com\/hu\/a-vonde-pro-mobilalkalmazas-sutikre-vonatkozo-iranyelvei\/\" \/>\n<meta property=\"og:site_name\" content=\"Vondetech\" \/>\n<meta property=\"article:modified_time\" content=\"2025-07-02T11:01:43+00:00\" \/>\n<meta name=\"twitter:card\" content=\"summary_large_image\" \/>\n<meta name=\"twitter:label1\" content=\"Becs\u00fclt olvas\u00e1si id\u0151\" \/>\n\t<meta name=\"twitter:data1\" content=\"5 perc\" \/>\n<script type=\"application\/ld+json\" class=\"yoast-schema-graph\">{\"@context\":\"https:\/\/schema.org\",\"@graph\":[{\"@type\":\"WebPage\",\"@id\":\"https:\/\/vondetech.com\/hu\/a-vonde-pro-mobilalkalmazas-sutikre-vonatkozo-iranyelvei\/\",\"url\":\"https:\/\/vondetech.com\/hu\/a-vonde-pro-mobilalkalmazas-sutikre-vonatkozo-iranyelvei\/\",\"name\":\"A Vonde Pro mobilalkalmaz\u00e1s s\u00fctikre vonatkoz\u00f3 ir\u00e1nyelvei - Vondetech\",\"isPartOf\":{\"@id\":\"https:\/\/vondetech.com\/hu\/#website\"},\"datePublished\":\"2025-03-19T08:18:12+00:00\",\"dateModified\":\"2025-07-02T11:01:43+00:00\",\"breadcrumb\":{\"@id\":\"https:\/\/vondetech.com\/hu\/a-vonde-pro-mobilalkalmazas-sutikre-vonatkozo-iranyelvei\/#breadcrumb\"},\"inLanguage\":\"hu\",\"potentialAction\":[{\"@type\":\"ReadAction\",\"target\":[\"https:\/\/vondetech.com\/hu\/a-vonde-pro-mobilalkalmazas-sutikre-vonatkozo-iranyelvei\/\"]}]},{\"@type\":\"BreadcrumbList\",\"@id\":\"https:\/\/vondetech.com\/hu\/a-vonde-pro-mobilalkalmazas-sutikre-vonatkozo-iranyelvei\/#breadcrumb\",\"itemListElement\":[{\"@type\":\"ListItem\",\"position\":1,\"name\":\"Home\",\"item\":\"https:\/\/vondetech.com\/hu\/\"},{\"@type\":\"ListItem\",\"position\":2,\"name\":\"A Vonde Pro mobilalkalmaz\u00e1s s\u00fctikre vonatkoz\u00f3 ir\u00e1nyelvei\"}]},{\"@type\":\"WebSite\",\"@id\":\"https:\/\/vondetech.com\/hu\/#website\",\"url\":\"https:\/\/vondetech.com\/hu\/\",\"name\":\"Vondetech\",\"description\":\"\",\"potentialAction\":[{\"@type\":\"SearchAction\",\"target\":{\"@type\":\"EntryPoint\",\"urlTemplate\":\"https:\/\/vondetech.com\/hu\/?s={search_term_string}\"},\"query-input\":{\"@type\":\"PropertyValueSpecification\",\"valueRequired\":true,\"valueName\":\"search_term_string\"}}],\"inLanguage\":\"hu\"}]}<\/script>\n<!-- \/ Yoast SEO plugin. -->","yoast_head_json":{"title":"A Vonde Pro mobilalkalmaz\u00e1s s\u00fctikre vonatkoz\u00f3 ir\u00e1nyelvei - Vondetech","robots":{"index":"index","follow":"follow","max-snippet":"max-snippet:-1","max-image-preview":"max-image-preview:large","max-video-preview":"max-video-preview:-1"},"canonical":"https:\/\/vondetech.com\/hu\/a-vonde-pro-mobilalkalmazas-sutikre-vonatkozo-iranyelvei\/","og_locale":"hu_HU","og_type":"article","og_title":"A Vonde Pro mobilalkalmaz\u00e1s s\u00fctikre vonatkoz\u00f3 ir\u00e1nyelvei - Vondetech","og_description":"[vc_row][vc_column][vc_empty_space][vc_column_text el_class=&#8221;legal-text&#8221;]Hat\u00e1lyos d\u00e1tum: m\u00e1rcius 17, 2025 Bevezet\u00e9s Ez a Cookie-szab\u00e1lyzat elmagyar\u00e1zza, hogy a Vonde Technology (&#8220;mi&#8221;, &#8220;minket&#8221; vagy &#8220;mi\u00e9nk&#8221;) hogyan haszn\u00e1lja a cookie-kat \u00e9s hasonl\u00f3 technol\u00f3gi\u00e1kat a Vonde Pro mobilalkalmaz\u00e1son (&#8220;Alkalmaz\u00e1s&#8221;) bel\u00fcl. Ez a szab\u00e1lyzat kifejezetten az Alkalmaz\u00e1sra vonatkozik, \u00e9s elt\u00e9r a weboldalunkra vonatkoz\u00f3 Cookie szab\u00e1lyzatunkt\u00f3l. Mik azok a s\u00fctik \u00e9s nyomk\u00f6vet\u0151 technol\u00f3gi\u00e1k? A mobilalkalmaz\u00e1sokban [&hellip;]","og_url":"https:\/\/vondetech.com\/hu\/a-vonde-pro-mobilalkalmazas-sutikre-vonatkozo-iranyelvei\/","og_site_name":"Vondetech","article_modified_time":"2025-07-02T11:01:43+00:00","twitter_card":"summary_large_image","twitter_misc":{"Becs\u00fclt olvas\u00e1si id\u0151":"5 perc"},"schema":{"@context":"https:\/\/schema.org","@graph":[{"@type":"WebPage","@id":"https:\/\/vondetech.com\/hu\/a-vonde-pro-mobilalkalmazas-sutikre-vonatkozo-iranyelvei\/","url":"https:\/\/vondetech.com\/hu\/a-vonde-pro-mobilalkalmazas-sutikre-vonatkozo-iranyelvei\/","name":"A Vonde Pro mobilalkalmaz\u00e1s s\u00fctikre vonatkoz\u00f3 ir\u00e1nyelvei - Vondetech","isPartOf":{"@id":"https:\/\/vondetech.com\/hu\/#website"},"datePublished":"2025-03-19T08:18:12+00:00","dateModified":"2025-07-02T11:01:43+00:00","breadcrumb":{"@id":"https:\/\/vondetech.com\/hu\/a-vonde-pro-mobilalkalmazas-sutikre-vonatkozo-iranyelvei\/#breadcrumb"},"inLanguage":"hu","potentialAction":[{"@type":"ReadAction","target":["https:\/\/vondetech.com\/hu\/a-vonde-pro-mobilalkalmazas-sutikre-vonatkozo-iranyelvei\/"]}]},{"@type":"BreadcrumbList","@id":"https:\/\/vondetech.com\/hu\/a-vonde-pro-mobilalkalmazas-sutikre-vonatkozo-iranyelvei\/#breadcrumb","itemListElement":[{"@type":"ListItem","position":1,"name":"Home","item":"https:\/\/vondetech.com\/hu\/"},{"@type":"ListItem","position":2,"name":"A Vonde Pro mobilalkalmaz\u00e1s s\u00fctikre vonatkoz\u00f3 ir\u00e1nyelvei"}]},{"@type":"WebSite","@id":"https:\/\/vondetech.com\/hu\/#website","url":"https:\/\/vondetech.com\/hu\/","name":"Vondetech","description":"","potentialAction":[{"@type":"SearchAction","target":{"@type":"EntryPoint","urlTemplate":"https:\/\/vondetech.com\/hu\/?s={search_term_string}"},"query-input":{"@type":"PropertyValueSpecification","valueRequired":true,"valueName":"search_term_string"}}],"inLanguage":"hu"}]}},"_links":{"self":[{"href":"https:\/\/vondetech.com\/hu\/wp-json\/wp\/v2\/pages\/20617","targetHints":{"allow":["GET"]}}],"collection":[{"href":"https:\/\/vondetech.com\/hu\/wp-json\/wp\/v2\/pages"}],"about":[{"href":"https:\/\/vondetech.com\/hu\/wp-json\/wp\/v2\/types\/page"}],"author":[{"embeddable":true,"href":"https:\/\/vondetech.com\/hu\/wp-json\/wp\/v2\/users\/1"}],"replies":[{"embeddable":true,"href":"https:\/\/vondetech.com\/hu\/wp-json\/wp\/v2\/comments?post=20617"}],"version-history":[{"count":8,"href":"https:\/\/vondetech.com\/hu\/wp-json\/wp\/v2\/pages\/20617\/revisions"}],"predecessor-version":[{"id":30451,"href":"https:\/\/vondetech.com\/hu\/wp-json\/wp\/v2\/pages\/20617\/revisions\/30451"}],"wp:attachment":[{"href":"https:\/\/vondetech.com\/hu\/wp-json\/wp\/v2\/media?parent=20617"}],"curies":[{"name":"wp","href":"https:\/\/api.w.org\/{rel}","templated":true}]}}