{"id":20875,"date":"2025-03-19T09:20:16","date_gmt":"2025-03-19T08:20:16","guid":{"rendered":"https:\/\/vondetech.com\/otisak-za-aplikaciju-vonde-pro\/"},"modified":"2025-03-20T15:58:27","modified_gmt":"2025-03-20T14:58:27","slug":"otisak-za-aplikaciju-vonde-pro","status":"publish","type":"page","link":"https:\/\/vondetech.com\/hr\/otisak-za-aplikaciju-vonde-pro\/","title":{"rendered":"Otisak za aplikaciju Vonde Pro"},"content":{"rendered":"<div class=\"wpb-content-wrapper\"><p>[vc_row][vc_column][vc_empty_space][vc_column_text el_class=&#8221;legal-text&#8221;]<strong>Informacije o tvrtki:<\/strong><\/p>\n<p>Tehnologija Vonde<\/p>\n<p><strong>O Vonde Technology LLC:<\/strong><\/p>\n<p>Vonde Pro App je inovativna mobilna aplikacija razvijena i kojom se upravlja kroz suradnju dva entiteta:<\/p>\n<ul>\n<li>Vonde Technology LLC (SAD) upravlja globalnim tr\u017ei\u0161tima i me\u0111unarodnom ekspanzijom.<\/li>\n<li>KMAK Kelet-Magyarorsz\u00e1gi Adatk\u00f6zpont Kft. (Europa, Ma\u0111arska) bavi se razvojem i povezanim operativnim zadacima.<\/li>\n<\/ul>\n<p><strong>Upravlja:<\/strong><\/p>\n<p>KMAK Kelet-Magyarorsz\u00e1gi Adatk\u00f6zpont Kft.<\/p>\n<p><strong>Registrirana adresa:<\/strong><\/p>\n<p>H-5000 Szolnok, Szap\u00e1ry utca 20. Ma\u0111arska<\/p>\n<p><strong>Podaci za kontakt:<\/strong><\/p>\n<p>Email: info@vondetechnology.com<\/p>\n<p><strong>Generalni direktor:<\/strong><\/p>\n<p>Laslo Berta<\/p>\n<p><strong>Registracija tvrtke:<\/strong><\/p>\n<p>DUNS: 401605625<\/p>\n<p>Registarski sud: [Navedite registarski sud, npr. Regionalni sud u Szolnoku]<\/p>\n<p><strong>PDV identifikacijski broj:<\/strong><\/p>\n<p>HU24373427<\/p>\n<p><strong>Slu\u017ebenik za za\u0161titu podataka:<\/strong><\/p>\n<p>Za upite o za\u0161titi podataka obratite se na\u0161em slu\u017ebeniku za za\u0161titu podataka na:<\/p>\n<p>Email: info@vondetechnology.com<\/p>\n<p><strong>Odricanje od odgovornosti:<\/strong><\/p>\n<p>Unato\u010d pa\u017eljivom pra\u0107enju sadr\u017eaja, ne preuzimamo odgovornost za sadr\u017eaj vanjskih poveznica. Operateri povezanih stranica isklju\u010divo su odgovorni za njihov sadr\u017eaj. <\/p>\n<p><strong>Rje\u0161avanje sporova:<\/strong><\/p>\n<p>U skladu s propisima EU-a, sporovi se mogu rije\u0161iti putem platforme za online rje\u0161avanje sporova Europske komisije: http:\/\/ec.europa.eu\/consumers\/odr<\/p>\n<p><strong>Podaci za kontakt:<\/strong><\/p>\n<p>Za op\u0107enite upite:<\/p>\n<p>Email: info@vondetechnology.com<\/p>\n<p>Ovaj Impreszum u skladu je s propisima i standardima EU koji se primjenjuju na komercijalne subjekte koji posluju na tr\u017ei\u0161tima Europske unije.[\/vc_column_text][\/vc_column][\/vc_row]<\/p>\n<\/div>","protected":false},"excerpt":{"rendered":"<p>[vc_row][vc_column][vc_empty_space][vc_column_text el_class=&#8221;legal-text&#8221;]Informacije o tvrtki: Tehnologija Vonde O Vonde Technology LLC: Vonde Pro App je inovativna mobilna aplikacija razvijena i kojom se upravlja kroz suradnju dva entiteta: Vonde Technology LLC (SAD) upravlja globalnim tr\u017ei\u0161tima i me\u0111unarodnom ekspanzijom. KMAK Kelet-Magyarorsz\u00e1gi Adatk\u00f6zpont Kft. (Europa, Ma\u0111arska) bavi se razvojem i povezanim operativnim zadacima. Upravlja: KMAK Kelet-Magyarorsz\u00e1gi Adatk\u00f6zpont Kft. Registrirana [&hellip;]<\/p>\n","protected":false},"author":1,"featured_media":0,"parent":0,"menu_order":0,"comment_status":"closed","ping_status":"closed","template":"","meta":{"footnotes":""},"class_list":["post-20875","page","type-page","status-publish","hentry"],"yoast_head":"<!-- This site is optimized with the Yoast SEO plugin v24.7 - https:\/\/yoast.com\/wordpress\/plugins\/seo\/ -->\n<title>Otisak za aplikaciju Vonde Pro - Vondetech<\/title>\n<meta name=\"robots\" content=\"index, follow, max-snippet:-1, max-image-preview:large, max-video-preview:-1\" \/>\n<link rel=\"canonical\" href=\"https:\/\/vondetech.com\/hr\/otisak-za-aplikaciju-vonde-pro\/\" \/>\n<meta property=\"og:locale\" content=\"hr_HR\" \/>\n<meta property=\"og:type\" content=\"article\" \/>\n<meta property=\"og:title\" content=\"Otisak za aplikaciju Vonde Pro - Vondetech\" \/>\n<meta property=\"og:description\" content=\"[vc_row][vc_column][vc_empty_space][vc_column_text el_class=&#8221;legal-text&#8221;]Informacije o tvrtki: Tehnologija Vonde O Vonde Technology LLC: Vonde Pro App je inovativna mobilna aplikacija razvijena i kojom se upravlja kroz suradnju dva entiteta: Vonde Technology LLC (SAD) upravlja globalnim tr\u017ei\u0161tima i me\u0111unarodnom ekspanzijom. KMAK Kelet-Magyarorsz\u00e1gi Adatk\u00f6zpont Kft. (Europa, Ma\u0111arska) bavi se razvojem i povezanim operativnim zadacima. Upravlja: KMAK Kelet-Magyarorsz\u00e1gi Adatk\u00f6zpont Kft. Registrirana [&hellip;]\" \/>\n<meta property=\"og:url\" content=\"https:\/\/vondetech.com\/hr\/otisak-za-aplikaciju-vonde-pro\/\" \/>\n<meta property=\"og:site_name\" content=\"Vondetech\" \/>\n<meta property=\"article:modified_time\" content=\"2025-03-20T14:58:27+00:00\" \/>\n<meta name=\"twitter:card\" content=\"summary_large_image\" \/>\n<meta name=\"twitter:label1\" content=\"Procijenjeno vrijeme \u010ditanja\" \/>\n\t<meta name=\"twitter:data1\" content=\"1 minuta\" \/>\n<script type=\"application\/ld+json\" class=\"yoast-schema-graph\">{\"@context\":\"https:\/\/schema.org\",\"@graph\":[{\"@type\":\"WebPage\",\"@id\":\"https:\/\/vondetech.com\/hr\/otisak-za-aplikaciju-vonde-pro\/\",\"url\":\"https:\/\/vondetech.com\/hr\/otisak-za-aplikaciju-vonde-pro\/\",\"name\":\"Otisak za aplikaciju Vonde Pro - Vondetech\",\"isPartOf\":{\"@id\":\"https:\/\/vondetech.com\/hr\/#website\"},\"datePublished\":\"2025-03-19T08:20:16+00:00\",\"dateModified\":\"2025-03-20T14:58:27+00:00\",\"breadcrumb\":{\"@id\":\"https:\/\/vondetech.com\/hr\/otisak-za-aplikaciju-vonde-pro\/#breadcrumb\"},\"inLanguage\":\"hr\",\"potentialAction\":[{\"@type\":\"ReadAction\",\"target\":[\"https:\/\/vondetech.com\/hr\/otisak-za-aplikaciju-vonde-pro\/\"]}]},{\"@type\":\"BreadcrumbList\",\"@id\":\"https:\/\/vondetech.com\/hr\/otisak-za-aplikaciju-vonde-pro\/#breadcrumb\",\"itemListElement\":[{\"@type\":\"ListItem\",\"position\":1,\"name\":\"Dom\",\"item\":\"https:\/\/vondetech.com\/hr\/dom\/\"},{\"@type\":\"ListItem\",\"position\":2,\"name\":\"Otisak za aplikaciju Vonde Pro\"}]},{\"@type\":\"WebSite\",\"@id\":\"https:\/\/vondetech.com\/hr\/#website\",\"url\":\"https:\/\/vondetech.com\/hr\/\",\"name\":\"Vondetech\",\"description\":\"\",\"potentialAction\":[{\"@type\":\"SearchAction\",\"target\":{\"@type\":\"EntryPoint\",\"urlTemplate\":\"https:\/\/vondetech.com\/hr\/?s={search_term_string}\"},\"query-input\":{\"@type\":\"PropertyValueSpecification\",\"valueRequired\":true,\"valueName\":\"search_term_string\"}}],\"inLanguage\":\"hr\"}]}<\/script>\n<!-- \/ Yoast SEO plugin. -->","yoast_head_json":{"title":"Otisak za aplikaciju Vonde Pro - Vondetech","robots":{"index":"index","follow":"follow","max-snippet":"max-snippet:-1","max-image-preview":"max-image-preview:large","max-video-preview":"max-video-preview:-1"},"canonical":"https:\/\/vondetech.com\/hr\/otisak-za-aplikaciju-vonde-pro\/","og_locale":"hr_HR","og_type":"article","og_title":"Otisak za aplikaciju Vonde Pro - Vondetech","og_description":"[vc_row][vc_column][vc_empty_space][vc_column_text el_class=&#8221;legal-text&#8221;]Informacije o tvrtki: Tehnologija Vonde O Vonde Technology LLC: Vonde Pro App je inovativna mobilna aplikacija razvijena i kojom se upravlja kroz suradnju dva entiteta: Vonde Technology LLC (SAD) upravlja globalnim tr\u017ei\u0161tima i me\u0111unarodnom ekspanzijom. KMAK Kelet-Magyarorsz\u00e1gi Adatk\u00f6zpont Kft. (Europa, Ma\u0111arska) bavi se razvojem i povezanim operativnim zadacima. Upravlja: KMAK Kelet-Magyarorsz\u00e1gi Adatk\u00f6zpont Kft. Registrirana [&hellip;]","og_url":"https:\/\/vondetech.com\/hr\/otisak-za-aplikaciju-vonde-pro\/","og_site_name":"Vondetech","article_modified_time":"2025-03-20T14:58:27+00:00","twitter_card":"summary_large_image","twitter_misc":{"Procijenjeno vrijeme \u010ditanja":"1 minuta"},"schema":{"@context":"https:\/\/schema.org","@graph":[{"@type":"WebPage","@id":"https:\/\/vondetech.com\/hr\/otisak-za-aplikaciju-vonde-pro\/","url":"https:\/\/vondetech.com\/hr\/otisak-za-aplikaciju-vonde-pro\/","name":"Otisak za aplikaciju Vonde Pro - Vondetech","isPartOf":{"@id":"https:\/\/vondetech.com\/hr\/#website"},"datePublished":"2025-03-19T08:20:16+00:00","dateModified":"2025-03-20T14:58:27+00:00","breadcrumb":{"@id":"https:\/\/vondetech.com\/hr\/otisak-za-aplikaciju-vonde-pro\/#breadcrumb"},"inLanguage":"hr","potentialAction":[{"@type":"ReadAction","target":["https:\/\/vondetech.com\/hr\/otisak-za-aplikaciju-vonde-pro\/"]}]},{"@type":"BreadcrumbList","@id":"https:\/\/vondetech.com\/hr\/otisak-za-aplikaciju-vonde-pro\/#breadcrumb","itemListElement":[{"@type":"ListItem","position":1,"name":"Dom","item":"https:\/\/vondetech.com\/hr\/dom\/"},{"@type":"ListItem","position":2,"name":"Otisak za aplikaciju Vonde Pro"}]},{"@type":"WebSite","@id":"https:\/\/vondetech.com\/hr\/#website","url":"https:\/\/vondetech.com\/hr\/","name":"Vondetech","description":"","potentialAction":[{"@type":"SearchAction","target":{"@type":"EntryPoint","urlTemplate":"https:\/\/vondetech.com\/hr\/?s={search_term_string}"},"query-input":{"@type":"PropertyValueSpecification","valueRequired":true,"valueName":"search_term_string"}}],"inLanguage":"hr"}]}},"_links":{"self":[{"href":"https:\/\/vondetech.com\/hr\/wp-json\/wp\/v2\/pages\/20875","targetHints":{"allow":["GET"]}}],"collection":[{"href":"https:\/\/vondetech.com\/hr\/wp-json\/wp\/v2\/pages"}],"about":[{"href":"https:\/\/vondetech.com\/hr\/wp-json\/wp\/v2\/types\/page"}],"author":[{"embeddable":true,"href":"https:\/\/vondetech.com\/hr\/wp-json\/wp\/v2\/users\/1"}],"replies":[{"embeddable":true,"href":"https:\/\/vondetech.com\/hr\/wp-json\/wp\/v2\/comments?post=20875"}],"version-history":[{"count":4,"href":"https:\/\/vondetech.com\/hr\/wp-json\/wp\/v2\/pages\/20875\/revisions"}],"predecessor-version":[{"id":20903,"href":"https:\/\/vondetech.com\/hr\/wp-json\/wp\/v2\/pages\/20875\/revisions\/20903"}],"wp:attachment":[{"href":"https:\/\/vondetech.com\/hr\/wp-json\/wp\/v2\/media?parent=20875"}],"curies":[{"name":"wp","href":"https:\/\/api.w.org\/{rel}","templated":true}]}}