{"id":20725,"date":"2025-03-19T09:19:24","date_gmt":"2025-03-19T08:19:24","guid":{"rendered":"https:\/\/vondetech.com\/eula\/"},"modified":"2025-03-20T15:49:33","modified_gmt":"2025-03-20T14:49:33","slug":"eula","status":"publish","type":"page","link":"https:\/\/vondetech.com\/hr\/eula\/","title":{"rendered":"EULA"},"content":{"rendered":"<div class=\"wpb-content-wrapper\"><p>[vc_row][vc_column][vc_empty_space][vc_column_text el_class=&#8221;legal-text&#8221;]<strong>VA\u017dNO \u2013 PRO\u010cITAJTE PA\u017dLJIVO:<\/strong> Ovaj licencni ugovor s krajnjim korisnikom (&#8220;EULA&#8221;) pravni je ugovor izme\u0111u vas (&#8220;Skupitelj licence&#8221; ili &#8220;vi&#8221;) i KMAK Kelet-Magyarorsz\u00e1gi Adatk\u00f6zpont Kft. (&#8220;Davatelj licence&#8221; ili &#8220;mi&#8221;) za softversku aplikaciju Vonde Pro App (&#8220;Aplikacija&#8221;). Instaliranjem, kopiranjem ili drugim kori\u0161tenjem aplikacije, suglasni ste biti vezani uvjetima ovog EULA. Ako se ne sla\u017eete s uvjetima ovog EULA, nemojte instalirati niti koristiti aplikaciju.   <\/p>\n<ol>\n<li><strong>  Dodjela licence:<\/strong><\/li>\n<\/ol>\n<p>Davatelj licence vam daje ograni\u010denu, neisklju\u010divu, neprenosivu, opozivu licencu za kori\u0161tenje aplikacije na jednom mobilnom ure\u0111aju za va\u0161u osobnu, nekomercijalnu upotrebu.<\/p>\n<ol start=\"2\">\n<li><strong>  Ograni\u010denja:<\/strong><\/li>\n<\/ol>\n<p>Ne smijete:<\/p>\n<ul>\n<li>Izmijeniti, prilagoditi ili izvr\u0161iti obrnuti in\u017eenjering aplikacije ili poku\u0161ati izvesti njezin izvorni kod.<\/li>\n<li>Koristite Aplikaciju komercijalno ili je prodajte, distribuirajte, iznajmljujte, dajte u podlicencu, iznajmljujte, posu\u0111ujte ili na neki drugi na\u010din prenesite Aplikaciju tre\u0107im stranama.<\/li>\n<li>Uklonite, izmijenite ili sakrijte sve obavijesti o autorskim pravima, za\u0161titnim znakovima ili drugim vlasni\u010dkim pravima.<\/li>\n<li>Koristite aplikaciju na bilo koji na\u010din kojim se kr\u0161e primjenjivi zakoni ili propisi, kr\u0161e prava intelektualnog vlasni\u0161tva drugih ili poku\u0161avaju zaobi\u0107i sigurnosne mjere aplikacije.<\/li>\n<li>Koristite Aplikaciju za bilo kakvu nezakonitu aktivnost, uklju\u010duju\u0107i, ali ne ograni\u010davaju\u0107i se na, prijenos ili pohranjivanje nezakonitog materijala, ili sudjelovanje u bilo kojoj aktivnosti koja bi mogla o\u0161tetiti, onemogu\u0107iti, preopteretiti ili naru\u0161iti Aplikaciju ili njezine usluge.<\/li>\n<\/ul>\n<ol start=\"3\">\n<li><strong>  Vlasni\u0161tvo:<\/strong><\/li>\n<\/ol>\n<p>Aplikacija je u vlasni\u0161tvu Davatelja licence i za\u0161ti\u0107ena je autorskim pravima i drugim zakonima o intelektualnom vlasni\u0161tvu. Va\u0161a licenca ne daje naslov ili vlasni\u0161tvo u aplikaciji. <\/p>\n<ol start=\"4\">\n<li><strong>  Privatnost:<\/strong><\/li>\n<\/ol>\n<p>Kori\u0161tenje aplikacije podlije\u017ee na\u0161im Pravilima o privatnosti, koja detaljno opisuju na\u0161e postupke prikupljanja, obrade i za\u0161tite podataka. Kori\u0161tenjem aplikacije pristajete na uvjete navedene u Politici privatnosti. Na\u0161u Politiku privatnosti mo\u017eete prona\u0107i na:    [Link to Privacy Policy]<\/p>\n<ol start=\"5\">\n<li><strong>  Odricanje od jamstva:<\/strong><\/li>\n<\/ol>\n<p>Aplikacija se nudi &#8220;KAKVA JEST&#8221; i &#8220;KAKO JE DOSTUPNA&#8221; bez ikakvih jamstava. Vonde Technology se odri\u010de svih jamstava, bilo izri\u010ditih, implicitnih, zakonskih ili drugih, uklju\u010duju\u0107i, ali ne ograni\u010davaju\u0107i se na, implicitna jamstva o utr\u017eivosti, prikladnosti za odre\u0111enu svrhu, nekr\u0161enju i bilo koja jamstva koja proizlaze iz tijeka poslovanja ili kori\u0161tenja trgovine. <\/p>\n<ol start=\"6\">\n<li><strong>  Ograni\u010denje odgovornosti:<\/strong><\/li>\n<\/ol>\n<p>U najve\u0107oj mjeri dopu\u0161tenoj primjenjivim zakonom, Vonde Technology ni u kojem slu\u010daju ne\u0107e biti odgovorna za bilo kakvu neizravnu, slu\u010dajnu, posebnu, posljedi\u010dnu ili kaznenu \u0161tetu (uklju\u010duju\u0107i, bez ograni\u010denja, \u0161tetu zbog gubitka dobiti, podataka ili kori\u0161tenja) koja proizlazi iz ili se odnosi na va\u0161u upotrebu ili nemogu\u0107nost kori\u0161tenja aplikacije, \u010dak i ako je Vonde Technology obavije\u0161tena o mogu\u0107nosti takve \u0161tete. Ukupna odgovornost Vonde Technology prema vama za bilo koja i sva potra\u017eivanja koja proizlaze iz ili se odnose na ovaj EULA ili aplikaciju bit \u0107e ograni\u010dena na iznos koji ste platili, ako ga imate, za pristup aplikaciji. <\/p>\n<ol start=\"7\">\n<li><strong>  Obe\u0161te\u0107enje:<\/strong><\/li>\n<\/ol>\n<p>Sla\u017eete se da \u0107ete obe\u0161tetiti i osloboditi Vonde Technology, njezine podru\u017enice, zaposlenike, direktore i agente od svih potra\u017eivanja, \u0161tete, odgovornosti, gubitaka ili tro\u0161kova (uklju\u010duju\u0107i razumne odvjetni\u010dke naknade) koji proizlaze iz ili su povezani s va\u0161om zlouporabom aplikacije, va\u0161im kr\u0161enjem ovog EULA ili va\u0161im kr\u0161enjem bilo kojeg intelektualnog vlasni\u0161tva ili drugog prava bilo koje osobe ili entiteta.<\/p>\n<ol start=\"8\">\n<li><strong>  Raskid:<\/strong><\/li>\n<\/ol>\n<p>Ovaj EULA je na snazi \u200b\u200bdok ga vi ili Davatelj licence ne raskinete. Davatelj licence mo\u017ee raskinuti ovaj EULA u bilo kojem trenutku ako se ne pridr\u017eavate bilo koje odredbe ovog EULA. Nakon raskida, morate prekinuti svaku upotrebu aplikacije i uni\u0161titi sve kopije, potpune ili djelomi\u010dne, aplikacije.  <\/p>\n<ol start=\"9\">\n<li><strong>  Mjerodavno pravo:<\/strong><\/li>\n<\/ol>\n<p>Ovaj EULA ure\u0111en je i tuma\u010di se u skladu sa zakonima Ma\u0111arske. Svaki spor proiza\u0161ao iz ili u vezi s ovim EULA ugovorom podlije\u017ee isklju\u010divoj nadle\u017enosti sudova u Budimpe\u0161ti, Ma\u0111arska. <\/p>\n<ol start=\"10\">\n<li><strong>  Promjene ovog EULA:<\/strong><\/li>\n<\/ol>\n<p>Zadr\u017eavamo pravo povremenog a\u017euriranja ili izmjene ovog EULA. Materijalne promjene bit \u0107e vam priop\u0107ene putem obavijesti aplikacije, registrirane e-po\u0161te ili objavljivanjem obavijesti unutar aplikacije ili na na\u0161oj web stranici. Va\u0161e daljnje kori\u0161tenje aplikacije nakon bilo kakvih takvih promjena predstavlja va\u0161e prihva\u0107anje revidiranog EULA.  <\/p>\n<ol start=\"11\">\n<li><strong>  Podaci za kontakt:<\/strong><\/li>\n<\/ol>\n<p>Za pitanja u vezi s ovim EULA-om ili bilo kojim srodnim pitanjima, kontaktirajte nas na:<\/p>\n<p>KMAK Kelet-Magyarorsz\u00e1gi Adatk\u00f6zpont Kft.<\/p>\n<p>H-5000 Szolnok, Szap\u00e1ry utca 20.<\/p>\n<p>Email: info@vondetechnology.com<\/p>\n<p>Web stranica: https:\/\/www.vondetech.com<\/p>\n<ol start=\"12\">\n<li><strong>  Cjelokupni ugovor:<\/strong><\/li>\n<\/ol>\n<p>Ovaj EULA predstavlja cjelokupni ugovor izme\u0111u vas i Davatelja licence u vezi s aplikacijom i zamjenjuje sve prethodne ili istodobne komunikacije i prijedloge, usmene ili pismene.[\/vc_column_text][\/vc_column][\/vc_row]<\/p>\n<\/div>","protected":false},"excerpt":{"rendered":"<p>[vc_row][vc_column][vc_empty_space][vc_column_text el_class=&#8221;legal-text&#8221;]VA\u017dNO \u2013 PRO\u010cITAJTE PA\u017dLJIVO: Ovaj licencni ugovor s krajnjim korisnikom (&#8220;EULA&#8221;) pravni je ugovor izme\u0111u vas (&#8220;Skupitelj licence&#8221; ili &#8220;vi&#8221;) i KMAK Kelet-Magyarorsz\u00e1gi Adatk\u00f6zpont Kft. (&#8220;Davatelj licence&#8221; ili &#8220;mi&#8221;) za softversku aplikaciju Vonde Pro App (&#8220;Aplikacija&#8221;). Instaliranjem, kopiranjem ili drugim kori\u0161tenjem aplikacije, suglasni ste biti vezani uvjetima ovog EULA. Ako se ne sla\u017eete s [&hellip;]<\/p>\n","protected":false},"author":1,"featured_media":0,"parent":0,"menu_order":0,"comment_status":"closed","ping_status":"closed","template":"","meta":{"footnotes":""},"class_list":["post-20725","page","type-page","status-publish","hentry"],"yoast_head":"<!-- This site is optimized with the Yoast SEO plugin v24.7 - https:\/\/yoast.com\/wordpress\/plugins\/seo\/ -->\n<title>EULA - Vondetech<\/title>\n<meta name=\"robots\" content=\"index, follow, max-snippet:-1, max-image-preview:large, max-video-preview:-1\" \/>\n<link rel=\"canonical\" href=\"https:\/\/vondetech.com\/hr\/eula\/\" \/>\n<meta property=\"og:locale\" content=\"hr_HR\" \/>\n<meta property=\"og:type\" content=\"article\" \/>\n<meta property=\"og:title\" content=\"EULA - Vondetech\" \/>\n<meta property=\"og:description\" content=\"[vc_row][vc_column][vc_empty_space][vc_column_text el_class=&#8221;legal-text&#8221;]VA\u017dNO \u2013 PRO\u010cITAJTE PA\u017dLJIVO: Ovaj licencni ugovor s krajnjim korisnikom (&#8220;EULA&#8221;) pravni je ugovor izme\u0111u vas (&#8220;Skupitelj licence&#8221; ili &#8220;vi&#8221;) i KMAK Kelet-Magyarorsz\u00e1gi Adatk\u00f6zpont Kft. (&#8220;Davatelj licence&#8221; ili &#8220;mi&#8221;) za softversku aplikaciju Vonde Pro App (&#8220;Aplikacija&#8221;). Instaliranjem, kopiranjem ili drugim kori\u0161tenjem aplikacije, suglasni ste biti vezani uvjetima ovog EULA. Ako se ne sla\u017eete s [&hellip;]\" \/>\n<meta property=\"og:url\" content=\"https:\/\/vondetech.com\/hr\/eula\/\" \/>\n<meta property=\"og:site_name\" content=\"Vondetech\" \/>\n<meta property=\"article:modified_time\" content=\"2025-03-20T14:49:33+00:00\" \/>\n<meta name=\"twitter:card\" content=\"summary_large_image\" \/>\n<meta name=\"twitter:label1\" content=\"Procijenjeno vrijeme \u010ditanja\" \/>\n\t<meta name=\"twitter:data1\" content=\"4 minute\" \/>\n<script type=\"application\/ld+json\" class=\"yoast-schema-graph\">{\"@context\":\"https:\/\/schema.org\",\"@graph\":[{\"@type\":\"WebPage\",\"@id\":\"https:\/\/vondetech.com\/hr\/eula\/\",\"url\":\"https:\/\/vondetech.com\/hr\/eula\/\",\"name\":\"EULA - Vondetech\",\"isPartOf\":{\"@id\":\"https:\/\/vondetech.com\/hr\/#website\"},\"datePublished\":\"2025-03-19T08:19:24+00:00\",\"dateModified\":\"2025-03-20T14:49:33+00:00\",\"breadcrumb\":{\"@id\":\"https:\/\/vondetech.com\/hr\/eula\/#breadcrumb\"},\"inLanguage\":\"hr\",\"potentialAction\":[{\"@type\":\"ReadAction\",\"target\":[\"https:\/\/vondetech.com\/hr\/eula\/\"]}]},{\"@type\":\"BreadcrumbList\",\"@id\":\"https:\/\/vondetech.com\/hr\/eula\/#breadcrumb\",\"itemListElement\":[{\"@type\":\"ListItem\",\"position\":1,\"name\":\"Dom\",\"item\":\"https:\/\/vondetech.com\/hr\/dom\/\"},{\"@type\":\"ListItem\",\"position\":2,\"name\":\"EULA\"}]},{\"@type\":\"WebSite\",\"@id\":\"https:\/\/vondetech.com\/hr\/#website\",\"url\":\"https:\/\/vondetech.com\/hr\/\",\"name\":\"Vondetech\",\"description\":\"\",\"potentialAction\":[{\"@type\":\"SearchAction\",\"target\":{\"@type\":\"EntryPoint\",\"urlTemplate\":\"https:\/\/vondetech.com\/hr\/?s={search_term_string}\"},\"query-input\":{\"@type\":\"PropertyValueSpecification\",\"valueRequired\":true,\"valueName\":\"search_term_string\"}}],\"inLanguage\":\"hr\"}]}<\/script>\n<!-- \/ Yoast SEO plugin. -->","yoast_head_json":{"title":"EULA - Vondetech","robots":{"index":"index","follow":"follow","max-snippet":"max-snippet:-1","max-image-preview":"max-image-preview:large","max-video-preview":"max-video-preview:-1"},"canonical":"https:\/\/vondetech.com\/hr\/eula\/","og_locale":"hr_HR","og_type":"article","og_title":"EULA - Vondetech","og_description":"[vc_row][vc_column][vc_empty_space][vc_column_text el_class=&#8221;legal-text&#8221;]VA\u017dNO \u2013 PRO\u010cITAJTE PA\u017dLJIVO: Ovaj licencni ugovor s krajnjim korisnikom (&#8220;EULA&#8221;) pravni je ugovor izme\u0111u vas (&#8220;Skupitelj licence&#8221; ili &#8220;vi&#8221;) i KMAK Kelet-Magyarorsz\u00e1gi Adatk\u00f6zpont Kft. (&#8220;Davatelj licence&#8221; ili &#8220;mi&#8221;) za softversku aplikaciju Vonde Pro App (&#8220;Aplikacija&#8221;). Instaliranjem, kopiranjem ili drugim kori\u0161tenjem aplikacije, suglasni ste biti vezani uvjetima ovog EULA. Ako se ne sla\u017eete s [&hellip;]","og_url":"https:\/\/vondetech.com\/hr\/eula\/","og_site_name":"Vondetech","article_modified_time":"2025-03-20T14:49:33+00:00","twitter_card":"summary_large_image","twitter_misc":{"Procijenjeno vrijeme \u010ditanja":"4 minute"},"schema":{"@context":"https:\/\/schema.org","@graph":[{"@type":"WebPage","@id":"https:\/\/vondetech.com\/hr\/eula\/","url":"https:\/\/vondetech.com\/hr\/eula\/","name":"EULA - Vondetech","isPartOf":{"@id":"https:\/\/vondetech.com\/hr\/#website"},"datePublished":"2025-03-19T08:19:24+00:00","dateModified":"2025-03-20T14:49:33+00:00","breadcrumb":{"@id":"https:\/\/vondetech.com\/hr\/eula\/#breadcrumb"},"inLanguage":"hr","potentialAction":[{"@type":"ReadAction","target":["https:\/\/vondetech.com\/hr\/eula\/"]}]},{"@type":"BreadcrumbList","@id":"https:\/\/vondetech.com\/hr\/eula\/#breadcrumb","itemListElement":[{"@type":"ListItem","position":1,"name":"Dom","item":"https:\/\/vondetech.com\/hr\/dom\/"},{"@type":"ListItem","position":2,"name":"EULA"}]},{"@type":"WebSite","@id":"https:\/\/vondetech.com\/hr\/#website","url":"https:\/\/vondetech.com\/hr\/","name":"Vondetech","description":"","potentialAction":[{"@type":"SearchAction","target":{"@type":"EntryPoint","urlTemplate":"https:\/\/vondetech.com\/hr\/?s={search_term_string}"},"query-input":{"@type":"PropertyValueSpecification","valueRequired":true,"valueName":"search_term_string"}}],"inLanguage":"hr"}]}},"_links":{"self":[{"href":"https:\/\/vondetech.com\/hr\/wp-json\/wp\/v2\/pages\/20725","targetHints":{"allow":["GET"]}}],"collection":[{"href":"https:\/\/vondetech.com\/hr\/wp-json\/wp\/v2\/pages"}],"about":[{"href":"https:\/\/vondetech.com\/hr\/wp-json\/wp\/v2\/types\/page"}],"author":[{"embeddable":true,"href":"https:\/\/vondetech.com\/hr\/wp-json\/wp\/v2\/users\/1"}],"replies":[{"embeddable":true,"href":"https:\/\/vondetech.com\/hr\/wp-json\/wp\/v2\/comments?post=20725"}],"version-history":[{"count":4,"href":"https:\/\/vondetech.com\/hr\/wp-json\/wp\/v2\/pages\/20725\/revisions"}],"predecessor-version":[{"id":20735,"href":"https:\/\/vondetech.com\/hr\/wp-json\/wp\/v2\/pages\/20725\/revisions\/20735"}],"wp:attachment":[{"href":"https:\/\/vondetech.com\/hr\/wp-json\/wp\/v2\/media?parent=20725"}],"curies":[{"name":"wp","href":"https:\/\/api.w.org\/{rel}","templated":true}]}}