{"id":17023,"date":"2024-05-23T15:08:00","date_gmt":"2024-05-23T13:08:00","guid":{"rendered":"https:\/\/vondetech.com\/politika-povrata-i-povrata-novca\/"},"modified":"2025-03-21T07:57:12","modified_gmt":"2025-03-21T06:57:12","slug":"politika-povrata-i-povrata-novca","status":"publish","type":"page","link":"https:\/\/vondetech.com\/hr\/politika-povrata-i-povrata-novca\/","title":{"rendered":"Politika povrata novca i otkazivanja za aplikaciju Vonde Pro"},"content":{"rendered":"<div class=\"wpb-content-wrapper\"><p>[vc_row][vc_column][vc_empty_space][vc_column_text el_class=&#8221;legal-text&#8221;]<strong>Datum stupanja na snagu:<\/strong> 17. o\u017eujka 2025<\/p>\n<ol>\n<li><strong>  Uvod<\/strong><\/li>\n<\/ol>\n<p>Ova Pravila povrata novca i otkazivanja opisuju postupke i uvjete u vezi s povratom novca i otkazivanjem kupnji i pretplata napravljenih unutar aplikacije Vonde Pro (&#8220;Aplikacija&#8221;), koju pru\u017ea Vonde Technology (&#8220;mi&#8221;, &#8220;nas&#8221;, &#8220;na\u0161&#8221;). Budu\u0107i da je aplikacija Vonde Pro dostupna isklju\u010divo putem Apple App Storea i Google Play Storea, sve transakcije, otkazivanja i povrati novca podlije\u017eu pravilima doti\u010dne trgovine. <\/p>\n<ol start=\"2\">\n<li><strong>  Otkazivanje pretplata<\/strong><\/li>\n<\/ol>\n<p>Korisnici mogu otkazati pretplate u bilo kojem trenutku putem postavki ra\u010duna Apple App Store ili Google Play Store. Detaljne upute potra\u017eite u sljede\u0107im resursima: <\/p>\n<ul>\n<li><strong>Apple App Store:<\/strong> [https:\/\/support .apple.com\/en-us\/118428]<\/li>\n<li><strong>Trgovina Google Play:<\/strong> [https:\/\/support .google.com=&#8221;&#8221;]<\/li>\n<\/ul>\n<p>Zahtjevi za otkazivanje stupaju na snagu na kraju teku\u0107eg ciklusa naplate. Nema povrata novca ili djelomi\u010dnog povrata novca za neiskori\u0161tena razdoblja pretplate osim ako to nije propisano zakonom ili ako Apple ili Google izri\u010dito ne navedu druga\u010dije na prodajnom mjestu. <\/p>\n<ol start=\"3\">\n<li><strong>  Podobnost za povrat novca<\/strong><\/li>\n<\/ol>\n<p>Povrat novca za kupnje ili pretplate putem aplikacije Vonde Pro podlije\u017ee pravilima povrata novca Apple App Store ili Google Play Store, ovisno o tome gdje je transakcija izvr\u0161ena. Op\u0107enito, povrati se mogu odobriti pod sljede\u0107im okolnostima, kako utvr\u0111uju Apple ili Google: <\/p>\n<ul>\n<li>Tehni\u010dki problemi ili kvarovi aplikacije koji onemogu\u0107uju kori\u0161tenje pla\u0107enih usluga, a koje ne mo\u017eemo rije\u0161iti u razumnom vremenskom roku.<\/li>\n<li>Neovla\u0161tene transakcije za koje je dokazano da su se dogodile zbog sigurnosnih povreda koje nisu uzrokovane nemarom korisnika.<\/li>\n<\/ul>\n<p>Zahtjevi za povrat novca koji se temelje isklju\u010divo na nezadovoljstvu uslugom ili promijenjenim osobnim okolnostima obi\u010dno nisu prihvatljivi, jer Apple ili Google s njima odlu\u010duje prema vlastitom naho\u0111enju.<\/p>\n<ol start=\"4\">\n<li><strong>  Postupak zahtjeva za povrat sredstava<\/strong><\/li>\n<\/ol>\n<p>Svi zahtjevi za povrat novca moraju se podnijeti u skladu s pravilima i procedurama Apple App Store ili Google Play Store. Da biste zatra\u017eili povrat novca, slijedite upute doti\u010dne trgovine: <\/p>\n<ul>\n<li><strong>Apple App Store:<\/strong> [https:\/\/support .apple.com\/en-gb\/118223]<\/li>\n<li><strong>Trgovina Google Play:<\/strong> [https:\/\/support .google.com=&#8221;&#8221;]<\/li>\n<\/ul>\n<p>Sva komunikacija u vezi sa zahtjevima za povrat treba biti usmjerena na odgovaraju\u0107u trgovinu aplikacija.<\/p>\n<ol start=\"5\">\n<li><strong>  Obrada povrata<\/strong><\/li>\n<\/ol>\n<p>Odobreni povrat novca obradit \u0107e Apple ili Google putem izvornog na\u010dina pla\u0107anja. Vrijeme obrade mo\u017ee varirati ovisno o pru\u017eateljima usluga pla\u0107anja i pravilima trgovine aplikacijama. <\/p>\n<ol start=\"6\">\n<li><strong>  Ograni\u010denja<\/strong><\/li>\n<\/ol>\n<p>Na\u0161a tvrtka zadr\u017eava pravo uskratiti pomo\u0107 sa zahtjevima za povrat novca koji nisu u skladu s pravilima Apple App Store ili Google Play Store.<\/p>\n<ol start=\"7\">\n<li><strong>  Promjene ove Politike<\/strong><\/li>\n<\/ol>\n<p>Ova Pravila povrata novca i otkazivanja mogu se povremeno a\u017eurirati. Zna\u010dajne promjene bit \u0107e priop\u0107ene putem obavijesti aplikacije ili registrirane e-po\u0161te. <\/p>\n<ol start=\"8\">\n<li><strong>  Podaci za kontakt<\/strong><\/li>\n<\/ol>\n<p>Za pitanja ili pomo\u0107 u vezi s ovom politikom obratite se:<\/p>\n<p>KMAK Kelet-Magyarorsz\u00e1gi Adatk\u00f6zpont Kft.<\/p>\n<p>H-5000 Szolnok, Szap\u00e1ry utca 20.<\/p>\n<p>Email: info@vondetechnology.com<\/p>\n<p>Kupnjom ili pretplatom unutar aplikacije Vonde Pro, prihva\u0107ate i sla\u017eete se s uvjetima ovih Pravila povrata novca i otkazivanja i razumijete da su procesi povrata novca i otkazivanja regulirani pravilima Apple App Store ili Google Play Store.[\/vc_column_text][\/vc_column][\/vc_row]<\/p>\n<\/div>","protected":false},"excerpt":{"rendered":"<p>[vc_row][vc_column][vc_empty_space][vc_column_text el_class=&#8221;legal-text&#8221;]Datum stupanja na snagu: 17. o\u017eujka 2025 Uvod Ova Pravila povrata novca i otkazivanja opisuju postupke i uvjete u vezi s povratom novca i otkazivanjem kupnji i pretplata napravljenih unutar aplikacije Vonde Pro (&#8220;Aplikacija&#8221;), koju pru\u017ea Vonde Technology (&#8220;mi&#8221;, &#8220;nas&#8221;, &#8220;na\u0161&#8221;). Budu\u0107i da je aplikacija Vonde Pro dostupna isklju\u010divo putem Apple App Storea i [&hellip;]<\/p>\n","protected":false},"author":1,"featured_media":0,"parent":0,"menu_order":0,"comment_status":"closed","ping_status":"closed","template":"","meta":{"footnotes":""},"class_list":["post-17023","page","type-page","status-publish","hentry"],"yoast_head":"<!-- This site is optimized with the Yoast SEO plugin v24.7 - https:\/\/yoast.com\/wordpress\/plugins\/seo\/ -->\n<title>Politika povrata novca i otkazivanja za aplikaciju Vonde Pro - Vondetech<\/title>\n<meta name=\"robots\" content=\"index, follow, max-snippet:-1, max-image-preview:large, max-video-preview:-1\" \/>\n<link rel=\"canonical\" href=\"https:\/\/vondetech.com\/hr\/politika-povrata-i-povrata-novca\/\" \/>\n<meta property=\"og:locale\" content=\"hr_HR\" \/>\n<meta property=\"og:type\" content=\"article\" \/>\n<meta property=\"og:title\" content=\"Politika povrata novca i otkazivanja za aplikaciju Vonde Pro - Vondetech\" \/>\n<meta property=\"og:description\" content=\"[vc_row][vc_column][vc_empty_space][vc_column_text el_class=&#8221;legal-text&#8221;]Datum stupanja na snagu: 17. o\u017eujka 2025 Uvod Ova Pravila povrata novca i otkazivanja opisuju postupke i uvjete u vezi s povratom novca i otkazivanjem kupnji i pretplata napravljenih unutar aplikacije Vonde Pro (&#8220;Aplikacija&#8221;), koju pru\u017ea Vonde Technology (&#8220;mi&#8221;, &#8220;nas&#8221;, &#8220;na\u0161&#8221;). Budu\u0107i da je aplikacija Vonde Pro dostupna isklju\u010divo putem Apple App Storea i [&hellip;]\" \/>\n<meta property=\"og:url\" content=\"https:\/\/vondetech.com\/hr\/politika-povrata-i-povrata-novca\/\" \/>\n<meta property=\"og:site_name\" content=\"Vondetech\" \/>\n<meta property=\"article:modified_time\" content=\"2025-03-21T06:57:12+00:00\" \/>\n<meta name=\"twitter:card\" content=\"summary_large_image\" \/>\n<meta name=\"twitter:label1\" content=\"Procijenjeno vrijeme \u010ditanja\" \/>\n\t<meta name=\"twitter:data1\" content=\"2 minute\" \/>\n<script type=\"application\/ld+json\" class=\"yoast-schema-graph\">{\"@context\":\"https:\/\/schema.org\",\"@graph\":[{\"@type\":\"WebPage\",\"@id\":\"https:\/\/vondetech.com\/hr\/politika-povrata-i-povrata-novca\/\",\"url\":\"https:\/\/vondetech.com\/hr\/politika-povrata-i-povrata-novca\/\",\"name\":\"Politika povrata novca i otkazivanja za aplikaciju Vonde Pro - Vondetech\",\"isPartOf\":{\"@id\":\"https:\/\/vondetech.com\/hr\/#website\"},\"datePublished\":\"2024-05-23T13:08:00+00:00\",\"dateModified\":\"2025-03-21T06:57:12+00:00\",\"breadcrumb\":{\"@id\":\"https:\/\/vondetech.com\/hr\/politika-povrata-i-povrata-novca\/#breadcrumb\"},\"inLanguage\":\"hr\",\"potentialAction\":[{\"@type\":\"ReadAction\",\"target\":[\"https:\/\/vondetech.com\/hr\/politika-povrata-i-povrata-novca\/\"]}]},{\"@type\":\"BreadcrumbList\",\"@id\":\"https:\/\/vondetech.com\/hr\/politika-povrata-i-povrata-novca\/#breadcrumb\",\"itemListElement\":[{\"@type\":\"ListItem\",\"position\":1,\"name\":\"Dom\",\"item\":\"https:\/\/vondetech.com\/hr\/dom\/\"},{\"@type\":\"ListItem\",\"position\":2,\"name\":\"Politika povrata novca i otkazivanja za aplikaciju Vonde Pro\"}]},{\"@type\":\"WebSite\",\"@id\":\"https:\/\/vondetech.com\/hr\/#website\",\"url\":\"https:\/\/vondetech.com\/hr\/\",\"name\":\"Vondetech\",\"description\":\"\",\"potentialAction\":[{\"@type\":\"SearchAction\",\"target\":{\"@type\":\"EntryPoint\",\"urlTemplate\":\"https:\/\/vondetech.com\/hr\/?s={search_term_string}\"},\"query-input\":{\"@type\":\"PropertyValueSpecification\",\"valueRequired\":true,\"valueName\":\"search_term_string\"}}],\"inLanguage\":\"hr\"}]}<\/script>\n<!-- \/ Yoast SEO plugin. -->","yoast_head_json":{"title":"Politika povrata novca i otkazivanja za aplikaciju Vonde Pro - Vondetech","robots":{"index":"index","follow":"follow","max-snippet":"max-snippet:-1","max-image-preview":"max-image-preview:large","max-video-preview":"max-video-preview:-1"},"canonical":"https:\/\/vondetech.com\/hr\/politika-povrata-i-povrata-novca\/","og_locale":"hr_HR","og_type":"article","og_title":"Politika povrata novca i otkazivanja za aplikaciju Vonde Pro - Vondetech","og_description":"[vc_row][vc_column][vc_empty_space][vc_column_text el_class=&#8221;legal-text&#8221;]Datum stupanja na snagu: 17. o\u017eujka 2025 Uvod Ova Pravila povrata novca i otkazivanja opisuju postupke i uvjete u vezi s povratom novca i otkazivanjem kupnji i pretplata napravljenih unutar aplikacije Vonde Pro (&#8220;Aplikacija&#8221;), koju pru\u017ea Vonde Technology (&#8220;mi&#8221;, &#8220;nas&#8221;, &#8220;na\u0161&#8221;). Budu\u0107i da je aplikacija Vonde Pro dostupna isklju\u010divo putem Apple App Storea i [&hellip;]","og_url":"https:\/\/vondetech.com\/hr\/politika-povrata-i-povrata-novca\/","og_site_name":"Vondetech","article_modified_time":"2025-03-21T06:57:12+00:00","twitter_card":"summary_large_image","twitter_misc":{"Procijenjeno vrijeme \u010ditanja":"2 minute"},"schema":{"@context":"https:\/\/schema.org","@graph":[{"@type":"WebPage","@id":"https:\/\/vondetech.com\/hr\/politika-povrata-i-povrata-novca\/","url":"https:\/\/vondetech.com\/hr\/politika-povrata-i-povrata-novca\/","name":"Politika povrata novca i otkazivanja za aplikaciju Vonde Pro - Vondetech","isPartOf":{"@id":"https:\/\/vondetech.com\/hr\/#website"},"datePublished":"2024-05-23T13:08:00+00:00","dateModified":"2025-03-21T06:57:12+00:00","breadcrumb":{"@id":"https:\/\/vondetech.com\/hr\/politika-povrata-i-povrata-novca\/#breadcrumb"},"inLanguage":"hr","potentialAction":[{"@type":"ReadAction","target":["https:\/\/vondetech.com\/hr\/politika-povrata-i-povrata-novca\/"]}]},{"@type":"BreadcrumbList","@id":"https:\/\/vondetech.com\/hr\/politika-povrata-i-povrata-novca\/#breadcrumb","itemListElement":[{"@type":"ListItem","position":1,"name":"Dom","item":"https:\/\/vondetech.com\/hr\/dom\/"},{"@type":"ListItem","position":2,"name":"Politika povrata novca i otkazivanja za aplikaciju Vonde Pro"}]},{"@type":"WebSite","@id":"https:\/\/vondetech.com\/hr\/#website","url":"https:\/\/vondetech.com\/hr\/","name":"Vondetech","description":"","potentialAction":[{"@type":"SearchAction","target":{"@type":"EntryPoint","urlTemplate":"https:\/\/vondetech.com\/hr\/?s={search_term_string}"},"query-input":{"@type":"PropertyValueSpecification","valueRequired":true,"valueName":"search_term_string"}}],"inLanguage":"hr"}]}},"_links":{"self":[{"href":"https:\/\/vondetech.com\/hr\/wp-json\/wp\/v2\/pages\/17023","targetHints":{"allow":["GET"]}}],"collection":[{"href":"https:\/\/vondetech.com\/hr\/wp-json\/wp\/v2\/pages"}],"about":[{"href":"https:\/\/vondetech.com\/hr\/wp-json\/wp\/v2\/types\/page"}],"author":[{"embeddable":true,"href":"https:\/\/vondetech.com\/hr\/wp-json\/wp\/v2\/users\/1"}],"replies":[{"embeddable":true,"href":"https:\/\/vondetech.com\/hr\/wp-json\/wp\/v2\/comments?post=17023"}],"version-history":[{"count":8,"href":"https:\/\/vondetech.com\/hr\/wp-json\/wp\/v2\/pages\/17023\/revisions"}],"predecessor-version":[{"id":21156,"href":"https:\/\/vondetech.com\/hr\/wp-json\/wp\/v2\/pages\/17023\/revisions\/21156"}],"wp:attachment":[{"href":"https:\/\/vondetech.com\/hr\/wp-json\/wp\/v2\/media?parent=17023"}],"curies":[{"name":"wp","href":"https:\/\/api.w.org\/{rel}","templated":true}]}}