{"id":17017,"date":"2024-05-23T15:17:28","date_gmt":"2024-05-23T13:17:28","guid":{"rendered":"https:\/\/vondetech.com\/politika-privatnosti\/"},"modified":"2025-03-20T10:07:21","modified_gmt":"2025-03-20T09:07:21","slug":"politika-privatnosti","status":"publish","type":"page","link":"https:\/\/vondetech.com\/hr\/politika-privatnosti\/","title":{"rendered":"Politika kola\u010di\u0107a za Vonde Pro web mjesto"},"content":{"rendered":"<div class=\"wpb-content-wrapper\"><p>[vc_row][vc_column][vc_empty_space][vc_column_text el_class=&#8221;legal-text&#8221;]<strong>Politika kola\u010di\u0107a za Vonde Pro web mjesto<\/strong><\/p>\n<p><strong>Datum stupanja na snagu:<\/strong> 17. o\u017eujka 2025<\/p>\n<ol>\n<li><strong>  Uvod<\/strong><\/li>\n<\/ol>\n<p>Ova Pravila o kola\u010di\u0107ima obja\u0161njavaju kako Vonde Technology (&#8220;mi&#8221;, &#8220;nas&#8221; ili &#8220;na\u0161&#8221;) koristi kola\u010di\u0107e i sli\u010dne tehnologije na web stranici Vonde Pro (&#8220;web stranica&#8221;). Ova se politika ne odnosi na mobilnu aplikaciju Vonde Pro, koja ima svoju zasebnu Politiku kola\u010di\u0107a. <\/p>\n<ol start=\"2\">\n<li><strong>  \u0160to su kola\u010di\u0107i?<\/strong><\/li>\n<\/ol>\n<p>Kola\u010di\u0107i su male tekstualne datoteke pohranjene na va\u0161em ure\u0111aju prilikom posjete na\u0161oj web stranici. Kola\u010di\u0107i nam poma\u017eu analizirati promet web stranice i pobolj\u0161ati korisni\u010dko iskustvo. <\/p>\n<ol start=\"3\">\n<li><strong>  Vrste kola\u010di\u0107a koje koristimo<\/strong><\/li>\n<\/ol>\n<ul>\n<li><strong>Osnovni kola\u010di\u0107i:<\/strong> Ovi kola\u010di\u0107i su neophodni za osnovno funkcioniranje web stranice. Omogu\u0107uju vam navigaciju web-mjestom, kori\u0161tenje bitnih zna\u010dajki kao \u0161to je prijava na va\u0161 ra\u010dun, dodavanje artikala u va\u0161u ko\u0161aricu za kupnju i pristup sigurnim podru\u010djima web-mjesta. <\/li>\n<li><strong>Analiti\u010dki kola\u010di\u0107i:<\/strong> Omogu\u0107uju nam da prepoznamo i prebrojimo posjetitelje i vidimo kako se posjetitelji kre\u0107u po web stranici. To nam poma\u017ee pobolj\u0161ati upotrebljivost i izvedbu web stranice. Google Analytics koristimo za prikupljanje podataka o tome kako posjetitelji koriste na\u0161u web stranicu. Ovi kola\u010di\u0107i prikupljaju podatke kao \u0161to su broj posjetitelja, stranice koje posje\u0107uju i vrijeme koje provedu na svakoj stranici.   <\/li>\n<\/ul>\n<ol start=\"4\">\n<li><strong>  Svrha kori\u0161tenja kola\u010di\u0107a<\/strong><\/li>\n<\/ol>\n<p>Kola\u010di\u0107e koristimo isklju\u010divo za:<\/p>\n<ul>\n<li>Pra\u0107enje i analiza osnovne statistike posjetitelja i kori\u0161tenja web stranice.<\/li>\n<li>Pobolj\u0161anje ukupne izvedbe i korisni\u010dkog iskustva na na\u0161oj web stranici.<\/li>\n<\/ul>\n<ol start=\"5\">\n<li><strong>  Kola\u010di\u0107i tre\u0107e strane<\/strong><\/li>\n<\/ol>\n<ul>\n<li><strong>Google Analytics:<\/strong> Koristimo Google Analytics, uslugu web analitike koju pru\u017ea Google LLC. Google Analytics koristi kola\u010di\u0107e za prikupljanje informacija o va\u0161em kori\u0161tenju na\u0161e web stranice, uklju\u010duju\u0107i va\u0161u IP adresu. Ove informacije Google prenosi i pohranjuje na poslu\u017eiteljima u Sjedinjenim Dr\u017eavama. Google koristi ove informacije kako bi procijenio va\u0161e kori\u0161tenje na\u0161e web stranice, sakupio izvje\u0161\u0107a o aktivnostima na web stranici i pru\u017eio druge usluge koje se odnose na aktivnost na web stranici i kori\u0161tenje interneta. Google tako\u0111er mo\u017ee prenijeti ove podatke tre\u0107im stranama ako to zahtijeva zakon ili ako te tre\u0107e strane obra\u0111uju informacije u ime Googlea. Vi\u0161e informacija o Googleovoj praksi privatnosti i na\u010dinu na koji Google koristi kola\u010di\u0107e mo\u017eete prona\u0107i u Googleovim Pravilima o privatnosti:       [Link to Google&#8217;s Privacy Policy]<\/li>\n<\/ul>\n<ol start=\"6\">\n<li><strong>  Upravljanje kola\u010di\u0107ima<\/strong><\/li>\n<\/ol>\n<p>Mo\u017eete kontrolirati, blokirati ili izbrisati kola\u010di\u0107e putem postavki preglednika. Ve\u0107ina web preglednika automatski prihva\u0107a kola\u010di\u0107e, ali obi\u010dno mo\u017eete promijeniti postavke preglednika da odbijaju kola\u010di\u0107e ako \u017eelite. Upute o tome kako upravljati kola\u010di\u0107ima potra\u017eite u dokumentaciji za pomo\u0107 va\u0161eg preglednika. Evo poveznica na stranice pomo\u0107i nekih popularnih preglednika:   <\/p>\n<ul>\n<li>Google Chrome:  [Link to Chrome&#8217;s cookie settings help page]<\/li>\n<li>Mozilla Firefox:  [Link to Firefox&#8217;s cookie settings help page]<\/li>\n<li>Microsoft Edge:  [Link to Edge&#8217;s cookie settings help page]<\/li>\n<li>Apple Safari: [Link to Safari&#8217;s cookie settings help page]<\/li>\n<\/ul>\n<p>Kola\u010di\u0107i mogu biti kola\u010di\u0107i sesije ili trajni kola\u010di\u0107i. Privremeni kola\u010di\u0107i su privremeni kola\u010di\u0107i koji se pohranjuju na va\u0161em ure\u0111aju dok ne zatvorite preglednik. Trajni kola\u010di\u0107i ostaju na va\u0161em ure\u0111aju dulje vrijeme ili dok ih ne izbri\u0161ete.  <\/p>\n<ol start=\"7\">\n<li><strong>  A\u017euriranja pravila<\/strong><\/li>\n<\/ol>\n<p>Povremeno mo\u017eemo a\u017eurirati ovu Politiku kola\u010di\u0107a. Promjene \u0107e biti objavljene na ovoj stranici s a\u017euriranim datumom stupanja na snagu. <\/p>\n<ol start=\"8\">\n<li><strong>  Kontaktirajte nas<\/strong><\/li>\n<\/ol>\n<p>Za pitanja u vezi s ovom Politikom kola\u010di\u0107a, obratite nam se na:<\/p>\n<p>KMAK Kelet-Magyarorsz\u00e1gi Adatk\u00f6zpont Kft.<\/p>\n<p>H-5000 Szolnok, Szap\u00e1ry utca 20.<\/p>\n<p>Email: info@vondetechnology.com<\/p>\n<p>Kori\u0161tenjem na\u0161e web stranice pristajete na kori\u0161tenje kola\u010di\u0107a kako je opisano u ovim Pravilima o kola\u010di\u0107ima.[\/vc_column_text][\/vc_column][\/vc_row]<\/p>\n<\/div>","protected":false},"excerpt":{"rendered":"<p>[vc_row][vc_column][vc_empty_space][vc_column_text el_class=&#8221;legal-text&#8221;]Politika kola\u010di\u0107a za Vonde Pro web mjesto Datum stupanja na snagu: 17. o\u017eujka 2025 Uvod Ova Pravila o kola\u010di\u0107ima obja\u0161njavaju kako Vonde Technology (&#8220;mi&#8221;, &#8220;nas&#8221; ili &#8220;na\u0161&#8221;) koristi kola\u010di\u0107e i sli\u010dne tehnologije na web stranici Vonde Pro (&#8220;web stranica&#8221;). Ova se politika ne odnosi na mobilnu aplikaciju Vonde Pro, koja ima svoju zasebnu Politiku [&hellip;]<\/p>\n","protected":false},"author":1,"featured_media":0,"parent":0,"menu_order":0,"comment_status":"closed","ping_status":"closed","template":"","meta":{"footnotes":""},"class_list":["post-17017","page","type-page","status-publish","hentry"],"yoast_head":"<!-- This site is optimized with the Yoast SEO plugin v24.7 - https:\/\/yoast.com\/wordpress\/plugins\/seo\/ -->\n<title>Politika kola\u010di\u0107a za Vonde Pro web mjesto - Vondetech<\/title>\n<meta name=\"robots\" content=\"index, follow, max-snippet:-1, max-image-preview:large, max-video-preview:-1\" \/>\n<link rel=\"canonical\" href=\"https:\/\/vondetech.com\/hr\/politika-privatnosti\/\" \/>\n<meta property=\"og:locale\" content=\"hr_HR\" \/>\n<meta property=\"og:type\" content=\"article\" \/>\n<meta property=\"og:title\" content=\"Politika kola\u010di\u0107a za Vonde Pro web mjesto - Vondetech\" \/>\n<meta property=\"og:description\" content=\"[vc_row][vc_column][vc_empty_space][vc_column_text el_class=&#8221;legal-text&#8221;]Politika kola\u010di\u0107a za Vonde Pro web mjesto Datum stupanja na snagu: 17. o\u017eujka 2025 Uvod Ova Pravila o kola\u010di\u0107ima obja\u0161njavaju kako Vonde Technology (&#8220;mi&#8221;, &#8220;nas&#8221; ili &#8220;na\u0161&#8221;) koristi kola\u010di\u0107e i sli\u010dne tehnologije na web stranici Vonde Pro (&#8220;web stranica&#8221;). Ova se politika ne odnosi na mobilnu aplikaciju Vonde Pro, koja ima svoju zasebnu Politiku [&hellip;]\" \/>\n<meta property=\"og:url\" content=\"https:\/\/vondetech.com\/hr\/politika-privatnosti\/\" \/>\n<meta property=\"og:site_name\" content=\"Vondetech\" \/>\n<meta property=\"article:modified_time\" content=\"2025-03-20T09:07:21+00:00\" \/>\n<meta name=\"twitter:card\" content=\"summary_large_image\" \/>\n<meta name=\"twitter:label1\" content=\"Procijenjeno vrijeme \u010ditanja\" \/>\n\t<meta name=\"twitter:data1\" content=\"2 minute\" \/>\n<script type=\"application\/ld+json\" class=\"yoast-schema-graph\">{\"@context\":\"https:\/\/schema.org\",\"@graph\":[{\"@type\":\"WebPage\",\"@id\":\"https:\/\/vondetech.com\/hr\/politika-privatnosti\/\",\"url\":\"https:\/\/vondetech.com\/hr\/politika-privatnosti\/\",\"name\":\"Politika kola\u010di\u0107a za Vonde Pro web mjesto - Vondetech\",\"isPartOf\":{\"@id\":\"https:\/\/vondetech.com\/hr\/#website\"},\"datePublished\":\"2024-05-23T13:17:28+00:00\",\"dateModified\":\"2025-03-20T09:07:21+00:00\",\"breadcrumb\":{\"@id\":\"https:\/\/vondetech.com\/hr\/politika-privatnosti\/#breadcrumb\"},\"inLanguage\":\"hr\",\"potentialAction\":[{\"@type\":\"ReadAction\",\"target\":[\"https:\/\/vondetech.com\/hr\/politika-privatnosti\/\"]}]},{\"@type\":\"BreadcrumbList\",\"@id\":\"https:\/\/vondetech.com\/hr\/politika-privatnosti\/#breadcrumb\",\"itemListElement\":[{\"@type\":\"ListItem\",\"position\":1,\"name\":\"Dom\",\"item\":\"https:\/\/vondetech.com\/hr\/dom\/\"},{\"@type\":\"ListItem\",\"position\":2,\"name\":\"Politika kola\u010di\u0107a za Vonde Pro web mjesto\"}]},{\"@type\":\"WebSite\",\"@id\":\"https:\/\/vondetech.com\/hr\/#website\",\"url\":\"https:\/\/vondetech.com\/hr\/\",\"name\":\"Vondetech\",\"description\":\"\",\"potentialAction\":[{\"@type\":\"SearchAction\",\"target\":{\"@type\":\"EntryPoint\",\"urlTemplate\":\"https:\/\/vondetech.com\/hr\/?s={search_term_string}\"},\"query-input\":{\"@type\":\"PropertyValueSpecification\",\"valueRequired\":true,\"valueName\":\"search_term_string\"}}],\"inLanguage\":\"hr\"}]}<\/script>\n<!-- \/ Yoast SEO plugin. -->","yoast_head_json":{"title":"Politika kola\u010di\u0107a za Vonde Pro web mjesto - Vondetech","robots":{"index":"index","follow":"follow","max-snippet":"max-snippet:-1","max-image-preview":"max-image-preview:large","max-video-preview":"max-video-preview:-1"},"canonical":"https:\/\/vondetech.com\/hr\/politika-privatnosti\/","og_locale":"hr_HR","og_type":"article","og_title":"Politika kola\u010di\u0107a za Vonde Pro web mjesto - Vondetech","og_description":"[vc_row][vc_column][vc_empty_space][vc_column_text el_class=&#8221;legal-text&#8221;]Politika kola\u010di\u0107a za Vonde Pro web mjesto Datum stupanja na snagu: 17. o\u017eujka 2025 Uvod Ova Pravila o kola\u010di\u0107ima obja\u0161njavaju kako Vonde Technology (&#8220;mi&#8221;, &#8220;nas&#8221; ili &#8220;na\u0161&#8221;) koristi kola\u010di\u0107e i sli\u010dne tehnologije na web stranici Vonde Pro (&#8220;web stranica&#8221;). Ova se politika ne odnosi na mobilnu aplikaciju Vonde Pro, koja ima svoju zasebnu Politiku [&hellip;]","og_url":"https:\/\/vondetech.com\/hr\/politika-privatnosti\/","og_site_name":"Vondetech","article_modified_time":"2025-03-20T09:07:21+00:00","twitter_card":"summary_large_image","twitter_misc":{"Procijenjeno vrijeme \u010ditanja":"2 minute"},"schema":{"@context":"https:\/\/schema.org","@graph":[{"@type":"WebPage","@id":"https:\/\/vondetech.com\/hr\/politika-privatnosti\/","url":"https:\/\/vondetech.com\/hr\/politika-privatnosti\/","name":"Politika kola\u010di\u0107a za Vonde Pro web mjesto - Vondetech","isPartOf":{"@id":"https:\/\/vondetech.com\/hr\/#website"},"datePublished":"2024-05-23T13:17:28+00:00","dateModified":"2025-03-20T09:07:21+00:00","breadcrumb":{"@id":"https:\/\/vondetech.com\/hr\/politika-privatnosti\/#breadcrumb"},"inLanguage":"hr","potentialAction":[{"@type":"ReadAction","target":["https:\/\/vondetech.com\/hr\/politika-privatnosti\/"]}]},{"@type":"BreadcrumbList","@id":"https:\/\/vondetech.com\/hr\/politika-privatnosti\/#breadcrumb","itemListElement":[{"@type":"ListItem","position":1,"name":"Dom","item":"https:\/\/vondetech.com\/hr\/dom\/"},{"@type":"ListItem","position":2,"name":"Politika kola\u010di\u0107a za Vonde Pro web mjesto"}]},{"@type":"WebSite","@id":"https:\/\/vondetech.com\/hr\/#website","url":"https:\/\/vondetech.com\/hr\/","name":"Vondetech","description":"","potentialAction":[{"@type":"SearchAction","target":{"@type":"EntryPoint","urlTemplate":"https:\/\/vondetech.com\/hr\/?s={search_term_string}"},"query-input":{"@type":"PropertyValueSpecification","valueRequired":true,"valueName":"search_term_string"}}],"inLanguage":"hr"}]}},"_links":{"self":[{"href":"https:\/\/vondetech.com\/hr\/wp-json\/wp\/v2\/pages\/17017","targetHints":{"allow":["GET"]}}],"collection":[{"href":"https:\/\/vondetech.com\/hr\/wp-json\/wp\/v2\/pages"}],"about":[{"href":"https:\/\/vondetech.com\/hr\/wp-json\/wp\/v2\/types\/page"}],"author":[{"embeddable":true,"href":"https:\/\/vondetech.com\/hr\/wp-json\/wp\/v2\/users\/1"}],"replies":[{"embeddable":true,"href":"https:\/\/vondetech.com\/hr\/wp-json\/wp\/v2\/comments?post=17017"}],"version-history":[{"count":6,"href":"https:\/\/vondetech.com\/hr\/wp-json\/wp\/v2\/pages\/17017\/revisions"}],"predecessor-version":[{"id":20015,"href":"https:\/\/vondetech.com\/hr\/wp-json\/wp\/v2\/pages\/17017\/revisions\/20015"}],"wp:attachment":[{"href":"https:\/\/vondetech.com\/hr\/wp-json\/wp\/v2\/media?parent=17017"}],"curies":[{"name":"wp","href":"https:\/\/api.w.org\/{rel}","templated":true}]}}