{"id":8365,"date":"2024-05-23T15:17:28","date_gmt":"2024-05-23T13:17:28","guid":{"rendered":"https:\/\/vondetech.com\/politique-de-confidentialite\/"},"modified":"2025-03-19T11:27:25","modified_gmt":"2025-03-19T10:27:25","slug":"politique-de-confidentialite","status":"publish","type":"page","link":"https:\/\/vondetech.com\/fr\/politique-de-confidentialite\/","title":{"rendered":"Politique en mati\u00e8re de cookies pour le site Vonde Pro"},"content":{"rendered":"<div class=\"wpb-content-wrapper\"><p>[vc_row][vc_column][vc_empty_space][vc_column_text el_class=&#8221;legal-text&#8221;]<strong>Politique en mati\u00e8re de cookies pour le site Vonde Pro<\/strong><\/p>\n<p><strong>Date d&#8217;entr\u00e9e en vigueur :<\/strong> 17 mars 2025<\/p>\n<ol>\n<li><strong>  Introduction<\/strong><\/li>\n<\/ol>\n<p>La pr\u00e9sente Politique relative aux cookies explique comment Vonde Technology (&#8221; nous &#8220;, &#8221; notre &#8221; ou &#8221; nos &#8220;) utilise les cookies et les technologies similaires sur le site Web Vonde Pro (&#8221; Site Web &#8220;). Cette politique ne s&#8217;applique pas \u00e0 l&#8217;application mobile Vonde Pro, qui poss\u00e8de sa propre politique en mati\u00e8re de cookies. <\/p>\n<ol start=\"2\">\n<li><strong>  Qu&#8217;est-ce qu&#8217;un cookie ?<\/strong><\/li>\n<\/ol>\n<p>Les cookies sont de petits fichiers texte stock\u00e9s sur votre appareil lorsque vous visitez notre site web. Les cookies nous aident \u00e0 analyser le trafic sur le site web et \u00e0 am\u00e9liorer l&#8217;exp\u00e9rience des utilisateurs. <\/p>\n<ol start=\"3\">\n<li><strong>  Types de cookies que nous utilisons<\/strong><\/li>\n<\/ol>\n<ul>\n<li><strong>Cookies essentiels :<\/strong> Ces cookies sont n\u00e9cessaires au fonctionnement de base du site web. Ils vous permettent de naviguer sur le site, d&#8217;utiliser des fonctions essentielles telles que la connexion \u00e0 votre compte, l&#8217;ajout d&#8217;articles \u00e0 votre panier et l&#8217;acc\u00e8s \u00e0 des zones s\u00e9curis\u00e9es du site. <\/li>\n<li><strong>Cookies analytiques :<\/strong> Ils nous permettent de reconna\u00eetre et de compter les visiteurs et de voir comment ils se d\u00e9placent sur le site web. Cela nous aide \u00e0 am\u00e9liorer la convivialit\u00e9 et les performances du site web. Nous utilisons Google Analytics pour collecter des informations sur la mani\u00e8re dont les visiteurs utilisent notre site web. Ces cookies recueillent des donn\u00e9es telles que le nombre de visiteurs, les pages qu&#8217;ils visitent et le temps qu&#8217;ils passent sur chaque page.   <\/li>\n<\/ul>\n<ol start=\"4\">\n<li><strong>  Objectif de l&#8217;utilisation des cookies<\/strong><\/li>\n<\/ol>\n<p>Nous utilisons les cookies exclusivement pour :<\/p>\n<ul>\n<li>Suivi et analyse des statistiques de base sur les visiteurs et l&#8217;utilisation du site web.<\/li>\n<li>Am\u00e9liorer les performances g\u00e9n\u00e9rales et l&#8217;exp\u00e9rience de l&#8217;utilisateur sur notre site Web.<\/li>\n<\/ul>\n<ol start=\"5\">\n<li><strong>  Cookies de tiers<\/strong><\/li>\n<\/ol>\n<ul>\n<li><strong>Google Analytics :<\/strong> Nous utilisons Google Analytics, un service d&#8217;analyse du Web fourni par Google LLC. Google Analytics utilise des cookies pour collecter des informations sur votre utilisation de notre site web, y compris votre adresse IP. Ces informations sont transmises et stock\u00e9es par Google sur des serveurs situ\u00e9s aux \u00c9tats-Unis. Google utilise ces informations pour \u00e9valuer votre utilisation de notre site, pour compiler des rapports sur l&#8217;activit\u00e9 du site et pour fournir d&#8217;autres services li\u00e9s \u00e0 l&#8217;activit\u00e9 du site et \u00e0 l&#8217;utilisation d&#8217;Internet. Google peut \u00e9galement transf\u00e9rer ces informations \u00e0 des tiers lorsque la loi l&#8217;exige ou lorsque ces tiers traitent les informations pour le compte de Google. Pour plus d&#8217;informations sur les pratiques de Google en mati\u00e8re de confidentialit\u00e9 et sur l&#8217;utilisation des cookies par Google, consultez les r\u00e8gles de confidentialit\u00e9 de Google :       [Link to Google&#8217;s Privacy Policy]<\/li>\n<\/ul>\n<ol start=\"6\">\n<li><strong>  Gestion des cookies<\/strong><\/li>\n<\/ol>\n<p>Vous pouvez contr\u00f4ler, bloquer ou supprimer les cookies par le biais des param\u00e8tres de votre navigateur. La plupart des navigateurs web acceptent automatiquement les cookies, mais vous pouvez g\u00e9n\u00e9ralement modifier les param\u00e8tres de votre navigateur pour refuser les cookies si vous le souhaitez. Veuillez consulter la documentation d&#8217;aide de votre navigateur pour savoir comment g\u00e9rer les cookies. Vous trouverez ci-dessous des liens vers les pages d&#8217;aide de certains navigateurs populaires :   <\/p>\n<ul>\n<li>Google Chrome :  [Link to Chrome&#8217;s cookie settings help page]<\/li>\n<li>Mozilla Firefox :  [Link to Firefox&#8217;s cookie settings help page]<\/li>\n<li>Microsoft Edge :  [Link to Edge&#8217;s cookie settings help page]<\/li>\n<li>Apple Safari :  [Link to Safari&#8217;s cookie settings help page]<\/li>\n<\/ul>\n<p>Les cookies peuvent \u00eatre des cookies de session ou des cookies persistants. Les cookies de session sont des cookies temporaires qui sont stock\u00e9s sur votre appareil jusqu&#8217;\u00e0 ce que vous fermiez votre navigateur. Les cookies persistants restent sur votre appareil pendant une p\u00e9riode plus longue ou jusqu&#8217;\u00e0 ce que vous les supprimiez.  <\/p>\n<ol start=\"7\">\n<li><strong>  Mises \u00e0 jour de la politique<\/strong><\/li>\n<\/ol>\n<p>Nous pouvons mettre \u00e0 jour la pr\u00e9sente politique en mati\u00e8re de cookies p\u00e9riodiquement. Les modifications seront publi\u00e9es sur cette page avec une date d&#8217;entr\u00e9e en vigueur actualis\u00e9e. <\/p>\n<ol start=\"8\">\n<li><strong>  Contactez nous<\/strong><\/li>\n<\/ol>\n<p>Pour toute question concernant la pr\u00e9sente politique en mati\u00e8re de cookies, veuillez nous contacter \u00e0 l&#8217;adresse suivante :<\/p>\n<p>KMAK Kelet-Magyarorsz\u00e1gi Adatk\u00f6zpont Kft.<\/p>\n<p>H-5000 Szolnok, Szap\u00e1ry utca 20.<\/p>\n<p>Courriel : info@vondetechnology.com<\/p>\n<p>En utilisant notre site web, vous consentez \u00e0 l&#8217;utilisation de cookies telle que d\u00e9crite dans la pr\u00e9sente politique en mati\u00e8re de cookies.[\/vc_column_text][\/vc_column][\/vc_row]<\/p>\n<\/div>","protected":false},"excerpt":{"rendered":"<p>[vc_row][vc_column][vc_empty_space][vc_column_text el_class=&#8221;legal-text&#8221;]Politique en mati\u00e8re de cookies pour le site Vonde Pro Date d&#8217;entr\u00e9e en vigueur : 17 mars 2025 Introduction La pr\u00e9sente Politique relative aux cookies explique comment Vonde Technology (&#8221; nous &#8220;, &#8221; notre &#8221; ou &#8221; nos &#8220;) utilise les cookies et les technologies similaires sur le site Web Vonde Pro (&#8221; Site [&hellip;]<\/p>\n","protected":false},"author":1,"featured_media":0,"parent":0,"menu_order":0,"comment_status":"closed","ping_status":"closed","template":"","meta":{"footnotes":""},"class_list":["post-8365","page","type-page","status-publish","hentry"],"yoast_head":"<!-- This site is optimized with the Yoast SEO plugin v24.7 - https:\/\/yoast.com\/wordpress\/plugins\/seo\/ -->\n<title>Politique en mati\u00e8re de cookies pour le site Vonde Pro - Vondetech<\/title>\n<meta name=\"robots\" content=\"index, follow, max-snippet:-1, max-image-preview:large, max-video-preview:-1\" \/>\n<link rel=\"canonical\" href=\"https:\/\/vondetech.com\/fr\/politique-de-confidentialite\/\" \/>\n<meta property=\"og:locale\" content=\"fr_FR\" \/>\n<meta property=\"og:type\" content=\"article\" \/>\n<meta property=\"og:title\" content=\"Politique en mati\u00e8re de cookies pour le site Vonde Pro - Vondetech\" \/>\n<meta property=\"og:description\" content=\"[vc_row][vc_column][vc_empty_space][vc_column_text el_class=&#8221;legal-text&#8221;]Politique en mati\u00e8re de cookies pour le site Vonde Pro Date d&#8217;entr\u00e9e en vigueur : 17 mars 2025 Introduction La pr\u00e9sente Politique relative aux cookies explique comment Vonde Technology (&#8221; nous &#8220;, &#8221; notre &#8221; ou &#8221; nos &#8220;) utilise les cookies et les technologies similaires sur le site Web Vonde Pro (&#8221; Site [&hellip;]\" \/>\n<meta property=\"og:url\" content=\"https:\/\/vondetech.com\/fr\/politique-de-confidentialite\/\" \/>\n<meta property=\"og:site_name\" content=\"Vondetech\" \/>\n<meta property=\"article:modified_time\" content=\"2025-03-19T10:27:25+00:00\" \/>\n<meta name=\"twitter:card\" content=\"summary_large_image\" \/>\n<meta name=\"twitter:label1\" content=\"Dur\u00e9e de lecture estim\u00e9e\" \/>\n\t<meta name=\"twitter:data1\" content=\"3 minutes\" \/>\n<script type=\"application\/ld+json\" class=\"yoast-schema-graph\">{\"@context\":\"https:\/\/schema.org\",\"@graph\":[{\"@type\":\"WebPage\",\"@id\":\"https:\/\/vondetech.com\/fr\/politique-de-confidentialite\/\",\"url\":\"https:\/\/vondetech.com\/fr\/politique-de-confidentialite\/\",\"name\":\"Politique en mati\u00e8re de cookies pour le site Vonde Pro - Vondetech\",\"isPartOf\":{\"@id\":\"https:\/\/vondetech.com\/fr\/#website\"},\"datePublished\":\"2024-05-23T13:17:28+00:00\",\"dateModified\":\"2025-03-19T10:27:25+00:00\",\"breadcrumb\":{\"@id\":\"https:\/\/vondetech.com\/fr\/politique-de-confidentialite\/#breadcrumb\"},\"inLanguage\":\"fr-FR\",\"potentialAction\":[{\"@type\":\"ReadAction\",\"target\":[\"https:\/\/vondetech.com\/fr\/politique-de-confidentialite\/\"]}]},{\"@type\":\"BreadcrumbList\",\"@id\":\"https:\/\/vondetech.com\/fr\/politique-de-confidentialite\/#breadcrumb\",\"itemListElement\":[{\"@type\":\"ListItem\",\"position\":1,\"name\":\"Accueil\",\"item\":\"https:\/\/vondetech.com\/fr\/accueil\/\"},{\"@type\":\"ListItem\",\"position\":2,\"name\":\"Politique en mati\u00e8re de cookies pour le site Vonde Pro\"}]},{\"@type\":\"WebSite\",\"@id\":\"https:\/\/vondetech.com\/fr\/#website\",\"url\":\"https:\/\/vondetech.com\/fr\/\",\"name\":\"Vondetech\",\"description\":\"\",\"potentialAction\":[{\"@type\":\"SearchAction\",\"target\":{\"@type\":\"EntryPoint\",\"urlTemplate\":\"https:\/\/vondetech.com\/fr\/?s={search_term_string}\"},\"query-input\":{\"@type\":\"PropertyValueSpecification\",\"valueRequired\":true,\"valueName\":\"search_term_string\"}}],\"inLanguage\":\"fr-FR\"}]}<\/script>\n<!-- \/ Yoast SEO plugin. -->","yoast_head_json":{"title":"Politique en mati\u00e8re de cookies pour le site Vonde Pro - Vondetech","robots":{"index":"index","follow":"follow","max-snippet":"max-snippet:-1","max-image-preview":"max-image-preview:large","max-video-preview":"max-video-preview:-1"},"canonical":"https:\/\/vondetech.com\/fr\/politique-de-confidentialite\/","og_locale":"fr_FR","og_type":"article","og_title":"Politique en mati\u00e8re de cookies pour le site Vonde Pro - Vondetech","og_description":"[vc_row][vc_column][vc_empty_space][vc_column_text el_class=&#8221;legal-text&#8221;]Politique en mati\u00e8re de cookies pour le site Vonde Pro Date d&#8217;entr\u00e9e en vigueur : 17 mars 2025 Introduction La pr\u00e9sente Politique relative aux cookies explique comment Vonde Technology (&#8221; nous &#8220;, &#8221; notre &#8221; ou &#8221; nos &#8220;) utilise les cookies et les technologies similaires sur le site Web Vonde Pro (&#8221; Site [&hellip;]","og_url":"https:\/\/vondetech.com\/fr\/politique-de-confidentialite\/","og_site_name":"Vondetech","article_modified_time":"2025-03-19T10:27:25+00:00","twitter_card":"summary_large_image","twitter_misc":{"Dur\u00e9e de lecture estim\u00e9e":"3 minutes"},"schema":{"@context":"https:\/\/schema.org","@graph":[{"@type":"WebPage","@id":"https:\/\/vondetech.com\/fr\/politique-de-confidentialite\/","url":"https:\/\/vondetech.com\/fr\/politique-de-confidentialite\/","name":"Politique en mati\u00e8re de cookies pour le site Vonde Pro - Vondetech","isPartOf":{"@id":"https:\/\/vondetech.com\/fr\/#website"},"datePublished":"2024-05-23T13:17:28+00:00","dateModified":"2025-03-19T10:27:25+00:00","breadcrumb":{"@id":"https:\/\/vondetech.com\/fr\/politique-de-confidentialite\/#breadcrumb"},"inLanguage":"fr-FR","potentialAction":[{"@type":"ReadAction","target":["https:\/\/vondetech.com\/fr\/politique-de-confidentialite\/"]}]},{"@type":"BreadcrumbList","@id":"https:\/\/vondetech.com\/fr\/politique-de-confidentialite\/#breadcrumb","itemListElement":[{"@type":"ListItem","position":1,"name":"Accueil","item":"https:\/\/vondetech.com\/fr\/accueil\/"},{"@type":"ListItem","position":2,"name":"Politique en mati\u00e8re de cookies pour le site Vonde Pro"}]},{"@type":"WebSite","@id":"https:\/\/vondetech.com\/fr\/#website","url":"https:\/\/vondetech.com\/fr\/","name":"Vondetech","description":"","potentialAction":[{"@type":"SearchAction","target":{"@type":"EntryPoint","urlTemplate":"https:\/\/vondetech.com\/fr\/?s={search_term_string}"},"query-input":{"@type":"PropertyValueSpecification","valueRequired":true,"valueName":"search_term_string"}}],"inLanguage":"fr-FR"}]}},"_links":{"self":[{"href":"https:\/\/vondetech.com\/fr\/wp-json\/wp\/v2\/pages\/8365","targetHints":{"allow":["GET"]}}],"collection":[{"href":"https:\/\/vondetech.com\/fr\/wp-json\/wp\/v2\/pages"}],"about":[{"href":"https:\/\/vondetech.com\/fr\/wp-json\/wp\/v2\/types\/page"}],"author":[{"embeddable":true,"href":"https:\/\/vondetech.com\/fr\/wp-json\/wp\/v2\/users\/1"}],"replies":[{"embeddable":true,"href":"https:\/\/vondetech.com\/fr\/wp-json\/wp\/v2\/comments?post=8365"}],"version-history":[{"count":6,"href":"https:\/\/vondetech.com\/fr\/wp-json\/wp\/v2\/pages\/8365\/revisions"}],"predecessor-version":[{"id":19958,"href":"https:\/\/vondetech.com\/fr\/wp-json\/wp\/v2\/pages\/8365\/revisions\/19958"}],"wp:attachment":[{"href":"https:\/\/vondetech.com\/fr\/wp-json\/wp\/v2\/media?parent=8365"}],"curies":[{"name":"wp","href":"https:\/\/api.w.org\/{rel}","templated":true}]}}