{"id":8350,"date":"2024-05-23T15:08:00","date_gmt":"2024-05-23T13:08:00","guid":{"rendered":"https:\/\/vondetech.com\/politique-de-retour-et-de-remboursement\/"},"modified":"2025-03-21T07:57:42","modified_gmt":"2025-03-21T06:57:42","slug":"politique-de-retour-et-de-remboursement","status":"publish","type":"page","link":"https:\/\/vondetech.com\/fr\/politique-de-retour-et-de-remboursement\/","title":{"rendered":"Politique de remboursement et d&#8217;annulation pour Vonde Pro App"},"content":{"rendered":"<div class=\"wpb-content-wrapper\"><p>[vc_row][vc_column][vc_empty_space][vc_column_text el_class=&#8221;legal-text&#8221;]<strong>Date d&#8217;entr\u00e9e en vigueur :<\/strong> 17 mars 2025<\/p>\n<ol>\n<li><strong>  Introduction<\/strong><\/li>\n<\/ol>\n<p>La pr\u00e9sente politique de remboursement et d&#8217;annulation d\u00e9crit les proc\u00e9dures et les conditions relatives aux remboursements et aux annulations d&#8217;achats et d&#8217;abonnements effectu\u00e9s dans le cadre de l&#8217;application Vonde Pro (&#8221; application &#8220;), fournie par Vonde Technology (&#8221; nous &#8220;, &#8221; notre &#8220;, &#8221; nos &#8220;). Comme l&#8217;application Vonde Pro est exclusivement disponible sur l&#8217;App Store d&#8217;Apple et le Google Play Store, toutes les transactions, annulations et remboursements sont assujettis aux politiques des magasins respectifs. <\/p>\n<ol start=\"2\">\n<li><strong>  Annulation des abonnements<\/strong><\/li>\n<\/ol>\n<p>Les utilisateurs peuvent annuler leur abonnement \u00e0 tout moment via les param\u00e8tres de leur compte Apple App Store ou Google Play Store. Veuillez consulter les ressources suivantes pour obtenir des instructions d\u00e9taill\u00e9es : <\/p>\n<ul>\n<li><strong>Apple App Store :<\/strong> [https:\/\/support .apple.com\/en-us\/118428]<\/li>\n<li><strong>Google Play Store :<\/strong> [https:\/\/support .google.com=&#8221;&#8221;]<\/li>\n<\/ul>\n<p>Les demandes d&#8217;annulation prennent effet \u00e0 la fin du cycle de facturation en cours. Aucun remboursement ou remboursement partiel n&#8217;est pr\u00e9vu pour les p\u00e9riodes d&#8217;abonnement non utilis\u00e9es, sauf si la loi l&#8217;exige ou si Apple ou Google l&#8217;indique explicitement au point de vente. <\/p>\n<ol start=\"3\">\n<li><strong>  \u00c9ligibilit\u00e9 au remboursement<\/strong><\/li>\n<\/ol>\n<p>Les remboursements des achats ou des abonnements effectu\u00e9s par l&#8217;interm\u00e9diaire de l&#8217;application Vonde Pro sont soumis aux politiques de remboursement de l&#8217;Apple App Store ou du Google Play Store, en fonction de l&#8217;endroit o\u00f9 la transaction a eu lieu. En g\u00e9n\u00e9ral, les remboursements peuvent \u00eatre accord\u00e9s dans les circonstances suivantes, telles que d\u00e9termin\u00e9es par Apple ou Google : <\/p>\n<ul>\n<li>Probl\u00e8mes techniques ou dysfonctionnements de l&#8217;application emp\u00eachant l&#8217;utilisation des services payants, que nous ne pouvons pas r\u00e9soudre dans un d\u00e9lai raisonnable.<\/li>\n<li>Transactions non autoris\u00e9es dont il est prouv\u00e9 qu&#8217;elles ont \u00e9t\u00e9 effectu\u00e9es en raison de failles de s\u00e9curit\u00e9 qui ne sont pas dues \u00e0 la n\u00e9gligence de l&#8217;utilisateur.<\/li>\n<\/ul>\n<p>Les demandes de remboursement fond\u00e9es uniquement sur l&#8217;insatisfaction \u00e0 l&#8217;\u00e9gard du service ou sur un changement de situation personnelle ne sont g\u00e9n\u00e9ralement pas \u00e9ligibles, car elles sont trait\u00e9es \u00e0 la discr\u00e9tion d&#8217;Apple ou de Google.<\/p>\n<ol start=\"4\">\n<li><strong>  Proc\u00e9dure de demande de remboursement<\/strong><\/li>\n<\/ol>\n<p>Toutes les demandes de remboursement doivent \u00eatre soumises conform\u00e9ment aux r\u00e8gles et proc\u00e9dures de l&#8217;Apple App Store ou du Google Play Store. Pour demander un remboursement, veuillez suivre les instructions fournies par le magasin concern\u00e9 : <\/p>\n<ul>\n<li><strong>Apple App Store :<\/strong> [https:\/\/support .apple.com\/en-gb\/118223]<\/li>\n<li><strong>Google Play Store :<\/strong> [https:\/\/support .google.com=&#8221;&#8221;]<\/li>\n<\/ul>\n<p>Toute communication concernant les demandes de remboursement doit \u00eatre adress\u00e9e au magasin d&#8217;applications concern\u00e9.<\/p>\n<ol start=\"5\">\n<li><strong>  Traitement des remboursements<\/strong><\/li>\n<\/ol>\n<p>Les remboursements approuv\u00e9s seront trait\u00e9s par Apple ou Google via le mode de paiement original. Les d\u00e9lais de traitement peuvent varier en fonction des fournisseurs de paiement et des r\u00e8gles du magasin d&#8217;applications. <\/p>\n<ol start=\"6\">\n<li><strong>  Limites<\/strong><\/li>\n<\/ol>\n<p>Notre soci\u00e9t\u00e9 se r\u00e9serve le droit de refuser l&#8217;assistance aux demandes de remboursement qui ne sont pas conformes aux politiques de l&#8217;Apple App Store ou du Google Play Store.<\/p>\n<ol start=\"7\">\n<li><strong>  Modifications de la pr\u00e9sente politique<\/strong><\/li>\n<\/ol>\n<p>Cette politique de remboursement et d&#8217;annulation peut \u00eatre mise \u00e0 jour p\u00e9riodiquement. Les modifications importantes seront communiqu\u00e9es par le biais de notifications sur l&#8217;application ou d&#8217;un courrier \u00e9lectronique enregistr\u00e9. <\/p>\n<ol start=\"8\">\n<li><strong>  Informations sur le contact<\/strong><\/li>\n<\/ol>\n<p>Pour toute question ou assistance concernant cette politique, veuillez contacter<\/p>\n<p>KMAK Kelet-Magyarorsz\u00e1gi Adatk\u00f6zpont Kft.<\/p>\n<p>H-5000 Szolnok, Szap\u00e1ry utca 20.<\/p>\n<p>Courriel : info@vondetechnology.com<\/p>\n<p>En effectuant un achat ou en vous abonnant \u00e0 l&#8217;application Vonde Pro, vous reconnaissez et acceptez les conditions de la pr\u00e9sente politique de remboursement et d&#8217;annulation et comprenez que les processus de remboursement et d&#8217;annulation sont r\u00e9gis par les politiques de l&#8217;Apple App Store ou du Google Play Store.[\/vc_column_text][\/vc_column][\/vc_row]<\/p>\n<\/div>","protected":false},"excerpt":{"rendered":"<p>[vc_row][vc_column][vc_empty_space][vc_column_text el_class=&#8221;legal-text&#8221;]Date d&#8217;entr\u00e9e en vigueur : 17 mars 2025 Introduction La pr\u00e9sente politique de remboursement et d&#8217;annulation d\u00e9crit les proc\u00e9dures et les conditions relatives aux remboursements et aux annulations d&#8217;achats et d&#8217;abonnements effectu\u00e9s dans le cadre de l&#8217;application Vonde Pro (&#8221; application &#8220;), fournie par Vonde Technology (&#8221; nous &#8220;, &#8221; notre &#8220;, &#8221; nos [&hellip;]<\/p>\n","protected":false},"author":1,"featured_media":0,"parent":0,"menu_order":0,"comment_status":"closed","ping_status":"closed","template":"","meta":{"footnotes":""},"class_list":["post-8350","page","type-page","status-publish","hentry"],"yoast_head":"<!-- This site is optimized with the Yoast SEO plugin v24.7 - https:\/\/yoast.com\/wordpress\/plugins\/seo\/ -->\n<title>Politique de remboursement et d&#039;annulation pour Vonde Pro App - Vondetech<\/title>\n<meta name=\"robots\" content=\"index, follow, max-snippet:-1, max-image-preview:large, max-video-preview:-1\" \/>\n<link rel=\"canonical\" href=\"https:\/\/vondetech.com\/fr\/politique-de-retour-et-de-remboursement\/\" \/>\n<meta property=\"og:locale\" content=\"fr_FR\" \/>\n<meta property=\"og:type\" content=\"article\" \/>\n<meta property=\"og:title\" content=\"Politique de remboursement et d&#039;annulation pour Vonde Pro App - Vondetech\" \/>\n<meta property=\"og:description\" content=\"[vc_row][vc_column][vc_empty_space][vc_column_text el_class=&#8221;legal-text&#8221;]Date d&#8217;entr\u00e9e en vigueur : 17 mars 2025 Introduction La pr\u00e9sente politique de remboursement et d&#8217;annulation d\u00e9crit les proc\u00e9dures et les conditions relatives aux remboursements et aux annulations d&#8217;achats et d&#8217;abonnements effectu\u00e9s dans le cadre de l&#8217;application Vonde Pro (&#8221; application &#8220;), fournie par Vonde Technology (&#8221; nous &#8220;, &#8221; notre &#8220;, &#8221; nos [&hellip;]\" \/>\n<meta property=\"og:url\" content=\"https:\/\/vondetech.com\/fr\/politique-de-retour-et-de-remboursement\/\" \/>\n<meta property=\"og:site_name\" content=\"Vondetech\" \/>\n<meta property=\"article:modified_time\" content=\"2025-03-21T06:57:42+00:00\" \/>\n<meta name=\"twitter:card\" content=\"summary_large_image\" \/>\n<meta name=\"twitter:label1\" content=\"Dur\u00e9e de lecture estim\u00e9e\" \/>\n\t<meta name=\"twitter:data1\" content=\"2 minutes\" \/>\n<script type=\"application\/ld+json\" class=\"yoast-schema-graph\">{\"@context\":\"https:\/\/schema.org\",\"@graph\":[{\"@type\":\"WebPage\",\"@id\":\"https:\/\/vondetech.com\/fr\/politique-de-retour-et-de-remboursement\/\",\"url\":\"https:\/\/vondetech.com\/fr\/politique-de-retour-et-de-remboursement\/\",\"name\":\"Politique de remboursement et d'annulation pour Vonde Pro App - Vondetech\",\"isPartOf\":{\"@id\":\"https:\/\/vondetech.com\/fr\/#website\"},\"datePublished\":\"2024-05-23T13:08:00+00:00\",\"dateModified\":\"2025-03-21T06:57:42+00:00\",\"breadcrumb\":{\"@id\":\"https:\/\/vondetech.com\/fr\/politique-de-retour-et-de-remboursement\/#breadcrumb\"},\"inLanguage\":\"fr-FR\",\"potentialAction\":[{\"@type\":\"ReadAction\",\"target\":[\"https:\/\/vondetech.com\/fr\/politique-de-retour-et-de-remboursement\/\"]}]},{\"@type\":\"BreadcrumbList\",\"@id\":\"https:\/\/vondetech.com\/fr\/politique-de-retour-et-de-remboursement\/#breadcrumb\",\"itemListElement\":[{\"@type\":\"ListItem\",\"position\":1,\"name\":\"Accueil\",\"item\":\"https:\/\/vondetech.com\/fr\/accueil\/\"},{\"@type\":\"ListItem\",\"position\":2,\"name\":\"Politique de remboursement et d&#8217;annulation pour Vonde Pro App\"}]},{\"@type\":\"WebSite\",\"@id\":\"https:\/\/vondetech.com\/fr\/#website\",\"url\":\"https:\/\/vondetech.com\/fr\/\",\"name\":\"Vondetech\",\"description\":\"\",\"potentialAction\":[{\"@type\":\"SearchAction\",\"target\":{\"@type\":\"EntryPoint\",\"urlTemplate\":\"https:\/\/vondetech.com\/fr\/?s={search_term_string}\"},\"query-input\":{\"@type\":\"PropertyValueSpecification\",\"valueRequired\":true,\"valueName\":\"search_term_string\"}}],\"inLanguage\":\"fr-FR\"}]}<\/script>\n<!-- \/ Yoast SEO plugin. -->","yoast_head_json":{"title":"Politique de remboursement et d'annulation pour Vonde Pro App - Vondetech","robots":{"index":"index","follow":"follow","max-snippet":"max-snippet:-1","max-image-preview":"max-image-preview:large","max-video-preview":"max-video-preview:-1"},"canonical":"https:\/\/vondetech.com\/fr\/politique-de-retour-et-de-remboursement\/","og_locale":"fr_FR","og_type":"article","og_title":"Politique de remboursement et d'annulation pour Vonde Pro App - Vondetech","og_description":"[vc_row][vc_column][vc_empty_space][vc_column_text el_class=&#8221;legal-text&#8221;]Date d&#8217;entr\u00e9e en vigueur : 17 mars 2025 Introduction La pr\u00e9sente politique de remboursement et d&#8217;annulation d\u00e9crit les proc\u00e9dures et les conditions relatives aux remboursements et aux annulations d&#8217;achats et d&#8217;abonnements effectu\u00e9s dans le cadre de l&#8217;application Vonde Pro (&#8221; application &#8220;), fournie par Vonde Technology (&#8221; nous &#8220;, &#8221; notre &#8220;, &#8221; nos [&hellip;]","og_url":"https:\/\/vondetech.com\/fr\/politique-de-retour-et-de-remboursement\/","og_site_name":"Vondetech","article_modified_time":"2025-03-21T06:57:42+00:00","twitter_card":"summary_large_image","twitter_misc":{"Dur\u00e9e de lecture estim\u00e9e":"2 minutes"},"schema":{"@context":"https:\/\/schema.org","@graph":[{"@type":"WebPage","@id":"https:\/\/vondetech.com\/fr\/politique-de-retour-et-de-remboursement\/","url":"https:\/\/vondetech.com\/fr\/politique-de-retour-et-de-remboursement\/","name":"Politique de remboursement et d'annulation pour Vonde Pro App - Vondetech","isPartOf":{"@id":"https:\/\/vondetech.com\/fr\/#website"},"datePublished":"2024-05-23T13:08:00+00:00","dateModified":"2025-03-21T06:57:42+00:00","breadcrumb":{"@id":"https:\/\/vondetech.com\/fr\/politique-de-retour-et-de-remboursement\/#breadcrumb"},"inLanguage":"fr-FR","potentialAction":[{"@type":"ReadAction","target":["https:\/\/vondetech.com\/fr\/politique-de-retour-et-de-remboursement\/"]}]},{"@type":"BreadcrumbList","@id":"https:\/\/vondetech.com\/fr\/politique-de-retour-et-de-remboursement\/#breadcrumb","itemListElement":[{"@type":"ListItem","position":1,"name":"Accueil","item":"https:\/\/vondetech.com\/fr\/accueil\/"},{"@type":"ListItem","position":2,"name":"Politique de remboursement et d&#8217;annulation pour Vonde Pro App"}]},{"@type":"WebSite","@id":"https:\/\/vondetech.com\/fr\/#website","url":"https:\/\/vondetech.com\/fr\/","name":"Vondetech","description":"","potentialAction":[{"@type":"SearchAction","target":{"@type":"EntryPoint","urlTemplate":"https:\/\/vondetech.com\/fr\/?s={search_term_string}"},"query-input":{"@type":"PropertyValueSpecification","valueRequired":true,"valueName":"search_term_string"}}],"inLanguage":"fr-FR"}]}},"_links":{"self":[{"href":"https:\/\/vondetech.com\/fr\/wp-json\/wp\/v2\/pages\/8350","targetHints":{"allow":["GET"]}}],"collection":[{"href":"https:\/\/vondetech.com\/fr\/wp-json\/wp\/v2\/pages"}],"about":[{"href":"https:\/\/vondetech.com\/fr\/wp-json\/wp\/v2\/types\/page"}],"author":[{"embeddable":true,"href":"https:\/\/vondetech.com\/fr\/wp-json\/wp\/v2\/users\/1"}],"replies":[{"embeddable":true,"href":"https:\/\/vondetech.com\/fr\/wp-json\/wp\/v2\/comments?post=8350"}],"version-history":[{"count":6,"href":"https:\/\/vondetech.com\/fr\/wp-json\/wp\/v2\/pages\/8350\/revisions"}],"predecessor-version":[{"id":21232,"href":"https:\/\/vondetech.com\/fr\/wp-json\/wp\/v2\/pages\/8350\/revisions\/21232"}],"wp:attachment":[{"href":"https:\/\/vondetech.com\/fr\/wp-json\/wp\/v2\/media?parent=8350"}],"curies":[{"name":"wp","href":"https:\/\/api.w.org\/{rel}","templated":true}]}}