{"id":20905,"date":"2025-03-19T09:20:16","date_gmt":"2025-03-19T08:20:16","guid":{"rendered":"https:\/\/vondetech.com\/mentions-legales-pour-vonde-pro-app\/"},"modified":"2025-03-20T15:58:29","modified_gmt":"2025-03-20T14:58:29","slug":"mentions-legales-pour-vonde-pro-app","status":"publish","type":"page","link":"https:\/\/vondetech.com\/fr\/mentions-legales-pour-vonde-pro-app\/","title":{"rendered":"Mentions l\u00e9gales pour Vonde Pro App"},"content":{"rendered":"<div class=\"wpb-content-wrapper\"><p>[vc_row][vc_column][vc_empty_space][vc_column_text el_class=&#8221;legal-text&#8221;]<strong>Informations sur l&#8217;entreprise :<\/strong><\/p>\n<p>Technologie Vonde<\/p>\n<p><strong>\u00c0 propos de Vonde Technology LLC :<\/strong><\/p>\n<p>Vonde Pro App est une application mobile innovante d\u00e9velopp\u00e9e et exploit\u00e9e gr\u00e2ce \u00e0 la collaboration de deux entit\u00e9s :<\/p>\n<ul>\n<li>Vonde Technology LLC (\u00c9tats-Unis) g\u00e8re les march\u00e9s mondiaux et l&#8217;expansion internationale.<\/li>\n<li>KMAK Kelet-Magyarorsz\u00e1gi Adatk\u00f6zpont Kft. (Europe, Hongrie) s&#8217;occupe du d\u00e9veloppement et des t\u00e2ches op\u00e9rationnelles connexes.<\/li>\n<\/ul>\n<p><strong>Op\u00e9r\u00e9 par :<\/strong><\/p>\n<p>KMAK Kelet-Magyarorsz\u00e1gi Adatk\u00f6zpont Kft.<\/p>\n<p><strong>Adresse du si\u00e8ge social :<\/strong><\/p>\n<p>H-5000 Szolnok, Szap\u00e1ry utca 20. Hongrie<\/p>\n<p><strong>Informations de contact :<\/strong><\/p>\n<p>Courriel : info@vondetechnology.com<\/p>\n<p><strong>Directeur g\u00e9n\u00e9ral :<\/strong><\/p>\n<p>Laszlo Berta<\/p>\n<p><strong>Enregistrement de la soci\u00e9t\u00e9 :<\/strong><\/p>\n<p>D-U-N-S : 401605625<\/p>\n<p>Tribunal d&#8217;enregistrement : [Indiquez le tribunal d&#8217;enregistrement, par exemple le tribunal r\u00e9gional de Szolnok].<\/p>\n<p><strong>Num\u00e9ro d&#8217;identification TVA :<\/strong><\/p>\n<p>HU24373427<\/p>\n<p><strong>D\u00e9l\u00e9gu\u00e9 \u00e0 la protection des donn\u00e9es :<\/strong><\/p>\n<p>Pour toute question relative \u00e0 la protection des donn\u00e9es, veuillez contacter notre d\u00e9l\u00e9gu\u00e9 \u00e0 la protection des donn\u00e9es \u00e0 l&#8217;adresse suivante<\/p>\n<p>Courriel : info@vondetechnology.com<\/p>\n<p><strong>Clause de non-responsabilit\u00e9 :<\/strong><\/p>\n<p>Malgr\u00e9 un contr\u00f4le minutieux du contenu, nous n&#8217;assumons aucune responsabilit\u00e9 pour le contenu des liens externes. Les exploitants des pages li\u00e9es sont seuls responsables de leur contenu. <\/p>\n<p><strong>R\u00e9solution des litiges :<\/strong><\/p>\n<p>Conform\u00e9ment \u00e0 la r\u00e9glementation de l&#8217;UE, les litiges peuvent \u00eatre r\u00e9solus via la plateforme de r\u00e8glement en ligne des litiges de la Commission europ\u00e9enne : http:\/\/ec.europa.eu\/consumers\/odr<\/p>\n<p><strong>Informations de contact :<\/strong><\/p>\n<p>Pour les demandes de renseignements g\u00e9n\u00e9raux :<\/p>\n<p>Courriel : info@vondetechnology.com<\/p>\n<p>Cet Impresszum est conforme aux r\u00e9glementations et normes de l&#8217;UE applicables aux entit\u00e9s commerciales op\u00e9rant sur les march\u00e9s de l&#8217;Union europ\u00e9enne.[\/vc_column_text][\/vc_column][\/vc_row]<\/p>\n<\/div>","protected":false},"excerpt":{"rendered":"<p>[vc_row][vc_column][vc_empty_space][vc_column_text el_class=&#8221;legal-text&#8221;]Informations sur l&#8217;entreprise : Technologie Vonde \u00c0 propos de Vonde Technology LLC : Vonde Pro App est une application mobile innovante d\u00e9velopp\u00e9e et exploit\u00e9e gr\u00e2ce \u00e0 la collaboration de deux entit\u00e9s : Vonde Technology LLC (\u00c9tats-Unis) g\u00e8re les march\u00e9s mondiaux et l&#8217;expansion internationale. KMAK Kelet-Magyarorsz\u00e1gi Adatk\u00f6zpont Kft. (Europe, Hongrie) s&#8217;occupe du d\u00e9veloppement et des [&hellip;]<\/p>\n","protected":false},"author":1,"featured_media":0,"parent":0,"menu_order":0,"comment_status":"closed","ping_status":"closed","template":"","meta":{"footnotes":""},"class_list":["post-20905","page","type-page","status-publish","hentry"],"yoast_head":"<!-- This site is optimized with the Yoast SEO plugin v24.7 - https:\/\/yoast.com\/wordpress\/plugins\/seo\/ -->\n<title>Mentions l\u00e9gales pour Vonde Pro App - Vondetech<\/title>\n<meta name=\"robots\" content=\"index, follow, max-snippet:-1, max-image-preview:large, max-video-preview:-1\" \/>\n<link rel=\"canonical\" href=\"https:\/\/vondetech.com\/fr\/mentions-legales-pour-vonde-pro-app\/\" \/>\n<meta property=\"og:locale\" content=\"fr_FR\" \/>\n<meta property=\"og:type\" content=\"article\" \/>\n<meta property=\"og:title\" content=\"Mentions l\u00e9gales pour Vonde Pro App - Vondetech\" \/>\n<meta property=\"og:description\" content=\"[vc_row][vc_column][vc_empty_space][vc_column_text el_class=&#8221;legal-text&#8221;]Informations sur l&#8217;entreprise : Technologie Vonde \u00c0 propos de Vonde Technology LLC : Vonde Pro App est une application mobile innovante d\u00e9velopp\u00e9e et exploit\u00e9e gr\u00e2ce \u00e0 la collaboration de deux entit\u00e9s : Vonde Technology LLC (\u00c9tats-Unis) g\u00e8re les march\u00e9s mondiaux et l&#8217;expansion internationale. KMAK Kelet-Magyarorsz\u00e1gi Adatk\u00f6zpont Kft. (Europe, Hongrie) s&#8217;occupe du d\u00e9veloppement et des [&hellip;]\" \/>\n<meta property=\"og:url\" content=\"https:\/\/vondetech.com\/fr\/mentions-legales-pour-vonde-pro-app\/\" \/>\n<meta property=\"og:site_name\" content=\"Vondetech\" \/>\n<meta property=\"article:modified_time\" content=\"2025-03-20T14:58:29+00:00\" \/>\n<meta name=\"twitter:card\" content=\"summary_large_image\" \/>\n<meta name=\"twitter:label1\" content=\"Dur\u00e9e de lecture estim\u00e9e\" \/>\n\t<meta name=\"twitter:data1\" content=\"1 minute\" \/>\n<script type=\"application\/ld+json\" class=\"yoast-schema-graph\">{\"@context\":\"https:\/\/schema.org\",\"@graph\":[{\"@type\":\"WebPage\",\"@id\":\"https:\/\/vondetech.com\/fr\/mentions-legales-pour-vonde-pro-app\/\",\"url\":\"https:\/\/vondetech.com\/fr\/mentions-legales-pour-vonde-pro-app\/\",\"name\":\"Mentions l\u00e9gales pour Vonde Pro App - Vondetech\",\"isPartOf\":{\"@id\":\"https:\/\/vondetech.com\/fr\/#website\"},\"datePublished\":\"2025-03-19T08:20:16+00:00\",\"dateModified\":\"2025-03-20T14:58:29+00:00\",\"breadcrumb\":{\"@id\":\"https:\/\/vondetech.com\/fr\/mentions-legales-pour-vonde-pro-app\/#breadcrumb\"},\"inLanguage\":\"fr-FR\",\"potentialAction\":[{\"@type\":\"ReadAction\",\"target\":[\"https:\/\/vondetech.com\/fr\/mentions-legales-pour-vonde-pro-app\/\"]}]},{\"@type\":\"BreadcrumbList\",\"@id\":\"https:\/\/vondetech.com\/fr\/mentions-legales-pour-vonde-pro-app\/#breadcrumb\",\"itemListElement\":[{\"@type\":\"ListItem\",\"position\":1,\"name\":\"Accueil\",\"item\":\"https:\/\/vondetech.com\/fr\/accueil\/\"},{\"@type\":\"ListItem\",\"position\":2,\"name\":\"Mentions l\u00e9gales pour Vonde Pro App\"}]},{\"@type\":\"WebSite\",\"@id\":\"https:\/\/vondetech.com\/fr\/#website\",\"url\":\"https:\/\/vondetech.com\/fr\/\",\"name\":\"Vondetech\",\"description\":\"\",\"potentialAction\":[{\"@type\":\"SearchAction\",\"target\":{\"@type\":\"EntryPoint\",\"urlTemplate\":\"https:\/\/vondetech.com\/fr\/?s={search_term_string}\"},\"query-input\":{\"@type\":\"PropertyValueSpecification\",\"valueRequired\":true,\"valueName\":\"search_term_string\"}}],\"inLanguage\":\"fr-FR\"}]}<\/script>\n<!-- \/ Yoast SEO plugin. -->","yoast_head_json":{"title":"Mentions l\u00e9gales pour Vonde Pro App - Vondetech","robots":{"index":"index","follow":"follow","max-snippet":"max-snippet:-1","max-image-preview":"max-image-preview:large","max-video-preview":"max-video-preview:-1"},"canonical":"https:\/\/vondetech.com\/fr\/mentions-legales-pour-vonde-pro-app\/","og_locale":"fr_FR","og_type":"article","og_title":"Mentions l\u00e9gales pour Vonde Pro App - Vondetech","og_description":"[vc_row][vc_column][vc_empty_space][vc_column_text el_class=&#8221;legal-text&#8221;]Informations sur l&#8217;entreprise : Technologie Vonde \u00c0 propos de Vonde Technology LLC : Vonde Pro App est une application mobile innovante d\u00e9velopp\u00e9e et exploit\u00e9e gr\u00e2ce \u00e0 la collaboration de deux entit\u00e9s : Vonde Technology LLC (\u00c9tats-Unis) g\u00e8re les march\u00e9s mondiaux et l&#8217;expansion internationale. KMAK Kelet-Magyarorsz\u00e1gi Adatk\u00f6zpont Kft. (Europe, Hongrie) s&#8217;occupe du d\u00e9veloppement et des [&hellip;]","og_url":"https:\/\/vondetech.com\/fr\/mentions-legales-pour-vonde-pro-app\/","og_site_name":"Vondetech","article_modified_time":"2025-03-20T14:58:29+00:00","twitter_card":"summary_large_image","twitter_misc":{"Dur\u00e9e de lecture estim\u00e9e":"1 minute"},"schema":{"@context":"https:\/\/schema.org","@graph":[{"@type":"WebPage","@id":"https:\/\/vondetech.com\/fr\/mentions-legales-pour-vonde-pro-app\/","url":"https:\/\/vondetech.com\/fr\/mentions-legales-pour-vonde-pro-app\/","name":"Mentions l\u00e9gales pour Vonde Pro App - Vondetech","isPartOf":{"@id":"https:\/\/vondetech.com\/fr\/#website"},"datePublished":"2025-03-19T08:20:16+00:00","dateModified":"2025-03-20T14:58:29+00:00","breadcrumb":{"@id":"https:\/\/vondetech.com\/fr\/mentions-legales-pour-vonde-pro-app\/#breadcrumb"},"inLanguage":"fr-FR","potentialAction":[{"@type":"ReadAction","target":["https:\/\/vondetech.com\/fr\/mentions-legales-pour-vonde-pro-app\/"]}]},{"@type":"BreadcrumbList","@id":"https:\/\/vondetech.com\/fr\/mentions-legales-pour-vonde-pro-app\/#breadcrumb","itemListElement":[{"@type":"ListItem","position":1,"name":"Accueil","item":"https:\/\/vondetech.com\/fr\/accueil\/"},{"@type":"ListItem","position":2,"name":"Mentions l\u00e9gales pour Vonde Pro App"}]},{"@type":"WebSite","@id":"https:\/\/vondetech.com\/fr\/#website","url":"https:\/\/vondetech.com\/fr\/","name":"Vondetech","description":"","potentialAction":[{"@type":"SearchAction","target":{"@type":"EntryPoint","urlTemplate":"https:\/\/vondetech.com\/fr\/?s={search_term_string}"},"query-input":{"@type":"PropertyValueSpecification","valueRequired":true,"valueName":"search_term_string"}}],"inLanguage":"fr-FR"}]}},"_links":{"self":[{"href":"https:\/\/vondetech.com\/fr\/wp-json\/wp\/v2\/pages\/20905","targetHints":{"allow":["GET"]}}],"collection":[{"href":"https:\/\/vondetech.com\/fr\/wp-json\/wp\/v2\/pages"}],"about":[{"href":"https:\/\/vondetech.com\/fr\/wp-json\/wp\/v2\/types\/page"}],"author":[{"embeddable":true,"href":"https:\/\/vondetech.com\/fr\/wp-json\/wp\/v2\/users\/1"}],"replies":[{"embeddable":true,"href":"https:\/\/vondetech.com\/fr\/wp-json\/wp\/v2\/comments?post=20905"}],"version-history":[{"count":2,"href":"https:\/\/vondetech.com\/fr\/wp-json\/wp\/v2\/pages\/20905\/revisions"}],"predecessor-version":[{"id":20915,"href":"https:\/\/vondetech.com\/fr\/wp-json\/wp\/v2\/pages\/20905\/revisions\/20915"}],"wp:attachment":[{"href":"https:\/\/vondetech.com\/fr\/wp-json\/wp\/v2\/media?parent=20905"}],"curies":[{"name":"wp","href":"https:\/\/api.w.org\/{rel}","templated":true}]}}