{"id":20814,"date":"2025-03-19T09:19:24","date_gmt":"2025-03-19T08:19:24","guid":{"rendered":"https:\/\/vondetech.com\/cluf\/"},"modified":"2025-03-20T15:50:17","modified_gmt":"2025-03-20T14:50:17","slug":"cluf","status":"publish","type":"page","link":"https:\/\/vondetech.com\/fr\/cluf\/","title":{"rendered":"CLUF"},"content":{"rendered":"<div class=\"wpb-content-wrapper\"><p>[vc_row][vc_column][vc_empty_space][vc_column_text el_class=&#8221;legal-text&#8221;]<strong>IMPORTANT &#8211; LIRE ATTENTIVEMENT :<\/strong> Le pr\u00e9sent Contrat de Licence Utilisateur Final (&#8220;CLUF&#8221;) est un accord l\u00e9gal entre vous (&#8220;Licenci\u00e9&#8221; ou &#8220;vous&#8221;) et KMAK Kelet-Magyarorsz\u00e1gi Adatk\u00f6zpont Kft. (&#8220;le conc\u00e9dant&#8221; ou &#8220;nous&#8221;) pour l&#8217;application logicielle Vonde Pro App (&#8220;l&#8217;application&#8221;). En installant, copiant ou utilisant de toute autre mani\u00e8re l&#8217;application, vous acceptez d&#8217;\u00eatre li\u00e9 par les termes de ce CLUF. Si vous n&#8217;acceptez pas les termes de ce CLUF, n&#8217;installez pas et n&#8217;utilisez pas l&#8217;application.   <\/p>\n<ol>\n<li><strong>  Octroi de la licence :<\/strong><\/li>\n<\/ol>\n<p>Le Conc\u00e9dant vous accorde une licence limit\u00e9e, non exclusive, non transf\u00e9rable et r\u00e9vocable pour utiliser l&#8217;Application sur un seul appareil mobile pour votre usage personnel et non commercial.<\/p>\n<ol start=\"2\">\n<li><strong>  Restrictions :<\/strong><\/li>\n<\/ol>\n<p>Vous ne devez pas :<\/p>\n<ul>\n<li>Modifier, adapter ou d\u00e9sosser l&#8217;application, ou tenter de d\u00e9river son code source.<\/li>\n<li>Utiliser l&#8217;application \u00e0 des fins commerciales, ou vendre, distribuer, louer, accorder des sous-licences, louer, pr\u00eater ou transf\u00e9rer l&#8217;application \u00e0 des tiers.<\/li>\n<li>supprimer, modifier ou masquer tout droit d&#8217;auteur, marque commerciale ou autre avis de propri\u00e9t\u00e9.<\/li>\n<li>Utiliser l&#8217;application d&#8217;une mani\u00e8re qui viole les lois ou les r\u00e8glements applicables, qui porte atteinte aux droits de propri\u00e9t\u00e9 intellectuelle d&#8217;autrui ou qui tente de contourner les mesures de s\u00e9curit\u00e9 de l&#8217;application.<\/li>\n<li>Utiliser l&#8217;application pour toute activit\u00e9 ill\u00e9gale, y compris, mais sans s&#8217;y limiter, transmettre ou stocker du mat\u00e9riel ill\u00e9gal, ou s&#8217;engager dans toute activit\u00e9 susceptible d&#8217;endommager, de d\u00e9sactiver, de surcharger ou d&#8217;alt\u00e9rer l&#8217;application ou ses services.<\/li>\n<\/ul>\n<ol start=\"3\">\n<li><strong>  Propri\u00e9t\u00e9 :<\/strong><\/li>\n<\/ol>\n<p>L&#8217;application est la propri\u00e9t\u00e9 du conc\u00e9dant et est prot\u00e9g\u00e9e par le droit d&#8217;auteur et d&#8217;autres lois sur la propri\u00e9t\u00e9 intellectuelle. Votre licence ne vous conf\u00e8re aucun titre ou propri\u00e9t\u00e9 sur l&#8217;application. <\/p>\n<ol start=\"4\">\n<li><strong>  Vie priv\u00e9e :<\/strong><\/li>\n<\/ol>\n<p>L&#8217;utilisation de l&#8217;application est soumise \u00e0 notre politique de confidentialit\u00e9, qui d\u00e9crit en d\u00e9tail nos pratiques en mati\u00e8re de collecte, de traitement et de protection des donn\u00e9es. En utilisant l&#8217;application, vous acceptez les conditions d\u00e9taill\u00e9es dans la politique de confidentialit\u00e9. Vous pouvez trouver notre politique de confidentialit\u00e9 \u00e0 l&#8217;adresse suivante :    [Link to Privacy Policy]<\/p>\n<ol start=\"5\">\n<li><strong>  Exclusion de garantie :<\/strong><\/li>\n<\/ol>\n<p>L&#8217;application est fournie &#8221; EN L&#8217;\u00c9TAT &#8221; et &#8221; SELON LA DISPONIBILIT\u00c9 &#8221; sans garantie d&#8217;aucune sorte. Vonde Technology d\u00e9cline toute garantie, qu&#8217;elle soit expresse, implicite, statutaire ou autre, y compris, mais sans s&#8217;y limiter, les garanties implicites de qualit\u00e9 marchande, d&#8217;ad\u00e9quation \u00e0 un usage particulier, d&#8217;absence de contrefa\u00e7on, et toute garantie d\u00e9coulant de la conduite des affaires ou de l&#8217;usage du commerce. <\/p>\n<ol start=\"6\">\n<li><strong>  Limitation de la responsabilit\u00e9 :<\/strong><\/li>\n<\/ol>\n<p>Dans la mesure maximale permise par la loi applicable, Vonde Technology ne sera en aucun cas responsable des dommages indirects, accessoires, sp\u00e9ciaux, cons\u00e9cutifs ou punitifs (y compris, sans s&#8217;y limiter, les dommages pour perte de profits, de donn\u00e9es ou d&#8217;utilisation) d\u00e9coulant de l&#8217;utilisation ou de l&#8217;incapacit\u00e9 d&#8217;utiliser l&#8217;application, m\u00eame si Vonde Technology a \u00e9t\u00e9 inform\u00e9e de la possibilit\u00e9 de tels dommages. La responsabilit\u00e9 totale de Vonde Technology envers vous pour toute r\u00e9clamation d\u00e9coulant du pr\u00e9sent CLUF ou de l&#8217;application, ou s&#8217;y rapportant, se limite au montant que vous avez pay\u00e9, le cas \u00e9ch\u00e9ant, pour acc\u00e9der \u00e0 l&#8217;application. <\/p>\n<ol start=\"7\">\n<li><strong>  Indemnisation :<\/strong><\/li>\n<\/ol>\n<p>Vous acceptez d&#8217;indemniser et de d\u00e9gager de toute responsabilit\u00e9 Vonde Technology, ses soci\u00e9t\u00e9s affili\u00e9es, ses employ\u00e9s, ses directeurs et ses agents en cas de r\u00e9clamations, dommages, responsabilit\u00e9s, pertes ou d\u00e9penses (y compris les frais d&#8217;avocat raisonnables) d\u00e9coulant de ou li\u00e9s \u00e0 votre mauvaise utilisation de l&#8217;application, \u00e0 votre violation du pr\u00e9sent CLUF ou \u00e0 votre violation de toute propri\u00e9t\u00e9 intellectuelle ou de tout autre droit d&#8217;une personne ou d&#8217;une entit\u00e9.<\/p>\n<ol start=\"8\">\n<li><strong>  R\u00e9siliation :<\/strong><\/li>\n<\/ol>\n<p>Le pr\u00e9sent CLUF est en vigueur jusqu&#8217;\u00e0 ce qu&#8217;il soit r\u00e9sili\u00e9 par vous ou par le conc\u00e9dant. Le Conc\u00e9dant peut r\u00e9silier le pr\u00e9sent CLUF \u00e0 tout moment si vous ne respectez pas l&#8217;une ou l&#8217;autre des conditions du pr\u00e9sent CLUF. En cas de r\u00e9siliation, vous devez cesser toute utilisation de l&#8217;application et d\u00e9truire toutes les copies, compl\u00e8tes ou partielles, de l&#8217;application.  <\/p>\n<ol start=\"9\">\n<li><strong>  Droit applicable :<\/strong><\/li>\n<\/ol>\n<p>Le pr\u00e9sent CLUF est r\u00e9gi et interpr\u00e9t\u00e9 conform\u00e9ment au droit hongrois. Tout litige d\u00e9coulant du pr\u00e9sent CLU ou s&#8217;y rapportant sera soumis \u00e0 la comp\u00e9tence exclusive des tribunaux situ\u00e9s \u00e0 Budapest, en Hongrie. <\/p>\n<ol start=\"10\">\n<li><strong>  Modifications du pr\u00e9sent CLUF :<\/strong><\/li>\n<\/ol>\n<p>Nous nous r\u00e9servons le droit de mettre \u00e0 jour ou de modifier p\u00e9riodiquement le pr\u00e9sent CLUF. Les modifications importantes vous seront communiqu\u00e9es par le biais des notifications de l&#8217;application, d&#8217;un courrier \u00e9lectronique enregistr\u00e9 ou par la publication d&#8217;un avis dans l&#8217;application ou sur notre site web. En continuant \u00e0 utiliser l&#8217;application apr\u00e8s de telles modifications, vous acceptez le CLUF r\u00e9vis\u00e9.  <\/p>\n<ol start=\"11\">\n<li><strong>  Informations de contact :<\/strong><\/li>\n<\/ol>\n<p>Pour toute question concernant le pr\u00e9sent CLUF ou toute autre question connexe, contactez-nous \u00e0 l&#8217;adresse suivante :<\/p>\n<p>KMAK Kelet-Magyarorsz\u00e1gi Adatk\u00f6zpont Kft.<\/p>\n<p>H-5000 Szolnok, Szap\u00e1ry utca 20.<\/p>\n<p>Courriel : info@vondetechnology.com<\/p>\n<p>Site web : https:\/\/www.vondetech.com<\/p>\n<ol start=\"12\">\n<li><strong>  Int\u00e9gralit\u00e9 de l&#8217;accord :<\/strong><\/li>\n<\/ol>\n<p>Le pr\u00e9sent CLUF constitue l&#8217;int\u00e9gralit\u00e9 de l&#8217;accord entre vous et le conc\u00e9dant concernant l&#8217;application et remplace toutes les communications et propositions ant\u00e9rieures ou contemporaines, qu&#8217;elles soient orales ou \u00e9crites.[\/vc_column_text][\/vc_column][\/vc_row]<\/p>\n<\/div>","protected":false},"excerpt":{"rendered":"<p>[vc_row][vc_column][vc_empty_space][vc_column_text el_class=&#8221;legal-text&#8221;]IMPORTANT &#8211; LIRE ATTENTIVEMENT : Le pr\u00e9sent Contrat de Licence Utilisateur Final (&#8220;CLUF&#8221;) est un accord l\u00e9gal entre vous (&#8220;Licenci\u00e9&#8221; ou &#8220;vous&#8221;) et KMAK Kelet-Magyarorsz\u00e1gi Adatk\u00f6zpont Kft. (&#8220;le conc\u00e9dant&#8221; ou &#8220;nous&#8221;) pour l&#8217;application logicielle Vonde Pro App (&#8220;l&#8217;application&#8221;). En installant, copiant ou utilisant de toute autre mani\u00e8re l&#8217;application, vous acceptez d&#8217;\u00eatre li\u00e9 par les [&hellip;]<\/p>\n","protected":false},"author":1,"featured_media":0,"parent":0,"menu_order":0,"comment_status":"closed","ping_status":"closed","template":"","meta":{"footnotes":""},"class_list":["post-20814","page","type-page","status-publish","hentry"],"yoast_head":"<!-- This site is optimized with the Yoast SEO plugin v24.7 - https:\/\/yoast.com\/wordpress\/plugins\/seo\/ -->\n<title>CLUF - Vondetech<\/title>\n<meta name=\"robots\" content=\"index, follow, max-snippet:-1, max-image-preview:large, max-video-preview:-1\" \/>\n<link rel=\"canonical\" href=\"https:\/\/vondetech.com\/fr\/cluf\/\" \/>\n<meta property=\"og:locale\" content=\"fr_FR\" \/>\n<meta property=\"og:type\" content=\"article\" \/>\n<meta property=\"og:title\" content=\"CLUF - Vondetech\" \/>\n<meta property=\"og:description\" content=\"[vc_row][vc_column][vc_empty_space][vc_column_text el_class=&#8221;legal-text&#8221;]IMPORTANT &#8211; LIRE ATTENTIVEMENT : Le pr\u00e9sent Contrat de Licence Utilisateur Final (&#8220;CLUF&#8221;) est un accord l\u00e9gal entre vous (&#8220;Licenci\u00e9&#8221; ou &#8220;vous&#8221;) et KMAK Kelet-Magyarorsz\u00e1gi Adatk\u00f6zpont Kft. (&#8220;le conc\u00e9dant&#8221; ou &#8220;nous&#8221;) pour l&#8217;application logicielle Vonde Pro App (&#8220;l&#8217;application&#8221;). En installant, copiant ou utilisant de toute autre mani\u00e8re l&#8217;application, vous acceptez d&#8217;\u00eatre li\u00e9 par les [&hellip;]\" \/>\n<meta property=\"og:url\" content=\"https:\/\/vondetech.com\/fr\/cluf\/\" \/>\n<meta property=\"og:site_name\" content=\"Vondetech\" \/>\n<meta property=\"article:modified_time\" content=\"2025-03-20T14:50:17+00:00\" \/>\n<meta name=\"twitter:card\" content=\"summary_large_image\" \/>\n<meta name=\"twitter:label1\" content=\"Dur\u00e9e de lecture estim\u00e9e\" \/>\n\t<meta name=\"twitter:data1\" content=\"4 minutes\" \/>\n<script type=\"application\/ld+json\" class=\"yoast-schema-graph\">{\"@context\":\"https:\/\/schema.org\",\"@graph\":[{\"@type\":\"WebPage\",\"@id\":\"https:\/\/vondetech.com\/fr\/cluf\/\",\"url\":\"https:\/\/vondetech.com\/fr\/cluf\/\",\"name\":\"CLUF - Vondetech\",\"isPartOf\":{\"@id\":\"https:\/\/vondetech.com\/fr\/#website\"},\"datePublished\":\"2025-03-19T08:19:24+00:00\",\"dateModified\":\"2025-03-20T14:50:17+00:00\",\"breadcrumb\":{\"@id\":\"https:\/\/vondetech.com\/fr\/cluf\/#breadcrumb\"},\"inLanguage\":\"fr-FR\",\"potentialAction\":[{\"@type\":\"ReadAction\",\"target\":[\"https:\/\/vondetech.com\/fr\/cluf\/\"]}]},{\"@type\":\"BreadcrumbList\",\"@id\":\"https:\/\/vondetech.com\/fr\/cluf\/#breadcrumb\",\"itemListElement\":[{\"@type\":\"ListItem\",\"position\":1,\"name\":\"Accueil\",\"item\":\"https:\/\/vondetech.com\/fr\/accueil\/\"},{\"@type\":\"ListItem\",\"position\":2,\"name\":\"CLUF\"}]},{\"@type\":\"WebSite\",\"@id\":\"https:\/\/vondetech.com\/fr\/#website\",\"url\":\"https:\/\/vondetech.com\/fr\/\",\"name\":\"Vondetech\",\"description\":\"\",\"potentialAction\":[{\"@type\":\"SearchAction\",\"target\":{\"@type\":\"EntryPoint\",\"urlTemplate\":\"https:\/\/vondetech.com\/fr\/?s={search_term_string}\"},\"query-input\":{\"@type\":\"PropertyValueSpecification\",\"valueRequired\":true,\"valueName\":\"search_term_string\"}}],\"inLanguage\":\"fr-FR\"}]}<\/script>\n<!-- \/ Yoast SEO plugin. -->","yoast_head_json":{"title":"CLUF - Vondetech","robots":{"index":"index","follow":"follow","max-snippet":"max-snippet:-1","max-image-preview":"max-image-preview:large","max-video-preview":"max-video-preview:-1"},"canonical":"https:\/\/vondetech.com\/fr\/cluf\/","og_locale":"fr_FR","og_type":"article","og_title":"CLUF - Vondetech","og_description":"[vc_row][vc_column][vc_empty_space][vc_column_text el_class=&#8221;legal-text&#8221;]IMPORTANT &#8211; LIRE ATTENTIVEMENT : Le pr\u00e9sent Contrat de Licence Utilisateur Final (&#8220;CLUF&#8221;) est un accord l\u00e9gal entre vous (&#8220;Licenci\u00e9&#8221; ou &#8220;vous&#8221;) et KMAK Kelet-Magyarorsz\u00e1gi Adatk\u00f6zpont Kft. (&#8220;le conc\u00e9dant&#8221; ou &#8220;nous&#8221;) pour l&#8217;application logicielle Vonde Pro App (&#8220;l&#8217;application&#8221;). En installant, copiant ou utilisant de toute autre mani\u00e8re l&#8217;application, vous acceptez d&#8217;\u00eatre li\u00e9 par les [&hellip;]","og_url":"https:\/\/vondetech.com\/fr\/cluf\/","og_site_name":"Vondetech","article_modified_time":"2025-03-20T14:50:17+00:00","twitter_card":"summary_large_image","twitter_misc":{"Dur\u00e9e de lecture estim\u00e9e":"4 minutes"},"schema":{"@context":"https:\/\/schema.org","@graph":[{"@type":"WebPage","@id":"https:\/\/vondetech.com\/fr\/cluf\/","url":"https:\/\/vondetech.com\/fr\/cluf\/","name":"CLUF - Vondetech","isPartOf":{"@id":"https:\/\/vondetech.com\/fr\/#website"},"datePublished":"2025-03-19T08:19:24+00:00","dateModified":"2025-03-20T14:50:17+00:00","breadcrumb":{"@id":"https:\/\/vondetech.com\/fr\/cluf\/#breadcrumb"},"inLanguage":"fr-FR","potentialAction":[{"@type":"ReadAction","target":["https:\/\/vondetech.com\/fr\/cluf\/"]}]},{"@type":"BreadcrumbList","@id":"https:\/\/vondetech.com\/fr\/cluf\/#breadcrumb","itemListElement":[{"@type":"ListItem","position":1,"name":"Accueil","item":"https:\/\/vondetech.com\/fr\/accueil\/"},{"@type":"ListItem","position":2,"name":"CLUF"}]},{"@type":"WebSite","@id":"https:\/\/vondetech.com\/fr\/#website","url":"https:\/\/vondetech.com\/fr\/","name":"Vondetech","description":"","potentialAction":[{"@type":"SearchAction","target":{"@type":"EntryPoint","urlTemplate":"https:\/\/vondetech.com\/fr\/?s={search_term_string}"},"query-input":{"@type":"PropertyValueSpecification","valueRequired":true,"valueName":"search_term_string"}}],"inLanguage":"fr-FR"}]}},"_links":{"self":[{"href":"https:\/\/vondetech.com\/fr\/wp-json\/wp\/v2\/pages\/20814","targetHints":{"allow":["GET"]}}],"collection":[{"href":"https:\/\/vondetech.com\/fr\/wp-json\/wp\/v2\/pages"}],"about":[{"href":"https:\/\/vondetech.com\/fr\/wp-json\/wp\/v2\/types\/page"}],"author":[{"embeddable":true,"href":"https:\/\/vondetech.com\/fr\/wp-json\/wp\/v2\/users\/1"}],"replies":[{"embeddable":true,"href":"https:\/\/vondetech.com\/fr\/wp-json\/wp\/v2\/comments?post=20814"}],"version-history":[{"count":4,"href":"https:\/\/vondetech.com\/fr\/wp-json\/wp\/v2\/pages\/20814\/revisions"}],"predecessor-version":[{"id":20835,"href":"https:\/\/vondetech.com\/fr\/wp-json\/wp\/v2\/pages\/20814\/revisions\/20835"}],"wp:attachment":[{"href":"https:\/\/vondetech.com\/fr\/wp-json\/wp\/v2\/media?parent=20814"}],"curies":[{"name":"wp","href":"https:\/\/api.w.org\/{rel}","templated":true}]}}