{"id":20624,"date":"2025-03-19T09:18:12","date_gmt":"2025-03-19T08:18:12","guid":{"rendered":"https:\/\/vondetech.com\/politique-en-matiere-de-cookies-pour-lapplication-mobile-vonde-pro\/"},"modified":"2025-07-02T13:01:43","modified_gmt":"2025-07-02T11:01:43","slug":"politique-en-matiere-de-cookies-pour-lapplication-mobile-vonde-pro","status":"publish","type":"page","link":"https:\/\/vondetech.com\/fr\/politique-en-matiere-de-cookies-pour-lapplication-mobile-vonde-pro\/","title":{"rendered":"Politique en mati\u00e8re de cookies pour l&#8217;application mobile Vonde Pro"},"content":{"rendered":"<div class=\"wpb-content-wrapper\"><p>[vc_row][vc_column][vc_empty_space][vc_column_text el_class=&#8221;legal-text&#8221;]<strong>Date d&#8217;entr\u00e9e en vigueur :<\/strong> 17 mars 2025<\/p>\n<ol>\n<li><strong>  Introduction<\/strong><\/li>\n<\/ol>\n<p>La pr\u00e9sente Politique relative aux cookies explique comment Vonde Technology (&#8221; nous &#8220;, &#8221; notre &#8221; ou &#8221; nos &#8220;) utilise les cookies et les technologies similaires dans le cadre de l&#8217;application mobile Vonde Pro (&#8221; App &#8220;). Cette politique s&#8217;applique sp\u00e9cifiquement \u00e0 l&#8217;application et diff\u00e8re de la politique en mati\u00e8re de cookies applicable \u00e0 notre site web. <\/p>\n<ol start=\"2\">\n<li><strong>  Que sont les cookies et les technologies de suivi ?<\/strong><\/li>\n<\/ol>\n<p>Les cookies et les technologies de suivi dans les applications mobiles comprennent les identificateurs d&#8217;appareil, les pixels et le stockage local, qui collectent et stockent des donn\u00e9es sur votre appareil et l&#8217;utilisation de l&#8217;application.<\/p>\n<ol start=\"3\">\n<li><strong>  Types de cookies et de technologies de suivi que nous utilisons<\/strong><\/li>\n<\/ol>\n<ul>\n<li><strong>Technologies essentielles :<\/strong> Ces technologies sont n\u00e9cessaires pour permettre les fonctionnalit\u00e9s essentielles de l&#8217;application, telles que l&#8217;authentification de l&#8217;utilisateur, les fonctions de s\u00e9curit\u00e9 et les performances de l&#8217;application. Ces technologies ne collectent aucune donn\u00e9e personnelle. <\/li>\n<li><strong>Technologies analytiques :<\/strong> Nous utilisons Firebase Analytics, Firebase Performance Monitoring et Firebase Crashlytics pour analyser l&#8217;interaction des utilisateurs, diagnostiquer les pannes et surveiller les performances afin d&#8217;am\u00e9liorer la qualit\u00e9 de l&#8217;application. Ces technologies collectent des donn\u00e9es anonymes sur les interactions des utilisateurs, l&#8217;utilisation de l&#8217;application et les informations sur l&#8217;appareil pour nous aider \u00e0 comprendre comment les utilisateurs interagissent avec l&#8217;application et \u00e0 identifier les domaines \u00e0 am\u00e9liorer. <\/li>\n<li><strong>Technologies publicitaires :<\/strong> Google AdMob collecte les identifiants des appareils et les donn\u00e9es d&#8217;utilisation des applications afin d&#8217;afficher des publicit\u00e9s personnalis\u00e9es adapt\u00e9es aux centres d&#8217;int\u00e9r\u00eat des utilisateurs. Google AdMob utilise des technologies telles que l&#8217;identifiant publicitaire de l&#8217;appareil pour personnaliser les annonces. Vous pouvez contr\u00f4ler l&#8217;utilisation de cet identifiant dans les param\u00e8tres de votre appareil.  <\/li>\n<\/ul>\n<ol start=\"4\">\n<li><strong>  Objectifs de l&#8217;utilisation des technologies de suivi<\/strong><\/li>\n<\/ol>\n<p>Nous utilisons ces technologies pour :<\/p>\n<ul>\n<li>Fournir les fonctionnalit\u00e9s essentielles de l&#8217;application.<\/li>\n<li>Contr\u00f4lez et am\u00e9liorez les performances et la stabilit\u00e9 des applications.<\/li>\n<li>Diffuser des publicit\u00e9s personnalis\u00e9es par l&#8217;interm\u00e9diaire de Google AdMob.<\/li>\n<li>Analyser les interactions des utilisateurs afin d&#8217;am\u00e9liorer leur exp\u00e9rience et d&#8217;optimiser les fonctionnalit\u00e9s de l&#8217;application.<\/li>\n<\/ul>\n<ol start=\"5\">\n<li><strong>  Gestion des cookies et des pr\u00e9f\u00e9rences<\/strong><\/li>\n<\/ol>\n<p>Vous pouvez contr\u00f4ler l&#8217;utilisation des cookies et des technologies de suivi par le biais des param\u00e8tres de votre appareil.<\/p>\n<ul>\n<li><strong>Pour les appareils Android :<\/strong> Vous pouvez refuser la publicit\u00e9 personnalis\u00e9e en activant l&#8217;option &#8220;Refuser la personnalisation des publicit\u00e9s&#8221; dans les param\u00e8tres de votre appareil. Vous pouvez \u00e9galement contr\u00f4ler la collecte des donn\u00e9es analytiques dans les param\u00e8tres de confidentialit\u00e9 de votre appareil. <\/li>\n<li><strong>Pour les appareils iOS :<\/strong> Vous pouvez limiter le suivi des publicit\u00e9s en activant l&#8217;option &#8220;Limiter le suivi des publicit\u00e9s&#8221; dans les param\u00e8tres de votre appareil. Vous pouvez \u00e9galement contr\u00f4ler la collecte des donn\u00e9es analytiques dans les param\u00e8tres de confidentialit\u00e9 de votre appareil. <\/li>\n<li>Veuillez consulter la documentation d&#8217;aide de votre appareil pour plus d&#8217;informations sur la gestion de vos param\u00e8tres de confidentialit\u00e9.<\/li>\n<\/ul>\n<p>Certaines de ces technologies sont bas\u00e9es sur des sessions, ce qui signifie qu&#8217;elles sont supprim\u00e9es lorsque vous fermez l&#8217;application. D&#8217;autres sont persistantes, c&#8217;est-\u00e0-dire qu&#8217;elles restent sur votre appareil pendant une p\u00e9riode plus longue. <\/p>\n<ol start=\"6\">\n<li><strong>  Prestataires de services tiers<\/strong><\/li>\n<\/ol>\n<p>Nous utilisons les fournisseurs tiers suivants qui emploient des cookies ou des technologies de suivi :<\/p>\n<ul>\n<li><strong>Google Firebase :<\/strong> Nous utilisons les services Google Firebase, y compris Firebase Analytics, Firebase Crashlytics et Firebase Performance Monitoring. Ces services utilisent des technologies pour collecter et traiter les donn\u00e9es relatives \u00e0 votre utilisation de l&#8217;application. Vous trouverez plus d&#8217;informations sur les pratiques de Google en mati\u00e8re de confidentialit\u00e9 et sur la mani\u00e8re dont Google utilise les donn\u00e9es dans la Politique de confidentialit\u00e9 de Google :    [Link to Google&#8217;s Privacy Policy]<\/li>\n<li><strong>Google AdMob :<\/strong> Nous utilisons Google AdMob pour afficher des publicit\u00e9s personnalis\u00e9es dans l&#8217;application. Google AdMob utilise des technologies pour collecter et traiter les donn\u00e9es relatives \u00e0 votre utilisation de l&#8217;application et de votre appareil. Vous trouverez plus d&#8217;informations sur les pratiques de Google en mati\u00e8re de confidentialit\u00e9 et sur la mani\u00e8re dont Google utilise les donn\u00e9es dans la Politique de confidentialit\u00e9 de Google :    [Link to Google&#8217;s Privacy Policy]<\/li>\n<\/ul>\n<p>Tous les tiers respectent strictement les normes de protection des donn\u00e9es et traitent les donn\u00e9es uniquement aux fins d\u00e9crites.<\/p>\n<ol start=\"7\">\n<li><strong>  Mises \u00e0 jour de la politique<\/strong><\/li>\n<\/ol>\n<p>La pr\u00e9sente politique en mati\u00e8re de cookies peut \u00eatre mise \u00e0 jour p\u00e9riodiquement. Les modifications importantes seront communiqu\u00e9es par le biais de notifications sur l&#8217;application ou par courrier \u00e9lectronique. <\/p>\n<ol start=\"8\">\n<li><strong>  Informations sur le contact<\/strong><\/li>\n<\/ol>\n<p>Pour toute question ou pr\u00e9occupation concernant la pr\u00e9sente politique en mati\u00e8re de cookies, veuillez nous contacter :<\/p>\n<p>KMAK Kelet-Magyarorsz\u00e1gi Adatk\u00f6zpont Kft.<\/p>\n<p>H-5000 Szolnok, Szap\u00e1ry utca 20.<\/p>\n<p>Courriel : info@vondetechnology.com<\/p>\n<p>En utilisant l&#8217;application Vonde Pro, vous consentez \u00e0 l&#8217;utilisation de cookies et de technologies de suivi telles que d\u00e9crites dans la pr\u00e9sente Politique en mati\u00e8re de cookies.[\/vc_column_text][\/vc_column][\/vc_row]<\/p>\n<\/div>","protected":false},"excerpt":{"rendered":"<p>[vc_row][vc_column][vc_empty_space][vc_column_text el_class=&#8221;legal-text&#8221;]Date d&#8217;entr\u00e9e en vigueur : 17 mars 2025 Introduction La pr\u00e9sente Politique relative aux cookies explique comment Vonde Technology (&#8221; nous &#8220;, &#8221; notre &#8221; ou &#8221; nos &#8220;) utilise les cookies et les technologies similaires dans le cadre de l&#8217;application mobile Vonde Pro (&#8221; App &#8220;). Cette politique s&#8217;applique sp\u00e9cifiquement \u00e0 l&#8217;application et [&hellip;]<\/p>\n","protected":false},"author":1,"featured_media":0,"parent":0,"menu_order":0,"comment_status":"closed","ping_status":"closed","template":"","meta":{"footnotes":""},"class_list":["post-20624","page","type-page","status-publish","hentry"],"yoast_head":"<!-- This site is optimized with the Yoast SEO plugin v24.7 - https:\/\/yoast.com\/wordpress\/plugins\/seo\/ -->\n<title>Politique en mati\u00e8re de cookies pour l&#039;application mobile Vonde Pro - Vondetech<\/title>\n<meta name=\"robots\" content=\"index, follow, max-snippet:-1, max-image-preview:large, max-video-preview:-1\" \/>\n<link rel=\"canonical\" href=\"https:\/\/vondetech.com\/fr\/politique-en-matiere-de-cookies-pour-lapplication-mobile-vonde-pro\/\" \/>\n<meta property=\"og:locale\" content=\"fr_FR\" \/>\n<meta property=\"og:type\" content=\"article\" \/>\n<meta property=\"og:title\" content=\"Politique en mati\u00e8re de cookies pour l&#039;application mobile Vonde Pro - Vondetech\" \/>\n<meta property=\"og:description\" content=\"[vc_row][vc_column][vc_empty_space][vc_column_text el_class=&#8221;legal-text&#8221;]Date d&#8217;entr\u00e9e en vigueur : 17 mars 2025 Introduction La pr\u00e9sente Politique relative aux cookies explique comment Vonde Technology (&#8221; nous &#8220;, &#8221; notre &#8221; ou &#8221; nos &#8220;) utilise les cookies et les technologies similaires dans le cadre de l&#8217;application mobile Vonde Pro (&#8221; App &#8220;). Cette politique s&#8217;applique sp\u00e9cifiquement \u00e0 l&#8217;application et [&hellip;]\" \/>\n<meta property=\"og:url\" content=\"https:\/\/vondetech.com\/fr\/politique-en-matiere-de-cookies-pour-lapplication-mobile-vonde-pro\/\" \/>\n<meta property=\"og:site_name\" content=\"Vondetech\" \/>\n<meta property=\"article:modified_time\" content=\"2025-07-02T11:01:43+00:00\" \/>\n<meta name=\"twitter:card\" content=\"summary_large_image\" \/>\n<meta name=\"twitter:label1\" content=\"Dur\u00e9e de lecture estim\u00e9e\" \/>\n\t<meta name=\"twitter:data1\" content=\"4 minutes\" \/>\n<script type=\"application\/ld+json\" class=\"yoast-schema-graph\">{\"@context\":\"https:\/\/schema.org\",\"@graph\":[{\"@type\":\"WebPage\",\"@id\":\"https:\/\/vondetech.com\/fr\/politique-en-matiere-de-cookies-pour-lapplication-mobile-vonde-pro\/\",\"url\":\"https:\/\/vondetech.com\/fr\/politique-en-matiere-de-cookies-pour-lapplication-mobile-vonde-pro\/\",\"name\":\"Politique en mati\u00e8re de cookies pour l'application mobile Vonde Pro - Vondetech\",\"isPartOf\":{\"@id\":\"https:\/\/vondetech.com\/fr\/#website\"},\"datePublished\":\"2025-03-19T08:18:12+00:00\",\"dateModified\":\"2025-07-02T11:01:43+00:00\",\"breadcrumb\":{\"@id\":\"https:\/\/vondetech.com\/fr\/politique-en-matiere-de-cookies-pour-lapplication-mobile-vonde-pro\/#breadcrumb\"},\"inLanguage\":\"fr-FR\",\"potentialAction\":[{\"@type\":\"ReadAction\",\"target\":[\"https:\/\/vondetech.com\/fr\/politique-en-matiere-de-cookies-pour-lapplication-mobile-vonde-pro\/\"]}]},{\"@type\":\"BreadcrumbList\",\"@id\":\"https:\/\/vondetech.com\/fr\/politique-en-matiere-de-cookies-pour-lapplication-mobile-vonde-pro\/#breadcrumb\",\"itemListElement\":[{\"@type\":\"ListItem\",\"position\":1,\"name\":\"Accueil\",\"item\":\"https:\/\/vondetech.com\/fr\/accueil\/\"},{\"@type\":\"ListItem\",\"position\":2,\"name\":\"Politique en mati\u00e8re de cookies pour l&#8217;application mobile Vonde Pro\"}]},{\"@type\":\"WebSite\",\"@id\":\"https:\/\/vondetech.com\/fr\/#website\",\"url\":\"https:\/\/vondetech.com\/fr\/\",\"name\":\"Vondetech\",\"description\":\"\",\"potentialAction\":[{\"@type\":\"SearchAction\",\"target\":{\"@type\":\"EntryPoint\",\"urlTemplate\":\"https:\/\/vondetech.com\/fr\/?s={search_term_string}\"},\"query-input\":{\"@type\":\"PropertyValueSpecification\",\"valueRequired\":true,\"valueName\":\"search_term_string\"}}],\"inLanguage\":\"fr-FR\"}]}<\/script>\n<!-- \/ Yoast SEO plugin. -->","yoast_head_json":{"title":"Politique en mati\u00e8re de cookies pour l'application mobile Vonde Pro - Vondetech","robots":{"index":"index","follow":"follow","max-snippet":"max-snippet:-1","max-image-preview":"max-image-preview:large","max-video-preview":"max-video-preview:-1"},"canonical":"https:\/\/vondetech.com\/fr\/politique-en-matiere-de-cookies-pour-lapplication-mobile-vonde-pro\/","og_locale":"fr_FR","og_type":"article","og_title":"Politique en mati\u00e8re de cookies pour l'application mobile Vonde Pro - Vondetech","og_description":"[vc_row][vc_column][vc_empty_space][vc_column_text el_class=&#8221;legal-text&#8221;]Date d&#8217;entr\u00e9e en vigueur : 17 mars 2025 Introduction La pr\u00e9sente Politique relative aux cookies explique comment Vonde Technology (&#8221; nous &#8220;, &#8221; notre &#8221; ou &#8221; nos &#8220;) utilise les cookies et les technologies similaires dans le cadre de l&#8217;application mobile Vonde Pro (&#8221; App &#8220;). Cette politique s&#8217;applique sp\u00e9cifiquement \u00e0 l&#8217;application et [&hellip;]","og_url":"https:\/\/vondetech.com\/fr\/politique-en-matiere-de-cookies-pour-lapplication-mobile-vonde-pro\/","og_site_name":"Vondetech","article_modified_time":"2025-07-02T11:01:43+00:00","twitter_card":"summary_large_image","twitter_misc":{"Dur\u00e9e de lecture estim\u00e9e":"4 minutes"},"schema":{"@context":"https:\/\/schema.org","@graph":[{"@type":"WebPage","@id":"https:\/\/vondetech.com\/fr\/politique-en-matiere-de-cookies-pour-lapplication-mobile-vonde-pro\/","url":"https:\/\/vondetech.com\/fr\/politique-en-matiere-de-cookies-pour-lapplication-mobile-vonde-pro\/","name":"Politique en mati\u00e8re de cookies pour l'application mobile Vonde Pro - Vondetech","isPartOf":{"@id":"https:\/\/vondetech.com\/fr\/#website"},"datePublished":"2025-03-19T08:18:12+00:00","dateModified":"2025-07-02T11:01:43+00:00","breadcrumb":{"@id":"https:\/\/vondetech.com\/fr\/politique-en-matiere-de-cookies-pour-lapplication-mobile-vonde-pro\/#breadcrumb"},"inLanguage":"fr-FR","potentialAction":[{"@type":"ReadAction","target":["https:\/\/vondetech.com\/fr\/politique-en-matiere-de-cookies-pour-lapplication-mobile-vonde-pro\/"]}]},{"@type":"BreadcrumbList","@id":"https:\/\/vondetech.com\/fr\/politique-en-matiere-de-cookies-pour-lapplication-mobile-vonde-pro\/#breadcrumb","itemListElement":[{"@type":"ListItem","position":1,"name":"Accueil","item":"https:\/\/vondetech.com\/fr\/accueil\/"},{"@type":"ListItem","position":2,"name":"Politique en mati\u00e8re de cookies pour l&#8217;application mobile Vonde Pro"}]},{"@type":"WebSite","@id":"https:\/\/vondetech.com\/fr\/#website","url":"https:\/\/vondetech.com\/fr\/","name":"Vondetech","description":"","potentialAction":[{"@type":"SearchAction","target":{"@type":"EntryPoint","urlTemplate":"https:\/\/vondetech.com\/fr\/?s={search_term_string}"},"query-input":{"@type":"PropertyValueSpecification","valueRequired":true,"valueName":"search_term_string"}}],"inLanguage":"fr-FR"}]}},"_links":{"self":[{"href":"https:\/\/vondetech.com\/fr\/wp-json\/wp\/v2\/pages\/20624","targetHints":{"allow":["GET"]}}],"collection":[{"href":"https:\/\/vondetech.com\/fr\/wp-json\/wp\/v2\/pages"}],"about":[{"href":"https:\/\/vondetech.com\/fr\/wp-json\/wp\/v2\/types\/page"}],"author":[{"embeddable":true,"href":"https:\/\/vondetech.com\/fr\/wp-json\/wp\/v2\/users\/1"}],"replies":[{"embeddable":true,"href":"https:\/\/vondetech.com\/fr\/wp-json\/wp\/v2\/comments?post=20624"}],"version-history":[{"count":6,"href":"https:\/\/vondetech.com\/fr\/wp-json\/wp\/v2\/pages\/20624\/revisions"}],"predecessor-version":[{"id":30449,"href":"https:\/\/vondetech.com\/fr\/wp-json\/wp\/v2\/pages\/20624\/revisions\/30449"}],"wp:attachment":[{"href":"https:\/\/vondetech.com\/fr\/wp-json\/wp\/v2\/media?parent=20624"}],"curies":[{"name":"wp","href":"https:\/\/api.w.org\/{rel}","templated":true}]}}