{"id":20858,"date":"2025-03-19T09:20:16","date_gmt":"2025-03-19T08:20:16","guid":{"rendered":"https:\/\/vondetech.com\/jalki-vonde-pro-sovellukselle\/"},"modified":"2025-03-20T15:58:27","modified_gmt":"2025-03-20T14:58:27","slug":"jalki-vonde-pro-sovellukselle","status":"publish","type":"page","link":"https:\/\/vondetech.com\/fi\/jalki-vonde-pro-sovellukselle\/","title":{"rendered":"J\u00e4lki Vonde Pro -sovellukselle"},"content":{"rendered":"<div class=\"wpb-content-wrapper\"><p>[vc_row][vc_column][vc_empty_space][vc_column_text el_class=&#8221;legal-text&#8221;]<strong>Yrityksen tiedot:<\/strong><\/p>\n<p>Vonde Technology<\/p>\n<p><strong>Tietoja Vonde Technology LLC:st\u00e4:<\/strong><\/p>\n<p>Vonde Pro App on innovatiivinen mobiilisovellus, joka on kehitetty ja jota k\u00e4ytet\u00e4\u00e4n kahden tahon yhteisty\u00f6n\u00e4:<\/p>\n<ul>\n<li>Vonde Technology LLC (Yhdysvallat) hallinnoi maailmanlaajuisia markkinoita ja kansainv\u00e4list\u00e4 laajentumista.<\/li>\n<li>KMAK Kelet-Magyarorsz\u00e1gi Adatk\u00f6zpont Kft. (Eurooppa, Unkari) vastaa kehitt\u00e4misest\u00e4 ja siihen liittyvist\u00e4 operatiivisista teht\u00e4vist\u00e4.<\/li>\n<\/ul>\n<p><strong>Toimii:<\/strong><\/p>\n<p>KMAK Kelet-Magyarorsz\u00e1gi Adatk\u00f6zpont Kft.<\/p>\n<p><strong>Rekister\u00f6ity osoite:<\/strong><\/p>\n<p>H-5000 Szolnok, Szap\u00e1ry utca 20. Unkari<\/p>\n<p><strong>Yhteystiedot:<\/strong><\/p>\n<p>S\u00e4hk\u00f6posti: info@vondetechnology.com<\/p>\n<p><strong>Toimitusjohtaja:<\/strong><\/p>\n<p>Laszlo Berta<\/p>\n<p><strong>Yrityksen rekister\u00f6inti:<\/strong><\/p>\n<p>D-U-N-S: 401605625<\/p>\n<p>Kirjaamo: [Tarjoa rekister\u00f6intituomioistuin, esim. Szolnokin alueellinen tuomioistuin].<\/p>\n<p><strong>ALV-tunnistenumero:<\/strong><\/p>\n<p>HU24373427<\/p>\n<p><strong>Tietosuojavastaava:<\/strong><\/p>\n<p>Tietosuojaan liittyviss\u00e4 tiedusteluissa ota yhteytt\u00e4 tietosuojavastaavaamme osoitteeseen:<\/p>\n<p>S\u00e4hk\u00f6posti: info@vondetechnology.com<\/p>\n<p><strong>Vastuuvapauslauseke:<\/strong><\/p>\n<p>Sis\u00e4ll\u00f6n huolellisesta seurannasta huolimatta emme ota vastuuta ulkoisten linkkien sis\u00e4ll\u00f6st\u00e4. Linkitettyjen sivujen yll\u00e4pit\u00e4j\u00e4t ovat yksin vastuussa niiden sis\u00e4ll\u00f6st\u00e4. <\/p>\n<p><strong>Riitojen ratkaiseminen:<\/strong><\/p>\n<p>EU:n s\u00e4\u00e4nn\u00f6sten mukaisesti riidat voidaan ratkaista EU:n komission verkkov\u00e4litteisen riidanratkaisufoorumin kautta: http:\/\/ec.europa.eu\/consumers\/odr.<\/p>\n<p><strong>Yhteystiedot:<\/strong><\/p>\n<p>Yleiset tiedustelut:<\/p>\n<p>S\u00e4hk\u00f6posti: info@vondetechnology.com<\/p>\n<p>T\u00e4m\u00e4 Impresszum noudattaa EU:n s\u00e4\u00e4nn\u00f6ksi\u00e4 ja standardeja, joita sovelletaan Euroopan unionin markkinoilla toimiviin kaupallisiin yksik\u00f6ihin.[\/vc_column_text][\/vc_column][\/vc_row]<\/p>\n<\/div>","protected":false},"excerpt":{"rendered":"<p>[vc_row][vc_column][vc_empty_space][vc_column_text el_class=&#8221;legal-text&#8221;]Yrityksen tiedot: Vonde Technology Tietoja Vonde Technology LLC:st\u00e4: Vonde Pro App on innovatiivinen mobiilisovellus, joka on kehitetty ja jota k\u00e4ytet\u00e4\u00e4n kahden tahon yhteisty\u00f6n\u00e4: Vonde Technology LLC (Yhdysvallat) hallinnoi maailmanlaajuisia markkinoita ja kansainv\u00e4list\u00e4 laajentumista. KMAK Kelet-Magyarorsz\u00e1gi Adatk\u00f6zpont Kft. (Eurooppa, Unkari) vastaa kehitt\u00e4misest\u00e4 ja siihen liittyvist\u00e4 operatiivisista teht\u00e4vist\u00e4. Toimii: KMAK Kelet-Magyarorsz\u00e1gi Adatk\u00f6zpont Kft. Rekister\u00f6ity osoite: H-5000 [&hellip;]<\/p>\n","protected":false},"author":1,"featured_media":0,"parent":0,"menu_order":0,"comment_status":"closed","ping_status":"closed","template":"","meta":{"footnotes":""},"class_list":["post-20858","page","type-page","status-publish","hentry"],"yoast_head":"<!-- This site is optimized with the Yoast SEO plugin v24.7 - https:\/\/yoast.com\/wordpress\/plugins\/seo\/ -->\n<title>J\u00e4lki Vonde Pro -sovellukselle - Vondetech<\/title>\n<meta name=\"robots\" content=\"index, follow, max-snippet:-1, max-image-preview:large, max-video-preview:-1\" \/>\n<link rel=\"canonical\" href=\"https:\/\/vondetech.com\/fi\/jalki-vonde-pro-sovellukselle\/\" \/>\n<meta property=\"og:locale\" content=\"fi_FI\" \/>\n<meta property=\"og:type\" content=\"article\" \/>\n<meta property=\"og:title\" content=\"J\u00e4lki Vonde Pro -sovellukselle - Vondetech\" \/>\n<meta property=\"og:description\" content=\"[vc_row][vc_column][vc_empty_space][vc_column_text el_class=&#8221;legal-text&#8221;]Yrityksen tiedot: Vonde Technology Tietoja Vonde Technology LLC:st\u00e4: Vonde Pro App on innovatiivinen mobiilisovellus, joka on kehitetty ja jota k\u00e4ytet\u00e4\u00e4n kahden tahon yhteisty\u00f6n\u00e4: Vonde Technology LLC (Yhdysvallat) hallinnoi maailmanlaajuisia markkinoita ja kansainv\u00e4list\u00e4 laajentumista. KMAK Kelet-Magyarorsz\u00e1gi Adatk\u00f6zpont Kft. (Eurooppa, Unkari) vastaa kehitt\u00e4misest\u00e4 ja siihen liittyvist\u00e4 operatiivisista teht\u00e4vist\u00e4. Toimii: KMAK Kelet-Magyarorsz\u00e1gi Adatk\u00f6zpont Kft. Rekister\u00f6ity osoite: H-5000 [&hellip;]\" \/>\n<meta property=\"og:url\" content=\"https:\/\/vondetech.com\/fi\/jalki-vonde-pro-sovellukselle\/\" \/>\n<meta property=\"og:site_name\" content=\"Vondetech\" \/>\n<meta property=\"article:modified_time\" content=\"2025-03-20T14:58:27+00:00\" \/>\n<meta name=\"twitter:card\" content=\"summary_large_image\" \/>\n<meta name=\"twitter:label1\" content=\"Arvioitu lukuaika\" \/>\n\t<meta name=\"twitter:data1\" content=\"1 minuutti\" \/>\n<script type=\"application\/ld+json\" class=\"yoast-schema-graph\">{\"@context\":\"https:\/\/schema.org\",\"@graph\":[{\"@type\":\"WebPage\",\"@id\":\"https:\/\/vondetech.com\/fi\/jalki-vonde-pro-sovellukselle\/\",\"url\":\"https:\/\/vondetech.com\/fi\/jalki-vonde-pro-sovellukselle\/\",\"name\":\"J\u00e4lki Vonde Pro -sovellukselle - Vondetech\",\"isPartOf\":{\"@id\":\"https:\/\/vondetech.com\/fi\/#website\"},\"datePublished\":\"2025-03-19T08:20:16+00:00\",\"dateModified\":\"2025-03-20T14:58:27+00:00\",\"breadcrumb\":{\"@id\":\"https:\/\/vondetech.com\/fi\/jalki-vonde-pro-sovellukselle\/#breadcrumb\"},\"inLanguage\":\"fi\",\"potentialAction\":[{\"@type\":\"ReadAction\",\"target\":[\"https:\/\/vondetech.com\/fi\/jalki-vonde-pro-sovellukselle\/\"]}]},{\"@type\":\"BreadcrumbList\",\"@id\":\"https:\/\/vondetech.com\/fi\/jalki-vonde-pro-sovellukselle\/#breadcrumb\",\"itemListElement\":[{\"@type\":\"ListItem\",\"position\":1,\"name\":\"Kotiin\",\"item\":\"https:\/\/vondetech.com\/fi\/kotiin\/\"},{\"@type\":\"ListItem\",\"position\":2,\"name\":\"J\u00e4lki Vonde Pro -sovellukselle\"}]},{\"@type\":\"WebSite\",\"@id\":\"https:\/\/vondetech.com\/fi\/#website\",\"url\":\"https:\/\/vondetech.com\/fi\/\",\"name\":\"Vondetech\",\"description\":\"\",\"potentialAction\":[{\"@type\":\"SearchAction\",\"target\":{\"@type\":\"EntryPoint\",\"urlTemplate\":\"https:\/\/vondetech.com\/fi\/?s={search_term_string}\"},\"query-input\":{\"@type\":\"PropertyValueSpecification\",\"valueRequired\":true,\"valueName\":\"search_term_string\"}}],\"inLanguage\":\"fi\"}]}<\/script>\n<!-- \/ Yoast SEO plugin. -->","yoast_head_json":{"title":"J\u00e4lki Vonde Pro -sovellukselle - Vondetech","robots":{"index":"index","follow":"follow","max-snippet":"max-snippet:-1","max-image-preview":"max-image-preview:large","max-video-preview":"max-video-preview:-1"},"canonical":"https:\/\/vondetech.com\/fi\/jalki-vonde-pro-sovellukselle\/","og_locale":"fi_FI","og_type":"article","og_title":"J\u00e4lki Vonde Pro -sovellukselle - Vondetech","og_description":"[vc_row][vc_column][vc_empty_space][vc_column_text el_class=&#8221;legal-text&#8221;]Yrityksen tiedot: Vonde Technology Tietoja Vonde Technology LLC:st\u00e4: Vonde Pro App on innovatiivinen mobiilisovellus, joka on kehitetty ja jota k\u00e4ytet\u00e4\u00e4n kahden tahon yhteisty\u00f6n\u00e4: Vonde Technology LLC (Yhdysvallat) hallinnoi maailmanlaajuisia markkinoita ja kansainv\u00e4list\u00e4 laajentumista. KMAK Kelet-Magyarorsz\u00e1gi Adatk\u00f6zpont Kft. (Eurooppa, Unkari) vastaa kehitt\u00e4misest\u00e4 ja siihen liittyvist\u00e4 operatiivisista teht\u00e4vist\u00e4. Toimii: KMAK Kelet-Magyarorsz\u00e1gi Adatk\u00f6zpont Kft. Rekister\u00f6ity osoite: H-5000 [&hellip;]","og_url":"https:\/\/vondetech.com\/fi\/jalki-vonde-pro-sovellukselle\/","og_site_name":"Vondetech","article_modified_time":"2025-03-20T14:58:27+00:00","twitter_card":"summary_large_image","twitter_misc":{"Arvioitu lukuaika":"1 minuutti"},"schema":{"@context":"https:\/\/schema.org","@graph":[{"@type":"WebPage","@id":"https:\/\/vondetech.com\/fi\/jalki-vonde-pro-sovellukselle\/","url":"https:\/\/vondetech.com\/fi\/jalki-vonde-pro-sovellukselle\/","name":"J\u00e4lki Vonde Pro -sovellukselle - Vondetech","isPartOf":{"@id":"https:\/\/vondetech.com\/fi\/#website"},"datePublished":"2025-03-19T08:20:16+00:00","dateModified":"2025-03-20T14:58:27+00:00","breadcrumb":{"@id":"https:\/\/vondetech.com\/fi\/jalki-vonde-pro-sovellukselle\/#breadcrumb"},"inLanguage":"fi","potentialAction":[{"@type":"ReadAction","target":["https:\/\/vondetech.com\/fi\/jalki-vonde-pro-sovellukselle\/"]}]},{"@type":"BreadcrumbList","@id":"https:\/\/vondetech.com\/fi\/jalki-vonde-pro-sovellukselle\/#breadcrumb","itemListElement":[{"@type":"ListItem","position":1,"name":"Kotiin","item":"https:\/\/vondetech.com\/fi\/kotiin\/"},{"@type":"ListItem","position":2,"name":"J\u00e4lki Vonde Pro -sovellukselle"}]},{"@type":"WebSite","@id":"https:\/\/vondetech.com\/fi\/#website","url":"https:\/\/vondetech.com\/fi\/","name":"Vondetech","description":"","potentialAction":[{"@type":"SearchAction","target":{"@type":"EntryPoint","urlTemplate":"https:\/\/vondetech.com\/fi\/?s={search_term_string}"},"query-input":{"@type":"PropertyValueSpecification","valueRequired":true,"valueName":"search_term_string"}}],"inLanguage":"fi"}]}},"_links":{"self":[{"href":"https:\/\/vondetech.com\/fi\/wp-json\/wp\/v2\/pages\/20858","targetHints":{"allow":["GET"]}}],"collection":[{"href":"https:\/\/vondetech.com\/fi\/wp-json\/wp\/v2\/pages"}],"about":[{"href":"https:\/\/vondetech.com\/fi\/wp-json\/wp\/v2\/types\/page"}],"author":[{"embeddable":true,"href":"https:\/\/vondetech.com\/fi\/wp-json\/wp\/v2\/users\/1"}],"replies":[{"embeddable":true,"href":"https:\/\/vondetech.com\/fi\/wp-json\/wp\/v2\/comments?post=20858"}],"version-history":[{"count":8,"href":"https:\/\/vondetech.com\/fi\/wp-json\/wp\/v2\/pages\/20858\/revisions"}],"predecessor-version":[{"id":20900,"href":"https:\/\/vondetech.com\/fi\/wp-json\/wp\/v2\/pages\/20858\/revisions\/20900"}],"wp:attachment":[{"href":"https:\/\/vondetech.com\/fi\/wp-json\/wp\/v2\/media?parent=20858"}],"curies":[{"name":"wp","href":"https:\/\/api.w.org\/{rel}","templated":true}]}}