{"id":20824,"date":"2025-03-19T09:19:24","date_gmt":"2025-03-19T08:19:24","guid":{"rendered":"https:\/\/vondetech.com\/eula\/"},"modified":"2025-03-20T15:50:17","modified_gmt":"2025-03-20T14:50:17","slug":"eula","status":"publish","type":"page","link":"https:\/\/vondetech.com\/fi\/eula\/","title":{"rendered":"EULA"},"content":{"rendered":"<div class=\"wpb-content-wrapper\"><p>[vc_row][vc_column][vc_empty_space][vc_column_text el_class=&#8221;legal-text&#8221;]<strong>T\u00c4RKE\u00c4\u00c4 &#8211; LUE HUOMIOITAVAA:<\/strong> T\u00e4m\u00e4 loppuk\u00e4ytt\u00e4j\u00e4n lisenssisopimus (&#8220;EULA&#8221;) on laillinen sopimus sinun (&#8220;Lisenssinhaltija&#8221; tai &#8220;sin\u00e4&#8221;) ja KMAK Kelet-Magyarorsz\u00e1gi Adatk\u00f6zpont Kft. v\u00e4lill\u00e4. (&#8220;Lisenssinantaja&#8221; tai &#8220;me&#8221;) v\u00e4lill\u00e4 Vonde Pro App -ohjelmistosovelluksen (&#8220;Sovellus&#8221;) osalta. Asentamalla, kopioimalla tai muulla tavoin k\u00e4ytt\u00e4m\u00e4ll\u00e4 Sovellusta sitoudut noudattamaan t\u00e4m\u00e4n EULA:n ehtoja. Jos et hyv\u00e4ksy t\u00e4m\u00e4n EULA:n ehtoja, \u00e4l\u00e4 asenna tai k\u00e4yt\u00e4 Sovellusta.   <\/p>\n<ol>\n<li><strong>  Lisenssin my\u00f6nt\u00e4minen:<\/strong><\/li>\n<\/ol>\n<p>Lisenssinantaja my\u00f6nt\u00e4\u00e4 sinulle rajoitetun, ei-yksinomaisen, ei-siirrett\u00e4viss\u00e4 olevan ja peruutettavissa olevan lisenssin k\u00e4ytt\u00e4\u00e4 Sovellusta yhdell\u00e4 mobiililaitteella henkil\u00f6kohtaiseen, ei-kaupalliseen k\u00e4ytt\u00f6\u00f6n.<\/p>\n<ol start=\"2\">\n<li><strong>  Rajoitukset:<\/strong><\/li>\n<\/ol>\n<p>Et saa:<\/p>\n<ul>\n<li>Muokata, mukauttaa tai k\u00e4\u00e4nt\u00e4\u00e4 sovellusta tai yritt\u00e4\u00e4 johtaa sen l\u00e4hdekoodia.<\/li>\n<li>k\u00e4ytt\u00e4\u00e4 Sovellusta kaupallisesti tai myyd\u00e4, jakaa, vuokrata, alilisensoida, vuokrata, lainata tai muulla tavoin siirt\u00e4\u00e4 Sovellusta kolmansille osapuolille.<\/li>\n<li>poistaa, muuttaa tai peitt\u00e4\u00e4 tekij\u00e4noikeus-, tavaramerkki- tai muita omistusoikeuksia koskevia ilmoituksia.<\/li>\n<li>K\u00e4yt\u00e4 Sovellusta mill\u00e4\u00e4n tavalla, joka rikkoo sovellettavia lakeja tai m\u00e4\u00e4r\u00e4yksi\u00e4, loukkaa muiden immateriaalioikeuksia tai yritt\u00e4\u00e4 kiert\u00e4\u00e4 Sovelluksen turvatoimia.<\/li>\n<li>K\u00e4yt\u00e4 Sovellusta laittomaan toimintaan, mukaan lukien mutta ei rajoittuen laittoman materiaalin l\u00e4hett\u00e4minen tai tallentaminen tai osallistuminen toimintaan, joka voi vahingoittaa, poistaa k\u00e4yt\u00f6st\u00e4, ylikuormittaa tai heikent\u00e4\u00e4 Sovellusta tai sen palveluita.<\/li>\n<\/ul>\n<ol start=\"3\">\n<li><strong>  Omistus:<\/strong><\/li>\n<\/ol>\n<p>Sovellus on Lisenssinantajan omistuksessa, ja sit\u00e4 suojaavat tekij\u00e4noikeudet ja muut immateriaalioikeuksia koskevat lait. Lisenssi ei anna mit\u00e4\u00e4n omistusoikeutta Appiin. <\/p>\n<ol start=\"4\">\n<li><strong>  Yksityisyys:<\/strong><\/li>\n<\/ol>\n<p>Sovelluksen k\u00e4ytt\u00f6\u00f6n sovelletaan tietosuojak\u00e4yt\u00e4nt\u00f6\u00e4mme, jossa kuvataan yksityiskohtaisesti tietojen keruu-, k\u00e4sittely- ja suojausk\u00e4yt\u00e4nt\u00f6mme. K\u00e4ytt\u00e4m\u00e4ll\u00e4 Sovellusta hyv\u00e4ksyt tietosuojak\u00e4yt\u00e4nn\u00f6ss\u00e4 esitetyt ehdot. L\u00f6yd\u00e4t tietosuojak\u00e4yt\u00e4nt\u00f6mme osoitteesta:    [Link to Privacy Policy]<\/p>\n<ol start=\"5\">\n<li><strong>  Vastuuvapauslauseke:<\/strong><\/li>\n<\/ol>\n<p>Sovellus tarjotaan &#8220;sellaisena kuin se on&#8221; ja &#8220;sellaisena kuin se on saatavilla&#8221; ilman mink\u00e4\u00e4nlaisia takuita. Vonde Technology kielt\u00e4ytyy kaikista takuista, olivatpa ne sitten nimenomaisia, ep\u00e4suoria, lakis\u00e4\u00e4teisi\u00e4 tai muita, mukaan lukien, mutta ei rajoittuen, ep\u00e4suorat takuut myyntikelpoisuudesta, soveltuvuudesta tiettyyn tarkoitukseen, loukkaamattomuudesta ja kaikista takuista, jotka johtuvat kaupank\u00e4ynnin kulusta tai kauppatavan k\u00e4yt\u00f6st\u00e4. <\/p>\n<ol start=\"6\">\n<li><strong>  Vastuun rajoittaminen:<\/strong><\/li>\n<\/ol>\n<p>Sovellettavan lain sallimissa rajoissa Vonde Technology ei miss\u00e4\u00e4n tapauksessa ole vastuussa mist\u00e4\u00e4n ep\u00e4suorista, satunnaisista, erityisist\u00e4, v\u00e4lillisist\u00e4 tai rangaistusluonteisista vahingoista (mukaan lukien rajoituksetta voiton, tietojen tai k\u00e4yt\u00f6n menetyksest\u00e4 aiheutuvat vahingot), jotka johtuvat tai liittyv\u00e4t sovelluksen k\u00e4ytt\u00f6\u00f6n tai kyvytt\u00f6myyteen k\u00e4ytt\u00e4\u00e4 sovellusta, vaikka Vonde Technologylle olisi ilmoitettu t\u00e4llaisten vahinkojen mahdollisuudesta. Vonde Technologyn kokonaisvastuu sinua kohtaan kaikista vaatimuksista, jotka johtuvat t\u00e4st\u00e4 EULA:sta tai Sovelluksesta tai liittyv\u00e4t siihen, rajoittuu summaan, jonka olet mahdollisesti maksanut Sovelluksen k\u00e4yt\u00f6st\u00e4. <\/p>\n<ol start=\"7\">\n<li><strong>  Vahingonkorvaus:<\/strong><\/li>\n<\/ol>\n<p>Sitoudut vapauttamaan Vonde Technologyn, sen tyt\u00e4ryhti\u00f6t, ty\u00f6ntekij\u00e4t, johtajat ja edustajat kaikista vaatimuksista, vahingoista, vastuista, menetyksist\u00e4 tai kuluista (mukaan lukien kohtuulliset asianajopalkkiot), jotka aiheutuvat sovelluksen v\u00e4\u00e4rink\u00e4yt\u00f6st\u00e4si, t\u00e4m\u00e4n EULA:n rikkomisesta tai mink\u00e4 tahansa luonnollisen henkil\u00f6n tai oikeushenkil\u00f6n immateriaalioikeuksien tai muiden oikeuksien loukkaamisesta.<\/p>\n<ol start=\"8\">\n<li><strong>  Lopettaminen:<\/strong><\/li>\n<\/ol>\n<p>T\u00e4m\u00e4 EULA on voimassa, kunnes k\u00e4ytt\u00e4j\u00e4 tai lisenssinantaja irtisanoo sen. Lisenssinantaja voi irtisanoa t\u00e4m\u00e4n EULA:n milloin tahansa, jos et noudata t\u00e4m\u00e4n EULA:n ehtoja. Irtisanomisen j\u00e4lkeen sinun on lopetettava kaikenlainen Sovelluksen k\u00e4ytt\u00f6 ja tuhottava kaikki Sovelluksen t\u00e4ydelliset tai osittaiset kopiot.  <\/p>\n<ol start=\"9\">\n<li><strong>  Sovellettava laki:<\/strong><\/li>\n<\/ol>\n<p>T\u00e4h\u00e4n EULA:han sovelletaan Unkarin lakeja ja sit\u00e4 tulkitaan Unkarin lakien mukaisesti. Kaikki t\u00e4st\u00e4 EULA:sta johtuvat tai siihen liittyv\u00e4t riidat kuuluvat Budapestin, Unkarin, tuomioistuinten yksinomaiseen toimivaltaan. <\/p>\n<ol start=\"10\">\n<li><strong>  Muutokset t\u00e4h\u00e4n EULA:han:<\/strong><\/li>\n<\/ol>\n<p>Pid\u00e4t\u00e4mme oikeuden p\u00e4ivitt\u00e4\u00e4 tai muuttaa t\u00e4t\u00e4 EULA:ta m\u00e4\u00e4r\u00e4ajoin. Olennaisista muutoksista ilmoitetaan sinulle sovelluksen ilmoituksilla, rekister\u00f6idyll\u00e4 s\u00e4hk\u00f6postilla tai julkaisemalla ilmoitus sovelluksessa tai verkkosivustollamme. Jos jatkat Sovelluksen k\u00e4ytt\u00f6\u00e4 t\u00e4llaisten muutosten j\u00e4lkeen, hyv\u00e4ksyt tarkistetun EULA:n.  <\/p>\n<ol start=\"11\">\n<li><strong>  Yhteystiedot:<\/strong><\/li>\n<\/ol>\n<p>Jos sinulla on kysytt\u00e4v\u00e4\u00e4 t\u00e4st\u00e4 EULA:sta tai muista siihen liittyvist\u00e4 asioista, ota meihin yhteytt\u00e4 osoitteeseen:<\/p>\n<p>KMAK Kelet-Magyarorsz\u00e1gi Adatk\u00f6zpont Kft.<\/p>\n<p>H-5000 Szolnok, Szap\u00e1ry utca 20.<\/p>\n<p>S\u00e4hk\u00f6posti: info@vondetechnology.com<\/p>\n<p>Verkkosivusto: https:\/\/www.vondetech.com<\/p>\n<ol start=\"12\">\n<li><strong>  Koko sopimus:<\/strong><\/li>\n<\/ol>\n<p>T\u00e4m\u00e4 EULA muodostaa sinun ja Lisenssinantajan v\u00e4lisen koko sovellusta koskevan sopimuksen, ja se korvaa kaiken aikaisemman tai samanaikaisen viestinn\u00e4n ja ehdotukset, olivatpa ne sitten suullisia tai kirjallisia.[\/vc_column_text][\/vc_column][\/vc_row]<\/p>\n<\/div>","protected":false},"excerpt":{"rendered":"<p>[vc_row][vc_column][vc_empty_space][vc_column_text el_class=&#8221;legal-text&#8221;]T\u00c4RKE\u00c4\u00c4 &#8211; LUE HUOMIOITAVAA: T\u00e4m\u00e4 loppuk\u00e4ytt\u00e4j\u00e4n lisenssisopimus (&#8220;EULA&#8221;) on laillinen sopimus sinun (&#8220;Lisenssinhaltija&#8221; tai &#8220;sin\u00e4&#8221;) ja KMAK Kelet-Magyarorsz\u00e1gi Adatk\u00f6zpont Kft. v\u00e4lill\u00e4. (&#8220;Lisenssinantaja&#8221; tai &#8220;me&#8221;) v\u00e4lill\u00e4 Vonde Pro App -ohjelmistosovelluksen (&#8220;Sovellus&#8221;) osalta. Asentamalla, kopioimalla tai muulla tavoin k\u00e4ytt\u00e4m\u00e4ll\u00e4 Sovellusta sitoudut noudattamaan t\u00e4m\u00e4n EULA:n ehtoja. Jos et hyv\u00e4ksy t\u00e4m\u00e4n EULA:n ehtoja, \u00e4l\u00e4 asenna tai k\u00e4yt\u00e4 Sovellusta. [&hellip;]<\/p>\n","protected":false},"author":1,"featured_media":0,"parent":0,"menu_order":0,"comment_status":"closed","ping_status":"closed","template":"","meta":{"footnotes":""},"class_list":["post-20824","page","type-page","status-publish","hentry"],"yoast_head":"<!-- This site is optimized with the Yoast SEO plugin v24.7 - https:\/\/yoast.com\/wordpress\/plugins\/seo\/ -->\n<title>EULA - Vondetech<\/title>\n<meta name=\"robots\" content=\"index, follow, max-snippet:-1, max-image-preview:large, max-video-preview:-1\" \/>\n<link rel=\"canonical\" href=\"https:\/\/vondetech.com\/fi\/eula\/\" \/>\n<meta property=\"og:locale\" content=\"fi_FI\" \/>\n<meta property=\"og:type\" content=\"article\" \/>\n<meta property=\"og:title\" content=\"EULA - Vondetech\" \/>\n<meta property=\"og:description\" content=\"[vc_row][vc_column][vc_empty_space][vc_column_text el_class=&#8221;legal-text&#8221;]T\u00c4RKE\u00c4\u00c4 &#8211; LUE HUOMIOITAVAA: T\u00e4m\u00e4 loppuk\u00e4ytt\u00e4j\u00e4n lisenssisopimus (&#8220;EULA&#8221;) on laillinen sopimus sinun (&#8220;Lisenssinhaltija&#8221; tai &#8220;sin\u00e4&#8221;) ja KMAK Kelet-Magyarorsz\u00e1gi Adatk\u00f6zpont Kft. v\u00e4lill\u00e4. (&#8220;Lisenssinantaja&#8221; tai &#8220;me&#8221;) v\u00e4lill\u00e4 Vonde Pro App -ohjelmistosovelluksen (&#8220;Sovellus&#8221;) osalta. Asentamalla, kopioimalla tai muulla tavoin k\u00e4ytt\u00e4m\u00e4ll\u00e4 Sovellusta sitoudut noudattamaan t\u00e4m\u00e4n EULA:n ehtoja. Jos et hyv\u00e4ksy t\u00e4m\u00e4n EULA:n ehtoja, \u00e4l\u00e4 asenna tai k\u00e4yt\u00e4 Sovellusta. [&hellip;]\" \/>\n<meta property=\"og:url\" content=\"https:\/\/vondetech.com\/fi\/eula\/\" \/>\n<meta property=\"og:site_name\" content=\"Vondetech\" \/>\n<meta property=\"article:modified_time\" content=\"2025-03-20T14:50:17+00:00\" \/>\n<meta name=\"twitter:card\" content=\"summary_large_image\" \/>\n<meta name=\"twitter:label1\" content=\"Arvioitu lukuaika\" \/>\n\t<meta name=\"twitter:data1\" content=\"4 minuuttia\" \/>\n<script type=\"application\/ld+json\" class=\"yoast-schema-graph\">{\"@context\":\"https:\/\/schema.org\",\"@graph\":[{\"@type\":\"WebPage\",\"@id\":\"https:\/\/vondetech.com\/fi\/eula\/\",\"url\":\"https:\/\/vondetech.com\/fi\/eula\/\",\"name\":\"EULA - Vondetech\",\"isPartOf\":{\"@id\":\"https:\/\/vondetech.com\/fi\/#website\"},\"datePublished\":\"2025-03-19T08:19:24+00:00\",\"dateModified\":\"2025-03-20T14:50:17+00:00\",\"breadcrumb\":{\"@id\":\"https:\/\/vondetech.com\/fi\/eula\/#breadcrumb\"},\"inLanguage\":\"fi\",\"potentialAction\":[{\"@type\":\"ReadAction\",\"target\":[\"https:\/\/vondetech.com\/fi\/eula\/\"]}]},{\"@type\":\"BreadcrumbList\",\"@id\":\"https:\/\/vondetech.com\/fi\/eula\/#breadcrumb\",\"itemListElement\":[{\"@type\":\"ListItem\",\"position\":1,\"name\":\"Kotiin\",\"item\":\"https:\/\/vondetech.com\/fi\/kotiin\/\"},{\"@type\":\"ListItem\",\"position\":2,\"name\":\"EULA\"}]},{\"@type\":\"WebSite\",\"@id\":\"https:\/\/vondetech.com\/fi\/#website\",\"url\":\"https:\/\/vondetech.com\/fi\/\",\"name\":\"Vondetech\",\"description\":\"\",\"potentialAction\":[{\"@type\":\"SearchAction\",\"target\":{\"@type\":\"EntryPoint\",\"urlTemplate\":\"https:\/\/vondetech.com\/fi\/?s={search_term_string}\"},\"query-input\":{\"@type\":\"PropertyValueSpecification\",\"valueRequired\":true,\"valueName\":\"search_term_string\"}}],\"inLanguage\":\"fi\"}]}<\/script>\n<!-- \/ Yoast SEO plugin. -->","yoast_head_json":{"title":"EULA - Vondetech","robots":{"index":"index","follow":"follow","max-snippet":"max-snippet:-1","max-image-preview":"max-image-preview:large","max-video-preview":"max-video-preview:-1"},"canonical":"https:\/\/vondetech.com\/fi\/eula\/","og_locale":"fi_FI","og_type":"article","og_title":"EULA - Vondetech","og_description":"[vc_row][vc_column][vc_empty_space][vc_column_text el_class=&#8221;legal-text&#8221;]T\u00c4RKE\u00c4\u00c4 &#8211; LUE HUOMIOITAVAA: T\u00e4m\u00e4 loppuk\u00e4ytt\u00e4j\u00e4n lisenssisopimus (&#8220;EULA&#8221;) on laillinen sopimus sinun (&#8220;Lisenssinhaltija&#8221; tai &#8220;sin\u00e4&#8221;) ja KMAK Kelet-Magyarorsz\u00e1gi Adatk\u00f6zpont Kft. v\u00e4lill\u00e4. (&#8220;Lisenssinantaja&#8221; tai &#8220;me&#8221;) v\u00e4lill\u00e4 Vonde Pro App -ohjelmistosovelluksen (&#8220;Sovellus&#8221;) osalta. Asentamalla, kopioimalla tai muulla tavoin k\u00e4ytt\u00e4m\u00e4ll\u00e4 Sovellusta sitoudut noudattamaan t\u00e4m\u00e4n EULA:n ehtoja. Jos et hyv\u00e4ksy t\u00e4m\u00e4n EULA:n ehtoja, \u00e4l\u00e4 asenna tai k\u00e4yt\u00e4 Sovellusta. [&hellip;]","og_url":"https:\/\/vondetech.com\/fi\/eula\/","og_site_name":"Vondetech","article_modified_time":"2025-03-20T14:50:17+00:00","twitter_card":"summary_large_image","twitter_misc":{"Arvioitu lukuaika":"4 minuuttia"},"schema":{"@context":"https:\/\/schema.org","@graph":[{"@type":"WebPage","@id":"https:\/\/vondetech.com\/fi\/eula\/","url":"https:\/\/vondetech.com\/fi\/eula\/","name":"EULA - Vondetech","isPartOf":{"@id":"https:\/\/vondetech.com\/fi\/#website"},"datePublished":"2025-03-19T08:19:24+00:00","dateModified":"2025-03-20T14:50:17+00:00","breadcrumb":{"@id":"https:\/\/vondetech.com\/fi\/eula\/#breadcrumb"},"inLanguage":"fi","potentialAction":[{"@type":"ReadAction","target":["https:\/\/vondetech.com\/fi\/eula\/"]}]},{"@type":"BreadcrumbList","@id":"https:\/\/vondetech.com\/fi\/eula\/#breadcrumb","itemListElement":[{"@type":"ListItem","position":1,"name":"Kotiin","item":"https:\/\/vondetech.com\/fi\/kotiin\/"},{"@type":"ListItem","position":2,"name":"EULA"}]},{"@type":"WebSite","@id":"https:\/\/vondetech.com\/fi\/#website","url":"https:\/\/vondetech.com\/fi\/","name":"Vondetech","description":"","potentialAction":[{"@type":"SearchAction","target":{"@type":"EntryPoint","urlTemplate":"https:\/\/vondetech.com\/fi\/?s={search_term_string}"},"query-input":{"@type":"PropertyValueSpecification","valueRequired":true,"valueName":"search_term_string"}}],"inLanguage":"fi"}]}},"_links":{"self":[{"href":"https:\/\/vondetech.com\/fi\/wp-json\/wp\/v2\/pages\/20824","targetHints":{"allow":["GET"]}}],"collection":[{"href":"https:\/\/vondetech.com\/fi\/wp-json\/wp\/v2\/pages"}],"about":[{"href":"https:\/\/vondetech.com\/fi\/wp-json\/wp\/v2\/types\/page"}],"author":[{"embeddable":true,"href":"https:\/\/vondetech.com\/fi\/wp-json\/wp\/v2\/users\/1"}],"replies":[{"embeddable":true,"href":"https:\/\/vondetech.com\/fi\/wp-json\/wp\/v2\/comments?post=20824"}],"version-history":[{"count":2,"href":"https:\/\/vondetech.com\/fi\/wp-json\/wp\/v2\/pages\/20824\/revisions"}],"predecessor-version":[{"id":20836,"href":"https:\/\/vondetech.com\/fi\/wp-json\/wp\/v2\/pages\/20824\/revisions\/20836"}],"wp:attachment":[{"href":"https:\/\/vondetech.com\/fi\/wp-json\/wp\/v2\/media?parent=20824"}],"curies":[{"name":"wp","href":"https:\/\/api.w.org\/{rel}","templated":true}]}}