{"id":20602,"date":"2025-03-19T09:18:12","date_gmt":"2025-03-19T08:18:12","guid":{"rendered":"https:\/\/vondetech.com\/vonde-pro-mobile-sovelluksen-evastekaytanto\/"},"modified":"2025-07-02T13:01:42","modified_gmt":"2025-07-02T11:01:42","slug":"vonde-pro-mobile-sovelluksen-evastekaytanto","status":"publish","type":"page","link":"https:\/\/vondetech.com\/fi\/vonde-pro-mobile-sovelluksen-evastekaytanto\/","title":{"rendered":"Vonde Pro Mobile -sovelluksen ev\u00e4stek\u00e4yt\u00e4nt\u00f6"},"content":{"rendered":"<div class=\"wpb-content-wrapper\"><p>[vc_row][vc_column][vc_empty_space][vc_column_text el_class=&#8221;legal-text&#8221;]<strong>Voimaantulop\u00e4iv\u00e4:<\/strong> 2025<\/p>\n<ol>\n<li><strong>  Johdanto<\/strong><\/li>\n<\/ol>\n<p>T\u00e4m\u00e4 ev\u00e4stek\u00e4yt\u00e4nt\u00f6 selitt\u00e4\u00e4, miten Vonde Technology (&#8220;me&#8221; tai &#8220;meid\u00e4n&#8221;) k\u00e4ytt\u00e4\u00e4 ev\u00e4steit\u00e4 ja muita vastaavia tekniikoita Vonde Pro -mobiilisovelluksessa (&#8220;Sovellus&#8221;). T\u00e4m\u00e4 k\u00e4yt\u00e4nt\u00f6 koskee erityisesti Sovellusta ja eroaa verkkosivustoomme sovellettavasta ev\u00e4stek\u00e4yt\u00e4nn\u00f6st\u00e4. <\/p>\n<ol start=\"2\">\n<li><strong>  Mit\u00e4 ovat ev\u00e4steet ja seurantatekniikat?<\/strong><\/li>\n<\/ol>\n<p>Mobiilisovellusten ev\u00e4steet ja seurantatekniikat sis\u00e4lt\u00e4v\u00e4t laitetunnisteita, pikseleit\u00e4 ja paikallista tallennusta, jotka ker\u00e4\u00e4v\u00e4t ja tallentavat tietoja laitteestasi ja sovelluksen k\u00e4yt\u00f6st\u00e4.<\/p>\n<ol start=\"3\">\n<li><strong>  K\u00e4ytt\u00e4miemme ev\u00e4steiden ja seurantateknologioiden tyypit<\/strong><\/li>\n<\/ol>\n<ul>\n<li><strong>Olennaiset teknologiat:<\/strong> N\u00e4m\u00e4 teknologiat ovat v\u00e4ltt\u00e4m\u00e4tt\u00f6mi\u00e4 sovelluksen ydintoimintojen, kuten k\u00e4ytt\u00e4j\u00e4n todennuksen, tietoturvaominaisuuksien ja sovelluksen suorituskyvyn, mahdollistamiseksi. N\u00e4m\u00e4 teknologiat eiv\u00e4t ker\u00e4\u00e4 henkil\u00f6tietoja. <\/li>\n<li><strong>Analyyttiset teknologiat:<\/strong> K\u00e4yt\u00e4mme Firebase Analyticsia, Firebase Performance Monitoringia ja Firebase Crashlyticsia k\u00e4ytt\u00e4jien vuorovaikutuksen analysointiin, kaatumisten diagnosointiin ja suorituskyvyn seurantaan sovelluksen laadun parantamiseksi. N\u00e4m\u00e4 teknologiat ker\u00e4\u00e4v\u00e4t anonymisoitua tietoa k\u00e4ytt\u00e4jien vuorovaikutuksesta, sovelluksen k\u00e4yt\u00f6st\u00e4 ja laitetiedoista, jotta voimme ymm\u00e4rt\u00e4\u00e4, miten k\u00e4ytt\u00e4j\u00e4t ovat vuorovaikutuksessa sovelluksen kanssa, ja tunnistaa alueita, joilla on parantamisen varaa. <\/li>\n<li><strong>Mainosteknologiat:<\/strong> Google AdMob ker\u00e4\u00e4 laitetunnisteita ja sovelluksen k\u00e4ytt\u00f6tietoja n\u00e4ytt\u00e4\u00e4kseen k\u00e4ytt\u00e4j\u00e4n kiinnostuksen kohteiden mukaan r\u00e4\u00e4t\u00e4l\u00f6ityj\u00e4 mainoksia. Google AdMob k\u00e4ytt\u00e4\u00e4 mainosten personoimiseen tekniikoita, kuten laitteen mainostunnusta. Voit hallita t\u00e4m\u00e4n tunnisteen k\u00e4ytt\u00f6\u00e4 laitteesi asetuksissa.  <\/li>\n<\/ul>\n<ol start=\"4\">\n<li><strong>  Seurantatekniikoiden k\u00e4ytt\u00f6tarkoitukset<\/strong><\/li>\n<\/ol>\n<p>Hy\u00f6dynn\u00e4mme n\u00e4it\u00e4 tekniikoita:<\/p>\n<ul>\n<li>Tarjoa olennainen sovelluksen toiminnallisuus.<\/li>\n<li>Seuraa ja paranna sovelluksen suorituskyky\u00e4 ja vakautta.<\/li>\n<li>Tarjoa henkil\u00f6kohtaisia mainoksia Google AdMobin kautta.<\/li>\n<li>Analysoi k\u00e4ytt\u00e4jien vuorovaikutusta k\u00e4ytt\u00e4j\u00e4kokemuksen parantamiseksi ja sovelluksen toimintojen optimoimiseksi.<\/li>\n<\/ul>\n<ol start=\"5\">\n<li><strong>  Ev\u00e4steiden ja asetusten hallinta<\/strong><\/li>\n<\/ol>\n<p>Voit hallita ev\u00e4steiden ja seurantatekniikoiden k\u00e4ytt\u00f6\u00e4 laitteesi asetusten kautta.<\/p>\n<ul>\n<li><strong>Android-laitteille:<\/strong> Voit kielt\u00e4yty\u00e4 henkil\u00f6kohtaisesta mainonnasta ottamalla laitteen asetuksissa k\u00e4ytt\u00f6\u00f6n kohdan &#8220;Mainosten henkil\u00f6kohtaisen mukauttamisen poistaminen&#8221;. Voit my\u00f6s hallita analytiikkatietojen ker\u00e4\u00e4mist\u00e4 laitteesi tietosuoja-asetuksissa. <\/li>\n<li><strong>iOS-laitteille:<\/strong> Voit rajoittaa mainosten seurantaa ottamalla k\u00e4ytt\u00f6\u00f6n &#8220;Limit Ad Tracking&#8221; (Mainosten seurannan rajoittaminen) laitteen asetuksissa. Voit my\u00f6s hallita analytiikkatietojen ker\u00e4\u00e4mist\u00e4 laitteesi tietosuoja-asetuksissa. <\/li>\n<li>Lis\u00e4tietoja yksityisyysasetusten hallinnasta on laitteen ohjeasiakirjoissa.<\/li>\n<\/ul>\n<p>Jotkin n\u00e4ist\u00e4 tekniikoista ovat istuntopohjaisia, eli ne poistetaan, kun suljet sovelluksen. Toiset ovat pysyvi\u00e4, eli ne pysyv\u00e4t laitteessasi pidemm\u00e4n aikaa. <\/p>\n<ol start=\"6\">\n<li><strong>  Kolmannen osapuolen palveluntarjoajat<\/strong><\/li>\n<\/ol>\n<p>K\u00e4yt\u00e4mme seuraavia kolmannen osapuolen palveluntarjoajia, jotka k\u00e4ytt\u00e4v\u00e4t ev\u00e4steit\u00e4 tai seurantatekniikoita:<\/p>\n<ul>\n<li><strong>Google Firebase:<\/strong> Firebase Analytics, Firebase Crashlytics ja Firebase Performance Monitoring. N\u00e4m\u00e4 palvelut k\u00e4ytt\u00e4v\u00e4t teknologioita ker\u00e4t\u00e4kseen ja k\u00e4sitell\u00e4kseen tietoja sovelluksen k\u00e4yt\u00f6st\u00e4si. Lis\u00e4tietoja Googlen tietosuojak\u00e4yt\u00e4nn\u00f6ist\u00e4 ja siit\u00e4, miten Google k\u00e4ytt\u00e4\u00e4 tietoja, on Googlen tietosuojak\u00e4yt\u00e4nn\u00f6ss\u00e4:    [Link to Google&#8217;s Privacy Policy]<\/li>\n<li><strong>Google AdMob:<\/strong> K\u00e4yt\u00e4mme Google AdMobia henkil\u00f6kohtaisten mainosten n\u00e4ytt\u00e4miseen sovelluksessa. Google AdMob k\u00e4ytt\u00e4\u00e4 tekniikoita ker\u00e4t\u00e4kseen ja k\u00e4sitell\u00e4kseen tietoja Sovelluksen k\u00e4yt\u00f6st\u00e4si ja laitteestasi. Lis\u00e4tietoja Googlen tietosuojak\u00e4yt\u00e4nn\u00f6ist\u00e4 ja siit\u00e4, miten Google k\u00e4ytt\u00e4\u00e4 tietoja, on Googlen tietosuojak\u00e4yt\u00e4nn\u00f6ss\u00e4:    [Link to Google&#8217;s Privacy Policy]<\/li>\n<\/ul>\n<p>Kaikki kolmannet osapuolet noudattavat tiukasti tietosuojanormeja ja k\u00e4sittelev\u00e4t tietoja ainoastaan kuvattuja tarkoituksia varten.<\/p>\n<ol start=\"7\">\n<li><strong>  Politiikan p\u00e4ivitykset<\/strong><\/li>\n<\/ol>\n<p>T\u00e4t\u00e4 ev\u00e4stek\u00e4yt\u00e4nt\u00f6\u00e4 saatetaan p\u00e4ivitt\u00e4\u00e4 m\u00e4\u00e4r\u00e4ajoin. Merkitt\u00e4vist\u00e4 muutoksista ilmoitetaan sovellusilmoituksilla tai s\u00e4hk\u00f6postitse. <\/p>\n<ol start=\"8\">\n<li><strong>  Yhteystiedot<\/strong><\/li>\n<\/ol>\n<p>Jos sinulla on t\u00e4t\u00e4 ev\u00e4stek\u00e4yt\u00e4nt\u00f6\u00e4 koskevia kysymyksi\u00e4 tai huolenaiheita, ota meihin yhteytt\u00e4:<\/p>\n<p>KMAK Kelet-Magyarorsz\u00e1gi Adatk\u00f6zpont Kft.<\/p>\n<p>H-5000 Szolnok, Szap\u00e1ry utca 20.<\/p>\n<p>S\u00e4hk\u00f6posti: info@vondetechnology.com<\/p>\n<p>K\u00e4ytt\u00e4m\u00e4ll\u00e4 Vonde Pro -sovellusta annat suostumuksesi ev\u00e4steiden ja seurantatekniikoiden k\u00e4ytt\u00f6\u00f6n t\u00e4ss\u00e4 ev\u00e4stek\u00e4yt\u00e4nn\u00f6ss\u00e4 kuvatulla tavalla.[\/vc_column_text][\/vc_column][\/vc_row]<\/p>\n<\/div>","protected":false},"excerpt":{"rendered":"<p>[vc_row][vc_column][vc_empty_space][vc_column_text el_class=&#8221;legal-text&#8221;]Voimaantulop\u00e4iv\u00e4: 2025 Johdanto T\u00e4m\u00e4 ev\u00e4stek\u00e4yt\u00e4nt\u00f6 selitt\u00e4\u00e4, miten Vonde Technology (&#8220;me&#8221; tai &#8220;meid\u00e4n&#8221;) k\u00e4ytt\u00e4\u00e4 ev\u00e4steit\u00e4 ja muita vastaavia tekniikoita Vonde Pro -mobiilisovelluksessa (&#8220;Sovellus&#8221;). T\u00e4m\u00e4 k\u00e4yt\u00e4nt\u00f6 koskee erityisesti Sovellusta ja eroaa verkkosivustoomme sovellettavasta ev\u00e4stek\u00e4yt\u00e4nn\u00f6st\u00e4. Mit\u00e4 ovat ev\u00e4steet ja seurantatekniikat? Mobiilisovellusten ev\u00e4steet ja seurantatekniikat sis\u00e4lt\u00e4v\u00e4t laitetunnisteita, pikseleit\u00e4 ja paikallista tallennusta, jotka ker\u00e4\u00e4v\u00e4t ja tallentavat tietoja laitteestasi ja [&hellip;]<\/p>\n","protected":false},"author":1,"featured_media":0,"parent":0,"menu_order":0,"comment_status":"closed","ping_status":"closed","template":"","meta":{"footnotes":""},"class_list":["post-20602","page","type-page","status-publish","hentry"],"yoast_head":"<!-- This site is optimized with the Yoast SEO plugin v24.7 - https:\/\/yoast.com\/wordpress\/plugins\/seo\/ -->\n<title>Vonde Pro Mobile -sovelluksen ev\u00e4stek\u00e4yt\u00e4nt\u00f6 - Vondetech<\/title>\n<meta name=\"robots\" content=\"index, follow, max-snippet:-1, max-image-preview:large, max-video-preview:-1\" \/>\n<link rel=\"canonical\" href=\"https:\/\/vondetech.com\/fi\/vonde-pro-mobile-sovelluksen-evastekaytanto\/\" \/>\n<meta property=\"og:locale\" content=\"fi_FI\" \/>\n<meta property=\"og:type\" content=\"article\" \/>\n<meta property=\"og:title\" content=\"Vonde Pro Mobile -sovelluksen ev\u00e4stek\u00e4yt\u00e4nt\u00f6 - Vondetech\" \/>\n<meta property=\"og:description\" content=\"[vc_row][vc_column][vc_empty_space][vc_column_text el_class=&#8221;legal-text&#8221;]Voimaantulop\u00e4iv\u00e4: 2025 Johdanto T\u00e4m\u00e4 ev\u00e4stek\u00e4yt\u00e4nt\u00f6 selitt\u00e4\u00e4, miten Vonde Technology (&#8220;me&#8221; tai &#8220;meid\u00e4n&#8221;) k\u00e4ytt\u00e4\u00e4 ev\u00e4steit\u00e4 ja muita vastaavia tekniikoita Vonde Pro -mobiilisovelluksessa (&#8220;Sovellus&#8221;). T\u00e4m\u00e4 k\u00e4yt\u00e4nt\u00f6 koskee erityisesti Sovellusta ja eroaa verkkosivustoomme sovellettavasta ev\u00e4stek\u00e4yt\u00e4nn\u00f6st\u00e4. Mit\u00e4 ovat ev\u00e4steet ja seurantatekniikat? Mobiilisovellusten ev\u00e4steet ja seurantatekniikat sis\u00e4lt\u00e4v\u00e4t laitetunnisteita, pikseleit\u00e4 ja paikallista tallennusta, jotka ker\u00e4\u00e4v\u00e4t ja tallentavat tietoja laitteestasi ja [&hellip;]\" \/>\n<meta property=\"og:url\" content=\"https:\/\/vondetech.com\/fi\/vonde-pro-mobile-sovelluksen-evastekaytanto\/\" \/>\n<meta property=\"og:site_name\" content=\"Vondetech\" \/>\n<meta property=\"article:modified_time\" content=\"2025-07-02T11:01:42+00:00\" \/>\n<meta name=\"twitter:card\" content=\"summary_large_image\" \/>\n<meta name=\"twitter:label1\" content=\"Arvioitu lukuaika\" \/>\n\t<meta name=\"twitter:data1\" content=\"3 minuuttia\" \/>\n<script type=\"application\/ld+json\" class=\"yoast-schema-graph\">{\"@context\":\"https:\/\/schema.org\",\"@graph\":[{\"@type\":\"WebPage\",\"@id\":\"https:\/\/vondetech.com\/fi\/vonde-pro-mobile-sovelluksen-evastekaytanto\/\",\"url\":\"https:\/\/vondetech.com\/fi\/vonde-pro-mobile-sovelluksen-evastekaytanto\/\",\"name\":\"Vonde Pro Mobile -sovelluksen ev\u00e4stek\u00e4yt\u00e4nt\u00f6 - Vondetech\",\"isPartOf\":{\"@id\":\"https:\/\/vondetech.com\/fi\/#website\"},\"datePublished\":\"2025-03-19T08:18:12+00:00\",\"dateModified\":\"2025-07-02T11:01:42+00:00\",\"breadcrumb\":{\"@id\":\"https:\/\/vondetech.com\/fi\/vonde-pro-mobile-sovelluksen-evastekaytanto\/#breadcrumb\"},\"inLanguage\":\"fi\",\"potentialAction\":[{\"@type\":\"ReadAction\",\"target\":[\"https:\/\/vondetech.com\/fi\/vonde-pro-mobile-sovelluksen-evastekaytanto\/\"]}]},{\"@type\":\"BreadcrumbList\",\"@id\":\"https:\/\/vondetech.com\/fi\/vonde-pro-mobile-sovelluksen-evastekaytanto\/#breadcrumb\",\"itemListElement\":[{\"@type\":\"ListItem\",\"position\":1,\"name\":\"Kotiin\",\"item\":\"https:\/\/vondetech.com\/fi\/kotiin\/\"},{\"@type\":\"ListItem\",\"position\":2,\"name\":\"Vonde Pro Mobile -sovelluksen ev\u00e4stek\u00e4yt\u00e4nt\u00f6\"}]},{\"@type\":\"WebSite\",\"@id\":\"https:\/\/vondetech.com\/fi\/#website\",\"url\":\"https:\/\/vondetech.com\/fi\/\",\"name\":\"Vondetech\",\"description\":\"\",\"potentialAction\":[{\"@type\":\"SearchAction\",\"target\":{\"@type\":\"EntryPoint\",\"urlTemplate\":\"https:\/\/vondetech.com\/fi\/?s={search_term_string}\"},\"query-input\":{\"@type\":\"PropertyValueSpecification\",\"valueRequired\":true,\"valueName\":\"search_term_string\"}}],\"inLanguage\":\"fi\"}]}<\/script>\n<!-- \/ Yoast SEO plugin. -->","yoast_head_json":{"title":"Vonde Pro Mobile -sovelluksen ev\u00e4stek\u00e4yt\u00e4nt\u00f6 - Vondetech","robots":{"index":"index","follow":"follow","max-snippet":"max-snippet:-1","max-image-preview":"max-image-preview:large","max-video-preview":"max-video-preview:-1"},"canonical":"https:\/\/vondetech.com\/fi\/vonde-pro-mobile-sovelluksen-evastekaytanto\/","og_locale":"fi_FI","og_type":"article","og_title":"Vonde Pro Mobile -sovelluksen ev\u00e4stek\u00e4yt\u00e4nt\u00f6 - Vondetech","og_description":"[vc_row][vc_column][vc_empty_space][vc_column_text el_class=&#8221;legal-text&#8221;]Voimaantulop\u00e4iv\u00e4: 2025 Johdanto T\u00e4m\u00e4 ev\u00e4stek\u00e4yt\u00e4nt\u00f6 selitt\u00e4\u00e4, miten Vonde Technology (&#8220;me&#8221; tai &#8220;meid\u00e4n&#8221;) k\u00e4ytt\u00e4\u00e4 ev\u00e4steit\u00e4 ja muita vastaavia tekniikoita Vonde Pro -mobiilisovelluksessa (&#8220;Sovellus&#8221;). T\u00e4m\u00e4 k\u00e4yt\u00e4nt\u00f6 koskee erityisesti Sovellusta ja eroaa verkkosivustoomme sovellettavasta ev\u00e4stek\u00e4yt\u00e4nn\u00f6st\u00e4. Mit\u00e4 ovat ev\u00e4steet ja seurantatekniikat? Mobiilisovellusten ev\u00e4steet ja seurantatekniikat sis\u00e4lt\u00e4v\u00e4t laitetunnisteita, pikseleit\u00e4 ja paikallista tallennusta, jotka ker\u00e4\u00e4v\u00e4t ja tallentavat tietoja laitteestasi ja [&hellip;]","og_url":"https:\/\/vondetech.com\/fi\/vonde-pro-mobile-sovelluksen-evastekaytanto\/","og_site_name":"Vondetech","article_modified_time":"2025-07-02T11:01:42+00:00","twitter_card":"summary_large_image","twitter_misc":{"Arvioitu lukuaika":"3 minuuttia"},"schema":{"@context":"https:\/\/schema.org","@graph":[{"@type":"WebPage","@id":"https:\/\/vondetech.com\/fi\/vonde-pro-mobile-sovelluksen-evastekaytanto\/","url":"https:\/\/vondetech.com\/fi\/vonde-pro-mobile-sovelluksen-evastekaytanto\/","name":"Vonde Pro Mobile -sovelluksen ev\u00e4stek\u00e4yt\u00e4nt\u00f6 - Vondetech","isPartOf":{"@id":"https:\/\/vondetech.com\/fi\/#website"},"datePublished":"2025-03-19T08:18:12+00:00","dateModified":"2025-07-02T11:01:42+00:00","breadcrumb":{"@id":"https:\/\/vondetech.com\/fi\/vonde-pro-mobile-sovelluksen-evastekaytanto\/#breadcrumb"},"inLanguage":"fi","potentialAction":[{"@type":"ReadAction","target":["https:\/\/vondetech.com\/fi\/vonde-pro-mobile-sovelluksen-evastekaytanto\/"]}]},{"@type":"BreadcrumbList","@id":"https:\/\/vondetech.com\/fi\/vonde-pro-mobile-sovelluksen-evastekaytanto\/#breadcrumb","itemListElement":[{"@type":"ListItem","position":1,"name":"Kotiin","item":"https:\/\/vondetech.com\/fi\/kotiin\/"},{"@type":"ListItem","position":2,"name":"Vonde Pro Mobile -sovelluksen ev\u00e4stek\u00e4yt\u00e4nt\u00f6"}]},{"@type":"WebSite","@id":"https:\/\/vondetech.com\/fi\/#website","url":"https:\/\/vondetech.com\/fi\/","name":"Vondetech","description":"","potentialAction":[{"@type":"SearchAction","target":{"@type":"EntryPoint","urlTemplate":"https:\/\/vondetech.com\/fi\/?s={search_term_string}"},"query-input":{"@type":"PropertyValueSpecification","valueRequired":true,"valueName":"search_term_string"}}],"inLanguage":"fi"}]}},"_links":{"self":[{"href":"https:\/\/vondetech.com\/fi\/wp-json\/wp\/v2\/pages\/20602","targetHints":{"allow":["GET"]}}],"collection":[{"href":"https:\/\/vondetech.com\/fi\/wp-json\/wp\/v2\/pages"}],"about":[{"href":"https:\/\/vondetech.com\/fi\/wp-json\/wp\/v2\/types\/page"}],"author":[{"embeddable":true,"href":"https:\/\/vondetech.com\/fi\/wp-json\/wp\/v2\/users\/1"}],"replies":[{"embeddable":true,"href":"https:\/\/vondetech.com\/fi\/wp-json\/wp\/v2\/comments?post=20602"}],"version-history":[{"count":6,"href":"https:\/\/vondetech.com\/fi\/wp-json\/wp\/v2\/pages\/20602\/revisions"}],"predecessor-version":[{"id":30448,"href":"https:\/\/vondetech.com\/fi\/wp-json\/wp\/v2\/pages\/20602\/revisions\/30448"}],"wp:attachment":[{"href":"https:\/\/vondetech.com\/fi\/wp-json\/wp\/v2\/media?parent=20602"}],"curies":[{"name":"wp","href":"https:\/\/api.w.org\/{rel}","templated":true}]}}