{"id":17529,"date":"2018-12-28T10:50:09","date_gmt":"2018-12-28T09:50:09","guid":{"rendered":"https:\/\/vondetech.com\/blogi\/"},"modified":"2024-12-10T13:31:15","modified_gmt":"2024-12-10T12:31:15","slug":"blogi","status":"publish","type":"page","link":"https:\/\/vondetech.com\/fi\/blogi\/","title":{"rendered":"Blogi"},"content":{"rendered":"<div class=\"wpb-content-wrapper\"><p>[vc_row][vc_column][vc_empty_space][vc_custom_heading text=&#8221;VONDETECH INSIGHTS BLOGI&#8221; font_container=&#8221;tag:h2|font_size:32px|text_align:center|color:%23b0358b&#8221; use_theme_fonts=&#8221;yes&#8221;][vc_custom_heading text=&#8221;Digitaalisen liiketoiminnan innovaatiot: t\u00e4m\u00e4n p\u00e4iv\u00e4n teknologiat tulevaisuutta varten&#8221; font_container=&#8221;tag:h2|font_size:24px|text_align:center|color:%23000000&#8243; use_theme_fonts=&#8221;yes&#8221;][vc_empty_space height=&#8221;10px&#8221;][vc_column_text]Tervetuloa &#8220;Digital Business Innovations: Today&#8217;s Technologies for the Future&#8221; -blogisivulle, jossa tuodaan esille viimeisin teknologinen kehitys ja niiden vaikutukset yritysmaailmaan. T\u00e4ll\u00e4 sivulla voit syventy\u00e4 monenlaisiin aiheisiin vallankumouksellisista digitaalisista ty\u00f6kaluista yritysviestinn\u00e4n uusiin ulottuvuuksiin aina viimeisimpien trendien ja innovaatioiden mukaisesti.<\/p>\n<p>&nbsp;<\/p>\n<p style=\"text-align: center;\">Blogissamme Vonde Technologyn asiantuntijat ja vierailevat kirjailijat jakavat ajatuksiaan, tutkimuksiaan ja oivalluksiaan inspiroidakseen, informoidakseen ja auttaakseen sinua ymm\u00e4rt\u00e4m\u00e4\u00e4n, kuinka modernit teknologiat muuttavat jokap\u00e4iv\u00e4ist\u00e4 el\u00e4m\u00e4\u00e4mme.<\/p>\n<p>[\/vc_column_text][\/vc_column][\/vc_row][vc_row][vc_column][vc_empty_space]<!-- blog -->\r<div class=\"blog element-one hover-style-one  rt349568789 isotope\"  data-row-items=\"3\"><p>No items found<\/p><\/div>\r<!-- blog -->\r[\/vc_column][\/vc_row]<\/p>\n<\/div>","protected":false},"excerpt":{"rendered":"<p>[vc_row][vc_column][vc_empty_space][vc_custom_heading text=&#8221;VONDETECH INSIGHTS BLOGI&#8221; font_container=&#8221;tag:h2|font_size:32px|text_align:center|color:%23b0358b&#8221; use_theme_fonts=&#8221;yes&#8221;][vc_custom_heading text=&#8221;Digitaalisen liiketoiminnan innovaatiot: t\u00e4m\u00e4n p\u00e4iv\u00e4n teknologiat tulevaisuutta varten&#8221; font_container=&#8221;tag:h2|font_size:24px|text_align:center|color:%23000000&#8243; use_theme_fonts=&#8221;yes&#8221;][vc_empty_space height=&#8221;10px&#8221;][vc_column_text]Tervetuloa &#8220;Digital Business Innovations: Today&#8217;s Technologies for the Future&#8221; -blogisivulle, jossa tuodaan esille viimeisin teknologinen kehitys ja niiden vaikutukset yritysmaailmaan. T\u00e4ll\u00e4 sivulla voit syventy\u00e4 monenlaisiin aiheisiin vallankumouksellisista digitaalisista ty\u00f6kaluista yritysviestinn\u00e4n uusiin ulottuvuuksiin aina viimeisimpien trendien ja innovaatioiden mukaisesti. &nbsp; [&hellip;]<\/p>\n","protected":false},"author":1,"featured_media":0,"parent":0,"menu_order":0,"comment_status":"closed","ping_status":"closed","template":"","meta":{"footnotes":""},"class_list":["post-17529","page","type-page","status-publish","hentry"],"yoast_head":"<!-- This site is optimized with the Yoast SEO plugin v24.7 - https:\/\/yoast.com\/wordpress\/plugins\/seo\/ -->\n<title>Blogi - Vondetech<\/title>\n<meta name=\"robots\" content=\"index, follow, max-snippet:-1, max-image-preview:large, max-video-preview:-1\" \/>\n<link rel=\"canonical\" href=\"https:\/\/vondetech.com\/fi\/blogi\/\" \/>\n<meta property=\"og:locale\" content=\"fi_FI\" \/>\n<meta property=\"og:type\" content=\"article\" \/>\n<meta property=\"og:title\" content=\"Blogi - Vondetech\" \/>\n<meta property=\"og:description\" content=\"[vc_row][vc_column][vc_empty_space][vc_custom_heading text=&#8221;VONDETECH INSIGHTS BLOGI&#8221; font_container=&#8221;tag:h2|font_size:32px|text_align:center|color:%23b0358b&#8221; use_theme_fonts=&#8221;yes&#8221;][vc_custom_heading text=&#8221;Digitaalisen liiketoiminnan innovaatiot: t\u00e4m\u00e4n p\u00e4iv\u00e4n teknologiat tulevaisuutta varten&#8221; font_container=&#8221;tag:h2|font_size:24px|text_align:center|color:%23000000&#8243; use_theme_fonts=&#8221;yes&#8221;][vc_empty_space height=&#8221;10px&#8221;][vc_column_text]Tervetuloa &#8220;Digital Business Innovations: Today&#8217;s Technologies for the Future&#8221; -blogisivulle, jossa tuodaan esille viimeisin teknologinen kehitys ja niiden vaikutukset yritysmaailmaan. T\u00e4ll\u00e4 sivulla voit syventy\u00e4 monenlaisiin aiheisiin vallankumouksellisista digitaalisista ty\u00f6kaluista yritysviestinn\u00e4n uusiin ulottuvuuksiin aina viimeisimpien trendien ja innovaatioiden mukaisesti. &nbsp; [&hellip;]\" \/>\n<meta property=\"og:url\" content=\"https:\/\/vondetech.com\/fi\/blogi\/\" \/>\n<meta property=\"og:site_name\" content=\"Vondetech\" \/>\n<meta property=\"article:modified_time\" content=\"2024-12-10T12:31:15+00:00\" \/>\n<meta name=\"twitter:card\" content=\"summary_large_image\" \/>\n<meta name=\"twitter:label1\" content=\"Arvioitu lukuaika\" \/>\n\t<meta name=\"twitter:data1\" content=\"1 minuutti\" \/>\n<script type=\"application\/ld+json\" class=\"yoast-schema-graph\">{\"@context\":\"https:\/\/schema.org\",\"@graph\":[{\"@type\":\"WebPage\",\"@id\":\"https:\/\/vondetech.com\/fi\/blogi\/\",\"url\":\"https:\/\/vondetech.com\/fi\/blogi\/\",\"name\":\"Blogi - Vondetech\",\"isPartOf\":{\"@id\":\"https:\/\/vondetech.com\/fi\/#website\"},\"datePublished\":\"2018-12-28T09:50:09+00:00\",\"dateModified\":\"2024-12-10T12:31:15+00:00\",\"breadcrumb\":{\"@id\":\"https:\/\/vondetech.com\/fi\/blogi\/#breadcrumb\"},\"inLanguage\":\"fi\",\"potentialAction\":[{\"@type\":\"ReadAction\",\"target\":[\"https:\/\/vondetech.com\/fi\/blogi\/\"]}]},{\"@type\":\"BreadcrumbList\",\"@id\":\"https:\/\/vondetech.com\/fi\/blogi\/#breadcrumb\",\"itemListElement\":[{\"@type\":\"ListItem\",\"position\":1,\"name\":\"Kotiin\",\"item\":\"https:\/\/vondetech.com\/fi\/kotiin\/\"},{\"@type\":\"ListItem\",\"position\":2,\"name\":\"Blogi\"}]},{\"@type\":\"WebSite\",\"@id\":\"https:\/\/vondetech.com\/fi\/#website\",\"url\":\"https:\/\/vondetech.com\/fi\/\",\"name\":\"Vondetech\",\"description\":\"\",\"potentialAction\":[{\"@type\":\"SearchAction\",\"target\":{\"@type\":\"EntryPoint\",\"urlTemplate\":\"https:\/\/vondetech.com\/fi\/?s={search_term_string}\"},\"query-input\":{\"@type\":\"PropertyValueSpecification\",\"valueRequired\":true,\"valueName\":\"search_term_string\"}}],\"inLanguage\":\"fi\"}]}<\/script>\n<!-- \/ Yoast SEO plugin. -->","yoast_head_json":{"title":"Blogi - Vondetech","robots":{"index":"index","follow":"follow","max-snippet":"max-snippet:-1","max-image-preview":"max-image-preview:large","max-video-preview":"max-video-preview:-1"},"canonical":"https:\/\/vondetech.com\/fi\/blogi\/","og_locale":"fi_FI","og_type":"article","og_title":"Blogi - Vondetech","og_description":"[vc_row][vc_column][vc_empty_space][vc_custom_heading text=&#8221;VONDETECH INSIGHTS BLOGI&#8221; font_container=&#8221;tag:h2|font_size:32px|text_align:center|color:%23b0358b&#8221; use_theme_fonts=&#8221;yes&#8221;][vc_custom_heading text=&#8221;Digitaalisen liiketoiminnan innovaatiot: t\u00e4m\u00e4n p\u00e4iv\u00e4n teknologiat tulevaisuutta varten&#8221; font_container=&#8221;tag:h2|font_size:24px|text_align:center|color:%23000000&#8243; use_theme_fonts=&#8221;yes&#8221;][vc_empty_space height=&#8221;10px&#8221;][vc_column_text]Tervetuloa &#8220;Digital Business Innovations: Today&#8217;s Technologies for the Future&#8221; -blogisivulle, jossa tuodaan esille viimeisin teknologinen kehitys ja niiden vaikutukset yritysmaailmaan. T\u00e4ll\u00e4 sivulla voit syventy\u00e4 monenlaisiin aiheisiin vallankumouksellisista digitaalisista ty\u00f6kaluista yritysviestinn\u00e4n uusiin ulottuvuuksiin aina viimeisimpien trendien ja innovaatioiden mukaisesti. &nbsp; [&hellip;]","og_url":"https:\/\/vondetech.com\/fi\/blogi\/","og_site_name":"Vondetech","article_modified_time":"2024-12-10T12:31:15+00:00","twitter_card":"summary_large_image","twitter_misc":{"Arvioitu lukuaika":"1 minuutti"},"schema":{"@context":"https:\/\/schema.org","@graph":[{"@type":"WebPage","@id":"https:\/\/vondetech.com\/fi\/blogi\/","url":"https:\/\/vondetech.com\/fi\/blogi\/","name":"Blogi - Vondetech","isPartOf":{"@id":"https:\/\/vondetech.com\/fi\/#website"},"datePublished":"2018-12-28T09:50:09+00:00","dateModified":"2024-12-10T12:31:15+00:00","breadcrumb":{"@id":"https:\/\/vondetech.com\/fi\/blogi\/#breadcrumb"},"inLanguage":"fi","potentialAction":[{"@type":"ReadAction","target":["https:\/\/vondetech.com\/fi\/blogi\/"]}]},{"@type":"BreadcrumbList","@id":"https:\/\/vondetech.com\/fi\/blogi\/#breadcrumb","itemListElement":[{"@type":"ListItem","position":1,"name":"Kotiin","item":"https:\/\/vondetech.com\/fi\/kotiin\/"},{"@type":"ListItem","position":2,"name":"Blogi"}]},{"@type":"WebSite","@id":"https:\/\/vondetech.com\/fi\/#website","url":"https:\/\/vondetech.com\/fi\/","name":"Vondetech","description":"","potentialAction":[{"@type":"SearchAction","target":{"@type":"EntryPoint","urlTemplate":"https:\/\/vondetech.com\/fi\/?s={search_term_string}"},"query-input":{"@type":"PropertyValueSpecification","valueRequired":true,"valueName":"search_term_string"}}],"inLanguage":"fi"}]}},"_links":{"self":[{"href":"https:\/\/vondetech.com\/fi\/wp-json\/wp\/v2\/pages\/17529","targetHints":{"allow":["GET"]}}],"collection":[{"href":"https:\/\/vondetech.com\/fi\/wp-json\/wp\/v2\/pages"}],"about":[{"href":"https:\/\/vondetech.com\/fi\/wp-json\/wp\/v2\/types\/page"}],"author":[{"embeddable":true,"href":"https:\/\/vondetech.com\/fi\/wp-json\/wp\/v2\/users\/1"}],"replies":[{"embeddable":true,"href":"https:\/\/vondetech.com\/fi\/wp-json\/wp\/v2\/comments?post=17529"}],"version-history":[{"count":6,"href":"https:\/\/vondetech.com\/fi\/wp-json\/wp\/v2\/pages\/17529\/revisions"}],"predecessor-version":[{"id":17536,"href":"https:\/\/vondetech.com\/fi\/wp-json\/wp\/v2\/pages\/17529\/revisions\/17536"}],"wp:attachment":[{"href":"https:\/\/vondetech.com\/fi\/wp-json\/wp\/v2\/media?parent=17529"}],"curies":[{"name":"wp","href":"https:\/\/api.w.org\/{rel}","templated":true}]}}