{"id":17349,"date":"2024-05-23T15:02:08","date_gmt":"2024-05-23T13:02:08","guid":{"rendered":"https:\/\/vondetech.com\/oikeus-peruuttaa\/"},"modified":"2025-03-20T16:07:26","modified_gmt":"2025-03-20T15:07:26","slug":"oikeus-peruuttaa","status":"publish","type":"page","link":"https:\/\/vondetech.com\/fi\/oikeus-peruuttaa\/","title":{"rendered":"Vonde Pro -sovelluksen tietosuojak\u00e4yt\u00e4nt\u00f6"},"content":{"rendered":"<div class=\"wpb-content-wrapper\"><p>[vc_row][vc_column][vc_empty_space][vc_column_text el_class=&#8221;legal-text&#8221;]<strong>Voimaantulop\u00e4iv\u00e4:<\/strong> 2025<\/p>\n<ol>\n<li><strong>  Johdanto<\/strong><\/li>\n<\/ol>\n<p>KMAK Kelet-Magyarorsz\u00e1gi Adatk\u00f6zpont Kft. 5000 Szolnok, Szap\u00e1ry utca 20. S\u00e4hk\u00f6posti: info@vondetechnology.com. (&#8220;me&#8221;, &#8220;meid\u00e4n&#8221; tai &#8220;meit\u00e4&#8221;) tarjoaa kattavia digitaalisia verkostoratkaisuja Vonde Pro -sovelluksen (&#8220;sovellus&#8221;) kautta, joka helpottaa digitaalisten k\u00e4yntikorttien, URL-osoitteiden lyhent\u00e4misen, NFC- ja QR-koodien hallinnan sek\u00e4 Apple\/Google Wallet -integraation avulla. T\u00e4ss\u00e4 tietosuojak\u00e4yt\u00e4nn\u00f6ss\u00e4 esitet\u00e4\u00e4n menetelm\u00e4mme henkil\u00f6tietojen ker\u00e4\u00e4miseksi, k\u00e4sittelemiseksi, hallinnoimiseksi ja suojaamiseksi.   <\/p>\n<p>Vonde Technology LLC (Yhdysvallat) hallinnoi maailmanlaajuisia markkinoita ja kansainv\u00e4list\u00e4 laajentumista. KMAK Kelet-Magyarorsz\u00e1gi Adatk\u00f6zpont Kft. (Eurooppa, Unkari) vastaa kehitt\u00e4misest\u00e4 ja siihen liittyvist\u00e4 operatiivisista teht\u00e4vist\u00e4.<\/p>\n<p>Vonde Pro -sovellus on digitaalisen verkostoitumisen kokonaisratkaisu, joka tarjoaa ominaisuuksia, kuten digitaalisten k\u00e4yntikorttien luomisen ja jakamisen, URL-osoitteiden lyhent\u00e4misen, NFC- ja QR-koodien hallinnan sek\u00e4 saumattoman integraation Applen ja Googlen lompakkoon.<\/p>\n<p>Tiivistelm\u00e4 T\u00e4ss\u00e4 asiakirjassa annetaan tietoa seuraavista asioista:<\/p>\n<ul>\n<li>Ker\u00e4ttyjen henkil\u00f6tietojen tyypit<\/li>\n<li>Tietojen k\u00e4sittelyn tarkoitukset<\/li>\n<li>Jalostusmenetelm\u00e4t ja -paikat<\/li>\n<li>Henkil\u00f6tietojen jakaminen kolmansille osapuolille<\/li>\n<li>Aluekohtaiset tietosuojaoikeudet (EU, Yhdysvallat, Brasilia)<\/li>\n<li>Tietojen s\u00e4ilytt\u00e4misk\u00e4yt\u00e4nn\u00f6t<\/li>\n<li>Mainonta- ja analytiikkak\u00e4yt\u00e4nn\u00f6t (Google AdMob, Google Analytics, Firebase).<\/li>\n<li>Opt-out-vaihtoehdot<\/li>\n<li>Tietosuojaloukkauksia koskevat ilmoitusmenettelyt<\/li>\n<li>Yhteystiedot yksityisyytt\u00e4 koskevia tiedusteluja varten<\/li>\n<\/ul>\n<ol start=\"2\">\n<li><strong>  Ker\u00e4ttyjen henkil\u00f6tietojen luokat<\/strong><\/li>\n<\/ol>\n<p>Ker\u00e4\u00e4mme:<\/p>\n<ul>\n<li><strong>Yhteystiedot:<\/strong> Nimi (etunimi, sukunimi), s\u00e4hk\u00f6postiosoite, puhelinnumero.<\/li>\n<li><strong>Transaktiotiedot:<\/strong> Ostotiedot, tilaustiedot<\/li>\n<li><strong>Tekniset tiedot:<\/strong> IP-osoite, laitetunnisteet (esim. Google Advertiser ID, IDFA), selaimen tyyppi, k\u00e4ytt\u00f6j\u00e4rjestelm\u00e4n tiedot.<\/li>\n<li><strong>K\u00e4ytt\u00f6tiedot:<\/strong> Sovelluksen vuorovaikutukset, k\u00e4ytetyt ominaisuudet<\/li>\n<li><strong>Analyyttiset tiedot:<\/strong> Google Analyticsin ja Firebasen kautta<\/li>\n<li><strong>K\u00e4ytt\u00e4j\u00e4tiedot:<\/strong> K\u00e4ytt\u00e4j\u00e4tiedot: profiilitiedot (esim. k\u00e4ytt\u00e4j\u00e4tunnus, salasana), asetukset, mieltymykset.<\/li>\n<li><strong>Ev\u00e4steet ja vastaavat tekniikat:<\/strong> Verkkosivusto ja sovellus k\u00e4ytt\u00e4v\u00e4t ev\u00e4steit\u00e4, verkkomajakoita ja vastaavia tekniikoita k\u00e4ytt\u00e4j\u00e4kokemuksen parantamiseksi, liikenteen analysoimiseksi ja mainosten personoimiseksi.<\/li>\n<\/ul>\n<ol start=\"3\">\n<li><strong>  Tietojenk\u00e4sittelyn oikeusperusta<\/strong><\/li>\n<\/ol>\n<p>K\u00e4sittelemme tietoja seuraavien oikeusperusteiden mukaisesti:<\/p>\n<ul>\n<li><strong>K\u00e4ytt\u00e4j\u00e4n suostumus:<\/strong> Henkil\u00f6kohtaista mainontaa, suoramarkkinointia ja tiettyj\u00e4 analyysitarkoituksia varten pyyd\u00e4mme k\u00e4ytt\u00e4j\u00e4n ennakkosuostumusta.<\/li>\n<li><strong>Sopimukseen perustuva v\u00e4ltt\u00e4m\u00e4tt\u00f6myys:<\/strong> Tilin luominen, digitaaliset k\u00e4yntikortit ja palvelujen tarjoaminen ovat v\u00e4ltt\u00e4m\u00e4tt\u00f6mi\u00e4 sopimusvelvoitteidemme t\u00e4ytt\u00e4miseksi.<\/li>\n<li><strong>Lakis\u00e4\u00e4teisten velvoitteiden noudattaminen<\/strong><\/li>\n<li><strong>Oikeutetut edut:<\/strong> K\u00e4sittelemme tietoja oikeutettujen etujemme perusteella petosten est\u00e4miseksi, palvelun laadun parantamiseksi, turvallisuuden yll\u00e4pit\u00e4miseksi ja liiketoimintamme optimoimiseksi.<\/li>\n<\/ul>\n<ol start=\"4\">\n<li><strong>  Mainonta ja analytiikka<\/strong><\/li>\n<\/ol>\n<p>K\u00e4yt\u00e4mme Google AdMobia kohdennettuun mainontaan, joka perustuu k\u00e4ytt\u00e4j\u00e4n k\u00e4ytt\u00e4ytymiseen ja laitetunnisteisiin. Google AdMob n\u00e4ytt\u00e4\u00e4 k\u00e4ytt\u00e4j\u00e4n k\u00e4ytt\u00e4ytymiseen ja laitetunnisteisiin perustuvia henkil\u00f6kohtaisia mainoksia. <\/p>\n<p>Analytiikkapalvelut (Google Analytics for Firebase, Firebase Performance Monitoring, Firebase Crashlytics) analysoivat k\u00e4ytt\u00e4jien vuorovaikutusta toiminnallisuuden ja sovelluksen suorituskyvyn parantamiseksi. Google Analytics ker\u00e4\u00e4 nimett\u00f6mi\u00e4 tietoja k\u00e4ytt\u00e4jien k\u00e4ytt\u00e4ytymisest\u00e4, liikenteest\u00e4 ja demografisista tiedoista. Firebase Performance Monitoring ja Firebase Crashlytics analysoivat k\u00e4ytt\u00e4jien vuorovaikutusta, sovelluksen suorituskyky\u00e4 ja kaatumisia toiminnallisuuden ja sovelluksen suorituskyvyn parantamiseksi.  <\/p>\n<p>K\u00e4ytt\u00e4j\u00e4t voivat hallita mainosten personointiasetuksia Googlen mainosasetuksissa tai muilla verkkomainonta-alustoilla.<\/p>\n<ol start=\"5\">\n<li><strong>  Tietojen k\u00e4sittely ja jakaminen kolmansille osapuolille<\/strong><\/li>\n<\/ol>\n<p>Tietojen k\u00e4sittely tapahtuu s\u00e4hk\u00f6isesti osoitteessa:<\/p>\n<ul>\n<li>KMAK Kelet-Magyarorsz\u00e1gi Adatk\u00f6zpont Kft., 5000 Szolnok, Szap\u00e1ry utca 20., info@vondetechnology.com.<\/li>\n<li>Amazon Web Services (AWS) Amazon Web Services (AWS) tarjoaa meille pilvipohjaisia tallennus- ja tietojenk\u00e4sittelypalveluja.<\/li>\n<\/ul>\n<p>Voimme jakaa henkil\u00f6tietoja seuraavien tahojen kanssa:<\/p>\n<ul>\n<li>Palveluntarjoajat: AWS, Google AdMob, Firebase. Saatamme jakaa henkil\u00f6tietoja muiden palveluntarjoajien kanssa, jotka avustavat meit\u00e4 palvelujen tarjoamisessa, maksujen k\u00e4sittelyss\u00e4, asiakastuen tarjoamisessa ja markkinointitoimien toteuttamisessa. <\/li>\n<li>Analytiikan tarjoajat: Google Analytics<\/li>\n<li>Kaikkien kolmansien osapuolten on suojattava henkil\u00f6tiedot sovellettavien lakien mukaisesti.<\/li>\n<\/ul>\n<ol start=\"6\">\n<li><strong>  Aluekohtaiset tietosuojaoikeudet<\/strong><\/li>\n<\/ol>\n<ul>\n<li><strong>6.1 Euroopan unioni (GDPR)<\/strong><\/li>\n<\/ul>\n<p>EU:n k\u00e4ytt\u00e4jill\u00e4 on oikeus:<\/p>\n<ul>\n<li style=\"list-style-type: none;\">\n<ul>\n<li>p\u00e4\u00e4sy henkil\u00f6tietoihin, niiden oikaiseminen tai poistaminen<\/li>\n<li>Tietojen k\u00e4sittelyn vastustaminen ja rajoittaminen<\/li>\n<li>Tietojen siirrett\u00e4vyys<\/li>\n<li>Peruuta suostumus<\/li>\n<li>Tee valitus paikallisille tietosuojaviranomaisille. EU:n k\u00e4ytt\u00e4jill\u00e4 on oikeus saada p\u00e4\u00e4sy tietoihin, oikaista ja poistaa ne, rajoittaa k\u00e4sittely\u00e4, vastustaa k\u00e4sittely\u00e4, pyyt\u00e4\u00e4 tietojen siirrett\u00e4vyytt\u00e4 ja peruuttaa suostumuksensa. K\u00e4ytt\u00e4jill\u00e4 on oikeus tehd\u00e4 valitus paikalliselle tietosuojaviranomaiselle.  <\/li>\n<\/ul>\n<\/li>\n<li><strong>6.2 Yhdysvallat (CCPA ja muut osavaltioiden lait)<\/strong><\/li>\n<\/ul>\n<p>Yhdysvaltalaisilla k\u00e4ytt\u00e4jill\u00e4 on seuraavat oikeudet:<\/p>\n<ul>\n<li style=\"list-style-type: none;\">\n<ul>\n<li>P\u00e4\u00e4sy henkil\u00f6tietoihin ja niiden oikaiseminen<\/li>\n<li>Tietojen poistamista koskeva pyynt\u00f6<\/li>\n<li>Poistu kohdennetusta mainonnasta. Yhdysvaltalaisilla k\u00e4ytt\u00e4jill\u00e4 on oikeus tutustua henkil\u00f6tietoihinsa, oikaista ja poistaa ne sek\u00e4 kielt\u00e4yty\u00e4 kohdennetusta mainonnasta. <\/li>\n<li>Syrjim\u00e4tt\u00f6myys yksityisyyden suojaa koskevien oikeuksien k\u00e4ytt\u00e4misen vuoksi<\/li>\n<li>Kaliforniakohtainen: Emme myy tai ker\u00e4\u00e4 henkil\u00f6tietoja alle 16-vuotiailta k\u00e4ytt\u00e4jilt\u00e4. Kalifornian asukkailla on oikeus siihen, ett\u00e4 heit\u00e4 ei syrjit\u00e4 heid\u00e4n yksityisyydensuojaa koskevien oikeuksiensa k\u00e4ytt\u00e4misest\u00e4. Emme myy tai ker\u00e4\u00e4 henkil\u00f6tietoja alle 16-vuotiailta k\u00e4ytt\u00e4jilt\u00e4.  <\/li>\n<\/ul>\n<\/li>\n<li><strong>6.3 Brasilia (LGPD)<\/strong><\/li>\n<\/ul>\n<p>Brasilialaisilla k\u00e4ytt\u00e4jill\u00e4 on seuraavat oikeudet:<\/p>\n<ul>\n<li style=\"list-style-type: none;\">\n<ul>\n<li>Vahvista tietojen k\u00e4sittely<\/li>\n<li>P\u00e4\u00e4sy henkil\u00f6tietoihin ja niiden oikaiseminen<\/li>\n<li>Pyyd\u00e4 tietojen anonymisointia, est\u00e4mist\u00e4 tai poistamista.<\/li>\n<li>Tietojen siirrett\u00e4vyytt\u00e4 koskeva pyynt\u00f6<\/li>\n<li>Peruuta suostumus<\/li>\n<li>Tee valitus ANPD:lle. Brasilialaisilla k\u00e4ytt\u00e4jill\u00e4 on oikeus vahvistaa tietojensa k\u00e4sittely, saada p\u00e4\u00e4sy tietoihin, oikaista ne, pyyt\u00e4\u00e4 tietojen anonymisointia, est\u00e4mist\u00e4 tai poistamista, pyyt\u00e4\u00e4 tietojen siirrett\u00e4vyytt\u00e4, peruuttaa suostumuksensa ja tehd\u00e4 valitus ANPD:lle. <\/li>\n<\/ul>\n<\/li>\n<\/ul>\n<ol start=\"7\">\n<li><strong>  Tietojen s\u00e4ilytt\u00e4minen<\/strong><\/li>\n<\/ol>\n<p>Henkil\u00f6tietoja s\u00e4ilytet\u00e4\u00e4n vain niin kauan kuin se on tarpeen mainittujen tarkoitusten t\u00e4ytt\u00e4miseksi tai kunnes suostumus peruutetaan, mink\u00e4 j\u00e4lkeen tiedot poistetaan turvallisesti. Henkil\u00f6tietoja s\u00e4ilytet\u00e4\u00e4n vain niin kauan kuin se on tarpeen m\u00e4\u00e4riteltyjen tarkoitusten t\u00e4ytt\u00e4miseksi tai kunnes k\u00e4ytt\u00e4j\u00e4 peruuttaa suostumuksensa. T\u00e4m\u00e4n j\u00e4lkeen tiedot poistetaan turvallisesti.  <\/p>\n<p>M\u00e4\u00e4rit\u00e4mme tietojen s\u00e4ilytysajat seuraavien kriteerien perusteella: tietojen keruun tarkoitus, lakis\u00e4\u00e4teiset velvoitteet ja oikeutetut liiketaloudelliset etumme.<\/p>\n<p>Olemme toteuttaneet asianmukaiset tietoturvatoimenpiteet henkil\u00f6tietojen suojaamiseksi luvattomalta p\u00e4\u00e4sylt\u00e4, k\u00e4yt\u00f6lt\u00e4, muuttamiselta tai poistamiselta. N\u00e4ihin toimenpiteisiin kuuluvat salaus, turvallinen tallennus, p\u00e4\u00e4synvalvonta ja s\u00e4\u00e4nn\u00f6lliset tarkastukset. <\/p>\n<ol start=\"8\">\n<li><strong>  Ev\u00e4steet, analytiikka ja opt-out<\/strong><\/li>\n<\/ol>\n<p>K\u00e4ytt\u00e4j\u00e4t voivat hallita asetuksia laiteasetusten tai opt-out-palvelujen kautta: K\u00e4ytt\u00e4j\u00e4t voivat hallita ev\u00e4steasetuksia laitteen tai selaimen asetuksissa.<\/p>\n<ul>\n<li>YourOnlineChoices (EU)<\/li>\n<li>Network Advertising Initiative (Yhdysvallat)<\/li>\n<li>Digital Advertising Alliance (Yhdysvallat)<\/li>\n<li>K\u00e4ytt\u00e4j\u00e4t voivat my\u00f6s kielt\u00e4yty\u00e4 mainosten personoinnista Googlen mainosasetuksissa tai muilla verkkomainonta-alustoilla.<\/li>\n<\/ul>\n<p>K\u00e4yt\u00e4mme istuntoev\u00e4stej\u00e4, pysyvi\u00e4 ev\u00e4steit\u00e4, analyyttisi\u00e4 ev\u00e4steit\u00e4 ja mainosev\u00e4steet.<\/p>\n<ol start=\"9\">\n<li><strong>  Kansainv\u00e4linen tiedonsiirto<\/strong><\/li>\n<\/ol>\n<p>Henkil\u00f6tietoja voidaan k\u00e4sitell\u00e4 k\u00e4ytt\u00e4j\u00e4n maan ulkopuolella ensisijaisesti AWS-infrastruktuurin kautta, jolloin varmistetaan kansainv\u00e4listen tietosuojastandardien (esim. vakiosopimuslausekkeiden) noudattaminen. Saatamme siirt\u00e4\u00e4 henkil\u00f6tietoja Euroopan unionin ulkopuolisiin maihin, kuten Yhdysvaltoihin, jossa tietosuojas\u00e4\u00e4nn\u00f6t voivat poiketa EU:n tietosuojas\u00e4\u00e4nn\u00f6ist\u00e4. Kansainv\u00e4liset tiedonsiirrot perustuvat vakiosopimuslausekkeisiin tai muihin asianmukaisiin oikeudellisiin perusteisiin. Olemme toteuttaneet asianmukaisia tietosuojatoimenpiteit\u00e4 henkil\u00f6tietojen suojaamiseksi kansainv\u00e4listen tiedonsiirtojen aikana, mukaan lukien vakiosopimuslausekkeiden k\u00e4ytt\u00f6 ja asianmukaisten turvatoimien toteuttaminen.   <\/p>\n<ol start=\"10\">\n<li><strong>  Automatisoitu p\u00e4\u00e4t\u00f6ksenteko ja profilointi<\/strong><\/li>\n<\/ol>\n<p>K\u00e4yt\u00e4mme automatisoitua p\u00e4\u00e4t\u00f6ksentekoa seuraaviin tarkoituksiin:<\/p>\n<ul>\n<li>Kohdennettu mainonta<\/li>\n<li>K\u00e4ytt\u00e4jien k\u00e4ytt\u00e4ytymisen analysointi<\/li>\n<li>Henkil\u00f6kohtainen sis\u00e4lt\u00f6<\/li>\n<li>K\u00e4yt\u00e4mme automatisoitua p\u00e4\u00e4t\u00f6ksentekoa ja profilointia kohdennettujen mainosten n\u00e4ytt\u00e4miseen, k\u00e4ytt\u00e4jien k\u00e4ytt\u00e4ytymisen analysointiin ja henkil\u00f6kohtaisen sis\u00e4ll\u00f6n suositteluun.<\/li>\n<\/ul>\n<p>K\u00e4ytt\u00e4j\u00e4t voivat milloin tahansa vastustaa t\u00e4llaista k\u00e4sittely\u00e4 osoitteessa info@vondetech.com. K\u00e4ytt\u00e4jill\u00e4 on oikeus vastustaa automaattista p\u00e4\u00e4t\u00f6ksentekoa ja profilointia ottamalla meihin yhteytt\u00e4 osoitteessa info@vondetech.com. <\/p>\n<ol start=\"11\">\n<li><strong>  K\u00e4ytt\u00e4j\u00e4n oikeuksien k\u00e4ytt\u00e4minen<\/strong><\/li>\n<\/ol>\n<p>Jos haluat k\u00e4ytt\u00e4\u00e4 tietosuojaoikeuksiasi, l\u00e4het\u00e4 kirjallinen pyynt\u00f6 osoitteeseen: KMAK Kelet-Magyarorsz\u00e1gi Adatk\u00f6zpont Kft. H-5000 Szolnok, Szap\u00e1ry utca 20. S\u00e4hk\u00f6posti: info@vondetechnology.com. K\u00e4ytt\u00e4j\u00e4t voivat k\u00e4ytt\u00e4\u00e4 oikeuksiaan l\u00e4hett\u00e4m\u00e4ll\u00e4 kirjallisen pyynn\u00f6n seuraavaan osoitteeseen: KMAK Kelet-Magyarorsz\u00e1gi Adatk\u00f6zpont Kft.  H-5000 Szolnok, Szap\u00e1ry utca 20. S\u00e4hk\u00f6posti: info@vondetechnology.com.<\/p>\n<p>Henkil\u00f6llisyyden todentaminen: Pyynt\u00f6jen on tultava rekister\u00f6idyst\u00e4 s\u00e4hk\u00f6postiosoitteestasi. Lis\u00e4varmennusta voidaan pyyt\u00e4\u00e4, ja k\u00e4ytetyt asiakirjat poistetaan varmennuksen j\u00e4lkeen. Pyynt\u00f6jen on tultava rekister\u00f6idyst\u00e4 s\u00e4hk\u00f6postiosoitteesta. K\u00e4ytt\u00e4jien on todennettava henkil\u00f6llisyytens\u00e4 pyynt\u00f6\u00e4 l\u00e4hett\u00e4ess\u00e4\u00e4n. Voimme pyyt\u00e4\u00e4 lis\u00e4tietoja henkil\u00f6llisyyden todentamiseksi, ja todentamiseen k\u00e4ytetyt asiakirjat poistetaan todentamisen j\u00e4lkeen.    <\/p>\n<p>Vastausajat:<\/p>\n<ul>\n<li>GDPR (EU): 30 p\u00e4iv\u00e4n kuluessa<\/li>\n<li>LGPD (Brasilia): 15 p\u00e4iv\u00e4n kuluessa.<\/li>\n<li>CCPA ja Yhdysvaltojen osavaltioiden lait: 45 p\u00e4iv\u00e4n kuluessa.<\/li>\n<\/ul>\n<ol start=\"12\">\n<li><strong>  Tietomurrosta ilmoittaminen<\/strong><\/li>\n<\/ol>\n<p>Henkil\u00f6tietojen tietoturvaloukkauksesta ilmoitetaan viipym\u00e4tt\u00e4 k\u00e4ytt\u00e4jille ja asianomaisille viranomaisille sovellettavien s\u00e4\u00e4nn\u00f6sten mukaisesti. Henkil\u00f6tietojen tietoturvaloukkauksen sattuessa k\u00e4ytt\u00e4jille ja asianomaisille viranomaisille ilmoitetaan viipym\u00e4tt\u00e4 sovellettavien s\u00e4\u00e4nn\u00f6sten mukaisesti. <\/p>\n<ol start=\"13\">\n<li><strong>  Tietoturvatoimenpiteet<\/strong><\/li>\n<\/ol>\n<p>Toteutamme tietoturvatoimenpiteit\u00e4, kuten salausta, turvallista tallennusta, p\u00e4\u00e4synvalvontaa ja s\u00e4\u00e4nn\u00f6llisi\u00e4 tarkastuksia tietojen eheyden suojaamiseksi. Tietoturvatoimenpiteisiimme kuuluvat salaus (sek\u00e4 siirron aikana ett\u00e4 levossa), turvallinen tallennus, p\u00e4\u00e4synvalvonta, s\u00e4\u00e4nn\u00f6lliset tietoturvatarkastukset ja ty\u00f6ntekij\u00f6iden tietosuojaa koskeva koulutus. <\/p>\n<ol start=\"14\">\n<li><strong>  Lasten yksityisyys<\/strong><\/li>\n<\/ol>\n<p>Emme ker\u00e4\u00e4 tarkoituksellisesti tietoja alle 16-vuotiailta. Kaikki tunnistetut tiedot poistetaan v\u00e4litt\u00f6m\u00e4sti. Emme ker\u00e4\u00e4 tarkoituksellisesti tietoja alle 16-vuotiailta alaik\u00e4isilt\u00e4. Jos tunnistamme t\u00e4llaisia tietoja, ne poistetaan v\u00e4litt\u00f6m\u00e4sti.   <\/p>\n<ol start=\"15\">\n<li><strong>  Politiikan p\u00e4ivitykset<\/strong><\/li>\n<\/ol>\n<p>T\u00e4t\u00e4 tietosuojak\u00e4yt\u00e4nt\u00f6\u00e4 saatetaan p\u00e4ivitt\u00e4\u00e4 m\u00e4\u00e4r\u00e4ajoin, ja merkitt\u00e4vist\u00e4 muutoksista ilmoitetaan sovellusilmoituksilla tai s\u00e4hk\u00f6postitse. T\u00e4t\u00e4 tietosuojak\u00e4yt\u00e4nt\u00f6\u00e4 voidaan p\u00e4ivitt\u00e4\u00e4 s\u00e4\u00e4nn\u00f6llisesti. Merkitt\u00e4vist\u00e4 muutoksista ilmoitetaan sovellusilmoituksilla tai s\u00e4hk\u00f6postitse. P\u00e4ivitetty tietosuojak\u00e4yt\u00e4nt\u00f6 julkaistaan verkkosivustollamme ja sovelluksessamme.   <\/p>\n<p><strong>Tietosuojayhteyshenkil\u00f6<\/strong><\/p>\n<p>Kysymyksi\u00e4 tai huolenaiheita varten: Kelet-Magyarorsz\u00e1gi Adatk\u00f6zpont Kft. H-5000 Szolnok, Szap\u00e1ry utca 20. S\u00e4hk\u00f6posti: info@vondetechnology.com<\/p>\n<p>K\u00e4ytt\u00e4m\u00e4ll\u00e4 Vonde Pro -sovellusta hyv\u00e4ksyt t\u00e4m\u00e4n tietosuojak\u00e4yt\u00e4nn\u00f6n ja hyv\u00e4ksyt sen.[\/vc_column_text][\/vc_column][\/vc_row]<\/p>\n<\/div>","protected":false},"excerpt":{"rendered":"<p>[vc_row][vc_column][vc_empty_space][vc_column_text el_class=&#8221;legal-text&#8221;]Voimaantulop\u00e4iv\u00e4: 2025 Johdanto KMAK Kelet-Magyarorsz\u00e1gi Adatk\u00f6zpont Kft. 5000 Szolnok, Szap\u00e1ry utca 20. S\u00e4hk\u00f6posti: info@vondetechnology.com. (&#8220;me&#8221;, &#8220;meid\u00e4n&#8221; tai &#8220;meit\u00e4&#8221;) tarjoaa kattavia digitaalisia verkostoratkaisuja Vonde Pro -sovelluksen (&#8220;sovellus&#8221;) kautta, joka helpottaa digitaalisten k\u00e4yntikorttien, URL-osoitteiden lyhent\u00e4misen, NFC- ja QR-koodien hallinnan sek\u00e4 Apple\/Google Wallet -integraation avulla. T\u00e4ss\u00e4 tietosuojak\u00e4yt\u00e4nn\u00f6ss\u00e4 esitet\u00e4\u00e4n menetelm\u00e4mme henkil\u00f6tietojen ker\u00e4\u00e4miseksi, k\u00e4sittelemiseksi, hallinnoimiseksi ja suojaamiseksi. Vonde Technology [&hellip;]<\/p>\n","protected":false},"author":1,"featured_media":0,"parent":0,"menu_order":0,"comment_status":"closed","ping_status":"closed","template":"","meta":{"footnotes":""},"class_list":["post-17349","page","type-page","status-publish","hentry"],"yoast_head":"<!-- This site is optimized with the Yoast SEO plugin v24.7 - https:\/\/yoast.com\/wordpress\/plugins\/seo\/ -->\n<title>Vonde Pro -sovelluksen tietosuojak\u00e4yt\u00e4nt\u00f6 - Vondetech<\/title>\n<meta name=\"robots\" content=\"index, follow, max-snippet:-1, max-image-preview:large, max-video-preview:-1\" \/>\n<link rel=\"canonical\" href=\"https:\/\/vondetech.com\/fi\/oikeus-peruuttaa\/\" \/>\n<meta property=\"og:locale\" content=\"fi_FI\" \/>\n<meta property=\"og:type\" content=\"article\" \/>\n<meta property=\"og:title\" content=\"Vonde Pro -sovelluksen tietosuojak\u00e4yt\u00e4nt\u00f6 - Vondetech\" \/>\n<meta property=\"og:description\" content=\"[vc_row][vc_column][vc_empty_space][vc_column_text el_class=&#8221;legal-text&#8221;]Voimaantulop\u00e4iv\u00e4: 2025 Johdanto KMAK Kelet-Magyarorsz\u00e1gi Adatk\u00f6zpont Kft. 5000 Szolnok, Szap\u00e1ry utca 20. S\u00e4hk\u00f6posti: info@vondetechnology.com. (&#8220;me&#8221;, &#8220;meid\u00e4n&#8221; tai &#8220;meit\u00e4&#8221;) tarjoaa kattavia digitaalisia verkostoratkaisuja Vonde Pro -sovelluksen (&#8220;sovellus&#8221;) kautta, joka helpottaa digitaalisten k\u00e4yntikorttien, URL-osoitteiden lyhent\u00e4misen, NFC- ja QR-koodien hallinnan sek\u00e4 Apple\/Google Wallet -integraation avulla. T\u00e4ss\u00e4 tietosuojak\u00e4yt\u00e4nn\u00f6ss\u00e4 esitet\u00e4\u00e4n menetelm\u00e4mme henkil\u00f6tietojen ker\u00e4\u00e4miseksi, k\u00e4sittelemiseksi, hallinnoimiseksi ja suojaamiseksi. Vonde Technology [&hellip;]\" \/>\n<meta property=\"og:url\" content=\"https:\/\/vondetech.com\/fi\/oikeus-peruuttaa\/\" \/>\n<meta property=\"og:site_name\" content=\"Vondetech\" \/>\n<meta property=\"article:modified_time\" content=\"2025-03-20T15:07:26+00:00\" \/>\n<meta name=\"twitter:card\" content=\"summary_large_image\" \/>\n<meta name=\"twitter:label1\" content=\"Arvioitu lukuaika\" \/>\n\t<meta name=\"twitter:data1\" content=\"2 minuuttia\" \/>\n<script type=\"application\/ld+json\" class=\"yoast-schema-graph\">{\"@context\":\"https:\/\/schema.org\",\"@graph\":[{\"@type\":\"WebPage\",\"@id\":\"https:\/\/vondetech.com\/fi\/oikeus-peruuttaa\/\",\"url\":\"https:\/\/vondetech.com\/fi\/oikeus-peruuttaa\/\",\"name\":\"Vonde Pro -sovelluksen tietosuojak\u00e4yt\u00e4nt\u00f6 - Vondetech\",\"isPartOf\":{\"@id\":\"https:\/\/vondetech.com\/fi\/#website\"},\"datePublished\":\"2024-05-23T13:02:08+00:00\",\"dateModified\":\"2025-03-20T15:07:26+00:00\",\"breadcrumb\":{\"@id\":\"https:\/\/vondetech.com\/fi\/oikeus-peruuttaa\/#breadcrumb\"},\"inLanguage\":\"fi\",\"potentialAction\":[{\"@type\":\"ReadAction\",\"target\":[\"https:\/\/vondetech.com\/fi\/oikeus-peruuttaa\/\"]}]},{\"@type\":\"BreadcrumbList\",\"@id\":\"https:\/\/vondetech.com\/fi\/oikeus-peruuttaa\/#breadcrumb\",\"itemListElement\":[{\"@type\":\"ListItem\",\"position\":1,\"name\":\"Kotiin\",\"item\":\"https:\/\/vondetech.com\/fi\/kotiin\/\"},{\"@type\":\"ListItem\",\"position\":2,\"name\":\"Vonde Pro -sovelluksen tietosuojak\u00e4yt\u00e4nt\u00f6\"}]},{\"@type\":\"WebSite\",\"@id\":\"https:\/\/vondetech.com\/fi\/#website\",\"url\":\"https:\/\/vondetech.com\/fi\/\",\"name\":\"Vondetech\",\"description\":\"\",\"potentialAction\":[{\"@type\":\"SearchAction\",\"target\":{\"@type\":\"EntryPoint\",\"urlTemplate\":\"https:\/\/vondetech.com\/fi\/?s={search_term_string}\"},\"query-input\":{\"@type\":\"PropertyValueSpecification\",\"valueRequired\":true,\"valueName\":\"search_term_string\"}}],\"inLanguage\":\"fi\"}]}<\/script>\n<!-- \/ Yoast SEO plugin. -->","yoast_head_json":{"title":"Vonde Pro -sovelluksen tietosuojak\u00e4yt\u00e4nt\u00f6 - Vondetech","robots":{"index":"index","follow":"follow","max-snippet":"max-snippet:-1","max-image-preview":"max-image-preview:large","max-video-preview":"max-video-preview:-1"},"canonical":"https:\/\/vondetech.com\/fi\/oikeus-peruuttaa\/","og_locale":"fi_FI","og_type":"article","og_title":"Vonde Pro -sovelluksen tietosuojak\u00e4yt\u00e4nt\u00f6 - Vondetech","og_description":"[vc_row][vc_column][vc_empty_space][vc_column_text el_class=&#8221;legal-text&#8221;]Voimaantulop\u00e4iv\u00e4: 2025 Johdanto KMAK Kelet-Magyarorsz\u00e1gi Adatk\u00f6zpont Kft. 5000 Szolnok, Szap\u00e1ry utca 20. S\u00e4hk\u00f6posti: info@vondetechnology.com. (&#8220;me&#8221;, &#8220;meid\u00e4n&#8221; tai &#8220;meit\u00e4&#8221;) tarjoaa kattavia digitaalisia verkostoratkaisuja Vonde Pro -sovelluksen (&#8220;sovellus&#8221;) kautta, joka helpottaa digitaalisten k\u00e4yntikorttien, URL-osoitteiden lyhent\u00e4misen, NFC- ja QR-koodien hallinnan sek\u00e4 Apple\/Google Wallet -integraation avulla. T\u00e4ss\u00e4 tietosuojak\u00e4yt\u00e4nn\u00f6ss\u00e4 esitet\u00e4\u00e4n menetelm\u00e4mme henkil\u00f6tietojen ker\u00e4\u00e4miseksi, k\u00e4sittelemiseksi, hallinnoimiseksi ja suojaamiseksi. Vonde Technology [&hellip;]","og_url":"https:\/\/vondetech.com\/fi\/oikeus-peruuttaa\/","og_site_name":"Vondetech","article_modified_time":"2025-03-20T15:07:26+00:00","twitter_card":"summary_large_image","twitter_misc":{"Arvioitu lukuaika":"2 minuuttia"},"schema":{"@context":"https:\/\/schema.org","@graph":[{"@type":"WebPage","@id":"https:\/\/vondetech.com\/fi\/oikeus-peruuttaa\/","url":"https:\/\/vondetech.com\/fi\/oikeus-peruuttaa\/","name":"Vonde Pro -sovelluksen tietosuojak\u00e4yt\u00e4nt\u00f6 - Vondetech","isPartOf":{"@id":"https:\/\/vondetech.com\/fi\/#website"},"datePublished":"2024-05-23T13:02:08+00:00","dateModified":"2025-03-20T15:07:26+00:00","breadcrumb":{"@id":"https:\/\/vondetech.com\/fi\/oikeus-peruuttaa\/#breadcrumb"},"inLanguage":"fi","potentialAction":[{"@type":"ReadAction","target":["https:\/\/vondetech.com\/fi\/oikeus-peruuttaa\/"]}]},{"@type":"BreadcrumbList","@id":"https:\/\/vondetech.com\/fi\/oikeus-peruuttaa\/#breadcrumb","itemListElement":[{"@type":"ListItem","position":1,"name":"Kotiin","item":"https:\/\/vondetech.com\/fi\/kotiin\/"},{"@type":"ListItem","position":2,"name":"Vonde Pro -sovelluksen tietosuojak\u00e4yt\u00e4nt\u00f6"}]},{"@type":"WebSite","@id":"https:\/\/vondetech.com\/fi\/#website","url":"https:\/\/vondetech.com\/fi\/","name":"Vondetech","description":"","potentialAction":[{"@type":"SearchAction","target":{"@type":"EntryPoint","urlTemplate":"https:\/\/vondetech.com\/fi\/?s={search_term_string}"},"query-input":{"@type":"PropertyValueSpecification","valueRequired":true,"valueName":"search_term_string"}}],"inLanguage":"fi"}]}},"_links":{"self":[{"href":"https:\/\/vondetech.com\/fi\/wp-json\/wp\/v2\/pages\/17349","targetHints":{"allow":["GET"]}}],"collection":[{"href":"https:\/\/vondetech.com\/fi\/wp-json\/wp\/v2\/pages"}],"about":[{"href":"https:\/\/vondetech.com\/fi\/wp-json\/wp\/v2\/types\/page"}],"author":[{"embeddable":true,"href":"https:\/\/vondetech.com\/fi\/wp-json\/wp\/v2\/users\/1"}],"replies":[{"embeddable":true,"href":"https:\/\/vondetech.com\/fi\/wp-json\/wp\/v2\/comments?post=17349"}],"version-history":[{"count":7,"href":"https:\/\/vondetech.com\/fi\/wp-json\/wp\/v2\/pages\/17349\/revisions"}],"predecessor-version":[{"id":21007,"href":"https:\/\/vondetech.com\/fi\/wp-json\/wp\/v2\/pages\/17349\/revisions\/21007"}],"wp:attachment":[{"href":"https:\/\/vondetech.com\/fi\/wp-json\/wp\/v2\/media?parent=17349"}],"curies":[{"name":"wp","href":"https:\/\/api.w.org\/{rel}","templated":true}]}}