{"id":17345,"date":"2024-05-23T15:08:00","date_gmt":"2024-05-23T13:08:00","guid":{"rendered":"https:\/\/vondetech.com\/palautus-ja-hyvityskaytanto\/"},"modified":"2025-03-21T07:57:12","modified_gmt":"2025-03-21T06:57:12","slug":"palautus-ja-hyvityskaytanto","status":"publish","type":"page","link":"https:\/\/vondetech.com\/fi\/palautus-ja-hyvityskaytanto\/","title":{"rendered":"Vonde Pro -sovelluksen palautus- ja peruutusehdot"},"content":{"rendered":"<div class=\"wpb-content-wrapper\"><p>[vc_row][vc_column][vc_empty_space][vc_column_text el_class=&#8221;legal-text&#8221;]<strong>Voimaantulop\u00e4iv\u00e4:<\/strong> 2025<\/p>\n<ol>\n<li><strong>  Johdanto<\/strong><\/li>\n<\/ol>\n<p>T\u00e4ss\u00e4 palautus- ja peruutusk\u00e4yt\u00e4nn\u00f6ss\u00e4 kuvataan menettelyt ja ehdot, jotka koskevat Vonde Technologyn (&#8220;me&#8221;, &#8220;meid\u00e4t&#8221;, &#8220;meid\u00e4n&#8221;) tarjoaman Vonde Pro -sovelluksen (&#8220;Sovellus&#8221;) kautta tehtyjen ostojen ja tilausten palautuksia ja peruutuksia. Koska Vonde Pro -sovellus on saatavilla yksinomaan Apple App Storen ja Google Play Storen kautta, kaikkiin tapahtumiin, peruutuksiin ja palautuksiin sovelletaan kyseisten kauppojen k\u00e4yt\u00e4nt\u00f6j\u00e4. <\/p>\n<ol start=\"2\">\n<li><strong>  Tilausten peruuttaminen<\/strong><\/li>\n<\/ol>\n<p>K\u00e4ytt\u00e4j\u00e4t voivat peruuttaa tilaukset milloin tahansa Apple App Store- tai Google Play Store -tilins\u00e4 asetusten kautta. Yksityiskohtaiset ohjeet l\u00f6ytyv\u00e4t seuraavista l\u00e4hteist\u00e4: <\/p>\n<ul>\n<li><strong>Apple App Store:<\/strong> [https:\/\/support .apple.com\/en-us\/118428]<\/li>\n<li><strong>Google Play Store:<\/strong> [https:\/\/support .google.com=&#8221;&#8221;]<\/li>\n<\/ul>\n<p>Peruutuspyynn\u00f6t tulevat voimaan nykyisen laskutusjakson lopussa. K\u00e4ytt\u00e4m\u00e4tt\u00f6mist\u00e4 tilausjaksoista ei makseta hyvityksi\u00e4 tai osittaisia hyvityksi\u00e4, ellei laki edellyt\u00e4 tai ellei Apple tai Google nimenomaisesti toisin ilmoita myyntipisteess\u00e4. <\/p>\n<ol start=\"3\">\n<li><strong>  Tukikelpoisuus<\/strong><\/li>\n<\/ol>\n<p>Vonde Pro -sovelluksen kautta tehtyjen ostojen tai tilausten palautuksiin sovelletaan Applen App Storen tai Google Play Storen palautusk\u00e4yt\u00e4nt\u00f6j\u00e4 riippuen siit\u00e4, miss\u00e4 maksutapahtuma on tehty. Yleisesti ottaen palautuksia voidaan my\u00f6nt\u00e4\u00e4 seuraavissa olosuhteissa Applen tai Googlen m\u00e4\u00e4rittelemiss\u00e4 olosuhteissa: <\/p>\n<ul>\n<li>Sovelluksen tekniset ongelmat tai toimintah\u00e4iri\u00f6t, jotka est\u00e4v\u00e4t maksullisten palveluiden k\u00e4yt\u00f6n ja joita emme pysty ratkaisemaan kohtuullisessa ajassa.<\/li>\n<li>Luvattomat maksutapahtumat, jotka todistetusti ovat aiheutuneet tietoturvaloukkauksista, jotka eiv\u00e4t ole johtuneet k\u00e4ytt\u00e4j\u00e4n huolimattomuudesta.<\/li>\n<\/ul>\n<p>Pelk\u00e4st\u00e4\u00e4n palveluun tyytym\u00e4tt\u00f6myyteen tai muuttuneisiin henkil\u00f6kohtaisiin olosuhteisiin perustuvat palautuspyynn\u00f6t eiv\u00e4t yleens\u00e4 ole tukikelpoisia, sill\u00e4 ne k\u00e4sitell\u00e4\u00e4n Applen tai Googlen harkinnan mukaan.<\/p>\n<ol start=\"4\">\n<li><strong>  Palautuspyynt\u00f6menettely<\/strong><\/li>\n<\/ol>\n<p>Kaikki palautuspyynn\u00f6t on teht\u00e4v\u00e4 Apple App Storen tai Google Play Storen k\u00e4yt\u00e4nt\u00f6jen ja menettelyjen mukaisesti. Voit pyyt\u00e4\u00e4 hyvityst\u00e4 noudattamalla kyseisen kaupan antamia ohjeita: <\/p>\n<ul>\n<li><strong>Apple App Store:<\/strong> [https:\/\/support .apple.com\/en-gb\/118223]<\/li>\n<li><strong>Google Play Store:<\/strong> [https:\/\/support .google.com=&#8221;&#8221;]<\/li>\n<\/ul>\n<p>Kaikki palautuspyynt\u00f6j\u00e4 koskevat yhteydenotot on osoitettava asianomaiseen sovelluskauppaan.<\/p>\n<ol start=\"5\">\n<li><strong>  Palautusten k\u00e4sittely<\/strong><\/li>\n<\/ol>\n<p>Apple tai Google k\u00e4sittelee hyv\u00e4ksytyt hyvitykset alkuper\u00e4isen maksutavan kautta. K\u00e4sittelyajat voivat vaihdella maksupalveluntarjoajien ja sovelluskaupan k\u00e4yt\u00e4nt\u00f6jen mukaan. <\/p>\n<ol start=\"6\">\n<li><strong>  Rajoitukset<\/strong><\/li>\n<\/ol>\n<p>Yhti\u00f6mme pid\u00e4tt\u00e4\u00e4 oikeuden kielt\u00e4yty\u00e4 avustamasta palautuspyynn\u00f6iss\u00e4, jotka eiv\u00e4t ole Apple App Storen tai Google Play Storen k\u00e4yt\u00e4nt\u00f6jen mukaisia.<\/p>\n<ol start=\"7\">\n<li><strong>  Muutokset t\u00e4h\u00e4n k\u00e4yt\u00e4nt\u00f6\u00f6n<\/strong><\/li>\n<\/ol>\n<p>T\u00e4t\u00e4 palautus- ja peruutusehtoa voidaan p\u00e4ivitt\u00e4\u00e4 s\u00e4\u00e4nn\u00f6llisesti. Merkitt\u00e4vist\u00e4 muutoksista ilmoitetaan sovellusilmoitusten tai rekister\u00f6idyn s\u00e4hk\u00f6postin v\u00e4lityksell\u00e4. <\/p>\n<ol start=\"8\">\n<li><strong>  Yhteystiedot<\/strong><\/li>\n<\/ol>\n<p>Jos sinulla on t\u00e4t\u00e4 k\u00e4yt\u00e4nt\u00f6\u00e4 koskevia kysymyksi\u00e4 tai apua, ota yhteytt\u00e4:<\/p>\n<p>KMAK Kelet-Magyarorsz\u00e1gi Adatk\u00f6zpont Kft.<\/p>\n<p>H-5000 Szolnok, Szap\u00e1ry utca 20.<\/p>\n<p>S\u00e4hk\u00f6posti: info@vondetechnology.com<\/p>\n<p>Tekem\u00e4ll\u00e4 ostoksen tai tekem\u00e4ll\u00e4 tilauksen Vonde Pro -sovelluksessa hyv\u00e4ksyt t\u00e4m\u00e4n palautus- ja peruutusk\u00e4yt\u00e4nn\u00f6n ehdot ja ymm\u00e4rr\u00e4t, ett\u00e4 palautus- ja peruutusprosesseihin sovelletaan Applen App Storen tai Google Play Storen k\u00e4yt\u00e4nt\u00f6j\u00e4.[\/vc_column_text][\/vc_column][\/vc_row]<\/p>\n<\/div>","protected":false},"excerpt":{"rendered":"<p>[vc_row][vc_column][vc_empty_space][vc_column_text el_class=&#8221;legal-text&#8221;]Voimaantulop\u00e4iv\u00e4: 2025 Johdanto T\u00e4ss\u00e4 palautus- ja peruutusk\u00e4yt\u00e4nn\u00f6ss\u00e4 kuvataan menettelyt ja ehdot, jotka koskevat Vonde Technologyn (&#8220;me&#8221;, &#8220;meid\u00e4t&#8221;, &#8220;meid\u00e4n&#8221;) tarjoaman Vonde Pro -sovelluksen (&#8220;Sovellus&#8221;) kautta tehtyjen ostojen ja tilausten palautuksia ja peruutuksia. Koska Vonde Pro -sovellus on saatavilla yksinomaan Apple App Storen ja Google Play Storen kautta, kaikkiin tapahtumiin, peruutuksiin ja palautuksiin sovelletaan kyseisten kauppojen [&hellip;]<\/p>\n","protected":false},"author":1,"featured_media":0,"parent":0,"menu_order":0,"comment_status":"closed","ping_status":"closed","template":"","meta":{"footnotes":""},"class_list":["post-17345","page","type-page","status-publish","hentry"],"yoast_head":"<!-- This site is optimized with the Yoast SEO plugin v24.7 - https:\/\/yoast.com\/wordpress\/plugins\/seo\/ -->\n<title>Vonde Pro -sovelluksen palautus- ja peruutusehdot - Vondetech<\/title>\n<meta name=\"robots\" content=\"index, follow, max-snippet:-1, max-image-preview:large, max-video-preview:-1\" \/>\n<link rel=\"canonical\" href=\"https:\/\/vondetech.com\/fi\/palautus-ja-hyvityskaytanto\/\" \/>\n<meta property=\"og:locale\" content=\"fi_FI\" \/>\n<meta property=\"og:type\" content=\"article\" \/>\n<meta property=\"og:title\" content=\"Vonde Pro -sovelluksen palautus- ja peruutusehdot - Vondetech\" \/>\n<meta property=\"og:description\" content=\"[vc_row][vc_column][vc_empty_space][vc_column_text el_class=&#8221;legal-text&#8221;]Voimaantulop\u00e4iv\u00e4: 2025 Johdanto T\u00e4ss\u00e4 palautus- ja peruutusk\u00e4yt\u00e4nn\u00f6ss\u00e4 kuvataan menettelyt ja ehdot, jotka koskevat Vonde Technologyn (&#8220;me&#8221;, &#8220;meid\u00e4t&#8221;, &#8220;meid\u00e4n&#8221;) tarjoaman Vonde Pro -sovelluksen (&#8220;Sovellus&#8221;) kautta tehtyjen ostojen ja tilausten palautuksia ja peruutuksia. Koska Vonde Pro -sovellus on saatavilla yksinomaan Apple App Storen ja Google Play Storen kautta, kaikkiin tapahtumiin, peruutuksiin ja palautuksiin sovelletaan kyseisten kauppojen [&hellip;]\" \/>\n<meta property=\"og:url\" content=\"https:\/\/vondetech.com\/fi\/palautus-ja-hyvityskaytanto\/\" \/>\n<meta property=\"og:site_name\" content=\"Vondetech\" \/>\n<meta property=\"article:modified_time\" content=\"2025-03-21T06:57:12+00:00\" \/>\n<meta name=\"twitter:card\" content=\"summary_large_image\" \/>\n<meta name=\"twitter:label1\" content=\"Arvioitu lukuaika\" \/>\n\t<meta name=\"twitter:data1\" content=\"2 minuuttia\" \/>\n<script type=\"application\/ld+json\" class=\"yoast-schema-graph\">{\"@context\":\"https:\/\/schema.org\",\"@graph\":[{\"@type\":\"WebPage\",\"@id\":\"https:\/\/vondetech.com\/fi\/palautus-ja-hyvityskaytanto\/\",\"url\":\"https:\/\/vondetech.com\/fi\/palautus-ja-hyvityskaytanto\/\",\"name\":\"Vonde Pro -sovelluksen palautus- ja peruutusehdot - Vondetech\",\"isPartOf\":{\"@id\":\"https:\/\/vondetech.com\/fi\/#website\"},\"datePublished\":\"2024-05-23T13:08:00+00:00\",\"dateModified\":\"2025-03-21T06:57:12+00:00\",\"breadcrumb\":{\"@id\":\"https:\/\/vondetech.com\/fi\/palautus-ja-hyvityskaytanto\/#breadcrumb\"},\"inLanguage\":\"fi\",\"potentialAction\":[{\"@type\":\"ReadAction\",\"target\":[\"https:\/\/vondetech.com\/fi\/palautus-ja-hyvityskaytanto\/\"]}]},{\"@type\":\"BreadcrumbList\",\"@id\":\"https:\/\/vondetech.com\/fi\/palautus-ja-hyvityskaytanto\/#breadcrumb\",\"itemListElement\":[{\"@type\":\"ListItem\",\"position\":1,\"name\":\"Kotiin\",\"item\":\"https:\/\/vondetech.com\/fi\/kotiin\/\"},{\"@type\":\"ListItem\",\"position\":2,\"name\":\"Vonde Pro -sovelluksen palautus- ja peruutusehdot\"}]},{\"@type\":\"WebSite\",\"@id\":\"https:\/\/vondetech.com\/fi\/#website\",\"url\":\"https:\/\/vondetech.com\/fi\/\",\"name\":\"Vondetech\",\"description\":\"\",\"potentialAction\":[{\"@type\":\"SearchAction\",\"target\":{\"@type\":\"EntryPoint\",\"urlTemplate\":\"https:\/\/vondetech.com\/fi\/?s={search_term_string}\"},\"query-input\":{\"@type\":\"PropertyValueSpecification\",\"valueRequired\":true,\"valueName\":\"search_term_string\"}}],\"inLanguage\":\"fi\"}]}<\/script>\n<!-- \/ Yoast SEO plugin. -->","yoast_head_json":{"title":"Vonde Pro -sovelluksen palautus- ja peruutusehdot - Vondetech","robots":{"index":"index","follow":"follow","max-snippet":"max-snippet:-1","max-image-preview":"max-image-preview:large","max-video-preview":"max-video-preview:-1"},"canonical":"https:\/\/vondetech.com\/fi\/palautus-ja-hyvityskaytanto\/","og_locale":"fi_FI","og_type":"article","og_title":"Vonde Pro -sovelluksen palautus- ja peruutusehdot - Vondetech","og_description":"[vc_row][vc_column][vc_empty_space][vc_column_text el_class=&#8221;legal-text&#8221;]Voimaantulop\u00e4iv\u00e4: 2025 Johdanto T\u00e4ss\u00e4 palautus- ja peruutusk\u00e4yt\u00e4nn\u00f6ss\u00e4 kuvataan menettelyt ja ehdot, jotka koskevat Vonde Technologyn (&#8220;me&#8221;, &#8220;meid\u00e4t&#8221;, &#8220;meid\u00e4n&#8221;) tarjoaman Vonde Pro -sovelluksen (&#8220;Sovellus&#8221;) kautta tehtyjen ostojen ja tilausten palautuksia ja peruutuksia. Koska Vonde Pro -sovellus on saatavilla yksinomaan Apple App Storen ja Google Play Storen kautta, kaikkiin tapahtumiin, peruutuksiin ja palautuksiin sovelletaan kyseisten kauppojen [&hellip;]","og_url":"https:\/\/vondetech.com\/fi\/palautus-ja-hyvityskaytanto\/","og_site_name":"Vondetech","article_modified_time":"2025-03-21T06:57:12+00:00","twitter_card":"summary_large_image","twitter_misc":{"Arvioitu lukuaika":"2 minuuttia"},"schema":{"@context":"https:\/\/schema.org","@graph":[{"@type":"WebPage","@id":"https:\/\/vondetech.com\/fi\/palautus-ja-hyvityskaytanto\/","url":"https:\/\/vondetech.com\/fi\/palautus-ja-hyvityskaytanto\/","name":"Vonde Pro -sovelluksen palautus- ja peruutusehdot - Vondetech","isPartOf":{"@id":"https:\/\/vondetech.com\/fi\/#website"},"datePublished":"2024-05-23T13:08:00+00:00","dateModified":"2025-03-21T06:57:12+00:00","breadcrumb":{"@id":"https:\/\/vondetech.com\/fi\/palautus-ja-hyvityskaytanto\/#breadcrumb"},"inLanguage":"fi","potentialAction":[{"@type":"ReadAction","target":["https:\/\/vondetech.com\/fi\/palautus-ja-hyvityskaytanto\/"]}]},{"@type":"BreadcrumbList","@id":"https:\/\/vondetech.com\/fi\/palautus-ja-hyvityskaytanto\/#breadcrumb","itemListElement":[{"@type":"ListItem","position":1,"name":"Kotiin","item":"https:\/\/vondetech.com\/fi\/kotiin\/"},{"@type":"ListItem","position":2,"name":"Vonde Pro -sovelluksen palautus- ja peruutusehdot"}]},{"@type":"WebSite","@id":"https:\/\/vondetech.com\/fi\/#website","url":"https:\/\/vondetech.com\/fi\/","name":"Vondetech","description":"","potentialAction":[{"@type":"SearchAction","target":{"@type":"EntryPoint","urlTemplate":"https:\/\/vondetech.com\/fi\/?s={search_term_string}"},"query-input":{"@type":"PropertyValueSpecification","valueRequired":true,"valueName":"search_term_string"}}],"inLanguage":"fi"}]}},"_links":{"self":[{"href":"https:\/\/vondetech.com\/fi\/wp-json\/wp\/v2\/pages\/17345","targetHints":{"allow":["GET"]}}],"collection":[{"href":"https:\/\/vondetech.com\/fi\/wp-json\/wp\/v2\/pages"}],"about":[{"href":"https:\/\/vondetech.com\/fi\/wp-json\/wp\/v2\/types\/page"}],"author":[{"embeddable":true,"href":"https:\/\/vondetech.com\/fi\/wp-json\/wp\/v2\/users\/1"}],"replies":[{"embeddable":true,"href":"https:\/\/vondetech.com\/fi\/wp-json\/wp\/v2\/comments?post=17345"}],"version-history":[{"count":11,"href":"https:\/\/vondetech.com\/fi\/wp-json\/wp\/v2\/pages\/17345\/revisions"}],"predecessor-version":[{"id":21154,"href":"https:\/\/vondetech.com\/fi\/wp-json\/wp\/v2\/pages\/17345\/revisions\/21154"}],"wp:attachment":[{"href":"https:\/\/vondetech.com\/fi\/wp-json\/wp\/v2\/media?parent=17345"}],"curies":[{"name":"wp","href":"https:\/\/api.w.org\/{rel}","templated":true}]}}