{"id":17342,"date":"2024-05-23T15:23:20","date_gmt":"2024-05-23T13:23:20","guid":{"rendered":"https:\/\/vondetech.com\/tietojenkasittelysopimus-dpa\/"},"modified":"2025-03-20T10:09:19","modified_gmt":"2025-03-20T09:09:19","slug":"tietojenkasittelysopimus-dpa","status":"publish","type":"page","link":"https:\/\/vondetech.com\/fi\/tietojenkasittelysopimus-dpa\/","title":{"rendered":"Vonde Pro -sovelluksen tietojenk\u00e4sittelysopimus (DPA)"},"content":{"rendered":"<div class=\"wpb-content-wrapper\"><p>[vc_row][vc_column][vc_empty_space][vc_column_text el_class=&#8221;legal-text&#8221;]<strong>Voimaantulop\u00e4iv\u00e4:<\/strong> 2025<\/p>\n<p>T\u00e4m\u00e4 tietojenk\u00e4sittelysopimus (&#8220;sopimus&#8221;) tehd\u00e4\u00e4n seuraavien v\u00e4lill\u00e4:<\/p>\n<p><strong>Rekisterinpit\u00e4j\u00e4:<\/strong> Vonde Technologyn palveluiden k\u00e4ytt\u00e4j\u00e4 tai asiakas (&#8220;Rekisterinpit\u00e4j\u00e4&#8221;).<\/p>\n<p>ja<\/p>\n<p><strong>Tietojen k\u00e4sittelij\u00e4:<\/strong> Vonde Technology, jota hallinnoi KMAK Kelet-Magyarorsz\u00e1gi Adatk\u00f6zpont Kft. (&#8220;Tietojen k\u00e4sittelij\u00e4&#8221;) <\/p>\n<ol>\n<li><strong>  M\u00e4\u00e4ritelm\u00e4t<\/strong><\/li>\n<\/ol>\n<p>T\u00e4h\u00e4n sopimukseen sovelletaan tietosuoja-asetuksessa (asetus EU 2016\/679) m\u00e4\u00e4riteltyj\u00e4 termej\u00e4:<\/p>\n<ul>\n<li>&#8216;Henkil\u00f6tiedoilla&#8217; tarkoitetaan kaikkia tunnistettuun tai tunnistettavissa olevaan luonnolliseen henkil\u00f6\u00f6n liittyvi\u00e4 tietoja.<\/li>\n<li>&#8220;K\u00e4sittely&#8221;: kaikki henkil\u00f6tiedoille suoritettavat toimenpiteet, kuten tietojen ker\u00e4\u00e4minen, tallentaminen, muuttaminen, l\u00e4hett\u00e4minen tai poistaminen.<\/li>\n<li>&#8220;Tietomurto&#8221;: Henkil\u00f6tietojen luvaton k\u00e4ytt\u00f6, muuttaminen, luovuttaminen tai h\u00e4vi\u00e4minen.<\/li>\n<\/ul>\n<ol start=\"2\">\n<li><strong>  Kohde ja k\u00e4sittelyn kesto<\/strong><\/li>\n<\/ol>\n<p>Tietojen k\u00e4sittelij\u00e4 k\u00e4sittelee henkil\u00f6tietoja yksinomaan seuraavien palvelujen tarjoamiseksi:<\/p>\n<ul>\n<li>Digitaalisen k\u00e4yntikortin (Biopage) luominen ja hallinta<\/li>\n<li>URL-osoitteen lyhent\u00e4minen<\/li>\n<li>NFC- ja QR-koodien hallinta<\/li>\n<li>Apple\/Google Wallet -integraatio<\/li>\n<\/ul>\n<p>Tietojen k\u00e4sittely jatkuu niin kauan kuin palveluja tarjotaan tai kunnes rekisterinpit\u00e4j\u00e4 lopettaa palvelujen tarjoamisen.<\/p>\n<ol start=\"3\">\n<li><strong>  K\u00e4sitelt\u00e4vien henkil\u00f6tietojen luokat<\/strong><\/li>\n<\/ol>\n<ul>\n<li>Yhteystiedot: Nimi, s\u00e4hk\u00f6postiosoite, puhelinnumero<\/li>\n<li>Tapahtuman ja tilauksen tiedot (tarvittaessa)<\/li>\n<li>Tekniset tiedot: IP-osoitteet, laitetunnisteet, k\u00e4ytt\u00f6j\u00e4rjestelm\u00e4n tiedot.<\/li>\n<li>K\u00e4ytt\u00f6tiedot ja analytiikka<\/li>\n<\/ul>\n<ol start=\"4\">\n<li><strong>  Tietojen k\u00e4sittelij\u00e4n velvollisuudet<\/strong><\/li>\n<\/ol>\n<p>Tietojen k\u00e4sittelij\u00e4 sitoutuu:<\/p>\n<ul>\n<li>K\u00e4sittele henkil\u00f6tietoja ainoastaan rekisterinpit\u00e4j\u00e4n dokumentoitujen ohjeiden mukaisesti.<\/li>\n<li>S\u00e4ilyt\u00e4 henkil\u00f6tietojen tiukka luottamuksellisuus.<\/li>\n<li>Varmistetaan, ett\u00e4 kaikkia henkil\u00f6tietoja k\u00e4sittelevi\u00e4 henkil\u00f6it\u00e4 sitoo salassapitovelvollisuus.<\/li>\n<li>Toteutetaan asianmukaisia teknisi\u00e4 ja organisatorisia toimenpiteit\u00e4 henkil\u00f6tietojen suojaamiseksi, mukaan lukien muun muassa salaus, turvallinen varastointi, p\u00e4\u00e4synvalvonta ja s\u00e4\u00e4nn\u00f6lliset tietoturvatarkastukset.<\/li>\n<li>Ilmoittaa rekisterinpit\u00e4j\u00e4lle viipym\u00e4tt\u00e4 ja ilman aiheetonta viivytyst\u00e4 tietosuojaloukkauksista ja antaa kaikki tarvittavat tiedot, jotta rekisterinpit\u00e4j\u00e4 voi t\u00e4ytt\u00e4\u00e4 tietosuoja-asetuksen mukaiset velvoitteensa.<\/li>\n<li>antaa rekisterinpit\u00e4j\u00e4lle luvan suorittaa tarkastuksia tai tarkastuksia kohtuullisen ajan kuluessa etuk\u00e4teen t\u00e4m\u00e4n sopimuksen noudattamisen varmistamiseksi.<\/li>\n<li>Ilmoita rekisterinpit\u00e4j\u00e4lle v\u00e4litt\u00f6m\u00e4sti kaikista rekister\u00f6ityjen tai viranomaisten pyynn\u00f6ist\u00e4, jotka liittyv\u00e4t k\u00e4siteltyihin henkil\u00f6tietoihin.<\/li>\n<li>Noudattaa yleist\u00e4 tietosuoja-asetusta ja kaikkia muita sovellettavia tietosuojalakeja ja -m\u00e4\u00e4r\u00e4yksi\u00e4.<\/li>\n<\/ul>\n<ol start=\"5\">\n<li><strong>  Aliprosessorit<\/strong><\/li>\n<\/ol>\n<p>Tietojen k\u00e4sittelij\u00e4 voi k\u00e4ytt\u00e4\u00e4 seuraavia alihankkijoita:<\/p>\n<ul>\n<li>Amazon Web Services (AWS): pilvi-infrastruktuurin tarjoaja.<\/li>\n<li>Google (Firebase, AdMob, Analytics): analytiikka- ja mainospalvelut.<\/li>\n<\/ul>\n<p>Tietojen k\u00e4sittelij\u00e4 varmistaa, ett\u00e4 alihankkijat noudattavat samoja tietosuojavelvoitteita kuin t\u00e4ss\u00e4 sopimuksessa, ja on vastuussa niiden toimista ja laiminly\u00f6nneist\u00e4. Tietojen k\u00e4sittelij\u00e4 toimittaa rekisterinpit\u00e4j\u00e4lle luettelon alihankkijoista ja ilmoittaa rekisterinpit\u00e4j\u00e4lle kaikista suunnitelluista muutoksista, jotka koskevat muiden alihankkijoiden lis\u00e4\u00e4mist\u00e4 tai korvaamista, ja antaa siten rekisterinpit\u00e4j\u00e4lle mahdollisuuden vastustaa t\u00e4llaisia muutoksia. <\/p>\n<ol start=\"6\">\n<li><strong>  Tiedonsiirrot<\/strong><\/li>\n<\/ol>\n<p>Kansainv\u00e4lisiss\u00e4 tiedonsiirroissa noudatetaan GDPR-standardeja, ja niihin sis\u00e4ltyy suojatoimia, kuten EU:n vakiosopimuslausekkeita tai muita asianmukaisia siirtomekanismeja, joilla varmistetaan riitt\u00e4v\u00e4 suojan taso.<\/p>\n<ol start=\"6\">\n<li><strong>  Rekisterinpit\u00e4j\u00e4n velvollisuudet<\/strong><\/li>\n<\/ol>\n<p>Rekisterinpit\u00e4j\u00e4 on vastuussa seuraavista:<\/p>\n<ul>\n<li>Henkil\u00f6tietojen k\u00e4sittelyn p\u00e4tev\u00e4n oikeusperustan varmistaminen.<\/li>\n<li>Tiedottaminen rekister\u00f6idyille tietojenk\u00e4sittelytoimista avoimesti.<\/li>\n<li>Vastaaminen rekister\u00f6ityjen pyynt\u00f6ihin ja yleisen tietosuoja-asetuksen tai asiaankuuluvien tietosuojas\u00e4\u00e4nn\u00f6sten mukaisten velvoitteiden t\u00e4ytt\u00e4minen, mukaan lukien muun muassa tietojen antaminen, oikaiseminen, poistaminen, rajoittaminen, siirrett\u00e4vyys ja oikeus vastustaa k\u00e4sittely\u00e4.<\/li>\n<\/ul>\n<ol start=\"7\">\n<li><strong>  Turvatoimenpiteet<\/strong><\/li>\n<\/ol>\n<p>Tietojen k\u00e4sittelij\u00e4 toteuttaa teknisi\u00e4 ja organisatorisia toimenpiteit\u00e4 henkil\u00f6tietojen turvallisuuden varmistamiseksi, mukaan lukien:<\/p>\n<ul>\n<li>Henkil\u00f6tietojen salaus sek\u00e4 siirron aikana ett\u00e4 levossa.<\/li>\n<li>Henkil\u00f6tietojen turvallinen tallennus.<\/li>\n<li>Henkil\u00f6tietojen p\u00e4\u00e4synvalvonta, joka rajoittaa p\u00e4\u00e4syn vain valtuutetulle henkil\u00f6st\u00f6lle.<\/li>\n<li>S\u00e4\u00e4nn\u00f6lliset tietoturvatarkastukset ja haavoittuvuusarvioinnit.<\/li>\n<li>Asianmukaisten todennus- ja valtuutusmekanismien k\u00e4ytt\u00f6\u00f6notto.<\/li>\n<li>S\u00e4\u00e4nn\u00f6lliset varmuuskopiot ja palautusmenettelyt.<\/li>\n<\/ul>\n<ol start=\"8\">\n<li><strong>  Tietomurrosta ilmoittaminen<\/strong><\/li>\n<\/ol>\n<p>Tietojenk\u00e4sittelij\u00e4 ilmoittaa rekisterinpit\u00e4j\u00e4lle ilman aiheetonta viivytyst\u00e4 ja joka tapauksessa 72 tunnin kuluessa siit\u00e4, kun h\u00e4n on saanut tiedon tietoturvaloukkauksesta. Ilmoitus sis\u00e4lt\u00e4\u00e4 kaikki tietosuoja-asetuksen edellytt\u00e4m\u00e4t olennaiset tiedot, kuten tietoturvaloukkauksen luonteen, asianomaisten rekister\u00f6ityjen luokat ja lukum\u00e4\u00e4r\u00e4n, todenn\u00e4k\u00f6iset seuraukset sek\u00e4 toimenpiteet, jotka on toteutettu tai joita ehdotetaan toteutettavaksi tietoturvaloukkauksen korjaamiseksi. Henkil\u00f6tietojen k\u00e4sittelij\u00e4 tekee t\u00e4ysim\u00e4\u00e4r\u00e4isesti yhteisty\u00f6t\u00e4 rekisterinpit\u00e4j\u00e4n kanssa tietoturvaloukkauksen k\u00e4sittelemiseksi ja lievent\u00e4miseksi.  <\/p>\n<ol start=\"8\">\n<li><strong>  Rekister\u00f6idyn oikeudet<\/strong><\/li>\n<\/ol>\n<p>Henkil\u00f6tietojen k\u00e4sittelij\u00e4 avustaa rekisterinpit\u00e4j\u00e4\u00e4 t\u00e4ytt\u00e4m\u00e4\u00e4n velvollisuudet, jotka liittyv\u00e4t rekister\u00f6ityjen oikeuksiin, mukaan lukien tietojen saanti, oikaiseminen, poistaminen, rajoittaminen, siirrett\u00e4vyys ja k\u00e4sittelyn vastustaminen, antamalla rekisterinpit\u00e4j\u00e4lle tarvittavat tiedot ja v\u00e4lineet rekister\u00f6idyn pyynt\u00f6ihin vastaamiseksi.<\/p>\n<ol start=\"9\">\n<li><strong>  Lopettaminen ja tietojen poistaminen<\/strong><\/li>\n<\/ol>\n<p>Palvelun p\u00e4\u00e4ttyess\u00e4 henkil\u00f6tietojen k\u00e4sittelij\u00e4 joko poistaa tai palauttaa kaikki henkil\u00f6tiedot rekisterinpit\u00e4j\u00e4n dokumentoitujen ohjeiden mukaisesti, ellei unionin tai j\u00e4senvaltion lains\u00e4\u00e4d\u00e4nt\u00f6, jota henkil\u00f6tietojen k\u00e4sittelij\u00e4 soveltaa, edellyt\u00e4 tietojen s\u00e4ilytt\u00e4mist\u00e4.<\/p>\n<ol start=\"10\">\n<li><strong>  Auditoinnit ja tarkastukset<\/strong><\/li>\n<\/ol>\n<p>Rekisterinpit\u00e4j\u00e4 voi kohtuullisen kirjallisen ennakkoilmoituksen j\u00e4lkeen tehd\u00e4 tarkastuksia varmistaakseen, ett\u00e4 t\u00e4t\u00e4 sopimusta noudatetaan. Henkil\u00f6tietojen k\u00e4sittelij\u00e4n on annettava kohtuullisesti apua ja annettava rekisterinpit\u00e4j\u00e4lle p\u00e4\u00e4sy tietoihin, joita se tarvitsee t\u00e4llaisten tarkastusten suorittamiseksi. <\/p>\n<ol start=\"10\">\n<li><strong>  Kansainv\u00e4liset siirrot<\/strong><\/li>\n<\/ol>\n<p>Tietojen k\u00e4sittelij\u00e4 varmistaa kansainv\u00e4listen tiedonsiirtostandardien noudattamisen, mukaan lukien vakiosopimuslausekkeiden tai muiden asianmukaisten mekanismien k\u00e4ytt\u00f6, ja toteuttaa tarvittaessa lis\u00e4turvatoimia varmistaakseen Euroopan talousalueen (ETA) ulkopuolelle siirrett\u00e4vien henkil\u00f6tietojen riitt\u00e4v\u00e4n suojan tason.<\/p>\n<ol start=\"10\">\n<li><strong>  Tietomurrosta ilmoittaminen<\/strong><\/li>\n<\/ol>\n<p>Henkil\u00f6tietojen k\u00e4sittelij\u00e4 ilmoittaa rekisterinpit\u00e4j\u00e4lle kaikista tietoturvaloukkauksista ilman aiheetonta viivytyst\u00e4 ja joka tapauksessa 72 tunnin kuluessa siit\u00e4, kun h\u00e4n on saanut tiedon tietoturvaloukkauksesta, ja tekee t\u00e4ysim\u00e4\u00e4r\u00e4isesti yhteisty\u00f6t\u00e4 tietoturvaloukkauksen k\u00e4sittelemiseksi ja lievent\u00e4miseksi.<\/p>\n<ol start=\"11\">\n<li><strong>  Sovellettava laki<\/strong><\/li>\n<\/ol>\n<p>T\u00e4h\u00e4n sopimukseen sovelletaan sovellettavia EU:n tietosuojalakeja, mukaan lukien yleinen tietosuoja-asetus, ja muita asiaankuuluvia laink\u00e4ytt\u00f6alueeseen liittyvi\u00e4 s\u00e4\u00e4nn\u00f6ksi\u00e4.<\/p>\n<ol start=\"12\">\n<li><strong>  T\u00e4m\u00e4n sopimuksen p\u00e4ivitykset<\/strong><\/li>\n<\/ol>\n<p>Pid\u00e4t\u00e4mme oikeuden p\u00e4ivitt\u00e4\u00e4 t\u00e4t\u00e4 sopimusta m\u00e4\u00e4r\u00e4ajoin. P\u00e4ivityksist\u00e4 ilmoitetaan selke\u00e4sti rekisterinpit\u00e4j\u00e4lle, ja rekisterinpit\u00e4j\u00e4ll\u00e4 on oikeus vastustaa t\u00e4llaisia muutoksia. <\/p>\n<ol start=\"12\">\n<li><strong>  Yhteystiedot<\/strong><\/li>\n<\/ol>\n<p>Jos sinulla on kysytt\u00e4v\u00e4\u00e4 t\u00e4st\u00e4 tietojenk\u00e4sittelysopimuksesta, ota yhteytt\u00e4:<\/p>\n<p>KMAK Kelet-Magyarorsz\u00e1gi Adatk\u00f6zpont Kft.<\/p>\n<p>H-5000 Szolnok, Szap\u00e1ry utca 20.<\/p>\n<p>S\u00e4hk\u00f6posti: info@vondetechnology.com<\/p>\n<p>K\u00e4ytt\u00e4m\u00e4ll\u00e4 Vonde Technologyn palveluja molemmat osapuolet sitoutuvat noudattamaan t\u00e4ss\u00e4 tietojenk\u00e4sittelysopimuksessa m\u00e4\u00e4riteltyj\u00e4 ehtoja.[\/vc_column_text][\/vc_column][\/vc_row]<\/p>\n<\/div>","protected":false},"excerpt":{"rendered":"<p>[vc_row][vc_column][vc_empty_space][vc_column_text el_class=&#8221;legal-text&#8221;]Voimaantulop\u00e4iv\u00e4: 2025 T\u00e4m\u00e4 tietojenk\u00e4sittelysopimus (&#8220;sopimus&#8221;) tehd\u00e4\u00e4n seuraavien v\u00e4lill\u00e4: Rekisterinpit\u00e4j\u00e4: Vonde Technologyn palveluiden k\u00e4ytt\u00e4j\u00e4 tai asiakas (&#8220;Rekisterinpit\u00e4j\u00e4&#8221;). ja Tietojen k\u00e4sittelij\u00e4: Vonde Technology, jota hallinnoi KMAK Kelet-Magyarorsz\u00e1gi Adatk\u00f6zpont Kft. (&#8220;Tietojen k\u00e4sittelij\u00e4&#8221;) M\u00e4\u00e4ritelm\u00e4t T\u00e4h\u00e4n sopimukseen sovelletaan tietosuoja-asetuksessa (asetus EU 2016\/679) m\u00e4\u00e4riteltyj\u00e4 termej\u00e4: &#8216;Henkil\u00f6tiedoilla&#8217; tarkoitetaan kaikkia tunnistettuun tai tunnistettavissa olevaan luonnolliseen henkil\u00f6\u00f6n liittyvi\u00e4 tietoja. &#8220;K\u00e4sittely&#8221;: kaikki henkil\u00f6tiedoille suoritettavat [&hellip;]<\/p>\n","protected":false},"author":1,"featured_media":0,"parent":0,"menu_order":0,"comment_status":"closed","ping_status":"closed","template":"","meta":{"footnotes":""},"class_list":["post-17342","page","type-page","status-publish","hentry"],"yoast_head":"<!-- This site is optimized with the Yoast SEO plugin v24.7 - https:\/\/yoast.com\/wordpress\/plugins\/seo\/ -->\n<title>Vonde Pro -sovelluksen tietojenk\u00e4sittelysopimus (DPA) - Vondetech<\/title>\n<meta name=\"robots\" content=\"index, follow, max-snippet:-1, max-image-preview:large, max-video-preview:-1\" \/>\n<link rel=\"canonical\" href=\"https:\/\/vondetech.com\/fi\/tietojenkasittelysopimus-dpa\/\" \/>\n<meta property=\"og:locale\" content=\"fi_FI\" \/>\n<meta property=\"og:type\" content=\"article\" \/>\n<meta property=\"og:title\" content=\"Vonde Pro -sovelluksen tietojenk\u00e4sittelysopimus (DPA) - Vondetech\" \/>\n<meta property=\"og:description\" content=\"[vc_row][vc_column][vc_empty_space][vc_column_text el_class=&#8221;legal-text&#8221;]Voimaantulop\u00e4iv\u00e4: 2025 T\u00e4m\u00e4 tietojenk\u00e4sittelysopimus (&#8220;sopimus&#8221;) tehd\u00e4\u00e4n seuraavien v\u00e4lill\u00e4: Rekisterinpit\u00e4j\u00e4: Vonde Technologyn palveluiden k\u00e4ytt\u00e4j\u00e4 tai asiakas (&#8220;Rekisterinpit\u00e4j\u00e4&#8221;). ja Tietojen k\u00e4sittelij\u00e4: Vonde Technology, jota hallinnoi KMAK Kelet-Magyarorsz\u00e1gi Adatk\u00f6zpont Kft. (&#8220;Tietojen k\u00e4sittelij\u00e4&#8221;) M\u00e4\u00e4ritelm\u00e4t T\u00e4h\u00e4n sopimukseen sovelletaan tietosuoja-asetuksessa (asetus EU 2016\/679) m\u00e4\u00e4riteltyj\u00e4 termej\u00e4: &#8216;Henkil\u00f6tiedoilla&#8217; tarkoitetaan kaikkia tunnistettuun tai tunnistettavissa olevaan luonnolliseen henkil\u00f6\u00f6n liittyvi\u00e4 tietoja. &#8220;K\u00e4sittely&#8221;: kaikki henkil\u00f6tiedoille suoritettavat [&hellip;]\" \/>\n<meta property=\"og:url\" content=\"https:\/\/vondetech.com\/fi\/tietojenkasittelysopimus-dpa\/\" \/>\n<meta property=\"og:site_name\" content=\"Vondetech\" \/>\n<meta property=\"article:modified_time\" content=\"2025-03-20T09:09:19+00:00\" \/>\n<meta name=\"twitter:card\" content=\"summary_large_image\" \/>\n<meta name=\"twitter:label1\" content=\"Arvioitu lukuaika\" \/>\n\t<meta name=\"twitter:data1\" content=\"4 minuuttia\" \/>\n<script type=\"application\/ld+json\" class=\"yoast-schema-graph\">{\"@context\":\"https:\/\/schema.org\",\"@graph\":[{\"@type\":\"WebPage\",\"@id\":\"https:\/\/vondetech.com\/fi\/tietojenkasittelysopimus-dpa\/\",\"url\":\"https:\/\/vondetech.com\/fi\/tietojenkasittelysopimus-dpa\/\",\"name\":\"Vonde Pro -sovelluksen tietojenk\u00e4sittelysopimus (DPA) - Vondetech\",\"isPartOf\":{\"@id\":\"https:\/\/vondetech.com\/fi\/#website\"},\"datePublished\":\"2024-05-23T13:23:20+00:00\",\"dateModified\":\"2025-03-20T09:09:19+00:00\",\"breadcrumb\":{\"@id\":\"https:\/\/vondetech.com\/fi\/tietojenkasittelysopimus-dpa\/#breadcrumb\"},\"inLanguage\":\"fi\",\"potentialAction\":[{\"@type\":\"ReadAction\",\"target\":[\"https:\/\/vondetech.com\/fi\/tietojenkasittelysopimus-dpa\/\"]}]},{\"@type\":\"BreadcrumbList\",\"@id\":\"https:\/\/vondetech.com\/fi\/tietojenkasittelysopimus-dpa\/#breadcrumb\",\"itemListElement\":[{\"@type\":\"ListItem\",\"position\":1,\"name\":\"Kotiin\",\"item\":\"https:\/\/vondetech.com\/fi\/kotiin\/\"},{\"@type\":\"ListItem\",\"position\":2,\"name\":\"Vonde Pro -sovelluksen tietojenk\u00e4sittelysopimus (DPA)\"}]},{\"@type\":\"WebSite\",\"@id\":\"https:\/\/vondetech.com\/fi\/#website\",\"url\":\"https:\/\/vondetech.com\/fi\/\",\"name\":\"Vondetech\",\"description\":\"\",\"potentialAction\":[{\"@type\":\"SearchAction\",\"target\":{\"@type\":\"EntryPoint\",\"urlTemplate\":\"https:\/\/vondetech.com\/fi\/?s={search_term_string}\"},\"query-input\":{\"@type\":\"PropertyValueSpecification\",\"valueRequired\":true,\"valueName\":\"search_term_string\"}}],\"inLanguage\":\"fi\"}]}<\/script>\n<!-- \/ Yoast SEO plugin. -->","yoast_head_json":{"title":"Vonde Pro -sovelluksen tietojenk\u00e4sittelysopimus (DPA) - Vondetech","robots":{"index":"index","follow":"follow","max-snippet":"max-snippet:-1","max-image-preview":"max-image-preview:large","max-video-preview":"max-video-preview:-1"},"canonical":"https:\/\/vondetech.com\/fi\/tietojenkasittelysopimus-dpa\/","og_locale":"fi_FI","og_type":"article","og_title":"Vonde Pro -sovelluksen tietojenk\u00e4sittelysopimus (DPA) - Vondetech","og_description":"[vc_row][vc_column][vc_empty_space][vc_column_text el_class=&#8221;legal-text&#8221;]Voimaantulop\u00e4iv\u00e4: 2025 T\u00e4m\u00e4 tietojenk\u00e4sittelysopimus (&#8220;sopimus&#8221;) tehd\u00e4\u00e4n seuraavien v\u00e4lill\u00e4: Rekisterinpit\u00e4j\u00e4: Vonde Technologyn palveluiden k\u00e4ytt\u00e4j\u00e4 tai asiakas (&#8220;Rekisterinpit\u00e4j\u00e4&#8221;). ja Tietojen k\u00e4sittelij\u00e4: Vonde Technology, jota hallinnoi KMAK Kelet-Magyarorsz\u00e1gi Adatk\u00f6zpont Kft. (&#8220;Tietojen k\u00e4sittelij\u00e4&#8221;) M\u00e4\u00e4ritelm\u00e4t T\u00e4h\u00e4n sopimukseen sovelletaan tietosuoja-asetuksessa (asetus EU 2016\/679) m\u00e4\u00e4riteltyj\u00e4 termej\u00e4: &#8216;Henkil\u00f6tiedoilla&#8217; tarkoitetaan kaikkia tunnistettuun tai tunnistettavissa olevaan luonnolliseen henkil\u00f6\u00f6n liittyvi\u00e4 tietoja. &#8220;K\u00e4sittely&#8221;: kaikki henkil\u00f6tiedoille suoritettavat [&hellip;]","og_url":"https:\/\/vondetech.com\/fi\/tietojenkasittelysopimus-dpa\/","og_site_name":"Vondetech","article_modified_time":"2025-03-20T09:09:19+00:00","twitter_card":"summary_large_image","twitter_misc":{"Arvioitu lukuaika":"4 minuuttia"},"schema":{"@context":"https:\/\/schema.org","@graph":[{"@type":"WebPage","@id":"https:\/\/vondetech.com\/fi\/tietojenkasittelysopimus-dpa\/","url":"https:\/\/vondetech.com\/fi\/tietojenkasittelysopimus-dpa\/","name":"Vonde Pro -sovelluksen tietojenk\u00e4sittelysopimus (DPA) - Vondetech","isPartOf":{"@id":"https:\/\/vondetech.com\/fi\/#website"},"datePublished":"2024-05-23T13:23:20+00:00","dateModified":"2025-03-20T09:09:19+00:00","breadcrumb":{"@id":"https:\/\/vondetech.com\/fi\/tietojenkasittelysopimus-dpa\/#breadcrumb"},"inLanguage":"fi","potentialAction":[{"@type":"ReadAction","target":["https:\/\/vondetech.com\/fi\/tietojenkasittelysopimus-dpa\/"]}]},{"@type":"BreadcrumbList","@id":"https:\/\/vondetech.com\/fi\/tietojenkasittelysopimus-dpa\/#breadcrumb","itemListElement":[{"@type":"ListItem","position":1,"name":"Kotiin","item":"https:\/\/vondetech.com\/fi\/kotiin\/"},{"@type":"ListItem","position":2,"name":"Vonde Pro -sovelluksen tietojenk\u00e4sittelysopimus (DPA)"}]},{"@type":"WebSite","@id":"https:\/\/vondetech.com\/fi\/#website","url":"https:\/\/vondetech.com\/fi\/","name":"Vondetech","description":"","potentialAction":[{"@type":"SearchAction","target":{"@type":"EntryPoint","urlTemplate":"https:\/\/vondetech.com\/fi\/?s={search_term_string}"},"query-input":{"@type":"PropertyValueSpecification","valueRequired":true,"valueName":"search_term_string"}}],"inLanguage":"fi"}]}},"_links":{"self":[{"href":"https:\/\/vondetech.com\/fi\/wp-json\/wp\/v2\/pages\/17342","targetHints":{"allow":["GET"]}}],"collection":[{"href":"https:\/\/vondetech.com\/fi\/wp-json\/wp\/v2\/pages"}],"about":[{"href":"https:\/\/vondetech.com\/fi\/wp-json\/wp\/v2\/types\/page"}],"author":[{"embeddable":true,"href":"https:\/\/vondetech.com\/fi\/wp-json\/wp\/v2\/users\/1"}],"replies":[{"embeddable":true,"href":"https:\/\/vondetech.com\/fi\/wp-json\/wp\/v2\/comments?post=17342"}],"version-history":[{"count":10,"href":"https:\/\/vondetech.com\/fi\/wp-json\/wp\/v2\/pages\/17342\/revisions"}],"predecessor-version":[{"id":20027,"href":"https:\/\/vondetech.com\/fi\/wp-json\/wp\/v2\/pages\/17342\/revisions\/20027"}],"wp:attachment":[{"href":"https:\/\/vondetech.com\/fi\/wp-json\/wp\/v2\/media?parent=17342"}],"curies":[{"name":"wp","href":"https:\/\/api.w.org\/{rel}","templated":true}]}}