{"id":17336,"date":"2024-05-23T15:17:28","date_gmt":"2024-05-23T13:17:28","guid":{"rendered":"https:\/\/vondetech.com\/tietosuojakaytanto\/"},"modified":"2025-03-19T11:26:42","modified_gmt":"2025-03-19T10:26:42","slug":"tietosuojakaytanto","status":"publish","type":"page","link":"https:\/\/vondetech.com\/fi\/tietosuojakaytanto\/","title":{"rendered":"Vonde Pro -sivuston ev\u00e4stek\u00e4yt\u00e4nt\u00f6"},"content":{"rendered":"<div class=\"wpb-content-wrapper\"><p>[vc_row][vc_column][vc_empty_space][vc_column_text el_class=&#8221;legal-text&#8221;]<strong>Vonde Pro -sivuston ev\u00e4stek\u00e4yt\u00e4nt\u00f6<\/strong><\/p>\n<p><strong>Voimaantulop\u00e4iv\u00e4:<\/strong> 2025<\/p>\n<ol>\n<li><strong>  Johdanto<\/strong><\/li>\n<\/ol>\n<p>T\u00e4m\u00e4 ev\u00e4stek\u00e4yt\u00e4nt\u00f6 selitt\u00e4\u00e4, miten Vonde Technology (&#8220;me&#8221; tai &#8220;meid\u00e4n&#8221;) k\u00e4ytt\u00e4\u00e4 ev\u00e4steit\u00e4 ja muita vastaavia tekniikoita Vonde Pron verkkosivustolla (&#8220;verkkosivusto&#8221;). T\u00e4m\u00e4 k\u00e4yt\u00e4nt\u00f6 ei koske Vonde Pro -mobiilisovellusta, jolla on oma erillinen ev\u00e4stek\u00e4yt\u00e4nt\u00f6. <\/p>\n<ol start=\"2\">\n<li><strong>  Mit\u00e4 ev\u00e4steet ovat?<\/strong><\/li>\n<\/ol>\n<p>Ev\u00e4steet ovat pieni\u00e4 tekstitiedostoja, jotka tallennetaan laitteellesi, kun vierailet verkkosivustollamme. Ev\u00e4steet auttavat meit\u00e4 analysoimaan verkkosivuston liikennett\u00e4 ja parantamaan k\u00e4ytt\u00e4j\u00e4kokemusta. <\/p>\n<ol start=\"3\">\n<li><strong>  K\u00e4ytt\u00e4miemme ev\u00e4steiden tyypit<\/strong><\/li>\n<\/ol>\n<ul>\n<li><strong>V\u00e4ltt\u00e4m\u00e4tt\u00f6m\u00e4t ev\u00e4steet:<\/strong> N\u00e4m\u00e4 ev\u00e4steet ovat v\u00e4ltt\u00e4m\u00e4tt\u00f6mi\u00e4 verkkosivuston perustoiminnalle. Niiden avulla voit navigoida sivustolla, k\u00e4ytt\u00e4\u00e4 olennaisia ominaisuuksia, kuten kirjautua tilillesi, lis\u00e4t\u00e4 tuotteita ostoskoriin ja p\u00e4\u00e4st\u00e4 verkkosivuston suojatuille alueille. <\/li>\n<li><strong>Analyyttiset ev\u00e4steet:<\/strong> Sallivat meid\u00e4n tunnistaa ja laskea k\u00e4vij\u00f6it\u00e4 ja n\u00e4hd\u00e4, miten k\u00e4vij\u00e4t liikkuvat verkkosivustolla. T\u00e4m\u00e4 auttaa meit\u00e4 parantamaan verkkosivuston k\u00e4ytett\u00e4vyytt\u00e4 ja suorituskyky\u00e4. K\u00e4yt\u00e4mme Google Analyticsia ker\u00e4t\u00e4ksemme tietoa siit\u00e4, miten k\u00e4vij\u00e4t k\u00e4ytt\u00e4v\u00e4t verkkosivustoamme. N\u00e4m\u00e4 ev\u00e4steet ker\u00e4\u00e4v\u00e4t tietoja, kuten k\u00e4vij\u00f6iden lukum\u00e4\u00e4r\u00e4n, sivut, joilla he vierailevat, ja ajan, jonka he viett\u00e4v\u00e4t kullakin sivulla.   <\/li>\n<\/ul>\n<ol start=\"4\">\n<li><strong>  Ev\u00e4steiden k\u00e4yt\u00f6n tarkoitus<\/strong><\/li>\n<\/ol>\n<p>K\u00e4yt\u00e4mme ev\u00e4steit\u00e4 yksinomaan seuraaviin tarkoituksiin:<\/p>\n<ul>\n<li>K\u00e4vij\u00e4tilastojen ja verkkosivuston k\u00e4yt\u00f6n seuranta ja analysointi.<\/li>\n<li>Verkkosivustomme yleisen suorituskyvyn ja k\u00e4ytt\u00e4j\u00e4kokemuksen parantaminen.<\/li>\n<\/ul>\n<ol start=\"5\">\n<li><strong>  Kolmannen osapuolen ev\u00e4steet<\/strong><\/li>\n<\/ol>\n<ul>\n<li><strong>Google Analytics:<\/strong> LLC:n tarjoama web-analyysipalvelu Google Analytics. Google Analytics k\u00e4ytt\u00e4\u00e4 ev\u00e4steit\u00e4 ker\u00e4t\u00e4kseen tietoja verkkosivustomme k\u00e4yt\u00f6st\u00e4si, mukaan lukien IP-osoitteesi. Google l\u00e4hett\u00e4\u00e4 ja tallentaa n\u00e4m\u00e4 tiedot Yhdysvalloissa sijaitseville palvelimille. Google k\u00e4ytt\u00e4\u00e4 n\u00e4it\u00e4 tietoja arvioidakseen verkkosivustomme k\u00e4ytt\u00f6\u00e4, laatiakseen raportteja verkkosivuston toiminnasta ja tarjotakseen muita verkkosivuston toimintaan ja internetin k\u00e4ytt\u00f6\u00f6n liittyvi\u00e4 palveluja. Google voi my\u00f6s siirt\u00e4\u00e4 n\u00e4it\u00e4 tietoja kolmansille osapuolille, jos laki niin vaatii, tai jos t\u00e4llaiset kolmannet osapuolet k\u00e4sittelev\u00e4t tietoja Googlen puolesta. Lis\u00e4tietoja Googlen tietosuojak\u00e4yt\u00e4nn\u00f6ist\u00e4 ja siit\u00e4, miten Google k\u00e4ytt\u00e4\u00e4 ev\u00e4steit\u00e4, on Googlen tietosuojak\u00e4yt\u00e4nn\u00f6ss\u00e4:       [Link to Google&#8217;s Privacy Policy]<\/li>\n<\/ul>\n<ol start=\"6\">\n<li><strong>  Ev\u00e4steiden hallinta<\/strong><\/li>\n<\/ol>\n<p>Voit hallita, est\u00e4\u00e4 tai poistaa ev\u00e4steit\u00e4 selaimesi asetuksista. Useimmat selaimet hyv\u00e4ksyv\u00e4t ev\u00e4steet automaattisesti, mutta voit yleens\u00e4 muuttaa selaimen asetuksia ev\u00e4steiden torjumiseksi, jos haluat. Katso ohjeita ev\u00e4steiden hallintaan selaimesi ohjeista. T\u00e4ss\u00e4 on linkkej\u00e4 joidenkin suosittujen selainten ohjesivuille:   <\/p>\n<ul>\n<li>Google Chrome:  [Link to Chrome&#8217;s cookie settings help page]<\/li>\n<li>Mozilla Firefox:  [Link to Firefox&#8217;s cookie settings help page]<\/li>\n<li>Microsoft Edge:  [Link to Edge&#8217;s cookie settings help page]<\/li>\n<li>Apple Safari:  [Link to Safari&#8217;s cookie settings help page]<\/li>\n<\/ul>\n<p>Ev\u00e4steet voivat olla istuntoev\u00e4steit\u00e4 tai pysyvi\u00e4 ev\u00e4steit\u00e4. Istuntoev\u00e4steet ovat tilap\u00e4isi\u00e4 ev\u00e4steit\u00e4, jotka tallennetaan laitteeseesi, kunnes suljet selaimesi. Pysyv\u00e4t ev\u00e4steet pysyv\u00e4t laitteessasi pidemp\u00e4\u00e4n tai kunnes poistat ne.  <\/p>\n<ol start=\"7\">\n<li><strong>  Politiikan p\u00e4ivitykset<\/strong><\/li>\n<\/ol>\n<p>Saatamme p\u00e4ivitt\u00e4\u00e4 t\u00e4t\u00e4 ev\u00e4stek\u00e4yt\u00e4nt\u00f6\u00e4 m\u00e4\u00e4r\u00e4ajoin. Muutokset julkaistaan t\u00e4ll\u00e4 sivulla p\u00e4ivitetyn voimaantulop\u00e4iv\u00e4n kera. <\/p>\n<ol start=\"8\">\n<li><strong>  Ota yhteytt\u00e4<\/strong><\/li>\n<\/ol>\n<p>Jos sinulla on kysytt\u00e4v\u00e4\u00e4 t\u00e4st\u00e4 ev\u00e4stek\u00e4yt\u00e4nn\u00f6st\u00e4, ota meihin yhteytt\u00e4 osoitteeseen:<\/p>\n<p>KMAK Kelet-Magyarorsz\u00e1gi Adatk\u00f6zpont Kft.<\/p>\n<p>H-5000 Szolnok, Szap\u00e1ry utca 20.<\/p>\n<p>S\u00e4hk\u00f6posti: info@vondetechnology.com<\/p>\n<p>K\u00e4ytt\u00e4m\u00e4ll\u00e4 verkkosivustoamme hyv\u00e4ksyt ev\u00e4steiden k\u00e4yt\u00f6n t\u00e4ss\u00e4 ev\u00e4stek\u00e4yt\u00e4nn\u00f6ss\u00e4 kuvatulla tavalla.[\/vc_column_text][\/vc_column][\/vc_row]<\/p>\n<\/div>","protected":false},"excerpt":{"rendered":"<p>[vc_row][vc_column][vc_empty_space][vc_column_text el_class=&#8221;legal-text&#8221;]Vonde Pro -sivuston ev\u00e4stek\u00e4yt\u00e4nt\u00f6 Voimaantulop\u00e4iv\u00e4: 2025 Johdanto T\u00e4m\u00e4 ev\u00e4stek\u00e4yt\u00e4nt\u00f6 selitt\u00e4\u00e4, miten Vonde Technology (&#8220;me&#8221; tai &#8220;meid\u00e4n&#8221;) k\u00e4ytt\u00e4\u00e4 ev\u00e4steit\u00e4 ja muita vastaavia tekniikoita Vonde Pron verkkosivustolla (&#8220;verkkosivusto&#8221;). T\u00e4m\u00e4 k\u00e4yt\u00e4nt\u00f6 ei koske Vonde Pro -mobiilisovellusta, jolla on oma erillinen ev\u00e4stek\u00e4yt\u00e4nt\u00f6. Mit\u00e4 ev\u00e4steet ovat? Ev\u00e4steet ovat pieni\u00e4 tekstitiedostoja, jotka tallennetaan laitteellesi, kun vierailet verkkosivustollamme. Ev\u00e4steet auttavat meit\u00e4 [&hellip;]<\/p>\n","protected":false},"author":1,"featured_media":0,"parent":0,"menu_order":0,"comment_status":"closed","ping_status":"closed","template":"","meta":{"footnotes":""},"class_list":["post-17336","page","type-page","status-publish","hentry"],"yoast_head":"<!-- This site is optimized with the Yoast SEO plugin v24.7 - https:\/\/yoast.com\/wordpress\/plugins\/seo\/ -->\n<title>Vonde Pro -sivuston ev\u00e4stek\u00e4yt\u00e4nt\u00f6 - Vondetech<\/title>\n<meta name=\"robots\" content=\"index, follow, max-snippet:-1, max-image-preview:large, max-video-preview:-1\" \/>\n<link rel=\"canonical\" href=\"https:\/\/vondetech.com\/fi\/tietosuojakaytanto\/\" \/>\n<meta property=\"og:locale\" content=\"fi_FI\" \/>\n<meta property=\"og:type\" content=\"article\" \/>\n<meta property=\"og:title\" content=\"Vonde Pro -sivuston ev\u00e4stek\u00e4yt\u00e4nt\u00f6 - Vondetech\" \/>\n<meta property=\"og:description\" content=\"[vc_row][vc_column][vc_empty_space][vc_column_text el_class=&#8221;legal-text&#8221;]Vonde Pro -sivuston ev\u00e4stek\u00e4yt\u00e4nt\u00f6 Voimaantulop\u00e4iv\u00e4: 2025 Johdanto T\u00e4m\u00e4 ev\u00e4stek\u00e4yt\u00e4nt\u00f6 selitt\u00e4\u00e4, miten Vonde Technology (&#8220;me&#8221; tai &#8220;meid\u00e4n&#8221;) k\u00e4ytt\u00e4\u00e4 ev\u00e4steit\u00e4 ja muita vastaavia tekniikoita Vonde Pron verkkosivustolla (&#8220;verkkosivusto&#8221;). T\u00e4m\u00e4 k\u00e4yt\u00e4nt\u00f6 ei koske Vonde Pro -mobiilisovellusta, jolla on oma erillinen ev\u00e4stek\u00e4yt\u00e4nt\u00f6. Mit\u00e4 ev\u00e4steet ovat? Ev\u00e4steet ovat pieni\u00e4 tekstitiedostoja, jotka tallennetaan laitteellesi, kun vierailet verkkosivustollamme. Ev\u00e4steet auttavat meit\u00e4 [&hellip;]\" \/>\n<meta property=\"og:url\" content=\"https:\/\/vondetech.com\/fi\/tietosuojakaytanto\/\" \/>\n<meta property=\"og:site_name\" content=\"Vondetech\" \/>\n<meta property=\"article:modified_time\" content=\"2025-03-19T10:26:42+00:00\" \/>\n<meta name=\"twitter:card\" content=\"summary_large_image\" \/>\n<meta name=\"twitter:label1\" content=\"Arvioitu lukuaika\" \/>\n\t<meta name=\"twitter:data1\" content=\"2 minuuttia\" \/>\n<script type=\"application\/ld+json\" class=\"yoast-schema-graph\">{\"@context\":\"https:\/\/schema.org\",\"@graph\":[{\"@type\":\"WebPage\",\"@id\":\"https:\/\/vondetech.com\/fi\/tietosuojakaytanto\/\",\"url\":\"https:\/\/vondetech.com\/fi\/tietosuojakaytanto\/\",\"name\":\"Vonde Pro -sivuston ev\u00e4stek\u00e4yt\u00e4nt\u00f6 - Vondetech\",\"isPartOf\":{\"@id\":\"https:\/\/vondetech.com\/fi\/#website\"},\"datePublished\":\"2024-05-23T13:17:28+00:00\",\"dateModified\":\"2025-03-19T10:26:42+00:00\",\"breadcrumb\":{\"@id\":\"https:\/\/vondetech.com\/fi\/tietosuojakaytanto\/#breadcrumb\"},\"inLanguage\":\"fi\",\"potentialAction\":[{\"@type\":\"ReadAction\",\"target\":[\"https:\/\/vondetech.com\/fi\/tietosuojakaytanto\/\"]}]},{\"@type\":\"BreadcrumbList\",\"@id\":\"https:\/\/vondetech.com\/fi\/tietosuojakaytanto\/#breadcrumb\",\"itemListElement\":[{\"@type\":\"ListItem\",\"position\":1,\"name\":\"Kotiin\",\"item\":\"https:\/\/vondetech.com\/fi\/kotiin\/\"},{\"@type\":\"ListItem\",\"position\":2,\"name\":\"Vonde Pro -sivuston ev\u00e4stek\u00e4yt\u00e4nt\u00f6\"}]},{\"@type\":\"WebSite\",\"@id\":\"https:\/\/vondetech.com\/fi\/#website\",\"url\":\"https:\/\/vondetech.com\/fi\/\",\"name\":\"Vondetech\",\"description\":\"\",\"potentialAction\":[{\"@type\":\"SearchAction\",\"target\":{\"@type\":\"EntryPoint\",\"urlTemplate\":\"https:\/\/vondetech.com\/fi\/?s={search_term_string}\"},\"query-input\":{\"@type\":\"PropertyValueSpecification\",\"valueRequired\":true,\"valueName\":\"search_term_string\"}}],\"inLanguage\":\"fi\"}]}<\/script>\n<!-- \/ Yoast SEO plugin. -->","yoast_head_json":{"title":"Vonde Pro -sivuston ev\u00e4stek\u00e4yt\u00e4nt\u00f6 - Vondetech","robots":{"index":"index","follow":"follow","max-snippet":"max-snippet:-1","max-image-preview":"max-image-preview:large","max-video-preview":"max-video-preview:-1"},"canonical":"https:\/\/vondetech.com\/fi\/tietosuojakaytanto\/","og_locale":"fi_FI","og_type":"article","og_title":"Vonde Pro -sivuston ev\u00e4stek\u00e4yt\u00e4nt\u00f6 - Vondetech","og_description":"[vc_row][vc_column][vc_empty_space][vc_column_text el_class=&#8221;legal-text&#8221;]Vonde Pro -sivuston ev\u00e4stek\u00e4yt\u00e4nt\u00f6 Voimaantulop\u00e4iv\u00e4: 2025 Johdanto T\u00e4m\u00e4 ev\u00e4stek\u00e4yt\u00e4nt\u00f6 selitt\u00e4\u00e4, miten Vonde Technology (&#8220;me&#8221; tai &#8220;meid\u00e4n&#8221;) k\u00e4ytt\u00e4\u00e4 ev\u00e4steit\u00e4 ja muita vastaavia tekniikoita Vonde Pron verkkosivustolla (&#8220;verkkosivusto&#8221;). T\u00e4m\u00e4 k\u00e4yt\u00e4nt\u00f6 ei koske Vonde Pro -mobiilisovellusta, jolla on oma erillinen ev\u00e4stek\u00e4yt\u00e4nt\u00f6. Mit\u00e4 ev\u00e4steet ovat? Ev\u00e4steet ovat pieni\u00e4 tekstitiedostoja, jotka tallennetaan laitteellesi, kun vierailet verkkosivustollamme. Ev\u00e4steet auttavat meit\u00e4 [&hellip;]","og_url":"https:\/\/vondetech.com\/fi\/tietosuojakaytanto\/","og_site_name":"Vondetech","article_modified_time":"2025-03-19T10:26:42+00:00","twitter_card":"summary_large_image","twitter_misc":{"Arvioitu lukuaika":"2 minuuttia"},"schema":{"@context":"https:\/\/schema.org","@graph":[{"@type":"WebPage","@id":"https:\/\/vondetech.com\/fi\/tietosuojakaytanto\/","url":"https:\/\/vondetech.com\/fi\/tietosuojakaytanto\/","name":"Vonde Pro -sivuston ev\u00e4stek\u00e4yt\u00e4nt\u00f6 - Vondetech","isPartOf":{"@id":"https:\/\/vondetech.com\/fi\/#website"},"datePublished":"2024-05-23T13:17:28+00:00","dateModified":"2025-03-19T10:26:42+00:00","breadcrumb":{"@id":"https:\/\/vondetech.com\/fi\/tietosuojakaytanto\/#breadcrumb"},"inLanguage":"fi","potentialAction":[{"@type":"ReadAction","target":["https:\/\/vondetech.com\/fi\/tietosuojakaytanto\/"]}]},{"@type":"BreadcrumbList","@id":"https:\/\/vondetech.com\/fi\/tietosuojakaytanto\/#breadcrumb","itemListElement":[{"@type":"ListItem","position":1,"name":"Kotiin","item":"https:\/\/vondetech.com\/fi\/kotiin\/"},{"@type":"ListItem","position":2,"name":"Vonde Pro -sivuston ev\u00e4stek\u00e4yt\u00e4nt\u00f6"}]},{"@type":"WebSite","@id":"https:\/\/vondetech.com\/fi\/#website","url":"https:\/\/vondetech.com\/fi\/","name":"Vondetech","description":"","potentialAction":[{"@type":"SearchAction","target":{"@type":"EntryPoint","urlTemplate":"https:\/\/vondetech.com\/fi\/?s={search_term_string}"},"query-input":{"@type":"PropertyValueSpecification","valueRequired":true,"valueName":"search_term_string"}}],"inLanguage":"fi"}]}},"_links":{"self":[{"href":"https:\/\/vondetech.com\/fi\/wp-json\/wp\/v2\/pages\/17336","targetHints":{"allow":["GET"]}}],"collection":[{"href":"https:\/\/vondetech.com\/fi\/wp-json\/wp\/v2\/pages"}],"about":[{"href":"https:\/\/vondetech.com\/fi\/wp-json\/wp\/v2\/types\/page"}],"author":[{"embeddable":true,"href":"https:\/\/vondetech.com\/fi\/wp-json\/wp\/v2\/users\/1"}],"replies":[{"embeddable":true,"href":"https:\/\/vondetech.com\/fi\/wp-json\/wp\/v2\/comments?post=17336"}],"version-history":[{"count":6,"href":"https:\/\/vondetech.com\/fi\/wp-json\/wp\/v2\/pages\/17336\/revisions"}],"predecessor-version":[{"id":19955,"href":"https:\/\/vondetech.com\/fi\/wp-json\/wp\/v2\/pages\/17336\/revisions\/19955"}],"wp:attachment":[{"href":"https:\/\/vondetech.com\/fi\/wp-json\/wp\/v2\/media?parent=17336"}],"curies":[{"name":"wp","href":"https:\/\/api.w.org\/{rel}","templated":true}]}}