{"id":28602,"date":"2025-03-19T09:20:16","date_gmt":"2025-03-19T08:20:16","guid":{"rendered":"https:\/\/vondetech.com\/?page_id=28602"},"modified":"2025-04-24T08:50:20","modified_gmt":"2025-04-24T06:50:20","slug":"jalg-vonde-pro-rakenduse-jaoks","status":"publish","type":"page","link":"https:\/\/vondetech.com\/et\/jalg-vonde-pro-rakenduse-jaoks\/","title":{"rendered":"J\u00e4lg Vonde Pro rakenduse jaoks"},"content":{"rendered":"<div class=\"wpb-content-wrapper\"><p>[vc_row][vc_column][vc_empty_space][vc_column_text el_class=&#8221;legal-text&#8221;]<strong>Ettev\u00f5tte andmed:<\/strong><\/p>\n<p>Vonde Technology<\/p>\n<p><strong>Vonde Technology LLC kohta:<\/strong><\/p>\n<p>Vonde Pro App on uuenduslik mobiilirakendus, mis on arendatud ja hallatud kahe \u00fcksuse koost\u00f6\u00f6s:<\/p>\n<ul>\n<li>Vonde Technology LLC (USA) haldab globaalseid turge ja rahvusvahelist laienemist.<\/li>\n<li>KMAK Kelet-Magyarorsz\u00e1gi Adatk\u00f6zpont Kft. (Euroopa, Ungari) tegeleb arenduse ja seotud tegevustega.<\/li>\n<\/ul>\n<p><strong>Haldaja:<\/strong><\/p>\n<p>KMAK Kelet-Magyarorsz\u00e1gi Adatk\u00f6zpont Kft.<\/p>\n<p><strong>Registreeritud aadress:<\/strong><\/p>\n<p>H-5000 Szolnok, Szap\u00e1ry utca 20. Ungari<\/p>\n<p><strong>Kontaktandmed:<\/strong><\/p>\n<p>E-post: info@vondetechnology.com<\/p>\n<p><strong>Tegevjuht:<\/strong><\/p>\n<p>Laszlo Berta<\/p>\n<p><strong>Ettev\u00f5tte registreerimine:<\/strong><\/p>\n<p>D-U-N-S: 401605625<\/p>\n<p>Registrikohus: [Esitage registrikohus, nt Szolnoki Regionaalne Kohus]<\/p>\n<p><strong>KMKR number:<\/strong><\/p>\n<p>HU24373427<\/p>\n<p><strong>Andmekaitseametnik:<\/strong><\/p>\n<p>Andmekaitsega seotud p\u00e4ringute korral v\u00f5tke \u00fchendust meie andmekaitseametnikuga:<\/p>\n<p>E-post: info@vondetechnology.com<\/p>\n<p><strong>Vastutuse v\u00e4listamine:<\/strong><\/p>\n<p>Hoolimata sisu hoolikast j\u00e4lgimisest ei v\u00f5ta me vastutust v\u00e4liste linkide sisu eest. Lingitud lehtede sisu eest vastutavad ainult nende haldajad.<\/p>\n<p><strong>Vaidluste lahendamine:<\/strong><\/p>\n<p>Koosk\u00f5las ELi m\u00e4\u00e4rustega saab vaidlusi lahendada ELi Komisjoni veebip\u00f5hise vaidluste lahendamise platvormi kaudu: http:\/\/ec.europa.eu\/consumers\/odr<\/p>\n<p><strong>Kontaktandmed:<\/strong><\/p>\n<p>\u00dcldiste p\u00e4ringute korral:<\/p>\n<p>E-post: info@vondetechnology.com<\/p>\n<p>See Impresszum vastab ELi m\u00e4\u00e4rustele ja standarditele, mis kehtivad Euroopa Liidu turgudel tegutsevatele \u00e4ri\u00fchingutele.[\/vc_column_text][\/vc_column][\/vc_row]<\/p>\n<\/div>","protected":false},"excerpt":{"rendered":"<p>[vc_row][vc_column][vc_empty_space][vc_column_text el_class=&#8221;legal-text&#8221;]Ettev\u00f5tte andmed: Vonde Technology Vonde Technology LLC kohta: Vonde Pro App on uuenduslik mobiilirakendus, mis on arendatud ja hallatud kahe \u00fcksuse koost\u00f6\u00f6s: Vonde Technology LLC (USA) haldab globaalseid turge ja rahvusvahelist laienemist. KMAK Kelet-Magyarorsz\u00e1gi Adatk\u00f6zpont Kft. (Euroopa, Ungari) tegeleb arenduse ja seotud tegevustega. Haldaja: KMAK Kelet-Magyarorsz\u00e1gi Adatk\u00f6zpont Kft. Registreeritud aadress: H-5000 Szolnok, Szap\u00e1ry utca [&hellip;]<\/p>\n","protected":false},"author":1,"featured_media":0,"parent":0,"menu_order":0,"comment_status":"closed","ping_status":"closed","template":"","meta":{"footnotes":""},"class_list":["post-28602","page","type-page","status-publish","hentry"],"yoast_head":"<!-- This site is optimized with the Yoast SEO plugin v24.7 - https:\/\/yoast.com\/wordpress\/plugins\/seo\/ -->\n<title>J\u00e4lg Vonde Pro rakenduse jaoks - Vondetech<\/title>\n<meta name=\"robots\" content=\"index, follow, max-snippet:-1, max-image-preview:large, max-video-preview:-1\" \/>\n<link rel=\"canonical\" href=\"https:\/\/vondetech.com\/et\/jalg-vonde-pro-rakenduse-jaoks\/\" \/>\n<meta property=\"og:locale\" content=\"et_EE\" \/>\n<meta property=\"og:type\" content=\"article\" \/>\n<meta property=\"og:title\" content=\"J\u00e4lg Vonde Pro rakenduse jaoks - Vondetech\" \/>\n<meta property=\"og:description\" content=\"[vc_row][vc_column][vc_empty_space][vc_column_text el_class=&#8221;legal-text&#8221;]Ettev\u00f5tte andmed: Vonde Technology Vonde Technology LLC kohta: Vonde Pro App on uuenduslik mobiilirakendus, mis on arendatud ja hallatud kahe \u00fcksuse koost\u00f6\u00f6s: Vonde Technology LLC (USA) haldab globaalseid turge ja rahvusvahelist laienemist. KMAK Kelet-Magyarorsz\u00e1gi Adatk\u00f6zpont Kft. (Euroopa, Ungari) tegeleb arenduse ja seotud tegevustega. Haldaja: KMAK Kelet-Magyarorsz\u00e1gi Adatk\u00f6zpont Kft. Registreeritud aadress: H-5000 Szolnok, Szap\u00e1ry utca [&hellip;]\" \/>\n<meta property=\"og:url\" content=\"https:\/\/vondetech.com\/et\/jalg-vonde-pro-rakenduse-jaoks\/\" \/>\n<meta property=\"og:site_name\" content=\"Vondetech\" \/>\n<meta property=\"article:modified_time\" content=\"2025-04-24T06:50:20+00:00\" \/>\n<meta name=\"twitter:card\" content=\"summary_large_image\" \/>\n<meta name=\"twitter:label1\" content=\"Est. reading time\" \/>\n\t<meta name=\"twitter:data1\" content=\"1 minut\" \/>\n<script type=\"application\/ld+json\" class=\"yoast-schema-graph\">{\"@context\":\"https:\/\/schema.org\",\"@graph\":[{\"@type\":\"WebPage\",\"@id\":\"https:\/\/vondetech.com\/et\/jalg-vonde-pro-rakenduse-jaoks\/\",\"url\":\"https:\/\/vondetech.com\/et\/jalg-vonde-pro-rakenduse-jaoks\/\",\"name\":\"J\u00e4lg Vonde Pro rakenduse jaoks - Vondetech\",\"isPartOf\":{\"@id\":\"https:\/\/vondetech.com\/et\/#website\"},\"datePublished\":\"2025-03-19T08:20:16+00:00\",\"dateModified\":\"2025-04-24T06:50:20+00:00\",\"breadcrumb\":{\"@id\":\"https:\/\/vondetech.com\/et\/jalg-vonde-pro-rakenduse-jaoks\/#breadcrumb\"},\"inLanguage\":\"et\",\"potentialAction\":[{\"@type\":\"ReadAction\",\"target\":[\"https:\/\/vondetech.com\/et\/jalg-vonde-pro-rakenduse-jaoks\/\"]}]},{\"@type\":\"BreadcrumbList\",\"@id\":\"https:\/\/vondetech.com\/et\/jalg-vonde-pro-rakenduse-jaoks\/#breadcrumb\",\"itemListElement\":[{\"@type\":\"ListItem\",\"position\":1,\"name\":\"Home\",\"item\":\"https:\/\/vondetech.com\/et\/\"},{\"@type\":\"ListItem\",\"position\":2,\"name\":\"J\u00e4lg Vonde Pro rakenduse jaoks\"}]},{\"@type\":\"WebSite\",\"@id\":\"https:\/\/vondetech.com\/et\/#website\",\"url\":\"https:\/\/vondetech.com\/et\/\",\"name\":\"Vondetech\",\"description\":\"\",\"potentialAction\":[{\"@type\":\"SearchAction\",\"target\":{\"@type\":\"EntryPoint\",\"urlTemplate\":\"https:\/\/vondetech.com\/et\/?s={search_term_string}\"},\"query-input\":{\"@type\":\"PropertyValueSpecification\",\"valueRequired\":true,\"valueName\":\"search_term_string\"}}],\"inLanguage\":\"et\"}]}<\/script>\n<!-- \/ Yoast SEO plugin. -->","yoast_head_json":{"title":"J\u00e4lg Vonde Pro rakenduse jaoks - Vondetech","robots":{"index":"index","follow":"follow","max-snippet":"max-snippet:-1","max-image-preview":"max-image-preview:large","max-video-preview":"max-video-preview:-1"},"canonical":"https:\/\/vondetech.com\/et\/jalg-vonde-pro-rakenduse-jaoks\/","og_locale":"et_EE","og_type":"article","og_title":"J\u00e4lg Vonde Pro rakenduse jaoks - Vondetech","og_description":"[vc_row][vc_column][vc_empty_space][vc_column_text el_class=&#8221;legal-text&#8221;]Ettev\u00f5tte andmed: Vonde Technology Vonde Technology LLC kohta: Vonde Pro App on uuenduslik mobiilirakendus, mis on arendatud ja hallatud kahe \u00fcksuse koost\u00f6\u00f6s: Vonde Technology LLC (USA) haldab globaalseid turge ja rahvusvahelist laienemist. KMAK Kelet-Magyarorsz\u00e1gi Adatk\u00f6zpont Kft. (Euroopa, Ungari) tegeleb arenduse ja seotud tegevustega. Haldaja: KMAK Kelet-Magyarorsz\u00e1gi Adatk\u00f6zpont Kft. Registreeritud aadress: H-5000 Szolnok, Szap\u00e1ry utca [&hellip;]","og_url":"https:\/\/vondetech.com\/et\/jalg-vonde-pro-rakenduse-jaoks\/","og_site_name":"Vondetech","article_modified_time":"2025-04-24T06:50:20+00:00","twitter_card":"summary_large_image","twitter_misc":{"Est. reading time":"1 minut"},"schema":{"@context":"https:\/\/schema.org","@graph":[{"@type":"WebPage","@id":"https:\/\/vondetech.com\/et\/jalg-vonde-pro-rakenduse-jaoks\/","url":"https:\/\/vondetech.com\/et\/jalg-vonde-pro-rakenduse-jaoks\/","name":"J\u00e4lg Vonde Pro rakenduse jaoks - Vondetech","isPartOf":{"@id":"https:\/\/vondetech.com\/et\/#website"},"datePublished":"2025-03-19T08:20:16+00:00","dateModified":"2025-04-24T06:50:20+00:00","breadcrumb":{"@id":"https:\/\/vondetech.com\/et\/jalg-vonde-pro-rakenduse-jaoks\/#breadcrumb"},"inLanguage":"et","potentialAction":[{"@type":"ReadAction","target":["https:\/\/vondetech.com\/et\/jalg-vonde-pro-rakenduse-jaoks\/"]}]},{"@type":"BreadcrumbList","@id":"https:\/\/vondetech.com\/et\/jalg-vonde-pro-rakenduse-jaoks\/#breadcrumb","itemListElement":[{"@type":"ListItem","position":1,"name":"Home","item":"https:\/\/vondetech.com\/et\/"},{"@type":"ListItem","position":2,"name":"J\u00e4lg Vonde Pro rakenduse jaoks"}]},{"@type":"WebSite","@id":"https:\/\/vondetech.com\/et\/#website","url":"https:\/\/vondetech.com\/et\/","name":"Vondetech","description":"","potentialAction":[{"@type":"SearchAction","target":{"@type":"EntryPoint","urlTemplate":"https:\/\/vondetech.com\/et\/?s={search_term_string}"},"query-input":{"@type":"PropertyValueSpecification","valueRequired":true,"valueName":"search_term_string"}}],"inLanguage":"et"}]}},"_links":{"self":[{"href":"https:\/\/vondetech.com\/et\/wp-json\/wp\/v2\/pages\/28602","targetHints":{"allow":["GET"]}}],"collection":[{"href":"https:\/\/vondetech.com\/et\/wp-json\/wp\/v2\/pages"}],"about":[{"href":"https:\/\/vondetech.com\/et\/wp-json\/wp\/v2\/types\/page"}],"author":[{"embeddable":true,"href":"https:\/\/vondetech.com\/et\/wp-json\/wp\/v2\/users\/1"}],"replies":[{"embeddable":true,"href":"https:\/\/vondetech.com\/et\/wp-json\/wp\/v2\/comments?post=28602"}],"version-history":[{"count":2,"href":"https:\/\/vondetech.com\/et\/wp-json\/wp\/v2\/pages\/28602\/revisions"}],"predecessor-version":[{"id":28622,"href":"https:\/\/vondetech.com\/et\/wp-json\/wp\/v2\/pages\/28602\/revisions\/28622"}],"wp:attachment":[{"href":"https:\/\/vondetech.com\/et\/wp-json\/wp\/v2\/media?parent=28602"}],"curies":[{"name":"wp","href":"https:\/\/api.w.org\/{rel}","templated":true}]}}