{"id":28600,"date":"2025-03-19T09:19:24","date_gmt":"2025-03-19T08:19:24","guid":{"rendered":"https:\/\/vondetech.com\/?page_id=28600"},"modified":"2025-04-24T08:49:53","modified_gmt":"2025-04-24T06:49:53","slug":"eula","status":"publish","type":"page","link":"https:\/\/vondetech.com\/et\/eula\/","title":{"rendered":"EULA"},"content":{"rendered":"<div class=\"wpb-content-wrapper\"><p>[vc_row][vc_column][vc_empty_space][vc_column_text el_class=&#8221;legal-text&#8221;]<strong>T\u00c4HTIS \u2013 PALUN LUGEGE HOOLIKALT:<\/strong> See l\u00f5ppkasutaja litsentsileping (&#8220;EULA&#8221;) on juriidiline leping teie (&#8220;Litsentsisaaja&#8221; v\u00f5i &#8220;teie&#8221;) ja KMAK Kelet-Magyarorsz\u00e1gi Adatk\u00f6zpont Kft. (&#8220;Litsentsiandja&#8221; v\u00f5i &#8220;meie&#8221;) vahel seoses Vonde Pro rakendusega (&#8220;Rakendus&#8221;). Rakenduse installimise, kopeerimise v\u00f5i kasutamisega n\u00f5ustute selle EULA tingimustega. Kui te ei n\u00f5ustu tingimustega, \u00e4rge installige ega kasutage rakendust.<\/p>\n<ol>\n<li><strong> Litsentsi andmine:<\/strong><\/li>\n<\/ol>\n<p>Litsentsiandja annab teile piiratud, mitte-eksklusiivse, mitte\u00fclekantava, t\u00fchistatava litsentsi kasutada rakendust \u00fchel mobiilseadmel isiklikuks, mitte\u00e4riliseks kasutuseks.<\/p>\n<ol start=\"2\">\n<li><strong> Piirangud:<\/strong><\/li>\n<\/ol>\n<p>Te ei tohi:<\/p>\n<ul>\n<li>Muutuda, kohandada ega p\u00f6\u00f6rdprojekteerida rakendust ega p\u00fc\u00fcda tuletada selle l\u00e4htekoodi.<\/li>\n<li>Kasutada rakendust \u00e4rilisel eesm\u00e4rgil v\u00f5i m\u00fc\u00fca, levitada, litsentsida, rentida, laenutada ega muul viisil edasi anda kolmandatele isikutele.<\/li>\n<li>Eemaldada ega muuta autori\u00f5iguse, kaubam\u00e4rgi v\u00f5i muid omandi\u00f5igusega seotud teatisi.<\/li>\n<li>Kasutada rakendust seaduste rikkumiseks, intellektuaalomandi rikkumiseks v\u00f5i turvameetmete eiramiseks.<\/li>\n<li>Kasutada rakendust ebaseaduslikuks tegevuseks (nt ebaseadusliku materjali edastamine v\u00f5i salvestamine, rakenduse \u00fclekoormamine vms).<\/li>\n<\/ul>\n<ol start=\"3\">\n<li><strong> Omand:<\/strong><\/li>\n<\/ol>\n<p>Rakenduse omanik on litsentsiandja ja see on kaitstud autori\u00f5iguse ja muu intellektuaalomandi \u00f5igusega. Litsents ei anna teile omandi\u00f5igust rakendusele.<\/p>\n<ol start=\"4\">\n<li><strong> Privaatsus:<\/strong><\/li>\n<\/ol>\n<p>Rakenduse kasutamine allub meie privaatsuspoliitikale, milles kirjeldatakse andmete kogumise, t\u00f6\u00f6tlemise ja kaitse meetmeid. Rakendust kasutades n\u00f5ustute privaatsuspoliitikaga. Privaatsuspoliitika: [Link privaatsuspoliitikale]<\/p>\n<ol start=\"5\">\n<li><strong> Garantiidest loobumine:<\/strong><\/li>\n<\/ol>\n<p>Rakendus on esitatud p\u00f5him\u00f5ttel &#8220;NAGU ON&#8221; ja &#8220;NAGU SAADAVAL&#8221; ilma igasuguste otseste v\u00f5i kaudsete garantiideta. Vonde Technology loobub k\u00f5ikidest garantiidest, sh kaudsed garantiid kaubanduslikkusele, sobivusele konkreetseks eesm\u00e4rgiks, \u00f5iguste rikkumise puudumisele jne.<\/p>\n<ol start=\"6\">\n<li><strong> Vastutuse piiramine:<\/strong><\/li>\n<\/ol>\n<p>Kohaldatava seadusega lubatud maksimaalses ulatuses ei vastuta Vonde Technology mitte mingil juhul kaudsete, juhuslike, eriliste v\u00f5i tulenevate kahjude eest (sh kasumi, andmete v\u00f5i kasutusv\u00f5imaluse kaotus) seoses rakenduse kasutamise v\u00f5i selle v\u00f5imatusega. Vonde Technology koguvastutus mis tahes n\u00f5uete eest on piiratud summaga, mille olete tasunud rakendusele juurdep\u00e4\u00e4su eest (kui \u00fcldse).<\/p>\n<ol start=\"7\">\n<li><strong> H\u00fcvitamine:<\/strong><\/li>\n<\/ol>\n<p>N\u00f5ustute h\u00fcvitama Vonde Technology&#8217;le, tema sidusettev\u00f5tetele, t\u00f6\u00f6tajatele, juhtidele ja esindajatele k\u00f5ik kahjud, kulud ja n\u00f5uded, mis tulenevad rakenduse v\u00e4\u00e4rkasutusest, EULA rikkumisest v\u00f5i kolmandate isikute \u00f5iguste rikkumisest.<\/p>\n<ol start=\"8\">\n<li><strong> L\u00f5petamine:<\/strong><\/li>\n<\/ol>\n<p>See EULA kehtib kuni teie v\u00f5i litsentsiandja selle l\u00f5petab. Litsentsiandjal on \u00f5igus see EULA l\u00f5petada, kui rikute selle tingimusi. L\u00f5petamisel peate l\u00f5petama rakenduse kasutamise ja h\u00e4vitama k\u00f5ik koopiad.<\/p>\n<ol start=\"9\">\n<li><strong> Kohaldatav \u00f5igus:<\/strong><\/li>\n<\/ol>\n<p>EULA-le kohaldatakse Ungari seadusi. K\u00f5ik vaidlused lahendatakse Budapestis asuvates kohtutes.<\/p>\n<ol start=\"10\">\n<li><strong> Muudatused EULA-s:<\/strong><\/li>\n<\/ol>\n<p>J\u00e4tame endale \u00f5iguse seda EULA-t ajakohastada. Olulistest muudatustest teavitatakse rakenduse, e-posti v\u00f5i veebilehe kaudu. Rakenduse edasine kasutamine t\u00e4hendab n\u00f5ustumist muudatustega.<\/p>\n<ol start=\"11\">\n<li><strong> Kontaktandmed:<\/strong><\/li>\n<\/ol>\n<p>EULA v\u00f5i sellega seotud k\u00fcsimustes v\u00f5tke \u00fchendust:<\/p>\n<p>KMAK Kelet-Magyarorsz\u00e1gi Adatk\u00f6zpont Kft.<br \/>\nH-5000 Szolnok, Szap\u00e1ry utca 20.<br \/>\nEmail: info@vondetechnology.com<br \/>\nVeebisait: https:\/\/www.vondetech.com<\/p>\n<ol start=\"12\">\n<li><strong> Kogu leping:<\/strong><\/li>\n<\/ol>\n<p>See EULA moodustab kogu lepingu teie ja litsentsiandja vahel rakenduse osas ning asendab k\u00f5ik varasemad kokkulepped v\u00f5i suhtluse.[\/vc_column_text][\/vc_column][\/vc_row]<\/p>\n<\/div>","protected":false},"excerpt":{"rendered":"<p>[vc_row][vc_column][vc_empty_space][vc_column_text el_class=&#8221;legal-text&#8221;]T\u00c4HTIS \u2013 PALUN LUGEGE HOOLIKALT: See l\u00f5ppkasutaja litsentsileping (&#8220;EULA&#8221;) on juriidiline leping teie (&#8220;Litsentsisaaja&#8221; v\u00f5i &#8220;teie&#8221;) ja KMAK Kelet-Magyarorsz\u00e1gi Adatk\u00f6zpont Kft. (&#8220;Litsentsiandja&#8221; v\u00f5i &#8220;meie&#8221;) vahel seoses Vonde Pro rakendusega (&#8220;Rakendus&#8221;). Rakenduse installimise, kopeerimise v\u00f5i kasutamisega n\u00f5ustute selle EULA tingimustega. Kui te ei n\u00f5ustu tingimustega, \u00e4rge installige ega kasutage rakendust. Litsentsi andmine: Litsentsiandja annab teile [&hellip;]<\/p>\n","protected":false},"author":1,"featured_media":0,"parent":0,"menu_order":0,"comment_status":"closed","ping_status":"closed","template":"","meta":{"footnotes":""},"class_list":["post-28600","page","type-page","status-publish","hentry"],"yoast_head":"<!-- This site is optimized with the Yoast SEO plugin v24.7 - https:\/\/yoast.com\/wordpress\/plugins\/seo\/ -->\n<title>EULA - Vondetech<\/title>\n<meta name=\"robots\" content=\"index, follow, max-snippet:-1, max-image-preview:large, max-video-preview:-1\" \/>\n<link rel=\"canonical\" href=\"https:\/\/vondetech.com\/et\/eula\/\" \/>\n<meta property=\"og:locale\" content=\"et_EE\" \/>\n<meta property=\"og:type\" content=\"article\" \/>\n<meta property=\"og:title\" content=\"EULA - Vondetech\" \/>\n<meta property=\"og:description\" content=\"[vc_row][vc_column][vc_empty_space][vc_column_text el_class=&#8221;legal-text&#8221;]T\u00c4HTIS \u2013 PALUN LUGEGE HOOLIKALT: See l\u00f5ppkasutaja litsentsileping (&#8220;EULA&#8221;) on juriidiline leping teie (&#8220;Litsentsisaaja&#8221; v\u00f5i &#8220;teie&#8221;) ja KMAK Kelet-Magyarorsz\u00e1gi Adatk\u00f6zpont Kft. (&#8220;Litsentsiandja&#8221; v\u00f5i &#8220;meie&#8221;) vahel seoses Vonde Pro rakendusega (&#8220;Rakendus&#8221;). Rakenduse installimise, kopeerimise v\u00f5i kasutamisega n\u00f5ustute selle EULA tingimustega. Kui te ei n\u00f5ustu tingimustega, \u00e4rge installige ega kasutage rakendust. Litsentsi andmine: Litsentsiandja annab teile [&hellip;]\" \/>\n<meta property=\"og:url\" content=\"https:\/\/vondetech.com\/et\/eula\/\" \/>\n<meta property=\"og:site_name\" content=\"Vondetech\" \/>\n<meta property=\"article:modified_time\" content=\"2025-04-24T06:49:53+00:00\" \/>\n<meta name=\"twitter:card\" content=\"summary_large_image\" \/>\n<meta name=\"twitter:label1\" content=\"Est. reading time\" \/>\n\t<meta name=\"twitter:data1\" content=\"2 minutit\" \/>\n<script type=\"application\/ld+json\" class=\"yoast-schema-graph\">{\"@context\":\"https:\/\/schema.org\",\"@graph\":[{\"@type\":\"WebPage\",\"@id\":\"https:\/\/vondetech.com\/et\/eula\/\",\"url\":\"https:\/\/vondetech.com\/et\/eula\/\",\"name\":\"EULA - Vondetech\",\"isPartOf\":{\"@id\":\"https:\/\/vondetech.com\/et\/#website\"},\"datePublished\":\"2025-03-19T08:19:24+00:00\",\"dateModified\":\"2025-04-24T06:49:53+00:00\",\"breadcrumb\":{\"@id\":\"https:\/\/vondetech.com\/et\/eula\/#breadcrumb\"},\"inLanguage\":\"et\",\"potentialAction\":[{\"@type\":\"ReadAction\",\"target\":[\"https:\/\/vondetech.com\/et\/eula\/\"]}]},{\"@type\":\"BreadcrumbList\",\"@id\":\"https:\/\/vondetech.com\/et\/eula\/#breadcrumb\",\"itemListElement\":[{\"@type\":\"ListItem\",\"position\":1,\"name\":\"Home\",\"item\":\"https:\/\/vondetech.com\/et\/\"},{\"@type\":\"ListItem\",\"position\":2,\"name\":\"EULA\"}]},{\"@type\":\"WebSite\",\"@id\":\"https:\/\/vondetech.com\/et\/#website\",\"url\":\"https:\/\/vondetech.com\/et\/\",\"name\":\"Vondetech\",\"description\":\"\",\"potentialAction\":[{\"@type\":\"SearchAction\",\"target\":{\"@type\":\"EntryPoint\",\"urlTemplate\":\"https:\/\/vondetech.com\/et\/?s={search_term_string}\"},\"query-input\":{\"@type\":\"PropertyValueSpecification\",\"valueRequired\":true,\"valueName\":\"search_term_string\"}}],\"inLanguage\":\"et\"}]}<\/script>\n<!-- \/ Yoast SEO plugin. -->","yoast_head_json":{"title":"EULA - Vondetech","robots":{"index":"index","follow":"follow","max-snippet":"max-snippet:-1","max-image-preview":"max-image-preview:large","max-video-preview":"max-video-preview:-1"},"canonical":"https:\/\/vondetech.com\/et\/eula\/","og_locale":"et_EE","og_type":"article","og_title":"EULA - Vondetech","og_description":"[vc_row][vc_column][vc_empty_space][vc_column_text el_class=&#8221;legal-text&#8221;]T\u00c4HTIS \u2013 PALUN LUGEGE HOOLIKALT: See l\u00f5ppkasutaja litsentsileping (&#8220;EULA&#8221;) on juriidiline leping teie (&#8220;Litsentsisaaja&#8221; v\u00f5i &#8220;teie&#8221;) ja KMAK Kelet-Magyarorsz\u00e1gi Adatk\u00f6zpont Kft. (&#8220;Litsentsiandja&#8221; v\u00f5i &#8220;meie&#8221;) vahel seoses Vonde Pro rakendusega (&#8220;Rakendus&#8221;). Rakenduse installimise, kopeerimise v\u00f5i kasutamisega n\u00f5ustute selle EULA tingimustega. Kui te ei n\u00f5ustu tingimustega, \u00e4rge installige ega kasutage rakendust. Litsentsi andmine: Litsentsiandja annab teile [&hellip;]","og_url":"https:\/\/vondetech.com\/et\/eula\/","og_site_name":"Vondetech","article_modified_time":"2025-04-24T06:49:53+00:00","twitter_card":"summary_large_image","twitter_misc":{"Est. reading time":"2 minutit"},"schema":{"@context":"https:\/\/schema.org","@graph":[{"@type":"WebPage","@id":"https:\/\/vondetech.com\/et\/eula\/","url":"https:\/\/vondetech.com\/et\/eula\/","name":"EULA - Vondetech","isPartOf":{"@id":"https:\/\/vondetech.com\/et\/#website"},"datePublished":"2025-03-19T08:19:24+00:00","dateModified":"2025-04-24T06:49:53+00:00","breadcrumb":{"@id":"https:\/\/vondetech.com\/et\/eula\/#breadcrumb"},"inLanguage":"et","potentialAction":[{"@type":"ReadAction","target":["https:\/\/vondetech.com\/et\/eula\/"]}]},{"@type":"BreadcrumbList","@id":"https:\/\/vondetech.com\/et\/eula\/#breadcrumb","itemListElement":[{"@type":"ListItem","position":1,"name":"Home","item":"https:\/\/vondetech.com\/et\/"},{"@type":"ListItem","position":2,"name":"EULA"}]},{"@type":"WebSite","@id":"https:\/\/vondetech.com\/et\/#website","url":"https:\/\/vondetech.com\/et\/","name":"Vondetech","description":"","potentialAction":[{"@type":"SearchAction","target":{"@type":"EntryPoint","urlTemplate":"https:\/\/vondetech.com\/et\/?s={search_term_string}"},"query-input":{"@type":"PropertyValueSpecification","valueRequired":true,"valueName":"search_term_string"}}],"inLanguage":"et"}]}},"_links":{"self":[{"href":"https:\/\/vondetech.com\/et\/wp-json\/wp\/v2\/pages\/28600","targetHints":{"allow":["GET"]}}],"collection":[{"href":"https:\/\/vondetech.com\/et\/wp-json\/wp\/v2\/pages"}],"about":[{"href":"https:\/\/vondetech.com\/et\/wp-json\/wp\/v2\/types\/page"}],"author":[{"embeddable":true,"href":"https:\/\/vondetech.com\/et\/wp-json\/wp\/v2\/users\/1"}],"replies":[{"embeddable":true,"href":"https:\/\/vondetech.com\/et\/wp-json\/wp\/v2\/comments?post=28600"}],"version-history":[{"count":2,"href":"https:\/\/vondetech.com\/et\/wp-json\/wp\/v2\/pages\/28600\/revisions"}],"predecessor-version":[{"id":28621,"href":"https:\/\/vondetech.com\/et\/wp-json\/wp\/v2\/pages\/28600\/revisions\/28621"}],"wp:attachment":[{"href":"https:\/\/vondetech.com\/et\/wp-json\/wp\/v2\/media?parent=28600"}],"curies":[{"name":"wp","href":"https:\/\/api.w.org\/{rel}","templated":true}]}}