{"id":7612,"date":"2024-05-23T15:02:08","date_gmt":"2024-05-23T13:02:08","guid":{"rendered":"https:\/\/vondetech.com\/derecho-de-cancelacion\/"},"modified":"2025-03-21T07:55:54","modified_gmt":"2025-03-21T06:55:54","slug":"derecho-de-cancelacion","status":"publish","type":"page","link":"https:\/\/vondetech.com\/es\/derecho-de-cancelacion\/","title":{"rendered":"Pol\u00edtica de privacidad de Vonde Pro App"},"content":{"rendered":"<div class=\"wpb-content-wrapper\"><p>[vc_row][vc_column][vc_empty_space][vc_column_text el_class=&#8221;legal-text&#8221;]<strong>Fecha de entrada en vigor:<\/strong> 17 de marzo de 2025<\/p>\n<ol>\n<li><strong>  Introducci\u00f3n<\/strong><\/li>\n<\/ol>\n<p>KMAK Kelet-Magyarorsz\u00e1gi Adatk\u00f6zpont Kft. 5000 Szolnok, Szap\u00e1ry utca 20. Correo electr\u00f3nico: info@vondetechnology.com. (&#8220;nosotros&#8221;, &#8220;nuestro&#8221;, o &#8220;nos&#8221;) proporciona soluciones integrales de redes digitales a trav\u00e9s de la App Vonde Pro (&#8220;App&#8221;), facilitando tarjetas de visita digitales, acortamiento de URL, gesti\u00f3n de c\u00f3digos NFC y QR, e integraci\u00f3n con Apple\/Google Wallet. Esta Pol\u00edtica de Privacidad describe nuestros m\u00e9todos para recopilar, procesar, gestionar y salvaguardar los datos personales.   <\/p>\n<p>Vonde Technology LLC (EEUU) gestiona los mercados globales y la expansi\u00f3n internacional. KMAK Kelet-Magyarorsz\u00e1gi Adatk\u00f6zpont Kft. (Europa, Hungr\u00eda) se encarga del desarrollo y de las tareas operativas relacionadas.<\/p>\n<p>La aplicaci\u00f3n Vonde Pro es una soluci\u00f3n de red digital todo en uno que ofrece funciones como crear y compartir tarjetas de visita digitales, acortar URL, gestionar c\u00f3digos NFC y QR e integrarse perfectamente con Apple y Google Wallet.<\/p>\n<p>Resumen de la pol\u00edtica Este documento proporciona informaci\u00f3n sobre:<\/p>\n<ul>\n<li>Tipos de datos personales recogidos<\/li>\n<li>Fines del tratamiento de datos<\/li>\n<li>M\u00e9todos y lugares de procesamiento<\/li>\n<li>Compartir datos personales con terceros<\/li>\n<li>Derechos de privacidad espec\u00edficos de cada regi\u00f3n (UE, EE.UU., Brasil)<\/li>\n<li>Pol\u00edticas de conservaci\u00f3n de datos<\/li>\n<li>Pr\u00e1cticas publicitarias y anal\u00edticas (Google AdMob, Google Analytics, Firebase)<\/li>\n<li>Opciones de exclusi\u00f3n voluntaria<\/li>\n<li>Procedimientos de notificaci\u00f3n de violaci\u00f3n de datos<\/li>\n<li>Informaci\u00f3n de contacto para consultas sobre privacidad<\/li>\n<\/ul>\n<ol start=\"2\">\n<li><strong>  Categor\u00edas de datos personales recogidos<\/strong><\/li>\n<\/ol>\n<p>Recogemos:<\/p>\n<ul>\n<li><strong>Informaci\u00f3n de contacto:<\/strong> Nombre (Nombre, Apellidos), direcci\u00f3n de correo electr\u00f3nico, n\u00famero de tel\u00e9fono<\/li>\n<li><strong>Datos de la transacci\u00f3n:<\/strong> Detalles de compra, registros de suscripci\u00f3n<\/li>\n<li><strong>Datos t\u00e9cnicos:<\/strong> Direcci\u00f3n IP, identificadores del dispositivo (por ejemplo, ID de anunciante de Google, IDFA), tipo de navegador, detalles del SO<\/li>\n<li><strong>Datos de uso:<\/strong> Interacciones con la aplicaci\u00f3n, funciones a las que se accede<\/li>\n<li><strong>Datos anal\u00edticos:<\/strong> A trav\u00e9s de Google Analytics y Firebase<\/li>\n<li><strong>Datos del usuario:<\/strong> Datos del perfil (por ejemplo, nombre de usuario, contrase\u00f1a), ajustes, preferencias<\/li>\n<li><strong>Cookies y tecnolog\u00edas similares:<\/strong> El sitio web y la aplicaci\u00f3n utilizan cookies, balizas web y tecnolog\u00edas similares para mejorar la experiencia del usuario, analizar el tr\u00e1fico y personalizar los anuncios.<\/li>\n<\/ul>\n<ol start=\"3\">\n<li><strong>  Base jur\u00eddica del tratamiento de datos<\/strong><\/li>\n<\/ol>\n<p>Tratamos los datos con arreglo a las siguientes bases jur\u00eddicas:<\/p>\n<ul>\n<li><strong>Consentimiento del usuario:<\/strong> Para publicidad personalizada, marketing directo y determinados fines anal\u00edticos, solicitamos el consentimiento previo del usuario.<\/li>\n<li><strong>Necesidad contractual:<\/strong> La creaci\u00f3n de cuentas, tarjetas de visita digitales y la prestaci\u00f3n de servicios son necesarias para el cumplimiento de nuestras obligaciones contractuales.<\/li>\n<li><strong>Cumplimiento de las obligaciones legales<\/strong><\/li>\n<li><strong>Intereses leg\u00edtimos:<\/strong> Tratamos los datos bas\u00e1ndonos en nuestros intereses leg\u00edtimos para la prevenci\u00f3n del fraude, la mejora de la calidad del servicio, el mantenimiento de la seguridad y la optimizaci\u00f3n de nuestras operaciones comerciales.<\/li>\n<\/ul>\n<ol start=\"4\">\n<li><strong>  Publicidad y Anal\u00edtica<\/strong><\/li>\n<\/ol>\n<p>Utilizamos Google AdMob para la publicidad personalizada basada en el comportamiento del usuario y los identificadores del dispositivo. Google AdMob muestra anuncios personalizados basados en el comportamiento del usuario y los identificadores del dispositivo. <\/p>\n<p>Los servicios de an\u00e1lisis (Google Analytics para Firebase, Firebase Performance Monitoring, Firebase Crashlytics) analizan las interacciones del usuario para mejorar la funcionalidad y el rendimiento de la aplicaci\u00f3n. Google Analytics recopila datos an\u00f3nimos sobre el comportamiento de los usuarios, el tr\u00e1fico y la informaci\u00f3n demogr\u00e1fica. Firebase Performance Monitoring y Firebase Crashlytics analizan las interacciones del usuario, el rendimiento de la aplicaci\u00f3n y las ca\u00eddas para mejorar la funcionalidad y el rendimiento de la aplicaci\u00f3n.  <\/p>\n<p>Los usuarios pueden gestionar la configuraci\u00f3n de personalizaci\u00f3n de los anuncios en la configuraci\u00f3n de anuncios de Google u otras plataformas de publicidad online.<\/p>\n<ol start=\"5\">\n<li><strong>  Tratamiento de datos e intercambio con terceros<\/strong><\/li>\n<\/ol>\n<p>El tratamiento de los datos se realiza electr\u00f3nicamente en<\/p>\n<ul>\n<li>KMAK Kelet-Magyarorsz\u00e1gi Adatk\u00f6zpont Kft., 5000 Szolnok, Szap\u00e1ry utca 20., info@vondetechnology.com<\/li>\n<li>Amazon Web Services (AWS) Amazon Web Services (AWS) nos proporciona servicios de almacenamiento y procesamiento de datos basados en la nube.<\/li>\n<\/ul>\n<p>Podemos compartir datos personales con:<\/p>\n<ul>\n<li>Proveedores de servicios: AWS, Google AdMob, Firebase. Podemos compartir datos personales con otros proveedores de servicios que nos ayudan a prestar servicios, procesar pagos, proporcionar asistencia al cliente y realizar actividades de marketing. <\/li>\n<li>Proveedores de an\u00e1lisis: Google Analytics<\/li>\n<li>Todos los terceros est\u00e1n obligados a proteger los datos personales de acuerdo con las leyes aplicables.<\/li>\n<\/ul>\n<ol start=\"6\">\n<li><strong>  Derechos de privacidad espec\u00edficos de cada regi\u00f3n<\/strong><\/li>\n<\/ol>\n<ul>\n<li><strong>6.1 Uni\u00f3n Europea (GDPR)<\/strong><\/li>\n<\/ul>\n<p>Los usuarios de la UE tienen derecho a:<\/p>\n<ul>\n<li style=\"list-style-type: none;\">\n<ul>\n<li>Acceder, rectificar o borrar datos personales<\/li>\n<li>Oponerse y limitar el tratamiento de datos<\/li>\n<li>Portabilidad de los datos<\/li>\n<li>Retirar el consentimiento<\/li>\n<li>Presentar reclamaciones ante las autoridades locales de protecci\u00f3n de datos. Los usuarios de la UE tienen derecho a acceder, rectificar, suprimir, limitar el tratamiento, oponerse al tratamiento, solicitar la portabilidad de los datos y retirar su consentimiento. Los usuarios tienen derecho a presentar una reclamaci\u00f3n ante la autoridad local de protecci\u00f3n de datos.  <\/li>\n<\/ul>\n<\/li>\n<li><strong>6.2 Estados Unidos (CCPA y otras leyes estatales)<\/strong><\/li>\n<\/ul>\n<p>Los usuarios de EEUU tienen derecho a:<\/p>\n<ul>\n<li style=\"list-style-type: none;\">\n<ul>\n<li>Acceder y rectificar datos personales<\/li>\n<li>Solicitar la eliminaci\u00f3n de datos<\/li>\n<li>Exclusi\u00f3n voluntaria de la publicidad dirigida. Los usuarios estadounidenses tienen derecho a acceder, rectificar y borrar sus datos personales, as\u00ed como a rechazar la publicidad dirigida. <\/li>\n<li>No discriminaci\u00f3n por ejercer el derecho a la intimidad<\/li>\n<li>Espec\u00edficos de California: No vendemos ni recopilamos datos personales de usuarios menores de 16 a\u00f1os. Los residentes en California tienen derecho a no ser discriminados por ejercer sus derechos de privacidad. No vendemos ni recopilamos datos personales de usuarios menores de 16 a\u00f1os.  <\/li>\n<\/ul>\n<\/li>\n<li><strong>6,3 Brasil (LGPD)<\/strong><\/li>\n<\/ul>\n<p>Los usuarios brasile\u00f1os tienen derechos a:<\/p>\n<ul>\n<li style=\"list-style-type: none;\">\n<ul>\n<li>Confirmar tratamiento de datos<\/li>\n<li>Acceder y rectificar datos personales<\/li>\n<li>Solicitar la anonimizaci\u00f3n, el bloqueo o la supresi\u00f3n de datos<\/li>\n<li>Solicitar la portabilidad de datos<\/li>\n<li>Retirar el consentimiento<\/li>\n<li>Presentar reclamaciones ante la ANPD. Los usuarios brasile\u00f1os tienen derecho a confirmar el tratamiento de sus datos, acceder, rectificar, solicitar la anonimizaci\u00f3n, el bloqueo o la supresi\u00f3n de los datos, solicitar la portabilidad de los datos, retirar su consentimiento y presentar una reclamaci\u00f3n ante la ANPD. <\/li>\n<\/ul>\n<\/li>\n<\/ul>\n<ol start=\"7\">\n<li><strong>  Conservaci\u00f3n de datos<\/strong><\/li>\n<\/ol>\n<p>Los datos personales se conservan s\u00f3lo durante el tiempo necesario para cumplir los fines indicados o hasta que el usuario retire su consentimiento, tras lo cual los datos se eliminan de forma segura. Los datos personales se conservan s\u00f3lo durante el tiempo necesario para cumplir los fines indicados o hasta que el usuario retire su consentimiento. Despu\u00e9s, los datos se eliminan de forma segura.  <\/p>\n<p>Determinamos los periodos de conservaci\u00f3n de los datos en funci\u00f3n de los siguientes criterios: la finalidad para la que se recogieron los datos, las obligaciones legales y nuestros intereses comerciales leg\u00edtimos.<\/p>\n<p>Hemos implementado medidas de seguridad de datos apropiadas para proteger los datos personales contra el acceso, uso, modificaci\u00f3n o eliminaci\u00f3n no autorizados. Estas medidas incluyen encriptaci\u00f3n, almacenamiento seguro, control de acceso y auditor\u00edas peri\u00f3dicas. <\/p>\n<ol start=\"8\">\n<li><strong>  Cookies, an\u00e1lisis y exclusi\u00f3n voluntaria<\/strong><\/li>\n<\/ol>\n<p>Los usuarios pueden gestionar sus preferencias a trav\u00e9s de la configuraci\u00f3n del dispositivo o de los servicios de exclusi\u00f3n voluntaria: Los usuarios pueden gestionar la configuraci\u00f3n de las cookies en la configuraci\u00f3n de su dispositivo o navegador.<\/p>\n<ul>\n<li>TusOpcionesOnline (UE)<\/li>\n<li>Iniciativa de Publicidad en Red (US)<\/li>\n<li>Alianza de Publicidad Digital (US)<\/li>\n<li>Los usuarios tambi\u00e9n pueden inhabilitar la personalizaci\u00f3n de anuncios en la configuraci\u00f3n de anuncios de Google u otras plataformas de publicidad online.<\/li>\n<\/ul>\n<p>Utilizamos cookies de sesi\u00f3n, cookies persistentes, cookies anal\u00edticas y cookies publicitarias.<\/p>\n<ol start=\"9\">\n<li><strong>  Transferencia internacional de datos<\/strong><\/li>\n<\/ol>\n<p>Los datos personales pueden ser procesados fuera del pa\u00eds del usuario principalmente a trav\u00e9s de la infraestructura de AWS, garantizando el cumplimiento de las normas internacionales de protecci\u00f3n de datos (por ejemplo, las Cl\u00e1usulas Contractuales Tipo). Podemos transferir datos personales a pa\u00edses fuera de la Uni\u00f3n Europea, como Estados Unidos, donde las normas de protecci\u00f3n de datos pueden diferir de las de la UE. Las transferencias internacionales de datos se basan en las Cl\u00e1usulas Contractuales Tipo (CCT) u otros fundamentos jur\u00eddicos apropiados. Hemos implementado medidas de protecci\u00f3n de datos adecuadas para proteger los datos personales durante las transferencias internacionales de datos, incluido el uso de Cl\u00e1usulas Contractuales Tipo y la implementaci\u00f3n de medidas de seguridad adecuadas.   <\/p>\n<ol start=\"10\">\n<li><strong>  Toma de decisiones automatizada y elaboraci\u00f3n de perfiles<\/strong><\/li>\n<\/ol>\n<p>Empleamos la toma de decisiones automatizada para:<\/p>\n<ul>\n<li>Publicidad dirigida<\/li>\n<li>An\u00e1lisis del comportamiento del usuario<\/li>\n<li>Contenido personalizado<\/li>\n<li>Utilizamos la toma de decisiones automatizada y la elaboraci\u00f3n de perfiles para mostrar anuncios dirigidos, analizar el comportamiento de los usuarios y recomendar contenidos personalizados.<\/li>\n<\/ul>\n<p>Los usuarios pueden oponerse a dicho tratamiento en cualquier momento a trav\u00e9s de info@vondetech.com. Los usuarios tienen derecho a oponerse a la toma de decisiones automatizada y a la elaboraci\u00f3n de perfiles poni\u00e9ndose en contacto con nosotros en info@vondetech.com. <\/p>\n<ol start=\"11\">\n<li><strong>  Ejercicio de los derechos de usuario<\/strong><\/li>\n<\/ol>\n<p>Para ejercer tus derechos de privacidad, presenta una solicitud por escrito a: KMAK Kelet-Magyarorsz\u00e1gi Adatk\u00f6zpont Kft. H-5000 Szolnok, Szap\u00e1ry utca 20. Correo electr\u00f3nico: info@vondetechnology.com. Los usuarios pueden ejercer sus derechos presentando una solicitud por escrito a: KMAK Kelet-Magyarorsz\u00e1gi Adatk\u00f6zpont Kft.  H-5000 Szolnok, Szap\u00e1ry utca 20. Correo electr\u00f3nico: info@vondetechnology.com.<\/p>\n<p>Verificaci\u00f3n de identidad: Las solicitudes deben proceder de tu direcci\u00f3n de correo electr\u00f3nico registrada. Puede solicitarse una verificaci\u00f3n adicional, y los documentos utilizados se eliminar\u00e1n tras la verificaci\u00f3n. Las solicitudes deben proceder de tu direcci\u00f3n de correo electr\u00f3nico registrada. Los usuarios deben verificar su identidad al enviar una solicitud. Podemos solicitar informaci\u00f3n adicional para verificar la identidad, y los documentos utilizados para la verificaci\u00f3n se eliminar\u00e1n despu\u00e9s de la verificaci\u00f3n.    <\/p>\n<p>Tiempos de respuesta:<\/p>\n<ul>\n<li>GDPR (UE): en un plazo de 30 d\u00edas<\/li>\n<li>LGPD (Brasil): en 15 d\u00edas<\/li>\n<li>CCPA y leyes estatales de EE.UU.: en un plazo de 45 d\u00edas<\/li>\n<\/ul>\n<ol start=\"12\">\n<li><strong>  Notificaci\u00f3n de violaci\u00f3n de datos<\/strong><\/li>\n<\/ol>\n<p>En caso de violaci\u00f3n de datos personales, se notificar\u00e1 con prontitud a los usuarios y a las autoridades pertinentes, cumpliendo la normativa aplicable. En caso de violaci\u00f3n de datos personales, se notificar\u00e1 con prontitud a los usuarios y a las autoridades pertinentes, de acuerdo con la normativa aplicable. <\/p>\n<ol start=\"13\">\n<li><strong>  Medidas de seguridad de los datos<\/strong><\/li>\n<\/ol>\n<p>Aplicamos medidas de seguridad que incluyen la encriptaci\u00f3n, el almacenamiento seguro, el control de acceso y auditor\u00edas peri\u00f3dicas para proteger la integridad de los datos. Nuestras medidas de seguridad de los datos incluyen la encriptaci\u00f3n (tanto en tr\u00e1nsito como en reposo), el almacenamiento seguro, el control de acceso, las auditor\u00edas peri\u00f3dicas de seguridad y la formaci\u00f3n de los empleados en materia de protecci\u00f3n de datos. <\/p>\n<ol start=\"14\">\n<li><strong>  Privacidad infantil<\/strong><\/li>\n<\/ol>\n<p>No recogemos intencionadamente datos de menores de 16 a\u00f1os. Cualquier dato de este tipo que se identifique se eliminar\u00e1 inmediatamente. No recopilamos intencionadamente datos de menores de 16 a\u00f1os. Si identificamos tales datos, ser\u00e1n borrados inmediatamente.   <\/p>\n<ol start=\"15\">\n<li><strong>  Actualizaciones pol\u00edticas<\/strong><\/li>\n<\/ol>\n<p>Esta Pol\u00edtica de Privacidad puede actualizarse peri\u00f3dicamente, y los cambios significativos se comunicar\u00e1n mediante notificaciones de la aplicaci\u00f3n o por correo electr\u00f3nico. Esta Pol\u00edtica de Privacidad puede actualizarse peri\u00f3dicamente. Los cambios significativos se comunicar\u00e1n mediante notificaciones de la aplicaci\u00f3n o por correo electr\u00f3nico. La Pol\u00edtica de Privacidad actualizada se publicar\u00e1 en nuestro sitio web y en nuestra aplicaci\u00f3n.   <\/p>\n<p><strong>Contacto de Protecci\u00f3n de Datos<\/strong><\/p>\n<p>Para preguntas o dudas: Responsable de Protecci\u00f3n de Datos KMAK Kelet-Magyarorsz\u00e1gi Adatk\u00f6zpont Kft. H-5000 Szolnok, Szap\u00e1ry utca 20. Correo electr\u00f3nico: info@vondetechnology.com<\/p>\n<p>Al utilizar Vonde Pro App, reconoces y aceptas esta Pol\u00edtica de Privacidad.[\/vc_column_text][\/vc_column][\/vc_row]<\/p>\n<\/div>","protected":false},"excerpt":{"rendered":"<p>[vc_row][vc_column][vc_empty_space][vc_column_text el_class=&#8221;legal-text&#8221;]Fecha de entrada en vigor: 17 de marzo de 2025 Introducci\u00f3n KMAK Kelet-Magyarorsz\u00e1gi Adatk\u00f6zpont Kft. 5000 Szolnok, Szap\u00e1ry utca 20. Correo electr\u00f3nico: info@vondetechnology.com. (&#8220;nosotros&#8221;, &#8220;nuestro&#8221;, o &#8220;nos&#8221;) proporciona soluciones integrales de redes digitales a trav\u00e9s de la App Vonde Pro (&#8220;App&#8221;), facilitando tarjetas de visita digitales, acortamiento de URL, gesti\u00f3n de c\u00f3digos NFC y [&hellip;]<\/p>\n","protected":false},"author":1,"featured_media":0,"parent":0,"menu_order":0,"comment_status":"closed","ping_status":"closed","template":"","meta":{"footnotes":""},"class_list":["post-7612","page","type-page","status-publish","hentry"],"yoast_head":"<!-- This site is optimized with the Yoast SEO plugin v24.7 - https:\/\/yoast.com\/wordpress\/plugins\/seo\/ -->\n<title>Pol\u00edtica de privacidad de Vonde Pro App - Vondetech<\/title>\n<meta name=\"robots\" content=\"index, follow, max-snippet:-1, max-image-preview:large, max-video-preview:-1\" \/>\n<link rel=\"canonical\" href=\"https:\/\/vondetech.com\/es\/derecho-de-cancelacion\/\" \/>\n<meta property=\"og:locale\" content=\"es_ES\" \/>\n<meta property=\"og:type\" content=\"article\" \/>\n<meta property=\"og:title\" content=\"Pol\u00edtica de privacidad de Vonde Pro App - Vondetech\" \/>\n<meta property=\"og:description\" content=\"[vc_row][vc_column][vc_empty_space][vc_column_text el_class=&#8221;legal-text&#8221;]Fecha de entrada en vigor: 17 de marzo de 2025 Introducci\u00f3n KMAK Kelet-Magyarorsz\u00e1gi Adatk\u00f6zpont Kft. 5000 Szolnok, Szap\u00e1ry utca 20. Correo electr\u00f3nico: info@vondetechnology.com. (&#8220;nosotros&#8221;, &#8220;nuestro&#8221;, o &#8220;nos&#8221;) proporciona soluciones integrales de redes digitales a trav\u00e9s de la App Vonde Pro (&#8220;App&#8221;), facilitando tarjetas de visita digitales, acortamiento de URL, gesti\u00f3n de c\u00f3digos NFC y [&hellip;]\" \/>\n<meta property=\"og:url\" content=\"https:\/\/vondetech.com\/es\/derecho-de-cancelacion\/\" \/>\n<meta property=\"og:site_name\" content=\"Vondetech\" \/>\n<meta property=\"article:modified_time\" content=\"2025-03-21T06:55:54+00:00\" \/>\n<meta name=\"twitter:card\" content=\"summary_large_image\" \/>\n<meta name=\"twitter:label1\" content=\"Tiempo de lectura\" \/>\n\t<meta name=\"twitter:data1\" content=\"2 minutos\" \/>\n<script type=\"application\/ld+json\" class=\"yoast-schema-graph\">{\"@context\":\"https:\/\/schema.org\",\"@graph\":[{\"@type\":\"WebPage\",\"@id\":\"https:\/\/vondetech.com\/es\/derecho-de-cancelacion\/\",\"url\":\"https:\/\/vondetech.com\/es\/derecho-de-cancelacion\/\",\"name\":\"Pol\u00edtica de privacidad de Vonde Pro App - Vondetech\",\"isPartOf\":{\"@id\":\"https:\/\/vondetech.com\/es\/#website\"},\"datePublished\":\"2024-05-23T13:02:08+00:00\",\"dateModified\":\"2025-03-21T06:55:54+00:00\",\"breadcrumb\":{\"@id\":\"https:\/\/vondetech.com\/es\/derecho-de-cancelacion\/#breadcrumb\"},\"inLanguage\":\"es\",\"potentialAction\":[{\"@type\":\"ReadAction\",\"target\":[\"https:\/\/vondetech.com\/es\/derecho-de-cancelacion\/\"]}]},{\"@type\":\"BreadcrumbList\",\"@id\":\"https:\/\/vondetech.com\/es\/derecho-de-cancelacion\/#breadcrumb\",\"itemListElement\":[{\"@type\":\"ListItem\",\"position\":1,\"name\":\"Inicio\",\"item\":\"https:\/\/vondetech.com\/es\/inicio\/\"},{\"@type\":\"ListItem\",\"position\":2,\"name\":\"Pol\u00edtica de privacidad de Vonde Pro App\"}]},{\"@type\":\"WebSite\",\"@id\":\"https:\/\/vondetech.com\/es\/#website\",\"url\":\"https:\/\/vondetech.com\/es\/\",\"name\":\"Vondetech\",\"description\":\"\",\"potentialAction\":[{\"@type\":\"SearchAction\",\"target\":{\"@type\":\"EntryPoint\",\"urlTemplate\":\"https:\/\/vondetech.com\/es\/?s={search_term_string}\"},\"query-input\":{\"@type\":\"PropertyValueSpecification\",\"valueRequired\":true,\"valueName\":\"search_term_string\"}}],\"inLanguage\":\"es\"}]}<\/script>\n<!-- \/ Yoast SEO plugin. -->","yoast_head_json":{"title":"Pol\u00edtica de privacidad de Vonde Pro App - Vondetech","robots":{"index":"index","follow":"follow","max-snippet":"max-snippet:-1","max-image-preview":"max-image-preview:large","max-video-preview":"max-video-preview:-1"},"canonical":"https:\/\/vondetech.com\/es\/derecho-de-cancelacion\/","og_locale":"es_ES","og_type":"article","og_title":"Pol\u00edtica de privacidad de Vonde Pro App - Vondetech","og_description":"[vc_row][vc_column][vc_empty_space][vc_column_text el_class=&#8221;legal-text&#8221;]Fecha de entrada en vigor: 17 de marzo de 2025 Introducci\u00f3n KMAK Kelet-Magyarorsz\u00e1gi Adatk\u00f6zpont Kft. 5000 Szolnok, Szap\u00e1ry utca 20. Correo electr\u00f3nico: info@vondetechnology.com. (&#8220;nosotros&#8221;, &#8220;nuestro&#8221;, o &#8220;nos&#8221;) proporciona soluciones integrales de redes digitales a trav\u00e9s de la App Vonde Pro (&#8220;App&#8221;), facilitando tarjetas de visita digitales, acortamiento de URL, gesti\u00f3n de c\u00f3digos NFC y [&hellip;]","og_url":"https:\/\/vondetech.com\/es\/derecho-de-cancelacion\/","og_site_name":"Vondetech","article_modified_time":"2025-03-21T06:55:54+00:00","twitter_card":"summary_large_image","twitter_misc":{"Tiempo de lectura":"2 minutos"},"schema":{"@context":"https:\/\/schema.org","@graph":[{"@type":"WebPage","@id":"https:\/\/vondetech.com\/es\/derecho-de-cancelacion\/","url":"https:\/\/vondetech.com\/es\/derecho-de-cancelacion\/","name":"Pol\u00edtica de privacidad de Vonde Pro App - Vondetech","isPartOf":{"@id":"https:\/\/vondetech.com\/es\/#website"},"datePublished":"2024-05-23T13:02:08+00:00","dateModified":"2025-03-21T06:55:54+00:00","breadcrumb":{"@id":"https:\/\/vondetech.com\/es\/derecho-de-cancelacion\/#breadcrumb"},"inLanguage":"es","potentialAction":[{"@type":"ReadAction","target":["https:\/\/vondetech.com\/es\/derecho-de-cancelacion\/"]}]},{"@type":"BreadcrumbList","@id":"https:\/\/vondetech.com\/es\/derecho-de-cancelacion\/#breadcrumb","itemListElement":[{"@type":"ListItem","position":1,"name":"Inicio","item":"https:\/\/vondetech.com\/es\/inicio\/"},{"@type":"ListItem","position":2,"name":"Pol\u00edtica de privacidad de Vonde Pro App"}]},{"@type":"WebSite","@id":"https:\/\/vondetech.com\/es\/#website","url":"https:\/\/vondetech.com\/es\/","name":"Vondetech","description":"","potentialAction":[{"@type":"SearchAction","target":{"@type":"EntryPoint","urlTemplate":"https:\/\/vondetech.com\/es\/?s={search_term_string}"},"query-input":{"@type":"PropertyValueSpecification","valueRequired":true,"valueName":"search_term_string"}}],"inLanguage":"es"}]}},"_links":{"self":[{"href":"https:\/\/vondetech.com\/es\/wp-json\/wp\/v2\/pages\/7612","targetHints":{"allow":["GET"]}}],"collection":[{"href":"https:\/\/vondetech.com\/es\/wp-json\/wp\/v2\/pages"}],"about":[{"href":"https:\/\/vondetech.com\/es\/wp-json\/wp\/v2\/types\/page"}],"author":[{"embeddable":true,"href":"https:\/\/vondetech.com\/es\/wp-json\/wp\/v2\/users\/1"}],"replies":[{"embeddable":true,"href":"https:\/\/vondetech.com\/es\/wp-json\/wp\/v2\/comments?post=7612"}],"version-history":[{"count":7,"href":"https:\/\/vondetech.com\/es\/wp-json\/wp\/v2\/pages\/7612\/revisions"}],"predecessor-version":[{"id":21118,"href":"https:\/\/vondetech.com\/es\/wp-json\/wp\/v2\/pages\/7612\/revisions\/21118"}],"wp:attachment":[{"href":"https:\/\/vondetech.com\/es\/wp-json\/wp\/v2\/media?parent=7612"}],"curies":[{"name":"wp","href":"https:\/\/api.w.org\/{rel}","templated":true}]}}