{"id":7589,"date":"2024-05-23T15:17:28","date_gmt":"2024-05-23T13:17:28","guid":{"rendered":"https:\/\/vondetech.com\/politica-de-privacidad\/"},"modified":"2025-03-19T13:31:17","modified_gmt":"2025-03-19T12:31:17","slug":"politica-de-privacidad","status":"publish","type":"page","link":"https:\/\/vondetech.com\/es\/politica-de-privacidad\/","title":{"rendered":"Pol\u00edtica de cookies del sitio web de Vonde Pro"},"content":{"rendered":"<div class=\"wpb-content-wrapper\"><p>[vc_row][vc_column][vc_empty_space][vc_column_text el_class=&#8221;legal-text&#8221;]<strong>Pol\u00edtica de cookies del sitio web de Vonde Pro<\/strong><\/p>\n<p><strong>Fecha de entrada en vigor:<\/strong> 17 de marzo de 2025<\/p>\n<ol>\n<li><strong>  Introducci\u00f3n<\/strong><\/li>\n<\/ol>\n<p>Esta Pol\u00edtica de Cookies explica c\u00f3mo Vonde Technology (&#8220;nosotros&#8221;, &#8220;nos&#8221; o &#8220;nuestro&#8221;) utiliza las cookies y tecnolog\u00edas similares en el sitio web de Vonde Pro (&#8220;Sitio Web&#8221;). Esta pol\u00edtica no se aplica a la aplicaci\u00f3n m\u00f3vil Vonde Pro, que tiene su propia Pol\u00edtica de Cookies separada. <\/p>\n<ol start=\"2\">\n<li><strong>  \u00bfQu\u00e9 son las cookies?<\/strong><\/li>\n<\/ol>\n<p>Las cookies son peque\u00f1os archivos de texto que se almacenan en tu dispositivo cuando visitas nuestro Sitio Web. Las cookies nos ayudan a analizar el tr\u00e1fico del sitio web y a mejorar la experiencia del usuario. <\/p>\n<ol start=\"3\">\n<li><strong>  Tipos de cookies que utilizamos<\/strong><\/li>\n<\/ol>\n<ul>\n<li><strong>Cookies esenciales:<\/strong> Estas cookies son necesarias para el funcionamiento b\u00e1sico del sitio web. Te permiten navegar por el sitio, utilizar funciones esenciales como iniciar sesi\u00f3n en tu cuenta, a\u00f1adir art\u00edculos a tu cesta de la compra y acceder a zonas seguras del sitio web. <\/li>\n<li><strong>Cookies anal\u00edticas:<\/strong> Nos permiten reconocer y contar visitantes y ver c\u00f3mo se mueven por el sitio web. Esto nos ayuda a mejorar la usabilidad y el rendimiento del sitio web. Utilizamos Google Analytics para recopilar informaci\u00f3n sobre c\u00f3mo utilizan los visitantes nuestro sitio web. Estas cookies recogen datos como el n\u00famero de visitantes, las p\u00e1ginas que visitan y el tiempo que pasan en cada p\u00e1gina.   <\/li>\n<\/ul>\n<ol start=\"4\">\n<li><strong>  Finalidad del uso de cookies<\/strong><\/li>\n<\/ol>\n<p>Utilizamos cookies exclusivamente para:<\/p>\n<ul>\n<li>Supervisar y analizar las estad\u00edsticas b\u00e1sicas de visitas y uso del sitio web.<\/li>\n<li>Mejorar el rendimiento general y la experiencia del usuario en nuestro Sitio Web.<\/li>\n<\/ul>\n<ol start=\"5\">\n<li><strong>  Cookies de terceros<\/strong><\/li>\n<\/ol>\n<ul>\n<li><strong>Google Analytics:<\/strong> Utilizamos Google Analytics, un servicio anal\u00edtico de web prestado por Google LLC. Google Analytics utiliza cookies para recopilar informaci\u00f3n sobre tu uso de nuestro sitio web, incluida tu direcci\u00f3n IP. Esta informaci\u00f3n es transmitida y almacenada por Google en servidores de Estados Unidos. Google utiliza esta informaci\u00f3n para evaluar tu uso de nuestro sitio web, recopilar informes sobre la actividad del sitio web y prestar otros servicios relacionados con la actividad del sitio web y el uso de Internet. Google podr\u00e1 transmitir dicha informaci\u00f3n a terceros cuando as\u00ed se lo requiera la legislaci\u00f3n, o cuando dichos terceros procesen la informaci\u00f3n por cuenta de Google. Puedes encontrar m\u00e1s informaci\u00f3n sobre las pr\u00e1cticas de privacidad de Google y sobre c\u00f3mo utiliza Google las cookies en la Pol\u00edtica de Privacidad de Google:       [Link to Google&#8217;s Privacy Policy]<\/li>\n<\/ul>\n<ol start=\"6\">\n<li><strong>  Gesti\u00f3n de cookies<\/strong><\/li>\n<\/ol>\n<p>Puedes controlar, bloquear o eliminar las cookies a trav\u00e9s de la configuraci\u00f3n de tu navegador. La mayor\u00eda de los navegadores aceptan autom\u00e1ticamente las cookies, pero normalmente puedes modificar la configuraci\u00f3n de tu navegador para rechazarlas si lo prefieres. Consulta la documentaci\u00f3n de ayuda de tu navegador para obtener instrucciones sobre c\u00f3mo gestionar las cookies. Aqu\u00ed tienes enlaces a las p\u00e1ginas de ayuda de algunos navegadores populares:   <\/p>\n<ul>\n<li>Google Chrome:  [Link to Chrome&#8217;s cookie settings help page]<\/li>\n<li>Mozilla Firefox:  [Link to Firefox&#8217;s cookie settings help page]<\/li>\n<li>Microsoft Edge:  [Link to Edge&#8217;s cookie settings help page]<\/li>\n<li>Safari de Apple:  [Link to Safari&#8217;s cookie settings help page]<\/li>\n<\/ul>\n<p>Las cookies pueden ser cookies de sesi\u00f3n o cookies persistentes. Las cookies de sesi\u00f3n son cookies temporales que se almacenan en tu dispositivo hasta que cierras el navegador. Las cookies persistentes permanecen en tu dispositivo durante un periodo m\u00e1s largo o hasta que las eliminas.  <\/p>\n<ol start=\"7\">\n<li><strong>  Actualizaciones pol\u00edticas<\/strong><\/li>\n<\/ol>\n<p>Podemos actualizar esta Pol\u00edtica de Cookies peri\u00f3dicamente. Los cambios se publicar\u00e1n en esta p\u00e1gina con una fecha de entrada en vigor actualizada. <\/p>\n<ol start=\"8\">\n<li><strong>  Contacta con nosotros<\/strong><\/li>\n<\/ol>\n<p>Para preguntas sobre esta Pol\u00edtica de Cookies, ponte en contacto con nosotros en:<\/p>\n<p>KMAK Kelet-Magyarorsz\u00e1gi Adatk\u00f6zpont Kft.<\/p>\n<p>H-5000 Szolnok, Szap\u00e1ry utca 20.<\/p>\n<p>Correo electr\u00f3nico: info@vondetechnology.com<\/p>\n<p>Al utilizar nuestro Sitio Web, aceptas el uso de cookies tal y como se describe en esta Pol\u00edtica de Cookies.[\/vc_column_text][\/vc_column][\/vc_row]<\/p>\n<\/div>","protected":false},"excerpt":{"rendered":"<p>[vc_row][vc_column][vc_empty_space][vc_column_text el_class=&#8221;legal-text&#8221;]Pol\u00edtica de cookies del sitio web de Vonde Pro Fecha de entrada en vigor: 17 de marzo de 2025 Introducci\u00f3n Esta Pol\u00edtica de Cookies explica c\u00f3mo Vonde Technology (&#8220;nosotros&#8221;, &#8220;nos&#8221; o &#8220;nuestro&#8221;) utiliza las cookies y tecnolog\u00edas similares en el sitio web de Vonde Pro (&#8220;Sitio Web&#8221;). Esta pol\u00edtica no se aplica a la [&hellip;]<\/p>\n","protected":false},"author":1,"featured_media":0,"parent":0,"menu_order":0,"comment_status":"closed","ping_status":"closed","template":"","meta":{"footnotes":""},"class_list":["post-7589","page","type-page","status-publish","hentry"],"yoast_head":"<!-- This site is optimized with the Yoast SEO plugin v24.7 - https:\/\/yoast.com\/wordpress\/plugins\/seo\/ -->\n<title>Pol\u00edtica de cookies del sitio web de Vonde Pro - Vondetech<\/title>\n<meta name=\"robots\" content=\"index, follow, max-snippet:-1, max-image-preview:large, max-video-preview:-1\" \/>\n<link rel=\"canonical\" href=\"https:\/\/vondetech.com\/es\/politica-de-privacidad\/\" \/>\n<meta property=\"og:locale\" content=\"es_ES\" \/>\n<meta property=\"og:type\" content=\"article\" \/>\n<meta property=\"og:title\" content=\"Pol\u00edtica de cookies del sitio web de Vonde Pro - Vondetech\" \/>\n<meta property=\"og:description\" content=\"[vc_row][vc_column][vc_empty_space][vc_column_text el_class=&#8221;legal-text&#8221;]Pol\u00edtica de cookies del sitio web de Vonde Pro Fecha de entrada en vigor: 17 de marzo de 2025 Introducci\u00f3n Esta Pol\u00edtica de Cookies explica c\u00f3mo Vonde Technology (&#8220;nosotros&#8221;, &#8220;nos&#8221; o &#8220;nuestro&#8221;) utiliza las cookies y tecnolog\u00edas similares en el sitio web de Vonde Pro (&#8220;Sitio Web&#8221;). Esta pol\u00edtica no se aplica a la [&hellip;]\" \/>\n<meta property=\"og:url\" content=\"https:\/\/vondetech.com\/es\/politica-de-privacidad\/\" \/>\n<meta property=\"og:site_name\" content=\"Vondetech\" \/>\n<meta property=\"article:modified_time\" content=\"2025-03-19T12:31:17+00:00\" \/>\n<meta name=\"twitter:card\" content=\"summary_large_image\" \/>\n<meta name=\"twitter:label1\" content=\"Tiempo de lectura\" \/>\n\t<meta name=\"twitter:data1\" content=\"3 minutos\" \/>\n<script type=\"application\/ld+json\" class=\"yoast-schema-graph\">{\"@context\":\"https:\/\/schema.org\",\"@graph\":[{\"@type\":\"WebPage\",\"@id\":\"https:\/\/vondetech.com\/es\/politica-de-privacidad\/\",\"url\":\"https:\/\/vondetech.com\/es\/politica-de-privacidad\/\",\"name\":\"Pol\u00edtica de cookies del sitio web de Vonde Pro - Vondetech\",\"isPartOf\":{\"@id\":\"https:\/\/vondetech.com\/es\/#website\"},\"datePublished\":\"2024-05-23T13:17:28+00:00\",\"dateModified\":\"2025-03-19T12:31:17+00:00\",\"breadcrumb\":{\"@id\":\"https:\/\/vondetech.com\/es\/politica-de-privacidad\/#breadcrumb\"},\"inLanguage\":\"es\",\"potentialAction\":[{\"@type\":\"ReadAction\",\"target\":[\"https:\/\/vondetech.com\/es\/politica-de-privacidad\/\"]}]},{\"@type\":\"BreadcrumbList\",\"@id\":\"https:\/\/vondetech.com\/es\/politica-de-privacidad\/#breadcrumb\",\"itemListElement\":[{\"@type\":\"ListItem\",\"position\":1,\"name\":\"Inicio\",\"item\":\"https:\/\/vondetech.com\/es\/inicio\/\"},{\"@type\":\"ListItem\",\"position\":2,\"name\":\"Pol\u00edtica de cookies del sitio web de Vonde Pro\"}]},{\"@type\":\"WebSite\",\"@id\":\"https:\/\/vondetech.com\/es\/#website\",\"url\":\"https:\/\/vondetech.com\/es\/\",\"name\":\"Vondetech\",\"description\":\"\",\"potentialAction\":[{\"@type\":\"SearchAction\",\"target\":{\"@type\":\"EntryPoint\",\"urlTemplate\":\"https:\/\/vondetech.com\/es\/?s={search_term_string}\"},\"query-input\":{\"@type\":\"PropertyValueSpecification\",\"valueRequired\":true,\"valueName\":\"search_term_string\"}}],\"inLanguage\":\"es\"}]}<\/script>\n<!-- \/ Yoast SEO plugin. -->","yoast_head_json":{"title":"Pol\u00edtica de cookies del sitio web de Vonde Pro - Vondetech","robots":{"index":"index","follow":"follow","max-snippet":"max-snippet:-1","max-image-preview":"max-image-preview:large","max-video-preview":"max-video-preview:-1"},"canonical":"https:\/\/vondetech.com\/es\/politica-de-privacidad\/","og_locale":"es_ES","og_type":"article","og_title":"Pol\u00edtica de cookies del sitio web de Vonde Pro - Vondetech","og_description":"[vc_row][vc_column][vc_empty_space][vc_column_text el_class=&#8221;legal-text&#8221;]Pol\u00edtica de cookies del sitio web de Vonde Pro Fecha de entrada en vigor: 17 de marzo de 2025 Introducci\u00f3n Esta Pol\u00edtica de Cookies explica c\u00f3mo Vonde Technology (&#8220;nosotros&#8221;, &#8220;nos&#8221; o &#8220;nuestro&#8221;) utiliza las cookies y tecnolog\u00edas similares en el sitio web de Vonde Pro (&#8220;Sitio Web&#8221;). Esta pol\u00edtica no se aplica a la [&hellip;]","og_url":"https:\/\/vondetech.com\/es\/politica-de-privacidad\/","og_site_name":"Vondetech","article_modified_time":"2025-03-19T12:31:17+00:00","twitter_card":"summary_large_image","twitter_misc":{"Tiempo de lectura":"3 minutos"},"schema":{"@context":"https:\/\/schema.org","@graph":[{"@type":"WebPage","@id":"https:\/\/vondetech.com\/es\/politica-de-privacidad\/","url":"https:\/\/vondetech.com\/es\/politica-de-privacidad\/","name":"Pol\u00edtica de cookies del sitio web de Vonde Pro - Vondetech","isPartOf":{"@id":"https:\/\/vondetech.com\/es\/#website"},"datePublished":"2024-05-23T13:17:28+00:00","dateModified":"2025-03-19T12:31:17+00:00","breadcrumb":{"@id":"https:\/\/vondetech.com\/es\/politica-de-privacidad\/#breadcrumb"},"inLanguage":"es","potentialAction":[{"@type":"ReadAction","target":["https:\/\/vondetech.com\/es\/politica-de-privacidad\/"]}]},{"@type":"BreadcrumbList","@id":"https:\/\/vondetech.com\/es\/politica-de-privacidad\/#breadcrumb","itemListElement":[{"@type":"ListItem","position":1,"name":"Inicio","item":"https:\/\/vondetech.com\/es\/inicio\/"},{"@type":"ListItem","position":2,"name":"Pol\u00edtica de cookies del sitio web de Vonde Pro"}]},{"@type":"WebSite","@id":"https:\/\/vondetech.com\/es\/#website","url":"https:\/\/vondetech.com\/es\/","name":"Vondetech","description":"","potentialAction":[{"@type":"SearchAction","target":{"@type":"EntryPoint","urlTemplate":"https:\/\/vondetech.com\/es\/?s={search_term_string}"},"query-input":{"@type":"PropertyValueSpecification","valueRequired":true,"valueName":"search_term_string"}}],"inLanguage":"es"}]}},"_links":{"self":[{"href":"https:\/\/vondetech.com\/es\/wp-json\/wp\/v2\/pages\/7589","targetHints":{"allow":["GET"]}}],"collection":[{"href":"https:\/\/vondetech.com\/es\/wp-json\/wp\/v2\/pages"}],"about":[{"href":"https:\/\/vondetech.com\/es\/wp-json\/wp\/v2\/types\/page"}],"author":[{"embeddable":true,"href":"https:\/\/vondetech.com\/es\/wp-json\/wp\/v2\/users\/1"}],"replies":[{"embeddable":true,"href":"https:\/\/vondetech.com\/es\/wp-json\/wp\/v2\/comments?post=7589"}],"version-history":[{"count":6,"href":"https:\/\/vondetech.com\/es\/wp-json\/wp\/v2\/pages\/7589\/revisions"}],"predecessor-version":[{"id":20000,"href":"https:\/\/vondetech.com\/es\/wp-json\/wp\/v2\/pages\/7589\/revisions\/20000"}],"wp:attachment":[{"href":"https:\/\/vondetech.com\/es\/wp-json\/wp\/v2\/media?parent=7589"}],"curies":[{"name":"wp","href":"https:\/\/api.w.org\/{rel}","templated":true}]}}