{"id":20946,"date":"2025-03-19T09:20:16","date_gmt":"2025-03-19T08:20:16","guid":{"rendered":"https:\/\/vondetech.com\/pie-de-imprenta-para-vonde-pro-app\/"},"modified":"2025-03-20T15:59:42","modified_gmt":"2025-03-20T14:59:42","slug":"pie-de-imprenta-para-vonde-pro-app","status":"publish","type":"page","link":"https:\/\/vondetech.com\/es\/pie-de-imprenta-para-vonde-pro-app\/","title":{"rendered":"Pie de imprenta para Vonde Pro App"},"content":{"rendered":"<div class=\"wpb-content-wrapper\"><p>[vc_row][vc_column][vc_empty_space][vc_column_text el_class=&#8221;legal-text&#8221;]<strong>Informaci\u00f3n sobre la empresa:<\/strong><\/p>\n<p>Tecnolog\u00eda Vonde<\/p>\n<p><strong>Acerca de Vonde Technology LLC:<\/strong><\/p>\n<p>Vonde Pro App es una aplicaci\u00f3n m\u00f3vil innovadora desarrollada y operada mediante la colaboraci\u00f3n de dos entidades:<\/p>\n<ul>\n<li>Vonde Technology LLC (EEUU) gestiona los mercados globales y la expansi\u00f3n internacional.<\/li>\n<li>KMAK Kelet-Magyarorsz\u00e1gi Adatk\u00f6zpont Kft. (Europa, Hungr\u00eda) se encarga del desarrollo y de las tareas operativas relacionadas.<\/li>\n<\/ul>\n<p><strong>Operado por:<\/strong><\/p>\n<p>KMAK Kelet-Magyarorsz\u00e1gi Adatk\u00f6zpont Kft.<\/p>\n<p><strong>Domicilio social:<\/strong><\/p>\n<p>H-5000 Szolnok, Szap\u00e1ry utca 20. Hungr\u00eda<\/p>\n<p><strong>Informaci\u00f3n de contacto:<\/strong><\/p>\n<p>Correo electr\u00f3nico: info@vondetechnology.com<\/p>\n<p><strong>Director General:<\/strong><\/p>\n<p>Laszlo Berta<\/p>\n<p><strong>Registro Mercantil:<\/strong><\/p>\n<p>D-U-N-S: 401605625<\/p>\n<p>Tribunal de Registro: [Proporcionar Tribunal de Registro, por ejemplo, Tribunal Regional de Szolnok].<\/p>\n<p><strong>N\u00famero de identificaci\u00f3n a efectos del IVA:<\/strong><\/p>\n<p>HU24373427<\/p>\n<p><strong>Responsable de Protecci\u00f3n de Datos:<\/strong><\/p>\n<p>Para consultas sobre protecci\u00f3n de datos, ponte en contacto con nuestro Responsable de Protecci\u00f3n de Datos en<\/p>\n<p>Correo electr\u00f3nico: info@vondetechnology.com<\/p>\n<p><strong>Exenci\u00f3n de responsabilidad:<\/strong><\/p>\n<p>A pesar de la cuidadosa supervisi\u00f3n del contenido, no asumimos ninguna responsabilidad por el contenido de los enlaces externos. Los operadores de las p\u00e1ginas enlazadas son los \u00fanicos responsables de su contenido. <\/p>\n<p><strong>Resoluci\u00f3n de conflictos:<\/strong><\/p>\n<p>En cumplimiento de la normativa de la UE, los litigios pueden resolverse a trav\u00e9s de la plataforma de resoluci\u00f3n de litigios en l\u00ednea de la Comisi\u00f3n Europea: http:\/\/ec.europa.eu\/consumers\/odr.<\/p>\n<p><strong>Informaci\u00f3n de contacto:<\/strong><\/p>\n<p>Para consultas generales:<\/p>\n<p>Correo electr\u00f3nico: info@vondetechnology.com<\/p>\n<p>Este Impresszum cumple los reglamentos y normas de la UE aplicables a las entidades comerciales que operan en los mercados de la Uni\u00f3n Europea.[\/vc_column_text][\/vc_column][\/vc_row]<\/p>\n<\/div>","protected":false},"excerpt":{"rendered":"<p>[vc_row][vc_column][vc_empty_space][vc_column_text el_class=&#8221;legal-text&#8221;]Informaci\u00f3n sobre la empresa: Tecnolog\u00eda Vonde Acerca de Vonde Technology LLC: Vonde Pro App es una aplicaci\u00f3n m\u00f3vil innovadora desarrollada y operada mediante la colaboraci\u00f3n de dos entidades: Vonde Technology LLC (EEUU) gestiona los mercados globales y la expansi\u00f3n internacional. KMAK Kelet-Magyarorsz\u00e1gi Adatk\u00f6zpont Kft. (Europa, Hungr\u00eda) se encarga del desarrollo y de las tareas [&hellip;]<\/p>\n","protected":false},"author":1,"featured_media":0,"parent":0,"menu_order":0,"comment_status":"closed","ping_status":"closed","template":"","meta":{"footnotes":""},"class_list":["post-20946","page","type-page","status-publish","hentry"],"yoast_head":"<!-- This site is optimized with the Yoast SEO plugin v24.7 - https:\/\/yoast.com\/wordpress\/plugins\/seo\/ -->\n<title>Pie de imprenta para Vonde Pro App - Vondetech<\/title>\n<meta name=\"robots\" content=\"index, follow, max-snippet:-1, max-image-preview:large, max-video-preview:-1\" \/>\n<link rel=\"canonical\" href=\"https:\/\/vondetech.com\/es\/pie-de-imprenta-para-vonde-pro-app\/\" \/>\n<meta property=\"og:locale\" content=\"es_ES\" \/>\n<meta property=\"og:type\" content=\"article\" \/>\n<meta property=\"og:title\" content=\"Pie de imprenta para Vonde Pro App - Vondetech\" \/>\n<meta property=\"og:description\" content=\"[vc_row][vc_column][vc_empty_space][vc_column_text el_class=&#8221;legal-text&#8221;]Informaci\u00f3n sobre la empresa: Tecnolog\u00eda Vonde Acerca de Vonde Technology LLC: Vonde Pro App es una aplicaci\u00f3n m\u00f3vil innovadora desarrollada y operada mediante la colaboraci\u00f3n de dos entidades: Vonde Technology LLC (EEUU) gestiona los mercados globales y la expansi\u00f3n internacional. KMAK Kelet-Magyarorsz\u00e1gi Adatk\u00f6zpont Kft. (Europa, Hungr\u00eda) se encarga del desarrollo y de las tareas [&hellip;]\" \/>\n<meta property=\"og:url\" content=\"https:\/\/vondetech.com\/es\/pie-de-imprenta-para-vonde-pro-app\/\" \/>\n<meta property=\"og:site_name\" content=\"Vondetech\" \/>\n<meta property=\"article:modified_time\" content=\"2025-03-20T14:59:42+00:00\" \/>\n<meta name=\"twitter:card\" content=\"summary_large_image\" \/>\n<meta name=\"twitter:label1\" content=\"Tiempo de lectura\" \/>\n\t<meta name=\"twitter:data1\" content=\"1 minuto\" \/>\n<script type=\"application\/ld+json\" class=\"yoast-schema-graph\">{\"@context\":\"https:\/\/schema.org\",\"@graph\":[{\"@type\":\"WebPage\",\"@id\":\"https:\/\/vondetech.com\/es\/pie-de-imprenta-para-vonde-pro-app\/\",\"url\":\"https:\/\/vondetech.com\/es\/pie-de-imprenta-para-vonde-pro-app\/\",\"name\":\"Pie de imprenta para Vonde Pro App - Vondetech\",\"isPartOf\":{\"@id\":\"https:\/\/vondetech.com\/es\/#website\"},\"datePublished\":\"2025-03-19T08:20:16+00:00\",\"dateModified\":\"2025-03-20T14:59:42+00:00\",\"breadcrumb\":{\"@id\":\"https:\/\/vondetech.com\/es\/pie-de-imprenta-para-vonde-pro-app\/#breadcrumb\"},\"inLanguage\":\"es\",\"potentialAction\":[{\"@type\":\"ReadAction\",\"target\":[\"https:\/\/vondetech.com\/es\/pie-de-imprenta-para-vonde-pro-app\/\"]}]},{\"@type\":\"BreadcrumbList\",\"@id\":\"https:\/\/vondetech.com\/es\/pie-de-imprenta-para-vonde-pro-app\/#breadcrumb\",\"itemListElement\":[{\"@type\":\"ListItem\",\"position\":1,\"name\":\"Inicio\",\"item\":\"https:\/\/vondetech.com\/es\/inicio\/\"},{\"@type\":\"ListItem\",\"position\":2,\"name\":\"Pie de imprenta para Vonde Pro App\"}]},{\"@type\":\"WebSite\",\"@id\":\"https:\/\/vondetech.com\/es\/#website\",\"url\":\"https:\/\/vondetech.com\/es\/\",\"name\":\"Vondetech\",\"description\":\"\",\"potentialAction\":[{\"@type\":\"SearchAction\",\"target\":{\"@type\":\"EntryPoint\",\"urlTemplate\":\"https:\/\/vondetech.com\/es\/?s={search_term_string}\"},\"query-input\":{\"@type\":\"PropertyValueSpecification\",\"valueRequired\":true,\"valueName\":\"search_term_string\"}}],\"inLanguage\":\"es\"}]}<\/script>\n<!-- \/ Yoast SEO plugin. -->","yoast_head_json":{"title":"Pie de imprenta para Vonde Pro App - Vondetech","robots":{"index":"index","follow":"follow","max-snippet":"max-snippet:-1","max-image-preview":"max-image-preview:large","max-video-preview":"max-video-preview:-1"},"canonical":"https:\/\/vondetech.com\/es\/pie-de-imprenta-para-vonde-pro-app\/","og_locale":"es_ES","og_type":"article","og_title":"Pie de imprenta para Vonde Pro App - Vondetech","og_description":"[vc_row][vc_column][vc_empty_space][vc_column_text el_class=&#8221;legal-text&#8221;]Informaci\u00f3n sobre la empresa: Tecnolog\u00eda Vonde Acerca de Vonde Technology LLC: Vonde Pro App es una aplicaci\u00f3n m\u00f3vil innovadora desarrollada y operada mediante la colaboraci\u00f3n de dos entidades: Vonde Technology LLC (EEUU) gestiona los mercados globales y la expansi\u00f3n internacional. KMAK Kelet-Magyarorsz\u00e1gi Adatk\u00f6zpont Kft. (Europa, Hungr\u00eda) se encarga del desarrollo y de las tareas [&hellip;]","og_url":"https:\/\/vondetech.com\/es\/pie-de-imprenta-para-vonde-pro-app\/","og_site_name":"Vondetech","article_modified_time":"2025-03-20T14:59:42+00:00","twitter_card":"summary_large_image","twitter_misc":{"Tiempo de lectura":"1 minuto"},"schema":{"@context":"https:\/\/schema.org","@graph":[{"@type":"WebPage","@id":"https:\/\/vondetech.com\/es\/pie-de-imprenta-para-vonde-pro-app\/","url":"https:\/\/vondetech.com\/es\/pie-de-imprenta-para-vonde-pro-app\/","name":"Pie de imprenta para Vonde Pro App - Vondetech","isPartOf":{"@id":"https:\/\/vondetech.com\/es\/#website"},"datePublished":"2025-03-19T08:20:16+00:00","dateModified":"2025-03-20T14:59:42+00:00","breadcrumb":{"@id":"https:\/\/vondetech.com\/es\/pie-de-imprenta-para-vonde-pro-app\/#breadcrumb"},"inLanguage":"es","potentialAction":[{"@type":"ReadAction","target":["https:\/\/vondetech.com\/es\/pie-de-imprenta-para-vonde-pro-app\/"]}]},{"@type":"BreadcrumbList","@id":"https:\/\/vondetech.com\/es\/pie-de-imprenta-para-vonde-pro-app\/#breadcrumb","itemListElement":[{"@type":"ListItem","position":1,"name":"Inicio","item":"https:\/\/vondetech.com\/es\/inicio\/"},{"@type":"ListItem","position":2,"name":"Pie de imprenta para Vonde Pro App"}]},{"@type":"WebSite","@id":"https:\/\/vondetech.com\/es\/#website","url":"https:\/\/vondetech.com\/es\/","name":"Vondetech","description":"","potentialAction":[{"@type":"SearchAction","target":{"@type":"EntryPoint","urlTemplate":"https:\/\/vondetech.com\/es\/?s={search_term_string}"},"query-input":{"@type":"PropertyValueSpecification","valueRequired":true,"valueName":"search_term_string"}}],"inLanguage":"es"}]}},"_links":{"self":[{"href":"https:\/\/vondetech.com\/es\/wp-json\/wp\/v2\/pages\/20946","targetHints":{"allow":["GET"]}}],"collection":[{"href":"https:\/\/vondetech.com\/es\/wp-json\/wp\/v2\/pages"}],"about":[{"href":"https:\/\/vondetech.com\/es\/wp-json\/wp\/v2\/types\/page"}],"author":[{"embeddable":true,"href":"https:\/\/vondetech.com\/es\/wp-json\/wp\/v2\/users\/1"}],"replies":[{"embeddable":true,"href":"https:\/\/vondetech.com\/es\/wp-json\/wp\/v2\/comments?post=20946"}],"version-history":[{"count":4,"href":"https:\/\/vondetech.com\/es\/wp-json\/wp\/v2\/pages\/20946\/revisions"}],"predecessor-version":[{"id":20975,"href":"https:\/\/vondetech.com\/es\/wp-json\/wp\/v2\/pages\/20946\/revisions\/20975"}],"wp:attachment":[{"href":"https:\/\/vondetech.com\/es\/wp-json\/wp\/v2\/media?parent=20946"}],"curies":[{"name":"wp","href":"https:\/\/api.w.org\/{rel}","templated":true}]}}