{"id":7355,"date":"2024-05-23T15:23:20","date_gmt":"2024-05-23T13:23:20","guid":{"rendered":"https:\/\/vondetech.com\/vereinbarung-zur-datenverarbeitung-dpa\/"},"modified":"2025-03-20T10:10:46","modified_gmt":"2025-03-20T09:10:46","slug":"vereinbarung-zur-datenverarbeitung-dpa","status":"publish","type":"page","link":"https:\/\/vondetech.com\/de\/vereinbarung-zur-datenverarbeitung-dpa\/","title":{"rendered":"Datenverarbeitungsvertrag (DPA) f\u00fcr Vonde Pro App"},"content":{"rendered":"<div class=\"wpb-content-wrapper\"><p>[vc_row][vc_column][vc_empty_space][vc_column_text el_class=&#8221;legal-text&#8221;]<strong>Datum des Inkrafttretens:<\/strong> M\u00e4rz 17, 2025<\/p>\n<p>Diese Vereinbarung zur Datenverarbeitung (&#8220;Vereinbarung&#8221;) wird geschlossen zwischen:<\/p>\n<p><strong>Verantwortlicher f\u00fcr die Daten:<\/strong> Der Nutzer oder Kunde der Vonde Technology Dienstleistungen (&#8220;Data Controller&#8221;)<\/p>\n<p>und<\/p>\n<p><strong>Datenverarbeiter:<\/strong> Vonde Technology, betrieben von KMAK Kelet-Magyarorsz\u00e1gi Adatk\u00f6zpont Kft. (&#8220;Datenverarbeiter&#8221;) <\/p>\n<ol>\n<li><strong>  Definitionen<\/strong><\/li>\n<\/ol>\n<p>Die in der GDPR (Verordnung EU 2016\/679) definierten Begriffe gelten f\u00fcr diese Vereinbarung:<\/p>\n<ul>\n<li>&#8220;Pers\u00f6nliche Daten&#8221;: alle Informationen, die sich auf eine identifizierte oder identifizierbare nat\u00fcrliche Person beziehen.<\/li>\n<li>&#8220;Verarbeitung&#8221;: jeder Vorgang, der mit pers\u00f6nlichen Daten durchgef\u00fchrt wird, wie das Sammeln, Speichern, \u00c4ndern, \u00dcbertragen oder L\u00f6schen von Daten.<\/li>\n<li>&#8220;Datenschutzverletzung&#8221;: Unbefugter Zugriff, \u00c4nderung, Offenlegung oder Verlust von pers\u00f6nlichen Daten.<\/li>\n<\/ul>\n<ol start=\"2\">\n<li><strong>  Gegenstand und Dauer der Verarbeitung<\/strong><\/li>\n<\/ol>\n<p>Der Datenverarbeiter verarbeitet personenbezogene Daten ausschlie\u00dflich, um die folgenden Dienstleistungen zu erbringen:<\/p>\n<ul>\n<li>Digitale Visitenkarte (Biopage) erstellen und verwalten<\/li>\n<li>URL-Verk\u00fcrzung<\/li>\n<li>NFC- und QR-Code-Verwaltung<\/li>\n<li>Integration von Apple\/Google Wallet<\/li>\n<\/ul>\n<p>Die Datenverarbeitung dauert so lange an, wie die Dienstleistungen erbracht werden oder bis zur Beendigung der Dienstleistungen durch den Data Controller.<\/p>\n<ol start=\"3\">\n<li><strong>  Kategorien von verarbeiteten pers\u00f6nlichen Daten<\/strong><\/li>\n<\/ol>\n<ul>\n<li>Kontaktinformationen: Name, E-Mail-Adresse, Telefonnummer<\/li>\n<li>Transaktions- und Abonnementdetails (falls zutreffend)<\/li>\n<li>Technische Daten: IP-Adressen, Ger\u00e4tekennungen, OS-Informationen<\/li>\n<li>Nutzungsdaten und Analytik<\/li>\n<\/ul>\n<ol start=\"4\">\n<li><strong>  Verpflichtungen des Datenverarbeiters<\/strong><\/li>\n<\/ol>\n<p>Der Datenverarbeiter verpflichtet sich zu:<\/p>\n<ul>\n<li>Verarbeiten Sie personenbezogene Daten ausschlie\u00dflich auf dokumentierte Anweisungen des Data Controllers.<\/li>\n<li>Bewahren Sie die strikte Vertraulichkeit Ihrer pers\u00f6nlichen Daten.<\/li>\n<li>Stellen Sie sicher, dass alle Mitarbeiter, die personenbezogene Daten verarbeiten, zur Vertraulichkeit verpflichtet sind.<\/li>\n<li>Setzen Sie geeignete technische und organisatorische Ma\u00dfnahmen zum Schutz personenbezogener Daten ein, einschlie\u00dflich, aber nicht beschr\u00e4nkt auf Verschl\u00fcsselung, sichere Speicherung, Zugangskontrollen und regelm\u00e4\u00dfige Sicherheitsaudits.<\/li>\n<li>Benachrichtigen Sie den f\u00fcr die Datenverarbeitung Verantwortlichen unverz\u00fcglich und ohne unn\u00f6tige Verz\u00f6gerung im Falle von Datenschutzverletzungen und stellen Sie ihm alle erforderlichen Informationen zur Verf\u00fcgung, um ihn bei der Erf\u00fcllung seiner Pflichten gem\u00e4\u00df der DSGVO zu unterst\u00fctzen.<\/li>\n<li>Erlauben Sie dem Data Controller, mit angemessener Vorank\u00fcndigung Audits oder Inspektionen durchzuf\u00fchren, um die Einhaltung dieses Vertrags zu \u00fcberpr\u00fcfen.<\/li>\n<li>Informieren Sie den Data Controller unverz\u00fcglich \u00fcber alle Anfragen von betroffenen Personen oder Beh\u00f6rden in Bezug auf die verarbeiteten personenbezogenen Daten.<\/li>\n<li>Halten Sie die GDPR und alle anderen geltenden Datenschutzgesetze und -vorschriften ein.<\/li>\n<\/ul>\n<ol start=\"5\">\n<li><strong>  Unterauftragsverarbeiter<\/strong><\/li>\n<\/ol>\n<p>Der Datenverarbeiter kann die folgenden Unterauftragsverarbeiter beauftragen:<\/p>\n<ul>\n<li>Amazon Web Services (AWS): Anbieter von Cloud-Infrastruktur<\/li>\n<li>Google (Firebase, AdMob, Analytics): Analyse- und Werbedienste<\/li>\n<\/ul>\n<p>Der Datenverarbeiter stellt sicher, dass die Unterauftragsverarbeiter dieselben Datenschutzverpflichtungen einhalten, die in dieser Vereinbarung dargelegt sind, und bleibt f\u00fcr deren Handlungen und Unterlassungen haftbar. Der Datenverarbeiter stellt dem f\u00fcr die Verarbeitung Verantwortlichen eine Liste der Unterauftragsverarbeiter zur Verf\u00fcgung und informiert den f\u00fcr die Verarbeitung Verantwortlichen \u00fcber alle beabsichtigten \u00c4nderungen in Bezug auf die Hinzuf\u00fcgung oder den Austausch anderer Unterauftragsverarbeiter, so dass der f\u00fcr die Verarbeitung Verantwortliche die M\u00f6glichkeit hat, gegen diese \u00c4nderungen Einspruch zu erheben. <\/p>\n<ol start=\"6\">\n<li><strong>  Daten\u00fcbertragungen<\/strong><\/li>\n<\/ol>\n<p>Internationale Daten\u00fcbertragungen entsprechen den GDPR-Standards und umfassen Schutzma\u00dfnahmen wie EU-Standardvertragsklauseln oder andere geeignete \u00dcbertragungsmechanismen, um ein angemessenes Schutzniveau zu gew\u00e4hrleisten.<\/p>\n<ol start=\"6\">\n<li><strong>  Pflichten des f\u00fcr die Datenverarbeitung Verantwortlichen<\/strong><\/li>\n<\/ol>\n<p>Der Data Controller ist verantwortlich f\u00fcr:<\/p>\n<ul>\n<li>Sicherstellung einer g\u00fcltigen Rechtsgrundlage f\u00fcr die Verarbeitung personenbezogener Daten.<\/li>\n<li>Transparente Information der betroffenen Personen \u00fcber Datenverarbeitungsaktivit\u00e4ten.<\/li>\n<li>Beantwortung von Anfragen der betroffenen Personen und Erf\u00fcllung der Verpflichtungen gem\u00e4\u00df der DSGVO oder anderer einschl\u00e4giger Datenschutzvorschriften, einschlie\u00dflich, aber nicht beschr\u00e4nkt auf die Gew\u00e4hrung von Zugang, Berichtigung, L\u00f6schung, Einschr\u00e4nkung, \u00dcbertragbarkeit und das Recht auf Widerspruch gegen die Verarbeitung.<\/li>\n<\/ul>\n<ol start=\"7\">\n<li><strong>  Sicherheitsma\u00dfnahmen<\/strong><\/li>\n<\/ol>\n<p>Der Datenverarbeiter ergreift technische und organisatorische Ma\u00dfnahmen, um die Sicherheit der personenbezogenen Daten zu gew\u00e4hrleisten, einschlie\u00dflich:<\/p>\n<ul>\n<li>Verschl\u00fcsselung von pers\u00f6nlichen Daten sowohl bei der \u00dcbertragung als auch im Ruhezustand.<\/li>\n<li>Sichere Speicherung von pers\u00f6nlichen Daten.<\/li>\n<li>Zugriffskontrollen f\u00fcr pers\u00f6nliche Daten, die den Zugriff auf autorisiertes Personal beschr\u00e4nken.<\/li>\n<li>Regelm\u00e4\u00dfige Sicherheitsaudits und Schwachstellenbewertungen.<\/li>\n<li>Implementierung von geeigneten Authentifizierungs- und Autorisierungsmechanismen.<\/li>\n<li>Regelm\u00e4\u00dfige Datensicherungen und Verfahren zur Wiederherstellung im Notfall.<\/li>\n<\/ul>\n<ol start=\"8\">\n<li><strong>  Benachrichtigung \u00fcber Datenschutzverletzungen<\/strong><\/li>\n<\/ol>\n<p>Im Falle einer Datenschutzverletzung benachrichtigt der Datenverarbeiter den f\u00fcr die Verarbeitung Verantwortlichen unverz\u00fcglich, in jedem Fall aber innerhalb von 72 Stunden nach Bekanntwerden der Verletzung. Die Benachrichtigung enth\u00e4lt alle relevanten Informationen, die gem\u00e4\u00df der DSGVO erforderlich sind, wie z.B. die Art der Verletzung, die Kategorien und die Anzahl der betroffenen Personen, die wahrscheinlichen Folgen und die Ma\u00dfnahmen, die zur Behebung der Verletzung ergriffen wurden oder ergriffen werden sollen. Der Datenverarbeiter wird mit dem f\u00fcr die Datenverarbeitung Verantwortlichen in vollem Umfang zusammenarbeiten, um die Verletzung zu beheben und abzumildern.  <\/p>\n<ol start=\"8\">\n<li><strong>  Rechte der betroffenen Person<\/strong><\/li>\n<\/ol>\n<p>Der Datenverarbeiter unterst\u00fctzt den f\u00fcr die Datenverarbeitung Verantwortlichen bei der Erf\u00fcllung seiner Pflichten in Bezug auf die Rechte der betroffenen Personen, einschlie\u00dflich der Rechte auf Auskunft, Berichtigung, L\u00f6schung, Einschr\u00e4nkung, \u00dcbertragbarkeit und Widerspruch gegen die Verarbeitung, indem er dem f\u00fcr die Datenverarbeitung Verantwortlichen die erforderlichen Informationen und Instrumente zur Verf\u00fcgung stellt, um auf die Anfragen der betroffenen Personen zu reagieren.<\/p>\n<ol start=\"9\">\n<li><strong>  Beendigung und L\u00f6schung von Daten<\/strong><\/li>\n<\/ol>\n<p>Nach Beendigung des Dienstes wird der Datenverarbeiter alle personenbezogenen Daten auf der Grundlage der dokumentierten Anweisungen des f\u00fcr die Verarbeitung Verantwortlichen entweder l\u00f6schen oder zur\u00fcckgeben, es sei denn, eine Aufbewahrung ist nach dem Recht der Union oder der Mitgliedstaaten, dem der Datenverarbeiter unterliegt, erforderlich.<\/p>\n<ol start=\"10\">\n<li><strong>  Audits und Inspektionen<\/strong><\/li>\n<\/ol>\n<p>Der f\u00fcr die Verarbeitung Verantwortliche kann nach angemessener vorheriger schriftlicher Ank\u00fcndigung Audits durchf\u00fchren, um die Einhaltung dieses Vertrags zu \u00fcberpr\u00fcfen. Der Datenverarbeiter gew\u00e4hrt der verantwortlichen Stelle in angemessener Weise Unterst\u00fctzung und Zugang zu den Informationen, die sie f\u00fcr die Durchf\u00fchrung solcher Pr\u00fcfungen ben\u00f6tigt. <\/p>\n<ol start=\"10\">\n<li><strong>  Internationale \u00dcberweisungen<\/strong><\/li>\n<\/ol>\n<p>Der Datenverarbeiter stellt die Einhaltung internationaler Daten\u00fcbertragungsstandards sicher, einschlie\u00dflich der Verwendung von Standardvertragsklauseln oder anderer geeigneter Mechanismen, und setzt bei Bedarf zus\u00e4tzliche Schutzma\u00dfnahmen ein, um ein angemessenes Schutzniveau f\u00fcr personenbezogene Daten zu gew\u00e4hrleisten, die au\u00dferhalb des Europ\u00e4ischen Wirtschaftsraums (EWR) \u00fcbertragen werden.<\/p>\n<ol start=\"10\">\n<li><strong>  Benachrichtigung \u00fcber Datenschutzverletzungen<\/strong><\/li>\n<\/ol>\n<p>Der Datenverarbeiter benachrichtigt den f\u00fcr die Datenverarbeitung Verantwortlichen unverz\u00fcglich, in jedem Fall aber innerhalb von 72 Stunden nach Bekanntwerden des Versto\u00dfes, und kooperiert in vollem Umfang bei der Behebung und Milderung des Versto\u00dfes.<\/p>\n<ol start=\"11\">\n<li><strong>  Geltendes Recht<\/strong><\/li>\n<\/ol>\n<p>Diese Vereinbarung unterliegt den geltenden EU-Datenschutzgesetzen, einschlie\u00dflich der Datenschutz-Grundverordnung (DSGVO), und allen anderen relevanten gesetzlichen Bestimmungen.<\/p>\n<ol start=\"12\">\n<li><strong>  Aktualisierungen dieser Vereinbarung<\/strong><\/li>\n<\/ol>\n<p>Wir behalten uns das Recht vor, diese Vereinbarung in regelm\u00e4\u00dfigen Abst\u00e4nden zu aktualisieren. Aktualisierungen werden dem f\u00fcr die Datenverarbeitung Verantwortlichen klar mitgeteilt, und der f\u00fcr die Datenverarbeitung Verantwortliche hat das Recht, gegen solche \u00c4nderungen Einspruch zu erheben. <\/p>\n<ol start=\"12\">\n<li><strong>  Kontaktinformationen<\/strong><\/li>\n<\/ol>\n<p>Bei Fragen zu dieser Vereinbarung zur Datenverarbeitung wenden Sie sich bitte an:<\/p>\n<p>KMAK Kelet-Magyarorsz\u00e1gi Adatk\u00f6zpont Kft.<\/p>\n<p>H-5000 Szolnok, Szap\u00e1ry utca 20.<\/p>\n<p>E-Mail: info@vondetechnology.com<\/p>\n<p>Durch die Inanspruchnahme der Dienstleistungen von Vonde Technology verpflichten sich beide Parteien, die in dieser Vereinbarung \u00fcber die Datenverarbeitung genannten Bedingungen einzuhalten.[\/vc_column_text][\/vc_column][\/vc_row]<\/p>\n<\/div>","protected":false},"excerpt":{"rendered":"<p>[vc_row][vc_column][vc_empty_space][vc_column_text el_class=&#8221;legal-text&#8221;]Datum des Inkrafttretens: M\u00e4rz 17, 2025 Diese Vereinbarung zur Datenverarbeitung (&#8220;Vereinbarung&#8221;) wird geschlossen zwischen: Verantwortlicher f\u00fcr die Daten: Der Nutzer oder Kunde der Vonde Technology Dienstleistungen (&#8220;Data Controller&#8221;) und Datenverarbeiter: Vonde Technology, betrieben von KMAK Kelet-Magyarorsz\u00e1gi Adatk\u00f6zpont Kft. (&#8220;Datenverarbeiter&#8221;) Definitionen Die in der GDPR (Verordnung EU 2016\/679) definierten Begriffe gelten f\u00fcr diese Vereinbarung: &#8220;Pers\u00f6nliche [&hellip;]<\/p>\n","protected":false},"author":1,"featured_media":0,"parent":0,"menu_order":0,"comment_status":"closed","ping_status":"closed","template":"","meta":{"footnotes":""},"class_list":["post-7355","page","type-page","status-publish","hentry"],"yoast_head":"<!-- This site is optimized with the Yoast SEO plugin v24.7 - https:\/\/yoast.com\/wordpress\/plugins\/seo\/ -->\n<title>Datenverarbeitungsvertrag (DPA) f\u00fcr Vonde Pro App - Vondetech<\/title>\n<meta name=\"robots\" content=\"index, follow, max-snippet:-1, max-image-preview:large, max-video-preview:-1\" \/>\n<link rel=\"canonical\" href=\"https:\/\/vondetech.com\/de\/vereinbarung-zur-datenverarbeitung-dpa\/\" \/>\n<meta property=\"og:locale\" content=\"de_DE\" \/>\n<meta property=\"og:type\" content=\"article\" \/>\n<meta property=\"og:title\" content=\"Datenverarbeitungsvertrag (DPA) f\u00fcr Vonde Pro App - Vondetech\" \/>\n<meta property=\"og:description\" content=\"[vc_row][vc_column][vc_empty_space][vc_column_text el_class=&#8221;legal-text&#8221;]Datum des Inkrafttretens: M\u00e4rz 17, 2025 Diese Vereinbarung zur Datenverarbeitung (&#8220;Vereinbarung&#8221;) wird geschlossen zwischen: Verantwortlicher f\u00fcr die Daten: Der Nutzer oder Kunde der Vonde Technology Dienstleistungen (&#8220;Data Controller&#8221;) und Datenverarbeiter: Vonde Technology, betrieben von KMAK Kelet-Magyarorsz\u00e1gi Adatk\u00f6zpont Kft. (&#8220;Datenverarbeiter&#8221;) Definitionen Die in der GDPR (Verordnung EU 2016\/679) definierten Begriffe gelten f\u00fcr diese Vereinbarung: &#8220;Pers\u00f6nliche [&hellip;]\" \/>\n<meta property=\"og:url\" content=\"https:\/\/vondetech.com\/de\/vereinbarung-zur-datenverarbeitung-dpa\/\" \/>\n<meta property=\"og:site_name\" content=\"Vondetech\" \/>\n<meta property=\"article:modified_time\" content=\"2025-03-20T09:10:46+00:00\" \/>\n<meta name=\"twitter:card\" content=\"summary_large_image\" \/>\n<meta name=\"twitter:label1\" content=\"Gesch\u00e4tzte Lesezeit\" \/>\n\t<meta name=\"twitter:data1\" content=\"6\u00a0Minuten\" \/>\n<script type=\"application\/ld+json\" class=\"yoast-schema-graph\">{\"@context\":\"https:\/\/schema.org\",\"@graph\":[{\"@type\":\"WebPage\",\"@id\":\"https:\/\/vondetech.com\/de\/vereinbarung-zur-datenverarbeitung-dpa\/\",\"url\":\"https:\/\/vondetech.com\/de\/vereinbarung-zur-datenverarbeitung-dpa\/\",\"name\":\"Datenverarbeitungsvertrag (DPA) f\u00fcr Vonde Pro App - Vondetech\",\"isPartOf\":{\"@id\":\"https:\/\/vondetech.com\/de\/#website\"},\"datePublished\":\"2024-05-23T13:23:20+00:00\",\"dateModified\":\"2025-03-20T09:10:46+00:00\",\"breadcrumb\":{\"@id\":\"https:\/\/vondetech.com\/de\/vereinbarung-zur-datenverarbeitung-dpa\/#breadcrumb\"},\"inLanguage\":\"de\",\"potentialAction\":[{\"@type\":\"ReadAction\",\"target\":[\"https:\/\/vondetech.com\/de\/vereinbarung-zur-datenverarbeitung-dpa\/\"]}]},{\"@type\":\"BreadcrumbList\",\"@id\":\"https:\/\/vondetech.com\/de\/vereinbarung-zur-datenverarbeitung-dpa\/#breadcrumb\",\"itemListElement\":[{\"@type\":\"ListItem\",\"position\":1,\"name\":\"Startseite\",\"item\":\"https:\/\/vondetech.com\/de\/startseite\/\"},{\"@type\":\"ListItem\",\"position\":2,\"name\":\"Datenverarbeitungsvertrag (DPA) f\u00fcr Vonde Pro App\"}]},{\"@type\":\"WebSite\",\"@id\":\"https:\/\/vondetech.com\/de\/#website\",\"url\":\"https:\/\/vondetech.com\/de\/\",\"name\":\"Vondetech\",\"description\":\"\",\"potentialAction\":[{\"@type\":\"SearchAction\",\"target\":{\"@type\":\"EntryPoint\",\"urlTemplate\":\"https:\/\/vondetech.com\/de\/?s={search_term_string}\"},\"query-input\":{\"@type\":\"PropertyValueSpecification\",\"valueRequired\":true,\"valueName\":\"search_term_string\"}}],\"inLanguage\":\"de\"}]}<\/script>\n<!-- \/ Yoast SEO plugin. -->","yoast_head_json":{"title":"Datenverarbeitungsvertrag (DPA) f\u00fcr Vonde Pro App - Vondetech","robots":{"index":"index","follow":"follow","max-snippet":"max-snippet:-1","max-image-preview":"max-image-preview:large","max-video-preview":"max-video-preview:-1"},"canonical":"https:\/\/vondetech.com\/de\/vereinbarung-zur-datenverarbeitung-dpa\/","og_locale":"de_DE","og_type":"article","og_title":"Datenverarbeitungsvertrag (DPA) f\u00fcr Vonde Pro App - Vondetech","og_description":"[vc_row][vc_column][vc_empty_space][vc_column_text el_class=&#8221;legal-text&#8221;]Datum des Inkrafttretens: M\u00e4rz 17, 2025 Diese Vereinbarung zur Datenverarbeitung (&#8220;Vereinbarung&#8221;) wird geschlossen zwischen: Verantwortlicher f\u00fcr die Daten: Der Nutzer oder Kunde der Vonde Technology Dienstleistungen (&#8220;Data Controller&#8221;) und Datenverarbeiter: Vonde Technology, betrieben von KMAK Kelet-Magyarorsz\u00e1gi Adatk\u00f6zpont Kft. (&#8220;Datenverarbeiter&#8221;) Definitionen Die in der GDPR (Verordnung EU 2016\/679) definierten Begriffe gelten f\u00fcr diese Vereinbarung: &#8220;Pers\u00f6nliche [&hellip;]","og_url":"https:\/\/vondetech.com\/de\/vereinbarung-zur-datenverarbeitung-dpa\/","og_site_name":"Vondetech","article_modified_time":"2025-03-20T09:10:46+00:00","twitter_card":"summary_large_image","twitter_misc":{"Gesch\u00e4tzte Lesezeit":"6\u00a0Minuten"},"schema":{"@context":"https:\/\/schema.org","@graph":[{"@type":"WebPage","@id":"https:\/\/vondetech.com\/de\/vereinbarung-zur-datenverarbeitung-dpa\/","url":"https:\/\/vondetech.com\/de\/vereinbarung-zur-datenverarbeitung-dpa\/","name":"Datenverarbeitungsvertrag (DPA) f\u00fcr Vonde Pro App - Vondetech","isPartOf":{"@id":"https:\/\/vondetech.com\/de\/#website"},"datePublished":"2024-05-23T13:23:20+00:00","dateModified":"2025-03-20T09:10:46+00:00","breadcrumb":{"@id":"https:\/\/vondetech.com\/de\/vereinbarung-zur-datenverarbeitung-dpa\/#breadcrumb"},"inLanguage":"de","potentialAction":[{"@type":"ReadAction","target":["https:\/\/vondetech.com\/de\/vereinbarung-zur-datenverarbeitung-dpa\/"]}]},{"@type":"BreadcrumbList","@id":"https:\/\/vondetech.com\/de\/vereinbarung-zur-datenverarbeitung-dpa\/#breadcrumb","itemListElement":[{"@type":"ListItem","position":1,"name":"Startseite","item":"https:\/\/vondetech.com\/de\/startseite\/"},{"@type":"ListItem","position":2,"name":"Datenverarbeitungsvertrag (DPA) f\u00fcr Vonde Pro App"}]},{"@type":"WebSite","@id":"https:\/\/vondetech.com\/de\/#website","url":"https:\/\/vondetech.com\/de\/","name":"Vondetech","description":"","potentialAction":[{"@type":"SearchAction","target":{"@type":"EntryPoint","urlTemplate":"https:\/\/vondetech.com\/de\/?s={search_term_string}"},"query-input":{"@type":"PropertyValueSpecification","valueRequired":true,"valueName":"search_term_string"}}],"inLanguage":"de"}]}},"_links":{"self":[{"href":"https:\/\/vondetech.com\/de\/wp-json\/wp\/v2\/pages\/7355","targetHints":{"allow":["GET"]}}],"collection":[{"href":"https:\/\/vondetech.com\/de\/wp-json\/wp\/v2\/pages"}],"about":[{"href":"https:\/\/vondetech.com\/de\/wp-json\/wp\/v2\/types\/page"}],"author":[{"embeddable":true,"href":"https:\/\/vondetech.com\/de\/wp-json\/wp\/v2\/users\/1"}],"replies":[{"embeddable":true,"href":"https:\/\/vondetech.com\/de\/wp-json\/wp\/v2\/comments?post=7355"}],"version-history":[{"count":7,"href":"https:\/\/vondetech.com\/de\/wp-json\/wp\/v2\/pages\/7355\/revisions"}],"predecessor-version":[{"id":20033,"href":"https:\/\/vondetech.com\/de\/wp-json\/wp\/v2\/pages\/7355\/revisions\/20033"}],"wp:attachment":[{"href":"https:\/\/vondetech.com\/de\/wp-json\/wp\/v2\/media?parent=7355"}],"curies":[{"name":"wp","href":"https:\/\/api.w.org\/{rel}","templated":true}]}}