{"id":7347,"date":"2024-05-23T15:02:08","date_gmt":"2024-05-23T13:02:08","guid":{"rendered":"https:\/\/vondetech.com\/recht-auf-widerruf\/"},"modified":"2025-03-21T07:56:08","modified_gmt":"2025-03-21T06:56:08","slug":"recht-auf-widerruf","status":"publish","type":"page","link":"https:\/\/vondetech.com\/de\/recht-auf-widerruf\/","title":{"rendered":"Datenschutzrichtlinie f\u00fcr Vonde Pro App"},"content":{"rendered":"<div class=\"wpb-content-wrapper\"><p>[vc_row][vc_column][vc_empty_space][vc_column_text el_class=&#8221;legal-text&#8221;]<strong>Datum des Inkrafttretens:<\/strong> M\u00e4rz 17, 2025<\/p>\n<ol>\n<li><strong>  Einf\u00fchrung<\/strong><\/li>\n<\/ol>\n<p>KMAK Kelet-Magyarorsz\u00e1gi Adatk\u00f6zpont Kft. 5000 Szolnok, Szap\u00e1ry utca 20. E-Mail: info@vondetechnology.com. (&#8220;wir&#8221;, &#8220;unser&#8221; oder &#8220;uns&#8221;) bietet umfassende digitale Vernetzungsl\u00f6sungen \u00fcber die Vonde Pro App (&#8220;App&#8221;) an, die digitale Visitenkarten, URL-Verk\u00fcrzung, NFC- und QR-Code-Verwaltung und die Integration von Apple\/Google Wallet erm\u00f6glicht. Diese Datenschutzrichtlinie beschreibt unsere Methoden zur Erfassung, Verarbeitung, Verwaltung und zum Schutz personenbezogener Daten.   <\/p>\n<p>Vonde Technology LLC (US) verwaltet die globalen M\u00e4rkte und die internationale Expansion. KMAK Kelet-Magyarorsz\u00e1gi Adatk\u00f6zpont Kft. (Europa, Ungarn) \u00fcbernimmt die Entwicklung und die damit verbundenen operativen Aufgaben.<\/p>\n<p>Die Vonde Pro App ist eine All-in-One-L\u00f6sung f\u00fcr digitale Netzwerke, die Funktionen wie die Erstellung und Weitergabe digitaler Visitenkarten, URL-Verk\u00fcrzung, NFC- und QR-Code-Verwaltung und eine nahtlose Integration mit Apple und Google Wallet bietet.<\/p>\n<p>Zusammenfassung der Richtlinien Dieses Dokument enth\u00e4lt Informationen \u00fcber:<\/p>\n<ul>\n<li>Arten der erfassten pers\u00f6nlichen Daten<\/li>\n<li>Zwecke der Datenverarbeitung<\/li>\n<li>Methoden und Orte der Verarbeitung<\/li>\n<li>Weitergabe von personenbezogenen Daten an Dritte<\/li>\n<li>Regionalspezifische Datenschutzrechte (EU, USA, Brasilien)<\/li>\n<li>Richtlinien zur Datenaufbewahrung<\/li>\n<li>Werbung und Analyseverfahren (Google AdMob, Google Analytics, Firebase)<\/li>\n<li>Opt-out Optionen<\/li>\n<li>Verfahren zur Meldung von Datenschutzverletzungen<\/li>\n<li>Kontaktinformationen f\u00fcr Datenschutzanfragen<\/li>\n<\/ul>\n<ol start=\"2\">\n<li><strong>  Kategorien von gesammelten pers\u00f6nlichen Daten<\/strong><\/li>\n<\/ol>\n<p>Wir sammeln:<\/p>\n<ul>\n<li><strong>Kontaktinformationen:<\/strong> Name (Vorname, Nachname), E-Mail Adresse, Telefonnummer<\/li>\n<li><strong>Transaktionsdaten:<\/strong> Kaufdetails, Abonnement-Datens\u00e4tze<\/li>\n<li><strong>Technische Daten:<\/strong> IP-Adresse, Ger\u00e4tekennungen (z.B. Google Advertiser ID, IDFA), Browsertyp, Details zum Betriebssystem<\/li>\n<li><strong>Nutzungsdaten:<\/strong> App-Interaktionen, aufgerufene Funktionen<\/li>\n<li><strong>Analytische Daten:<\/strong> \u00dcber Google Analytics und Firebase<\/li>\n<li><strong>Benutzerdaten:<\/strong> Profildaten (z.B. Benutzername, Passwort), Einstellungen, Pr\u00e4ferenzen<\/li>\n<li><strong>Cookies und \u00e4hnliche Technologien:<\/strong> Die Website und die Anwendung verwenden Cookies, Web Beacons und \u00e4hnliche Technologien, um die Benutzererfahrung zu verbessern, den Datenverkehr zu analysieren und Werbung zu personalisieren.<\/li>\n<\/ul>\n<ol start=\"3\">\n<li><strong>  Rechtsgrundlage f\u00fcr die Datenverarbeitung<\/strong><\/li>\n<\/ol>\n<p>Wir verarbeiten Daten auf der Grundlage der folgenden Rechtsgrundlagen:<\/p>\n<ul>\n<li><strong>Zustimmung des Nutzers:<\/strong> F\u00fcr personalisierte Werbung, Direktmarketing und bestimmte analytische Zwecke bitten wir Sie um die vorherige Zustimmung des Nutzers.<\/li>\n<li><strong>Vertragliche Notwendigkeit:<\/strong> Die Einrichtung eines Kontos, digitale Visitenkarten und die Bereitstellung von Dienstleistungen sind f\u00fcr die Erf\u00fcllung unserer vertraglichen Verpflichtungen erforderlich.<\/li>\n<li><strong>Einhaltung gesetzlicher Verpflichtungen<\/strong><\/li>\n<li><strong>Berechtigte Interessen:<\/strong> Wir verarbeiten Daten auf der Grundlage unserer berechtigten Interessen zur Betrugspr\u00e4vention, zur Verbesserung der Servicequalit\u00e4t, zur Aufrechterhaltung der Sicherheit und zur Optimierung unserer Gesch\u00e4ftsabl\u00e4ufe.<\/li>\n<\/ul>\n<ol start=\"4\">\n<li><strong>  Werbung und Analytik<\/strong><\/li>\n<\/ol>\n<p>Wir verwenden Google AdMob f\u00fcr gezielte Werbung auf der Grundlage von Nutzerverhalten und Ger\u00e4tekennungen. Google AdMob zeigt personalisierte Werbung auf der Grundlage des Nutzerverhaltens und der Ger\u00e4tekennungen an. <\/p>\n<p>Analysedienste (Google Analytics for Firebase, Firebase Performance Monitoring, Firebase Crashlytics) analysieren die Interaktionen der Nutzer, um die Funktionalit\u00e4t und die Leistung der App zu verbessern. Google Analytics sammelt anonymisierte Daten \u00fcber Nutzerverhalten, Datenverkehr und demografische Informationen. Firebase Performance Monitoring und Firebase Crashlytics analysieren Benutzerinteraktionen, Anwendungsleistung und Abst\u00fcrze, um Funktionalit\u00e4t und Anwendungsleistung zu verbessern.  <\/p>\n<p>Benutzer k\u00f6nnen die Einstellungen zur Anzeigenpersonalisierung in den Anzeigeneinstellungen von Google oder anderen Online-Werbeplattformen verwalten.<\/p>\n<ol start=\"5\">\n<li><strong>  Datenverarbeitung und Weitergabe an Dritte<\/strong><\/li>\n<\/ol>\n<p>Die Datenverarbeitung erfolgt elektronisch bei:<\/p>\n<ul>\n<li>KMAK Kelet-Magyarorsz\u00e1gi Adatk\u00f6zpont Kft., 5000 Szolnok, Szap\u00e1ry utca 20., info@vondetechnology.com<\/li>\n<li>Amazon Web Services (AWS) Amazon Web Services (AWS) stellt uns cloudbasierte Speicher- und Datenverarbeitungsdienste zur Verf\u00fcgung.<\/li>\n<\/ul>\n<p>Wir k\u00f6nnen pers\u00f6nliche Daten weitergeben an:<\/p>\n<ul>\n<li>Dienstanbieter: AWS, Google AdMob, Firebase. Wir k\u00f6nnen personenbezogene Daten an andere Dienstleister weitergeben, die uns bei der Erbringung von Dienstleistungen, der Abwicklung von Zahlungen, der Bereitstellung von Kundensupport und der Durchf\u00fchrung von Marketingaktivit\u00e4ten unterst\u00fctzen. <\/li>\n<li>Analyse-Anbieter: Google Analytics<\/li>\n<li>Alle Dritten sind verpflichtet, personenbezogene Daten in \u00dcbereinstimmung mit den geltenden Gesetzen zu sch\u00fctzen.<\/li>\n<\/ul>\n<ol start=\"6\">\n<li><strong>  Regionalspezifische Datenschutzrechte<\/strong><\/li>\n<\/ol>\n<ul>\n<li><strong>6.1 Europ\u00e4ische Union (GDPR)<\/strong><\/li>\n<\/ul>\n<p>EU-Nutzer haben das Recht auf:<\/p>\n<ul>\n<li style=\"list-style-type: none;\">\n<ul>\n<li>Zugang, Berichtigung oder L\u00f6schung pers\u00f6nlicher Daten<\/li>\n<li>Widerspruch gegen die Datenverarbeitung und deren Einschr\u00e4nkung<\/li>\n<li>\u00dcbertragbarkeit von Daten<\/li>\n<li>Zustimmung zur\u00fcckziehen<\/li>\n<li>Beschwerden bei den lokalen Datenschutzbeh\u00f6rden einreichen. EU-Nutzer haben das Recht auf Auskunft, Berichtigung, L\u00f6schung, Einschr\u00e4nkung der Verarbeitung, Widerspruch gegen die Verarbeitung, Antrag auf Daten\u00fcbertragbarkeit und Widerruf der Einwilligung. Nutzer haben das Recht, bei der \u00f6rtlichen Datenschutzbeh\u00f6rde eine Beschwerde einzureichen.  <\/li>\n<\/ul>\n<\/li>\n<li><strong>6.2 Vereinigte Staaten (CCPA und andere staatliche Gesetze)<\/strong><\/li>\n<\/ul>\n<p>US-Benutzer haben das Recht auf:<\/p>\n<ul>\n<li style=\"list-style-type: none;\">\n<ul>\n<li>Zugang und Berichtigung pers\u00f6nlicher Daten<\/li>\n<li>Datenl\u00f6schung beantragen<\/li>\n<li>Abmeldung von gezielter Werbung. US-Nutzer haben das Recht, auf ihre pers\u00f6nlichen Daten zuzugreifen, sie zu berichtigen, zu l\u00f6schen und sich gegen gezielte Werbung zu entscheiden. <\/li>\n<li>Nicht-Diskriminierung bei der Aus\u00fcbung der Datenschutzrechte<\/li>\n<li>Kalifornien-spezifisch: Wir verkaufen oder sammeln keine pers\u00f6nlichen Daten von Benutzern unter 16 Jahren. Einwohner Kaliforniens haben das Recht, bei der Aus\u00fcbung ihrer Datenschutzrechte nicht diskriminiert zu werden. Wir verkaufen oder sammeln keine pers\u00f6nlichen Daten von Nutzern unter 16 Jahren.  <\/li>\n<\/ul>\n<\/li>\n<li><strong>6.3 Brasilien (LGPD)<\/strong><\/li>\n<\/ul>\n<p>Brasilianische Benutzer haben Rechte auf:<\/p>\n<ul>\n<li style=\"list-style-type: none;\">\n<ul>\n<li>Best\u00e4tigen Sie die Datenverarbeitung<\/li>\n<li>Zugang und Berichtigung pers\u00f6nlicher Daten<\/li>\n<li>Anonymisierung, Sperrung oder L\u00f6schung von Daten anfordern<\/li>\n<li>Daten\u00fcbertragbarkeit beantragen<\/li>\n<li>Zustimmung zur\u00fcckziehen<\/li>\n<li>Beschwerden bei der ANPD einreichen. Brasilianische Nutzer haben das Recht, die Verarbeitung ihrer Daten zu best\u00e4tigen, darauf zuzugreifen, sie zu berichtigen, die Anonymisierung, Sperrung oder L\u00f6schung von Daten zu verlangen, die Daten\u00fcbertragbarkeit zu beantragen, ihre Zustimmung zur\u00fcckzuziehen und eine Beschwerde beim ANPD einzureichen. <\/li>\n<\/ul>\n<\/li>\n<\/ul>\n<ol start=\"7\">\n<li><strong>  Aufbewahrung von Daten<\/strong><\/li>\n<\/ol>\n<p>Personenbezogene Daten werden nur so lange aufbewahrt, wie es f\u00fcr die Erf\u00fcllung der angegebenen Zwecke erforderlich ist, oder bis zum Widerruf der Zustimmung, wonach die Daten sicher gel\u00f6scht werden. Personenbezogene Daten werden nur so lange aufbewahrt, wie es f\u00fcr die Erf\u00fcllung der angegebenen Zwecke erforderlich ist oder bis der Nutzer seine Zustimmung zur\u00fcckzieht. Danach werden die Daten sicher gel\u00f6scht.  <\/p>\n<p>Wir legen die Aufbewahrungsfristen f\u00fcr Daten nach folgenden Kriterien fest: dem Zweck, f\u00fcr den die Daten erhoben wurden, gesetzlichen Verpflichtungen und unseren berechtigten Gesch\u00e4ftsinteressen.<\/p>\n<p>Wir haben angemessene Datensicherheitsma\u00dfnahmen implementiert, um personenbezogene Daten vor unbefugtem Zugriff, unbefugter Nutzung, Ver\u00e4nderung oder L\u00f6schung zu sch\u00fctzen. Zu diesen Ma\u00dfnahmen geh\u00f6ren Verschl\u00fcsselung, sichere Speicherung, Zugriffskontrolle und regelm\u00e4\u00dfige Audits. <\/p>\n<ol start=\"8\">\n<li><strong>  Cookies, Analytik und Opt-out<\/strong><\/li>\n<\/ol>\n<p>Benutzer k\u00f6nnen ihre Pr\u00e4ferenzen \u00fcber die Ger\u00e4teeinstellungen oder Opt-out-Dienste verwalten: Benutzer k\u00f6nnen die Cookie-Einstellungen in ihren Ger\u00e4te- oder Browser-Einstellungen verwalten.<\/p>\n<ul>\n<li>YourOnlineChoices (EU)<\/li>\n<li>Initiative f\u00fcr Netzwerkwerbung (US)<\/li>\n<li>Allianz f\u00fcr digitale Werbung (US)<\/li>\n<li>Nutzer k\u00f6nnen die Personalisierung von Anzeigen auch in den Anzeigeneinstellungen von Google oder anderen Online-Werbeplattformen deaktivieren.<\/li>\n<\/ul>\n<p>Wir verwenden Sitzungscookies, dauerhafte Cookies, analytische Cookies und Werbecookies.<\/p>\n<ol start=\"9\">\n<li><strong>  Internationale Daten\u00fcbertragung<\/strong><\/li>\n<\/ol>\n<p>Personenbezogene Daten k\u00f6nnen au\u00dferhalb des Landes des Nutzers vor allem \u00fcber die AWS-Infrastruktur verarbeitet werden, wobei die Einhaltung internationaler Datenschutzstandards (z. B. Standardvertragsklauseln) gew\u00e4hrleistet wird. Wir k\u00f6nnen personenbezogene Daten in L\u00e4nder au\u00dferhalb der Europ\u00e4ischen Union \u00fcbertragen, z. B. in die Vereinigten Staaten, in denen andere Datenschutzbestimmungen gelten als in der EU. Internationale Daten\u00fcbermittlungen erfolgen auf der Grundlage von Standardvertragsklauseln (SCC) oder anderen geeigneten Rechtsgrundlagen. Wir haben geeignete Datenschutzma\u00dfnahmen ergriffen, um personenbezogene Daten bei internationalen Daten\u00fcbertragungen zu sch\u00fctzen, einschlie\u00dflich der Verwendung von Standardvertragsklauseln und der Umsetzung geeigneter Sicherheitsma\u00dfnahmen.   <\/p>\n<ol start=\"10\">\n<li><strong>  Automatisierte Entscheidungsfindung und Profiling<\/strong><\/li>\n<\/ol>\n<p>Wir verwenden automatisierte Entscheidungsfindung f\u00fcr:<\/p>\n<ul>\n<li>Gezielte Werbung<\/li>\n<li>Analyse des Benutzerverhaltens<\/li>\n<li>Personalisierte Inhalte<\/li>\n<li>Wir verwenden automatisierte Entscheidungsfindung und Profiling, um gezielte Werbung anzuzeigen, das Nutzerverhalten zu analysieren und personalisierte Inhalte zu empfehlen.<\/li>\n<\/ul>\n<p>Nutzer k\u00f6nnen einer solchen Verarbeitung jederzeit \u00fcber info@vondetech.com widersprechen. Nutzer haben das Recht, der automatisierten Entscheidungsfindung und dem Profiling zu widersprechen, indem sie sich unter info@vondetech.com an uns wenden. <\/p>\n<ol start=\"11\">\n<li><strong>  Aus\u00fcbung von Benutzerrechten<\/strong><\/li>\n<\/ol>\n<p>Um Ihre Datenschutzrechte auszu\u00fcben, senden Sie eine schriftliche Anfrage an: KMAK Kelet-Magyarorsz\u00e1gi Adatk\u00f6zpont Kft. H-5000 Szolnok, Szap\u00e1ry utca 20. E-Mail: info@vondetechnology.com. Nutzer k\u00f6nnen ihre Rechte aus\u00fcben, indem sie einen schriftlichen Antrag stellen an: KMAK Kelet-Magyarorsz\u00e1gi Adatk\u00f6zpont Kft.  H-5000 Szolnok, Szap\u00e1ry utca 20. E-Mail: info@vondetechnology.com.<\/p>\n<p>Identit\u00e4ts\u00fcberpr\u00fcfung: Die Anfragen m\u00fcssen von Ihrer registrierten E-Mail-Adresse aus erfolgen. Es kann eine zus\u00e4tzliche \u00dcberpr\u00fcfung verlangt werden, und die verwendeten Dokumente werden nach der \u00dcberpr\u00fcfung gel\u00f6scht. Die Anfragen m\u00fcssen von Ihrer registrierten E-Mail-Adresse aus erfolgen. Benutzer m\u00fcssen ihre Identit\u00e4t verifizieren, wenn sie eine Anfrage einreichen. Wir k\u00f6nnen zus\u00e4tzliche Informationen anfordern, um die Identit\u00e4t zu \u00fcberpr\u00fcfen, und die zur \u00dcberpr\u00fcfung verwendeten Dokumente werden nach der \u00dcberpr\u00fcfung gel\u00f6scht.    <\/p>\n<p>Reaktionszeiten:<\/p>\n<ul>\n<li>GDPR (EU): innerhalb von 30 Tagen<\/li>\n<li>LGPD (Brasilien): innerhalb von 15 Tagen<\/li>\n<li>CCPA und Gesetze der US-Bundesstaaten: innerhalb von 45 Tagen<\/li>\n<\/ul>\n<ol start=\"12\">\n<li><strong>  Benachrichtigung \u00fcber Datenschutzverletzungen<\/strong><\/li>\n<\/ol>\n<p>Im Falle einer Verletzung des Schutzes personenbezogener Daten werden die Nutzer und die zust\u00e4ndigen Beh\u00f6rden unter Einhaltung der geltenden Vorschriften umgehend benachrichtigt. Im Falle einer Verletzung des Schutzes personenbezogener Daten werden die Nutzer und die zust\u00e4ndigen Beh\u00f6rden unter Einhaltung der geltenden Vorschriften umgehend benachrichtigt. <\/p>\n<ol start=\"13\">\n<li><strong>  Ma\u00dfnahmen zur Datensicherheit<\/strong><\/li>\n<\/ol>\n<p>Wir setzen Sicherheitsma\u00dfnahmen wie Verschl\u00fcsselung, sichere Speicherung, Zugangskontrollen und regelm\u00e4\u00dfige Audits zum Schutz der Datenintegrit\u00e4t ein. Unsere Ma\u00dfnahmen zur Datensicherheit umfassen Verschl\u00fcsselung (sowohl bei der \u00dcbertragung als auch im Ruhezustand), sichere Speicherung, Zugriffskontrolle, regelm\u00e4\u00dfige Sicherheitsaudits und Mitarbeiterschulungen zum Datenschutz. <\/p>\n<ol start=\"14\">\n<li><strong>  Datenschutz f\u00fcr Kinder<\/strong><\/li>\n<\/ol>\n<p>Wir sammeln nicht absichtlich Daten von Minderj\u00e4hrigen unter 16 Jahren. Alle so identifizierten Daten werden sofort gel\u00f6scht. Wir erheben nicht absichtlich Daten von Minderj\u00e4hrigen unter 16 Jahren. Sollten wir solche Daten identifizieren, werden sie sofort gel\u00f6scht.   <\/p>\n<ol start=\"15\">\n<li><strong>  Politische Updates<\/strong><\/li>\n<\/ol>\n<p>Diese Datenschutzrichtlinie kann in regelm\u00e4\u00dfigen Abst\u00e4nden aktualisiert werden, wobei wesentliche \u00c4nderungen \u00fcber App-Benachrichtigungen oder per E-Mail mitgeteilt werden. Diese Datenschutzrichtlinie kann in regelm\u00e4\u00dfigen Abst\u00e4nden aktualisiert werden. Wesentliche \u00c4nderungen werden \u00fcber App-Benachrichtigungen oder per E-Mail mitgeteilt. Die aktualisierte Datenschutzrichtlinie wird auf unserer Website und in unserer App ver\u00f6ffentlicht.   <\/p>\n<p><strong>Ansprechpartner f\u00fcr Datenschutz<\/strong><\/p>\n<p>Bei Fragen oder Bedenken: Datenschutzbeauftragter KMAK Kelet-Magyarorsz\u00e1gi Adatk\u00f6zpont Kft. H-5000 Szolnok, Szap\u00e1ry utca 20. E-Mail: info@vondetechnology.com<\/p>\n<p>Durch die Nutzung der Vonde Pro App erkennen Sie diese Datenschutzrichtlinie an und stimmen ihr zu.[\/vc_column_text][\/vc_column][\/vc_row]<\/p>\n<\/div>","protected":false},"excerpt":{"rendered":"<p>[vc_row][vc_column][vc_empty_space][vc_column_text el_class=&#8221;legal-text&#8221;]Datum des Inkrafttretens: M\u00e4rz 17, 2025 Einf\u00fchrung KMAK Kelet-Magyarorsz\u00e1gi Adatk\u00f6zpont Kft. 5000 Szolnok, Szap\u00e1ry utca 20. E-Mail: info@vondetechnology.com. (&#8220;wir&#8221;, &#8220;unser&#8221; oder &#8220;uns&#8221;) bietet umfassende digitale Vernetzungsl\u00f6sungen \u00fcber die Vonde Pro App (&#8220;App&#8221;) an, die digitale Visitenkarten, URL-Verk\u00fcrzung, NFC- und QR-Code-Verwaltung und die Integration von Apple\/Google Wallet erm\u00f6glicht. Diese Datenschutzrichtlinie beschreibt unsere Methoden zur Erfassung, [&hellip;]<\/p>\n","protected":false},"author":1,"featured_media":0,"parent":0,"menu_order":0,"comment_status":"closed","ping_status":"closed","template":"","meta":{"footnotes":""},"class_list":["post-7347","page","type-page","status-publish","hentry"],"yoast_head":"<!-- This site is optimized with the Yoast SEO plugin v24.7 - https:\/\/yoast.com\/wordpress\/plugins\/seo\/ -->\n<title>Datenschutzrichtlinie f\u00fcr Vonde Pro App - Vondetech<\/title>\n<meta name=\"robots\" content=\"index, follow, max-snippet:-1, max-image-preview:large, max-video-preview:-1\" \/>\n<link rel=\"canonical\" href=\"https:\/\/vondetech.com\/de\/recht-auf-widerruf\/\" \/>\n<meta property=\"og:locale\" content=\"de_DE\" \/>\n<meta property=\"og:type\" content=\"article\" \/>\n<meta property=\"og:title\" content=\"Datenschutzrichtlinie f\u00fcr Vonde Pro App - Vondetech\" \/>\n<meta property=\"og:description\" content=\"[vc_row][vc_column][vc_empty_space][vc_column_text el_class=&#8221;legal-text&#8221;]Datum des Inkrafttretens: M\u00e4rz 17, 2025 Einf\u00fchrung KMAK Kelet-Magyarorsz\u00e1gi Adatk\u00f6zpont Kft. 5000 Szolnok, Szap\u00e1ry utca 20. E-Mail: info@vondetechnology.com. (&#8220;wir&#8221;, &#8220;unser&#8221; oder &#8220;uns&#8221;) bietet umfassende digitale Vernetzungsl\u00f6sungen \u00fcber die Vonde Pro App (&#8220;App&#8221;) an, die digitale Visitenkarten, URL-Verk\u00fcrzung, NFC- und QR-Code-Verwaltung und die Integration von Apple\/Google Wallet erm\u00f6glicht. Diese Datenschutzrichtlinie beschreibt unsere Methoden zur Erfassung, [&hellip;]\" \/>\n<meta property=\"og:url\" content=\"https:\/\/vondetech.com\/de\/recht-auf-widerruf\/\" \/>\n<meta property=\"og:site_name\" content=\"Vondetech\" \/>\n<meta property=\"article:modified_time\" content=\"2025-03-21T06:56:08+00:00\" \/>\n<meta name=\"twitter:card\" content=\"summary_large_image\" \/>\n<meta name=\"twitter:label1\" content=\"Gesch\u00e4tzte Lesezeit\" \/>\n\t<meta name=\"twitter:data1\" content=\"2\u00a0Minuten\" \/>\n<script type=\"application\/ld+json\" class=\"yoast-schema-graph\">{\"@context\":\"https:\/\/schema.org\",\"@graph\":[{\"@type\":\"WebPage\",\"@id\":\"https:\/\/vondetech.com\/de\/recht-auf-widerruf\/\",\"url\":\"https:\/\/vondetech.com\/de\/recht-auf-widerruf\/\",\"name\":\"Datenschutzrichtlinie f\u00fcr Vonde Pro App - Vondetech\",\"isPartOf\":{\"@id\":\"https:\/\/vondetech.com\/de\/#website\"},\"datePublished\":\"2024-05-23T13:02:08+00:00\",\"dateModified\":\"2025-03-21T06:56:08+00:00\",\"breadcrumb\":{\"@id\":\"https:\/\/vondetech.com\/de\/recht-auf-widerruf\/#breadcrumb\"},\"inLanguage\":\"de\",\"potentialAction\":[{\"@type\":\"ReadAction\",\"target\":[\"https:\/\/vondetech.com\/de\/recht-auf-widerruf\/\"]}]},{\"@type\":\"BreadcrumbList\",\"@id\":\"https:\/\/vondetech.com\/de\/recht-auf-widerruf\/#breadcrumb\",\"itemListElement\":[{\"@type\":\"ListItem\",\"position\":1,\"name\":\"Startseite\",\"item\":\"https:\/\/vondetech.com\/de\/startseite\/\"},{\"@type\":\"ListItem\",\"position\":2,\"name\":\"Datenschutzrichtlinie f\u00fcr Vonde Pro App\"}]},{\"@type\":\"WebSite\",\"@id\":\"https:\/\/vondetech.com\/de\/#website\",\"url\":\"https:\/\/vondetech.com\/de\/\",\"name\":\"Vondetech\",\"description\":\"\",\"potentialAction\":[{\"@type\":\"SearchAction\",\"target\":{\"@type\":\"EntryPoint\",\"urlTemplate\":\"https:\/\/vondetech.com\/de\/?s={search_term_string}\"},\"query-input\":{\"@type\":\"PropertyValueSpecification\",\"valueRequired\":true,\"valueName\":\"search_term_string\"}}],\"inLanguage\":\"de\"}]}<\/script>\n<!-- \/ Yoast SEO plugin. -->","yoast_head_json":{"title":"Datenschutzrichtlinie f\u00fcr Vonde Pro App - Vondetech","robots":{"index":"index","follow":"follow","max-snippet":"max-snippet:-1","max-image-preview":"max-image-preview:large","max-video-preview":"max-video-preview:-1"},"canonical":"https:\/\/vondetech.com\/de\/recht-auf-widerruf\/","og_locale":"de_DE","og_type":"article","og_title":"Datenschutzrichtlinie f\u00fcr Vonde Pro App - Vondetech","og_description":"[vc_row][vc_column][vc_empty_space][vc_column_text el_class=&#8221;legal-text&#8221;]Datum des Inkrafttretens: M\u00e4rz 17, 2025 Einf\u00fchrung KMAK Kelet-Magyarorsz\u00e1gi Adatk\u00f6zpont Kft. 5000 Szolnok, Szap\u00e1ry utca 20. E-Mail: info@vondetechnology.com. (&#8220;wir&#8221;, &#8220;unser&#8221; oder &#8220;uns&#8221;) bietet umfassende digitale Vernetzungsl\u00f6sungen \u00fcber die Vonde Pro App (&#8220;App&#8221;) an, die digitale Visitenkarten, URL-Verk\u00fcrzung, NFC- und QR-Code-Verwaltung und die Integration von Apple\/Google Wallet erm\u00f6glicht. Diese Datenschutzrichtlinie beschreibt unsere Methoden zur Erfassung, [&hellip;]","og_url":"https:\/\/vondetech.com\/de\/recht-auf-widerruf\/","og_site_name":"Vondetech","article_modified_time":"2025-03-21T06:56:08+00:00","twitter_card":"summary_large_image","twitter_misc":{"Gesch\u00e4tzte Lesezeit":"2\u00a0Minuten"},"schema":{"@context":"https:\/\/schema.org","@graph":[{"@type":"WebPage","@id":"https:\/\/vondetech.com\/de\/recht-auf-widerruf\/","url":"https:\/\/vondetech.com\/de\/recht-auf-widerruf\/","name":"Datenschutzrichtlinie f\u00fcr Vonde Pro App - Vondetech","isPartOf":{"@id":"https:\/\/vondetech.com\/de\/#website"},"datePublished":"2024-05-23T13:02:08+00:00","dateModified":"2025-03-21T06:56:08+00:00","breadcrumb":{"@id":"https:\/\/vondetech.com\/de\/recht-auf-widerruf\/#breadcrumb"},"inLanguage":"de","potentialAction":[{"@type":"ReadAction","target":["https:\/\/vondetech.com\/de\/recht-auf-widerruf\/"]}]},{"@type":"BreadcrumbList","@id":"https:\/\/vondetech.com\/de\/recht-auf-widerruf\/#breadcrumb","itemListElement":[{"@type":"ListItem","position":1,"name":"Startseite","item":"https:\/\/vondetech.com\/de\/startseite\/"},{"@type":"ListItem","position":2,"name":"Datenschutzrichtlinie f\u00fcr Vonde Pro App"}]},{"@type":"WebSite","@id":"https:\/\/vondetech.com\/de\/#website","url":"https:\/\/vondetech.com\/de\/","name":"Vondetech","description":"","potentialAction":[{"@type":"SearchAction","target":{"@type":"EntryPoint","urlTemplate":"https:\/\/vondetech.com\/de\/?s={search_term_string}"},"query-input":{"@type":"PropertyValueSpecification","valueRequired":true,"valueName":"search_term_string"}}],"inLanguage":"de"}]}},"_links":{"self":[{"href":"https:\/\/vondetech.com\/de\/wp-json\/wp\/v2\/pages\/7347","targetHints":{"allow":["GET"]}}],"collection":[{"href":"https:\/\/vondetech.com\/de\/wp-json\/wp\/v2\/pages"}],"about":[{"href":"https:\/\/vondetech.com\/de\/wp-json\/wp\/v2\/types\/page"}],"author":[{"embeddable":true,"href":"https:\/\/vondetech.com\/de\/wp-json\/wp\/v2\/users\/1"}],"replies":[{"embeddable":true,"href":"https:\/\/vondetech.com\/de\/wp-json\/wp\/v2\/comments?post=7347"}],"version-history":[{"count":6,"href":"https:\/\/vondetech.com\/de\/wp-json\/wp\/v2\/pages\/7347\/revisions"}],"predecessor-version":[{"id":21122,"href":"https:\/\/vondetech.com\/de\/wp-json\/wp\/v2\/pages\/7347\/revisions\/21122"}],"wp:attachment":[{"href":"https:\/\/vondetech.com\/de\/wp-json\/wp\/v2\/media?parent=7347"}],"curies":[{"name":"wp","href":"https:\/\/api.w.org\/{rel}","templated":true}]}}