{"id":7339,"date":"2024-05-23T15:17:28","date_gmt":"2024-05-23T13:17:28","guid":{"rendered":"https:\/\/vondetech.com\/datenschutzbestimmungen\/"},"modified":"2025-03-19T11:28:30","modified_gmt":"2025-03-19T10:28:30","slug":"datenschutzbestimmungen","status":"publish","type":"page","link":"https:\/\/vondetech.com\/de\/datenschutzbestimmungen\/","title":{"rendered":"Cookie-Richtlinie f\u00fcr die Vonde Pro Website"},"content":{"rendered":"<div class=\"wpb-content-wrapper\"><p>[vc_row][vc_column][vc_empty_space][vc_column_text el_class=&#8221;legal-text&#8221;]<strong>Cookie-Richtlinie f\u00fcr die Vonde Pro Website<\/strong><\/p>\n<p><strong>Datum des Inkrafttretens:<\/strong> M\u00e4rz 17, 2025<\/p>\n<ol>\n<li><strong>  Einf\u00fchrung<\/strong><\/li>\n<\/ol>\n<p>Diese Cookie-Richtlinie erkl\u00e4rt, wie Vonde Technology (&#8220;wir&#8221;, &#8220;uns&#8221; oder &#8220;unser&#8221;) Cookies und \u00e4hnliche Technologien auf der Vonde Pro Website (&#8220;Website&#8221;) verwendet. Diese Richtlinie gilt nicht f\u00fcr die mobile Anwendung von Vonde Pro, f\u00fcr die eine eigene Cookie-Richtlinie gilt. <\/p>\n<ol start=\"2\">\n<li><strong>  Was sind Cookies?<\/strong><\/li>\n<\/ol>\n<p>Cookies sind kleine Textdateien, die auf Ihrem Ger\u00e4t gespeichert werden, wenn Sie unsere Website besuchen. Cookies helfen uns, den Website-Verkehr zu analysieren und die Benutzerfreundlichkeit zu verbessern. <\/p>\n<ol start=\"3\">\n<li><strong>  Arten von Cookies, die wir verwenden<\/strong><\/li>\n<\/ol>\n<ul>\n<li><strong>Wesentliche Cookies:<\/strong> Diese Cookies sind f\u00fcr das grundlegende Funktionieren der Website erforderlich. Sie erm\u00f6glichen es Ihnen, auf der Website zu navigieren, wichtige Funktionen zu nutzen, wie z. B. sich bei Ihrem Konto anzumelden, Artikel in Ihren Einkaufswagen zu legen und auf sichere Bereiche der Website zuzugreifen. <\/li>\n<li><strong>Analytische Cookies:<\/strong> Erm\u00f6glichen es uns, Besucher zu erkennen und zu z\u00e4hlen und zu sehen, wie sich Besucher auf der Website bewegen. Dies hilft uns, die Benutzerfreundlichkeit und Leistung der Website zu verbessern. Wir verwenden Google Analytics, um Informationen dar\u00fcber zu sammeln, wie Besucher unsere Website nutzen. Diese Cookies sammeln Daten wie die Anzahl der Besucher, die von ihnen besuchten Seiten und die Zeit, die sie auf jeder Seite verbringen.   <\/li>\n<\/ul>\n<ol start=\"4\">\n<li><strong>  Zweck der Verwendung von Cookies<\/strong><\/li>\n<\/ol>\n<p>Wir verwenden Cookies ausschlie\u00dflich f\u00fcr:<\/p>\n<ul>\n<li>\u00dcberwachung und Analyse der grundlegenden Besucherstatistiken und der Nutzung der Website.<\/li>\n<li>Verbesserung der Gesamtleistung und der Benutzererfahrung auf unserer Website.<\/li>\n<\/ul>\n<ol start=\"5\">\n<li><strong>  Cookies von Dritten<\/strong><\/li>\n<\/ol>\n<ul>\n<li><strong>Google Analytics:<\/strong> Wir verwenden Google Analytics, einen Webanalysedienst, der von Google LLC bereitgestellt wird. Google Analytics verwendet Cookies, um Informationen \u00fcber Ihre Nutzung unserer Website zu sammeln, einschlie\u00dflich Ihrer IP-Adresse. Diese Informationen werden an Google \u00fcbermittelt und von Google auf Servern in den Vereinigten Staaten gespeichert. Google verwendet diese Informationen, um Ihre Nutzung unserer Website auszuwerten, um Berichte \u00fcber die Website-Aktivit\u00e4ten zu erstellen und um weitere Dienstleistungen im Zusammenhang mit der Website-Aktivit\u00e4t und der Internetnutzung zu erbringen. Auch wird Google diese Informationen gegebenenfalls an Dritte \u00fcbertragen, sofern dies gesetzlich vorgeschrieben oder soweit Dritte diese Daten im Auftrag von Google verarbeiten. Weitere Informationen \u00fcber die Datenschutzpraktiken von Google und \u00fcber die Verwendung von Cookies durch Google finden Sie in den Datenschutzbestimmungen von Google:       [Link to Google&#8217;s Privacy Policy]<\/li>\n<\/ul>\n<ol start=\"6\">\n<li><strong>  Cookies verwalten<\/strong><\/li>\n<\/ol>\n<p>Sie k\u00f6nnen Cookies \u00fcber Ihre Browsereinstellungen kontrollieren, blockieren oder l\u00f6schen. Die meisten Webbrowser akzeptieren Cookies automatisch, aber Sie k\u00f6nnen die Einstellungen Ihres Browsers in der Regel so \u00e4ndern, dass Cookies abgelehnt werden, wenn Sie dies w\u00fcnschen. In der Hilfedokumentation Ihres Browsers finden Sie Anweisungen zur Verwaltung von Cookies. Hier finden Sie Links zu den Hilfeseiten einiger g\u00e4ngiger Browser:   <\/p>\n<ul>\n<li>Google Chrome:  [Link to Chrome&#8217;s cookie settings help page]<\/li>\n<li>Mozilla Firefox:  [Link to Firefox&#8217;s cookie settings help page]<\/li>\n<li>Microsoft Edge:  [Link to Edge&#8217;s cookie settings help page]<\/li>\n<li>Apple Safari:  [Link to Safari&#8217;s cookie settings help page]<\/li>\n<\/ul>\n<p>Cookies k\u00f6nnen Sitzungscookies oder dauerhafte Cookies sein. Sitzungscookies sind tempor\u00e4re Cookies, die auf Ihrem Ger\u00e4t gespeichert werden, bis Sie Ihren Browser schlie\u00dfen. Dauerhafte Cookies verbleiben f\u00fcr einen l\u00e4ngeren Zeitraum auf Ihrem Ger\u00e4t oder bis Sie sie l\u00f6schen.  <\/p>\n<ol start=\"7\">\n<li><strong>  Politische Updates<\/strong><\/li>\n<\/ol>\n<p>Wir k\u00f6nnen diese Cookie-Richtlinie von Zeit zu Zeit aktualisieren. \u00c4nderungen werden auf dieser Seite mit einem aktualisierten G\u00fcltigkeitsdatum ver\u00f6ffentlicht. <\/p>\n<ol start=\"8\">\n<li><strong>  Kontaktieren Sie uns<\/strong><\/li>\n<\/ol>\n<p>Wenn Sie Fragen zu dieser Cookie-Richtlinie haben, kontaktieren Sie uns bitte unter:<\/p>\n<p>KMAK Kelet-Magyarorsz\u00e1gi Adatk\u00f6zpont Kft.<\/p>\n<p>H-5000 Szolnok, Szap\u00e1ry utca 20.<\/p>\n<p>E-Mail: info@vondetechnology.com<\/p>\n<p>Durch die Nutzung unserer Website erkl\u00e4ren Sie sich mit der Verwendung von Cookies, wie in dieser Cookie-Richtlinie beschrieben, einverstanden.[\/vc_column_text][\/vc_column][\/vc_row]<\/p>\n<\/div>","protected":false},"excerpt":{"rendered":"<p>[vc_row][vc_column][vc_empty_space][vc_column_text el_class=&#8221;legal-text&#8221;]Cookie-Richtlinie f\u00fcr die Vonde Pro Website Datum des Inkrafttretens: M\u00e4rz 17, 2025 Einf\u00fchrung Diese Cookie-Richtlinie erkl\u00e4rt, wie Vonde Technology (&#8220;wir&#8221;, &#8220;uns&#8221; oder &#8220;unser&#8221;) Cookies und \u00e4hnliche Technologien auf der Vonde Pro Website (&#8220;Website&#8221;) verwendet. Diese Richtlinie gilt nicht f\u00fcr die mobile Anwendung von Vonde Pro, f\u00fcr die eine eigene Cookie-Richtlinie gilt. Was sind Cookies? [&hellip;]<\/p>\n","protected":false},"author":1,"featured_media":0,"parent":0,"menu_order":0,"comment_status":"closed","ping_status":"closed","template":"","meta":{"footnotes":""},"class_list":["post-7339","page","type-page","status-publish","hentry"],"yoast_head":"<!-- This site is optimized with the Yoast SEO plugin v24.7 - https:\/\/yoast.com\/wordpress\/plugins\/seo\/ -->\n<title>Cookie-Richtlinie f\u00fcr die Vonde Pro Website - Vondetech<\/title>\n<meta name=\"robots\" content=\"index, follow, max-snippet:-1, max-image-preview:large, max-video-preview:-1\" \/>\n<link rel=\"canonical\" href=\"https:\/\/vondetech.com\/de\/datenschutzbestimmungen\/\" \/>\n<meta property=\"og:locale\" content=\"de_DE\" \/>\n<meta property=\"og:type\" content=\"article\" \/>\n<meta property=\"og:title\" content=\"Cookie-Richtlinie f\u00fcr die Vonde Pro Website - Vondetech\" \/>\n<meta property=\"og:description\" content=\"[vc_row][vc_column][vc_empty_space][vc_column_text el_class=&#8221;legal-text&#8221;]Cookie-Richtlinie f\u00fcr die Vonde Pro Website Datum des Inkrafttretens: M\u00e4rz 17, 2025 Einf\u00fchrung Diese Cookie-Richtlinie erkl\u00e4rt, wie Vonde Technology (&#8220;wir&#8221;, &#8220;uns&#8221; oder &#8220;unser&#8221;) Cookies und \u00e4hnliche Technologien auf der Vonde Pro Website (&#8220;Website&#8221;) verwendet. Diese Richtlinie gilt nicht f\u00fcr die mobile Anwendung von Vonde Pro, f\u00fcr die eine eigene Cookie-Richtlinie gilt. Was sind Cookies? [&hellip;]\" \/>\n<meta property=\"og:url\" content=\"https:\/\/vondetech.com\/de\/datenschutzbestimmungen\/\" \/>\n<meta property=\"og:site_name\" content=\"Vondetech\" \/>\n<meta property=\"article:modified_time\" content=\"2025-03-19T10:28:30+00:00\" \/>\n<meta name=\"twitter:card\" content=\"summary_large_image\" \/>\n<meta name=\"twitter:label1\" content=\"Gesch\u00e4tzte Lesezeit\" \/>\n\t<meta name=\"twitter:data1\" content=\"2\u00a0Minuten\" \/>\n<script type=\"application\/ld+json\" class=\"yoast-schema-graph\">{\"@context\":\"https:\/\/schema.org\",\"@graph\":[{\"@type\":\"WebPage\",\"@id\":\"https:\/\/vondetech.com\/de\/datenschutzbestimmungen\/\",\"url\":\"https:\/\/vondetech.com\/de\/datenschutzbestimmungen\/\",\"name\":\"Cookie-Richtlinie f\u00fcr die Vonde Pro Website - Vondetech\",\"isPartOf\":{\"@id\":\"https:\/\/vondetech.com\/de\/#website\"},\"datePublished\":\"2024-05-23T13:17:28+00:00\",\"dateModified\":\"2025-03-19T10:28:30+00:00\",\"breadcrumb\":{\"@id\":\"https:\/\/vondetech.com\/de\/datenschutzbestimmungen\/#breadcrumb\"},\"inLanguage\":\"de\",\"potentialAction\":[{\"@type\":\"ReadAction\",\"target\":[\"https:\/\/vondetech.com\/de\/datenschutzbestimmungen\/\"]}]},{\"@type\":\"BreadcrumbList\",\"@id\":\"https:\/\/vondetech.com\/de\/datenschutzbestimmungen\/#breadcrumb\",\"itemListElement\":[{\"@type\":\"ListItem\",\"position\":1,\"name\":\"Startseite\",\"item\":\"https:\/\/vondetech.com\/de\/startseite\/\"},{\"@type\":\"ListItem\",\"position\":2,\"name\":\"Cookie-Richtlinie f\u00fcr die Vonde Pro Website\"}]},{\"@type\":\"WebSite\",\"@id\":\"https:\/\/vondetech.com\/de\/#website\",\"url\":\"https:\/\/vondetech.com\/de\/\",\"name\":\"Vondetech\",\"description\":\"\",\"potentialAction\":[{\"@type\":\"SearchAction\",\"target\":{\"@type\":\"EntryPoint\",\"urlTemplate\":\"https:\/\/vondetech.com\/de\/?s={search_term_string}\"},\"query-input\":{\"@type\":\"PropertyValueSpecification\",\"valueRequired\":true,\"valueName\":\"search_term_string\"}}],\"inLanguage\":\"de\"}]}<\/script>\n<!-- \/ Yoast SEO plugin. -->","yoast_head_json":{"title":"Cookie-Richtlinie f\u00fcr die Vonde Pro Website - Vondetech","robots":{"index":"index","follow":"follow","max-snippet":"max-snippet:-1","max-image-preview":"max-image-preview:large","max-video-preview":"max-video-preview:-1"},"canonical":"https:\/\/vondetech.com\/de\/datenschutzbestimmungen\/","og_locale":"de_DE","og_type":"article","og_title":"Cookie-Richtlinie f\u00fcr die Vonde Pro Website - Vondetech","og_description":"[vc_row][vc_column][vc_empty_space][vc_column_text el_class=&#8221;legal-text&#8221;]Cookie-Richtlinie f\u00fcr die Vonde Pro Website Datum des Inkrafttretens: M\u00e4rz 17, 2025 Einf\u00fchrung Diese Cookie-Richtlinie erkl\u00e4rt, wie Vonde Technology (&#8220;wir&#8221;, &#8220;uns&#8221; oder &#8220;unser&#8221;) Cookies und \u00e4hnliche Technologien auf der Vonde Pro Website (&#8220;Website&#8221;) verwendet. Diese Richtlinie gilt nicht f\u00fcr die mobile Anwendung von Vonde Pro, f\u00fcr die eine eigene Cookie-Richtlinie gilt. Was sind Cookies? [&hellip;]","og_url":"https:\/\/vondetech.com\/de\/datenschutzbestimmungen\/","og_site_name":"Vondetech","article_modified_time":"2025-03-19T10:28:30+00:00","twitter_card":"summary_large_image","twitter_misc":{"Gesch\u00e4tzte Lesezeit":"2\u00a0Minuten"},"schema":{"@context":"https:\/\/schema.org","@graph":[{"@type":"WebPage","@id":"https:\/\/vondetech.com\/de\/datenschutzbestimmungen\/","url":"https:\/\/vondetech.com\/de\/datenschutzbestimmungen\/","name":"Cookie-Richtlinie f\u00fcr die Vonde Pro Website - Vondetech","isPartOf":{"@id":"https:\/\/vondetech.com\/de\/#website"},"datePublished":"2024-05-23T13:17:28+00:00","dateModified":"2025-03-19T10:28:30+00:00","breadcrumb":{"@id":"https:\/\/vondetech.com\/de\/datenschutzbestimmungen\/#breadcrumb"},"inLanguage":"de","potentialAction":[{"@type":"ReadAction","target":["https:\/\/vondetech.com\/de\/datenschutzbestimmungen\/"]}]},{"@type":"BreadcrumbList","@id":"https:\/\/vondetech.com\/de\/datenschutzbestimmungen\/#breadcrumb","itemListElement":[{"@type":"ListItem","position":1,"name":"Startseite","item":"https:\/\/vondetech.com\/de\/startseite\/"},{"@type":"ListItem","position":2,"name":"Cookie-Richtlinie f\u00fcr die Vonde Pro Website"}]},{"@type":"WebSite","@id":"https:\/\/vondetech.com\/de\/#website","url":"https:\/\/vondetech.com\/de\/","name":"Vondetech","description":"","potentialAction":[{"@type":"SearchAction","target":{"@type":"EntryPoint","urlTemplate":"https:\/\/vondetech.com\/de\/?s={search_term_string}"},"query-input":{"@type":"PropertyValueSpecification","valueRequired":true,"valueName":"search_term_string"}}],"inLanguage":"de"}]}},"_links":{"self":[{"href":"https:\/\/vondetech.com\/de\/wp-json\/wp\/v2\/pages\/7339","targetHints":{"allow":["GET"]}}],"collection":[{"href":"https:\/\/vondetech.com\/de\/wp-json\/wp\/v2\/pages"}],"about":[{"href":"https:\/\/vondetech.com\/de\/wp-json\/wp\/v2\/types\/page"}],"author":[{"embeddable":true,"href":"https:\/\/vondetech.com\/de\/wp-json\/wp\/v2\/users\/1"}],"replies":[{"embeddable":true,"href":"https:\/\/vondetech.com\/de\/wp-json\/wp\/v2\/comments?post=7339"}],"version-history":[{"count":7,"href":"https:\/\/vondetech.com\/de\/wp-json\/wp\/v2\/pages\/7339\/revisions"}],"predecessor-version":[{"id":19961,"href":"https:\/\/vondetech.com\/de\/wp-json\/wp\/v2\/pages\/7339\/revisions\/19961"}],"wp:attachment":[{"href":"https:\/\/vondetech.com\/de\/wp-json\/wp\/v2\/media?parent=7339"}],"curies":[{"name":"wp","href":"https:\/\/api.w.org\/{rel}","templated":true}]}}