{"id":20887,"date":"2025-03-19T09:20:16","date_gmt":"2025-03-19T08:20:16","guid":{"rendered":"https:\/\/vondetech.com\/impressum-fuer-vonde-pro-app\/"},"modified":"2025-03-20T15:58:29","modified_gmt":"2025-03-20T14:58:29","slug":"impressum-fuer-vonde-pro-app","status":"publish","type":"page","link":"https:\/\/vondetech.com\/de\/impressum-fuer-vonde-pro-app\/","title":{"rendered":"Impressum f\u00fcr Vonde Pro App"},"content":{"rendered":"<div class=\"wpb-content-wrapper\"><p>[vc_row][vc_column][vc_empty_space][vc_column_text el_class=&#8221;legal-text&#8221;]<strong>Informationen zum Unternehmen:<\/strong><\/p>\n<p>Vonde Technologie<\/p>\n<p><strong>\u00dcber Vonde Technology LLC:<\/strong><\/p>\n<p>Vonde Pro App ist eine innovative mobile Anwendung, die durch die Zusammenarbeit von zwei Unternehmen entwickelt und betrieben wird:<\/p>\n<ul>\n<li>Vonde Technology LLC (US) verwaltet die globalen M\u00e4rkte und die internationale Expansion.<\/li>\n<li>KMAK Kelet-Magyarorsz\u00e1gi Adatk\u00f6zpont Kft. (Europa, Ungarn) \u00fcbernimmt die Entwicklung und die damit verbundenen operativen Aufgaben.<\/li>\n<\/ul>\n<p><strong>Betrieben von:<\/strong><\/p>\n<p>KMAK Kelet-Magyarorsz\u00e1gi Adatk\u00f6zpont Kft.<\/p>\n<p><strong>Eingetragene Adresse:<\/strong><\/p>\n<p>H-5000 Szolnok, Szap\u00e1ry utca 20. Ungarn<\/p>\n<p><strong>Kontaktinformationen:<\/strong><\/p>\n<p>E-Mail: info@vondetechnology.com<\/p>\n<p><strong>Gesch\u00e4ftsf\u00fchrerin:<\/strong><\/p>\n<p>Laszlo Berta<\/p>\n<p><strong>Registrierung des Unternehmens:<\/strong><\/p>\n<p>D-U-N-S: 401605625<\/p>\n<p>Registergericht: [Geben Sie das Registergericht an, z.B. das Landgericht Szolnok]<\/p>\n<p><strong>Umsatzsteuer-Identifikationsnummer:<\/strong><\/p>\n<p>HU24373427<\/p>\n<p><strong>Datenschutzbeauftragter:<\/strong><\/p>\n<p>Bei Fragen zum Datenschutz wenden Sie sich bitte an unseren Datenschutzbeauftragten unter:<\/p>\n<p>E-Mail: info@vondetechnology.com<\/p>\n<p><strong>Haftungsausschluss:<\/strong><\/p>\n<p>Trotz sorgf\u00e4ltiger inhaltlicher Kontrolle \u00fcbernehmen wir keine Haftung f\u00fcr die Inhalte externer Links. F\u00fcr den Inhalt der verlinkten Seiten sind ausschlie\u00dflich deren Betreiber verantwortlich. <\/p>\n<p><strong>Streitbeilegung:<\/strong><\/p>\n<p>In \u00dcbereinstimmung mit den EU-Vorschriften k\u00f6nnen Streitigkeiten \u00fcber die Online-Streitbeilegungsplattform der EU-Kommission beigelegt werden: http:\/\/ec.europa.eu\/consumers\/odr<\/p>\n<p><strong>Kontaktinformationen:<\/strong><\/p>\n<p>F\u00fcr allgemeine Anfragen:<\/p>\n<p>E-Mail: info@vondetechnology.com<\/p>\n<p>Dieser Impresszum entspricht den EU-Vorschriften und Normen, die f\u00fcr Unternehmen gelten, die auf den M\u00e4rkten der Europ\u00e4ischen Union t\u00e4tig sind.[\/vc_column_text][\/vc_column][\/vc_row]<\/p>\n<\/div>","protected":false},"excerpt":{"rendered":"<p>[vc_row][vc_column][vc_empty_space][vc_column_text el_class=&#8221;legal-text&#8221;]Informationen zum Unternehmen: Vonde Technologie \u00dcber Vonde Technology LLC: Vonde Pro App ist eine innovative mobile Anwendung, die durch die Zusammenarbeit von zwei Unternehmen entwickelt und betrieben wird: Vonde Technology LLC (US) verwaltet die globalen M\u00e4rkte und die internationale Expansion. KMAK Kelet-Magyarorsz\u00e1gi Adatk\u00f6zpont Kft. (Europa, Ungarn) \u00fcbernimmt die Entwicklung und die damit verbundenen operativen [&hellip;]<\/p>\n","protected":false},"author":1,"featured_media":0,"parent":0,"menu_order":0,"comment_status":"closed","ping_status":"closed","template":"","meta":{"footnotes":""},"class_list":["post-20887","page","type-page","status-publish","hentry"],"yoast_head":"<!-- This site is optimized with the Yoast SEO plugin v24.7 - https:\/\/yoast.com\/wordpress\/plugins\/seo\/ -->\n<title>Impressum f\u00fcr Vonde Pro App - Vondetech<\/title>\n<meta name=\"robots\" content=\"index, follow, max-snippet:-1, max-image-preview:large, max-video-preview:-1\" \/>\n<link rel=\"canonical\" href=\"https:\/\/vondetech.com\/de\/impressum-fuer-vonde-pro-app\/\" \/>\n<meta property=\"og:locale\" content=\"de_DE\" \/>\n<meta property=\"og:type\" content=\"article\" \/>\n<meta property=\"og:title\" content=\"Impressum f\u00fcr Vonde Pro App - Vondetech\" \/>\n<meta property=\"og:description\" content=\"[vc_row][vc_column][vc_empty_space][vc_column_text el_class=&#8221;legal-text&#8221;]Informationen zum Unternehmen: Vonde Technologie \u00dcber Vonde Technology LLC: Vonde Pro App ist eine innovative mobile Anwendung, die durch die Zusammenarbeit von zwei Unternehmen entwickelt und betrieben wird: Vonde Technology LLC (US) verwaltet die globalen M\u00e4rkte und die internationale Expansion. KMAK Kelet-Magyarorsz\u00e1gi Adatk\u00f6zpont Kft. (Europa, Ungarn) \u00fcbernimmt die Entwicklung und die damit verbundenen operativen [&hellip;]\" \/>\n<meta property=\"og:url\" content=\"https:\/\/vondetech.com\/de\/impressum-fuer-vonde-pro-app\/\" \/>\n<meta property=\"og:site_name\" content=\"Vondetech\" \/>\n<meta property=\"article:modified_time\" content=\"2025-03-20T14:58:29+00:00\" \/>\n<meta name=\"twitter:card\" content=\"summary_large_image\" \/>\n<meta name=\"twitter:label1\" content=\"Gesch\u00e4tzte Lesezeit\" \/>\n\t<meta name=\"twitter:data1\" content=\"1\u00a0Minute\" \/>\n<script type=\"application\/ld+json\" class=\"yoast-schema-graph\">{\"@context\":\"https:\/\/schema.org\",\"@graph\":[{\"@type\":\"WebPage\",\"@id\":\"https:\/\/vondetech.com\/de\/impressum-fuer-vonde-pro-app\/\",\"url\":\"https:\/\/vondetech.com\/de\/impressum-fuer-vonde-pro-app\/\",\"name\":\"Impressum f\u00fcr Vonde Pro App - Vondetech\",\"isPartOf\":{\"@id\":\"https:\/\/vondetech.com\/de\/#website\"},\"datePublished\":\"2025-03-19T08:20:16+00:00\",\"dateModified\":\"2025-03-20T14:58:29+00:00\",\"breadcrumb\":{\"@id\":\"https:\/\/vondetech.com\/de\/impressum-fuer-vonde-pro-app\/#breadcrumb\"},\"inLanguage\":\"de\",\"potentialAction\":[{\"@type\":\"ReadAction\",\"target\":[\"https:\/\/vondetech.com\/de\/impressum-fuer-vonde-pro-app\/\"]}]},{\"@type\":\"BreadcrumbList\",\"@id\":\"https:\/\/vondetech.com\/de\/impressum-fuer-vonde-pro-app\/#breadcrumb\",\"itemListElement\":[{\"@type\":\"ListItem\",\"position\":1,\"name\":\"Startseite\",\"item\":\"https:\/\/vondetech.com\/de\/startseite\/\"},{\"@type\":\"ListItem\",\"position\":2,\"name\":\"Impressum f\u00fcr Vonde Pro App\"}]},{\"@type\":\"WebSite\",\"@id\":\"https:\/\/vondetech.com\/de\/#website\",\"url\":\"https:\/\/vondetech.com\/de\/\",\"name\":\"Vondetech\",\"description\":\"\",\"potentialAction\":[{\"@type\":\"SearchAction\",\"target\":{\"@type\":\"EntryPoint\",\"urlTemplate\":\"https:\/\/vondetech.com\/de\/?s={search_term_string}\"},\"query-input\":{\"@type\":\"PropertyValueSpecification\",\"valueRequired\":true,\"valueName\":\"search_term_string\"}}],\"inLanguage\":\"de\"}]}<\/script>\n<!-- \/ Yoast SEO plugin. -->","yoast_head_json":{"title":"Impressum f\u00fcr Vonde Pro App - Vondetech","robots":{"index":"index","follow":"follow","max-snippet":"max-snippet:-1","max-image-preview":"max-image-preview:large","max-video-preview":"max-video-preview:-1"},"canonical":"https:\/\/vondetech.com\/de\/impressum-fuer-vonde-pro-app\/","og_locale":"de_DE","og_type":"article","og_title":"Impressum f\u00fcr Vonde Pro App - Vondetech","og_description":"[vc_row][vc_column][vc_empty_space][vc_column_text el_class=&#8221;legal-text&#8221;]Informationen zum Unternehmen: Vonde Technologie \u00dcber Vonde Technology LLC: Vonde Pro App ist eine innovative mobile Anwendung, die durch die Zusammenarbeit von zwei Unternehmen entwickelt und betrieben wird: Vonde Technology LLC (US) verwaltet die globalen M\u00e4rkte und die internationale Expansion. KMAK Kelet-Magyarorsz\u00e1gi Adatk\u00f6zpont Kft. (Europa, Ungarn) \u00fcbernimmt die Entwicklung und die damit verbundenen operativen [&hellip;]","og_url":"https:\/\/vondetech.com\/de\/impressum-fuer-vonde-pro-app\/","og_site_name":"Vondetech","article_modified_time":"2025-03-20T14:58:29+00:00","twitter_card":"summary_large_image","twitter_misc":{"Gesch\u00e4tzte Lesezeit":"1\u00a0Minute"},"schema":{"@context":"https:\/\/schema.org","@graph":[{"@type":"WebPage","@id":"https:\/\/vondetech.com\/de\/impressum-fuer-vonde-pro-app\/","url":"https:\/\/vondetech.com\/de\/impressum-fuer-vonde-pro-app\/","name":"Impressum f\u00fcr Vonde Pro App - Vondetech","isPartOf":{"@id":"https:\/\/vondetech.com\/de\/#website"},"datePublished":"2025-03-19T08:20:16+00:00","dateModified":"2025-03-20T14:58:29+00:00","breadcrumb":{"@id":"https:\/\/vondetech.com\/de\/impressum-fuer-vonde-pro-app\/#breadcrumb"},"inLanguage":"de","potentialAction":[{"@type":"ReadAction","target":["https:\/\/vondetech.com\/de\/impressum-fuer-vonde-pro-app\/"]}]},{"@type":"BreadcrumbList","@id":"https:\/\/vondetech.com\/de\/impressum-fuer-vonde-pro-app\/#breadcrumb","itemListElement":[{"@type":"ListItem","position":1,"name":"Startseite","item":"https:\/\/vondetech.com\/de\/startseite\/"},{"@type":"ListItem","position":2,"name":"Impressum f\u00fcr Vonde Pro App"}]},{"@type":"WebSite","@id":"https:\/\/vondetech.com\/de\/#website","url":"https:\/\/vondetech.com\/de\/","name":"Vondetech","description":"","potentialAction":[{"@type":"SearchAction","target":{"@type":"EntryPoint","urlTemplate":"https:\/\/vondetech.com\/de\/?s={search_term_string}"},"query-input":{"@type":"PropertyValueSpecification","valueRequired":true,"valueName":"search_term_string"}}],"inLanguage":"de"}]}},"_links":{"self":[{"href":"https:\/\/vondetech.com\/de\/wp-json\/wp\/v2\/pages\/20887","targetHints":{"allow":["GET"]}}],"collection":[{"href":"https:\/\/vondetech.com\/de\/wp-json\/wp\/v2\/pages"}],"about":[{"href":"https:\/\/vondetech.com\/de\/wp-json\/wp\/v2\/types\/page"}],"author":[{"embeddable":true,"href":"https:\/\/vondetech.com\/de\/wp-json\/wp\/v2\/users\/1"}],"replies":[{"embeddable":true,"href":"https:\/\/vondetech.com\/de\/wp-json\/wp\/v2\/comments?post=20887"}],"version-history":[{"count":4,"href":"https:\/\/vondetech.com\/de\/wp-json\/wp\/v2\/pages\/20887\/revisions"}],"predecessor-version":[{"id":20914,"href":"https:\/\/vondetech.com\/de\/wp-json\/wp\/v2\/pages\/20887\/revisions\/20914"}],"wp:attachment":[{"href":"https:\/\/vondetech.com\/de\/wp-json\/wp\/v2\/media?parent=20887"}],"curies":[{"name":"wp","href":"https:\/\/api.w.org\/{rel}","templated":true}]}}