{"id":20808,"date":"2025-03-19T09:19:24","date_gmt":"2025-03-19T08:19:24","guid":{"rendered":"https:\/\/vondetech.com\/eula\/"},"modified":"2025-03-20T15:50:17","modified_gmt":"2025-03-20T14:50:17","slug":"eula","status":"publish","type":"page","link":"https:\/\/vondetech.com\/de\/eula\/","title":{"rendered":"EULA"},"content":{"rendered":"<div class=\"wpb-content-wrapper\"><p>[vc_row][vc_column][vc_empty_space][vc_column_text el_class=&#8221;legal-text&#8221;]<strong>WICHTIG &#8211; LESEN SIE SORGF\u00c4LTIG:<\/strong> Dieser Endbenutzer-Lizenzvertrag (&#8220;EULA&#8221;) ist eine rechtliche Vereinbarung zwischen Ihnen (&#8220;Lizenznehmer&#8221; oder &#8220;Sie&#8221;) und KMAK Kelet-Magyarorsz\u00e1gi Adatk\u00f6zpont Kft. (&#8220;Lizenzgeber&#8221; oder &#8220;wir&#8221;) f\u00fcr die Softwareanwendung Vonde Pro App (&#8220;App&#8221;). Durch die Installation, das Kopieren oder die anderweitige Nutzung der App erkl\u00e4ren Sie sich mit den Bedingungen dieser EULA einverstanden. Wenn Sie mit den Bedingungen dieser EULA nicht einverstanden sind, d\u00fcrfen Sie die App nicht installieren oder verwenden.   <\/p>\n<ol>\n<li><strong>  Erteilung der Lizenz:<\/strong><\/li>\n<\/ol>\n<p>Der Lizenzgeber gew\u00e4hrt Ihnen eine begrenzte, nicht ausschlie\u00dfliche, nicht \u00fcbertragbare, widerrufliche Lizenz zur Nutzung der App auf einem einzigen mobilen Ger\u00e4t f\u00fcr Ihren pers\u00f6nlichen, nicht kommerziellen Gebrauch.<\/p>\n<ol start=\"2\">\n<li><strong>  Beschr\u00e4nkungen:<\/strong><\/li>\n<\/ol>\n<p>Das d\u00fcrfen Sie nicht:<\/p>\n<ul>\n<li>Die App zu ver\u00e4ndern, anzupassen oder zur\u00fcckzuentwickeln oder zu versuchen, ihren Quellcode abzuleiten.<\/li>\n<li>die App kommerziell zu nutzen oder die App zu verkaufen, zu vertreiben, zu verleasen, unterzulizenzieren, zu vermieten, zu verleihen oder anderweitig an Dritte zu \u00fcbertragen.<\/li>\n<li>Urheberrechts-, Marken- oder andere Eigentumshinweise zu entfernen, zu ver\u00e4ndern oder zu verdecken.<\/li>\n<li>die App in einer Weise zu nutzen, die gegen geltende Gesetze oder Vorschriften verst\u00f6\u00dft, die geistigen Eigentumsrechte anderer verletzt oder versucht, die Sicherheitsma\u00dfnahmen der App zu umgehen.<\/li>\n<li>die App f\u00fcr illegale Aktivit\u00e4ten zu nutzen, einschlie\u00dflich, aber nicht beschr\u00e4nkt auf das \u00dcbertragen oder Speichern von rechtswidrigem Material oder Aktivit\u00e4ten, die die App oder ihre Dienste besch\u00e4digen, deaktivieren, \u00fcberlasten oder beeintr\u00e4chtigen k\u00f6nnten.<\/li>\n<\/ul>\n<ol start=\"3\">\n<li><strong>  Eigentum:<\/strong><\/li>\n<\/ol>\n<p>Die App ist Eigentum des Lizenzgebers und ist durch das Urheberrecht und andere Gesetze zum Schutz geistigen Eigentums gesch\u00fctzt. Ihre Lizenz \u00fcbertr\u00e4gt kein Eigentumsrecht oder Eigentum an der App. <\/p>\n<ol start=\"4\">\n<li><strong>  Privatsph\u00e4re:<\/strong><\/li>\n<\/ol>\n<p>Die Nutzung der App unterliegt unserer Datenschutzrichtlinie, in der unsere Praktiken zur Erfassung, Verarbeitung und zum Schutz von Daten detailliert beschrieben sind. Durch die Nutzung der App erkl\u00e4ren Sie sich mit den in der Datenschutzrichtlinie aufgef\u00fchrten Bedingungen einverstanden. Sie finden unsere Datenschutzrichtlinie unter:    [Link to Privacy Policy]<\/p>\n<ol start=\"5\">\n<li><strong>  Ausschluss von Garantien:<\/strong><\/li>\n<\/ol>\n<p>Die App wird &#8220;WIE BESEHEN&#8221; und &#8220;WIE VERF\u00dcGBAR&#8221; ohne Garantien jeglicher Art bereitgestellt. Vonde Technology lehnt alle ausdr\u00fccklichen, stillschweigenden, gesetzlichen oder sonstigen Garantien ab, einschlie\u00dflich, aber nicht beschr\u00e4nkt auf stillschweigende Garantien der Marktg\u00e4ngigkeit, der Eignung f\u00fcr einen bestimmten Zweck, der Nichtverletzung von Rechten Dritter sowie Garantien, die sich aus dem Handelsverkehr oder der Gewohnheit ergeben. <\/p>\n<ol start=\"6\">\n<li><strong>  Einschr\u00e4nkung der Haftung:<\/strong><\/li>\n<\/ol>\n<p>Soweit gesetzlich zul\u00e4ssig, haftet Vonde Technology in keinem Fall f\u00fcr indirekte, zuf\u00e4llige, besondere oder Folgesch\u00e4den (einschlie\u00dflich, aber nicht beschr\u00e4nkt auf Sch\u00e4den aus entgangenem Gewinn, Daten- oder Nutzungsverlust), die sich aus oder im Zusammenhang mit Ihrer Nutzung oder der Unm\u00f6glichkeit der Nutzung der App ergeben, selbst wenn Vonde Technology auf die M\u00f6glichkeit solcher Sch\u00e4den hingewiesen wurde. Die Gesamthaftung von Vonde Technology Ihnen gegen\u00fcber f\u00fcr alle Anspr\u00fcche, die sich aus diesem EULA oder der App ergeben oder damit in Zusammenhang stehen, ist auf den Betrag begrenzt, den Sie gegebenenfalls f\u00fcr den Zugang zur App bezahlt haben. <\/p>\n<ol start=\"7\">\n<li><strong>  Entsch\u00e4digung:<\/strong><\/li>\n<\/ol>\n<p>Sie erkl\u00e4ren sich damit einverstanden, Vonde Technology, seine verbundenen Unternehmen, Mitarbeiter, Direktoren und Vertreter von allen Anspr\u00fcchen, Sch\u00e4den, Haftungen, Verlusten oder Ausgaben (einschlie\u00dflich angemessener Anwaltskosten) freizustellen, die sich aus oder im Zusammenhang mit Ihrem Missbrauch der App, Ihrem Versto\u00df gegen diese EULA oder Ihrer Verletzung von geistigem Eigentum oder anderen Rechten einer nat\u00fcrlichen oder juristischen Person ergeben.<\/p>\n<ol start=\"8\">\n<li><strong>  Beendigung:<\/strong><\/li>\n<\/ol>\n<p>Diese EULA ist g\u00fcltig, bis sie von Ihnen oder dem Lizenzgeber gek\u00fcndigt wird. Der Lizenzgeber kann diese EULA jederzeit k\u00fcndigen, wenn Sie eine oder mehrere Bedingungen dieser EULA nicht einhalten. Nach der K\u00fcndigung m\u00fcssen Sie die Nutzung der App einstellen und alle Kopien der App, ganz oder teilweise, vernichten.  <\/p>\n<ol start=\"9\">\n<li><strong>  Geltendes Recht:<\/strong><\/li>\n<\/ol>\n<p>Diese EULA unterliegt den Gesetzen Ungarns und wird in \u00dcbereinstimmung mit diesen ausgelegt. Alle Streitigkeiten, die sich aus oder im Zusammenhang mit dieser EULA ergeben, unterliegen der ausschlie\u00dflichen Zust\u00e4ndigkeit der Gerichte in Budapest, Ungarn. <\/p>\n<ol start=\"10\">\n<li><strong>  \u00c4nderungen an dieser EULA:<\/strong><\/li>\n<\/ol>\n<p>Wir behalten uns das Recht vor, diese EULA von Zeit zu Zeit zu aktualisieren oder zu \u00e4ndern. Wesentliche \u00c4nderungen werden Ihnen \u00fcber App-Benachrichtigungen, registrierte E-Mails oder durch einen Hinweis in der App oder auf unserer Website mitgeteilt. Wenn Sie die App nach einer solchen \u00c4nderung weiterhin nutzen, erkl\u00e4ren Sie sich mit der \u00fcberarbeiteten EULA einverstanden.  <\/p>\n<ol start=\"11\">\n<li><strong>  Kontaktinformationen:<\/strong><\/li>\n<\/ol>\n<p>Bei Fragen zu dieser EULA oder damit zusammenh\u00e4ngenden Angelegenheiten wenden Sie sich bitte an uns:<\/p>\n<p>KMAK Kelet-Magyarorsz\u00e1gi Adatk\u00f6zpont Kft.<\/p>\n<p>H-5000 Szolnok, Szap\u00e1ry utca 20.<\/p>\n<p>E-Mail: info@vondetechnology.com<\/p>\n<p>Website: https:\/\/www.vondetech.com<\/p>\n<ol start=\"12\">\n<li><strong>  Gesamte Vereinbarung:<\/strong><\/li>\n<\/ol>\n<p>Diese EULA stellt die gesamte Vereinbarung zwischen Ihnen und dem Lizenzgeber in Bezug auf die App dar und ersetzt alle fr\u00fcheren oder gleichzeitigen Mitteilungen und Angebote, ob m\u00fcndlich oder schriftlich.[\/vc_column_text][\/vc_column][\/vc_row]<\/p>\n<\/div>","protected":false},"excerpt":{"rendered":"<p>[vc_row][vc_column][vc_empty_space][vc_column_text el_class=&#8221;legal-text&#8221;]WICHTIG &#8211; LESEN SIE SORGF\u00c4LTIG: Dieser Endbenutzer-Lizenzvertrag (&#8220;EULA&#8221;) ist eine rechtliche Vereinbarung zwischen Ihnen (&#8220;Lizenznehmer&#8221; oder &#8220;Sie&#8221;) und KMAK Kelet-Magyarorsz\u00e1gi Adatk\u00f6zpont Kft. (&#8220;Lizenzgeber&#8221; oder &#8220;wir&#8221;) f\u00fcr die Softwareanwendung Vonde Pro App (&#8220;App&#8221;). Durch die Installation, das Kopieren oder die anderweitige Nutzung der App erkl\u00e4ren Sie sich mit den Bedingungen dieser EULA einverstanden. Wenn Sie [&hellip;]<\/p>\n","protected":false},"author":1,"featured_media":0,"parent":0,"menu_order":0,"comment_status":"closed","ping_status":"closed","template":"","meta":{"footnotes":""},"class_list":["post-20808","page","type-page","status-publish","hentry"],"yoast_head":"<!-- This site is optimized with the Yoast SEO plugin v24.7 - https:\/\/yoast.com\/wordpress\/plugins\/seo\/ -->\n<title>EULA - Vondetech<\/title>\n<meta name=\"robots\" content=\"index, follow, max-snippet:-1, max-image-preview:large, max-video-preview:-1\" \/>\n<link rel=\"canonical\" href=\"https:\/\/vondetech.com\/de\/eula\/\" \/>\n<meta property=\"og:locale\" content=\"de_DE\" \/>\n<meta property=\"og:type\" content=\"article\" \/>\n<meta property=\"og:title\" content=\"EULA - Vondetech\" \/>\n<meta property=\"og:description\" content=\"[vc_row][vc_column][vc_empty_space][vc_column_text el_class=&#8221;legal-text&#8221;]WICHTIG &#8211; LESEN SIE SORGF\u00c4LTIG: Dieser Endbenutzer-Lizenzvertrag (&#8220;EULA&#8221;) ist eine rechtliche Vereinbarung zwischen Ihnen (&#8220;Lizenznehmer&#8221; oder &#8220;Sie&#8221;) und KMAK Kelet-Magyarorsz\u00e1gi Adatk\u00f6zpont Kft. (&#8220;Lizenzgeber&#8221; oder &#8220;wir&#8221;) f\u00fcr die Softwareanwendung Vonde Pro App (&#8220;App&#8221;). Durch die Installation, das Kopieren oder die anderweitige Nutzung der App erkl\u00e4ren Sie sich mit den Bedingungen dieser EULA einverstanden. Wenn Sie [&hellip;]\" \/>\n<meta property=\"og:url\" content=\"https:\/\/vondetech.com\/de\/eula\/\" \/>\n<meta property=\"og:site_name\" content=\"Vondetech\" \/>\n<meta property=\"article:modified_time\" content=\"2025-03-20T14:50:17+00:00\" \/>\n<meta name=\"twitter:card\" content=\"summary_large_image\" \/>\n<meta name=\"twitter:label1\" content=\"Gesch\u00e4tzte Lesezeit\" \/>\n\t<meta name=\"twitter:data1\" content=\"4\u00a0Minuten\" \/>\n<script type=\"application\/ld+json\" class=\"yoast-schema-graph\">{\"@context\":\"https:\/\/schema.org\",\"@graph\":[{\"@type\":\"WebPage\",\"@id\":\"https:\/\/vondetech.com\/de\/eula\/\",\"url\":\"https:\/\/vondetech.com\/de\/eula\/\",\"name\":\"EULA - Vondetech\",\"isPartOf\":{\"@id\":\"https:\/\/vondetech.com\/de\/#website\"},\"datePublished\":\"2025-03-19T08:19:24+00:00\",\"dateModified\":\"2025-03-20T14:50:17+00:00\",\"breadcrumb\":{\"@id\":\"https:\/\/vondetech.com\/de\/eula\/#breadcrumb\"},\"inLanguage\":\"de\",\"potentialAction\":[{\"@type\":\"ReadAction\",\"target\":[\"https:\/\/vondetech.com\/de\/eula\/\"]}]},{\"@type\":\"BreadcrumbList\",\"@id\":\"https:\/\/vondetech.com\/de\/eula\/#breadcrumb\",\"itemListElement\":[{\"@type\":\"ListItem\",\"position\":1,\"name\":\"Startseite\",\"item\":\"https:\/\/vondetech.com\/de\/startseite\/\"},{\"@type\":\"ListItem\",\"position\":2,\"name\":\"EULA\"}]},{\"@type\":\"WebSite\",\"@id\":\"https:\/\/vondetech.com\/de\/#website\",\"url\":\"https:\/\/vondetech.com\/de\/\",\"name\":\"Vondetech\",\"description\":\"\",\"potentialAction\":[{\"@type\":\"SearchAction\",\"target\":{\"@type\":\"EntryPoint\",\"urlTemplate\":\"https:\/\/vondetech.com\/de\/?s={search_term_string}\"},\"query-input\":{\"@type\":\"PropertyValueSpecification\",\"valueRequired\":true,\"valueName\":\"search_term_string\"}}],\"inLanguage\":\"de\"}]}<\/script>\n<!-- \/ Yoast SEO plugin. -->","yoast_head_json":{"title":"EULA - Vondetech","robots":{"index":"index","follow":"follow","max-snippet":"max-snippet:-1","max-image-preview":"max-image-preview:large","max-video-preview":"max-video-preview:-1"},"canonical":"https:\/\/vondetech.com\/de\/eula\/","og_locale":"de_DE","og_type":"article","og_title":"EULA - Vondetech","og_description":"[vc_row][vc_column][vc_empty_space][vc_column_text el_class=&#8221;legal-text&#8221;]WICHTIG &#8211; LESEN SIE SORGF\u00c4LTIG: Dieser Endbenutzer-Lizenzvertrag (&#8220;EULA&#8221;) ist eine rechtliche Vereinbarung zwischen Ihnen (&#8220;Lizenznehmer&#8221; oder &#8220;Sie&#8221;) und KMAK Kelet-Magyarorsz\u00e1gi Adatk\u00f6zpont Kft. (&#8220;Lizenzgeber&#8221; oder &#8220;wir&#8221;) f\u00fcr die Softwareanwendung Vonde Pro App (&#8220;App&#8221;). Durch die Installation, das Kopieren oder die anderweitige Nutzung der App erkl\u00e4ren Sie sich mit den Bedingungen dieser EULA einverstanden. Wenn Sie [&hellip;]","og_url":"https:\/\/vondetech.com\/de\/eula\/","og_site_name":"Vondetech","article_modified_time":"2025-03-20T14:50:17+00:00","twitter_card":"summary_large_image","twitter_misc":{"Gesch\u00e4tzte Lesezeit":"4\u00a0Minuten"},"schema":{"@context":"https:\/\/schema.org","@graph":[{"@type":"WebPage","@id":"https:\/\/vondetech.com\/de\/eula\/","url":"https:\/\/vondetech.com\/de\/eula\/","name":"EULA - Vondetech","isPartOf":{"@id":"https:\/\/vondetech.com\/de\/#website"},"datePublished":"2025-03-19T08:19:24+00:00","dateModified":"2025-03-20T14:50:17+00:00","breadcrumb":{"@id":"https:\/\/vondetech.com\/de\/eula\/#breadcrumb"},"inLanguage":"de","potentialAction":[{"@type":"ReadAction","target":["https:\/\/vondetech.com\/de\/eula\/"]}]},{"@type":"BreadcrumbList","@id":"https:\/\/vondetech.com\/de\/eula\/#breadcrumb","itemListElement":[{"@type":"ListItem","position":1,"name":"Startseite","item":"https:\/\/vondetech.com\/de\/startseite\/"},{"@type":"ListItem","position":2,"name":"EULA"}]},{"@type":"WebSite","@id":"https:\/\/vondetech.com\/de\/#website","url":"https:\/\/vondetech.com\/de\/","name":"Vondetech","description":"","potentialAction":[{"@type":"SearchAction","target":{"@type":"EntryPoint","urlTemplate":"https:\/\/vondetech.com\/de\/?s={search_term_string}"},"query-input":{"@type":"PropertyValueSpecification","valueRequired":true,"valueName":"search_term_string"}}],"inLanguage":"de"}]}},"_links":{"self":[{"href":"https:\/\/vondetech.com\/de\/wp-json\/wp\/v2\/pages\/20808","targetHints":{"allow":["GET"]}}],"collection":[{"href":"https:\/\/vondetech.com\/de\/wp-json\/wp\/v2\/pages"}],"about":[{"href":"https:\/\/vondetech.com\/de\/wp-json\/wp\/v2\/types\/page"}],"author":[{"embeddable":true,"href":"https:\/\/vondetech.com\/de\/wp-json\/wp\/v2\/users\/1"}],"replies":[{"embeddable":true,"href":"https:\/\/vondetech.com\/de\/wp-json\/wp\/v2\/comments?post=20808"}],"version-history":[{"count":6,"href":"https:\/\/vondetech.com\/de\/wp-json\/wp\/v2\/pages\/20808\/revisions"}],"predecessor-version":[{"id":20834,"href":"https:\/\/vondetech.com\/de\/wp-json\/wp\/v2\/pages\/20808\/revisions\/20834"}],"wp:attachment":[{"href":"https:\/\/vondetech.com\/de\/wp-json\/wp\/v2\/media?parent=20808"}],"curies":[{"name":"wp","href":"https:\/\/api.w.org\/{rel}","templated":true}]}}