{"id":20633,"date":"2025-03-19T09:18:12","date_gmt":"2025-03-19T08:18:12","guid":{"rendered":"https:\/\/vondetech.com\/cookie-richtlinie-fuer-die-vonde-pro-mobile-anwendung\/"},"modified":"2025-07-02T13:01:42","modified_gmt":"2025-07-02T11:01:42","slug":"cookie-richtlinie-fuer-die-vonde-pro-mobile-anwendung","status":"publish","type":"page","link":"https:\/\/vondetech.com\/de\/cookie-richtlinie-fuer-die-vonde-pro-mobile-anwendung\/","title":{"rendered":"Cookie-Richtlinie f\u00fcr die Vonde Pro Mobile Anwendung"},"content":{"rendered":"<div class=\"wpb-content-wrapper\"><p>[vc_row][vc_column][vc_empty_space][vc_column_text el_class=&#8221;legal-text&#8221;]<strong>Datum des Inkrafttretens:<\/strong> M\u00e4rz 17, 2025<\/p>\n<ol>\n<li><strong>  Einf\u00fchrung<\/strong><\/li>\n<\/ol>\n<p>Diese Cookie-Richtlinie erl\u00e4utert, wie Vonde Technology (&#8220;wir&#8221;, &#8220;uns&#8221; oder &#8220;unser&#8221;) Cookies und \u00e4hnliche Technologien innerhalb der mobilen Anwendung Vonde Pro (&#8220;App&#8221;) verwendet. Diese Richtlinie gilt speziell f\u00fcr die App und unterscheidet sich von der Cookie-Richtlinie, die f\u00fcr unsere Website gilt. <\/p>\n<ol start=\"2\">\n<li><strong>  Was sind Cookies und Tracking-Technologien?<\/strong><\/li>\n<\/ol>\n<p>Zu den Cookies und Tracking-Technologien in mobilen Anwendungen geh\u00f6ren Ger\u00e4tekennungen, Pixel und lokale Speicher, die Daten \u00fcber Ihr Ger\u00e4t und die Nutzung der App sammeln und speichern.<\/p>\n<ol start=\"3\">\n<li><strong>  Arten von Cookies und Tracking-Technologien, die wir verwenden<\/strong><\/li>\n<\/ol>\n<ul>\n<li><strong>Wesentliche Technologien:<\/strong> Diese Technologien sind notwendig, um Kernfunktionen der App zu erm\u00f6glichen, wie z.B. Benutzerauthentifizierung, Sicherheitsfunktionen und App-Leistung. Diese Technologien sammeln keine pers\u00f6nlichen Daten. <\/li>\n<li><strong>Analytische Technologien:<\/strong> Wir verwenden Firebase Analytics, Firebase Performance Monitoring und Firebase Crashlytics, um die Benutzerinteraktion zu analysieren, Abst\u00fcrze zu diagnostizieren und die Leistung zu \u00fcberwachen, um die Qualit\u00e4t der App zu verbessern. Diese Technologien sammeln anonymisierte Daten \u00fcber Benutzerinteraktionen, App-Nutzung und Ger\u00e4teinformationen, um zu verstehen, wie Benutzer mit der App interagieren, und um Bereiche mit Verbesserungsbedarf zu identifizieren. <\/li>\n<li><strong>Werbetechnologien:<\/strong> Google AdMob sammelt Ger\u00e4tekennungen und App-Nutzungsdaten, um personalisierte, auf die Interessen der Nutzer zugeschnittene Werbung anzuzeigen. Google AdMob verwendet Technologien wie die Werbekennung des Ger\u00e4ts, um Anzeigen zu personalisieren. Sie k\u00f6nnen die Verwendung dieser Kennung in den Einstellungen Ihres Ger\u00e4ts steuern.  <\/li>\n<\/ul>\n<ol start=\"4\">\n<li><strong>  Zwecke der Verwendung von Tracking-Technologien<\/strong><\/li>\n<\/ol>\n<p>Wir setzen diese Technologien ein, um:<\/p>\n<ul>\n<li>Bieten Sie wesentliche Funktionen der App an.<\/li>\n<li>\u00dcberwachen und verbessern Sie die Leistung und Stabilit\u00e4t der App.<\/li>\n<li>Schalten Sie personalisierte Anzeigen \u00fcber Google AdMob.<\/li>\n<li>Analysieren Sie Benutzerinteraktionen, um das Benutzererlebnis zu verbessern und die App-Funktionalit\u00e4t zu optimieren.<\/li>\n<\/ul>\n<ol start=\"5\">\n<li><strong>  Cookies und Pr\u00e4ferenzen verwalten<\/strong><\/li>\n<\/ol>\n<p>Sie k\u00f6nnen die Verwendung von Cookies und Tracking-Technologien \u00fcber Ihre Ger\u00e4teeinstellungen steuern.<\/p>\n<ul>\n<li><strong>F\u00fcr Android-Ger\u00e4te:<\/strong> Sie k\u00f6nnen personalisierte Werbung ablehnen, indem Sie in den Einstellungen Ihres Ger\u00e4ts die Option &#8220;Personalisierung von Anzeigen ablehnen&#8221; aktivieren. Sie k\u00f6nnen auch die Erfassung von Analysedaten in den Datenschutzeinstellungen Ihres Ger\u00e4ts steuern. <\/li>\n<li><strong>F\u00fcr iOS-Ger\u00e4te:<\/strong> Sie k\u00f6nnen das Anzeigen-Tracking einschr\u00e4nken, indem Sie &#8220;Anzeigen-Tracking einschr\u00e4nken&#8221; in den Einstellungen Ihres Ger\u00e4ts aktivieren. Sie k\u00f6nnen die Erfassung von Analysedaten auch in den Datenschutzeinstellungen Ihres Ger\u00e4ts steuern. <\/li>\n<li>Weitere Informationen zur Verwaltung Ihrer Datenschutzeinstellungen finden Sie in der Hilfedokumentation Ihres Ger\u00e4ts.<\/li>\n<\/ul>\n<p>Einige dieser Technologien sind sitzungsbasiert, d.h. sie werden gel\u00f6scht, wenn Sie die App schlie\u00dfen. Andere sind persistent, d.h. sie verbleiben f\u00fcr einen l\u00e4ngeren Zeitraum auf Ihrem Ger\u00e4t. <\/p>\n<ol start=\"6\">\n<li><strong>  Drittanbieter von Dienstleistungen<\/strong><\/li>\n<\/ol>\n<p>Wir verwenden die folgenden Drittanbieter, die Cookies oder Tracking-Technologien einsetzen:<\/p>\n<ul>\n<li><strong>Google Firebase:<\/strong> Wir verwenden Google Firebase-Dienste, einschlie\u00dflich Firebase Analytics, Firebase Crashlytics und Firebase Performance Monitoring. Diese Dienste verwenden Technologien, um Daten \u00fcber Ihre Nutzung der App zu sammeln und zu verarbeiten. Weitere Informationen \u00fcber die Datenschutzpraktiken von Google und die Verwendung von Daten durch Google finden Sie in den Datenschutzbestimmungen von Google:    [Link to Google&#8217;s Privacy Policy]<\/li>\n<li><strong>Google AdMob:<\/strong> Wir verwenden Google AdMob, um personalisierte Werbung in der App anzuzeigen. Google AdMob verwendet Technologien zur Erfassung und Verarbeitung von Daten \u00fcber Ihre Nutzung der App und Ihres Ger\u00e4ts. Weitere Informationen \u00fcber die Datenschutzpraktiken von Google und die Verwendung von Daten durch Google finden Sie in den Datenschutzbestimmungen von Google:    [Link to Google&#8217;s Privacy Policy]<\/li>\n<\/ul>\n<p>Alle Drittparteien halten sich strikt an die Datenschutzstandards und verarbeiten Daten ausschlie\u00dflich zu den genannten Zwecken.<\/p>\n<ol start=\"7\">\n<li><strong>  Politische Updates<\/strong><\/li>\n<\/ol>\n<p>Diese Cookie-Richtlinie kann in regelm\u00e4\u00dfigen Abst\u00e4nden aktualisiert werden. Wesentliche \u00c4nderungen werden \u00fcber App-Benachrichtigungen oder per E-Mail mitgeteilt. <\/p>\n<ol start=\"8\">\n<li><strong>  Kontaktinformationen<\/strong><\/li>\n<\/ol>\n<p>Wenn Sie Fragen oder Bedenken bez\u00fcglich dieser Cookie-Richtlinie haben, kontaktieren Sie uns bitte:<\/p>\n<p>KMAK Kelet-Magyarorsz\u00e1gi Adatk\u00f6zpont Kft.<\/p>\n<p>H-5000 Szolnok, Szap\u00e1ry utca 20.<\/p>\n<p>E-Mail: info@vondetechnology.com<\/p>\n<p>Durch die Nutzung der Vonde Pro App erkl\u00e4ren Sie sich mit der Verwendung von Cookies und Tracking-Technologien einverstanden, wie in dieser Cookie-Richtlinie beschrieben.[\/vc_column_text][\/vc_column][\/vc_row]<\/p>\n<\/div>","protected":false},"excerpt":{"rendered":"<p>[vc_row][vc_column][vc_empty_space][vc_column_text el_class=&#8221;legal-text&#8221;]Datum des Inkrafttretens: M\u00e4rz 17, 2025 Einf\u00fchrung Diese Cookie-Richtlinie erl\u00e4utert, wie Vonde Technology (&#8220;wir&#8221;, &#8220;uns&#8221; oder &#8220;unser&#8221;) Cookies und \u00e4hnliche Technologien innerhalb der mobilen Anwendung Vonde Pro (&#8220;App&#8221;) verwendet. Diese Richtlinie gilt speziell f\u00fcr die App und unterscheidet sich von der Cookie-Richtlinie, die f\u00fcr unsere Website gilt. Was sind Cookies und Tracking-Technologien? Zu den [&hellip;]<\/p>\n","protected":false},"author":1,"featured_media":0,"parent":0,"menu_order":0,"comment_status":"closed","ping_status":"closed","template":"","meta":{"footnotes":""},"class_list":["post-20633","page","type-page","status-publish","hentry"],"yoast_head":"<!-- This site is optimized with the Yoast SEO plugin v24.7 - https:\/\/yoast.com\/wordpress\/plugins\/seo\/ -->\n<title>Cookie-Richtlinie f\u00fcr die Vonde Pro Mobile Anwendung - Vondetech<\/title>\n<meta name=\"robots\" content=\"index, follow, max-snippet:-1, max-image-preview:large, max-video-preview:-1\" \/>\n<link rel=\"canonical\" href=\"https:\/\/vondetech.com\/de\/cookie-richtlinie-fuer-die-vonde-pro-mobile-anwendung\/\" \/>\n<meta property=\"og:locale\" content=\"de_DE\" \/>\n<meta property=\"og:type\" content=\"article\" \/>\n<meta property=\"og:title\" content=\"Cookie-Richtlinie f\u00fcr die Vonde Pro Mobile Anwendung - Vondetech\" \/>\n<meta property=\"og:description\" content=\"[vc_row][vc_column][vc_empty_space][vc_column_text el_class=&#8221;legal-text&#8221;]Datum des Inkrafttretens: M\u00e4rz 17, 2025 Einf\u00fchrung Diese Cookie-Richtlinie erl\u00e4utert, wie Vonde Technology (&#8220;wir&#8221;, &#8220;uns&#8221; oder &#8220;unser&#8221;) Cookies und \u00e4hnliche Technologien innerhalb der mobilen Anwendung Vonde Pro (&#8220;App&#8221;) verwendet. Diese Richtlinie gilt speziell f\u00fcr die App und unterscheidet sich von der Cookie-Richtlinie, die f\u00fcr unsere Website gilt. Was sind Cookies und Tracking-Technologien? Zu den [&hellip;]\" \/>\n<meta property=\"og:url\" content=\"https:\/\/vondetech.com\/de\/cookie-richtlinie-fuer-die-vonde-pro-mobile-anwendung\/\" \/>\n<meta property=\"og:site_name\" content=\"Vondetech\" \/>\n<meta property=\"article:modified_time\" content=\"2025-07-02T11:01:42+00:00\" \/>\n<meta name=\"twitter:card\" content=\"summary_large_image\" \/>\n<meta name=\"twitter:label1\" content=\"Gesch\u00e4tzte Lesezeit\" \/>\n\t<meta name=\"twitter:data1\" content=\"3\u00a0Minuten\" \/>\n<script type=\"application\/ld+json\" class=\"yoast-schema-graph\">{\"@context\":\"https:\/\/schema.org\",\"@graph\":[{\"@type\":\"WebPage\",\"@id\":\"https:\/\/vondetech.com\/de\/cookie-richtlinie-fuer-die-vonde-pro-mobile-anwendung\/\",\"url\":\"https:\/\/vondetech.com\/de\/cookie-richtlinie-fuer-die-vonde-pro-mobile-anwendung\/\",\"name\":\"Cookie-Richtlinie f\u00fcr die Vonde Pro Mobile Anwendung - Vondetech\",\"isPartOf\":{\"@id\":\"https:\/\/vondetech.com\/de\/#website\"},\"datePublished\":\"2025-03-19T08:18:12+00:00\",\"dateModified\":\"2025-07-02T11:01:42+00:00\",\"breadcrumb\":{\"@id\":\"https:\/\/vondetech.com\/de\/cookie-richtlinie-fuer-die-vonde-pro-mobile-anwendung\/#breadcrumb\"},\"inLanguage\":\"de\",\"potentialAction\":[{\"@type\":\"ReadAction\",\"target\":[\"https:\/\/vondetech.com\/de\/cookie-richtlinie-fuer-die-vonde-pro-mobile-anwendung\/\"]}]},{\"@type\":\"BreadcrumbList\",\"@id\":\"https:\/\/vondetech.com\/de\/cookie-richtlinie-fuer-die-vonde-pro-mobile-anwendung\/#breadcrumb\",\"itemListElement\":[{\"@type\":\"ListItem\",\"position\":1,\"name\":\"Startseite\",\"item\":\"https:\/\/vondetech.com\/de\/startseite\/\"},{\"@type\":\"ListItem\",\"position\":2,\"name\":\"Cookie-Richtlinie f\u00fcr die Vonde Pro Mobile Anwendung\"}]},{\"@type\":\"WebSite\",\"@id\":\"https:\/\/vondetech.com\/de\/#website\",\"url\":\"https:\/\/vondetech.com\/de\/\",\"name\":\"Vondetech\",\"description\":\"\",\"potentialAction\":[{\"@type\":\"SearchAction\",\"target\":{\"@type\":\"EntryPoint\",\"urlTemplate\":\"https:\/\/vondetech.com\/de\/?s={search_term_string}\"},\"query-input\":{\"@type\":\"PropertyValueSpecification\",\"valueRequired\":true,\"valueName\":\"search_term_string\"}}],\"inLanguage\":\"de\"}]}<\/script>\n<!-- \/ Yoast SEO plugin. -->","yoast_head_json":{"title":"Cookie-Richtlinie f\u00fcr die Vonde Pro Mobile Anwendung - Vondetech","robots":{"index":"index","follow":"follow","max-snippet":"max-snippet:-1","max-image-preview":"max-image-preview:large","max-video-preview":"max-video-preview:-1"},"canonical":"https:\/\/vondetech.com\/de\/cookie-richtlinie-fuer-die-vonde-pro-mobile-anwendung\/","og_locale":"de_DE","og_type":"article","og_title":"Cookie-Richtlinie f\u00fcr die Vonde Pro Mobile Anwendung - Vondetech","og_description":"[vc_row][vc_column][vc_empty_space][vc_column_text el_class=&#8221;legal-text&#8221;]Datum des Inkrafttretens: M\u00e4rz 17, 2025 Einf\u00fchrung Diese Cookie-Richtlinie erl\u00e4utert, wie Vonde Technology (&#8220;wir&#8221;, &#8220;uns&#8221; oder &#8220;unser&#8221;) Cookies und \u00e4hnliche Technologien innerhalb der mobilen Anwendung Vonde Pro (&#8220;App&#8221;) verwendet. Diese Richtlinie gilt speziell f\u00fcr die App und unterscheidet sich von der Cookie-Richtlinie, die f\u00fcr unsere Website gilt. Was sind Cookies und Tracking-Technologien? Zu den [&hellip;]","og_url":"https:\/\/vondetech.com\/de\/cookie-richtlinie-fuer-die-vonde-pro-mobile-anwendung\/","og_site_name":"Vondetech","article_modified_time":"2025-07-02T11:01:42+00:00","twitter_card":"summary_large_image","twitter_misc":{"Gesch\u00e4tzte Lesezeit":"3\u00a0Minuten"},"schema":{"@context":"https:\/\/schema.org","@graph":[{"@type":"WebPage","@id":"https:\/\/vondetech.com\/de\/cookie-richtlinie-fuer-die-vonde-pro-mobile-anwendung\/","url":"https:\/\/vondetech.com\/de\/cookie-richtlinie-fuer-die-vonde-pro-mobile-anwendung\/","name":"Cookie-Richtlinie f\u00fcr die Vonde Pro Mobile Anwendung - Vondetech","isPartOf":{"@id":"https:\/\/vondetech.com\/de\/#website"},"datePublished":"2025-03-19T08:18:12+00:00","dateModified":"2025-07-02T11:01:42+00:00","breadcrumb":{"@id":"https:\/\/vondetech.com\/de\/cookie-richtlinie-fuer-die-vonde-pro-mobile-anwendung\/#breadcrumb"},"inLanguage":"de","potentialAction":[{"@type":"ReadAction","target":["https:\/\/vondetech.com\/de\/cookie-richtlinie-fuer-die-vonde-pro-mobile-anwendung\/"]}]},{"@type":"BreadcrumbList","@id":"https:\/\/vondetech.com\/de\/cookie-richtlinie-fuer-die-vonde-pro-mobile-anwendung\/#breadcrumb","itemListElement":[{"@type":"ListItem","position":1,"name":"Startseite","item":"https:\/\/vondetech.com\/de\/startseite\/"},{"@type":"ListItem","position":2,"name":"Cookie-Richtlinie f\u00fcr die Vonde Pro Mobile Anwendung"}]},{"@type":"WebSite","@id":"https:\/\/vondetech.com\/de\/#website","url":"https:\/\/vondetech.com\/de\/","name":"Vondetech","description":"","potentialAction":[{"@type":"SearchAction","target":{"@type":"EntryPoint","urlTemplate":"https:\/\/vondetech.com\/de\/?s={search_term_string}"},"query-input":{"@type":"PropertyValueSpecification","valueRequired":true,"valueName":"search_term_string"}}],"inLanguage":"de"}]}},"_links":{"self":[{"href":"https:\/\/vondetech.com\/de\/wp-json\/wp\/v2\/pages\/20633","targetHints":{"allow":["GET"]}}],"collection":[{"href":"https:\/\/vondetech.com\/de\/wp-json\/wp\/v2\/pages"}],"about":[{"href":"https:\/\/vondetech.com\/de\/wp-json\/wp\/v2\/types\/page"}],"author":[{"embeddable":true,"href":"https:\/\/vondetech.com\/de\/wp-json\/wp\/v2\/users\/1"}],"replies":[{"embeddable":true,"href":"https:\/\/vondetech.com\/de\/wp-json\/wp\/v2\/comments?post=20633"}],"version-history":[{"count":4,"href":"https:\/\/vondetech.com\/de\/wp-json\/wp\/v2\/pages\/20633\/revisions"}],"predecessor-version":[{"id":30446,"href":"https:\/\/vondetech.com\/de\/wp-json\/wp\/v2\/pages\/20633\/revisions\/30446"}],"wp:attachment":[{"href":"https:\/\/vondetech.com\/de\/wp-json\/wp\/v2\/media?parent=20633"}],"curies":[{"name":"wp","href":"https:\/\/api.w.org\/{rel}","templated":true}]}}