{"id":28287,"date":"2024-05-23T15:17:28","date_gmt":"2024-05-23T13:17:28","guid":{"rendered":"https:\/\/vondetech.com\/cookiepolitik-for-vonde-pro-webstedet\/"},"modified":"2025-04-22T13:15:16","modified_gmt":"2025-04-22T11:15:16","slug":"cookiepolitik-for-vonde-pro-webstedet","status":"publish","type":"page","link":"https:\/\/vondetech.com\/da\/cookiepolitik-for-vonde-pro-webstedet\/","title":{"rendered":"Cookiepolitik for Vonde Pro-webstedet"},"content":{"rendered":"<div class=\"wpb-content-wrapper\"><p>[vc_row][vc_column][vc_empty_space][vc_column_text el_class=&#8221;legal-text&#8221;]<strong>Cookiepolitik for Vonde Pro-webstedet<\/strong><\/p>\n<p><strong>Ikrafttr\u00e6delsesdato:<\/strong> 17. marts 2025<\/p>\n<ol>\n<li><strong> Introduktion<\/strong><\/li>\n<\/ol>\n<p>Denne cookiepolitik forklarer, hvordan Vonde Technology (\u00bbvi\u00ab, \u00bbos\u00ab eller \u00bbvores\u00ab) bruger cookies og lignende teknologier p\u00e5 Vonde Pro-webstedet (\u00bbwebstedet\u00ab). Denne politik g\u00e6lder ikke for Vonde Pro-mobilapplikationen, som har sin egen separate cookiepolitik. <\/p>\n<ol start=\"2\">\n<li><strong> Hvad er cookies?<\/strong><\/li>\n<\/ol>\n<p>Cookies er sm\u00e5 tekstfiler, der gemmes p\u00e5 din enhed, n\u00e5r du bes\u00f8ger vores hjemmeside. Cookies hj\u00e6lper os med at analysere trafikken p\u00e5 hjemmesiden og forbedre brugeroplevelsen. <\/p>\n<ol start=\"3\">\n<li><strong> Typer af cookies, vi bruger<\/strong><\/li>\n<\/ol>\n<ul>\n<li><strong>V\u00e6sentlige cookies: <\/strong>Disse cookies er n\u00f8dvendige for hjemmesidens grundl\u00e6ggende funktion. De g\u00f8r det muligt for dig at navigere p\u00e5 webstedet, bruge vigtige funktioner s\u00e5som at logge ind p\u00e5 din konto, tilf\u00f8je varer til din indk\u00f8bskurv og f\u00e5 adgang til sikre omr\u00e5der p\u00e5 webstedet. <\/li>\n<li><strong>Analytiske cookies: <\/strong>Giver os mulighed for at genkende og t\u00e6lle bes\u00f8gende og se, hvordan de bev\u00e6ger sig rundt p\u00e5 hjemmesiden. Det hj\u00e6lper os med at forbedre hjemmesidens brugervenlighed og ydeevne. Vi bruger Google Analytics til at indsamle oplysninger om, hvordan bes\u00f8gende bruger vores hjemmeside. Disse cookies indsamler data som f.eks. antallet af bes\u00f8gende, de sider, de bes\u00f8ger, og den tid, de bruger p\u00e5 hver side.   <\/li>\n<\/ul>\n<ol start=\"4\">\n<li><strong> Form\u00e5let med at bruge cookies<\/strong><\/li>\n<\/ol>\n<p>Vi bruger udelukkende cookies til:<\/p>\n<ul>\n<li>Overv\u00e5gning og analyse af grundl\u00e6ggende bes\u00f8gsstatistikker og brug af hjemmesiden.<\/li>\n<li>Forbedring af den overordnede ydeevne og brugeroplevelsen p\u00e5 vores hjemmeside.<\/li>\n<\/ul>\n<ol start=\"5\">\n<li><strong> Cookies fra tredjeparter<\/strong><\/li>\n<\/ol>\n<ul>\n<li><strong>Google Analytics:<\/strong> Vi bruger Google Analytics, en webanalysetjeneste leveret af Google LLC. Google Analytics bruger cookies til at indsamle oplysninger om din brug af vores hjemmeside, herunder din IP-adresse. Disse oplysninger overf\u00f8res til og gemmes af Google p\u00e5 servere i USA. Google bruger disse oplysninger til at evaluere din brug af vores hjemmeside, udarbejde rapporter om hjemmesideaktivitet og levere andre tjenester i forbindelse med hjemmesideaktivitet og internetbrug. Google kan ogs\u00e5 overf\u00f8re disse oplysninger til tredjeparter, hvor det kr\u00e6ves ved lov, eller hvor s\u00e5danne tredjeparter behandler oplysningerne p\u00e5 Googles vegne. Du kan finde flere oplysninger om Googles privatlivspraksis, og hvordan Google bruger cookies, i Googles privatlivspolitik: [Link til Googles privatlivspolitik].     <\/li>\n<\/ul>\n<ol start=\"6\">\n<li><strong> H\u00e5ndtering af cookies<\/strong><\/li>\n<\/ol>\n<p>Du kan kontrollere, blokere eller slette cookies via dine browserindstillinger. De fleste webbrowsere accepterer automatisk cookies, men du kan normalt \u00e6ndre dine browserindstillinger til at afvise cookies, hvis du foretr\u00e6kker det. Se din browsers hj\u00e6lpedokumentation for at f\u00e5 instruktioner om, hvordan du h\u00e5ndterer cookies. Her er links til hj\u00e6lpesiderne for nogle popul\u00e6re browsere:   <\/p>\n<ul>\n<li>Google Chrome: [Link til Chromes hj\u00e6lpeside om cookie-indstillinger].<\/li>\n<li>Mozilla Firefox: [Link til Firefox&#8217; hj\u00e6lpeside om cookie-indstillinger].<\/li>\n<li>Microsoft Edge: [Link til Edges hj\u00e6lpeside om cookie-indstillinger].<\/li>\n<li>Apple Safari: [Link til Safaris hj\u00e6lpeside om cookie-indstillinger].<\/li>\n<\/ul>\n<p>Cookies kan v\u00e6re sessionscookies eller permanente cookies. Sessionscookies er midlertidige cookies, der gemmes p\u00e5 din enhed, indtil du lukker din browser. Permanente cookies forbliver p\u00e5 din enhed i en l\u00e6ngere periode, eller indtil du sletter dem.  <\/p>\n<ol start=\"7\">\n<li><strong> Politiske opdateringer<\/strong><\/li>\n<\/ol>\n<p>Vi kan opdatere denne cookiepolitik med j\u00e6vne mellemrum. \u00c6ndringer vil blive offentliggjort p\u00e5 denne side med en opdateret ikrafttr\u00e6delsesdato. <\/p>\n<ol start=\"8\">\n<li><strong> Kontakt os<\/strong><\/li>\n<\/ol>\n<p>Hvis du har sp\u00f8rgsm\u00e5l til denne cookiepolitik, bedes du kontakte os p\u00e5:<\/p>\n<p>KMAK Kelet-Magyarorsz\u00e1gi Adatk\u00f6zpont Kft.<\/p>\n<p>H-5000 Szolnok, Szap\u00e1ry utca 20.<\/p>\n<p>Email: info@vondetechnology.com<\/p>\n<p>Ved at bruge vores websted accepterer du brugen af cookies som beskrevet i denne cookiepolitik.[\/vc_column_text][\/vc_column][\/vc_row]<\/p>\n<\/div>","protected":false},"excerpt":{"rendered":"<p>[vc_row][vc_column][vc_empty_space][vc_column_text el_class=&#8221;legal-text&#8221;]Cookiepolitik for Vonde Pro-webstedet Ikrafttr\u00e6delsesdato: 17. marts 2025 Introduktion Denne cookiepolitik forklarer, hvordan Vonde Technology (\u00bbvi\u00ab, \u00bbos\u00ab eller \u00bbvores\u00ab) bruger cookies og lignende teknologier p\u00e5 Vonde Pro-webstedet (\u00bbwebstedet\u00ab). Denne politik g\u00e6lder ikke for Vonde Pro-mobilapplikationen, som har sin egen separate cookiepolitik. Hvad er cookies? Cookies er sm\u00e5 tekstfiler, der gemmes p\u00e5 din enhed, n\u00e5r [&hellip;]<\/p>\n","protected":false},"author":1,"featured_media":0,"parent":0,"menu_order":0,"comment_status":"closed","ping_status":"closed","template":"","meta":{"footnotes":""},"class_list":["post-28287","page","type-page","status-publish","hentry"],"yoast_head":"<!-- This site is optimized with the Yoast SEO plugin v24.7 - https:\/\/yoast.com\/wordpress\/plugins\/seo\/ -->\n<title>Cookiepolitik for Vonde Pro-webstedet - Vondetech<\/title>\n<meta name=\"robots\" content=\"index, follow, max-snippet:-1, max-image-preview:large, max-video-preview:-1\" \/>\n<link rel=\"canonical\" href=\"https:\/\/vondetech.com\/da\/cookiepolitik-for-vonde-pro-webstedet\/\" \/>\n<meta property=\"og:locale\" content=\"da_DK\" \/>\n<meta property=\"og:type\" content=\"article\" \/>\n<meta property=\"og:title\" content=\"Cookiepolitik for Vonde Pro-webstedet - Vondetech\" \/>\n<meta property=\"og:description\" content=\"[vc_row][vc_column][vc_empty_space][vc_column_text el_class=&#8221;legal-text&#8221;]Cookiepolitik for Vonde Pro-webstedet Ikrafttr\u00e6delsesdato: 17. marts 2025 Introduktion Denne cookiepolitik forklarer, hvordan Vonde Technology (\u00bbvi\u00ab, \u00bbos\u00ab eller \u00bbvores\u00ab) bruger cookies og lignende teknologier p\u00e5 Vonde Pro-webstedet (\u00bbwebstedet\u00ab). Denne politik g\u00e6lder ikke for Vonde Pro-mobilapplikationen, som har sin egen separate cookiepolitik. Hvad er cookies? Cookies er sm\u00e5 tekstfiler, der gemmes p\u00e5 din enhed, n\u00e5r [&hellip;]\" \/>\n<meta property=\"og:url\" content=\"https:\/\/vondetech.com\/da\/cookiepolitik-for-vonde-pro-webstedet\/\" \/>\n<meta property=\"og:site_name\" content=\"Vondetech\" \/>\n<meta property=\"article:modified_time\" content=\"2025-04-22T11:15:16+00:00\" \/>\n<meta name=\"twitter:card\" content=\"summary_large_image\" \/>\n<meta name=\"twitter:label1\" content=\"Estimeret l\u00e6setid\" \/>\n\t<meta name=\"twitter:data1\" content=\"3 minutter\" \/>\n<script type=\"application\/ld+json\" class=\"yoast-schema-graph\">{\"@context\":\"https:\/\/schema.org\",\"@graph\":[{\"@type\":\"WebPage\",\"@id\":\"https:\/\/vondetech.com\/da\/cookiepolitik-for-vonde-pro-webstedet\/\",\"url\":\"https:\/\/vondetech.com\/da\/cookiepolitik-for-vonde-pro-webstedet\/\",\"name\":\"Cookiepolitik for Vonde Pro-webstedet - Vondetech\",\"isPartOf\":{\"@id\":\"https:\/\/vondetech.com\/da\/#website\"},\"datePublished\":\"2024-05-23T13:17:28+00:00\",\"dateModified\":\"2025-04-22T11:15:16+00:00\",\"breadcrumb\":{\"@id\":\"https:\/\/vondetech.com\/da\/cookiepolitik-for-vonde-pro-webstedet\/#breadcrumb\"},\"inLanguage\":\"da-DK\",\"potentialAction\":[{\"@type\":\"ReadAction\",\"target\":[\"https:\/\/vondetech.com\/da\/cookiepolitik-for-vonde-pro-webstedet\/\"]}]},{\"@type\":\"BreadcrumbList\",\"@id\":\"https:\/\/vondetech.com\/da\/cookiepolitik-for-vonde-pro-webstedet\/#breadcrumb\",\"itemListElement\":[{\"@type\":\"ListItem\",\"position\":1,\"name\":\"Home\",\"item\":\"https:\/\/vondetech.com\/da\/\"},{\"@type\":\"ListItem\",\"position\":2,\"name\":\"Cookiepolitik for Vonde Pro-webstedet\"}]},{\"@type\":\"WebSite\",\"@id\":\"https:\/\/vondetech.com\/da\/#website\",\"url\":\"https:\/\/vondetech.com\/da\/\",\"name\":\"Vondetech\",\"description\":\"\",\"potentialAction\":[{\"@type\":\"SearchAction\",\"target\":{\"@type\":\"EntryPoint\",\"urlTemplate\":\"https:\/\/vondetech.com\/da\/?s={search_term_string}\"},\"query-input\":{\"@type\":\"PropertyValueSpecification\",\"valueRequired\":true,\"valueName\":\"search_term_string\"}}],\"inLanguage\":\"da-DK\"}]}<\/script>\n<!-- \/ Yoast SEO plugin. -->","yoast_head_json":{"title":"Cookiepolitik for Vonde Pro-webstedet - Vondetech","robots":{"index":"index","follow":"follow","max-snippet":"max-snippet:-1","max-image-preview":"max-image-preview:large","max-video-preview":"max-video-preview:-1"},"canonical":"https:\/\/vondetech.com\/da\/cookiepolitik-for-vonde-pro-webstedet\/","og_locale":"da_DK","og_type":"article","og_title":"Cookiepolitik for Vonde Pro-webstedet - Vondetech","og_description":"[vc_row][vc_column][vc_empty_space][vc_column_text el_class=&#8221;legal-text&#8221;]Cookiepolitik for Vonde Pro-webstedet Ikrafttr\u00e6delsesdato: 17. marts 2025 Introduktion Denne cookiepolitik forklarer, hvordan Vonde Technology (\u00bbvi\u00ab, \u00bbos\u00ab eller \u00bbvores\u00ab) bruger cookies og lignende teknologier p\u00e5 Vonde Pro-webstedet (\u00bbwebstedet\u00ab). Denne politik g\u00e6lder ikke for Vonde Pro-mobilapplikationen, som har sin egen separate cookiepolitik. Hvad er cookies? Cookies er sm\u00e5 tekstfiler, der gemmes p\u00e5 din enhed, n\u00e5r [&hellip;]","og_url":"https:\/\/vondetech.com\/da\/cookiepolitik-for-vonde-pro-webstedet\/","og_site_name":"Vondetech","article_modified_time":"2025-04-22T11:15:16+00:00","twitter_card":"summary_large_image","twitter_misc":{"Estimeret l\u00e6setid":"3 minutter"},"schema":{"@context":"https:\/\/schema.org","@graph":[{"@type":"WebPage","@id":"https:\/\/vondetech.com\/da\/cookiepolitik-for-vonde-pro-webstedet\/","url":"https:\/\/vondetech.com\/da\/cookiepolitik-for-vonde-pro-webstedet\/","name":"Cookiepolitik for Vonde Pro-webstedet - Vondetech","isPartOf":{"@id":"https:\/\/vondetech.com\/da\/#website"},"datePublished":"2024-05-23T13:17:28+00:00","dateModified":"2025-04-22T11:15:16+00:00","breadcrumb":{"@id":"https:\/\/vondetech.com\/da\/cookiepolitik-for-vonde-pro-webstedet\/#breadcrumb"},"inLanguage":"da-DK","potentialAction":[{"@type":"ReadAction","target":["https:\/\/vondetech.com\/da\/cookiepolitik-for-vonde-pro-webstedet\/"]}]},{"@type":"BreadcrumbList","@id":"https:\/\/vondetech.com\/da\/cookiepolitik-for-vonde-pro-webstedet\/#breadcrumb","itemListElement":[{"@type":"ListItem","position":1,"name":"Home","item":"https:\/\/vondetech.com\/da\/"},{"@type":"ListItem","position":2,"name":"Cookiepolitik for Vonde Pro-webstedet"}]},{"@type":"WebSite","@id":"https:\/\/vondetech.com\/da\/#website","url":"https:\/\/vondetech.com\/da\/","name":"Vondetech","description":"","potentialAction":[{"@type":"SearchAction","target":{"@type":"EntryPoint","urlTemplate":"https:\/\/vondetech.com\/da\/?s={search_term_string}"},"query-input":{"@type":"PropertyValueSpecification","valueRequired":true,"valueName":"search_term_string"}}],"inLanguage":"da-DK"}]}},"_links":{"self":[{"href":"https:\/\/vondetech.com\/da\/wp-json\/wp\/v2\/pages\/28287","targetHints":{"allow":["GET"]}}],"collection":[{"href":"https:\/\/vondetech.com\/da\/wp-json\/wp\/v2\/pages"}],"about":[{"href":"https:\/\/vondetech.com\/da\/wp-json\/wp\/v2\/types\/page"}],"author":[{"embeddable":true,"href":"https:\/\/vondetech.com\/da\/wp-json\/wp\/v2\/users\/1"}],"replies":[{"embeddable":true,"href":"https:\/\/vondetech.com\/da\/wp-json\/wp\/v2\/comments?post=28287"}],"version-history":[{"count":2,"href":"https:\/\/vondetech.com\/da\/wp-json\/wp\/v2\/pages\/28287\/revisions"}],"predecessor-version":[{"id":28289,"href":"https:\/\/vondetech.com\/da\/wp-json\/wp\/v2\/pages\/28287\/revisions\/28289"}],"wp:attachment":[{"href":"https:\/\/vondetech.com\/da\/wp-json\/wp\/v2\/media?parent=28287"}],"curies":[{"name":"wp","href":"https:\/\/api.w.org\/{rel}","templated":true}]}}