{"id":22866,"date":"2018-12-28T10:50:09","date_gmt":"2018-12-28T09:50:09","guid":{"rendered":"https:\/\/vondetech.com\/blog\/"},"modified":"2025-03-24T11:26:52","modified_gmt":"2025-03-24T10:26:52","slug":"blog","status":"publish","type":"page","link":"https:\/\/vondetech.com\/cs\/blog\/","title":{"rendered":"Blog"},"content":{"rendered":"<div class=\"wpb-content-wrapper\"><p>[vc_row][vc_column][vc_empty_space][vc_custom_heading text=&#8221;BLOG VONDETECH INSIGHTS&#8221; font_container=&#8221;tag:h2|font_size:32px|text_align:center|color:%23b0358b&#8221; use_theme_fonts=&#8221;yes&#8221;][vc_custom_heading text=&#8221;Inovace v oblasti digit\u00e1ln\u00edho podnik\u00e1n\u00ed: Dne\u0161n\u00ed technologie pro budoucnost&#8221; font_container=&#8221;tag:h2|font_size:24px|text_align:center|color:%23000000&#8243; use_theme_fonts=&#8221;yes&#8221;][vc_empty_space height=&#8221;10px&#8221;][vc_column_text]V\u00edtejte na str\u00e1nk\u00e1ch &#8220;Inovace digit\u00e1ln\u00edho podnik\u00e1n\u00ed: Na str\u00e1nce blogu &#8220;Dne\u0161n\u00ed technologie pro budoucnost&#8221; se v\u011bnujeme nejnov\u011bj\u0161\u00edmu technologick\u00e9mu v\u00fdvoji a jeho dopad\u016fm na sv\u011bt podnik\u00e1n\u00ed. Na t\u00e9to str\u00e1nce se m\u016f\u017eete pono\u0159it do \u0161irok\u00e9 \u0161k\u00e1ly t\u00e9mat, od revolu\u010dn\u00edch digit\u00e1ln\u00edch n\u00e1stroj\u016f a\u017e po nov\u00e9 dimenze obchodn\u00ed komunikace, v\u017edy v souladu s nejnov\u011bj\u0161\u00edmi trendy a inovacemi.<\/p>\n<p>&nbsp;<\/p>\n<p style=\"text-align: center;\">Na na\u0161em blogu se odborn\u00edci z Vonde Technology a hostuj\u00edc\u00ed auto\u0159i d\u011bl\u00ed o sv\u00e9 my\u0161lenky, studie a post\u0159ehy, aby v\u00e1s inspirovali, informovali a pomohli v\u00e1m pochopit, jak modern\u00ed technologie m\u011bn\u00ed n\u00e1\u0161 ka\u017edodenn\u00ed \u017eivot.<\/p>\n<p>[\/vc_column_text][\/vc_column][\/vc_row][vc_row][vc_column][vc_empty_space]<!-- blog -->\r<div class=\"blog element-one hover-style-one  rt875145543 isotope\"  data-row-items=\"3\"><p>No items found<\/p><\/div>\r<!-- blog -->\r[\/vc_column][\/vc_row]<\/p>\n<\/div>","protected":false},"excerpt":{"rendered":"<p>[vc_row][vc_column][vc_empty_space][vc_custom_heading text=&#8221;BLOG VONDETECH INSIGHTS&#8221; font_container=&#8221;tag:h2|font_size:32px|text_align:center|color:%23b0358b&#8221; use_theme_fonts=&#8221;yes&#8221;][vc_custom_heading text=&#8221;Inovace v oblasti digit\u00e1ln\u00edho podnik\u00e1n\u00ed: Dne\u0161n\u00ed technologie pro budoucnost&#8221; font_container=&#8221;tag:h2|font_size:24px|text_align:center|color:%23000000&#8243; use_theme_fonts=&#8221;yes&#8221;][vc_empty_space height=&#8221;10px&#8221;][vc_column_text]V\u00edtejte na str\u00e1nk\u00e1ch &#8220;Inovace digit\u00e1ln\u00edho podnik\u00e1n\u00ed: Na str\u00e1nce blogu &#8220;Dne\u0161n\u00ed technologie pro budoucnost&#8221; se v\u011bnujeme nejnov\u011bj\u0161\u00edmu technologick\u00e9mu v\u00fdvoji a jeho dopad\u016fm na sv\u011bt podnik\u00e1n\u00ed. Na t\u00e9to str\u00e1nce se m\u016f\u017eete pono\u0159it do \u0161irok\u00e9 \u0161k\u00e1ly t\u00e9mat, od revolu\u010dn\u00edch digit\u00e1ln\u00edch n\u00e1stroj\u016f [&hellip;]<\/p>\n","protected":false},"author":1,"featured_media":0,"parent":0,"menu_order":0,"comment_status":"closed","ping_status":"closed","template":"","meta":{"footnotes":""},"class_list":["post-22866","page","type-page","status-publish","hentry"],"yoast_head":"<!-- This site is optimized with the Yoast SEO plugin v24.7 - https:\/\/yoast.com\/wordpress\/plugins\/seo\/ -->\n<title>Blog - Vondetech<\/title>\n<meta name=\"robots\" content=\"index, follow, max-snippet:-1, max-image-preview:large, max-video-preview:-1\" \/>\n<link rel=\"canonical\" href=\"https:\/\/vondetech.com\/cs\/blog\/\" \/>\n<meta property=\"og:locale\" content=\"cs_CZ\" \/>\n<meta property=\"og:type\" content=\"article\" \/>\n<meta property=\"og:title\" content=\"Blog - Vondetech\" \/>\n<meta property=\"og:description\" content=\"[vc_row][vc_column][vc_empty_space][vc_custom_heading text=&#8221;BLOG VONDETECH INSIGHTS&#8221; font_container=&#8221;tag:h2|font_size:32px|text_align:center|color:%23b0358b&#8221; use_theme_fonts=&#8221;yes&#8221;][vc_custom_heading text=&#8221;Inovace v oblasti digit\u00e1ln\u00edho podnik\u00e1n\u00ed: Dne\u0161n\u00ed technologie pro budoucnost&#8221; font_container=&#8221;tag:h2|font_size:24px|text_align:center|color:%23000000&#8243; use_theme_fonts=&#8221;yes&#8221;][vc_empty_space height=&#8221;10px&#8221;][vc_column_text]V\u00edtejte na str\u00e1nk\u00e1ch &#8220;Inovace digit\u00e1ln\u00edho podnik\u00e1n\u00ed: Na str\u00e1nce blogu &#8220;Dne\u0161n\u00ed technologie pro budoucnost&#8221; se v\u011bnujeme nejnov\u011bj\u0161\u00edmu technologick\u00e9mu v\u00fdvoji a jeho dopad\u016fm na sv\u011bt podnik\u00e1n\u00ed. Na t\u00e9to str\u00e1nce se m\u016f\u017eete pono\u0159it do \u0161irok\u00e9 \u0161k\u00e1ly t\u00e9mat, od revolu\u010dn\u00edch digit\u00e1ln\u00edch n\u00e1stroj\u016f [&hellip;]\" \/>\n<meta property=\"og:url\" content=\"https:\/\/vondetech.com\/cs\/blog\/\" \/>\n<meta property=\"og:site_name\" content=\"Vondetech\" \/>\n<meta property=\"article:modified_time\" content=\"2025-03-24T10:26:52+00:00\" \/>\n<meta name=\"twitter:card\" content=\"summary_large_image\" \/>\n<meta name=\"twitter:label1\" content=\"Odhadovan\u00e1 doba \u010dten\u00ed\" \/>\n\t<meta name=\"twitter:data1\" content=\"1 minuta\" \/>\n<script type=\"application\/ld+json\" class=\"yoast-schema-graph\">{\"@context\":\"https:\/\/schema.org\",\"@graph\":[{\"@type\":\"WebPage\",\"@id\":\"https:\/\/vondetech.com\/cs\/blog\/\",\"url\":\"https:\/\/vondetech.com\/cs\/blog\/\",\"name\":\"Blog - Vondetech\",\"isPartOf\":{\"@id\":\"https:\/\/vondetech.com\/cs\/#website\"},\"datePublished\":\"2018-12-28T09:50:09+00:00\",\"dateModified\":\"2025-03-24T10:26:52+00:00\",\"breadcrumb\":{\"@id\":\"https:\/\/vondetech.com\/cs\/blog\/#breadcrumb\"},\"inLanguage\":\"cs\",\"potentialAction\":[{\"@type\":\"ReadAction\",\"target\":[\"https:\/\/vondetech.com\/cs\/blog\/\"]}]},{\"@type\":\"BreadcrumbList\",\"@id\":\"https:\/\/vondetech.com\/cs\/blog\/#breadcrumb\",\"itemListElement\":[{\"@type\":\"ListItem\",\"position\":1,\"name\":\"Home\",\"item\":\"https:\/\/vondetech.com\/cs\/home\/\"},{\"@type\":\"ListItem\",\"position\":2,\"name\":\"Blog\"}]},{\"@type\":\"WebSite\",\"@id\":\"https:\/\/vondetech.com\/cs\/#website\",\"url\":\"https:\/\/vondetech.com\/cs\/\",\"name\":\"Vondetech\",\"description\":\"\",\"potentialAction\":[{\"@type\":\"SearchAction\",\"target\":{\"@type\":\"EntryPoint\",\"urlTemplate\":\"https:\/\/vondetech.com\/cs\/?s={search_term_string}\"},\"query-input\":{\"@type\":\"PropertyValueSpecification\",\"valueRequired\":true,\"valueName\":\"search_term_string\"}}],\"inLanguage\":\"cs\"}]}<\/script>\n<!-- \/ Yoast SEO plugin. -->","yoast_head_json":{"title":"Blog - Vondetech","robots":{"index":"index","follow":"follow","max-snippet":"max-snippet:-1","max-image-preview":"max-image-preview:large","max-video-preview":"max-video-preview:-1"},"canonical":"https:\/\/vondetech.com\/cs\/blog\/","og_locale":"cs_CZ","og_type":"article","og_title":"Blog - Vondetech","og_description":"[vc_row][vc_column][vc_empty_space][vc_custom_heading text=&#8221;BLOG VONDETECH INSIGHTS&#8221; font_container=&#8221;tag:h2|font_size:32px|text_align:center|color:%23b0358b&#8221; use_theme_fonts=&#8221;yes&#8221;][vc_custom_heading text=&#8221;Inovace v oblasti digit\u00e1ln\u00edho podnik\u00e1n\u00ed: Dne\u0161n\u00ed technologie pro budoucnost&#8221; font_container=&#8221;tag:h2|font_size:24px|text_align:center|color:%23000000&#8243; use_theme_fonts=&#8221;yes&#8221;][vc_empty_space height=&#8221;10px&#8221;][vc_column_text]V\u00edtejte na str\u00e1nk\u00e1ch &#8220;Inovace digit\u00e1ln\u00edho podnik\u00e1n\u00ed: Na str\u00e1nce blogu &#8220;Dne\u0161n\u00ed technologie pro budoucnost&#8221; se v\u011bnujeme nejnov\u011bj\u0161\u00edmu technologick\u00e9mu v\u00fdvoji a jeho dopad\u016fm na sv\u011bt podnik\u00e1n\u00ed. Na t\u00e9to str\u00e1nce se m\u016f\u017eete pono\u0159it do \u0161irok\u00e9 \u0161k\u00e1ly t\u00e9mat, od revolu\u010dn\u00edch digit\u00e1ln\u00edch n\u00e1stroj\u016f [&hellip;]","og_url":"https:\/\/vondetech.com\/cs\/blog\/","og_site_name":"Vondetech","article_modified_time":"2025-03-24T10:26:52+00:00","twitter_card":"summary_large_image","twitter_misc":{"Odhadovan\u00e1 doba \u010dten\u00ed":"1 minuta"},"schema":{"@context":"https:\/\/schema.org","@graph":[{"@type":"WebPage","@id":"https:\/\/vondetech.com\/cs\/blog\/","url":"https:\/\/vondetech.com\/cs\/blog\/","name":"Blog - Vondetech","isPartOf":{"@id":"https:\/\/vondetech.com\/cs\/#website"},"datePublished":"2018-12-28T09:50:09+00:00","dateModified":"2025-03-24T10:26:52+00:00","breadcrumb":{"@id":"https:\/\/vondetech.com\/cs\/blog\/#breadcrumb"},"inLanguage":"cs","potentialAction":[{"@type":"ReadAction","target":["https:\/\/vondetech.com\/cs\/blog\/"]}]},{"@type":"BreadcrumbList","@id":"https:\/\/vondetech.com\/cs\/blog\/#breadcrumb","itemListElement":[{"@type":"ListItem","position":1,"name":"Home","item":"https:\/\/vondetech.com\/cs\/home\/"},{"@type":"ListItem","position":2,"name":"Blog"}]},{"@type":"WebSite","@id":"https:\/\/vondetech.com\/cs\/#website","url":"https:\/\/vondetech.com\/cs\/","name":"Vondetech","description":"","potentialAction":[{"@type":"SearchAction","target":{"@type":"EntryPoint","urlTemplate":"https:\/\/vondetech.com\/cs\/?s={search_term_string}"},"query-input":{"@type":"PropertyValueSpecification","valueRequired":true,"valueName":"search_term_string"}}],"inLanguage":"cs"}]}},"_links":{"self":[{"href":"https:\/\/vondetech.com\/cs\/wp-json\/wp\/v2\/pages\/22866","targetHints":{"allow":["GET"]}}],"collection":[{"href":"https:\/\/vondetech.com\/cs\/wp-json\/wp\/v2\/pages"}],"about":[{"href":"https:\/\/vondetech.com\/cs\/wp-json\/wp\/v2\/types\/page"}],"author":[{"embeddable":true,"href":"https:\/\/vondetech.com\/cs\/wp-json\/wp\/v2\/users\/1"}],"replies":[{"embeddable":true,"href":"https:\/\/vondetech.com\/cs\/wp-json\/wp\/v2\/comments?post=22866"}],"version-history":[{"count":3,"href":"https:\/\/vondetech.com\/cs\/wp-json\/wp\/v2\/pages\/22866\/revisions"}],"predecessor-version":[{"id":22888,"href":"https:\/\/vondetech.com\/cs\/wp-json\/wp\/v2\/pages\/22866\/revisions\/22888"}],"wp:attachment":[{"href":"https:\/\/vondetech.com\/cs\/wp-json\/wp\/v2\/media?parent=22866"}],"curies":[{"name":"wp","href":"https:\/\/api.w.org\/{rel}","templated":true}]}}