{"id":20864,"date":"2025-03-19T09:20:16","date_gmt":"2025-03-19T08:20:16","guid":{"rendered":"https:\/\/vondetech.com\/otisk-pro-aplikaci-vonde-pro\/"},"modified":"2025-03-24T12:50:05","modified_gmt":"2025-03-24T11:50:05","slug":"otisk-pro-aplikaci-vonde-pro","status":"publish","type":"page","link":"https:\/\/vondetech.com\/cs\/otisk-pro-aplikaci-vonde-pro\/","title":{"rendered":"Otisk pro aplikaci Vonde Pro"},"content":{"rendered":"<div class=\"wpb-content-wrapper\"><p>[vc_row][vc_column][vc_empty_space][vc_column_text el_class=&#8221;legal-text&#8221;]<strong>Informace o spole\u010dnosti:<\/strong><\/p>\n<p>Technologie Vonde<\/p>\n<p><strong>O spole\u010dnosti Vonde Technology LLC:<\/strong><\/p>\n<p>Vonde Pro App je inovativn\u00ed mobiln\u00ed aplikace vyvinut\u00e1 a provozovan\u00e1 ve spolupr\u00e1ci dvou subjekt\u016f:<\/p>\n<ul>\n<li>Spole\u010dnost Vonde Technology LLC (USA) \u0159\u00edd\u00ed glob\u00e1ln\u00ed trhy a mezin\u00e1rodn\u00ed expanzi.<\/li>\n<li>KMAK Kelet-Magyarorsz\u00e1gi Adatk\u00f6zpont Kft. (Evropa, Ma\u010farsko) zaji\u0161\u0165uje v\u00fdvoj a souvisej\u00edc\u00ed provozn\u00ed \u00fakoly.<\/li>\n<\/ul>\n<p><strong>Provozuje:<\/strong><\/p>\n<p>KMAK Kelet-Magyarorsz\u00e1gi Adatk\u00f6zpont Kft.<\/p>\n<p><strong>S\u00eddlo spole\u010dnosti:<\/strong><\/p>\n<p>H-5000 Szolnok, Szap\u00e1ry utca 20. Ma\u010farsko<\/p>\n<p><strong>Kontaktn\u00ed informace:<\/strong><\/p>\n<p>E-mail: info@vondetechnology.com<\/p>\n<p><strong>V\u00fdkonn\u00fd \u0159editel:<\/strong><\/p>\n<p>Laszlo Berta<\/p>\n<p><strong>Registrace spole\u010dnosti:<\/strong><\/p>\n<p>D-U-N-S: 401605625<\/p>\n<p>Rejst\u0159\u00edkov\u00fd soud: [uve\u010fte rejst\u0159\u00edkov\u00fd soud, nap\u0159. krajsk\u00fd soud v Szolnoku].<\/p>\n<p><strong>Identifika\u010dn\u00ed \u010d\u00edslo pro DPH:<\/strong><\/p>\n<p>HU24373427<\/p>\n<p><strong>Pov\u011b\u0159enec pro ochranu osobn\u00edch \u00fadaj\u016f:<\/strong><\/p>\n<p>V p\u0159\u00edpad\u011b dotaz\u016f t\u00fdkaj\u00edc\u00edch se ochrany \u00fadaj\u016f se obra\u0165te na na\u0161eho pov\u011b\u0159ence pro ochranu osobn\u00edch \u00fadaj\u016f na adrese:<\/p>\n<p>E-mail: info@vondetechnology.com<\/p>\n<p><strong>Z\u0159eknut\u00ed se odpov\u011bdnosti:<\/strong><\/p>\n<p>I p\u0159es pe\u010dlivou kontrolu obsahu nep\u0159eb\u00edr\u00e1me odpov\u011bdnost za obsah extern\u00edch odkaz\u016f. Za obsah odkazovan\u00fdch str\u00e1nek odpov\u00eddaj\u00ed v\u00fdhradn\u011b jejich provozovatel\u00e9.<\/p>\n<p><strong>\u0158e\u0161en\u00ed spor\u016f:<\/strong><\/p>\n<p>V souladu s p\u0159edpisy EU lze spory \u0159e\u0161it prost\u0159ednictv\u00edm platformy Komise EU pro \u0159e\u0161en\u00ed spor\u016f online: http:\/\/ec.europa.eu\/consumers\/odr.<\/p>\n<p><strong>Kontaktn\u00ed informace:<\/strong><\/p>\n<p>Obecn\u00e9 dotazy:<\/p>\n<p>E-mail: info@vondetechnology.com<\/p>\n<p>Tento Impresszum je v souladu s p\u0159edpisy a normami EU platn\u00fdmi pro obchodn\u00ed subjekty p\u016fsob\u00edc\u00ed na trz\u00edch Evropsk\u00e9 unie.[\/vc_column_text][\/vc_column][\/vc_row]<\/p>\n<\/div>","protected":false},"excerpt":{"rendered":"<p>[vc_row][vc_column][vc_empty_space][vc_column_text el_class=&#8221;legal-text&#8221;]Informace o spole\u010dnosti: Technologie Vonde O spole\u010dnosti Vonde Technology LLC: Vonde Pro App je inovativn\u00ed mobiln\u00ed aplikace vyvinut\u00e1 a provozovan\u00e1 ve spolupr\u00e1ci dvou subjekt\u016f: Spole\u010dnost Vonde Technology LLC (USA) \u0159\u00edd\u00ed glob\u00e1ln\u00ed trhy a mezin\u00e1rodn\u00ed expanzi. KMAK Kelet-Magyarorsz\u00e1gi Adatk\u00f6zpont Kft. (Evropa, Ma\u010farsko) zaji\u0161\u0165uje v\u00fdvoj a souvisej\u00edc\u00ed provozn\u00ed \u00fakoly. Provozuje: KMAK Kelet-Magyarorsz\u00e1gi Adatk\u00f6zpont Kft. S\u00eddlo spole\u010dnosti: [&hellip;]<\/p>\n","protected":false},"author":1,"featured_media":0,"parent":0,"menu_order":0,"comment_status":"closed","ping_status":"closed","template":"","meta":{"footnotes":""},"class_list":["post-20864","page","type-page","status-publish","hentry"],"yoast_head":"<!-- This site is optimized with the Yoast SEO plugin v24.7 - https:\/\/yoast.com\/wordpress\/plugins\/seo\/ -->\n<title>Otisk pro aplikaci Vonde Pro - Vondetech<\/title>\n<meta name=\"robots\" content=\"index, follow, max-snippet:-1, max-image-preview:large, max-video-preview:-1\" \/>\n<link rel=\"canonical\" href=\"https:\/\/vondetech.com\/cs\/otisk-pro-aplikaci-vonde-pro\/\" \/>\n<meta property=\"og:locale\" content=\"cs_CZ\" \/>\n<meta property=\"og:type\" content=\"article\" \/>\n<meta property=\"og:title\" content=\"Otisk pro aplikaci Vonde Pro - Vondetech\" \/>\n<meta property=\"og:description\" content=\"[vc_row][vc_column][vc_empty_space][vc_column_text el_class=&#8221;legal-text&#8221;]Informace o spole\u010dnosti: Technologie Vonde O spole\u010dnosti Vonde Technology LLC: Vonde Pro App je inovativn\u00ed mobiln\u00ed aplikace vyvinut\u00e1 a provozovan\u00e1 ve spolupr\u00e1ci dvou subjekt\u016f: Spole\u010dnost Vonde Technology LLC (USA) \u0159\u00edd\u00ed glob\u00e1ln\u00ed trhy a mezin\u00e1rodn\u00ed expanzi. KMAK Kelet-Magyarorsz\u00e1gi Adatk\u00f6zpont Kft. (Evropa, Ma\u010farsko) zaji\u0161\u0165uje v\u00fdvoj a souvisej\u00edc\u00ed provozn\u00ed \u00fakoly. Provozuje: KMAK Kelet-Magyarorsz\u00e1gi Adatk\u00f6zpont Kft. S\u00eddlo spole\u010dnosti: [&hellip;]\" \/>\n<meta property=\"og:url\" content=\"https:\/\/vondetech.com\/cs\/otisk-pro-aplikaci-vonde-pro\/\" \/>\n<meta property=\"og:site_name\" content=\"Vondetech\" \/>\n<meta property=\"article:modified_time\" content=\"2025-03-24T11:50:05+00:00\" \/>\n<meta name=\"twitter:card\" content=\"summary_large_image\" \/>\n<meta name=\"twitter:label1\" content=\"Odhadovan\u00e1 doba \u010dten\u00ed\" \/>\n\t<meta name=\"twitter:data1\" content=\"1 minuta\" \/>\n<script type=\"application\/ld+json\" class=\"yoast-schema-graph\">{\"@context\":\"https:\/\/schema.org\",\"@graph\":[{\"@type\":\"WebPage\",\"@id\":\"https:\/\/vondetech.com\/cs\/otisk-pro-aplikaci-vonde-pro\/\",\"url\":\"https:\/\/vondetech.com\/cs\/otisk-pro-aplikaci-vonde-pro\/\",\"name\":\"Otisk pro aplikaci Vonde Pro - Vondetech\",\"isPartOf\":{\"@id\":\"https:\/\/vondetech.com\/cs\/#website\"},\"datePublished\":\"2025-03-19T08:20:16+00:00\",\"dateModified\":\"2025-03-24T11:50:05+00:00\",\"breadcrumb\":{\"@id\":\"https:\/\/vondetech.com\/cs\/otisk-pro-aplikaci-vonde-pro\/#breadcrumb\"},\"inLanguage\":\"cs\",\"potentialAction\":[{\"@type\":\"ReadAction\",\"target\":[\"https:\/\/vondetech.com\/cs\/otisk-pro-aplikaci-vonde-pro\/\"]}]},{\"@type\":\"BreadcrumbList\",\"@id\":\"https:\/\/vondetech.com\/cs\/otisk-pro-aplikaci-vonde-pro\/#breadcrumb\",\"itemListElement\":[{\"@type\":\"ListItem\",\"position\":1,\"name\":\"Home\",\"item\":\"https:\/\/vondetech.com\/cs\/home\/\"},{\"@type\":\"ListItem\",\"position\":2,\"name\":\"Otisk pro aplikaci Vonde Pro\"}]},{\"@type\":\"WebSite\",\"@id\":\"https:\/\/vondetech.com\/cs\/#website\",\"url\":\"https:\/\/vondetech.com\/cs\/\",\"name\":\"Vondetech\",\"description\":\"\",\"potentialAction\":[{\"@type\":\"SearchAction\",\"target\":{\"@type\":\"EntryPoint\",\"urlTemplate\":\"https:\/\/vondetech.com\/cs\/?s={search_term_string}\"},\"query-input\":{\"@type\":\"PropertyValueSpecification\",\"valueRequired\":true,\"valueName\":\"search_term_string\"}}],\"inLanguage\":\"cs\"}]}<\/script>\n<!-- \/ Yoast SEO plugin. -->","yoast_head_json":{"title":"Otisk pro aplikaci Vonde Pro - Vondetech","robots":{"index":"index","follow":"follow","max-snippet":"max-snippet:-1","max-image-preview":"max-image-preview:large","max-video-preview":"max-video-preview:-1"},"canonical":"https:\/\/vondetech.com\/cs\/otisk-pro-aplikaci-vonde-pro\/","og_locale":"cs_CZ","og_type":"article","og_title":"Otisk pro aplikaci Vonde Pro - Vondetech","og_description":"[vc_row][vc_column][vc_empty_space][vc_column_text el_class=&#8221;legal-text&#8221;]Informace o spole\u010dnosti: Technologie Vonde O spole\u010dnosti Vonde Technology LLC: Vonde Pro App je inovativn\u00ed mobiln\u00ed aplikace vyvinut\u00e1 a provozovan\u00e1 ve spolupr\u00e1ci dvou subjekt\u016f: Spole\u010dnost Vonde Technology LLC (USA) \u0159\u00edd\u00ed glob\u00e1ln\u00ed trhy a mezin\u00e1rodn\u00ed expanzi. KMAK Kelet-Magyarorsz\u00e1gi Adatk\u00f6zpont Kft. (Evropa, Ma\u010farsko) zaji\u0161\u0165uje v\u00fdvoj a souvisej\u00edc\u00ed provozn\u00ed \u00fakoly. Provozuje: KMAK Kelet-Magyarorsz\u00e1gi Adatk\u00f6zpont Kft. S\u00eddlo spole\u010dnosti: [&hellip;]","og_url":"https:\/\/vondetech.com\/cs\/otisk-pro-aplikaci-vonde-pro\/","og_site_name":"Vondetech","article_modified_time":"2025-03-24T11:50:05+00:00","twitter_card":"summary_large_image","twitter_misc":{"Odhadovan\u00e1 doba \u010dten\u00ed":"1 minuta"},"schema":{"@context":"https:\/\/schema.org","@graph":[{"@type":"WebPage","@id":"https:\/\/vondetech.com\/cs\/otisk-pro-aplikaci-vonde-pro\/","url":"https:\/\/vondetech.com\/cs\/otisk-pro-aplikaci-vonde-pro\/","name":"Otisk pro aplikaci Vonde Pro - Vondetech","isPartOf":{"@id":"https:\/\/vondetech.com\/cs\/#website"},"datePublished":"2025-03-19T08:20:16+00:00","dateModified":"2025-03-24T11:50:05+00:00","breadcrumb":{"@id":"https:\/\/vondetech.com\/cs\/otisk-pro-aplikaci-vonde-pro\/#breadcrumb"},"inLanguage":"cs","potentialAction":[{"@type":"ReadAction","target":["https:\/\/vondetech.com\/cs\/otisk-pro-aplikaci-vonde-pro\/"]}]},{"@type":"BreadcrumbList","@id":"https:\/\/vondetech.com\/cs\/otisk-pro-aplikaci-vonde-pro\/#breadcrumb","itemListElement":[{"@type":"ListItem","position":1,"name":"Home","item":"https:\/\/vondetech.com\/cs\/home\/"},{"@type":"ListItem","position":2,"name":"Otisk pro aplikaci Vonde Pro"}]},{"@type":"WebSite","@id":"https:\/\/vondetech.com\/cs\/#website","url":"https:\/\/vondetech.com\/cs\/","name":"Vondetech","description":"","potentialAction":[{"@type":"SearchAction","target":{"@type":"EntryPoint","urlTemplate":"https:\/\/vondetech.com\/cs\/?s={search_term_string}"},"query-input":{"@type":"PropertyValueSpecification","valueRequired":true,"valueName":"search_term_string"}}],"inLanguage":"cs"}]}},"_links":{"self":[{"href":"https:\/\/vondetech.com\/cs\/wp-json\/wp\/v2\/pages\/20864","targetHints":{"allow":["GET"]}}],"collection":[{"href":"https:\/\/vondetech.com\/cs\/wp-json\/wp\/v2\/pages"}],"about":[{"href":"https:\/\/vondetech.com\/cs\/wp-json\/wp\/v2\/types\/page"}],"author":[{"embeddable":true,"href":"https:\/\/vondetech.com\/cs\/wp-json\/wp\/v2\/users\/1"}],"replies":[{"embeddable":true,"href":"https:\/\/vondetech.com\/cs\/wp-json\/wp\/v2\/comments?post=20864"}],"version-history":[{"count":7,"href":"https:\/\/vondetech.com\/cs\/wp-json\/wp\/v2\/pages\/20864\/revisions"}],"predecessor-version":[{"id":23316,"href":"https:\/\/vondetech.com\/cs\/wp-json\/wp\/v2\/pages\/20864\/revisions\/23316"}],"wp:attachment":[{"href":"https:\/\/vondetech.com\/cs\/wp-json\/wp\/v2\/media?parent=20864"}],"curies":[{"name":"wp","href":"https:\/\/api.w.org\/{rel}","templated":true}]}}