{"id":20722,"date":"2025-03-19T09:19:24","date_gmt":"2025-03-19T08:19:24","guid":{"rendered":"https:\/\/vondetech.com\/eula\/"},"modified":"2025-03-24T10:23:53","modified_gmt":"2025-03-24T09:23:53","slug":"eula","status":"publish","type":"page","link":"https:\/\/vondetech.com\/cs\/eula\/","title":{"rendered":"EULA"},"content":{"rendered":"<div class=\"wpb-content-wrapper\"><p>[vc_row][vc_column][vc_empty_space][vc_column_text el_class=&#8221;legal-text&#8221;]<strong>D\u016eLE\u017dIT\u00c9 &#8211; \u010cT\u011aTE POZORN\u011a:<\/strong> Tato licen\u010dn\u00ed smlouva s koncov\u00fdm u\u017eivatelem (d\u00e1le jen &#8220;EULA&#8221;) je pr\u00e1vn\u00ed dohodou mezi v\u00e1mi (d\u00e1le jen &#8220;dr\u017eitel licence&#8221; nebo &#8220;vy&#8221;) a spole\u010dnost\u00ed KMAK Kelet-Magyarorsz\u00e1gi Adatk\u00f6zpont Kft. (&#8220;Poskytovatel licence&#8221; nebo &#8220;my&#8221;) pro softwarovou aplikaci Vonde Pro App (&#8220;Aplikace&#8221;). Instalac\u00ed, kop\u00edrov\u00e1n\u00edm nebo jin\u00fdm pou\u017e\u00edv\u00e1n\u00edm aplikace souhlas\u00edte s t\u00edm, \u017ee se budete \u0159\u00eddit podm\u00ednkami t\u00e9to smlouvy EULA. Pokud s podm\u00ednkami t\u00e9to smlouvy EULA nesouhlas\u00edte, aplikaci neinstalujte ani nepou\u017e\u00edvejte.<\/p>\n<ol>\n<li><strong> Ud\u011blen\u00ed licence:<\/strong><\/li>\n<\/ol>\n<p>Poskytovatel licence v\u00e1m ud\u011bluje omezenou, nev\u00fdhradn\u00ed, nep\u0159enosnou a odvolatelnou licenci k pou\u017e\u00edv\u00e1n\u00ed aplikace na jednom mobiln\u00edm za\u0159\u00edzen\u00ed pro va\u0161e osobn\u00ed, nekomer\u010dn\u00ed pou\u017eit\u00ed.<\/p>\n<ol start=\"2\">\n<li><strong> Omezen\u00ed:<\/strong><\/li>\n<\/ol>\n<p>Nesm\u00ed\u0161:<\/p>\n<ul>\n<li>upravovat, p\u0159izp\u016fsobovat nebo zp\u011btn\u011b analyzovat aplikaci nebo se pokou\u0161et z\u00edskat jej\u00ed zdrojov\u00fd k\u00f3d.<\/li>\n<li>pou\u017e\u00edvat aplikaci komer\u010dn\u011b nebo ji prod\u00e1vat, distribuovat, pronaj\u00edmat, poskytovat sublicence, pronaj\u00edmat, p\u016fj\u010dovat nebo jinak p\u0159ev\u00e1d\u011bt t\u0159et\u00edm stran\u00e1m.<\/li>\n<li>odstra\u0148ovat, m\u011bnit nebo zakr\u00fdvat jak\u00e1koli ozn\u00e1men\u00ed o autorsk\u00fdch pr\u00e1vech, ochrann\u00fdch zn\u00e1mk\u00e1ch nebo jin\u00fdch vlastnick\u00fdch pr\u00e1vech.<\/li>\n<li>pou\u017e\u00edvat aplikaci zp\u016fsobem, kter\u00fd poru\u0161uje platn\u00e9 z\u00e1kony nebo p\u0159edpisy, poru\u0161uje pr\u00e1va du\u0161evn\u00edho vlastnictv\u00ed jin\u00fdch osob nebo se pokou\u0161\u00ed obej\u00edt bezpe\u010dnostn\u00ed opat\u0159en\u00ed aplikace.<\/li>\n<li>pou\u017e\u00edvat Aplikaci k jak\u00e9koli nez\u00e1konn\u00e9 \u010dinnosti, mimo jin\u00e9 v\u010detn\u011b p\u0159enosu nebo ukl\u00e1d\u00e1n\u00ed nez\u00e1konn\u00e9ho materi\u00e1lu nebo jak\u00e9koli \u010dinnosti, kter\u00e1 by mohla po\u0161kodit, znemo\u017enit, p\u0159et\u00ed\u017eit nebo znehodnotit Aplikaci nebo jej\u00ed slu\u017eby.<\/li>\n<\/ul>\n<ol start=\"3\">\n<li><strong> Vlastnictv\u00ed:<\/strong><\/li>\n<\/ol>\n<p>Aplikace je vlastnictv\u00edm Poskytovatele licence a je chr\u00e1n\u011bna autorsk\u00fdmi pr\u00e1vy a dal\u0161\u00edmi z\u00e1kony o du\u0161evn\u00edm vlastnictv\u00ed. Va\u0161e licence nezakl\u00e1d\u00e1 \u017e\u00e1dn\u00e9 vlastnick\u00e9 pr\u00e1vo k aplikaci.<\/p>\n<ol start=\"4\">\n<li><strong> Ochrana osobn\u00edch \u00fadaj\u016f:<\/strong><\/li>\n<\/ol>\n<p>Pou\u017e\u00edv\u00e1n\u00ed aplikace podl\u00e9h\u00e1 na\u0161im z\u00e1sad\u00e1m ochrany osobn\u00edch \u00fadaj\u016f, kter\u00e9 podrobn\u011b popisuj\u00ed na\u0161e postupy shroma\u017e\u010fov\u00e1n\u00ed, zpracov\u00e1n\u00ed a ochrany \u00fadaj\u016f. Pou\u017e\u00edv\u00e1n\u00edm aplikace vyjad\u0159ujete souhlas s podm\u00ednkami podrobn\u011b popsan\u00fdmi v Z\u00e1sad\u00e1ch ochrany osobn\u00edch \u00fadaj\u016f. Na\u0161e Z\u00e1sady ochrany osobn\u00edch \u00fadaj\u016f najdete na adrese: [Link to Privacy Policy]<\/p>\n<ol start=\"5\">\n<li><strong> Z\u0159eknut\u00ed se z\u00e1ruk:<\/strong><\/li>\n<\/ol>\n<p>Aplikace je poskytov\u00e1na &#8220;TAK, JAK JE&#8221; a &#8220;JAK JE K DISPOZICI&#8221; bez jak\u00fdchkoli z\u00e1ruk. Vonde Technology se z\u0159\u00edk\u00e1 v\u0161ech z\u00e1ruk, a\u0165 u\u017e v\u00fdslovn\u00fdch, p\u0159edpokl\u00e1dan\u00fdch, z\u00e1konn\u00fdch nebo jin\u00fdch, v\u010detn\u011b, ale nikoliv v\u00fdlu\u010dn\u011b, p\u0159edpokl\u00e1dan\u00fdch z\u00e1ruk prodejnosti, vhodnosti pro ur\u010dit\u00fd \u00fa\u010del, neporu\u0161ov\u00e1n\u00ed pr\u00e1v a jak\u00fdchkoliv z\u00e1ruk vypl\u00fdvaj\u00edc\u00edch z obchodn\u00edho styku nebo obchodn\u00edch zvyklost\u00ed.<\/p>\n<ol start=\"6\">\n<li><strong> Omezen\u00ed odpov\u011bdnosti:<\/strong><\/li>\n<\/ol>\n<p>V maxim\u00e1ln\u00edm rozsahu povolen\u00e9m platn\u00fdmi pr\u00e1vn\u00edmi p\u0159edpisy nebude spole\u010dnost Vonde Technology v \u017e\u00e1dn\u00e9m p\u0159\u00edpad\u011b odpov\u011bdn\u00e1 za jak\u00e9koli nep\u0159\u00edm\u00e9, n\u00e1hodn\u00e9, zvl\u00e1\u0161tn\u00ed, n\u00e1sledn\u00e9 nebo sank\u010dn\u011b nahrazovan\u00e9 \u0161kody (v\u010detn\u011b, ale bez omezen\u00ed, \u0161kod za ztr\u00e1tu zisku, dat nebo pou\u017e\u00edv\u00e1n\u00ed), kter\u00e9 vznikly v d\u016fsledku nebo v souvislosti s va\u0161\u00edm pou\u017e\u00edv\u00e1n\u00edm nebo nemo\u017enost\u00ed pou\u017e\u00edvat Aplikaci, a to ani v p\u0159\u00edpad\u011b, \u017ee spole\u010dnost Vonde Technology byla na mo\u017enost vzniku takov\u00fdch \u0161kod upozorn\u011bna. Celkov\u00e1 odpov\u011bdnost spole\u010dnosti Vonde Technology v\u016f\u010di v\u00e1m za ve\u0161ker\u00e9 n\u00e1roky vypl\u00fdvaj\u00edc\u00ed z t\u00e9to smlouvy EULA nebo aplikace nebo s nimi souvisej\u00edc\u00ed je omezena na \u010d\u00e1stku, kterou jste p\u0159\u00edpadn\u011b zaplatili za p\u0159\u00edstup k aplikaci.<\/p>\n<ol start=\"7\">\n<li><strong> Od\u0161kodn\u011bn\u00ed:<\/strong><\/li>\n<\/ol>\n<p>Souhlas\u00edte s t\u00edm, \u017ee spole\u010dnost Vonde Technology, jej\u00ed p\u0159idru\u017een\u00e9 spole\u010dnosti, zam\u011bstnance, \u0159editele a z\u00e1stupce od\u0161kodn\u00edte a zbav\u00edte odpov\u011bdnosti za ve\u0161ker\u00e9 n\u00e1roky, \u0161kody, z\u00e1vazky, ztr\u00e1ty nebo v\u00fddaje (v\u010detn\u011b p\u0159im\u011b\u0159en\u00fdch poplatk\u016f za pr\u00e1vn\u00ed zastoupen\u00ed), kter\u00e9 vzniknou v d\u016fsledku nebo v souvislosti s va\u0161\u00edm nespr\u00e1vn\u00fdm pou\u017e\u00edv\u00e1n\u00edm aplikace, poru\u0161en\u00edm t\u00e9to smlouvy EULA nebo poru\u0161en\u00edm jak\u00e9hokoli pr\u00e1va du\u0161evn\u00edho vlastnictv\u00ed nebo jin\u00e9ho pr\u00e1va jak\u00e9koli osoby nebo subjektu.<\/p>\n<ol start=\"8\">\n<li><strong> Ukon\u010den\u00ed:<\/strong><\/li>\n<\/ol>\n<p>Tato smlouva EULA plat\u00ed, dokud ji neukon\u010d\u00edte vy nebo poskytovatel licence. Poskytovatel licence m\u016f\u017ee tuto smlouvu EULA kdykoli ukon\u010dit, pokud nedodr\u017e\u00edte n\u011bkterou z podm\u00ednek t\u00e9to smlouvy EULA. Po ukon\u010den\u00ed mus\u00edte ukon\u010dit ve\u0161ker\u00e9 pou\u017e\u00edv\u00e1n\u00ed Aplikace a zni\u010dit v\u0161echny \u00fapln\u00e9 nebo \u010d\u00e1ste\u010dn\u00e9 kopie Aplikace.<\/p>\n<ol start=\"9\">\n<li><strong> Rozhodn\u00e9 pr\u00e1vo:<\/strong><\/li>\n<\/ol>\n<p>Tato smlouva EULA se \u0159\u00edd\u00ed ma\u010farsk\u00fdmi z\u00e1kony a je vykl\u00e1d\u00e1na v souladu s nimi. Ve\u0161ker\u00e9 spory vypl\u00fdvaj\u00edc\u00ed z t\u00e9to EULA nebo s n\u00ed souvisej\u00edc\u00ed podl\u00e9haj\u00ed v\u00fdlu\u010dn\u00e9 jurisdikci soud\u016f v Budape\u0161ti v Ma\u010farsku.<\/p>\n<ol start=\"10\">\n<li><strong> Zm\u011bny t\u00e9to smlouvy EULA:<\/strong><\/li>\n<\/ol>\n<p>Vyhrazujeme si pr\u00e1vo tuto smlouvu EULA pravideln\u011b aktualizovat nebo upravovat. O podstatn\u00fdch zm\u011bn\u00e1ch v\u00e1s budeme informovat prost\u0159ednictv\u00edm ozn\u00e1men\u00ed aplikace, registrovan\u00e9ho e-mailu nebo zve\u0159ejn\u011bn\u00edm ozn\u00e1men\u00ed v aplikaci nebo na na\u0161ich webov\u00fdch str\u00e1nk\u00e1ch. Dal\u0161\u00ed pou\u017e\u00edv\u00e1n\u00ed aplikace po takov\u00fdch zm\u011bn\u00e1ch znamen\u00e1, \u017ee souhlas\u00edte s revidovanou smlouvou EULA.<\/p>\n<ol start=\"11\">\n<li><strong> Kontaktn\u00ed informace:<\/strong><\/li>\n<\/ol>\n<p>V p\u0159\u00edpad\u011b dotaz\u016f t\u00fdkaj\u00edc\u00edch se t\u00e9to smlouvy EULA nebo jak\u00fdchkoli souvisej\u00edc\u00edch z\u00e1le\u017eitost\u00ed n\u00e1s kontaktujte na adrese:<\/p>\n<p>KMAK Kelet-Magyarorsz\u00e1gi Adatk\u00f6zpont Kft.<\/p>\n<p>H-5000 Szolnok, Szap\u00e1ry utca 20.<\/p>\n<p>E-mail: info@vondetechnology.com<\/p>\n<p>Webov\u00e9 str\u00e1nky: https:\/\/www.vondetech.com<\/p>\n<ol start=\"12\">\n<li><strong> \u00dapln\u00e1 dohoda:<\/strong><\/li>\n<\/ol>\n<p>Tato smlouva EULA p\u0159edstavuje \u00faplnou dohodu mezi v\u00e1mi a poskytovatelem licence t\u00fdkaj\u00edc\u00ed se aplikace a nahrazuje ve\u0161kerou p\u0159edchoz\u00ed nebo sou\u010dasnou komunikaci a n\u00e1vrhy, a\u0165 u\u017e \u00fastn\u00ed nebo p\u00edsemn\u00e9.[\/vc_column_text][\/vc_column][\/vc_row]<\/p>\n<\/div>","protected":false},"excerpt":{"rendered":"<p>[vc_row][vc_column][vc_empty_space][vc_column_text el_class=&#8221;legal-text&#8221;]D\u016eLE\u017dIT\u00c9 &#8211; \u010cT\u011aTE POZORN\u011a: Tato licen\u010dn\u00ed smlouva s koncov\u00fdm u\u017eivatelem (d\u00e1le jen &#8220;EULA&#8221;) je pr\u00e1vn\u00ed dohodou mezi v\u00e1mi (d\u00e1le jen &#8220;dr\u017eitel licence&#8221; nebo &#8220;vy&#8221;) a spole\u010dnost\u00ed KMAK Kelet-Magyarorsz\u00e1gi Adatk\u00f6zpont Kft. (&#8220;Poskytovatel licence&#8221; nebo &#8220;my&#8221;) pro softwarovou aplikaci Vonde Pro App (&#8220;Aplikace&#8221;). Instalac\u00ed, kop\u00edrov\u00e1n\u00edm nebo jin\u00fdm pou\u017e\u00edv\u00e1n\u00edm aplikace souhlas\u00edte s t\u00edm, \u017ee se budete \u0159\u00eddit [&hellip;]<\/p>\n","protected":false},"author":1,"featured_media":0,"parent":0,"menu_order":0,"comment_status":"closed","ping_status":"closed","template":"","meta":{"footnotes":""},"class_list":["post-20722","page","type-page","status-publish","hentry"],"yoast_head":"<!-- This site is optimized with the Yoast SEO plugin v24.7 - https:\/\/yoast.com\/wordpress\/plugins\/seo\/ -->\n<title>EULA - Vondetech<\/title>\n<meta name=\"robots\" content=\"index, follow, max-snippet:-1, max-image-preview:large, max-video-preview:-1\" \/>\n<link rel=\"canonical\" href=\"https:\/\/vondetech.com\/cs\/eula\/\" \/>\n<meta property=\"og:locale\" content=\"cs_CZ\" \/>\n<meta property=\"og:type\" content=\"article\" \/>\n<meta property=\"og:title\" content=\"EULA - Vondetech\" \/>\n<meta property=\"og:description\" content=\"[vc_row][vc_column][vc_empty_space][vc_column_text el_class=&#8221;legal-text&#8221;]D\u016eLE\u017dIT\u00c9 &#8211; \u010cT\u011aTE POZORN\u011a: Tato licen\u010dn\u00ed smlouva s koncov\u00fdm u\u017eivatelem (d\u00e1le jen &#8220;EULA&#8221;) je pr\u00e1vn\u00ed dohodou mezi v\u00e1mi (d\u00e1le jen &#8220;dr\u017eitel licence&#8221; nebo &#8220;vy&#8221;) a spole\u010dnost\u00ed KMAK Kelet-Magyarorsz\u00e1gi Adatk\u00f6zpont Kft. (&#8220;Poskytovatel licence&#8221; nebo &#8220;my&#8221;) pro softwarovou aplikaci Vonde Pro App (&#8220;Aplikace&#8221;). Instalac\u00ed, kop\u00edrov\u00e1n\u00edm nebo jin\u00fdm pou\u017e\u00edv\u00e1n\u00edm aplikace souhlas\u00edte s t\u00edm, \u017ee se budete \u0159\u00eddit [&hellip;]\" \/>\n<meta property=\"og:url\" content=\"https:\/\/vondetech.com\/cs\/eula\/\" \/>\n<meta property=\"og:site_name\" content=\"Vondetech\" \/>\n<meta property=\"article:modified_time\" content=\"2025-03-24T09:23:53+00:00\" \/>\n<meta name=\"twitter:card\" content=\"summary_large_image\" \/>\n<meta name=\"twitter:label1\" content=\"Odhadovan\u00e1 doba \u010dten\u00ed\" \/>\n\t<meta name=\"twitter:data1\" content=\"3 minuty\" \/>\n<script type=\"application\/ld+json\" class=\"yoast-schema-graph\">{\"@context\":\"https:\/\/schema.org\",\"@graph\":[{\"@type\":\"WebPage\",\"@id\":\"https:\/\/vondetech.com\/cs\/eula\/\",\"url\":\"https:\/\/vondetech.com\/cs\/eula\/\",\"name\":\"EULA - Vondetech\",\"isPartOf\":{\"@id\":\"https:\/\/vondetech.com\/cs\/#website\"},\"datePublished\":\"2025-03-19T08:19:24+00:00\",\"dateModified\":\"2025-03-24T09:23:53+00:00\",\"breadcrumb\":{\"@id\":\"https:\/\/vondetech.com\/cs\/eula\/#breadcrumb\"},\"inLanguage\":\"cs\",\"potentialAction\":[{\"@type\":\"ReadAction\",\"target\":[\"https:\/\/vondetech.com\/cs\/eula\/\"]}]},{\"@type\":\"BreadcrumbList\",\"@id\":\"https:\/\/vondetech.com\/cs\/eula\/#breadcrumb\",\"itemListElement\":[{\"@type\":\"ListItem\",\"position\":1,\"name\":\"Home\",\"item\":\"https:\/\/vondetech.com\/cs\/home\/\"},{\"@type\":\"ListItem\",\"position\":2,\"name\":\"EULA\"}]},{\"@type\":\"WebSite\",\"@id\":\"https:\/\/vondetech.com\/cs\/#website\",\"url\":\"https:\/\/vondetech.com\/cs\/\",\"name\":\"Vondetech\",\"description\":\"\",\"potentialAction\":[{\"@type\":\"SearchAction\",\"target\":{\"@type\":\"EntryPoint\",\"urlTemplate\":\"https:\/\/vondetech.com\/cs\/?s={search_term_string}\"},\"query-input\":{\"@type\":\"PropertyValueSpecification\",\"valueRequired\":true,\"valueName\":\"search_term_string\"}}],\"inLanguage\":\"cs\"}]}<\/script>\n<!-- \/ Yoast SEO plugin. -->","yoast_head_json":{"title":"EULA - Vondetech","robots":{"index":"index","follow":"follow","max-snippet":"max-snippet:-1","max-image-preview":"max-image-preview:large","max-video-preview":"max-video-preview:-1"},"canonical":"https:\/\/vondetech.com\/cs\/eula\/","og_locale":"cs_CZ","og_type":"article","og_title":"EULA - Vondetech","og_description":"[vc_row][vc_column][vc_empty_space][vc_column_text el_class=&#8221;legal-text&#8221;]D\u016eLE\u017dIT\u00c9 &#8211; \u010cT\u011aTE POZORN\u011a: Tato licen\u010dn\u00ed smlouva s koncov\u00fdm u\u017eivatelem (d\u00e1le jen &#8220;EULA&#8221;) je pr\u00e1vn\u00ed dohodou mezi v\u00e1mi (d\u00e1le jen &#8220;dr\u017eitel licence&#8221; nebo &#8220;vy&#8221;) a spole\u010dnost\u00ed KMAK Kelet-Magyarorsz\u00e1gi Adatk\u00f6zpont Kft. (&#8220;Poskytovatel licence&#8221; nebo &#8220;my&#8221;) pro softwarovou aplikaci Vonde Pro App (&#8220;Aplikace&#8221;). Instalac\u00ed, kop\u00edrov\u00e1n\u00edm nebo jin\u00fdm pou\u017e\u00edv\u00e1n\u00edm aplikace souhlas\u00edte s t\u00edm, \u017ee se budete \u0159\u00eddit [&hellip;]","og_url":"https:\/\/vondetech.com\/cs\/eula\/","og_site_name":"Vondetech","article_modified_time":"2025-03-24T09:23:53+00:00","twitter_card":"summary_large_image","twitter_misc":{"Odhadovan\u00e1 doba \u010dten\u00ed":"3 minuty"},"schema":{"@context":"https:\/\/schema.org","@graph":[{"@type":"WebPage","@id":"https:\/\/vondetech.com\/cs\/eula\/","url":"https:\/\/vondetech.com\/cs\/eula\/","name":"EULA - Vondetech","isPartOf":{"@id":"https:\/\/vondetech.com\/cs\/#website"},"datePublished":"2025-03-19T08:19:24+00:00","dateModified":"2025-03-24T09:23:53+00:00","breadcrumb":{"@id":"https:\/\/vondetech.com\/cs\/eula\/#breadcrumb"},"inLanguage":"cs","potentialAction":[{"@type":"ReadAction","target":["https:\/\/vondetech.com\/cs\/eula\/"]}]},{"@type":"BreadcrumbList","@id":"https:\/\/vondetech.com\/cs\/eula\/#breadcrumb","itemListElement":[{"@type":"ListItem","position":1,"name":"Home","item":"https:\/\/vondetech.com\/cs\/home\/"},{"@type":"ListItem","position":2,"name":"EULA"}]},{"@type":"WebSite","@id":"https:\/\/vondetech.com\/cs\/#website","url":"https:\/\/vondetech.com\/cs\/","name":"Vondetech","description":"","potentialAction":[{"@type":"SearchAction","target":{"@type":"EntryPoint","urlTemplate":"https:\/\/vondetech.com\/cs\/?s={search_term_string}"},"query-input":{"@type":"PropertyValueSpecification","valueRequired":true,"valueName":"search_term_string"}}],"inLanguage":"cs"}]}},"_links":{"self":[{"href":"https:\/\/vondetech.com\/cs\/wp-json\/wp\/v2\/pages\/20722","targetHints":{"allow":["GET"]}}],"collection":[{"href":"https:\/\/vondetech.com\/cs\/wp-json\/wp\/v2\/pages"}],"about":[{"href":"https:\/\/vondetech.com\/cs\/wp-json\/wp\/v2\/types\/page"}],"author":[{"embeddable":true,"href":"https:\/\/vondetech.com\/cs\/wp-json\/wp\/v2\/users\/1"}],"replies":[{"embeddable":true,"href":"https:\/\/vondetech.com\/cs\/wp-json\/wp\/v2\/comments?post=20722"}],"version-history":[{"count":8,"href":"https:\/\/vondetech.com\/cs\/wp-json\/wp\/v2\/pages\/20722\/revisions"}],"predecessor-version":[{"id":22726,"href":"https:\/\/vondetech.com\/cs\/wp-json\/wp\/v2\/pages\/20722\/revisions\/22726"}],"wp:attachment":[{"href":"https:\/\/vondetech.com\/cs\/wp-json\/wp\/v2\/media?parent=20722"}],"curies":[{"name":"wp","href":"https:\/\/api.w.org\/{rel}","templated":true}]}}