{"id":20607,"date":"2025-03-19T09:18:12","date_gmt":"2025-03-19T08:18:12","guid":{"rendered":"https:\/\/vondetech.com\/zasady-pouzivani-souboru-cookie-pro-mobilni-aplikaci-vonde-pro\/"},"modified":"2025-03-24T13:25:54","modified_gmt":"2025-03-24T12:25:54","slug":"zasady-pouzivani-souboru-cookie-pro-mobilni-aplikaci-vonde-pro","status":"publish","type":"page","link":"https:\/\/vondetech.com\/cs\/zasady-pouzivani-souboru-cookie-pro-mobilni-aplikaci-vonde-pro\/","title":{"rendered":"Z\u00e1sady pou\u017e\u00edv\u00e1n\u00ed soubor\u016f cookie pro mobiln\u00ed aplikaci Vonde Pro"},"content":{"rendered":"<div class=\"wpb-content-wrapper\"><p>[vc_row][vc_column][vc_empty_space][vc_column_text el_class=&#8221;legal-text&#8221;]<strong>Datum \u00fa\u010dinnosti:<\/strong> b\u0159ezna 2025<\/p>\n<ol>\n<li><strong> \u00davod<\/strong><\/li>\n<\/ol>\n<p>Tyto z\u00e1sady pou\u017e\u00edv\u00e1n\u00ed soubor\u016f cookie vysv\u011btluj\u00ed, jak spole\u010dnost Vonde Technology (d\u00e1le jen &#8220;my&#8221;, &#8220;n\u00e1s&#8221; nebo &#8220;na\u0161e&#8221;) pou\u017e\u00edv\u00e1 soubory cookie a podobn\u00e9 technologie v mobiln\u00ed aplikaci Vonde Pro (d\u00e1le jen &#8220;aplikace&#8221;). Tyto z\u00e1sady se vztahuj\u00ed konkr\u00e9tn\u011b na aplikaci a li\u0161\u00ed se od z\u00e1sad pou\u017e\u00edv\u00e1n\u00ed soubor\u016f cookie platn\u00fdch pro na\u0161e webov\u00e9 str\u00e1nky.<\/p>\n<ol start=\"2\">\n<li><strong> Co jsou soubory cookie a sledovac\u00ed technologie?<\/strong><\/li>\n<\/ol>\n<p>Soubory cookie a sledovac\u00ed technologie v mobiln\u00edch aplikac\u00edch zahrnuj\u00ed identifik\u00e1tory za\u0159\u00edzen\u00ed, pixely a m\u00edstn\u00ed \u00falo\u017ei\u0161t\u011b, kter\u00e9 shroma\u017e\u010fuj\u00ed a ukl\u00e1daj\u00ed \u00fadaje o va\u0161em za\u0159\u00edzen\u00ed a pou\u017e\u00edv\u00e1n\u00ed aplikace.<\/p>\n<ol start=\"3\">\n<li><strong> Typy soubor\u016f cookie a sledovac\u00edch technologi\u00ed, kter\u00e9 pou\u017e\u00edv\u00e1me<\/strong><\/li>\n<\/ol>\n<ul>\n<li><strong>Z\u00e1kladn\u00ed technologie:<\/strong> Tyto technologie jsou nezbytn\u00e9 pro zaji\u0161t\u011bn\u00ed z\u00e1kladn\u00edch funkc\u00ed aplikace, jako je ov\u011b\u0159ov\u00e1n\u00ed u\u017eivatel\u016f, bezpe\u010dnostn\u00ed funkce a v\u00fdkon aplikace. Tyto technologie neshroma\u017e\u010fuj\u00ed \u017e\u00e1dn\u00e9 osobn\u00ed \u00fadaje.<\/li>\n<li><strong>Analytick\u00e9 technologie:<\/strong> K anal\u00fdze interakce u\u017eivatel\u016f, diagnostice p\u00e1d\u016f a sledov\u00e1n\u00ed v\u00fdkonu pro zv\u00fd\u0161en\u00ed kvality aplikac\u00ed pou\u017e\u00edv\u00e1me Firebase Analytics, Firebase Performance Monitoring a Firebase Crashlytics. Tyto technologie shroma\u017e\u010fuj\u00ed anonymizovan\u00e9 \u00fadaje o interakc\u00edch u\u017eivatel\u016f, pou\u017e\u00edv\u00e1n\u00ed aplikace a informace o za\u0159\u00edzen\u00edch, kter\u00e9 n\u00e1m pom\u00e1haj\u00ed pochopit, jak u\u017eivatel\u00e9 s aplikac\u00ed pracuj\u00ed, a identifikovat oblasti, kter\u00e9 je t\u0159eba zlep\u0161it.<\/li>\n<li><strong>Reklamn\u00ed technologie:<\/strong> Google AdMob shroma\u017e\u010fuje identifik\u00e1tory za\u0159\u00edzen\u00ed a \u00fadaje o pou\u017e\u00edv\u00e1n\u00ed aplikac\u00ed za \u00fa\u010delem zobrazov\u00e1n\u00ed personalizovan\u00fdch reklam p\u0159izp\u016fsoben\u00fdch z\u00e1jm\u016fm u\u017eivatele. Google AdMob pou\u017e\u00edv\u00e1 k personalizaci reklam technologie, jako je reklamn\u00ed identifik\u00e1tor za\u0159\u00edzen\u00ed. Pou\u017eit\u00ed tohoto identifik\u00e1toru m\u016f\u017eete ovlivnit v nastaven\u00ed sv\u00e9ho za\u0159\u00edzen\u00ed.<\/li>\n<\/ul>\n<ol start=\"4\">\n<li><strong> \u00da\u010dely pou\u017e\u00edv\u00e1n\u00ed sledovac\u00edch technologi\u00ed<\/strong><\/li>\n<\/ol>\n<p>Tyto technologie vyu\u017e\u00edv\u00e1me k:<\/p>\n<ul>\n<li>Poskytov\u00e1n\u00ed z\u00e1kladn\u00edch funkc\u00ed aplikace.<\/li>\n<li>Sledov\u00e1n\u00ed a zvy\u0161ov\u00e1n\u00ed v\u00fdkonu a stability aplikac\u00ed.<\/li>\n<li>Poskytov\u00e1n\u00ed personalizovan\u00fdch reklam prost\u0159ednictv\u00edm slu\u017eby Google AdMob.<\/li>\n<li>Analyzujte interakce u\u017eivatel\u016f s c\u00edlem zlep\u0161it u\u017eivatelskou zku\u0161enost a optimalizovat funkce aplikace.<\/li>\n<\/ul>\n<ol start=\"5\">\n<li><strong> Spr\u00e1va soubor\u016f cookie a p\u0159edvoleb<\/strong><\/li>\n<\/ol>\n<p>Pou\u017e\u00edv\u00e1n\u00ed soubor\u016f cookie a sledovac\u00edch technologi\u00ed m\u016f\u017eete ovl\u00e1dat prost\u0159ednictv\u00edm nastaven\u00ed sv\u00e9ho za\u0159\u00edzen\u00ed.<\/p>\n<ul>\n<li><strong>Pro za\u0159\u00edzen\u00ed se syst\u00e9mem Android:<\/strong> Pro za\u0159\u00edzen\u00ed Android: Personalizovanou reklamu m\u016f\u017eete odm\u00edtnout tak, \u017ee v nastaven\u00ed sv\u00e9ho za\u0159\u00edzen\u00ed povol\u00edte mo\u017enost &#8220;Odhl\u00e1sit se od personalizace reklam&#8221;. Shroma\u017e\u010fov\u00e1n\u00ed analytick\u00fdch \u00fadaj\u016f m\u016f\u017eete tak\u00e9 ovlivnit v nastaven\u00ed ochrany osobn\u00edch \u00fadaj\u016f sv\u00e9ho za\u0159\u00edzen\u00ed.<\/li>\n<li><strong>Pro za\u0159\u00edzen\u00ed se syst\u00e9mem iOS:<\/strong> V nastaven\u00ed za\u0159\u00edzen\u00ed m\u016f\u017eete sledov\u00e1n\u00ed reklam omezit povolen\u00edm mo\u017enosti &#8220;Omezit sledov\u00e1n\u00ed reklam&#8221;. Shroma\u017e\u010fov\u00e1n\u00ed analytick\u00fdch dat m\u016f\u017eete tak\u00e9 kontrolovat v nastaven\u00ed ochrany osobn\u00edch \u00fadaj\u016f sv\u00e9ho za\u0159\u00edzen\u00ed.<\/li>\n<li>Dal\u0161\u00ed informace o spr\u00e1v\u011b nastaven\u00ed ochrany osobn\u00edch \u00fadaj\u016f naleznete v dokumentaci n\u00e1pov\u011bdy k za\u0159\u00edzen\u00ed.<\/li>\n<\/ul>\n<p>N\u011bkter\u00e9 z t\u011bchto technologi\u00ed jsou zalo\u017eeny na relaci, co\u017e znamen\u00e1, \u017ee se po zav\u0159en\u00ed aplikace vyma\u017eou. Jin\u00e9 jsou trval\u00e9, co\u017e znamen\u00e1, \u017ee z\u016fst\u00e1vaj\u00ed ve va\u0161em za\u0159\u00edzen\u00ed po del\u0161\u00ed dobu.<\/p>\n<ol start=\"6\">\n<li><strong> Poskytovatel\u00e9 slu\u017eeb t\u0159et\u00edch stran<\/strong><\/li>\n<\/ol>\n<p>Pou\u017e\u00edv\u00e1me n\u00e1sleduj\u00edc\u00ed poskytovatele t\u0159et\u00edch stran, kte\u0159\u00ed pou\u017e\u00edvaj\u00ed soubory cookie nebo technologie sledov\u00e1n\u00ed:<\/p>\n<ul>\n<li><strong>Google Firebase:<\/strong> Pou\u017e\u00edv\u00e1me slu\u017eby Google Firebase, v\u010detn\u011b Firebase Analytics, Firebase Crashlytics a Firebase Performance Monitoring. Tyto slu\u017eby pou\u017e\u00edvaj\u00ed technologie ke shroma\u017e\u010fov\u00e1n\u00ed a zpracov\u00e1n\u00ed \u00fadaj\u016f o va\u0161em pou\u017e\u00edv\u00e1n\u00ed aplikace. Dal\u0161\u00ed informace o postupech spole\u010dnosti Google v oblasti ochrany osobn\u00edch \u00fadaj\u016f a o tom, jak spole\u010dnost Google pou\u017e\u00edv\u00e1 data, najdete v Z\u00e1sad\u00e1ch ochrany osobn\u00edch \u00fadaj\u016f spole\u010dnosti Google: [Link to Google&#8217;s Privacy Policy]<\/li>\n<li><strong>Google AdMob:<\/strong> K zobrazov\u00e1n\u00ed personalizovan\u00fdch reklam v aplikaci pou\u017e\u00edv\u00e1me slu\u017ebu Google AdMob. Google AdMob pou\u017e\u00edv\u00e1 technologie ke shroma\u017e\u010fov\u00e1n\u00ed a zpracov\u00e1n\u00ed \u00fadaj\u016f o va\u0161em pou\u017e\u00edv\u00e1n\u00ed aplikace a va\u0161eho za\u0159\u00edzen\u00ed. Dal\u0161\u00ed informace o postupech spole\u010dnosti Google v oblasti ochrany osobn\u00edch \u00fadaj\u016f a o tom, jak spole\u010dnost Google pou\u017e\u00edv\u00e1 data, najdete v Z\u00e1sad\u00e1ch ochrany osobn\u00edch \u00fadaj\u016f spole\u010dnosti Google: [Link to Google&#8217;s Privacy Policy]<\/li>\n<\/ul>\n<p>V\u0161echny t\u0159et\u00ed strany p\u0159\u00edsn\u011b dodr\u017euj\u00ed standardy ochrany osobn\u00edch \u00fadaj\u016f a zpracov\u00e1vaj\u00ed \u00fadaje v\u00fdhradn\u011b pro uveden\u00e9 \u00fa\u010dely.<\/p>\n<ol start=\"7\">\n<li><strong> Aktualizace z\u00e1sad<\/strong><\/li>\n<\/ol>\n<p>Tyto z\u00e1sady pou\u017e\u00edv\u00e1n\u00ed soubor\u016f cookie mohou b\u00fdt pravideln\u011b aktualizov\u00e1ny. O v\u00fdznamn\u00fdch zm\u011bn\u00e1ch budete informov\u00e1ni prost\u0159ednictv\u00edm ozn\u00e1men\u00ed aplikace nebo e-mailu.<\/p>\n<ol start=\"8\">\n<li><strong> Kontaktn\u00ed informace<\/strong><\/li>\n<\/ol>\n<p>V p\u0159\u00edpad\u011b dotaz\u016f nebo obav t\u00fdkaj\u00edc\u00edch se t\u011bchto z\u00e1sad pou\u017e\u00edv\u00e1n\u00ed soubor\u016f cookie n\u00e1s pros\u00edm kontaktujte:<\/p>\n<p>KMAK Kelet-Magyarorsz\u00e1gi Adatk\u00f6zpont Kft.<\/p>\n<p>H-5000 Szolnok, Szap\u00e1ry utca 20.<\/p>\n<p>E-mail: info@vondetechnology.com<\/p>\n<p>Pou\u017e\u00edv\u00e1n\u00edm aplikace Vonde Pro souhlas\u00edte s pou\u017e\u00edv\u00e1n\u00edm soubor\u016f cookie a sledovac\u00edch technologi\u00ed, jak je pops\u00e1no v t\u011bchto Z\u00e1sad\u00e1ch pou\u017e\u00edv\u00e1n\u00ed soubor\u016f cookie.[\/vc_column_text][\/vc_column][\/vc_row]<\/p>\n<\/div>","protected":false},"excerpt":{"rendered":"<p>[vc_row][vc_column][vc_empty_space][vc_column_text el_class=&#8221;legal-text&#8221;]Datum \u00fa\u010dinnosti: b\u0159ezna 2025 \u00davod Tyto z\u00e1sady pou\u017e\u00edv\u00e1n\u00ed soubor\u016f cookie vysv\u011btluj\u00ed, jak spole\u010dnost Vonde Technology (d\u00e1le jen &#8220;my&#8221;, &#8220;n\u00e1s&#8221; nebo &#8220;na\u0161e&#8221;) pou\u017e\u00edv\u00e1 soubory cookie a podobn\u00e9 technologie v mobiln\u00ed aplikaci Vonde Pro (d\u00e1le jen &#8220;aplikace&#8221;). Tyto z\u00e1sady se vztahuj\u00ed konkr\u00e9tn\u011b na aplikaci a li\u0161\u00ed se od z\u00e1sad pou\u017e\u00edv\u00e1n\u00ed soubor\u016f cookie platn\u00fdch pro na\u0161e webov\u00e9 [&hellip;]<\/p>\n","protected":false},"author":1,"featured_media":0,"parent":0,"menu_order":0,"comment_status":"closed","ping_status":"closed","template":"","meta":{"footnotes":""},"class_list":["post-20607","page","type-page","status-publish","hentry"],"yoast_head":"<!-- This site is optimized with the Yoast SEO plugin v24.7 - https:\/\/yoast.com\/wordpress\/plugins\/seo\/ -->\n<title>Z\u00e1sady pou\u017e\u00edv\u00e1n\u00ed soubor\u016f cookie pro mobiln\u00ed aplikaci Vonde Pro - Vondetech<\/title>\n<meta name=\"robots\" content=\"index, follow, max-snippet:-1, max-image-preview:large, max-video-preview:-1\" \/>\n<link rel=\"canonical\" href=\"https:\/\/vondetech.com\/cs\/zasady-pouzivani-souboru-cookie-pro-mobilni-aplikaci-vonde-pro\/\" \/>\n<meta property=\"og:locale\" content=\"cs_CZ\" \/>\n<meta property=\"og:type\" content=\"article\" \/>\n<meta property=\"og:title\" content=\"Z\u00e1sady pou\u017e\u00edv\u00e1n\u00ed soubor\u016f cookie pro mobiln\u00ed aplikaci Vonde Pro - Vondetech\" \/>\n<meta property=\"og:description\" content=\"[vc_row][vc_column][vc_empty_space][vc_column_text el_class=&#8221;legal-text&#8221;]Datum \u00fa\u010dinnosti: b\u0159ezna 2025 \u00davod Tyto z\u00e1sady pou\u017e\u00edv\u00e1n\u00ed soubor\u016f cookie vysv\u011btluj\u00ed, jak spole\u010dnost Vonde Technology (d\u00e1le jen &#8220;my&#8221;, &#8220;n\u00e1s&#8221; nebo &#8220;na\u0161e&#8221;) pou\u017e\u00edv\u00e1 soubory cookie a podobn\u00e9 technologie v mobiln\u00ed aplikaci Vonde Pro (d\u00e1le jen &#8220;aplikace&#8221;). Tyto z\u00e1sady se vztahuj\u00ed konkr\u00e9tn\u011b na aplikaci a li\u0161\u00ed se od z\u00e1sad pou\u017e\u00edv\u00e1n\u00ed soubor\u016f cookie platn\u00fdch pro na\u0161e webov\u00e9 [&hellip;]\" \/>\n<meta property=\"og:url\" content=\"https:\/\/vondetech.com\/cs\/zasady-pouzivani-souboru-cookie-pro-mobilni-aplikaci-vonde-pro\/\" \/>\n<meta property=\"og:site_name\" content=\"Vondetech\" \/>\n<meta property=\"article:modified_time\" content=\"2025-03-24T12:25:54+00:00\" \/>\n<meta name=\"twitter:card\" content=\"summary_large_image\" \/>\n<meta name=\"twitter:label1\" content=\"Odhadovan\u00e1 doba \u010dten\u00ed\" \/>\n\t<meta name=\"twitter:data1\" content=\"3 minuty\" \/>\n<script type=\"application\/ld+json\" class=\"yoast-schema-graph\">{\"@context\":\"https:\/\/schema.org\",\"@graph\":[{\"@type\":\"WebPage\",\"@id\":\"https:\/\/vondetech.com\/cs\/zasady-pouzivani-souboru-cookie-pro-mobilni-aplikaci-vonde-pro\/\",\"url\":\"https:\/\/vondetech.com\/cs\/zasady-pouzivani-souboru-cookie-pro-mobilni-aplikaci-vonde-pro\/\",\"name\":\"Z\u00e1sady pou\u017e\u00edv\u00e1n\u00ed soubor\u016f cookie pro mobiln\u00ed aplikaci Vonde Pro - Vondetech\",\"isPartOf\":{\"@id\":\"https:\/\/vondetech.com\/cs\/#website\"},\"datePublished\":\"2025-03-19T08:18:12+00:00\",\"dateModified\":\"2025-03-24T12:25:54+00:00\",\"breadcrumb\":{\"@id\":\"https:\/\/vondetech.com\/cs\/zasady-pouzivani-souboru-cookie-pro-mobilni-aplikaci-vonde-pro\/#breadcrumb\"},\"inLanguage\":\"cs\",\"potentialAction\":[{\"@type\":\"ReadAction\",\"target\":[\"https:\/\/vondetech.com\/cs\/zasady-pouzivani-souboru-cookie-pro-mobilni-aplikaci-vonde-pro\/\"]}]},{\"@type\":\"BreadcrumbList\",\"@id\":\"https:\/\/vondetech.com\/cs\/zasady-pouzivani-souboru-cookie-pro-mobilni-aplikaci-vonde-pro\/#breadcrumb\",\"itemListElement\":[{\"@type\":\"ListItem\",\"position\":1,\"name\":\"Home\",\"item\":\"https:\/\/vondetech.com\/cs\/home\/\"},{\"@type\":\"ListItem\",\"position\":2,\"name\":\"Z\u00e1sady pou\u017e\u00edv\u00e1n\u00ed soubor\u016f cookie pro mobiln\u00ed aplikaci Vonde Pro\"}]},{\"@type\":\"WebSite\",\"@id\":\"https:\/\/vondetech.com\/cs\/#website\",\"url\":\"https:\/\/vondetech.com\/cs\/\",\"name\":\"Vondetech\",\"description\":\"\",\"potentialAction\":[{\"@type\":\"SearchAction\",\"target\":{\"@type\":\"EntryPoint\",\"urlTemplate\":\"https:\/\/vondetech.com\/cs\/?s={search_term_string}\"},\"query-input\":{\"@type\":\"PropertyValueSpecification\",\"valueRequired\":true,\"valueName\":\"search_term_string\"}}],\"inLanguage\":\"cs\"}]}<\/script>\n<!-- \/ Yoast SEO plugin. -->","yoast_head_json":{"title":"Z\u00e1sady pou\u017e\u00edv\u00e1n\u00ed soubor\u016f cookie pro mobiln\u00ed aplikaci Vonde Pro - Vondetech","robots":{"index":"index","follow":"follow","max-snippet":"max-snippet:-1","max-image-preview":"max-image-preview:large","max-video-preview":"max-video-preview:-1"},"canonical":"https:\/\/vondetech.com\/cs\/zasady-pouzivani-souboru-cookie-pro-mobilni-aplikaci-vonde-pro\/","og_locale":"cs_CZ","og_type":"article","og_title":"Z\u00e1sady pou\u017e\u00edv\u00e1n\u00ed soubor\u016f cookie pro mobiln\u00ed aplikaci Vonde Pro - Vondetech","og_description":"[vc_row][vc_column][vc_empty_space][vc_column_text el_class=&#8221;legal-text&#8221;]Datum \u00fa\u010dinnosti: b\u0159ezna 2025 \u00davod Tyto z\u00e1sady pou\u017e\u00edv\u00e1n\u00ed soubor\u016f cookie vysv\u011btluj\u00ed, jak spole\u010dnost Vonde Technology (d\u00e1le jen &#8220;my&#8221;, &#8220;n\u00e1s&#8221; nebo &#8220;na\u0161e&#8221;) pou\u017e\u00edv\u00e1 soubory cookie a podobn\u00e9 technologie v mobiln\u00ed aplikaci Vonde Pro (d\u00e1le jen &#8220;aplikace&#8221;). Tyto z\u00e1sady se vztahuj\u00ed konkr\u00e9tn\u011b na aplikaci a li\u0161\u00ed se od z\u00e1sad pou\u017e\u00edv\u00e1n\u00ed soubor\u016f cookie platn\u00fdch pro na\u0161e webov\u00e9 [&hellip;]","og_url":"https:\/\/vondetech.com\/cs\/zasady-pouzivani-souboru-cookie-pro-mobilni-aplikaci-vonde-pro\/","og_site_name":"Vondetech","article_modified_time":"2025-03-24T12:25:54+00:00","twitter_card":"summary_large_image","twitter_misc":{"Odhadovan\u00e1 doba \u010dten\u00ed":"3 minuty"},"schema":{"@context":"https:\/\/schema.org","@graph":[{"@type":"WebPage","@id":"https:\/\/vondetech.com\/cs\/zasady-pouzivani-souboru-cookie-pro-mobilni-aplikaci-vonde-pro\/","url":"https:\/\/vondetech.com\/cs\/zasady-pouzivani-souboru-cookie-pro-mobilni-aplikaci-vonde-pro\/","name":"Z\u00e1sady pou\u017e\u00edv\u00e1n\u00ed soubor\u016f cookie pro mobiln\u00ed aplikaci Vonde Pro - Vondetech","isPartOf":{"@id":"https:\/\/vondetech.com\/cs\/#website"},"datePublished":"2025-03-19T08:18:12+00:00","dateModified":"2025-03-24T12:25:54+00:00","breadcrumb":{"@id":"https:\/\/vondetech.com\/cs\/zasady-pouzivani-souboru-cookie-pro-mobilni-aplikaci-vonde-pro\/#breadcrumb"},"inLanguage":"cs","potentialAction":[{"@type":"ReadAction","target":["https:\/\/vondetech.com\/cs\/zasady-pouzivani-souboru-cookie-pro-mobilni-aplikaci-vonde-pro\/"]}]},{"@type":"BreadcrumbList","@id":"https:\/\/vondetech.com\/cs\/zasady-pouzivani-souboru-cookie-pro-mobilni-aplikaci-vonde-pro\/#breadcrumb","itemListElement":[{"@type":"ListItem","position":1,"name":"Home","item":"https:\/\/vondetech.com\/cs\/home\/"},{"@type":"ListItem","position":2,"name":"Z\u00e1sady pou\u017e\u00edv\u00e1n\u00ed soubor\u016f cookie pro mobiln\u00ed aplikaci Vonde Pro"}]},{"@type":"WebSite","@id":"https:\/\/vondetech.com\/cs\/#website","url":"https:\/\/vondetech.com\/cs\/","name":"Vondetech","description":"","potentialAction":[{"@type":"SearchAction","target":{"@type":"EntryPoint","urlTemplate":"https:\/\/vondetech.com\/cs\/?s={search_term_string}"},"query-input":{"@type":"PropertyValueSpecification","valueRequired":true,"valueName":"search_term_string"}}],"inLanguage":"cs"}]}},"_links":{"self":[{"href":"https:\/\/vondetech.com\/cs\/wp-json\/wp\/v2\/pages\/20607","targetHints":{"allow":["GET"]}}],"collection":[{"href":"https:\/\/vondetech.com\/cs\/wp-json\/wp\/v2\/pages"}],"about":[{"href":"https:\/\/vondetech.com\/cs\/wp-json\/wp\/v2\/types\/page"}],"author":[{"embeddable":true,"href":"https:\/\/vondetech.com\/cs\/wp-json\/wp\/v2\/users\/1"}],"replies":[{"embeddable":true,"href":"https:\/\/vondetech.com\/cs\/wp-json\/wp\/v2\/comments?post=20607"}],"version-history":[{"count":3,"href":"https:\/\/vondetech.com\/cs\/wp-json\/wp\/v2\/pages\/20607\/revisions"}],"predecessor-version":[{"id":23821,"href":"https:\/\/vondetech.com\/cs\/wp-json\/wp\/v2\/pages\/20607\/revisions\/23821"}],"wp:attachment":[{"href":"https:\/\/vondetech.com\/cs\/wp-json\/wp\/v2\/media?parent=20607"}],"curies":[{"name":"wp","href":"https:\/\/api.w.org\/{rel}","templated":true}]}}