{"id":18826,"date":"2024-05-23T15:17:28","date_gmt":"2024-05-23T13:17:28","guid":{"rendered":"https:\/\/vondetech.com\/zasady-ochrany-osobnich-udaju\/"},"modified":"2025-03-19T14:12:50","modified_gmt":"2025-03-19T13:12:50","slug":"zasady-ochrany-osobnich-udaju","status":"publish","type":"page","link":"https:\/\/vondetech.com\/cs\/zasady-ochrany-osobnich-udaju\/","title":{"rendered":"Z\u00e1sady pou\u017e\u00edv\u00e1n\u00ed soubor\u016f cookie pro webov\u00e9 str\u00e1nky Vonde Pro"},"content":{"rendered":"<div class=\"wpb-content-wrapper\"><p>[vc_row][vc_column][vc_empty_space][vc_column_text el_class=&#8221;legal-text&#8221;]<strong>Z\u00e1sady pou\u017e\u00edv\u00e1n\u00ed soubor\u016f cookie pro webov\u00e9 str\u00e1nky Vonde Pro<\/strong><\/p>\n<p><strong>Datum \u00fa\u010dinnosti:<\/strong> b\u0159ezna 2025<\/p>\n<ol>\n<li><strong>  \u00davod<\/strong><\/li>\n<\/ol>\n<p>Tyto z\u00e1sady pou\u017e\u00edv\u00e1n\u00ed soubor\u016f cookie vysv\u011btluj\u00ed, jak spole\u010dnost Vonde Technology (d\u00e1le jen &#8220;my&#8221;, &#8220;n\u00e1s&#8221; nebo &#8220;na\u0161e&#8221;) pou\u017e\u00edv\u00e1 soubory cookie a podobn\u00e9 technologie na webov\u00fdch str\u00e1nk\u00e1ch spole\u010dnosti Vonde Pro (d\u00e1le jen &#8220;webov\u00e9 str\u00e1nky&#8221;). Tyto z\u00e1sady se nevztahuj\u00ed na mobiln\u00ed aplikaci Vonde Pro, kter\u00e1 m\u00e1 vlastn\u00ed samostatn\u00e9 Z\u00e1sady pou\u017e\u00edv\u00e1n\u00ed soubor\u016f cookie. <\/p>\n<ol start=\"2\">\n<li><strong>  Co jsou to soubory cookie?<\/strong><\/li>\n<\/ol>\n<p>Soubory cookie jsou mal\u00e9 textov\u00e9 soubory, kter\u00e9 se ukl\u00e1daj\u00ed do va\u0161eho za\u0159\u00edzen\u00ed p\u0159i n\u00e1v\u0161t\u011bv\u011b na\u0161ich webov\u00fdch str\u00e1nek. Soubory cookie n\u00e1m pom\u00e1haj\u00ed analyzovat n\u00e1v\u0161t\u011bvnost webov\u00fdch str\u00e1nek a zlep\u0161ovat u\u017eivatelsk\u00fd komfort. <\/p>\n<ol start=\"3\">\n<li><strong>  Typy soubor\u016f cookie, kter\u00e9 pou\u017e\u00edv\u00e1me<\/strong><\/li>\n<\/ol>\n<ul>\n<li><strong>Z\u00e1kladn\u00ed soubory cookie:<\/strong> Tyto soubory cookie jsou nezbytn\u00e9 pro z\u00e1kladn\u00ed fungov\u00e1n\u00ed webov\u00fdch str\u00e1nek. Umo\u017e\u0148uj\u00ed v\u00e1m pohybovat se po webu, pou\u017e\u00edvat z\u00e1kladn\u00ed funkce, jako je p\u0159ihl\u00e1\u0161en\u00ed k \u00fa\u010dtu, p\u0159id\u00e1v\u00e1n\u00ed polo\u017eek do n\u00e1kupn\u00edho ko\u0161\u00edku a p\u0159\u00edstup do zabezpe\u010den\u00fdch oblast\u00ed webu. <\/li>\n<li><strong>Analytick\u00e9 soubory cookie:<\/strong> Umo\u017e\u0148uj\u00ed n\u00e1m rozpoznat a spo\u010d\u00edtat n\u00e1v\u0161t\u011bvn\u00edky a zjistit, jak se n\u00e1v\u0161t\u011bvn\u00edci pohybuj\u00ed po webov\u00fdch str\u00e1nk\u00e1ch. To n\u00e1m pom\u00e1h\u00e1 zlep\u0161ovat pou\u017eitelnost a v\u00fdkon webov\u00fdch str\u00e1nek. Ke shroma\u017e\u010fov\u00e1n\u00ed informac\u00ed o tom, jak n\u00e1v\u0161t\u011bvn\u00edci pou\u017e\u00edvaj\u00ed na\u0161e webov\u00e9 str\u00e1nky, pou\u017e\u00edv\u00e1me slu\u017ebu Google Analytics. Tyto soubory cookie shroma\u017e\u010fuj\u00ed \u00fadaje, jako je po\u010det n\u00e1v\u0161t\u011bvn\u00edk\u016f, str\u00e1nky, kter\u00e9 nav\u0161t\u00edvili, a \u010das, kter\u00fd na jednotliv\u00fdch str\u00e1nk\u00e1ch str\u00e1vili.   <\/li>\n<\/ul>\n<ol start=\"4\">\n<li><strong>  \u00da\u010del pou\u017e\u00edv\u00e1n\u00ed soubor\u016f cookie<\/strong><\/li>\n<\/ol>\n<p>Soubory cookie pou\u017e\u00edv\u00e1me v\u00fdhradn\u011b pro:<\/p>\n<ul>\n<li>Sledov\u00e1n\u00ed a anal\u00fdza z\u00e1kladn\u00edch statistik n\u00e1v\u0161t\u011bvn\u00edk\u016f a vyu\u017e\u00edv\u00e1n\u00ed webov\u00fdch str\u00e1nek.<\/li>\n<li>Zlep\u0161en\u00ed celkov\u00e9ho v\u00fdkonu a u\u017eivatelsk\u00e9ho komfortu na\u0161ich webov\u00fdch str\u00e1nek.<\/li>\n<\/ul>\n<ol start=\"5\">\n<li><strong>  Soubory cookie t\u0159et\u00edch stran<\/strong><\/li>\n<\/ol>\n<ul>\n<li><strong>Google Analytics:<\/strong> Pou\u017e\u00edv\u00e1me Google Analytics, slu\u017ebu webov\u00e9 anal\u00fdzy poskytovanou spole\u010dnost\u00ed Google LLC. Slu\u017eba Google Analytics pou\u017e\u00edv\u00e1 soubory cookie ke shroma\u017e\u010fov\u00e1n\u00ed informac\u00ed o va\u0161em pou\u017e\u00edv\u00e1n\u00ed na\u0161ich webov\u00fdch str\u00e1nek, v\u010detn\u011b va\u0161\u00ed IP adresy. Tyto informace jsou p\u0159en\u00e1\u0161eny a ukl\u00e1d\u00e1ny spole\u010dnost\u00ed Google na serverech ve Spojen\u00fdch st\u00e1tech. Spole\u010dnost Google tyto informace pou\u017e\u00edv\u00e1 k vyhodnocov\u00e1n\u00ed va\u0161eho pou\u017e\u00edv\u00e1n\u00ed na\u0161ich webov\u00fdch str\u00e1nek, k sestavov\u00e1n\u00ed zpr\u00e1v o aktivit\u011b na webov\u00fdch str\u00e1nk\u00e1ch a k poskytov\u00e1n\u00ed dal\u0161\u00edch slu\u017eeb souvisej\u00edc\u00edch s aktivitou na webov\u00fdch str\u00e1nk\u00e1ch a pou\u017e\u00edv\u00e1n\u00edm internetu. Spole\u010dnost Google m\u016f\u017ee tyto informace tak\u00e9 p\u0159edat t\u0159et\u00edm stran\u00e1m, pokud to vy\u017eaduje z\u00e1kon nebo pokud tyto t\u0159et\u00ed strany zpracov\u00e1vaj\u00ed informace jm\u00e9nem spole\u010dnosti Google. Dal\u0161\u00ed informace o postupech spole\u010dnosti Google v oblasti ochrany osobn\u00edch \u00fadaj\u016f a o tom, jak spole\u010dnost Google pou\u017e\u00edv\u00e1 soubory cookie, najdete v Z\u00e1sad\u00e1ch ochrany osobn\u00edch \u00fadaj\u016f spole\u010dnosti Google:       [Link to Google&#8217;s Privacy Policy]<\/li>\n<\/ul>\n<ol start=\"6\">\n<li><strong>  Spr\u00e1va soubor\u016f cookie<\/strong><\/li>\n<\/ol>\n<p>Soubory cookie m\u016f\u017eete kontrolovat, blokovat nebo mazat prost\u0159ednictv\u00edm nastaven\u00ed prohl\u00ed\u017ee\u010de. V\u011bt\u0161ina webov\u00fdch prohl\u00ed\u017ee\u010d\u016f soubory cookie automaticky p\u0159ij\u00edm\u00e1, ale pokud si to p\u0159ejete, m\u016f\u017eete nastaven\u00ed prohl\u00ed\u017ee\u010de obvykle upravit tak, aby soubory cookie odm\u00edtal. Pokyny ke spr\u00e1v\u011b soubor\u016f cookie naleznete v dokumentaci n\u00e1pov\u011bdy prohl\u00ed\u017ee\u010de. Zde jsou odkazy na str\u00e1nky n\u00e1pov\u011bdy n\u011bkter\u00fdch obl\u00edben\u00fdch prohl\u00ed\u017ee\u010d\u016f:   <\/p>\n<ul>\n<li>Google Chrome:  [Link to Chrome&#8217;s cookie settings help page]<\/li>\n<li>Mozilla Firefox:  [Link to Firefox&#8217;s cookie settings help page]<\/li>\n<li>Microsoft Edge:  [Link to Edge&#8217;s cookie settings help page]<\/li>\n<li>Apple Safari:  [Link to Safari&#8217;s cookie settings help page]<\/li>\n<\/ul>\n<p>Soubory cookie mohou b\u00fdt soubory cookie relace nebo trval\u00e9 soubory cookie. Soubory cookie relace jsou do\u010dasn\u00e9 soubory cookie, kter\u00e9 jsou ulo\u017eeny v za\u0159\u00edzen\u00ed, dokud nezav\u0159ete prohl\u00ed\u017ee\u010d. Trval\u00e9 soubory cookie z\u016fst\u00e1vaj\u00ed ve va\u0161em za\u0159\u00edzen\u00ed po del\u0161\u00ed dobu nebo dokud je nevyma\u017eete.  <\/p>\n<ol start=\"7\">\n<li><strong>  Aktualizace z\u00e1sad<\/strong><\/li>\n<\/ol>\n<p>Tyto z\u00e1sady pou\u017e\u00edv\u00e1n\u00ed soubor\u016f cookie m\u016f\u017eeme pravideln\u011b aktualizovat. Zm\u011bny budou zve\u0159ejn\u011bny na t\u00e9to str\u00e1nce s aktualizovan\u00fdm datem \u00fa\u010dinnosti. <\/p>\n<ol start=\"8\">\n<li><strong>  Kontaktujte n\u00e1s<\/strong><\/li>\n<\/ol>\n<p>V p\u0159\u00edpad\u011b dotaz\u016f t\u00fdkaj\u00edc\u00edch se t\u011bchto z\u00e1sad pou\u017e\u00edv\u00e1n\u00ed soubor\u016f cookie n\u00e1s pros\u00edm kontaktujte na adrese:<\/p>\n<p>KMAK Kelet-Magyarorsz\u00e1gi Adatk\u00f6zpont Kft.<\/p>\n<p>H-5000 Szolnok, Szap\u00e1ry utca 20.<\/p>\n<p>E-mail: info@vondetechnology.com<\/p>\n<p>Pou\u017e\u00edv\u00e1n\u00edm na\u0161ich webov\u00fdch str\u00e1nek souhlas\u00edte s pou\u017e\u00edv\u00e1n\u00edm soubor\u016f cookie, jak je pops\u00e1no v t\u011bchto Z\u00e1sad\u00e1ch pou\u017e\u00edv\u00e1n\u00ed soubor\u016f cookie.[\/vc_column_text][\/vc_column][\/vc_row]<\/p>\n<\/div>","protected":false},"excerpt":{"rendered":"<p>[vc_row][vc_column][vc_empty_space][vc_column_text el_class=&#8221;legal-text&#8221;]Z\u00e1sady pou\u017e\u00edv\u00e1n\u00ed soubor\u016f cookie pro webov\u00e9 str\u00e1nky Vonde Pro Datum \u00fa\u010dinnosti: b\u0159ezna 2025 \u00davod Tyto z\u00e1sady pou\u017e\u00edv\u00e1n\u00ed soubor\u016f cookie vysv\u011btluj\u00ed, jak spole\u010dnost Vonde Technology (d\u00e1le jen &#8220;my&#8221;, &#8220;n\u00e1s&#8221; nebo &#8220;na\u0161e&#8221;) pou\u017e\u00edv\u00e1 soubory cookie a podobn\u00e9 technologie na webov\u00fdch str\u00e1nk\u00e1ch spole\u010dnosti Vonde Pro (d\u00e1le jen &#8220;webov\u00e9 str\u00e1nky&#8221;). Tyto z\u00e1sady se nevztahuj\u00ed na mobiln\u00ed aplikaci Vonde [&hellip;]<\/p>\n","protected":false},"author":1,"featured_media":0,"parent":0,"menu_order":0,"comment_status":"closed","ping_status":"closed","template":"","meta":{"footnotes":""},"class_list":["post-18826","page","type-page","status-publish","hentry"],"yoast_head":"<!-- This site is optimized with the Yoast SEO plugin v24.7 - https:\/\/yoast.com\/wordpress\/plugins\/seo\/ -->\n<title>Z\u00e1sady pou\u017e\u00edv\u00e1n\u00ed soubor\u016f cookie pro webov\u00e9 str\u00e1nky Vonde Pro - Vondetech<\/title>\n<meta name=\"robots\" content=\"index, follow, max-snippet:-1, max-image-preview:large, max-video-preview:-1\" \/>\n<link rel=\"canonical\" href=\"https:\/\/vondetech.com\/cs\/zasady-ochrany-osobnich-udaju\/\" \/>\n<meta property=\"og:locale\" content=\"cs_CZ\" \/>\n<meta property=\"og:type\" content=\"article\" \/>\n<meta property=\"og:title\" content=\"Z\u00e1sady pou\u017e\u00edv\u00e1n\u00ed soubor\u016f cookie pro webov\u00e9 str\u00e1nky Vonde Pro - Vondetech\" \/>\n<meta property=\"og:description\" content=\"[vc_row][vc_column][vc_empty_space][vc_column_text el_class=&#8221;legal-text&#8221;]Z\u00e1sady pou\u017e\u00edv\u00e1n\u00ed soubor\u016f cookie pro webov\u00e9 str\u00e1nky Vonde Pro Datum \u00fa\u010dinnosti: b\u0159ezna 2025 \u00davod Tyto z\u00e1sady pou\u017e\u00edv\u00e1n\u00ed soubor\u016f cookie vysv\u011btluj\u00ed, jak spole\u010dnost Vonde Technology (d\u00e1le jen &#8220;my&#8221;, &#8220;n\u00e1s&#8221; nebo &#8220;na\u0161e&#8221;) pou\u017e\u00edv\u00e1 soubory cookie a podobn\u00e9 technologie na webov\u00fdch str\u00e1nk\u00e1ch spole\u010dnosti Vonde Pro (d\u00e1le jen &#8220;webov\u00e9 str\u00e1nky&#8221;). Tyto z\u00e1sady se nevztahuj\u00ed na mobiln\u00ed aplikaci Vonde [&hellip;]\" \/>\n<meta property=\"og:url\" content=\"https:\/\/vondetech.com\/cs\/zasady-ochrany-osobnich-udaju\/\" \/>\n<meta property=\"og:site_name\" content=\"Vondetech\" \/>\n<meta property=\"article:modified_time\" content=\"2025-03-19T13:12:50+00:00\" \/>\n<meta name=\"twitter:card\" content=\"summary_large_image\" \/>\n<meta name=\"twitter:label1\" content=\"Odhadovan\u00e1 doba \u010dten\u00ed\" \/>\n\t<meta name=\"twitter:data1\" content=\"2 minuty\" \/>\n<script type=\"application\/ld+json\" class=\"yoast-schema-graph\">{\"@context\":\"https:\/\/schema.org\",\"@graph\":[{\"@type\":\"WebPage\",\"@id\":\"https:\/\/vondetech.com\/cs\/zasady-ochrany-osobnich-udaju\/\",\"url\":\"https:\/\/vondetech.com\/cs\/zasady-ochrany-osobnich-udaju\/\",\"name\":\"Z\u00e1sady pou\u017e\u00edv\u00e1n\u00ed soubor\u016f cookie pro webov\u00e9 str\u00e1nky Vonde Pro - Vondetech\",\"isPartOf\":{\"@id\":\"https:\/\/vondetech.com\/cs\/#website\"},\"datePublished\":\"2024-05-23T13:17:28+00:00\",\"dateModified\":\"2025-03-19T13:12:50+00:00\",\"breadcrumb\":{\"@id\":\"https:\/\/vondetech.com\/cs\/zasady-ochrany-osobnich-udaju\/#breadcrumb\"},\"inLanguage\":\"cs\",\"potentialAction\":[{\"@type\":\"ReadAction\",\"target\":[\"https:\/\/vondetech.com\/cs\/zasady-ochrany-osobnich-udaju\/\"]}]},{\"@type\":\"BreadcrumbList\",\"@id\":\"https:\/\/vondetech.com\/cs\/zasady-ochrany-osobnich-udaju\/#breadcrumb\",\"itemListElement\":[{\"@type\":\"ListItem\",\"position\":1,\"name\":\"Home\",\"item\":\"https:\/\/vondetech.com\/cs\/home\/\"},{\"@type\":\"ListItem\",\"position\":2,\"name\":\"Z\u00e1sady pou\u017e\u00edv\u00e1n\u00ed soubor\u016f cookie pro webov\u00e9 str\u00e1nky Vonde Pro\"}]},{\"@type\":\"WebSite\",\"@id\":\"https:\/\/vondetech.com\/cs\/#website\",\"url\":\"https:\/\/vondetech.com\/cs\/\",\"name\":\"Vondetech\",\"description\":\"\",\"potentialAction\":[{\"@type\":\"SearchAction\",\"target\":{\"@type\":\"EntryPoint\",\"urlTemplate\":\"https:\/\/vondetech.com\/cs\/?s={search_term_string}\"},\"query-input\":{\"@type\":\"PropertyValueSpecification\",\"valueRequired\":true,\"valueName\":\"search_term_string\"}}],\"inLanguage\":\"cs\"}]}<\/script>\n<!-- \/ Yoast SEO plugin. -->","yoast_head_json":{"title":"Z\u00e1sady pou\u017e\u00edv\u00e1n\u00ed soubor\u016f cookie pro webov\u00e9 str\u00e1nky Vonde Pro - Vondetech","robots":{"index":"index","follow":"follow","max-snippet":"max-snippet:-1","max-image-preview":"max-image-preview:large","max-video-preview":"max-video-preview:-1"},"canonical":"https:\/\/vondetech.com\/cs\/zasady-ochrany-osobnich-udaju\/","og_locale":"cs_CZ","og_type":"article","og_title":"Z\u00e1sady pou\u017e\u00edv\u00e1n\u00ed soubor\u016f cookie pro webov\u00e9 str\u00e1nky Vonde Pro - Vondetech","og_description":"[vc_row][vc_column][vc_empty_space][vc_column_text el_class=&#8221;legal-text&#8221;]Z\u00e1sady pou\u017e\u00edv\u00e1n\u00ed soubor\u016f cookie pro webov\u00e9 str\u00e1nky Vonde Pro Datum \u00fa\u010dinnosti: b\u0159ezna 2025 \u00davod Tyto z\u00e1sady pou\u017e\u00edv\u00e1n\u00ed soubor\u016f cookie vysv\u011btluj\u00ed, jak spole\u010dnost Vonde Technology (d\u00e1le jen &#8220;my&#8221;, &#8220;n\u00e1s&#8221; nebo &#8220;na\u0161e&#8221;) pou\u017e\u00edv\u00e1 soubory cookie a podobn\u00e9 technologie na webov\u00fdch str\u00e1nk\u00e1ch spole\u010dnosti Vonde Pro (d\u00e1le jen &#8220;webov\u00e9 str\u00e1nky&#8221;). Tyto z\u00e1sady se nevztahuj\u00ed na mobiln\u00ed aplikaci Vonde [&hellip;]","og_url":"https:\/\/vondetech.com\/cs\/zasady-ochrany-osobnich-udaju\/","og_site_name":"Vondetech","article_modified_time":"2025-03-19T13:12:50+00:00","twitter_card":"summary_large_image","twitter_misc":{"Odhadovan\u00e1 doba \u010dten\u00ed":"2 minuty"},"schema":{"@context":"https:\/\/schema.org","@graph":[{"@type":"WebPage","@id":"https:\/\/vondetech.com\/cs\/zasady-ochrany-osobnich-udaju\/","url":"https:\/\/vondetech.com\/cs\/zasady-ochrany-osobnich-udaju\/","name":"Z\u00e1sady pou\u017e\u00edv\u00e1n\u00ed soubor\u016f cookie pro webov\u00e9 str\u00e1nky Vonde Pro - Vondetech","isPartOf":{"@id":"https:\/\/vondetech.com\/cs\/#website"},"datePublished":"2024-05-23T13:17:28+00:00","dateModified":"2025-03-19T13:12:50+00:00","breadcrumb":{"@id":"https:\/\/vondetech.com\/cs\/zasady-ochrany-osobnich-udaju\/#breadcrumb"},"inLanguage":"cs","potentialAction":[{"@type":"ReadAction","target":["https:\/\/vondetech.com\/cs\/zasady-ochrany-osobnich-udaju\/"]}]},{"@type":"BreadcrumbList","@id":"https:\/\/vondetech.com\/cs\/zasady-ochrany-osobnich-udaju\/#breadcrumb","itemListElement":[{"@type":"ListItem","position":1,"name":"Home","item":"https:\/\/vondetech.com\/cs\/home\/"},{"@type":"ListItem","position":2,"name":"Z\u00e1sady pou\u017e\u00edv\u00e1n\u00ed soubor\u016f cookie pro webov\u00e9 str\u00e1nky Vonde Pro"}]},{"@type":"WebSite","@id":"https:\/\/vondetech.com\/cs\/#website","url":"https:\/\/vondetech.com\/cs\/","name":"Vondetech","description":"","potentialAction":[{"@type":"SearchAction","target":{"@type":"EntryPoint","urlTemplate":"https:\/\/vondetech.com\/cs\/?s={search_term_string}"},"query-input":{"@type":"PropertyValueSpecification","valueRequired":true,"valueName":"search_term_string"}}],"inLanguage":"cs"}]}},"_links":{"self":[{"href":"https:\/\/vondetech.com\/cs\/wp-json\/wp\/v2\/pages\/18826","targetHints":{"allow":["GET"]}}],"collection":[{"href":"https:\/\/vondetech.com\/cs\/wp-json\/wp\/v2\/pages"}],"about":[{"href":"https:\/\/vondetech.com\/cs\/wp-json\/wp\/v2\/types\/page"}],"author":[{"embeddable":true,"href":"https:\/\/vondetech.com\/cs\/wp-json\/wp\/v2\/users\/1"}],"replies":[{"embeddable":true,"href":"https:\/\/vondetech.com\/cs\/wp-json\/wp\/v2\/comments?post=18826"}],"version-history":[{"count":6,"href":"https:\/\/vondetech.com\/cs\/wp-json\/wp\/v2\/pages\/18826\/revisions"}],"predecessor-version":[{"id":20012,"href":"https:\/\/vondetech.com\/cs\/wp-json\/wp\/v2\/pages\/18826\/revisions\/20012"}],"wp:attachment":[{"href":"https:\/\/vondetech.com\/cs\/wp-json\/wp\/v2\/media?parent=18826"}],"curies":[{"name":"wp","href":"https:\/\/api.w.org\/{rel}","templated":true}]}}